{"id":14340,"date":"2025-12-17T16:23:00","date_gmt":"2025-12-17T15:23:00","guid":{"rendered":"https:\/\/lda.be\/?post_type=product&#038;p=14340"},"modified":"2025-12-17T16:37:12","modified_gmt":"2025-12-17T15:37:12","slug":"pinces-de-serie-ogz","status":"publish","type":"product","link":"https:\/\/lda.be\/fr\/produit\/pinces-de-serie-ogz\/","title":{"rendered":"Pinces de s\u00e9rie OGZ"},"content":{"rendered":"<p>La pince parall\u00e8le miniature pneumatique de la s\u00e9rie OGZ est une pince compacte disponible en quatre tailles. Elle offre un guidage lin\u00e9aire int\u00e9gr\u00e9 pour une rigidit\u00e9 et une pr\u00e9cision \u00e9lev\u00e9es. Le montage de base avec goupilles assure un positionnement pr\u00e9cis. Des aimants standard sur les pistons permettent l&#8217;utilisation de commutateurs externes.<\/p>\n<p><strong>Options<\/strong><\/p>\n<ul>\n<li>Ensemble de commutateurs avec deux commutateurs<\/li>\n<li>Commutateurs disponibles en connexion rapide<\/li>\n<li>Cordons de 2 m ou 5 m<\/li>\n<\/ul>\n","protected":false},"excerpt":{"rendered":"<p>La pince parall\u00e8le miniature pneumatique de la s\u00e9rie OGZ est une pince compacte disponible en quatre tailles. Elle offre un guidage lin\u00e9aire int\u00e9gr\u00e9 pour une rigidit\u00e9 et une pr\u00e9cision \u00e9lev\u00e9es. Le montage de base avec goupilles assure un positionnement pr\u00e9cis. Des aimants standard sur les pistons permettent l&#8217;utilisation de commutateurs externes. Options Ensemble de commutateurs [&hellip;]<\/p>\n","protected":false},"featured_media":14334,"comment_status":"closed","ping_status":"closed","template":"","meta":[],"product_brand":[1858,1277],"product_cat":[1084],"product_tag":[],"class_list":{"0":"post-14340","1":"product","2":"type-product","3":"status-publish","4":"has-post-thumbnail","6":"product_brand-grippers","7":"product_brand-phd","8":"product_cat-pinces-a-serrage-parallele","10":"first","11":"instock","12":"shipping-taxable","13":"product-type-simple"},"yoast_head":"<!-- This site is optimized with the Yoast SEO plugin v27.3 - https:\/\/yoast.com\/product\/yoast-seo-wordpress\/ -->\n<title>Pinces de s\u00e9rie OGZ - LDA Belgique<\/title>\n<meta name=\"description\" content=\"Pince parall\u00e8le miniature pneumatique s\u00e9rie OGZ : pince compacte avec haute pr\u00e9cision et rigidit\u00e9. Quatre tailles disponibles pour diverses applications industrielles.\" \/>\n<meta name=\"robots\" content=\"index, follow, max-snippet:-1, max-image-preview:large, max-video-preview:-1\" \/>\n<link rel=\"canonical\" href=\"https:\/\/lda.be\/fr\/produit\/pinces-de-serie-ogz\/\" \/>\n<meta property=\"og:locale\" content=\"fr_FR\" \/>\n<meta property=\"og:type\" content=\"article\" \/>\n<meta property=\"og:title\" content=\"Pinces de s\u00e9rie OGZ - LDA Belgique\" \/>\n<meta property=\"og:description\" content=\"Pince parall\u00e8le miniature pneumatique s\u00e9rie OGZ : pince compacte avec haute pr\u00e9cision et rigidit\u00e9. Quatre tailles disponibles pour diverses applications industrielles.\" \/>\n<meta property=\"og:url\" content=\"https:\/\/lda.be\/fr\/produit\/pinces-de-serie-ogz\/\" \/>\n<meta property=\"og:site_name\" content=\"LDA Belgique\" \/>\n<meta property=\"article:modified_time\" content=\"2025-12-17T15:37:12+00:00\" \/>\n<meta property=\"og:image\" content=\"https:\/\/lda.be\/wp-content\/uploads\/2025\/12\/Series-OGZ-grippers.webp\" \/>\n\t<meta property=\"og:image:width\" content=\"1080\" \/>\n\t<meta property=\"og:image:height\" content=\"1080\" \/>\n\t<meta property=\"og:image:type\" content=\"image\/webp\" \/>\n<meta name=\"twitter:card\" content=\"summary_large_image\" \/>\n<meta name=\"twitter:label1\" content=\"Dur\u00e9e de lecture estim\u00e9e\" \/>\n\t<meta name=\"twitter:data1\" content=\"1 minute\" \/>\n<script type=\"application\/ld+json\" class=\"yoast-schema-graph\">{\"@context\":\"https:\\\/\\\/schema.org\",\"@graph\":[{\"@type\":\"WebPage\",\"@id\":\"https:\\\/\\\/lda.be\\\/fr\\\/produit\\\/pinces-de-serie-ogz\\\/\",\"url\":\"https:\\\/\\\/lda.be\\\/fr\\\/produit\\\/pinces-de-serie-ogz\\\/\",\"name\":\"Pinces de s\u00e9rie OGZ - LDA Belgique\",\"isPartOf\":{\"@id\":\"https:\\\/\\\/lda.be\\\/fr\\\/#website\"},\"primaryImageOfPage\":{\"@id\":\"https:\\\/\\\/lda.be\\\/fr\\\/produit\\\/pinces-de-serie-ogz\\\/#primaryimage\"},\"image\":{\"@id\":\"https:\\\/\\\/lda.be\\\/fr\\\/produit\\\/pinces-de-serie-ogz\\\/#primaryimage\"},\"thumbnailUrl\":\"https:\\\/\\\/lda.be\\\/wp-content\\\/uploads\\\/2025\\\/12\\\/Series-OGZ-grippers.webp\",\"datePublished\":\"2025-12-17T15:23:00+00:00\",\"dateModified\":\"2025-12-17T15:37:12+00:00\",\"description\":\"Pince parall\u00e8le miniature pneumatique s\u00e9rie OGZ : pince compacte avec haute pr\u00e9cision et rigidit\u00e9. Quatre tailles disponibles pour diverses applications industrielles.\",\"breadcrumb\":{\"@id\":\"https:\\\/\\\/lda.be\\\/fr\\\/produit\\\/pinces-de-serie-ogz\\\/#breadcrumb\"},\"inLanguage\":\"fr-FR\",\"potentialAction\":[{\"@type\":\"ReadAction\",\"target\":[\"https:\\\/\\\/lda.be\\\/fr\\\/produit\\\/pinces-de-serie-ogz\\\/\"]}]},{\"@type\":\"ImageObject\",\"inLanguage\":\"fr-FR\",\"@id\":\"https:\\\/\\\/lda.be\\\/fr\\\/produit\\\/pinces-de-serie-ogz\\\/#primaryimage\",\"url\":\"https:\\\/\\\/lda.be\\\/wp-content\\\/uploads\\\/2025\\\/12\\\/Series-OGZ-grippers.webp\",\"contentUrl\":\"https:\\\/\\\/lda.be\\\/wp-content\\\/uploads\\\/2025\\\/12\\\/Series-OGZ-grippers.webp\",\"width\":1080,\"height\":1080,\"caption\":\"Series OGZ grippers van PHD\"},{\"@type\":\"BreadcrumbList\",\"@id\":\"https:\\\/\\\/lda.be\\\/fr\\\/produit\\\/pinces-de-serie-ogz\\\/#breadcrumb\",\"itemListElement\":[{\"@type\":\"ListItem\",\"position\":1,\"name\":\"Accueil\",\"item\":\"https:\\\/\\\/lda.be\\\/fr\\\/\"},{\"@type\":\"ListItem\",\"position\":2,\"name\":\"Produits\",\"item\":\"https:\\\/\\\/lda.be\\\/fr\\\/produits\\\/\"},{\"@type\":\"ListItem\",\"position\":3,\"name\":\"Pinces de s\u00e9rie OGZ\"}]},{\"@type\":\"WebSite\",\"@id\":\"https:\\\/\\\/lda.be\\\/fr\\\/#website\",\"url\":\"https:\\\/\\\/lda.be\\\/fr\\\/\",\"name\":\"LDA Belgium\",\"description\":\"Solutions For Life\",\"publisher\":{\"@id\":\"https:\\\/\\\/lda.be\\\/fr\\\/#organization\"},\"potentialAction\":[{\"@type\":\"SearchAction\",\"target\":{\"@type\":\"EntryPoint\",\"urlTemplate\":\"https:\\\/\\\/lda.be\\\/fr\\\/?s={search_term_string}\"},\"query-input\":{\"@type\":\"PropertyValueSpecification\",\"valueRequired\":true,\"valueName\":\"search_term_string\"}}],\"inLanguage\":\"fr-FR\"},{\"@type\":\"Organization\",\"@id\":\"https:\\\/\\\/lda.be\\\/fr\\\/#organization\",\"name\":\"LDA Belgium\",\"url\":\"https:\\\/\\\/lda.be\\\/fr\\\/\",\"logo\":{\"@type\":\"ImageObject\",\"inLanguage\":\"fr-FR\",\"@id\":\"https:\\\/\\\/lda.be\\\/fr\\\/#\\\/schema\\\/logo\\\/image\\\/\",\"url\":\"https:\\\/\\\/lda.be\\\/wp-content\\\/uploads\\\/2022\\\/07\\\/Logo-LDA.webp\",\"contentUrl\":\"https:\\\/\\\/lda.be\\\/wp-content\\\/uploads\\\/2022\\\/07\\\/Logo-LDA.webp\",\"width\":311,\"height\":101,\"caption\":\"LDA Belgium\"},\"image\":{\"@id\":\"https:\\\/\\\/lda.be\\\/fr\\\/#\\\/schema\\\/logo\\\/image\\\/\"},\"sameAs\":[\"https:\\\/\\\/www.linkedin.com\\\/company\\\/lda-belgium-nv\"]}]}<\/script>\n<!-- \/ Yoast SEO plugin. -->","yoast_head_json":{"title":"Pinces de s\u00e9rie OGZ - LDA Belgique","description":"Pince parall\u00e8le miniature pneumatique s\u00e9rie OGZ : pince compacte avec haute pr\u00e9cision et rigidit\u00e9. Quatre tailles disponibles pour diverses applications industrielles.","robots":{"index":"index","follow":"follow","max-snippet":"max-snippet:-1","max-image-preview":"max-image-preview:large","max-video-preview":"max-video-preview:-1"},"canonical":"https:\/\/lda.be\/fr\/produit\/pinces-de-serie-ogz\/","og_locale":"fr_FR","og_type":"article","og_title":"Pinces de s\u00e9rie OGZ - LDA Belgique","og_description":"Pince parall\u00e8le miniature pneumatique s\u00e9rie OGZ : pince compacte avec haute pr\u00e9cision et rigidit\u00e9. Quatre tailles disponibles pour diverses applications industrielles.","og_url":"https:\/\/lda.be\/fr\/produit\/pinces-de-serie-ogz\/","og_site_name":"LDA Belgique","article_modified_time":"2025-12-17T15:37:12+00:00","og_image":[{"width":1080,"height":1080,"url":"https:\/\/lda.be\/wp-content\/uploads\/2025\/12\/Series-OGZ-grippers.webp","type":"image\/webp"}],"twitter_card":"summary_large_image","twitter_misc":{"Dur\u00e9e de lecture estim\u00e9e":"1 minute"},"schema":{"@context":"https:\/\/schema.org","@graph":[{"@type":"WebPage","@id":"https:\/\/lda.be\/fr\/produit\/pinces-de-serie-ogz\/","url":"https:\/\/lda.be\/fr\/produit\/pinces-de-serie-ogz\/","name":"Pinces de s\u00e9rie OGZ - LDA Belgique","isPartOf":{"@id":"https:\/\/lda.be\/fr\/#website"},"primaryImageOfPage":{"@id":"https:\/\/lda.be\/fr\/produit\/pinces-de-serie-ogz\/#primaryimage"},"image":{"@id":"https:\/\/lda.be\/fr\/produit\/pinces-de-serie-ogz\/#primaryimage"},"thumbnailUrl":"https:\/\/lda.be\/wp-content\/uploads\/2025\/12\/Series-OGZ-grippers.webp","datePublished":"2025-12-17T15:23:00+00:00","dateModified":"2025-12-17T15:37:12+00:00","description":"Pince parall\u00e8le miniature pneumatique s\u00e9rie OGZ : pince compacte avec haute pr\u00e9cision et rigidit\u00e9. Quatre tailles disponibles pour diverses applications industrielles.","breadcrumb":{"@id":"https:\/\/lda.be\/fr\/produit\/pinces-de-serie-ogz\/#breadcrumb"},"inLanguage":"fr-FR","potentialAction":[{"@type":"ReadAction","target":["https:\/\/lda.be\/fr\/produit\/pinces-de-serie-ogz\/"]}]},{"@type":"ImageObject","inLanguage":"fr-FR","@id":"https:\/\/lda.be\/fr\/produit\/pinces-de-serie-ogz\/#primaryimage","url":"https:\/\/lda.be\/wp-content\/uploads\/2025\/12\/Series-OGZ-grippers.webp","contentUrl":"https:\/\/lda.be\/wp-content\/uploads\/2025\/12\/Series-OGZ-grippers.webp","width":1080,"height":1080,"caption":"Series OGZ grippers van PHD"},{"@type":"BreadcrumbList","@id":"https:\/\/lda.be\/fr\/produit\/pinces-de-serie-ogz\/#breadcrumb","itemListElement":[{"@type":"ListItem","position":1,"name":"Accueil","item":"https:\/\/lda.be\/fr\/"},{"@type":"ListItem","position":2,"name":"Produits","item":"https:\/\/lda.be\/fr\/produits\/"},{"@type":"ListItem","position":3,"name":"Pinces de s\u00e9rie OGZ"}]},{"@type":"WebSite","@id":"https:\/\/lda.be\/fr\/#website","url":"https:\/\/lda.be\/fr\/","name":"LDA Belgium","description":"Solutions For Life","publisher":{"@id":"https:\/\/lda.be\/fr\/#organization"},"potentialAction":[{"@type":"SearchAction","target":{"@type":"EntryPoint","urlTemplate":"https:\/\/lda.be\/fr\/?s={search_term_string}"},"query-input":{"@type":"PropertyValueSpecification","valueRequired":true,"valueName":"search_term_string"}}],"inLanguage":"fr-FR"},{"@type":"Organization","@id":"https:\/\/lda.be\/fr\/#organization","name":"LDA Belgium","url":"https:\/\/lda.be\/fr\/","logo":{"@type":"ImageObject","inLanguage":"fr-FR","@id":"https:\/\/lda.be\/fr\/#\/schema\/logo\/image\/","url":"https:\/\/lda.be\/wp-content\/uploads\/2022\/07\/Logo-LDA.webp","contentUrl":"https:\/\/lda.be\/wp-content\/uploads\/2022\/07\/Logo-LDA.webp","width":311,"height":101,"caption":"LDA Belgium"},"image":{"@id":"https:\/\/lda.be\/fr\/#\/schema\/logo\/image\/"},"sameAs":["https:\/\/www.linkedin.com\/company\/lda-belgium-nv"]}]}},"_links":{"self":[{"href":"https:\/\/lda.be\/fr\/wp-json\/wp\/v2\/product\/14340","targetHints":{"allow":["GET"]}}],"collection":[{"href":"https:\/\/lda.be\/fr\/wp-json\/wp\/v2\/product"}],"about":[{"href":"https:\/\/lda.be\/fr\/wp-json\/wp\/v2\/types\/product"}],"replies":[{"embeddable":true,"href":"https:\/\/lda.be\/fr\/wp-json\/wp\/v2\/comments?post=14340"}],"wp:featuredmedia":[{"embeddable":true,"href":"https:\/\/lda.be\/fr\/wp-json\/wp\/v2\/media\/14334"}],"wp:attachment":[{"href":"https:\/\/lda.be\/fr\/wp-json\/wp\/v2\/media?parent=14340"}],"wp:term":[{"taxonomy":"product_brand","embeddable":true,"href":"https:\/\/lda.be\/fr\/wp-json\/wp\/v2\/product_brand?post=14340"},{"taxonomy":"product_cat","embeddable":true,"href":"https:\/\/lda.be\/fr\/wp-json\/wp\/v2\/product_cat?post=14340"},{"taxonomy":"product_tag","embeddable":true,"href":"https:\/\/lda.be\/fr\/wp-json\/wp\/v2\/product_tag?post=14340"}],"curies":[{"name":"wp","href":"https:\/\/api.w.org\/{rel}","templated":true}]}}