{"id":14598,"date":"2025-12-24T15:30:03","date_gmt":"2025-12-24T14:30:03","guid":{"rendered":"https:\/\/lda.be\/?post_type=product&#038;p=14598"},"modified":"2025-12-26T15:50:25","modified_gmt":"2025-12-26T14:50:25","slug":"barreaux-bullet-valve-uniques-et-fabriques-sur-mesure-par-mac-valves","status":"publish","type":"product","link":"https:\/\/lda.be\/fr\/produit\/barreaux-bullet-valve-uniques-et-fabriques-sur-mesure-par-mac-valves\/","title":{"rendered":"Barreaux  \u00ab Bullet Valve\u00ae \u00bb uniques et fabriqu\u00e9s sur mesure par MAC Valves"},"content":{"rendered":"<p>Les vannes \u00ab Bullet Valves\u00ae \u00bb sont sp\u00e9cialement con\u00e7ues pour \u00eatre mont\u00e9es sur des collecteurs \u00e0 barres. La cavit\u00e9 de la vanne est int\u00e9gr\u00e9e \u00e0 leur structure. Au fil des ans, MAC Valves a con\u00e7u et usin\u00e9 des milliers de ces barreaux, garantissant ainsi le dimensionnement appropri\u00e9 des conduits et la qualit\u00e9 d&#8217;usinage.<\/p>\n<p>L&#8217;int\u00e9gration des barreaux aux vannes \u00ab Bullet Valves\u00ae \u00bb de la s\u00e9rie MAC est id\u00e9ale pour le d\u00e9veloppement de votre propre application personnalis\u00e9e. LDA peut vous apporter le soutien n\u00e9cessaire et peut \u00e9galement usiner ce collecteur si besoin.<br \/>\nVeuillez contacter LDA pour obtenir de l&#8217;aide s.v.p.<\/p>\n<p><strong>Domaines d&#8217;application :<\/strong><\/p>\n<ul>\n<li>M\u00e9dical (tri de pilules)<\/li>\n<li>Machines hospitali\u00e8res (faible niveau sonore et faible consommation d&#8217;\u00e9nergie)<\/li>\n<li>Tri (v\u00e9g\u00e9tal ou non)<\/li>\n<li>Stations de remplissage<\/li>\n<li>Distributeurs<\/li>\n<li>Toute application pneumatique avec un espace d&#8217;installation limit\u00e9<\/li>\n<\/ul>\n","protected":false},"excerpt":{"rendered":"<p>Les vannes \u00ab Bullet Valves\u00ae \u00bb sont sp\u00e9cialement con\u00e7ues pour \u00eatre mont\u00e9es sur des collecteurs \u00e0 barres. La cavit\u00e9 de la vanne est int\u00e9gr\u00e9e \u00e0 leur structure. Au fil des ans, MAC Valves a con\u00e7u et usin\u00e9 des milliers de ces barreaux, garantissant ainsi le dimensionnement appropri\u00e9 des conduits et la qualit\u00e9 d&#8217;usinage. L&#8217;int\u00e9gration des [&hellip;]<\/p>\n","protected":false},"featured_media":14560,"comment_status":"closed","ping_status":"closed","template":"","meta":[],"product_brand":[1279,1257],"product_cat":[1120,1855],"product_tag":[],"class_list":{"0":"post-14598","1":"product","2":"type-product","3":"status-publish","4":"has-post-thumbnail","6":"product_brand-bv","7":"product_brand-mac","8":"product_cat-bullet-valves","9":"product_cat-montage-susr-barreau","11":"first","12":"instock","13":"shipping-taxable","14":"product-type-simple"},"yoast_head":"<!-- This site is optimized with the Yoast SEO plugin v27.3 - https:\/\/yoast.com\/product\/yoast-seo-wordpress\/ -->\n<title>Barreaux \u00ab Bullet Valve\u00ae \u00bb uniques et fabriqu\u00e9s sur mesure par MAC Valves - LDA Belgique<\/title>\n<meta name=\"robots\" content=\"index, follow, max-snippet:-1, max-image-preview:large, max-video-preview:-1\" \/>\n<link rel=\"canonical\" href=\"https:\/\/lda.be\/fr\/produit\/barreaux-bullet-valve-uniques-et-fabriques-sur-mesure-par-mac-valves\/\" \/>\n<meta property=\"og:locale\" content=\"fr_FR\" \/>\n<meta property=\"og:type\" content=\"article\" \/>\n<meta property=\"og:title\" content=\"Barreaux \u00ab Bullet Valve\u00ae \u00bb uniques et fabriqu\u00e9s sur mesure par MAC Valves - LDA Belgique\" \/>\n<meta property=\"og:description\" content=\"Les vannes \u00ab Bullet Valves\u00ae \u00bb sont sp\u00e9cialement con\u00e7ues pour \u00eatre mont\u00e9es sur des collecteurs \u00e0 barres. La cavit\u00e9 de la vanne est int\u00e9gr\u00e9e \u00e0 leur structure. Au fil des ans, MAC Valves a con\u00e7u et usin\u00e9 des milliers de ces barreaux, garantissant ainsi le dimensionnement appropri\u00e9 des conduits et la qualit\u00e9 d&#8217;usinage. L&#8217;int\u00e9gration des [&hellip;]\" \/>\n<meta property=\"og:url\" content=\"https:\/\/lda.be\/fr\/produit\/barreaux-bullet-valve-uniques-et-fabriques-sur-mesure-par-mac-valves\/\" \/>\n<meta property=\"og:site_name\" content=\"LDA Belgique\" \/>\n<meta property=\"article:modified_time\" content=\"2025-12-26T14:50:25+00:00\" \/>\n<meta property=\"og:image\" content=\"https:\/\/lda.be\/wp-content\/uploads\/2025\/12\/BV_Block_Assy-\u25a01440.webp\" \/>\n\t<meta property=\"og:image:width\" content=\"1440\" \/>\n\t<meta property=\"og:image:height\" content=\"1440\" \/>\n\t<meta property=\"og:image:type\" content=\"image\/webp\" \/>\n<meta name=\"twitter:card\" content=\"summary_large_image\" \/>\n<meta name=\"twitter:label1\" content=\"Dur\u00e9e de lecture estim\u00e9e\" \/>\n\t<meta name=\"twitter:data1\" content=\"1 minute\" \/>\n<script type=\"application\/ld+json\" class=\"yoast-schema-graph\">{\"@context\":\"https:\\\/\\\/schema.org\",\"@graph\":[{\"@type\":\"WebPage\",\"@id\":\"https:\\\/\\\/lda.be\\\/fr\\\/produit\\\/barreaux-bullet-valve-uniques-et-fabriques-sur-mesure-par-mac-valves\\\/\",\"url\":\"https:\\\/\\\/lda.be\\\/fr\\\/produit\\\/barreaux-bullet-valve-uniques-et-fabriques-sur-mesure-par-mac-valves\\\/\",\"name\":\"Barreaux \u00ab Bullet Valve\u00ae \u00bb uniques et fabriqu\u00e9s sur mesure par MAC Valves - LDA Belgique\",\"isPartOf\":{\"@id\":\"https:\\\/\\\/lda.be\\\/fr\\\/#website\"},\"primaryImageOfPage\":{\"@id\":\"https:\\\/\\\/lda.be\\\/fr\\\/produit\\\/barreaux-bullet-valve-uniques-et-fabriques-sur-mesure-par-mac-valves\\\/#primaryimage\"},\"image\":{\"@id\":\"https:\\\/\\\/lda.be\\\/fr\\\/produit\\\/barreaux-bullet-valve-uniques-et-fabriques-sur-mesure-par-mac-valves\\\/#primaryimage\"},\"thumbnailUrl\":\"https:\\\/\\\/lda.be\\\/wp-content\\\/uploads\\\/2025\\\/12\\\/BV_Block_Assy-\u25a01440.webp\",\"datePublished\":\"2025-12-24T14:30:03+00:00\",\"dateModified\":\"2025-12-26T14:50:25+00:00\",\"breadcrumb\":{\"@id\":\"https:\\\/\\\/lda.be\\\/fr\\\/produit\\\/barreaux-bullet-valve-uniques-et-fabriques-sur-mesure-par-mac-valves\\\/#breadcrumb\"},\"inLanguage\":\"fr-FR\",\"potentialAction\":[{\"@type\":\"ReadAction\",\"target\":[\"https:\\\/\\\/lda.be\\\/fr\\\/produit\\\/barreaux-bullet-valve-uniques-et-fabriques-sur-mesure-par-mac-valves\\\/\"]}]},{\"@type\":\"ImageObject\",\"inLanguage\":\"fr-FR\",\"@id\":\"https:\\\/\\\/lda.be\\\/fr\\\/produit\\\/barreaux-bullet-valve-uniques-et-fabriques-sur-mesure-par-mac-valves\\\/#primaryimage\",\"url\":\"https:\\\/\\\/lda.be\\\/wp-content\\\/uploads\\\/2025\\\/12\\\/BV_Block_Assy-\u25a01440.webp\",\"contentUrl\":\"https:\\\/\\\/lda.be\\\/wp-content\\\/uploads\\\/2025\\\/12\\\/BV_Block_Assy-\u25a01440.webp\",\"width\":1440,\"height\":1440},{\"@type\":\"BreadcrumbList\",\"@id\":\"https:\\\/\\\/lda.be\\\/fr\\\/produit\\\/barreaux-bullet-valve-uniques-et-fabriques-sur-mesure-par-mac-valves\\\/#breadcrumb\",\"itemListElement\":[{\"@type\":\"ListItem\",\"position\":1,\"name\":\"Accueil\",\"item\":\"https:\\\/\\\/lda.be\\\/fr\\\/\"},{\"@type\":\"ListItem\",\"position\":2,\"name\":\"Produits\",\"item\":\"https:\\\/\\\/lda.be\\\/fr\\\/produits\\\/\"},{\"@type\":\"ListItem\",\"position\":3,\"name\":\"Barreaux \u00ab Bullet Valve\u00ae \u00bb uniques et fabriqu\u00e9s sur mesure par MAC Valves\"}]},{\"@type\":\"WebSite\",\"@id\":\"https:\\\/\\\/lda.be\\\/fr\\\/#website\",\"url\":\"https:\\\/\\\/lda.be\\\/fr\\\/\",\"name\":\"LDA Belgium\",\"description\":\"Solutions For Life\",\"publisher\":{\"@id\":\"https:\\\/\\\/lda.be\\\/fr\\\/#organization\"},\"potentialAction\":[{\"@type\":\"SearchAction\",\"target\":{\"@type\":\"EntryPoint\",\"urlTemplate\":\"https:\\\/\\\/lda.be\\\/fr\\\/?s={search_term_string}\"},\"query-input\":{\"@type\":\"PropertyValueSpecification\",\"valueRequired\":true,\"valueName\":\"search_term_string\"}}],\"inLanguage\":\"fr-FR\"},{\"@type\":\"Organization\",\"@id\":\"https:\\\/\\\/lda.be\\\/fr\\\/#organization\",\"name\":\"LDA Belgium\",\"url\":\"https:\\\/\\\/lda.be\\\/fr\\\/\",\"logo\":{\"@type\":\"ImageObject\",\"inLanguage\":\"fr-FR\",\"@id\":\"https:\\\/\\\/lda.be\\\/fr\\\/#\\\/schema\\\/logo\\\/image\\\/\",\"url\":\"https:\\\/\\\/lda.be\\\/wp-content\\\/uploads\\\/2022\\\/07\\\/Logo-LDA.webp\",\"contentUrl\":\"https:\\\/\\\/lda.be\\\/wp-content\\\/uploads\\\/2022\\\/07\\\/Logo-LDA.webp\",\"width\":311,\"height\":101,\"caption\":\"LDA Belgium\"},\"image\":{\"@id\":\"https:\\\/\\\/lda.be\\\/fr\\\/#\\\/schema\\\/logo\\\/image\\\/\"},\"sameAs\":[\"https:\\\/\\\/www.linkedin.com\\\/company\\\/lda-belgium-nv\"]}]}<\/script>\n<!-- \/ Yoast SEO plugin. -->","yoast_head_json":{"title":"Barreaux \u00ab Bullet Valve\u00ae \u00bb uniques et fabriqu\u00e9s sur mesure par MAC Valves - LDA Belgique","robots":{"index":"index","follow":"follow","max-snippet":"max-snippet:-1","max-image-preview":"max-image-preview:large","max-video-preview":"max-video-preview:-1"},"canonical":"https:\/\/lda.be\/fr\/produit\/barreaux-bullet-valve-uniques-et-fabriques-sur-mesure-par-mac-valves\/","og_locale":"fr_FR","og_type":"article","og_title":"Barreaux \u00ab Bullet Valve\u00ae \u00bb uniques et fabriqu\u00e9s sur mesure par MAC Valves - LDA Belgique","og_description":"Les vannes \u00ab Bullet Valves\u00ae \u00bb sont sp\u00e9cialement con\u00e7ues pour \u00eatre mont\u00e9es sur des collecteurs \u00e0 barres. La cavit\u00e9 de la vanne est int\u00e9gr\u00e9e \u00e0 leur structure. Au fil des ans, MAC Valves a con\u00e7u et usin\u00e9 des milliers de ces barreaux, garantissant ainsi le dimensionnement appropri\u00e9 des conduits et la qualit\u00e9 d&#8217;usinage. L&#8217;int\u00e9gration des [&hellip;]","og_url":"https:\/\/lda.be\/fr\/produit\/barreaux-bullet-valve-uniques-et-fabriques-sur-mesure-par-mac-valves\/","og_site_name":"LDA Belgique","article_modified_time":"2025-12-26T14:50:25+00:00","og_image":[{"width":1440,"height":1440,"url":"https:\/\/lda.be\/wp-content\/uploads\/2025\/12\/BV_Block_Assy-\u25a01440.webp","type":"image\/webp"}],"twitter_card":"summary_large_image","twitter_misc":{"Dur\u00e9e de lecture estim\u00e9e":"1 minute"},"schema":{"@context":"https:\/\/schema.org","@graph":[{"@type":"WebPage","@id":"https:\/\/lda.be\/fr\/produit\/barreaux-bullet-valve-uniques-et-fabriques-sur-mesure-par-mac-valves\/","url":"https:\/\/lda.be\/fr\/produit\/barreaux-bullet-valve-uniques-et-fabriques-sur-mesure-par-mac-valves\/","name":"Barreaux \u00ab Bullet Valve\u00ae \u00bb uniques et fabriqu\u00e9s sur mesure par MAC Valves - LDA Belgique","isPartOf":{"@id":"https:\/\/lda.be\/fr\/#website"},"primaryImageOfPage":{"@id":"https:\/\/lda.be\/fr\/produit\/barreaux-bullet-valve-uniques-et-fabriques-sur-mesure-par-mac-valves\/#primaryimage"},"image":{"@id":"https:\/\/lda.be\/fr\/produit\/barreaux-bullet-valve-uniques-et-fabriques-sur-mesure-par-mac-valves\/#primaryimage"},"thumbnailUrl":"https:\/\/lda.be\/wp-content\/uploads\/2025\/12\/BV_Block_Assy-\u25a01440.webp","datePublished":"2025-12-24T14:30:03+00:00","dateModified":"2025-12-26T14:50:25+00:00","breadcrumb":{"@id":"https:\/\/lda.be\/fr\/produit\/barreaux-bullet-valve-uniques-et-fabriques-sur-mesure-par-mac-valves\/#breadcrumb"},"inLanguage":"fr-FR","potentialAction":[{"@type":"ReadAction","target":["https:\/\/lda.be\/fr\/produit\/barreaux-bullet-valve-uniques-et-fabriques-sur-mesure-par-mac-valves\/"]}]},{"@type":"ImageObject","inLanguage":"fr-FR","@id":"https:\/\/lda.be\/fr\/produit\/barreaux-bullet-valve-uniques-et-fabriques-sur-mesure-par-mac-valves\/#primaryimage","url":"https:\/\/lda.be\/wp-content\/uploads\/2025\/12\/BV_Block_Assy-\u25a01440.webp","contentUrl":"https:\/\/lda.be\/wp-content\/uploads\/2025\/12\/BV_Block_Assy-\u25a01440.webp","width":1440,"height":1440},{"@type":"BreadcrumbList","@id":"https:\/\/lda.be\/fr\/produit\/barreaux-bullet-valve-uniques-et-fabriques-sur-mesure-par-mac-valves\/#breadcrumb","itemListElement":[{"@type":"ListItem","position":1,"name":"Accueil","item":"https:\/\/lda.be\/fr\/"},{"@type":"ListItem","position":2,"name":"Produits","item":"https:\/\/lda.be\/fr\/produits\/"},{"@type":"ListItem","position":3,"name":"Barreaux \u00ab Bullet Valve\u00ae \u00bb uniques et fabriqu\u00e9s sur mesure par MAC Valves"}]},{"@type":"WebSite","@id":"https:\/\/lda.be\/fr\/#website","url":"https:\/\/lda.be\/fr\/","name":"LDA Belgium","description":"Solutions For Life","publisher":{"@id":"https:\/\/lda.be\/fr\/#organization"},"potentialAction":[{"@type":"SearchAction","target":{"@type":"EntryPoint","urlTemplate":"https:\/\/lda.be\/fr\/?s={search_term_string}"},"query-input":{"@type":"PropertyValueSpecification","valueRequired":true,"valueName":"search_term_string"}}],"inLanguage":"fr-FR"},{"@type":"Organization","@id":"https:\/\/lda.be\/fr\/#organization","name":"LDA Belgium","url":"https:\/\/lda.be\/fr\/","logo":{"@type":"ImageObject","inLanguage":"fr-FR","@id":"https:\/\/lda.be\/fr\/#\/schema\/logo\/image\/","url":"https:\/\/lda.be\/wp-content\/uploads\/2022\/07\/Logo-LDA.webp","contentUrl":"https:\/\/lda.be\/wp-content\/uploads\/2022\/07\/Logo-LDA.webp","width":311,"height":101,"caption":"LDA Belgium"},"image":{"@id":"https:\/\/lda.be\/fr\/#\/schema\/logo\/image\/"},"sameAs":["https:\/\/www.linkedin.com\/company\/lda-belgium-nv"]}]}},"_links":{"self":[{"href":"https:\/\/lda.be\/fr\/wp-json\/wp\/v2\/product\/14598","targetHints":{"allow":["GET"]}}],"collection":[{"href":"https:\/\/lda.be\/fr\/wp-json\/wp\/v2\/product"}],"about":[{"href":"https:\/\/lda.be\/fr\/wp-json\/wp\/v2\/types\/product"}],"replies":[{"embeddable":true,"href":"https:\/\/lda.be\/fr\/wp-json\/wp\/v2\/comments?post=14598"}],"wp:featuredmedia":[{"embeddable":true,"href":"https:\/\/lda.be\/fr\/wp-json\/wp\/v2\/media\/14560"}],"wp:attachment":[{"href":"https:\/\/lda.be\/fr\/wp-json\/wp\/v2\/media?parent=14598"}],"wp:term":[{"taxonomy":"product_brand","embeddable":true,"href":"https:\/\/lda.be\/fr\/wp-json\/wp\/v2\/product_brand?post=14598"},{"taxonomy":"product_cat","embeddable":true,"href":"https:\/\/lda.be\/fr\/wp-json\/wp\/v2\/product_cat?post=14598"},{"taxonomy":"product_tag","embeddable":true,"href":"https:\/\/lda.be\/fr\/wp-json\/wp\/v2\/product_tag?post=14598"}],"curies":[{"name":"wp","href":"https:\/\/api.w.org\/{rel}","templated":true}]}}