{"id":14680,"date":"2026-01-05T15:44:40","date_gmt":"2026-01-05T14:44:40","guid":{"rendered":"https:\/\/lda.be\/?post_type=product&#038;p=14680"},"modified":"2026-01-05T15:54:54","modified_gmt":"2026-01-05T14:54:54","slug":"serie-grw-pinces","status":"publish","type":"product","link":"https:\/\/lda.be\/fr\/produit\/serie-grw-pinces\/","title":{"rendered":"S\u00e9rie GRW pinces"},"content":{"rendered":"<p>Les pr\u00e9henseurs pneumatiques parall\u00e8les \u00e0 large corps de la s\u00e9rie GRW sont \u00e9quip\u00e9s de guides de m\u00e2choires de grand diam\u00e8tre pour assurer la stabilit\u00e9 des m\u00e2choires et une capacit\u00e9 de couple \u00e9lev\u00e9e. Ces effecteurs terminaux robustes sont \u00e9galement capables d&#8217;effectuer des mouvements de m\u00e2choires non synchronis\u00e9s et de longues courses. Les pr\u00e9henseurs de la s\u00e9rie GRW constituent un ensemble de pr\u00e9hension robuste pour les applications exigeant des charges \u00e9lev\u00e9es.<\/p>\n<p><strong>Options<\/strong><\/p>\n<ul>\n<li><strong>Z1:<\/strong> Rev\u00eatement anti-corrosion sur les parties en fer expos\u00e9es<\/li>\n<li><strong>L11-UB99\/UB37:<\/strong> Options de ports de collecteur<\/li>\n<li><strong>Capteurs de proximit\u00e9:<\/strong> 4 mm ronds ou 8 mm filet\u00e9s inductifs<\/li>\n<li><strong>Commutateurs:<\/strong> JC1HDN\/K (NPN\/PNP) avec d\u00e9tection radiale<\/li>\n<\/ul>\n","protected":false},"excerpt":{"rendered":"<p>Les pr\u00e9henseurs pneumatiques parall\u00e8les \u00e0 large corps de la s\u00e9rie GRW sont \u00e9quip\u00e9s de guides de m\u00e2choires de grand diam\u00e8tre pour assurer la stabilit\u00e9 des m\u00e2choires et une capacit\u00e9 de couple \u00e9lev\u00e9e. Ces effecteurs terminaux robustes sont \u00e9galement capables d&#8217;effectuer des mouvements de m\u00e2choires non synchronis\u00e9s et de longues courses. Les pr\u00e9henseurs de la s\u00e9rie [&hellip;]<\/p>\n","protected":false},"featured_media":14677,"comment_status":"closed","ping_status":"closed","template":"","meta":[],"product_brand":[1858,1277],"product_cat":[1084],"product_tag":[],"class_list":{"0":"post-14680","1":"product","2":"type-product","3":"status-publish","4":"has-post-thumbnail","6":"product_brand-grippers","7":"product_brand-phd","8":"product_cat-pinces-a-serrage-parallele","10":"first","11":"instock","12":"shipping-taxable","13":"product-type-simple"},"yoast_head":"<!-- This site is optimized with the Yoast SEO plugin v27.3 - https:\/\/yoast.com\/product\/yoast-seo-wordpress\/ -->\n<title>S\u00e9rie GRW pinces - LDA Belgique<\/title>\n<meta name=\"description\" content=\"S\u00e9rie GRW: pince parall\u00e8le pneumatique \u00e0 corps large et haute capacit\u00e9 de moment. Adapt\u00e9e aux applications industrielles avec longue course de m\u00e2choire.\" \/>\n<meta name=\"robots\" content=\"index, follow, max-snippet:-1, max-image-preview:large, max-video-preview:-1\" \/>\n<link rel=\"canonical\" href=\"https:\/\/lda.be\/fr\/produit\/serie-grw-pinces\/\" \/>\n<meta property=\"og:locale\" content=\"fr_FR\" \/>\n<meta property=\"og:type\" content=\"article\" \/>\n<meta property=\"og:title\" content=\"S\u00e9rie GRW pinces - LDA Belgique\" \/>\n<meta property=\"og:description\" content=\"S\u00e9rie GRW: pince parall\u00e8le pneumatique \u00e0 corps large et haute capacit\u00e9 de moment. Adapt\u00e9e aux applications industrielles avec longue course de m\u00e2choire.\" \/>\n<meta property=\"og:url\" content=\"https:\/\/lda.be\/fr\/produit\/serie-grw-pinces\/\" \/>\n<meta property=\"og:site_name\" content=\"LDA Belgique\" \/>\n<meta property=\"article:modified_time\" content=\"2026-01-05T14:54:54+00:00\" \/>\n<meta property=\"og:image\" content=\"https:\/\/lda.be\/wp-content\/uploads\/2026\/01\/Series-GRW-Wide-Body-Pneumatic-Parallel-Gripper.webp\" \/>\n\t<meta property=\"og:image:width\" content=\"1280\" \/>\n\t<meta property=\"og:image:height\" content=\"1280\" \/>\n\t<meta property=\"og:image:type\" content=\"image\/webp\" \/>\n<meta name=\"twitter:card\" content=\"summary_large_image\" \/>\n<meta name=\"twitter:label1\" content=\"Dur\u00e9e de lecture estim\u00e9e\" \/>\n\t<meta name=\"twitter:data1\" content=\"1 minute\" \/>\n<script type=\"application\/ld+json\" class=\"yoast-schema-graph\">{\"@context\":\"https:\\\/\\\/schema.org\",\"@graph\":[{\"@type\":\"WebPage\",\"@id\":\"https:\\\/\\\/lda.be\\\/fr\\\/produit\\\/serie-grw-pinces\\\/\",\"url\":\"https:\\\/\\\/lda.be\\\/fr\\\/produit\\\/serie-grw-pinces\\\/\",\"name\":\"S\u00e9rie GRW pinces - LDA Belgique\",\"isPartOf\":{\"@id\":\"https:\\\/\\\/lda.be\\\/fr\\\/#website\"},\"primaryImageOfPage\":{\"@id\":\"https:\\\/\\\/lda.be\\\/fr\\\/produit\\\/serie-grw-pinces\\\/#primaryimage\"},\"image\":{\"@id\":\"https:\\\/\\\/lda.be\\\/fr\\\/produit\\\/serie-grw-pinces\\\/#primaryimage\"},\"thumbnailUrl\":\"https:\\\/\\\/lda.be\\\/wp-content\\\/uploads\\\/2026\\\/01\\\/Series-GRW-Wide-Body-Pneumatic-Parallel-Gripper.webp\",\"datePublished\":\"2026-01-05T14:44:40+00:00\",\"dateModified\":\"2026-01-05T14:54:54+00:00\",\"description\":\"S\u00e9rie GRW: pince parall\u00e8le pneumatique \u00e0 corps large et haute capacit\u00e9 de moment. Adapt\u00e9e aux applications industrielles avec longue course de m\u00e2choire.\",\"breadcrumb\":{\"@id\":\"https:\\\/\\\/lda.be\\\/fr\\\/produit\\\/serie-grw-pinces\\\/#breadcrumb\"},\"inLanguage\":\"fr-FR\",\"potentialAction\":[{\"@type\":\"ReadAction\",\"target\":[\"https:\\\/\\\/lda.be\\\/fr\\\/produit\\\/serie-grw-pinces\\\/\"]}]},{\"@type\":\"ImageObject\",\"inLanguage\":\"fr-FR\",\"@id\":\"https:\\\/\\\/lda.be\\\/fr\\\/produit\\\/serie-grw-pinces\\\/#primaryimage\",\"url\":\"https:\\\/\\\/lda.be\\\/wp-content\\\/uploads\\\/2026\\\/01\\\/Series-GRW-Wide-Body-Pneumatic-Parallel-Gripper.webp\",\"contentUrl\":\"https:\\\/\\\/lda.be\\\/wp-content\\\/uploads\\\/2026\\\/01\\\/Series-GRW-Wide-Body-Pneumatic-Parallel-Gripper.webp\",\"width\":1280,\"height\":1280,\"caption\":\"Series GRW Wide Body Pneumatic Parallel Gripper\"},{\"@type\":\"BreadcrumbList\",\"@id\":\"https:\\\/\\\/lda.be\\\/fr\\\/produit\\\/serie-grw-pinces\\\/#breadcrumb\",\"itemListElement\":[{\"@type\":\"ListItem\",\"position\":1,\"name\":\"Accueil\",\"item\":\"https:\\\/\\\/lda.be\\\/fr\\\/\"},{\"@type\":\"ListItem\",\"position\":2,\"name\":\"Produits\",\"item\":\"https:\\\/\\\/lda.be\\\/fr\\\/produits\\\/\"},{\"@type\":\"ListItem\",\"position\":3,\"name\":\"S\u00e9rie GRW pinces\"}]},{\"@type\":\"WebSite\",\"@id\":\"https:\\\/\\\/lda.be\\\/fr\\\/#website\",\"url\":\"https:\\\/\\\/lda.be\\\/fr\\\/\",\"name\":\"LDA Belgium\",\"description\":\"Solutions For Life\",\"publisher\":{\"@id\":\"https:\\\/\\\/lda.be\\\/fr\\\/#organization\"},\"potentialAction\":[{\"@type\":\"SearchAction\",\"target\":{\"@type\":\"EntryPoint\",\"urlTemplate\":\"https:\\\/\\\/lda.be\\\/fr\\\/?s={search_term_string}\"},\"query-input\":{\"@type\":\"PropertyValueSpecification\",\"valueRequired\":true,\"valueName\":\"search_term_string\"}}],\"inLanguage\":\"fr-FR\"},{\"@type\":\"Organization\",\"@id\":\"https:\\\/\\\/lda.be\\\/fr\\\/#organization\",\"name\":\"LDA Belgium\",\"url\":\"https:\\\/\\\/lda.be\\\/fr\\\/\",\"logo\":{\"@type\":\"ImageObject\",\"inLanguage\":\"fr-FR\",\"@id\":\"https:\\\/\\\/lda.be\\\/fr\\\/#\\\/schema\\\/logo\\\/image\\\/\",\"url\":\"https:\\\/\\\/lda.be\\\/wp-content\\\/uploads\\\/2022\\\/07\\\/Logo-LDA.webp\",\"contentUrl\":\"https:\\\/\\\/lda.be\\\/wp-content\\\/uploads\\\/2022\\\/07\\\/Logo-LDA.webp\",\"width\":311,\"height\":101,\"caption\":\"LDA Belgium\"},\"image\":{\"@id\":\"https:\\\/\\\/lda.be\\\/fr\\\/#\\\/schema\\\/logo\\\/image\\\/\"},\"sameAs\":[\"https:\\\/\\\/www.linkedin.com\\\/company\\\/lda-belgium-nv\"]}]}<\/script>\n<!-- \/ Yoast SEO plugin. -->","yoast_head_json":{"title":"S\u00e9rie GRW pinces - LDA Belgique","description":"S\u00e9rie GRW: pince parall\u00e8le pneumatique \u00e0 corps large et haute capacit\u00e9 de moment. Adapt\u00e9e aux applications industrielles avec longue course de m\u00e2choire.","robots":{"index":"index","follow":"follow","max-snippet":"max-snippet:-1","max-image-preview":"max-image-preview:large","max-video-preview":"max-video-preview:-1"},"canonical":"https:\/\/lda.be\/fr\/produit\/serie-grw-pinces\/","og_locale":"fr_FR","og_type":"article","og_title":"S\u00e9rie GRW pinces - LDA Belgique","og_description":"S\u00e9rie GRW: pince parall\u00e8le pneumatique \u00e0 corps large et haute capacit\u00e9 de moment. Adapt\u00e9e aux applications industrielles avec longue course de m\u00e2choire.","og_url":"https:\/\/lda.be\/fr\/produit\/serie-grw-pinces\/","og_site_name":"LDA Belgique","article_modified_time":"2026-01-05T14:54:54+00:00","og_image":[{"width":1280,"height":1280,"url":"https:\/\/lda.be\/wp-content\/uploads\/2026\/01\/Series-GRW-Wide-Body-Pneumatic-Parallel-Gripper.webp","type":"image\/webp"}],"twitter_card":"summary_large_image","twitter_misc":{"Dur\u00e9e de lecture estim\u00e9e":"1 minute"},"schema":{"@context":"https:\/\/schema.org","@graph":[{"@type":"WebPage","@id":"https:\/\/lda.be\/fr\/produit\/serie-grw-pinces\/","url":"https:\/\/lda.be\/fr\/produit\/serie-grw-pinces\/","name":"S\u00e9rie GRW pinces - LDA Belgique","isPartOf":{"@id":"https:\/\/lda.be\/fr\/#website"},"primaryImageOfPage":{"@id":"https:\/\/lda.be\/fr\/produit\/serie-grw-pinces\/#primaryimage"},"image":{"@id":"https:\/\/lda.be\/fr\/produit\/serie-grw-pinces\/#primaryimage"},"thumbnailUrl":"https:\/\/lda.be\/wp-content\/uploads\/2026\/01\/Series-GRW-Wide-Body-Pneumatic-Parallel-Gripper.webp","datePublished":"2026-01-05T14:44:40+00:00","dateModified":"2026-01-05T14:54:54+00:00","description":"S\u00e9rie GRW: pince parall\u00e8le pneumatique \u00e0 corps large et haute capacit\u00e9 de moment. Adapt\u00e9e aux applications industrielles avec longue course de m\u00e2choire.","breadcrumb":{"@id":"https:\/\/lda.be\/fr\/produit\/serie-grw-pinces\/#breadcrumb"},"inLanguage":"fr-FR","potentialAction":[{"@type":"ReadAction","target":["https:\/\/lda.be\/fr\/produit\/serie-grw-pinces\/"]}]},{"@type":"ImageObject","inLanguage":"fr-FR","@id":"https:\/\/lda.be\/fr\/produit\/serie-grw-pinces\/#primaryimage","url":"https:\/\/lda.be\/wp-content\/uploads\/2026\/01\/Series-GRW-Wide-Body-Pneumatic-Parallel-Gripper.webp","contentUrl":"https:\/\/lda.be\/wp-content\/uploads\/2026\/01\/Series-GRW-Wide-Body-Pneumatic-Parallel-Gripper.webp","width":1280,"height":1280,"caption":"Series GRW Wide Body Pneumatic Parallel Gripper"},{"@type":"BreadcrumbList","@id":"https:\/\/lda.be\/fr\/produit\/serie-grw-pinces\/#breadcrumb","itemListElement":[{"@type":"ListItem","position":1,"name":"Accueil","item":"https:\/\/lda.be\/fr\/"},{"@type":"ListItem","position":2,"name":"Produits","item":"https:\/\/lda.be\/fr\/produits\/"},{"@type":"ListItem","position":3,"name":"S\u00e9rie GRW pinces"}]},{"@type":"WebSite","@id":"https:\/\/lda.be\/fr\/#website","url":"https:\/\/lda.be\/fr\/","name":"LDA Belgium","description":"Solutions For Life","publisher":{"@id":"https:\/\/lda.be\/fr\/#organization"},"potentialAction":[{"@type":"SearchAction","target":{"@type":"EntryPoint","urlTemplate":"https:\/\/lda.be\/fr\/?s={search_term_string}"},"query-input":{"@type":"PropertyValueSpecification","valueRequired":true,"valueName":"search_term_string"}}],"inLanguage":"fr-FR"},{"@type":"Organization","@id":"https:\/\/lda.be\/fr\/#organization","name":"LDA Belgium","url":"https:\/\/lda.be\/fr\/","logo":{"@type":"ImageObject","inLanguage":"fr-FR","@id":"https:\/\/lda.be\/fr\/#\/schema\/logo\/image\/","url":"https:\/\/lda.be\/wp-content\/uploads\/2022\/07\/Logo-LDA.webp","contentUrl":"https:\/\/lda.be\/wp-content\/uploads\/2022\/07\/Logo-LDA.webp","width":311,"height":101,"caption":"LDA Belgium"},"image":{"@id":"https:\/\/lda.be\/fr\/#\/schema\/logo\/image\/"},"sameAs":["https:\/\/www.linkedin.com\/company\/lda-belgium-nv"]}]}},"_links":{"self":[{"href":"https:\/\/lda.be\/fr\/wp-json\/wp\/v2\/product\/14680","targetHints":{"allow":["GET"]}}],"collection":[{"href":"https:\/\/lda.be\/fr\/wp-json\/wp\/v2\/product"}],"about":[{"href":"https:\/\/lda.be\/fr\/wp-json\/wp\/v2\/types\/product"}],"replies":[{"embeddable":true,"href":"https:\/\/lda.be\/fr\/wp-json\/wp\/v2\/comments?post=14680"}],"wp:featuredmedia":[{"embeddable":true,"href":"https:\/\/lda.be\/fr\/wp-json\/wp\/v2\/media\/14677"}],"wp:attachment":[{"href":"https:\/\/lda.be\/fr\/wp-json\/wp\/v2\/media?parent=14680"}],"wp:term":[{"taxonomy":"product_brand","embeddable":true,"href":"https:\/\/lda.be\/fr\/wp-json\/wp\/v2\/product_brand?post=14680"},{"taxonomy":"product_cat","embeddable":true,"href":"https:\/\/lda.be\/fr\/wp-json\/wp\/v2\/product_cat?post=14680"},{"taxonomy":"product_tag","embeddable":true,"href":"https:\/\/lda.be\/fr\/wp-json\/wp\/v2\/product_tag?post=14680"}],"curies":[{"name":"wp","href":"https:\/\/api.w.org\/{rel}","templated":true}]}}