{"id":14690,"date":"2026-01-05T16:39:02","date_gmt":"2026-01-05T15:39:02","guid":{"rendered":"https:\/\/lda.be\/?post_type=product&#038;p=14690"},"modified":"2026-01-05T16:45:32","modified_gmt":"2026-01-05T15:45:32","slug":"serie-grs-pinces","status":"publish","type":"product","link":"https:\/\/lda.be\/fr\/produit\/serie-grs-pinces\/","title":{"rendered":"S\u00e9rie GRS pinces"},"content":{"rendered":"<p>Les pinces parall\u00e8les pneumatiques \u00e0 profil bas de la s\u00e9rie GRS se caract\u00e9risent par leur conception \u00e0 profil bas et leur m\u00e9canisme d&#8217;entra\u00eenement \u00e0 came inclin\u00e9e qui garantit une force de pr\u00e9hension sup\u00e9rieure, un jeu minimal des m\u00e2choires et une longue dur\u00e9e de vie. Un ressort d&#8217;assistance en option offre une force de pr\u00e9hension sup\u00e9rieure et assure le maintien des pi\u00e8ces en cas de perte de pression d&#8217;air. La nouvelle conception propose d\u00e9sormais huit tailles, jusqu&#8217;\u00e0 deux courses de m\u00e2choires, des cibles de commutation internes avec des faisceaux de commutation pratiques et une protection am\u00e9lior\u00e9e contre les infiltrations, offrant ainsi une adaptabilit\u00e9 qui r\u00e9pond \u00e0 une grande vari\u00e9t\u00e9 d&#8217;applications.<\/p>\n","protected":false},"excerpt":{"rendered":"<p>Les pinces parall\u00e8les pneumatiques \u00e0 profil bas de la s\u00e9rie GRS se caract\u00e9risent par leur conception \u00e0 profil bas et leur m\u00e9canisme d&#8217;entra\u00eenement \u00e0 came inclin\u00e9e qui garantit une force de pr\u00e9hension sup\u00e9rieure, un jeu minimal des m\u00e2choires et une longue dur\u00e9e de vie. Un ressort d&#8217;assistance en option offre une force de pr\u00e9hension sup\u00e9rieure [&hellip;]<\/p>\n","protected":false},"featured_media":14685,"comment_status":"closed","ping_status":"closed","template":"","meta":[],"product_brand":[1858,1277],"product_cat":[1084],"product_tag":[],"class_list":{"0":"post-14690","1":"product","2":"type-product","3":"status-publish","4":"has-post-thumbnail","6":"product_brand-grippers","7":"product_brand-phd","8":"product_cat-pinces-a-serrage-parallele","10":"first","11":"instock","12":"shipping-taxable","13":"product-type-simple"},"yoast_head":"<!-- This site is optimized with the Yoast SEO plugin v27.3 - https:\/\/yoast.com\/product\/yoast-seo-wordpress\/ -->\n<title>S\u00e9rie GRS pinces - LDA Belgique<\/title>\n<meta name=\"description\" content=\"S\u00e9rie GRS: pince parall\u00e8le pneumatique \u00e0 profil bas et haute pr\u00e9cision. Adapt\u00e9e \u00e0 diverses applications industrielles avec options d&#039;assistance par ressort et salle blanche.\" \/>\n<meta name=\"robots\" content=\"index, follow, max-snippet:-1, max-image-preview:large, max-video-preview:-1\" \/>\n<link rel=\"canonical\" href=\"https:\/\/lda.be\/fr\/produit\/serie-grs-pinces\/\" \/>\n<meta property=\"og:locale\" content=\"fr_FR\" \/>\n<meta property=\"og:type\" content=\"article\" \/>\n<meta property=\"og:title\" content=\"S\u00e9rie GRS pinces - LDA Belgique\" \/>\n<meta property=\"og:description\" content=\"S\u00e9rie GRS: pince parall\u00e8le pneumatique \u00e0 profil bas et haute pr\u00e9cision. Adapt\u00e9e \u00e0 diverses applications industrielles avec options d&#039;assistance par ressort et salle blanche.\" \/>\n<meta property=\"og:url\" content=\"https:\/\/lda.be\/fr\/produit\/serie-grs-pinces\/\" \/>\n<meta property=\"og:site_name\" content=\"LDA Belgique\" \/>\n<meta property=\"article:modified_time\" content=\"2026-01-05T15:45:32+00:00\" \/>\n<meta property=\"og:image\" content=\"https:\/\/lda.be\/wp-content\/uploads\/2026\/01\/Series-GRS-Low-Profile-Pneumatic-Parallel-Gripper.webp\" \/>\n\t<meta property=\"og:image:width\" content=\"1280\" \/>\n\t<meta property=\"og:image:height\" content=\"1280\" \/>\n\t<meta property=\"og:image:type\" content=\"image\/webp\" \/>\n<meta name=\"twitter:card\" content=\"summary_large_image\" \/>\n<meta name=\"twitter:label1\" content=\"Dur\u00e9e de lecture estim\u00e9e\" \/>\n\t<meta name=\"twitter:data1\" content=\"1 minute\" \/>\n<script type=\"application\/ld+json\" class=\"yoast-schema-graph\">{\"@context\":\"https:\\\/\\\/schema.org\",\"@graph\":[{\"@type\":\"WebPage\",\"@id\":\"https:\\\/\\\/lda.be\\\/fr\\\/produit\\\/serie-grs-pinces\\\/\",\"url\":\"https:\\\/\\\/lda.be\\\/fr\\\/produit\\\/serie-grs-pinces\\\/\",\"name\":\"S\u00e9rie GRS pinces - LDA Belgique\",\"isPartOf\":{\"@id\":\"https:\\\/\\\/lda.be\\\/fr\\\/#website\"},\"primaryImageOfPage\":{\"@id\":\"https:\\\/\\\/lda.be\\\/fr\\\/produit\\\/serie-grs-pinces\\\/#primaryimage\"},\"image\":{\"@id\":\"https:\\\/\\\/lda.be\\\/fr\\\/produit\\\/serie-grs-pinces\\\/#primaryimage\"},\"thumbnailUrl\":\"https:\\\/\\\/lda.be\\\/wp-content\\\/uploads\\\/2026\\\/01\\\/Series-GRS-Low-Profile-Pneumatic-Parallel-Gripper.webp\",\"datePublished\":\"2026-01-05T15:39:02+00:00\",\"dateModified\":\"2026-01-05T15:45:32+00:00\",\"description\":\"S\u00e9rie GRS: pince parall\u00e8le pneumatique \u00e0 profil bas et haute pr\u00e9cision. Adapt\u00e9e \u00e0 diverses applications industrielles avec options d'assistance par ressort et salle blanche.\",\"breadcrumb\":{\"@id\":\"https:\\\/\\\/lda.be\\\/fr\\\/produit\\\/serie-grs-pinces\\\/#breadcrumb\"},\"inLanguage\":\"fr-FR\",\"potentialAction\":[{\"@type\":\"ReadAction\",\"target\":[\"https:\\\/\\\/lda.be\\\/fr\\\/produit\\\/serie-grs-pinces\\\/\"]}]},{\"@type\":\"ImageObject\",\"inLanguage\":\"fr-FR\",\"@id\":\"https:\\\/\\\/lda.be\\\/fr\\\/produit\\\/serie-grs-pinces\\\/#primaryimage\",\"url\":\"https:\\\/\\\/lda.be\\\/wp-content\\\/uploads\\\/2026\\\/01\\\/Series-GRS-Low-Profile-Pneumatic-Parallel-Gripper.webp\",\"contentUrl\":\"https:\\\/\\\/lda.be\\\/wp-content\\\/uploads\\\/2026\\\/01\\\/Series-GRS-Low-Profile-Pneumatic-Parallel-Gripper.webp\",\"width\":1280,\"height\":1280,\"caption\":\"Series GRS Low Profile Pneumatic Parallel Gripper\"},{\"@type\":\"BreadcrumbList\",\"@id\":\"https:\\\/\\\/lda.be\\\/fr\\\/produit\\\/serie-grs-pinces\\\/#breadcrumb\",\"itemListElement\":[{\"@type\":\"ListItem\",\"position\":1,\"name\":\"Accueil\",\"item\":\"https:\\\/\\\/lda.be\\\/fr\\\/\"},{\"@type\":\"ListItem\",\"position\":2,\"name\":\"Produits\",\"item\":\"https:\\\/\\\/lda.be\\\/fr\\\/produits\\\/\"},{\"@type\":\"ListItem\",\"position\":3,\"name\":\"S\u00e9rie GRS pinces\"}]},{\"@type\":\"WebSite\",\"@id\":\"https:\\\/\\\/lda.be\\\/fr\\\/#website\",\"url\":\"https:\\\/\\\/lda.be\\\/fr\\\/\",\"name\":\"LDA Belgium\",\"description\":\"Solutions For Life\",\"publisher\":{\"@id\":\"https:\\\/\\\/lda.be\\\/fr\\\/#organization\"},\"potentialAction\":[{\"@type\":\"SearchAction\",\"target\":{\"@type\":\"EntryPoint\",\"urlTemplate\":\"https:\\\/\\\/lda.be\\\/fr\\\/?s={search_term_string}\"},\"query-input\":{\"@type\":\"PropertyValueSpecification\",\"valueRequired\":true,\"valueName\":\"search_term_string\"}}],\"inLanguage\":\"fr-FR\"},{\"@type\":\"Organization\",\"@id\":\"https:\\\/\\\/lda.be\\\/fr\\\/#organization\",\"name\":\"LDA Belgium\",\"url\":\"https:\\\/\\\/lda.be\\\/fr\\\/\",\"logo\":{\"@type\":\"ImageObject\",\"inLanguage\":\"fr-FR\",\"@id\":\"https:\\\/\\\/lda.be\\\/fr\\\/#\\\/schema\\\/logo\\\/image\\\/\",\"url\":\"https:\\\/\\\/lda.be\\\/wp-content\\\/uploads\\\/2022\\\/07\\\/Logo-LDA.webp\",\"contentUrl\":\"https:\\\/\\\/lda.be\\\/wp-content\\\/uploads\\\/2022\\\/07\\\/Logo-LDA.webp\",\"width\":311,\"height\":101,\"caption\":\"LDA Belgium\"},\"image\":{\"@id\":\"https:\\\/\\\/lda.be\\\/fr\\\/#\\\/schema\\\/logo\\\/image\\\/\"},\"sameAs\":[\"https:\\\/\\\/www.linkedin.com\\\/company\\\/lda-belgium-nv\"]}]}<\/script>\n<!-- \/ Yoast SEO plugin. -->","yoast_head_json":{"title":"S\u00e9rie GRS pinces - LDA Belgique","description":"S\u00e9rie GRS: pince parall\u00e8le pneumatique \u00e0 profil bas et haute pr\u00e9cision. Adapt\u00e9e \u00e0 diverses applications industrielles avec options d'assistance par ressort et salle blanche.","robots":{"index":"index","follow":"follow","max-snippet":"max-snippet:-1","max-image-preview":"max-image-preview:large","max-video-preview":"max-video-preview:-1"},"canonical":"https:\/\/lda.be\/fr\/produit\/serie-grs-pinces\/","og_locale":"fr_FR","og_type":"article","og_title":"S\u00e9rie GRS pinces - LDA Belgique","og_description":"S\u00e9rie GRS: pince parall\u00e8le pneumatique \u00e0 profil bas et haute pr\u00e9cision. Adapt\u00e9e \u00e0 diverses applications industrielles avec options d'assistance par ressort et salle blanche.","og_url":"https:\/\/lda.be\/fr\/produit\/serie-grs-pinces\/","og_site_name":"LDA Belgique","article_modified_time":"2026-01-05T15:45:32+00:00","og_image":[{"width":1280,"height":1280,"url":"https:\/\/lda.be\/wp-content\/uploads\/2026\/01\/Series-GRS-Low-Profile-Pneumatic-Parallel-Gripper.webp","type":"image\/webp"}],"twitter_card":"summary_large_image","twitter_misc":{"Dur\u00e9e de lecture estim\u00e9e":"1 minute"},"schema":{"@context":"https:\/\/schema.org","@graph":[{"@type":"WebPage","@id":"https:\/\/lda.be\/fr\/produit\/serie-grs-pinces\/","url":"https:\/\/lda.be\/fr\/produit\/serie-grs-pinces\/","name":"S\u00e9rie GRS pinces - LDA Belgique","isPartOf":{"@id":"https:\/\/lda.be\/fr\/#website"},"primaryImageOfPage":{"@id":"https:\/\/lda.be\/fr\/produit\/serie-grs-pinces\/#primaryimage"},"image":{"@id":"https:\/\/lda.be\/fr\/produit\/serie-grs-pinces\/#primaryimage"},"thumbnailUrl":"https:\/\/lda.be\/wp-content\/uploads\/2026\/01\/Series-GRS-Low-Profile-Pneumatic-Parallel-Gripper.webp","datePublished":"2026-01-05T15:39:02+00:00","dateModified":"2026-01-05T15:45:32+00:00","description":"S\u00e9rie GRS: pince parall\u00e8le pneumatique \u00e0 profil bas et haute pr\u00e9cision. Adapt\u00e9e \u00e0 diverses applications industrielles avec options d'assistance par ressort et salle blanche.","breadcrumb":{"@id":"https:\/\/lda.be\/fr\/produit\/serie-grs-pinces\/#breadcrumb"},"inLanguage":"fr-FR","potentialAction":[{"@type":"ReadAction","target":["https:\/\/lda.be\/fr\/produit\/serie-grs-pinces\/"]}]},{"@type":"ImageObject","inLanguage":"fr-FR","@id":"https:\/\/lda.be\/fr\/produit\/serie-grs-pinces\/#primaryimage","url":"https:\/\/lda.be\/wp-content\/uploads\/2026\/01\/Series-GRS-Low-Profile-Pneumatic-Parallel-Gripper.webp","contentUrl":"https:\/\/lda.be\/wp-content\/uploads\/2026\/01\/Series-GRS-Low-Profile-Pneumatic-Parallel-Gripper.webp","width":1280,"height":1280,"caption":"Series GRS Low Profile Pneumatic Parallel Gripper"},{"@type":"BreadcrumbList","@id":"https:\/\/lda.be\/fr\/produit\/serie-grs-pinces\/#breadcrumb","itemListElement":[{"@type":"ListItem","position":1,"name":"Accueil","item":"https:\/\/lda.be\/fr\/"},{"@type":"ListItem","position":2,"name":"Produits","item":"https:\/\/lda.be\/fr\/produits\/"},{"@type":"ListItem","position":3,"name":"S\u00e9rie GRS pinces"}]},{"@type":"WebSite","@id":"https:\/\/lda.be\/fr\/#website","url":"https:\/\/lda.be\/fr\/","name":"LDA Belgium","description":"Solutions For Life","publisher":{"@id":"https:\/\/lda.be\/fr\/#organization"},"potentialAction":[{"@type":"SearchAction","target":{"@type":"EntryPoint","urlTemplate":"https:\/\/lda.be\/fr\/?s={search_term_string}"},"query-input":{"@type":"PropertyValueSpecification","valueRequired":true,"valueName":"search_term_string"}}],"inLanguage":"fr-FR"},{"@type":"Organization","@id":"https:\/\/lda.be\/fr\/#organization","name":"LDA Belgium","url":"https:\/\/lda.be\/fr\/","logo":{"@type":"ImageObject","inLanguage":"fr-FR","@id":"https:\/\/lda.be\/fr\/#\/schema\/logo\/image\/","url":"https:\/\/lda.be\/wp-content\/uploads\/2022\/07\/Logo-LDA.webp","contentUrl":"https:\/\/lda.be\/wp-content\/uploads\/2022\/07\/Logo-LDA.webp","width":311,"height":101,"caption":"LDA Belgium"},"image":{"@id":"https:\/\/lda.be\/fr\/#\/schema\/logo\/image\/"},"sameAs":["https:\/\/www.linkedin.com\/company\/lda-belgium-nv"]}]}},"_links":{"self":[{"href":"https:\/\/lda.be\/fr\/wp-json\/wp\/v2\/product\/14690","targetHints":{"allow":["GET"]}}],"collection":[{"href":"https:\/\/lda.be\/fr\/wp-json\/wp\/v2\/product"}],"about":[{"href":"https:\/\/lda.be\/fr\/wp-json\/wp\/v2\/types\/product"}],"replies":[{"embeddable":true,"href":"https:\/\/lda.be\/fr\/wp-json\/wp\/v2\/comments?post=14690"}],"wp:featuredmedia":[{"embeddable":true,"href":"https:\/\/lda.be\/fr\/wp-json\/wp\/v2\/media\/14685"}],"wp:attachment":[{"href":"https:\/\/lda.be\/fr\/wp-json\/wp\/v2\/media?parent=14690"}],"wp:term":[{"taxonomy":"product_brand","embeddable":true,"href":"https:\/\/lda.be\/fr\/wp-json\/wp\/v2\/product_brand?post=14690"},{"taxonomy":"product_cat","embeddable":true,"href":"https:\/\/lda.be\/fr\/wp-json\/wp\/v2\/product_cat?post=14690"},{"taxonomy":"product_tag","embeddable":true,"href":"https:\/\/lda.be\/fr\/wp-json\/wp\/v2\/product_tag?post=14690"}],"curies":[{"name":"wp","href":"https:\/\/api.w.org\/{rel}","templated":true}]}}