{"id":14926,"date":"2026-01-07T13:48:16","date_gmt":"2026-01-07T12:48:16","guid":{"rendered":"https:\/\/lda.be\/?post_type=product&#038;p=14926"},"modified":"2026-01-07T13:56:09","modified_gmt":"2026-01-07T12:56:09","slug":"series-grf-mro-pinces","status":"publish","type":"product","link":"https:\/\/lda.be\/fr\/produit\/series-grf-mro-pinces\/","title":{"rendered":"S\u00e9ries GRF MRO pinces"},"content":{"rendered":"<p>Les pinces parall\u00e8les pneumatiques de la s\u00e9rie GRF MRO constituent un remplacement direct MRO plus performant. Leur force de pr\u00e9hension \u00e9lev\u00e9e et leur conception \u00e0 profil bas sont parfaites pour les applications dans des espaces restreints. Les unit\u00e9s sont \u00e9quip\u00e9es d&#8217;un m\u00e9canisme \u00e0 came autolubrifiant ferm\u00e9, de couvercles de m\u00e2choires et de cibles de commutation internes pour \u00e9viter toute contamination. Les pinces de la s\u00e9rie GRF offrent des performances sup\u00e9rieures en tant que remplacement direct MRO compact.<\/p>\n","protected":false},"excerpt":{"rendered":"<p>Les pinces parall\u00e8les pneumatiques de la s\u00e9rie GRF MRO constituent un remplacement direct MRO plus performant. Leur force de pr\u00e9hension \u00e9lev\u00e9e et leur conception \u00e0 profil bas sont parfaites pour les applications dans des espaces restreints. Les unit\u00e9s sont \u00e9quip\u00e9es d&#8217;un m\u00e9canisme \u00e0 came autolubrifiant ferm\u00e9, de couvercles de m\u00e2choires et de cibles de commutation [&hellip;]<\/p>\n","protected":false},"featured_media":14924,"comment_status":"closed","ping_status":"closed","template":"","meta":[],"product_brand":[1858,1277],"product_cat":[1084],"product_tag":[],"class_list":{"0":"post-14926","1":"product","2":"type-product","3":"status-publish","4":"has-post-thumbnail","6":"product_brand-grippers","7":"product_brand-phd","8":"product_cat-pinces-a-serrage-parallele","10":"first","11":"instock","12":"shipping-taxable","13":"product-type-simple"},"yoast_head":"<!-- This site is optimized with the Yoast SEO plugin v27.3 - https:\/\/yoast.com\/product\/yoast-seo-wordpress\/ -->\n<title>S\u00e9ries GRF MRO pinces - LDA Belgique<\/title>\n<meta name=\"description\" content=\"S\u00e9rie GRF: pince parall\u00e8le pneumatique \u00e0 profil bas et remplacement direct. Adapt\u00e9e aux applications de pr\u00e9cision avec options pour salle blanche et commutateurs.\" \/>\n<meta name=\"robots\" content=\"index, follow, max-snippet:-1, max-image-preview:large, max-video-preview:-1\" \/>\n<link rel=\"canonical\" href=\"https:\/\/lda.be\/fr\/produit\/series-grf-mro-pinces\/\" \/>\n<meta property=\"og:locale\" content=\"fr_FR\" \/>\n<meta property=\"og:type\" content=\"article\" \/>\n<meta property=\"og:title\" content=\"S\u00e9ries GRF MRO pinces - LDA Belgique\" \/>\n<meta property=\"og:description\" content=\"S\u00e9rie GRF: pince parall\u00e8le pneumatique \u00e0 profil bas et remplacement direct. Adapt\u00e9e aux applications de pr\u00e9cision avec options pour salle blanche et commutateurs.\" \/>\n<meta property=\"og:url\" content=\"https:\/\/lda.be\/fr\/produit\/series-grf-mro-pinces\/\" \/>\n<meta property=\"og:site_name\" content=\"LDA Belgique\" \/>\n<meta property=\"article:modified_time\" content=\"2026-01-07T12:56:09+00:00\" \/>\n<meta property=\"og:image\" content=\"https:\/\/lda.be\/wp-content\/uploads\/2026\/01\/Series-GRF-MRO-Pneumatic-Parallel-Gripper.webp\" \/>\n\t<meta property=\"og:image:width\" content=\"1280\" \/>\n\t<meta property=\"og:image:height\" content=\"1280\" \/>\n\t<meta property=\"og:image:type\" content=\"image\/webp\" \/>\n<meta name=\"twitter:card\" content=\"summary_large_image\" \/>\n<meta name=\"twitter:label1\" content=\"Dur\u00e9e de lecture estim\u00e9e\" \/>\n\t<meta name=\"twitter:data1\" content=\"1 minute\" \/>\n<script type=\"application\/ld+json\" class=\"yoast-schema-graph\">{\"@context\":\"https:\\\/\\\/schema.org\",\"@graph\":[{\"@type\":\"WebPage\",\"@id\":\"https:\\\/\\\/lda.be\\\/fr\\\/produit\\\/series-grf-mro-pinces\\\/\",\"url\":\"https:\\\/\\\/lda.be\\\/fr\\\/produit\\\/series-grf-mro-pinces\\\/\",\"name\":\"S\u00e9ries GRF MRO pinces - LDA Belgique\",\"isPartOf\":{\"@id\":\"https:\\\/\\\/lda.be\\\/fr\\\/#website\"},\"primaryImageOfPage\":{\"@id\":\"https:\\\/\\\/lda.be\\\/fr\\\/produit\\\/series-grf-mro-pinces\\\/#primaryimage\"},\"image\":{\"@id\":\"https:\\\/\\\/lda.be\\\/fr\\\/produit\\\/series-grf-mro-pinces\\\/#primaryimage\"},\"thumbnailUrl\":\"https:\\\/\\\/lda.be\\\/wp-content\\\/uploads\\\/2026\\\/01\\\/Series-GRF-MRO-Pneumatic-Parallel-Gripper.webp\",\"datePublished\":\"2026-01-07T12:48:16+00:00\",\"dateModified\":\"2026-01-07T12:56:09+00:00\",\"description\":\"S\u00e9rie GRF: pince parall\u00e8le pneumatique \u00e0 profil bas et remplacement direct. Adapt\u00e9e aux applications de pr\u00e9cision avec options pour salle blanche et commutateurs.\",\"breadcrumb\":{\"@id\":\"https:\\\/\\\/lda.be\\\/fr\\\/produit\\\/series-grf-mro-pinces\\\/#breadcrumb\"},\"inLanguage\":\"fr-FR\",\"potentialAction\":[{\"@type\":\"ReadAction\",\"target\":[\"https:\\\/\\\/lda.be\\\/fr\\\/produit\\\/series-grf-mro-pinces\\\/\"]}]},{\"@type\":\"ImageObject\",\"inLanguage\":\"fr-FR\",\"@id\":\"https:\\\/\\\/lda.be\\\/fr\\\/produit\\\/series-grf-mro-pinces\\\/#primaryimage\",\"url\":\"https:\\\/\\\/lda.be\\\/wp-content\\\/uploads\\\/2026\\\/01\\\/Series-GRF-MRO-Pneumatic-Parallel-Gripper.webp\",\"contentUrl\":\"https:\\\/\\\/lda.be\\\/wp-content\\\/uploads\\\/2026\\\/01\\\/Series-GRF-MRO-Pneumatic-Parallel-Gripper.webp\",\"width\":1280,\"height\":1280,\"caption\":\"Series GRF MRO Pneumatic Parallel Gripper\"},{\"@type\":\"BreadcrumbList\",\"@id\":\"https:\\\/\\\/lda.be\\\/fr\\\/produit\\\/series-grf-mro-pinces\\\/#breadcrumb\",\"itemListElement\":[{\"@type\":\"ListItem\",\"position\":1,\"name\":\"Accueil\",\"item\":\"https:\\\/\\\/lda.be\\\/fr\\\/\"},{\"@type\":\"ListItem\",\"position\":2,\"name\":\"Produits\",\"item\":\"https:\\\/\\\/lda.be\\\/fr\\\/produits\\\/\"},{\"@type\":\"ListItem\",\"position\":3,\"name\":\"S\u00e9ries GRF MRO pinces\"}]},{\"@type\":\"WebSite\",\"@id\":\"https:\\\/\\\/lda.be\\\/fr\\\/#website\",\"url\":\"https:\\\/\\\/lda.be\\\/fr\\\/\",\"name\":\"LDA Belgium\",\"description\":\"Solutions For Life\",\"publisher\":{\"@id\":\"https:\\\/\\\/lda.be\\\/fr\\\/#organization\"},\"potentialAction\":[{\"@type\":\"SearchAction\",\"target\":{\"@type\":\"EntryPoint\",\"urlTemplate\":\"https:\\\/\\\/lda.be\\\/fr\\\/?s={search_term_string}\"},\"query-input\":{\"@type\":\"PropertyValueSpecification\",\"valueRequired\":true,\"valueName\":\"search_term_string\"}}],\"inLanguage\":\"fr-FR\"},{\"@type\":\"Organization\",\"@id\":\"https:\\\/\\\/lda.be\\\/fr\\\/#organization\",\"name\":\"LDA Belgium\",\"url\":\"https:\\\/\\\/lda.be\\\/fr\\\/\",\"logo\":{\"@type\":\"ImageObject\",\"inLanguage\":\"fr-FR\",\"@id\":\"https:\\\/\\\/lda.be\\\/fr\\\/#\\\/schema\\\/logo\\\/image\\\/\",\"url\":\"https:\\\/\\\/lda.be\\\/wp-content\\\/uploads\\\/2022\\\/07\\\/Logo-LDA.webp\",\"contentUrl\":\"https:\\\/\\\/lda.be\\\/wp-content\\\/uploads\\\/2022\\\/07\\\/Logo-LDA.webp\",\"width\":311,\"height\":101,\"caption\":\"LDA Belgium\"},\"image\":{\"@id\":\"https:\\\/\\\/lda.be\\\/fr\\\/#\\\/schema\\\/logo\\\/image\\\/\"},\"sameAs\":[\"https:\\\/\\\/www.linkedin.com\\\/company\\\/lda-belgium-nv\"]}]}<\/script>\n<!-- \/ Yoast SEO plugin. -->","yoast_head_json":{"title":"S\u00e9ries GRF MRO pinces - LDA Belgique","description":"S\u00e9rie GRF: pince parall\u00e8le pneumatique \u00e0 profil bas et remplacement direct. Adapt\u00e9e aux applications de pr\u00e9cision avec options pour salle blanche et commutateurs.","robots":{"index":"index","follow":"follow","max-snippet":"max-snippet:-1","max-image-preview":"max-image-preview:large","max-video-preview":"max-video-preview:-1"},"canonical":"https:\/\/lda.be\/fr\/produit\/series-grf-mro-pinces\/","og_locale":"fr_FR","og_type":"article","og_title":"S\u00e9ries GRF MRO pinces - LDA Belgique","og_description":"S\u00e9rie GRF: pince parall\u00e8le pneumatique \u00e0 profil bas et remplacement direct. Adapt\u00e9e aux applications de pr\u00e9cision avec options pour salle blanche et commutateurs.","og_url":"https:\/\/lda.be\/fr\/produit\/series-grf-mro-pinces\/","og_site_name":"LDA Belgique","article_modified_time":"2026-01-07T12:56:09+00:00","og_image":[{"width":1280,"height":1280,"url":"https:\/\/lda.be\/wp-content\/uploads\/2026\/01\/Series-GRF-MRO-Pneumatic-Parallel-Gripper.webp","type":"image\/webp"}],"twitter_card":"summary_large_image","twitter_misc":{"Dur\u00e9e de lecture estim\u00e9e":"1 minute"},"schema":{"@context":"https:\/\/schema.org","@graph":[{"@type":"WebPage","@id":"https:\/\/lda.be\/fr\/produit\/series-grf-mro-pinces\/","url":"https:\/\/lda.be\/fr\/produit\/series-grf-mro-pinces\/","name":"S\u00e9ries GRF MRO pinces - LDA Belgique","isPartOf":{"@id":"https:\/\/lda.be\/fr\/#website"},"primaryImageOfPage":{"@id":"https:\/\/lda.be\/fr\/produit\/series-grf-mro-pinces\/#primaryimage"},"image":{"@id":"https:\/\/lda.be\/fr\/produit\/series-grf-mro-pinces\/#primaryimage"},"thumbnailUrl":"https:\/\/lda.be\/wp-content\/uploads\/2026\/01\/Series-GRF-MRO-Pneumatic-Parallel-Gripper.webp","datePublished":"2026-01-07T12:48:16+00:00","dateModified":"2026-01-07T12:56:09+00:00","description":"S\u00e9rie GRF: pince parall\u00e8le pneumatique \u00e0 profil bas et remplacement direct. Adapt\u00e9e aux applications de pr\u00e9cision avec options pour salle blanche et commutateurs.","breadcrumb":{"@id":"https:\/\/lda.be\/fr\/produit\/series-grf-mro-pinces\/#breadcrumb"},"inLanguage":"fr-FR","potentialAction":[{"@type":"ReadAction","target":["https:\/\/lda.be\/fr\/produit\/series-grf-mro-pinces\/"]}]},{"@type":"ImageObject","inLanguage":"fr-FR","@id":"https:\/\/lda.be\/fr\/produit\/series-grf-mro-pinces\/#primaryimage","url":"https:\/\/lda.be\/wp-content\/uploads\/2026\/01\/Series-GRF-MRO-Pneumatic-Parallel-Gripper.webp","contentUrl":"https:\/\/lda.be\/wp-content\/uploads\/2026\/01\/Series-GRF-MRO-Pneumatic-Parallel-Gripper.webp","width":1280,"height":1280,"caption":"Series GRF MRO Pneumatic Parallel Gripper"},{"@type":"BreadcrumbList","@id":"https:\/\/lda.be\/fr\/produit\/series-grf-mro-pinces\/#breadcrumb","itemListElement":[{"@type":"ListItem","position":1,"name":"Accueil","item":"https:\/\/lda.be\/fr\/"},{"@type":"ListItem","position":2,"name":"Produits","item":"https:\/\/lda.be\/fr\/produits\/"},{"@type":"ListItem","position":3,"name":"S\u00e9ries GRF MRO pinces"}]},{"@type":"WebSite","@id":"https:\/\/lda.be\/fr\/#website","url":"https:\/\/lda.be\/fr\/","name":"LDA Belgium","description":"Solutions For Life","publisher":{"@id":"https:\/\/lda.be\/fr\/#organization"},"potentialAction":[{"@type":"SearchAction","target":{"@type":"EntryPoint","urlTemplate":"https:\/\/lda.be\/fr\/?s={search_term_string}"},"query-input":{"@type":"PropertyValueSpecification","valueRequired":true,"valueName":"search_term_string"}}],"inLanguage":"fr-FR"},{"@type":"Organization","@id":"https:\/\/lda.be\/fr\/#organization","name":"LDA Belgium","url":"https:\/\/lda.be\/fr\/","logo":{"@type":"ImageObject","inLanguage":"fr-FR","@id":"https:\/\/lda.be\/fr\/#\/schema\/logo\/image\/","url":"https:\/\/lda.be\/wp-content\/uploads\/2022\/07\/Logo-LDA.webp","contentUrl":"https:\/\/lda.be\/wp-content\/uploads\/2022\/07\/Logo-LDA.webp","width":311,"height":101,"caption":"LDA Belgium"},"image":{"@id":"https:\/\/lda.be\/fr\/#\/schema\/logo\/image\/"},"sameAs":["https:\/\/www.linkedin.com\/company\/lda-belgium-nv"]}]}},"_links":{"self":[{"href":"https:\/\/lda.be\/fr\/wp-json\/wp\/v2\/product\/14926","targetHints":{"allow":["GET"]}}],"collection":[{"href":"https:\/\/lda.be\/fr\/wp-json\/wp\/v2\/product"}],"about":[{"href":"https:\/\/lda.be\/fr\/wp-json\/wp\/v2\/types\/product"}],"replies":[{"embeddable":true,"href":"https:\/\/lda.be\/fr\/wp-json\/wp\/v2\/comments?post=14926"}],"wp:featuredmedia":[{"embeddable":true,"href":"https:\/\/lda.be\/fr\/wp-json\/wp\/v2\/media\/14924"}],"wp:attachment":[{"href":"https:\/\/lda.be\/fr\/wp-json\/wp\/v2\/media?parent=14926"}],"wp:term":[{"taxonomy":"product_brand","embeddable":true,"href":"https:\/\/lda.be\/fr\/wp-json\/wp\/v2\/product_brand?post=14926"},{"taxonomy":"product_cat","embeddable":true,"href":"https:\/\/lda.be\/fr\/wp-json\/wp\/v2\/product_cat?post=14926"},{"taxonomy":"product_tag","embeddable":true,"href":"https:\/\/lda.be\/fr\/wp-json\/wp\/v2\/product_tag?post=14926"}],"curies":[{"name":"wp","href":"https:\/\/api.w.org\/{rel}","templated":true}]}}