{"id":14944,"date":"2026-01-07T15:38:48","date_gmt":"2026-01-07T14:38:48","guid":{"rendered":"https:\/\/lda.be\/?post_type=product&#038;p=14944"},"modified":"2026-01-07T15:55:57","modified_gmt":"2026-01-07T14:55:57","slug":"serie-grk-pinces-a-usage-intensif","status":"publish","type":"product","link":"https:\/\/lda.be\/fr\/produit\/serie-grk-pinces-a-usage-intensif\/","title":{"rendered":"S\u00e9rie GRK pinces \u00e0 usage intensif"},"content":{"rendered":"<p>Les pinces pneumatiques parall\u00e8les \u00e0 usage intensif de la s\u00e9rie GRK offrent la force de pr\u00e9hension la plus \u00e9lev\u00e9e de leur cat\u00e9gorie et fournissent des capacit\u00e9s de moment et une pr\u00e9cision sup\u00e9rieures dans un design \u00e0 profil bas. La gamme de pinces a \u00e9t\u00e9 \u00e9largie \u00e0 8 tailles, avec des forces de pr\u00e9hension allant de 86 lb [383 N] \u00e0 2 345 lb [10 431 N] (avec assistance par ressort) et dispose d&#8217;un syst\u00e8me de guidage des m\u00e2choires \u00e0 compensation d&#8217;usure permettant un mouvement pr\u00e9cis des m\u00e2choires pendant toute la dur\u00e9e de vie de l&#8217;unit\u00e9. Cet effecteur terminal \u00e0 usage intensif est parfait lorsque des outils plus longs sont n\u00e9cessaires et que des objets plus lourds sont pr\u00e9sents. Les pr\u00e9henseurs de la s\u00e9rie GRK allient pr\u00e9cision et performances exceptionnelles pour les applications les plus exigeantes.<\/p>\n","protected":false},"excerpt":{"rendered":"<p>Les pinces pneumatiques parall\u00e8les \u00e0 usage intensif de la s\u00e9rie GRK offrent la force de pr\u00e9hension la plus \u00e9lev\u00e9e de leur cat\u00e9gorie et fournissent des capacit\u00e9s de moment et une pr\u00e9cision sup\u00e9rieures dans un design \u00e0 profil bas. La gamme de pinces a \u00e9t\u00e9 \u00e9largie \u00e0 8 tailles, avec des forces de pr\u00e9hension allant de [&hellip;]<\/p>\n","protected":false},"featured_media":14942,"comment_status":"closed","ping_status":"closed","template":"","meta":[],"product_brand":[1858,1277],"product_cat":[1084],"product_tag":[],"class_list":{"0":"post-14944","1":"product","2":"type-product","3":"status-publish","4":"has-post-thumbnail","6":"product_brand-grippers","7":"product_brand-phd","8":"product_cat-pinces-a-serrage-parallele","10":"first","11":"instock","12":"shipping-taxable","13":"product-type-simple"},"yoast_head":"<!-- This site is optimized with the Yoast SEO plugin v27.3 - https:\/\/yoast.com\/product\/yoast-seo-wordpress\/ -->\n<title>S\u00e9rie GRK pinces \u00e0 usage intensif - LDA Belgique<\/title>\n<meta name=\"description\" content=\"S\u00e9rie GRK: pince parall\u00e8le pneumatique pour applications lourdes avec syst\u00e8me de guidage de m\u00e2choires ultra-rigide. Adapt\u00e9e aux applications industrielles avec options d&#039;assistance par ressort et joints haute temp\u00e9rature.\" \/>\n<meta name=\"robots\" content=\"index, follow, max-snippet:-1, max-image-preview:large, max-video-preview:-1\" \/>\n<link rel=\"canonical\" href=\"https:\/\/lda.be\/fr\/produit\/serie-grk-pinces-a-usage-intensif\/\" \/>\n<meta property=\"og:locale\" content=\"fr_FR\" \/>\n<meta property=\"og:type\" content=\"article\" \/>\n<meta property=\"og:title\" content=\"S\u00e9rie GRK pinces \u00e0 usage intensif - LDA Belgique\" \/>\n<meta property=\"og:description\" content=\"S\u00e9rie GRK: pince parall\u00e8le pneumatique pour applications lourdes avec syst\u00e8me de guidage de m\u00e2choires ultra-rigide. Adapt\u00e9e aux applications industrielles avec options d&#039;assistance par ressort et joints haute temp\u00e9rature.\" \/>\n<meta property=\"og:url\" content=\"https:\/\/lda.be\/fr\/produit\/serie-grk-pinces-a-usage-intensif\/\" \/>\n<meta property=\"og:site_name\" content=\"LDA Belgique\" \/>\n<meta property=\"article:modified_time\" content=\"2026-01-07T14:55:57+00:00\" \/>\n<meta property=\"og:image\" content=\"https:\/\/lda.be\/wp-content\/uploads\/2026\/01\/Series-GRK-Parallel-Pneumatic-Heavy-Duty-Gripper.webp\" \/>\n\t<meta property=\"og:image:width\" content=\"1280\" \/>\n\t<meta property=\"og:image:height\" content=\"1280\" \/>\n\t<meta property=\"og:image:type\" content=\"image\/webp\" \/>\n<meta name=\"twitter:card\" content=\"summary_large_image\" \/>\n<meta name=\"twitter:label1\" content=\"Dur\u00e9e de lecture estim\u00e9e\" \/>\n\t<meta name=\"twitter:data1\" content=\"1 minute\" \/>\n<script type=\"application\/ld+json\" class=\"yoast-schema-graph\">{\"@context\":\"https:\\\/\\\/schema.org\",\"@graph\":[{\"@type\":\"WebPage\",\"@id\":\"https:\\\/\\\/lda.be\\\/fr\\\/produit\\\/serie-grk-pinces-a-usage-intensif\\\/\",\"url\":\"https:\\\/\\\/lda.be\\\/fr\\\/produit\\\/serie-grk-pinces-a-usage-intensif\\\/\",\"name\":\"S\u00e9rie GRK pinces \u00e0 usage intensif - LDA Belgique\",\"isPartOf\":{\"@id\":\"https:\\\/\\\/lda.be\\\/fr\\\/#website\"},\"primaryImageOfPage\":{\"@id\":\"https:\\\/\\\/lda.be\\\/fr\\\/produit\\\/serie-grk-pinces-a-usage-intensif\\\/#primaryimage\"},\"image\":{\"@id\":\"https:\\\/\\\/lda.be\\\/fr\\\/produit\\\/serie-grk-pinces-a-usage-intensif\\\/#primaryimage\"},\"thumbnailUrl\":\"https:\\\/\\\/lda.be\\\/wp-content\\\/uploads\\\/2026\\\/01\\\/Series-GRK-Parallel-Pneumatic-Heavy-Duty-Gripper.webp\",\"datePublished\":\"2026-01-07T14:38:48+00:00\",\"dateModified\":\"2026-01-07T14:55:57+00:00\",\"description\":\"S\u00e9rie GRK: pince parall\u00e8le pneumatique pour applications lourdes avec syst\u00e8me de guidage de m\u00e2choires ultra-rigide. Adapt\u00e9e aux applications industrielles avec options d'assistance par ressort et joints haute temp\u00e9rature.\",\"breadcrumb\":{\"@id\":\"https:\\\/\\\/lda.be\\\/fr\\\/produit\\\/serie-grk-pinces-a-usage-intensif\\\/#breadcrumb\"},\"inLanguage\":\"fr-FR\",\"potentialAction\":[{\"@type\":\"ReadAction\",\"target\":[\"https:\\\/\\\/lda.be\\\/fr\\\/produit\\\/serie-grk-pinces-a-usage-intensif\\\/\"]}]},{\"@type\":\"ImageObject\",\"inLanguage\":\"fr-FR\",\"@id\":\"https:\\\/\\\/lda.be\\\/fr\\\/produit\\\/serie-grk-pinces-a-usage-intensif\\\/#primaryimage\",\"url\":\"https:\\\/\\\/lda.be\\\/wp-content\\\/uploads\\\/2026\\\/01\\\/Series-GRK-Parallel-Pneumatic-Heavy-Duty-Gripper.webp\",\"contentUrl\":\"https:\\\/\\\/lda.be\\\/wp-content\\\/uploads\\\/2026\\\/01\\\/Series-GRK-Parallel-Pneumatic-Heavy-Duty-Gripper.webp\",\"width\":1280,\"height\":1280,\"caption\":\"Series GRK Parallel Pneumatic Heavy Duty Gripper\"},{\"@type\":\"BreadcrumbList\",\"@id\":\"https:\\\/\\\/lda.be\\\/fr\\\/produit\\\/serie-grk-pinces-a-usage-intensif\\\/#breadcrumb\",\"itemListElement\":[{\"@type\":\"ListItem\",\"position\":1,\"name\":\"Accueil\",\"item\":\"https:\\\/\\\/lda.be\\\/fr\\\/\"},{\"@type\":\"ListItem\",\"position\":2,\"name\":\"Produits\",\"item\":\"https:\\\/\\\/lda.be\\\/fr\\\/produits\\\/\"},{\"@type\":\"ListItem\",\"position\":3,\"name\":\"S\u00e9rie GRK pinces \u00e0 usage intensif\"}]},{\"@type\":\"WebSite\",\"@id\":\"https:\\\/\\\/lda.be\\\/fr\\\/#website\",\"url\":\"https:\\\/\\\/lda.be\\\/fr\\\/\",\"name\":\"LDA Belgium\",\"description\":\"Solutions For Life\",\"publisher\":{\"@id\":\"https:\\\/\\\/lda.be\\\/fr\\\/#organization\"},\"potentialAction\":[{\"@type\":\"SearchAction\",\"target\":{\"@type\":\"EntryPoint\",\"urlTemplate\":\"https:\\\/\\\/lda.be\\\/fr\\\/?s={search_term_string}\"},\"query-input\":{\"@type\":\"PropertyValueSpecification\",\"valueRequired\":true,\"valueName\":\"search_term_string\"}}],\"inLanguage\":\"fr-FR\"},{\"@type\":\"Organization\",\"@id\":\"https:\\\/\\\/lda.be\\\/fr\\\/#organization\",\"name\":\"LDA Belgium\",\"url\":\"https:\\\/\\\/lda.be\\\/fr\\\/\",\"logo\":{\"@type\":\"ImageObject\",\"inLanguage\":\"fr-FR\",\"@id\":\"https:\\\/\\\/lda.be\\\/fr\\\/#\\\/schema\\\/logo\\\/image\\\/\",\"url\":\"https:\\\/\\\/lda.be\\\/wp-content\\\/uploads\\\/2022\\\/07\\\/Logo-LDA.webp\",\"contentUrl\":\"https:\\\/\\\/lda.be\\\/wp-content\\\/uploads\\\/2022\\\/07\\\/Logo-LDA.webp\",\"width\":311,\"height\":101,\"caption\":\"LDA Belgium\"},\"image\":{\"@id\":\"https:\\\/\\\/lda.be\\\/fr\\\/#\\\/schema\\\/logo\\\/image\\\/\"},\"sameAs\":[\"https:\\\/\\\/www.linkedin.com\\\/company\\\/lda-belgium-nv\"]}]}<\/script>\n<!-- \/ Yoast SEO plugin. -->","yoast_head_json":{"title":"S\u00e9rie GRK pinces \u00e0 usage intensif - LDA Belgique","description":"S\u00e9rie GRK: pince parall\u00e8le pneumatique pour applications lourdes avec syst\u00e8me de guidage de m\u00e2choires ultra-rigide. Adapt\u00e9e aux applications industrielles avec options d'assistance par ressort et joints haute temp\u00e9rature.","robots":{"index":"index","follow":"follow","max-snippet":"max-snippet:-1","max-image-preview":"max-image-preview:large","max-video-preview":"max-video-preview:-1"},"canonical":"https:\/\/lda.be\/fr\/produit\/serie-grk-pinces-a-usage-intensif\/","og_locale":"fr_FR","og_type":"article","og_title":"S\u00e9rie GRK pinces \u00e0 usage intensif - LDA Belgique","og_description":"S\u00e9rie GRK: pince parall\u00e8le pneumatique pour applications lourdes avec syst\u00e8me de guidage de m\u00e2choires ultra-rigide. Adapt\u00e9e aux applications industrielles avec options d'assistance par ressort et joints haute temp\u00e9rature.","og_url":"https:\/\/lda.be\/fr\/produit\/serie-grk-pinces-a-usage-intensif\/","og_site_name":"LDA Belgique","article_modified_time":"2026-01-07T14:55:57+00:00","og_image":[{"width":1280,"height":1280,"url":"https:\/\/lda.be\/wp-content\/uploads\/2026\/01\/Series-GRK-Parallel-Pneumatic-Heavy-Duty-Gripper.webp","type":"image\/webp"}],"twitter_card":"summary_large_image","twitter_misc":{"Dur\u00e9e de lecture estim\u00e9e":"1 minute"},"schema":{"@context":"https:\/\/schema.org","@graph":[{"@type":"WebPage","@id":"https:\/\/lda.be\/fr\/produit\/serie-grk-pinces-a-usage-intensif\/","url":"https:\/\/lda.be\/fr\/produit\/serie-grk-pinces-a-usage-intensif\/","name":"S\u00e9rie GRK pinces \u00e0 usage intensif - LDA Belgique","isPartOf":{"@id":"https:\/\/lda.be\/fr\/#website"},"primaryImageOfPage":{"@id":"https:\/\/lda.be\/fr\/produit\/serie-grk-pinces-a-usage-intensif\/#primaryimage"},"image":{"@id":"https:\/\/lda.be\/fr\/produit\/serie-grk-pinces-a-usage-intensif\/#primaryimage"},"thumbnailUrl":"https:\/\/lda.be\/wp-content\/uploads\/2026\/01\/Series-GRK-Parallel-Pneumatic-Heavy-Duty-Gripper.webp","datePublished":"2026-01-07T14:38:48+00:00","dateModified":"2026-01-07T14:55:57+00:00","description":"S\u00e9rie GRK: pince parall\u00e8le pneumatique pour applications lourdes avec syst\u00e8me de guidage de m\u00e2choires ultra-rigide. Adapt\u00e9e aux applications industrielles avec options d'assistance par ressort et joints haute temp\u00e9rature.","breadcrumb":{"@id":"https:\/\/lda.be\/fr\/produit\/serie-grk-pinces-a-usage-intensif\/#breadcrumb"},"inLanguage":"fr-FR","potentialAction":[{"@type":"ReadAction","target":["https:\/\/lda.be\/fr\/produit\/serie-grk-pinces-a-usage-intensif\/"]}]},{"@type":"ImageObject","inLanguage":"fr-FR","@id":"https:\/\/lda.be\/fr\/produit\/serie-grk-pinces-a-usage-intensif\/#primaryimage","url":"https:\/\/lda.be\/wp-content\/uploads\/2026\/01\/Series-GRK-Parallel-Pneumatic-Heavy-Duty-Gripper.webp","contentUrl":"https:\/\/lda.be\/wp-content\/uploads\/2026\/01\/Series-GRK-Parallel-Pneumatic-Heavy-Duty-Gripper.webp","width":1280,"height":1280,"caption":"Series GRK Parallel Pneumatic Heavy Duty Gripper"},{"@type":"BreadcrumbList","@id":"https:\/\/lda.be\/fr\/produit\/serie-grk-pinces-a-usage-intensif\/#breadcrumb","itemListElement":[{"@type":"ListItem","position":1,"name":"Accueil","item":"https:\/\/lda.be\/fr\/"},{"@type":"ListItem","position":2,"name":"Produits","item":"https:\/\/lda.be\/fr\/produits\/"},{"@type":"ListItem","position":3,"name":"S\u00e9rie GRK pinces \u00e0 usage intensif"}]},{"@type":"WebSite","@id":"https:\/\/lda.be\/fr\/#website","url":"https:\/\/lda.be\/fr\/","name":"LDA Belgium","description":"Solutions For Life","publisher":{"@id":"https:\/\/lda.be\/fr\/#organization"},"potentialAction":[{"@type":"SearchAction","target":{"@type":"EntryPoint","urlTemplate":"https:\/\/lda.be\/fr\/?s={search_term_string}"},"query-input":{"@type":"PropertyValueSpecification","valueRequired":true,"valueName":"search_term_string"}}],"inLanguage":"fr-FR"},{"@type":"Organization","@id":"https:\/\/lda.be\/fr\/#organization","name":"LDA Belgium","url":"https:\/\/lda.be\/fr\/","logo":{"@type":"ImageObject","inLanguage":"fr-FR","@id":"https:\/\/lda.be\/fr\/#\/schema\/logo\/image\/","url":"https:\/\/lda.be\/wp-content\/uploads\/2022\/07\/Logo-LDA.webp","contentUrl":"https:\/\/lda.be\/wp-content\/uploads\/2022\/07\/Logo-LDA.webp","width":311,"height":101,"caption":"LDA Belgium"},"image":{"@id":"https:\/\/lda.be\/fr\/#\/schema\/logo\/image\/"},"sameAs":["https:\/\/www.linkedin.com\/company\/lda-belgium-nv"]}]}},"_links":{"self":[{"href":"https:\/\/lda.be\/fr\/wp-json\/wp\/v2\/product\/14944","targetHints":{"allow":["GET"]}}],"collection":[{"href":"https:\/\/lda.be\/fr\/wp-json\/wp\/v2\/product"}],"about":[{"href":"https:\/\/lda.be\/fr\/wp-json\/wp\/v2\/types\/product"}],"replies":[{"embeddable":true,"href":"https:\/\/lda.be\/fr\/wp-json\/wp\/v2\/comments?post=14944"}],"wp:featuredmedia":[{"embeddable":true,"href":"https:\/\/lda.be\/fr\/wp-json\/wp\/v2\/media\/14942"}],"wp:attachment":[{"href":"https:\/\/lda.be\/fr\/wp-json\/wp\/v2\/media?parent=14944"}],"wp:term":[{"taxonomy":"product_brand","embeddable":true,"href":"https:\/\/lda.be\/fr\/wp-json\/wp\/v2\/product_brand?post=14944"},{"taxonomy":"product_cat","embeddable":true,"href":"https:\/\/lda.be\/fr\/wp-json\/wp\/v2\/product_cat?post=14944"},{"taxonomy":"product_tag","embeddable":true,"href":"https:\/\/lda.be\/fr\/wp-json\/wp\/v2\/product_tag?post=14944"}],"curies":[{"name":"wp","href":"https:\/\/api.w.org\/{rel}","templated":true}]}}