{"id":14955,"date":"2026-01-07T16:19:14","date_gmt":"2026-01-07T15:19:14","guid":{"rendered":"https:\/\/lda.be\/?post_type=product&#038;p=14955"},"modified":"2026-01-07T16:36:07","modified_gmt":"2026-01-07T15:36:07","slug":"serie-190-191-micro-pinces","status":"publish","type":"product","link":"https:\/\/lda.be\/fr\/produit\/serie-190-191-micro-pinces\/","title":{"rendered":"S\u00e9rie 190\/191 micro pinces"},"content":{"rendered":"<p>Les pinces pneumatiques micro parall\u00e8les s\u00e9ries 190\/191 offrent une longue dur\u00e9e de vie de l&#8217;actionneur et une assistance par ressort pour une force de pr\u00e9hension et une r\u00e9tention des pi\u00e8ces accrues en cas de perte de pression d&#8217;air. Deux types de m\u00e2choires sont disponibles pour un positionnement pr\u00e9cis de l&#8217;outillage. Les pinces s\u00e9ries 190\/191 sont id\u00e9ales pour la manipulation de petites pi\u00e8ces dans des espaces confin\u00e9s.<\/p>\n<p><strong>Options<\/strong><\/p>\n<ul>\n<li><strong>Assistance par ressort:<\/strong> Pour maintenir la force en cas de perte de pression<\/li>\n<li><strong>Ajustement de la course des m\u00e2choires:<\/strong> Pour des applications sp\u00e9cifiques<\/li>\n<li><strong>Commutateurs de proximit\u00e9:<\/strong> 6 mm carr\u00e9s inductifs<\/li>\n<li><strong>Capteurs:<\/strong> JC1STP-x programmables<\/li>\n<li><strong>Joints en fluoro\u00e9lastom\u00e8re:<\/strong> Pour temp\u00e9ratures \u00e9lev\u00e9es et compatibilit\u00e9 chimique<\/li>\n<\/ul>\n","protected":false},"excerpt":{"rendered":"<p>Les pinces pneumatiques micro parall\u00e8les s\u00e9ries 190\/191 offrent une longue dur\u00e9e de vie de l&#8217;actionneur et une assistance par ressort pour une force de pr\u00e9hension et une r\u00e9tention des pi\u00e8ces accrues en cas de perte de pression d&#8217;air. Deux types de m\u00e2choires sont disponibles pour un positionnement pr\u00e9cis de l&#8217;outillage. Les pinces s\u00e9ries 190\/191 sont [&hellip;]<\/p>\n","protected":false},"featured_media":14949,"comment_status":"closed","ping_status":"closed","template":"","meta":[],"product_brand":[1858,1277],"product_cat":[1084],"product_tag":[],"class_list":{"0":"post-14955","1":"product","2":"type-product","3":"status-publish","4":"has-post-thumbnail","6":"product_brand-grippers","7":"product_brand-phd","8":"product_cat-pinces-a-serrage-parallele","10":"first","11":"instock","12":"shipping-taxable","13":"product-type-simple"},"yoast_head":"<!-- This site is optimized with the Yoast SEO plugin v27.3 - https:\/\/yoast.com\/product\/yoast-seo-wordpress\/ -->\n<title>S\u00e9rie 190\/191 micro pinces - LDA Belgique<\/title>\n<meta name=\"description\" content=\"S\u00e9rie 190\/191: pince parall\u00e8le pneumatique micro avec format compact et haute pr\u00e9cision. Adapt\u00e9e aux applications avec de petites pi\u00e8ces et espace limit\u00e9.\" \/>\n<meta name=\"robots\" content=\"index, follow, max-snippet:-1, max-image-preview:large, max-video-preview:-1\" \/>\n<link rel=\"canonical\" href=\"https:\/\/lda.be\/fr\/produit\/serie-190-191-micro-pinces\/\" \/>\n<meta property=\"og:locale\" content=\"fr_FR\" \/>\n<meta property=\"og:type\" content=\"article\" \/>\n<meta property=\"og:title\" content=\"S\u00e9rie 190\/191 micro pinces - LDA Belgique\" \/>\n<meta property=\"og:description\" content=\"S\u00e9rie 190\/191: pince parall\u00e8le pneumatique micro avec format compact et haute pr\u00e9cision. Adapt\u00e9e aux applications avec de petites pi\u00e8ces et espace limit\u00e9.\" \/>\n<meta property=\"og:url\" content=\"https:\/\/lda.be\/fr\/produit\/serie-190-191-micro-pinces\/\" \/>\n<meta property=\"og:site_name\" content=\"LDA Belgique\" \/>\n<meta property=\"article:modified_time\" content=\"2026-01-07T15:36:07+00:00\" \/>\n<meta property=\"og:image\" content=\"https:\/\/lda.be\/wp-content\/uploads\/2026\/01\/Series-190_191-Micro-Parallel-Pneumatic-Gripper.webp\" \/>\n\t<meta property=\"og:image:width\" content=\"1280\" \/>\n\t<meta property=\"og:image:height\" content=\"1280\" \/>\n\t<meta property=\"og:image:type\" content=\"image\/webp\" \/>\n<meta name=\"twitter:card\" content=\"summary_large_image\" \/>\n<meta name=\"twitter:label1\" content=\"Dur\u00e9e de lecture estim\u00e9e\" \/>\n\t<meta name=\"twitter:data1\" content=\"1 minute\" \/>\n<script type=\"application\/ld+json\" class=\"yoast-schema-graph\">{\"@context\":\"https:\\\/\\\/schema.org\",\"@graph\":[{\"@type\":\"WebPage\",\"@id\":\"https:\\\/\\\/lda.be\\\/fr\\\/produit\\\/serie-190-191-micro-pinces\\\/\",\"url\":\"https:\\\/\\\/lda.be\\\/fr\\\/produit\\\/serie-190-191-micro-pinces\\\/\",\"name\":\"S\u00e9rie 190\\\/191 micro pinces - LDA Belgique\",\"isPartOf\":{\"@id\":\"https:\\\/\\\/lda.be\\\/fr\\\/#website\"},\"primaryImageOfPage\":{\"@id\":\"https:\\\/\\\/lda.be\\\/fr\\\/produit\\\/serie-190-191-micro-pinces\\\/#primaryimage\"},\"image\":{\"@id\":\"https:\\\/\\\/lda.be\\\/fr\\\/produit\\\/serie-190-191-micro-pinces\\\/#primaryimage\"},\"thumbnailUrl\":\"https:\\\/\\\/lda.be\\\/wp-content\\\/uploads\\\/2026\\\/01\\\/Series-190_191-Micro-Parallel-Pneumatic-Gripper.webp\",\"datePublished\":\"2026-01-07T15:19:14+00:00\",\"dateModified\":\"2026-01-07T15:36:07+00:00\",\"description\":\"S\u00e9rie 190\\\/191: pince parall\u00e8le pneumatique micro avec format compact et haute pr\u00e9cision. Adapt\u00e9e aux applications avec de petites pi\u00e8ces et espace limit\u00e9.\",\"breadcrumb\":{\"@id\":\"https:\\\/\\\/lda.be\\\/fr\\\/produit\\\/serie-190-191-micro-pinces\\\/#breadcrumb\"},\"inLanguage\":\"fr-FR\",\"potentialAction\":[{\"@type\":\"ReadAction\",\"target\":[\"https:\\\/\\\/lda.be\\\/fr\\\/produit\\\/serie-190-191-micro-pinces\\\/\"]}]},{\"@type\":\"ImageObject\",\"inLanguage\":\"fr-FR\",\"@id\":\"https:\\\/\\\/lda.be\\\/fr\\\/produit\\\/serie-190-191-micro-pinces\\\/#primaryimage\",\"url\":\"https:\\\/\\\/lda.be\\\/wp-content\\\/uploads\\\/2026\\\/01\\\/Series-190_191-Micro-Parallel-Pneumatic-Gripper.webp\",\"contentUrl\":\"https:\\\/\\\/lda.be\\\/wp-content\\\/uploads\\\/2026\\\/01\\\/Series-190_191-Micro-Parallel-Pneumatic-Gripper.webp\",\"width\":1280,\"height\":1280,\"caption\":\"Series 190_191 Micro Parallel Pneumatic Gripper\"},{\"@type\":\"BreadcrumbList\",\"@id\":\"https:\\\/\\\/lda.be\\\/fr\\\/produit\\\/serie-190-191-micro-pinces\\\/#breadcrumb\",\"itemListElement\":[{\"@type\":\"ListItem\",\"position\":1,\"name\":\"Accueil\",\"item\":\"https:\\\/\\\/lda.be\\\/fr\\\/\"},{\"@type\":\"ListItem\",\"position\":2,\"name\":\"Produits\",\"item\":\"https:\\\/\\\/lda.be\\\/fr\\\/produits\\\/\"},{\"@type\":\"ListItem\",\"position\":3,\"name\":\"S\u00e9rie 190\\\/191 micro pinces\"}]},{\"@type\":\"WebSite\",\"@id\":\"https:\\\/\\\/lda.be\\\/fr\\\/#website\",\"url\":\"https:\\\/\\\/lda.be\\\/fr\\\/\",\"name\":\"LDA Belgium\",\"description\":\"Solutions For Life\",\"publisher\":{\"@id\":\"https:\\\/\\\/lda.be\\\/fr\\\/#organization\"},\"potentialAction\":[{\"@type\":\"SearchAction\",\"target\":{\"@type\":\"EntryPoint\",\"urlTemplate\":\"https:\\\/\\\/lda.be\\\/fr\\\/?s={search_term_string}\"},\"query-input\":{\"@type\":\"PropertyValueSpecification\",\"valueRequired\":true,\"valueName\":\"search_term_string\"}}],\"inLanguage\":\"fr-FR\"},{\"@type\":\"Organization\",\"@id\":\"https:\\\/\\\/lda.be\\\/fr\\\/#organization\",\"name\":\"LDA Belgium\",\"url\":\"https:\\\/\\\/lda.be\\\/fr\\\/\",\"logo\":{\"@type\":\"ImageObject\",\"inLanguage\":\"fr-FR\",\"@id\":\"https:\\\/\\\/lda.be\\\/fr\\\/#\\\/schema\\\/logo\\\/image\\\/\",\"url\":\"https:\\\/\\\/lda.be\\\/wp-content\\\/uploads\\\/2022\\\/07\\\/Logo-LDA.webp\",\"contentUrl\":\"https:\\\/\\\/lda.be\\\/wp-content\\\/uploads\\\/2022\\\/07\\\/Logo-LDA.webp\",\"width\":311,\"height\":101,\"caption\":\"LDA Belgium\"},\"image\":{\"@id\":\"https:\\\/\\\/lda.be\\\/fr\\\/#\\\/schema\\\/logo\\\/image\\\/\"},\"sameAs\":[\"https:\\\/\\\/www.linkedin.com\\\/company\\\/lda-belgium-nv\"]}]}<\/script>\n<!-- \/ Yoast SEO plugin. -->","yoast_head_json":{"title":"S\u00e9rie 190\/191 micro pinces - LDA Belgique","description":"S\u00e9rie 190\/191: pince parall\u00e8le pneumatique micro avec format compact et haute pr\u00e9cision. Adapt\u00e9e aux applications avec de petites pi\u00e8ces et espace limit\u00e9.","robots":{"index":"index","follow":"follow","max-snippet":"max-snippet:-1","max-image-preview":"max-image-preview:large","max-video-preview":"max-video-preview:-1"},"canonical":"https:\/\/lda.be\/fr\/produit\/serie-190-191-micro-pinces\/","og_locale":"fr_FR","og_type":"article","og_title":"S\u00e9rie 190\/191 micro pinces - LDA Belgique","og_description":"S\u00e9rie 190\/191: pince parall\u00e8le pneumatique micro avec format compact et haute pr\u00e9cision. Adapt\u00e9e aux applications avec de petites pi\u00e8ces et espace limit\u00e9.","og_url":"https:\/\/lda.be\/fr\/produit\/serie-190-191-micro-pinces\/","og_site_name":"LDA Belgique","article_modified_time":"2026-01-07T15:36:07+00:00","og_image":[{"width":1280,"height":1280,"url":"https:\/\/lda.be\/wp-content\/uploads\/2026\/01\/Series-190_191-Micro-Parallel-Pneumatic-Gripper.webp","type":"image\/webp"}],"twitter_card":"summary_large_image","twitter_misc":{"Dur\u00e9e de lecture estim\u00e9e":"1 minute"},"schema":{"@context":"https:\/\/schema.org","@graph":[{"@type":"WebPage","@id":"https:\/\/lda.be\/fr\/produit\/serie-190-191-micro-pinces\/","url":"https:\/\/lda.be\/fr\/produit\/serie-190-191-micro-pinces\/","name":"S\u00e9rie 190\/191 micro pinces - LDA Belgique","isPartOf":{"@id":"https:\/\/lda.be\/fr\/#website"},"primaryImageOfPage":{"@id":"https:\/\/lda.be\/fr\/produit\/serie-190-191-micro-pinces\/#primaryimage"},"image":{"@id":"https:\/\/lda.be\/fr\/produit\/serie-190-191-micro-pinces\/#primaryimage"},"thumbnailUrl":"https:\/\/lda.be\/wp-content\/uploads\/2026\/01\/Series-190_191-Micro-Parallel-Pneumatic-Gripper.webp","datePublished":"2026-01-07T15:19:14+00:00","dateModified":"2026-01-07T15:36:07+00:00","description":"S\u00e9rie 190\/191: pince parall\u00e8le pneumatique micro avec format compact et haute pr\u00e9cision. Adapt\u00e9e aux applications avec de petites pi\u00e8ces et espace limit\u00e9.","breadcrumb":{"@id":"https:\/\/lda.be\/fr\/produit\/serie-190-191-micro-pinces\/#breadcrumb"},"inLanguage":"fr-FR","potentialAction":[{"@type":"ReadAction","target":["https:\/\/lda.be\/fr\/produit\/serie-190-191-micro-pinces\/"]}]},{"@type":"ImageObject","inLanguage":"fr-FR","@id":"https:\/\/lda.be\/fr\/produit\/serie-190-191-micro-pinces\/#primaryimage","url":"https:\/\/lda.be\/wp-content\/uploads\/2026\/01\/Series-190_191-Micro-Parallel-Pneumatic-Gripper.webp","contentUrl":"https:\/\/lda.be\/wp-content\/uploads\/2026\/01\/Series-190_191-Micro-Parallel-Pneumatic-Gripper.webp","width":1280,"height":1280,"caption":"Series 190_191 Micro Parallel Pneumatic Gripper"},{"@type":"BreadcrumbList","@id":"https:\/\/lda.be\/fr\/produit\/serie-190-191-micro-pinces\/#breadcrumb","itemListElement":[{"@type":"ListItem","position":1,"name":"Accueil","item":"https:\/\/lda.be\/fr\/"},{"@type":"ListItem","position":2,"name":"Produits","item":"https:\/\/lda.be\/fr\/produits\/"},{"@type":"ListItem","position":3,"name":"S\u00e9rie 190\/191 micro pinces"}]},{"@type":"WebSite","@id":"https:\/\/lda.be\/fr\/#website","url":"https:\/\/lda.be\/fr\/","name":"LDA Belgium","description":"Solutions For Life","publisher":{"@id":"https:\/\/lda.be\/fr\/#organization"},"potentialAction":[{"@type":"SearchAction","target":{"@type":"EntryPoint","urlTemplate":"https:\/\/lda.be\/fr\/?s={search_term_string}"},"query-input":{"@type":"PropertyValueSpecification","valueRequired":true,"valueName":"search_term_string"}}],"inLanguage":"fr-FR"},{"@type":"Organization","@id":"https:\/\/lda.be\/fr\/#organization","name":"LDA Belgium","url":"https:\/\/lda.be\/fr\/","logo":{"@type":"ImageObject","inLanguage":"fr-FR","@id":"https:\/\/lda.be\/fr\/#\/schema\/logo\/image\/","url":"https:\/\/lda.be\/wp-content\/uploads\/2022\/07\/Logo-LDA.webp","contentUrl":"https:\/\/lda.be\/wp-content\/uploads\/2022\/07\/Logo-LDA.webp","width":311,"height":101,"caption":"LDA Belgium"},"image":{"@id":"https:\/\/lda.be\/fr\/#\/schema\/logo\/image\/"},"sameAs":["https:\/\/www.linkedin.com\/company\/lda-belgium-nv"]}]}},"_links":{"self":[{"href":"https:\/\/lda.be\/fr\/wp-json\/wp\/v2\/product\/14955","targetHints":{"allow":["GET"]}}],"collection":[{"href":"https:\/\/lda.be\/fr\/wp-json\/wp\/v2\/product"}],"about":[{"href":"https:\/\/lda.be\/fr\/wp-json\/wp\/v2\/types\/product"}],"replies":[{"embeddable":true,"href":"https:\/\/lda.be\/fr\/wp-json\/wp\/v2\/comments?post=14955"}],"wp:featuredmedia":[{"embeddable":true,"href":"https:\/\/lda.be\/fr\/wp-json\/wp\/v2\/media\/14949"}],"wp:attachment":[{"href":"https:\/\/lda.be\/fr\/wp-json\/wp\/v2\/media?parent=14955"}],"wp:term":[{"taxonomy":"product_brand","embeddable":true,"href":"https:\/\/lda.be\/fr\/wp-json\/wp\/v2\/product_brand?post=14955"},{"taxonomy":"product_cat","embeddable":true,"href":"https:\/\/lda.be\/fr\/wp-json\/wp\/v2\/product_cat?post=14955"},{"taxonomy":"product_tag","embeddable":true,"href":"https:\/\/lda.be\/fr\/wp-json\/wp\/v2\/product_tag?post=14955"}],"curies":[{"name":"wp","href":"https:\/\/api.w.org\/{rel}","templated":true}]}}