{"id":15024,"date":"2026-01-08T16:26:20","date_gmt":"2026-01-08T15:26:20","guid":{"rendered":"https:\/\/lda.be\/?post_type=product&#038;p=15024"},"modified":"2026-01-08T16:30:59","modified_gmt":"2026-01-08T15:30:59","slug":"pinces-paralleles-a-corps-etroit-de-la-serie-grl","status":"publish","type":"product","link":"https:\/\/lda.be\/fr\/produit\/pinces-paralleles-a-corps-etroit-de-la-serie-grl\/","title":{"rendered":"pinces parall\u00e8les  \u00e0 corps \u00e9troit de la s\u00e9rie GRL"},"content":{"rendered":"<p>Les pinces parall\u00e8les pneumatiques \u00e0 corps \u00e9troit de la s\u00e9rie GRL sont dot\u00e9es d&#8217;un corps d&#8217;actionneur mince et d&#8217;une longue course des m\u00e2choires. Ces pinces peuvent \u00eatre command\u00e9es avec ou sans synchroniseur en acier pour une pr\u00e9hension d\u00e9centr\u00e9e. Les pinces de la s\u00e9rie GRL sont con\u00e7ues pour six millions de cycles et fabriqu\u00e9es en aluminium \u00e0 rev\u00eatement dur pour une longue dur\u00e9e de vie.<\/p>\n<p><strong>Options<\/strong><\/p>\n<ul>\n<li><strong>Ports de collecteur:<\/strong> Pour installation imbriqu\u00e9e<\/li>\n<li><strong>Capteurs:<\/strong> Commutateurs \u00e0 semi-conducteurs, commutateurs \u00e0 effet Hall<\/li>\n<li><strong>Commutateurs de proximit\u00e9:<\/strong> 6 mm carr\u00e9s inductifs<\/li>\n<li><strong>Pneu-Connect:<\/strong> Pour une int\u00e9gration transparente avec les cobots<\/li>\n<\/ul>\n","protected":false},"excerpt":{"rendered":"<p>Les pinces parall\u00e8les pneumatiques \u00e0 corps \u00e9troit de la s\u00e9rie GRL sont dot\u00e9es d&#8217;un corps d&#8217;actionneur mince et d&#8217;une longue course des m\u00e2choires. Ces pinces peuvent \u00eatre command\u00e9es avec ou sans synchroniseur en acier pour une pr\u00e9hension d\u00e9centr\u00e9e. Les pinces de la s\u00e9rie GRL sont con\u00e7ues pour six millions de cycles et fabriqu\u00e9es en aluminium [&hellip;]<\/p>\n","protected":false},"featured_media":15022,"comment_status":"closed","ping_status":"closed","template":"","meta":[],"product_brand":[1858,1277],"product_cat":[1084],"product_tag":[],"class_list":{"0":"post-15024","1":"product","2":"type-product","3":"status-publish","4":"has-post-thumbnail","6":"product_brand-grippers","7":"product_brand-phd","8":"product_cat-pinces-a-serrage-parallele","10":"first","11":"instock","12":"shipping-taxable","13":"product-type-simple"},"yoast_head":"<!-- This site is optimized with the Yoast SEO plugin v27.3 - https:\/\/yoast.com\/product\/yoast-seo-wordpress\/ -->\n<title>pinces parall\u00e8les \u00e0 corps \u00e9troit de la s\u00e9rie GRL - LDA Belgique<\/title>\n<meta name=\"description\" content=\"S\u00e9rie GRL: pince parall\u00e8le pneumatique \u00e0 corps \u00e9troit et profil bas avec mouvement de m\u00e2choire synchrone. Adapt\u00e9e aux applications de pr\u00e9cision avec espace limit\u00e9 et int\u00e9gration cobot.\" \/>\n<meta name=\"robots\" content=\"index, follow, max-snippet:-1, max-image-preview:large, max-video-preview:-1\" \/>\n<link rel=\"canonical\" href=\"https:\/\/lda.be\/fr\/produit\/pinces-paralleles-a-corps-etroit-de-la-serie-grl\/\" \/>\n<meta property=\"og:locale\" content=\"fr_FR\" \/>\n<meta property=\"og:type\" content=\"article\" \/>\n<meta property=\"og:title\" content=\"pinces parall\u00e8les \u00e0 corps \u00e9troit de la s\u00e9rie GRL - LDA Belgique\" \/>\n<meta property=\"og:description\" content=\"S\u00e9rie GRL: pince parall\u00e8le pneumatique \u00e0 corps \u00e9troit et profil bas avec mouvement de m\u00e2choire synchrone. Adapt\u00e9e aux applications de pr\u00e9cision avec espace limit\u00e9 et int\u00e9gration cobot.\" \/>\n<meta property=\"og:url\" content=\"https:\/\/lda.be\/fr\/produit\/pinces-paralleles-a-corps-etroit-de-la-serie-grl\/\" \/>\n<meta property=\"og:site_name\" content=\"LDA Belgique\" \/>\n<meta property=\"article:modified_time\" content=\"2026-01-08T15:30:59+00:00\" \/>\n<meta property=\"og:image\" content=\"https:\/\/lda.be\/wp-content\/uploads\/2026\/01\/Series-GRL-Narrow-Body-Pneumatic-Parallel-Gripper.webp\" \/>\n\t<meta property=\"og:image:width\" content=\"1280\" \/>\n\t<meta property=\"og:image:height\" content=\"1280\" \/>\n\t<meta property=\"og:image:type\" content=\"image\/webp\" \/>\n<meta name=\"twitter:card\" content=\"summary_large_image\" \/>\n<meta name=\"twitter:label1\" content=\"Dur\u00e9e de lecture estim\u00e9e\" \/>\n\t<meta name=\"twitter:data1\" content=\"1 minute\" \/>\n<script type=\"application\/ld+json\" class=\"yoast-schema-graph\">{\"@context\":\"https:\\\/\\\/schema.org\",\"@graph\":[{\"@type\":\"WebPage\",\"@id\":\"https:\\\/\\\/lda.be\\\/fr\\\/produit\\\/pinces-paralleles-a-corps-etroit-de-la-serie-grl\\\/\",\"url\":\"https:\\\/\\\/lda.be\\\/fr\\\/produit\\\/pinces-paralleles-a-corps-etroit-de-la-serie-grl\\\/\",\"name\":\"pinces parall\u00e8les \u00e0 corps \u00e9troit de la s\u00e9rie GRL - LDA Belgique\",\"isPartOf\":{\"@id\":\"https:\\\/\\\/lda.be\\\/fr\\\/#website\"},\"primaryImageOfPage\":{\"@id\":\"https:\\\/\\\/lda.be\\\/fr\\\/produit\\\/pinces-paralleles-a-corps-etroit-de-la-serie-grl\\\/#primaryimage\"},\"image\":{\"@id\":\"https:\\\/\\\/lda.be\\\/fr\\\/produit\\\/pinces-paralleles-a-corps-etroit-de-la-serie-grl\\\/#primaryimage\"},\"thumbnailUrl\":\"https:\\\/\\\/lda.be\\\/wp-content\\\/uploads\\\/2026\\\/01\\\/Series-GRL-Narrow-Body-Pneumatic-Parallel-Gripper.webp\",\"datePublished\":\"2026-01-08T15:26:20+00:00\",\"dateModified\":\"2026-01-08T15:30:59+00:00\",\"description\":\"S\u00e9rie GRL: pince parall\u00e8le pneumatique \u00e0 corps \u00e9troit et profil bas avec mouvement de m\u00e2choire synchrone. Adapt\u00e9e aux applications de pr\u00e9cision avec espace limit\u00e9 et int\u00e9gration cobot.\",\"breadcrumb\":{\"@id\":\"https:\\\/\\\/lda.be\\\/fr\\\/produit\\\/pinces-paralleles-a-corps-etroit-de-la-serie-grl\\\/#breadcrumb\"},\"inLanguage\":\"fr-FR\",\"potentialAction\":[{\"@type\":\"ReadAction\",\"target\":[\"https:\\\/\\\/lda.be\\\/fr\\\/produit\\\/pinces-paralleles-a-corps-etroit-de-la-serie-grl\\\/\"]}]},{\"@type\":\"ImageObject\",\"inLanguage\":\"fr-FR\",\"@id\":\"https:\\\/\\\/lda.be\\\/fr\\\/produit\\\/pinces-paralleles-a-corps-etroit-de-la-serie-grl\\\/#primaryimage\",\"url\":\"https:\\\/\\\/lda.be\\\/wp-content\\\/uploads\\\/2026\\\/01\\\/Series-GRL-Narrow-Body-Pneumatic-Parallel-Gripper.webp\",\"contentUrl\":\"https:\\\/\\\/lda.be\\\/wp-content\\\/uploads\\\/2026\\\/01\\\/Series-GRL-Narrow-Body-Pneumatic-Parallel-Gripper.webp\",\"width\":1280,\"height\":1280,\"caption\":\"Series GRL Narrow Body Pneumatic Parallel Gripper\"},{\"@type\":\"BreadcrumbList\",\"@id\":\"https:\\\/\\\/lda.be\\\/fr\\\/produit\\\/pinces-paralleles-a-corps-etroit-de-la-serie-grl\\\/#breadcrumb\",\"itemListElement\":[{\"@type\":\"ListItem\",\"position\":1,\"name\":\"Accueil\",\"item\":\"https:\\\/\\\/lda.be\\\/fr\\\/\"},{\"@type\":\"ListItem\",\"position\":2,\"name\":\"Produits\",\"item\":\"https:\\\/\\\/lda.be\\\/fr\\\/produits\\\/\"},{\"@type\":\"ListItem\",\"position\":3,\"name\":\"pinces parall\u00e8les \u00e0 corps \u00e9troit de la s\u00e9rie GRL\"}]},{\"@type\":\"WebSite\",\"@id\":\"https:\\\/\\\/lda.be\\\/fr\\\/#website\",\"url\":\"https:\\\/\\\/lda.be\\\/fr\\\/\",\"name\":\"LDA Belgium\",\"description\":\"Solutions For Life\",\"publisher\":{\"@id\":\"https:\\\/\\\/lda.be\\\/fr\\\/#organization\"},\"potentialAction\":[{\"@type\":\"SearchAction\",\"target\":{\"@type\":\"EntryPoint\",\"urlTemplate\":\"https:\\\/\\\/lda.be\\\/fr\\\/?s={search_term_string}\"},\"query-input\":{\"@type\":\"PropertyValueSpecification\",\"valueRequired\":true,\"valueName\":\"search_term_string\"}}],\"inLanguage\":\"fr-FR\"},{\"@type\":\"Organization\",\"@id\":\"https:\\\/\\\/lda.be\\\/fr\\\/#organization\",\"name\":\"LDA Belgium\",\"url\":\"https:\\\/\\\/lda.be\\\/fr\\\/\",\"logo\":{\"@type\":\"ImageObject\",\"inLanguage\":\"fr-FR\",\"@id\":\"https:\\\/\\\/lda.be\\\/fr\\\/#\\\/schema\\\/logo\\\/image\\\/\",\"url\":\"https:\\\/\\\/lda.be\\\/wp-content\\\/uploads\\\/2022\\\/07\\\/Logo-LDA.webp\",\"contentUrl\":\"https:\\\/\\\/lda.be\\\/wp-content\\\/uploads\\\/2022\\\/07\\\/Logo-LDA.webp\",\"width\":311,\"height\":101,\"caption\":\"LDA Belgium\"},\"image\":{\"@id\":\"https:\\\/\\\/lda.be\\\/fr\\\/#\\\/schema\\\/logo\\\/image\\\/\"},\"sameAs\":[\"https:\\\/\\\/www.linkedin.com\\\/company\\\/lda-belgium-nv\"]}]}<\/script>\n<!-- \/ Yoast SEO plugin. -->","yoast_head_json":{"title":"pinces parall\u00e8les \u00e0 corps \u00e9troit de la s\u00e9rie GRL - LDA Belgique","description":"S\u00e9rie GRL: pince parall\u00e8le pneumatique \u00e0 corps \u00e9troit et profil bas avec mouvement de m\u00e2choire synchrone. Adapt\u00e9e aux applications de pr\u00e9cision avec espace limit\u00e9 et int\u00e9gration cobot.","robots":{"index":"index","follow":"follow","max-snippet":"max-snippet:-1","max-image-preview":"max-image-preview:large","max-video-preview":"max-video-preview:-1"},"canonical":"https:\/\/lda.be\/fr\/produit\/pinces-paralleles-a-corps-etroit-de-la-serie-grl\/","og_locale":"fr_FR","og_type":"article","og_title":"pinces parall\u00e8les \u00e0 corps \u00e9troit de la s\u00e9rie GRL - LDA Belgique","og_description":"S\u00e9rie GRL: pince parall\u00e8le pneumatique \u00e0 corps \u00e9troit et profil bas avec mouvement de m\u00e2choire synchrone. Adapt\u00e9e aux applications de pr\u00e9cision avec espace limit\u00e9 et int\u00e9gration cobot.","og_url":"https:\/\/lda.be\/fr\/produit\/pinces-paralleles-a-corps-etroit-de-la-serie-grl\/","og_site_name":"LDA Belgique","article_modified_time":"2026-01-08T15:30:59+00:00","og_image":[{"width":1280,"height":1280,"url":"https:\/\/lda.be\/wp-content\/uploads\/2026\/01\/Series-GRL-Narrow-Body-Pneumatic-Parallel-Gripper.webp","type":"image\/webp"}],"twitter_card":"summary_large_image","twitter_misc":{"Dur\u00e9e de lecture estim\u00e9e":"1 minute"},"schema":{"@context":"https:\/\/schema.org","@graph":[{"@type":"WebPage","@id":"https:\/\/lda.be\/fr\/produit\/pinces-paralleles-a-corps-etroit-de-la-serie-grl\/","url":"https:\/\/lda.be\/fr\/produit\/pinces-paralleles-a-corps-etroit-de-la-serie-grl\/","name":"pinces parall\u00e8les \u00e0 corps \u00e9troit de la s\u00e9rie GRL - LDA Belgique","isPartOf":{"@id":"https:\/\/lda.be\/fr\/#website"},"primaryImageOfPage":{"@id":"https:\/\/lda.be\/fr\/produit\/pinces-paralleles-a-corps-etroit-de-la-serie-grl\/#primaryimage"},"image":{"@id":"https:\/\/lda.be\/fr\/produit\/pinces-paralleles-a-corps-etroit-de-la-serie-grl\/#primaryimage"},"thumbnailUrl":"https:\/\/lda.be\/wp-content\/uploads\/2026\/01\/Series-GRL-Narrow-Body-Pneumatic-Parallel-Gripper.webp","datePublished":"2026-01-08T15:26:20+00:00","dateModified":"2026-01-08T15:30:59+00:00","description":"S\u00e9rie GRL: pince parall\u00e8le pneumatique \u00e0 corps \u00e9troit et profil bas avec mouvement de m\u00e2choire synchrone. Adapt\u00e9e aux applications de pr\u00e9cision avec espace limit\u00e9 et int\u00e9gration cobot.","breadcrumb":{"@id":"https:\/\/lda.be\/fr\/produit\/pinces-paralleles-a-corps-etroit-de-la-serie-grl\/#breadcrumb"},"inLanguage":"fr-FR","potentialAction":[{"@type":"ReadAction","target":["https:\/\/lda.be\/fr\/produit\/pinces-paralleles-a-corps-etroit-de-la-serie-grl\/"]}]},{"@type":"ImageObject","inLanguage":"fr-FR","@id":"https:\/\/lda.be\/fr\/produit\/pinces-paralleles-a-corps-etroit-de-la-serie-grl\/#primaryimage","url":"https:\/\/lda.be\/wp-content\/uploads\/2026\/01\/Series-GRL-Narrow-Body-Pneumatic-Parallel-Gripper.webp","contentUrl":"https:\/\/lda.be\/wp-content\/uploads\/2026\/01\/Series-GRL-Narrow-Body-Pneumatic-Parallel-Gripper.webp","width":1280,"height":1280,"caption":"Series GRL Narrow Body Pneumatic Parallel Gripper"},{"@type":"BreadcrumbList","@id":"https:\/\/lda.be\/fr\/produit\/pinces-paralleles-a-corps-etroit-de-la-serie-grl\/#breadcrumb","itemListElement":[{"@type":"ListItem","position":1,"name":"Accueil","item":"https:\/\/lda.be\/fr\/"},{"@type":"ListItem","position":2,"name":"Produits","item":"https:\/\/lda.be\/fr\/produits\/"},{"@type":"ListItem","position":3,"name":"pinces parall\u00e8les \u00e0 corps \u00e9troit de la s\u00e9rie GRL"}]},{"@type":"WebSite","@id":"https:\/\/lda.be\/fr\/#website","url":"https:\/\/lda.be\/fr\/","name":"LDA Belgium","description":"Solutions For Life","publisher":{"@id":"https:\/\/lda.be\/fr\/#organization"},"potentialAction":[{"@type":"SearchAction","target":{"@type":"EntryPoint","urlTemplate":"https:\/\/lda.be\/fr\/?s={search_term_string}"},"query-input":{"@type":"PropertyValueSpecification","valueRequired":true,"valueName":"search_term_string"}}],"inLanguage":"fr-FR"},{"@type":"Organization","@id":"https:\/\/lda.be\/fr\/#organization","name":"LDA Belgium","url":"https:\/\/lda.be\/fr\/","logo":{"@type":"ImageObject","inLanguage":"fr-FR","@id":"https:\/\/lda.be\/fr\/#\/schema\/logo\/image\/","url":"https:\/\/lda.be\/wp-content\/uploads\/2022\/07\/Logo-LDA.webp","contentUrl":"https:\/\/lda.be\/wp-content\/uploads\/2022\/07\/Logo-LDA.webp","width":311,"height":101,"caption":"LDA Belgium"},"image":{"@id":"https:\/\/lda.be\/fr\/#\/schema\/logo\/image\/"},"sameAs":["https:\/\/www.linkedin.com\/company\/lda-belgium-nv"]}]}},"_links":{"self":[{"href":"https:\/\/lda.be\/fr\/wp-json\/wp\/v2\/product\/15024","targetHints":{"allow":["GET"]}}],"collection":[{"href":"https:\/\/lda.be\/fr\/wp-json\/wp\/v2\/product"}],"about":[{"href":"https:\/\/lda.be\/fr\/wp-json\/wp\/v2\/types\/product"}],"replies":[{"embeddable":true,"href":"https:\/\/lda.be\/fr\/wp-json\/wp\/v2\/comments?post=15024"}],"wp:featuredmedia":[{"embeddable":true,"href":"https:\/\/lda.be\/fr\/wp-json\/wp\/v2\/media\/15022"}],"wp:attachment":[{"href":"https:\/\/lda.be\/fr\/wp-json\/wp\/v2\/media?parent=15024"}],"wp:term":[{"taxonomy":"product_brand","embeddable":true,"href":"https:\/\/lda.be\/fr\/wp-json\/wp\/v2\/product_brand?post=15024"},{"taxonomy":"product_cat","embeddable":true,"href":"https:\/\/lda.be\/fr\/wp-json\/wp\/v2\/product_cat?post=15024"},{"taxonomy":"product_tag","embeddable":true,"href":"https:\/\/lda.be\/fr\/wp-json\/wp\/v2\/product_tag?post=15024"}],"curies":[{"name":"wp","href":"https:\/\/api.w.org\/{rel}","templated":true}]}}