{"id":15048,"date":"2026-01-12T14:20:09","date_gmt":"2026-01-12T13:20:09","guid":{"rendered":"https:\/\/lda.be\/?post_type=product&#038;p=15048"},"modified":"2026-01-12T14:44:17","modified_gmt":"2026-01-12T13:44:17","slug":"serie-gra-micro-pinces","status":"publish","type":"product","link":"https:\/\/lda.be\/fr\/produit\/serie-gra-micro-pinces\/","title":{"rendered":"S\u00e9rie GRA micro-pinces"},"content":{"rendered":"<p>Les micro-pinces pneumatiques parall\u00e8les de la s\u00e9rie GRA offrent une grande pr\u00e9cision, une capacit\u00e9 de moment et une force de pr\u00e9hension \u00e9lev\u00e9es dans un bo\u00eetier compact et robuste. Un syst\u00e8me de guidage des m\u00e2choires r\u00e9gl\u00e9 en usine minimise le jeu et r\u00e9duit la d\u00e9viation. Ces micro-pinces sont con\u00e7ues pour offrir un haut niveau de performance et une longue dur\u00e9e de vie en tant qu&#8217;effecteurs terminaux pour une large gamme d&#8217;applications de pr\u00e9l\u00e8vement et de placement de petites pi\u00e8ces.<\/p>\n","protected":false},"excerpt":{"rendered":"<p>Les micro-pinces pneumatiques parall\u00e8les de la s\u00e9rie GRA offrent une grande pr\u00e9cision, une capacit\u00e9 de moment et une force de pr\u00e9hension \u00e9lev\u00e9es dans un bo\u00eetier compact et robuste. Un syst\u00e8me de guidage des m\u00e2choires r\u00e9gl\u00e9 en usine minimise le jeu et r\u00e9duit la d\u00e9viation. Ces micro-pinces sont con\u00e7ues pour offrir un haut niveau de performance [&hellip;]<\/p>\n","protected":false},"featured_media":15042,"comment_status":"closed","ping_status":"closed","template":"","meta":[],"product_brand":[1858,1277],"product_cat":[1084],"product_tag":[],"class_list":{"0":"post-15048","1":"product","2":"type-product","3":"status-publish","4":"has-post-thumbnail","6":"product_brand-grippers","7":"product_brand-phd","8":"product_cat-pinces-a-serrage-parallele","10":"first","11":"instock","12":"shipping-taxable","13":"product-type-simple"},"yoast_head":"<!-- This site is optimized with the Yoast SEO plugin v27.3 - https:\/\/yoast.com\/product\/yoast-seo-wordpress\/ -->\n<title>S\u00e9rie GRA micro-pinces - LDA Belgique<\/title>\n<meta name=\"description\" content=\"La s\u00e9rie Phd inc GRA : pr\u00e9henseur parall\u00e8le micro-pneumatique disponible en quatre tailles m\u00e9triques. Ce sont de petits pr\u00e9henseurs disponibles en Belgique chez LDA.\" \/>\n<meta name=\"robots\" content=\"index, follow, max-snippet:-1, max-image-preview:large, max-video-preview:-1\" \/>\n<link rel=\"canonical\" href=\"https:\/\/lda.be\/fr\/produit\/serie-gra-micro-pinces\/\" \/>\n<meta property=\"og:locale\" content=\"fr_FR\" \/>\n<meta property=\"og:type\" content=\"article\" \/>\n<meta property=\"og:title\" content=\"S\u00e9rie GRA micro-pinces - LDA Belgique\" \/>\n<meta property=\"og:description\" content=\"La s\u00e9rie Phd inc GRA : pr\u00e9henseur parall\u00e8le micro-pneumatique disponible en quatre tailles m\u00e9triques. Ce sont de petits pr\u00e9henseurs disponibles en Belgique chez LDA.\" \/>\n<meta property=\"og:url\" content=\"https:\/\/lda.be\/fr\/produit\/serie-gra-micro-pinces\/\" \/>\n<meta property=\"og:site_name\" content=\"LDA Belgique\" \/>\n<meta property=\"article:modified_time\" content=\"2026-01-12T13:44:17+00:00\" \/>\n<meta property=\"og:image\" content=\"https:\/\/lda.be\/wp-content\/uploads\/2026\/01\/Series-GRA-Parallel-Pneumatic-Micro-Gripper.webp\" \/>\n\t<meta property=\"og:image:width\" content=\"1280\" \/>\n\t<meta property=\"og:image:height\" content=\"1280\" \/>\n\t<meta property=\"og:image:type\" content=\"image\/webp\" \/>\n<meta name=\"twitter:card\" content=\"summary_large_image\" \/>\n<meta name=\"twitter:label1\" content=\"Dur\u00e9e de lecture estim\u00e9e\" \/>\n\t<meta name=\"twitter:data1\" content=\"1 minute\" \/>\n<script type=\"application\/ld+json\" class=\"yoast-schema-graph\">{\"@context\":\"https:\\\/\\\/schema.org\",\"@graph\":[{\"@type\":\"WebPage\",\"@id\":\"https:\\\/\\\/lda.be\\\/fr\\\/produit\\\/serie-gra-micro-pinces\\\/\",\"url\":\"https:\\\/\\\/lda.be\\\/fr\\\/produit\\\/serie-gra-micro-pinces\\\/\",\"name\":\"S\u00e9rie GRA micro-pinces - LDA Belgique\",\"isPartOf\":{\"@id\":\"https:\\\/\\\/lda.be\\\/fr\\\/#website\"},\"primaryImageOfPage\":{\"@id\":\"https:\\\/\\\/lda.be\\\/fr\\\/produit\\\/serie-gra-micro-pinces\\\/#primaryimage\"},\"image\":{\"@id\":\"https:\\\/\\\/lda.be\\\/fr\\\/produit\\\/serie-gra-micro-pinces\\\/#primaryimage\"},\"thumbnailUrl\":\"https:\\\/\\\/lda.be\\\/wp-content\\\/uploads\\\/2026\\\/01\\\/Series-GRA-Parallel-Pneumatic-Micro-Gripper.webp\",\"datePublished\":\"2026-01-12T13:20:09+00:00\",\"dateModified\":\"2026-01-12T13:44:17+00:00\",\"description\":\"La s\u00e9rie Phd inc GRA : pr\u00e9henseur parall\u00e8le micro-pneumatique disponible en quatre tailles m\u00e9triques. Ce sont de petits pr\u00e9henseurs disponibles en Belgique chez LDA.\",\"breadcrumb\":{\"@id\":\"https:\\\/\\\/lda.be\\\/fr\\\/produit\\\/serie-gra-micro-pinces\\\/#breadcrumb\"},\"inLanguage\":\"fr-FR\",\"potentialAction\":[{\"@type\":\"ReadAction\",\"target\":[\"https:\\\/\\\/lda.be\\\/fr\\\/produit\\\/serie-gra-micro-pinces\\\/\"]}]},{\"@type\":\"ImageObject\",\"inLanguage\":\"fr-FR\",\"@id\":\"https:\\\/\\\/lda.be\\\/fr\\\/produit\\\/serie-gra-micro-pinces\\\/#primaryimage\",\"url\":\"https:\\\/\\\/lda.be\\\/wp-content\\\/uploads\\\/2026\\\/01\\\/Series-GRA-Parallel-Pneumatic-Micro-Gripper.webp\",\"contentUrl\":\"https:\\\/\\\/lda.be\\\/wp-content\\\/uploads\\\/2026\\\/01\\\/Series-GRA-Parallel-Pneumatic-Micro-Gripper.webp\",\"width\":1280,\"height\":1280,\"caption\":\"Series GRA Parallel Pneumatic Micro Gripper\"},{\"@type\":\"BreadcrumbList\",\"@id\":\"https:\\\/\\\/lda.be\\\/fr\\\/produit\\\/serie-gra-micro-pinces\\\/#breadcrumb\",\"itemListElement\":[{\"@type\":\"ListItem\",\"position\":1,\"name\":\"Accueil\",\"item\":\"https:\\\/\\\/lda.be\\\/fr\\\/\"},{\"@type\":\"ListItem\",\"position\":2,\"name\":\"Produits\",\"item\":\"https:\\\/\\\/lda.be\\\/fr\\\/produits\\\/\"},{\"@type\":\"ListItem\",\"position\":3,\"name\":\"S\u00e9rie GRA micro-pinces\"}]},{\"@type\":\"WebSite\",\"@id\":\"https:\\\/\\\/lda.be\\\/fr\\\/#website\",\"url\":\"https:\\\/\\\/lda.be\\\/fr\\\/\",\"name\":\"LDA Belgium\",\"description\":\"Solutions For Life\",\"publisher\":{\"@id\":\"https:\\\/\\\/lda.be\\\/fr\\\/#organization\"},\"potentialAction\":[{\"@type\":\"SearchAction\",\"target\":{\"@type\":\"EntryPoint\",\"urlTemplate\":\"https:\\\/\\\/lda.be\\\/fr\\\/?s={search_term_string}\"},\"query-input\":{\"@type\":\"PropertyValueSpecification\",\"valueRequired\":true,\"valueName\":\"search_term_string\"}}],\"inLanguage\":\"fr-FR\"},{\"@type\":\"Organization\",\"@id\":\"https:\\\/\\\/lda.be\\\/fr\\\/#organization\",\"name\":\"LDA Belgium\",\"url\":\"https:\\\/\\\/lda.be\\\/fr\\\/\",\"logo\":{\"@type\":\"ImageObject\",\"inLanguage\":\"fr-FR\",\"@id\":\"https:\\\/\\\/lda.be\\\/fr\\\/#\\\/schema\\\/logo\\\/image\\\/\",\"url\":\"https:\\\/\\\/lda.be\\\/wp-content\\\/uploads\\\/2022\\\/07\\\/Logo-LDA.webp\",\"contentUrl\":\"https:\\\/\\\/lda.be\\\/wp-content\\\/uploads\\\/2022\\\/07\\\/Logo-LDA.webp\",\"width\":311,\"height\":101,\"caption\":\"LDA Belgium\"},\"image\":{\"@id\":\"https:\\\/\\\/lda.be\\\/fr\\\/#\\\/schema\\\/logo\\\/image\\\/\"},\"sameAs\":[\"https:\\\/\\\/www.linkedin.com\\\/company\\\/lda-belgium-nv\"]}]}<\/script>\n<!-- \/ Yoast SEO plugin. -->","yoast_head_json":{"title":"S\u00e9rie GRA micro-pinces - LDA Belgique","description":"La s\u00e9rie Phd inc GRA : pr\u00e9henseur parall\u00e8le micro-pneumatique disponible en quatre tailles m\u00e9triques. Ce sont de petits pr\u00e9henseurs disponibles en Belgique chez LDA.","robots":{"index":"index","follow":"follow","max-snippet":"max-snippet:-1","max-image-preview":"max-image-preview:large","max-video-preview":"max-video-preview:-1"},"canonical":"https:\/\/lda.be\/fr\/produit\/serie-gra-micro-pinces\/","og_locale":"fr_FR","og_type":"article","og_title":"S\u00e9rie GRA micro-pinces - LDA Belgique","og_description":"La s\u00e9rie Phd inc GRA : pr\u00e9henseur parall\u00e8le micro-pneumatique disponible en quatre tailles m\u00e9triques. Ce sont de petits pr\u00e9henseurs disponibles en Belgique chez LDA.","og_url":"https:\/\/lda.be\/fr\/produit\/serie-gra-micro-pinces\/","og_site_name":"LDA Belgique","article_modified_time":"2026-01-12T13:44:17+00:00","og_image":[{"width":1280,"height":1280,"url":"https:\/\/lda.be\/wp-content\/uploads\/2026\/01\/Series-GRA-Parallel-Pneumatic-Micro-Gripper.webp","type":"image\/webp"}],"twitter_card":"summary_large_image","twitter_misc":{"Dur\u00e9e de lecture estim\u00e9e":"1 minute"},"schema":{"@context":"https:\/\/schema.org","@graph":[{"@type":"WebPage","@id":"https:\/\/lda.be\/fr\/produit\/serie-gra-micro-pinces\/","url":"https:\/\/lda.be\/fr\/produit\/serie-gra-micro-pinces\/","name":"S\u00e9rie GRA micro-pinces - LDA Belgique","isPartOf":{"@id":"https:\/\/lda.be\/fr\/#website"},"primaryImageOfPage":{"@id":"https:\/\/lda.be\/fr\/produit\/serie-gra-micro-pinces\/#primaryimage"},"image":{"@id":"https:\/\/lda.be\/fr\/produit\/serie-gra-micro-pinces\/#primaryimage"},"thumbnailUrl":"https:\/\/lda.be\/wp-content\/uploads\/2026\/01\/Series-GRA-Parallel-Pneumatic-Micro-Gripper.webp","datePublished":"2026-01-12T13:20:09+00:00","dateModified":"2026-01-12T13:44:17+00:00","description":"La s\u00e9rie Phd inc GRA : pr\u00e9henseur parall\u00e8le micro-pneumatique disponible en quatre tailles m\u00e9triques. Ce sont de petits pr\u00e9henseurs disponibles en Belgique chez LDA.","breadcrumb":{"@id":"https:\/\/lda.be\/fr\/produit\/serie-gra-micro-pinces\/#breadcrumb"},"inLanguage":"fr-FR","potentialAction":[{"@type":"ReadAction","target":["https:\/\/lda.be\/fr\/produit\/serie-gra-micro-pinces\/"]}]},{"@type":"ImageObject","inLanguage":"fr-FR","@id":"https:\/\/lda.be\/fr\/produit\/serie-gra-micro-pinces\/#primaryimage","url":"https:\/\/lda.be\/wp-content\/uploads\/2026\/01\/Series-GRA-Parallel-Pneumatic-Micro-Gripper.webp","contentUrl":"https:\/\/lda.be\/wp-content\/uploads\/2026\/01\/Series-GRA-Parallel-Pneumatic-Micro-Gripper.webp","width":1280,"height":1280,"caption":"Series GRA Parallel Pneumatic Micro Gripper"},{"@type":"BreadcrumbList","@id":"https:\/\/lda.be\/fr\/produit\/serie-gra-micro-pinces\/#breadcrumb","itemListElement":[{"@type":"ListItem","position":1,"name":"Accueil","item":"https:\/\/lda.be\/fr\/"},{"@type":"ListItem","position":2,"name":"Produits","item":"https:\/\/lda.be\/fr\/produits\/"},{"@type":"ListItem","position":3,"name":"S\u00e9rie GRA micro-pinces"}]},{"@type":"WebSite","@id":"https:\/\/lda.be\/fr\/#website","url":"https:\/\/lda.be\/fr\/","name":"LDA Belgium","description":"Solutions For Life","publisher":{"@id":"https:\/\/lda.be\/fr\/#organization"},"potentialAction":[{"@type":"SearchAction","target":{"@type":"EntryPoint","urlTemplate":"https:\/\/lda.be\/fr\/?s={search_term_string}"},"query-input":{"@type":"PropertyValueSpecification","valueRequired":true,"valueName":"search_term_string"}}],"inLanguage":"fr-FR"},{"@type":"Organization","@id":"https:\/\/lda.be\/fr\/#organization","name":"LDA Belgium","url":"https:\/\/lda.be\/fr\/","logo":{"@type":"ImageObject","inLanguage":"fr-FR","@id":"https:\/\/lda.be\/fr\/#\/schema\/logo\/image\/","url":"https:\/\/lda.be\/wp-content\/uploads\/2022\/07\/Logo-LDA.webp","contentUrl":"https:\/\/lda.be\/wp-content\/uploads\/2022\/07\/Logo-LDA.webp","width":311,"height":101,"caption":"LDA Belgium"},"image":{"@id":"https:\/\/lda.be\/fr\/#\/schema\/logo\/image\/"},"sameAs":["https:\/\/www.linkedin.com\/company\/lda-belgium-nv"]}]}},"_links":{"self":[{"href":"https:\/\/lda.be\/fr\/wp-json\/wp\/v2\/product\/15048","targetHints":{"allow":["GET"]}}],"collection":[{"href":"https:\/\/lda.be\/fr\/wp-json\/wp\/v2\/product"}],"about":[{"href":"https:\/\/lda.be\/fr\/wp-json\/wp\/v2\/types\/product"}],"replies":[{"embeddable":true,"href":"https:\/\/lda.be\/fr\/wp-json\/wp\/v2\/comments?post=15048"}],"wp:featuredmedia":[{"embeddable":true,"href":"https:\/\/lda.be\/fr\/wp-json\/wp\/v2\/media\/15042"}],"wp:attachment":[{"href":"https:\/\/lda.be\/fr\/wp-json\/wp\/v2\/media?parent=15048"}],"wp:term":[{"taxonomy":"product_brand","embeddable":true,"href":"https:\/\/lda.be\/fr\/wp-json\/wp\/v2\/product_brand?post=15048"},{"taxonomy":"product_cat","embeddable":true,"href":"https:\/\/lda.be\/fr\/wp-json\/wp\/v2\/product_cat?post=15048"},{"taxonomy":"product_tag","embeddable":true,"href":"https:\/\/lda.be\/fr\/wp-json\/wp\/v2\/product_tag?post=15048"}],"curies":[{"name":"wp","href":"https:\/\/api.w.org\/{rel}","templated":true}]}}