{"id":15372,"date":"2026-01-29T09:13:53","date_gmt":"2026-01-29T08:13:53","guid":{"rendered":"https:\/\/lda.be\/?post_type=product&#038;p=15372"},"modified":"2026-01-29T11:04:42","modified_gmt":"2026-01-29T10:04:42","slug":"mac-pv-serie-installations-de-vannes-a-impulsion","status":"publish","type":"product","link":"https:\/\/lda.be\/fr\/produit\/mac-pv-serie-installations-de-vannes-a-impulsion\/","title":{"rendered":"MAC PV S\u00e9rie Installations de vannes \u00e0 impulsion"},"content":{"rendered":"<p>LDA dispose d&#8217;une \u00e9quipe de service d\u00e9di\u00e9e, \u00e9quip\u00e9e pour r\u00e9aliser des installations et des op\u00e9rations de maintenance sur site.<br \/>\nNotre personnel poss\u00e8de les certifications de s\u00e9curit\u00e9 n\u00e9cessaires pour assurer la maintenance ou la modification de vos syst\u00e8mes critiques en toute s\u00e9curit\u00e9.<\/p>\n<p><span style=\"color: #0000ff;\"><strong>Solutions pour D\u00e9poussi\u00e9reur et D\u00e9colmateur\u00a0:<\/strong><\/span> nous d\u00e9veloppons en interne des collecteurs de vannes \u00e0 impulsion pour vos d\u00e9poussi\u00e9reurs et d\u00e9colmateur \u00a0et font \u00e9galement les installons sur vos installations existants.<br \/>\nLe retour sur investissement est tr\u00e8s rapide gr\u00e2ce \u00e0 d&#8217;importantes \u00e9conomies d&#8217;\u00e9nergie, une dur\u00e9e de vie prolong\u00e9e des filtres \u00e0 manchons, une r\u00e9duction significative des co\u00fbts de remplacement, une diminution des temps d&#8217;arr\u00eat et des \u00e9conomies de main-d&#8217;\u0153uvre.<\/p>\n<p><strong><span style=\"color: #0000ff;\">Solutions pour Silos \u00e0 tr\u00e9mie\u00a0:<\/span><\/strong> Nous optimisons \u00e9galement le flux d&#8217;alimentation pour les produits difficiles \u00e0 acheminer dans les silos \u00e0 tr\u00e9mie, tels que ceux qui s&#8217;agglom\u00e8rent ou collent facilement. Ces modifications sont r\u00e9alis\u00e9es en interne et adapt\u00e9es \u00e0 votre syst\u00e8me de silos sur site.<br \/>\nLe retour sur investissement est tr\u00e8s rapide gr\u00e2ce \u00e0 une am\u00e9lioration significative du flux de produit, une dur\u00e9e de vie prolong\u00e9e du syst\u00e8me, une r\u00e9duction significative des co\u00fbts de remplacement, une diminution des temps d&#8217;arr\u00eat dus aux obstructions et des \u00e9conomies de main-d&#8217;\u0153uvre.<\/p>\n<p><strong><span style=\"color: #0000ff;\">Nos services comprennent\u00a0:<\/span><\/strong><\/p>\n<ul>\n<li>Installation, optimisation et am\u00e9lioration de l&#8217;efficacit\u00e9 \u00e9nerg\u00e9tique des D\u00e9poussi\u00e9reur et D\u00e9colmateur industriels.<\/li>\n<li>Installation et optimisation du flux d&#8217;alimentation pour les produits difficiles \u00e0 acheminer dans les silos \u00e0 tr\u00e9mie, par exemple les produits qui s&#8217;agglom\u00e8rent ou collent facilement.<\/li>\n<li>Nous assurons la maintenance de tous nos syst\u00e8mes.<\/li>\n<\/ul>\n<p><strong>Nous fournissons la vanne d&#8217;impulsion la plus efficace et la plus durable actuellement disponible sur le march\u00e9.<\/strong><\/p>\n","protected":false},"excerpt":{"rendered":"<p>LDA dispose d&#8217;une \u00e9quipe de service d\u00e9di\u00e9e, \u00e9quip\u00e9e pour r\u00e9aliser des installations et des op\u00e9rations de maintenance sur site. Notre personnel poss\u00e8de les certifications de s\u00e9curit\u00e9 n\u00e9cessaires pour assurer la maintenance ou la modification de vos syst\u00e8mes critiques en toute s\u00e9curit\u00e9. Solutions pour D\u00e9poussi\u00e9reur et D\u00e9colmateur\u00a0: nous d\u00e9veloppons en interne des collecteurs de vannes \u00e0 [&hellip;]<\/p>\n","protected":false},"featured_media":15370,"comment_status":"closed","ping_status":"closed","template":"","meta":[],"product_brand":[1257,1280],"product_cat":[996,1118,1150],"product_tag":[],"class_list":{"0":"post-15372","1":"product","2":"type-product","3":"status-publish","4":"has-post-thumbnail","6":"product_brand-mac","7":"product_brand-pv","8":"product_cat-pneumatique","9":"product_cat-vannes-pneumatique","10":"product_cat-vanne-de-decolmatage","12":"first","13":"instock","14":"shipping-taxable","15":"product-type-simple"},"yoast_head":"<!-- This site is optimized with the Yoast SEO plugin v27.3 - https:\/\/yoast.com\/product\/yoast-seo-wordpress\/ -->\n<title>MAC PV S\u00e9rie Installations de vannes \u00e0 impulsion - LDA Belgique<\/title>\n<meta name=\"robots\" content=\"index, follow, max-snippet:-1, max-image-preview:large, max-video-preview:-1\" \/>\n<link rel=\"canonical\" href=\"https:\/\/lda.be\/fr\/produit\/mac-pv-serie-installations-de-vannes-a-impulsion\/\" \/>\n<meta property=\"og:locale\" content=\"fr_FR\" \/>\n<meta property=\"og:type\" content=\"article\" \/>\n<meta property=\"og:title\" content=\"MAC PV S\u00e9rie Installations de vannes \u00e0 impulsion - LDA Belgique\" \/>\n<meta property=\"og:description\" content=\"LDA dispose d&#8217;une \u00e9quipe de service d\u00e9di\u00e9e, \u00e9quip\u00e9e pour r\u00e9aliser des installations et des op\u00e9rations de maintenance sur site. Notre personnel poss\u00e8de les certifications de s\u00e9curit\u00e9 n\u00e9cessaires pour assurer la maintenance ou la modification de vos syst\u00e8mes critiques en toute s\u00e9curit\u00e9. Solutions pour D\u00e9poussi\u00e9reur et D\u00e9colmateur\u00a0: nous d\u00e9veloppons en interne des collecteurs de vannes \u00e0 [&hellip;]\" \/>\n<meta property=\"og:url\" content=\"https:\/\/lda.be\/fr\/produit\/mac-pv-serie-installations-de-vannes-a-impulsion\/\" \/>\n<meta property=\"og:site_name\" content=\"LDA Belgique\" \/>\n<meta property=\"article:modified_time\" content=\"2026-01-29T10:04:42+00:00\" \/>\n<meta property=\"og:image\" content=\"https:\/\/lda.be\/wp-content\/uploads\/2026\/01\/On-site-Installations-\u25a01440.webp\" \/>\n\t<meta property=\"og:image:width\" content=\"1440\" \/>\n\t<meta property=\"og:image:height\" content=\"1440\" \/>\n\t<meta property=\"og:image:type\" content=\"image\/webp\" \/>\n<meta name=\"twitter:card\" content=\"summary_large_image\" \/>\n<meta name=\"twitter:label1\" content=\"Dur\u00e9e de lecture estim\u00e9e\" \/>\n\t<meta name=\"twitter:data1\" content=\"2 minutes\" \/>\n<script type=\"application\/ld+json\" class=\"yoast-schema-graph\">{\"@context\":\"https:\\\/\\\/schema.org\",\"@graph\":[{\"@type\":\"WebPage\",\"@id\":\"https:\\\/\\\/lda.be\\\/fr\\\/produit\\\/mac-pv-serie-installations-de-vannes-a-impulsion\\\/\",\"url\":\"https:\\\/\\\/lda.be\\\/fr\\\/produit\\\/mac-pv-serie-installations-de-vannes-a-impulsion\\\/\",\"name\":\"MAC PV S\u00e9rie Installations de vannes \u00e0 impulsion - LDA Belgique\",\"isPartOf\":{\"@id\":\"https:\\\/\\\/lda.be\\\/fr\\\/#website\"},\"primaryImageOfPage\":{\"@id\":\"https:\\\/\\\/lda.be\\\/fr\\\/produit\\\/mac-pv-serie-installations-de-vannes-a-impulsion\\\/#primaryimage\"},\"image\":{\"@id\":\"https:\\\/\\\/lda.be\\\/fr\\\/produit\\\/mac-pv-serie-installations-de-vannes-a-impulsion\\\/#primaryimage\"},\"thumbnailUrl\":\"https:\\\/\\\/lda.be\\\/wp-content\\\/uploads\\\/2026\\\/01\\\/On-site-Installations-\u25a01440.webp\",\"datePublished\":\"2026-01-29T08:13:53+00:00\",\"dateModified\":\"2026-01-29T10:04:42+00:00\",\"breadcrumb\":{\"@id\":\"https:\\\/\\\/lda.be\\\/fr\\\/produit\\\/mac-pv-serie-installations-de-vannes-a-impulsion\\\/#breadcrumb\"},\"inLanguage\":\"fr-FR\",\"potentialAction\":[{\"@type\":\"ReadAction\",\"target\":[\"https:\\\/\\\/lda.be\\\/fr\\\/produit\\\/mac-pv-serie-installations-de-vannes-a-impulsion\\\/\"]}]},{\"@type\":\"ImageObject\",\"inLanguage\":\"fr-FR\",\"@id\":\"https:\\\/\\\/lda.be\\\/fr\\\/produit\\\/mac-pv-serie-installations-de-vannes-a-impulsion\\\/#primaryimage\",\"url\":\"https:\\\/\\\/lda.be\\\/wp-content\\\/uploads\\\/2026\\\/01\\\/On-site-Installations-\u25a01440.webp\",\"contentUrl\":\"https:\\\/\\\/lda.be\\\/wp-content\\\/uploads\\\/2026\\\/01\\\/On-site-Installations-\u25a01440.webp\",\"width\":1440,\"height\":1440},{\"@type\":\"BreadcrumbList\",\"@id\":\"https:\\\/\\\/lda.be\\\/fr\\\/produit\\\/mac-pv-serie-installations-de-vannes-a-impulsion\\\/#breadcrumb\",\"itemListElement\":[{\"@type\":\"ListItem\",\"position\":1,\"name\":\"Accueil\",\"item\":\"https:\\\/\\\/lda.be\\\/fr\\\/\"},{\"@type\":\"ListItem\",\"position\":2,\"name\":\"Produits\",\"item\":\"https:\\\/\\\/lda.be\\\/fr\\\/produits\\\/\"},{\"@type\":\"ListItem\",\"position\":3,\"name\":\"MAC PV S\u00e9rie Installations de vannes \u00e0 impulsion\"}]},{\"@type\":\"WebSite\",\"@id\":\"https:\\\/\\\/lda.be\\\/fr\\\/#website\",\"url\":\"https:\\\/\\\/lda.be\\\/fr\\\/\",\"name\":\"LDA Belgium\",\"description\":\"Solutions For Life\",\"publisher\":{\"@id\":\"https:\\\/\\\/lda.be\\\/fr\\\/#organization\"},\"potentialAction\":[{\"@type\":\"SearchAction\",\"target\":{\"@type\":\"EntryPoint\",\"urlTemplate\":\"https:\\\/\\\/lda.be\\\/fr\\\/?s={search_term_string}\"},\"query-input\":{\"@type\":\"PropertyValueSpecification\",\"valueRequired\":true,\"valueName\":\"search_term_string\"}}],\"inLanguage\":\"fr-FR\"},{\"@type\":\"Organization\",\"@id\":\"https:\\\/\\\/lda.be\\\/fr\\\/#organization\",\"name\":\"LDA Belgium\",\"url\":\"https:\\\/\\\/lda.be\\\/fr\\\/\",\"logo\":{\"@type\":\"ImageObject\",\"inLanguage\":\"fr-FR\",\"@id\":\"https:\\\/\\\/lda.be\\\/fr\\\/#\\\/schema\\\/logo\\\/image\\\/\",\"url\":\"https:\\\/\\\/lda.be\\\/wp-content\\\/uploads\\\/2022\\\/07\\\/Logo-LDA.webp\",\"contentUrl\":\"https:\\\/\\\/lda.be\\\/wp-content\\\/uploads\\\/2022\\\/07\\\/Logo-LDA.webp\",\"width\":311,\"height\":101,\"caption\":\"LDA Belgium\"},\"image\":{\"@id\":\"https:\\\/\\\/lda.be\\\/fr\\\/#\\\/schema\\\/logo\\\/image\\\/\"},\"sameAs\":[\"https:\\\/\\\/www.linkedin.com\\\/company\\\/lda-belgium-nv\"]}]}<\/script>\n<!-- \/ Yoast SEO plugin. -->","yoast_head_json":{"title":"MAC PV S\u00e9rie Installations de vannes \u00e0 impulsion - LDA Belgique","robots":{"index":"index","follow":"follow","max-snippet":"max-snippet:-1","max-image-preview":"max-image-preview:large","max-video-preview":"max-video-preview:-1"},"canonical":"https:\/\/lda.be\/fr\/produit\/mac-pv-serie-installations-de-vannes-a-impulsion\/","og_locale":"fr_FR","og_type":"article","og_title":"MAC PV S\u00e9rie Installations de vannes \u00e0 impulsion - LDA Belgique","og_description":"LDA dispose d&#8217;une \u00e9quipe de service d\u00e9di\u00e9e, \u00e9quip\u00e9e pour r\u00e9aliser des installations et des op\u00e9rations de maintenance sur site. Notre personnel poss\u00e8de les certifications de s\u00e9curit\u00e9 n\u00e9cessaires pour assurer la maintenance ou la modification de vos syst\u00e8mes critiques en toute s\u00e9curit\u00e9. Solutions pour D\u00e9poussi\u00e9reur et D\u00e9colmateur\u00a0: nous d\u00e9veloppons en interne des collecteurs de vannes \u00e0 [&hellip;]","og_url":"https:\/\/lda.be\/fr\/produit\/mac-pv-serie-installations-de-vannes-a-impulsion\/","og_site_name":"LDA Belgique","article_modified_time":"2026-01-29T10:04:42+00:00","og_image":[{"width":1440,"height":1440,"url":"https:\/\/lda.be\/wp-content\/uploads\/2026\/01\/On-site-Installations-\u25a01440.webp","type":"image\/webp"}],"twitter_card":"summary_large_image","twitter_misc":{"Dur\u00e9e de lecture estim\u00e9e":"2 minutes"},"schema":{"@context":"https:\/\/schema.org","@graph":[{"@type":"WebPage","@id":"https:\/\/lda.be\/fr\/produit\/mac-pv-serie-installations-de-vannes-a-impulsion\/","url":"https:\/\/lda.be\/fr\/produit\/mac-pv-serie-installations-de-vannes-a-impulsion\/","name":"MAC PV S\u00e9rie Installations de vannes \u00e0 impulsion - LDA Belgique","isPartOf":{"@id":"https:\/\/lda.be\/fr\/#website"},"primaryImageOfPage":{"@id":"https:\/\/lda.be\/fr\/produit\/mac-pv-serie-installations-de-vannes-a-impulsion\/#primaryimage"},"image":{"@id":"https:\/\/lda.be\/fr\/produit\/mac-pv-serie-installations-de-vannes-a-impulsion\/#primaryimage"},"thumbnailUrl":"https:\/\/lda.be\/wp-content\/uploads\/2026\/01\/On-site-Installations-\u25a01440.webp","datePublished":"2026-01-29T08:13:53+00:00","dateModified":"2026-01-29T10:04:42+00:00","breadcrumb":{"@id":"https:\/\/lda.be\/fr\/produit\/mac-pv-serie-installations-de-vannes-a-impulsion\/#breadcrumb"},"inLanguage":"fr-FR","potentialAction":[{"@type":"ReadAction","target":["https:\/\/lda.be\/fr\/produit\/mac-pv-serie-installations-de-vannes-a-impulsion\/"]}]},{"@type":"ImageObject","inLanguage":"fr-FR","@id":"https:\/\/lda.be\/fr\/produit\/mac-pv-serie-installations-de-vannes-a-impulsion\/#primaryimage","url":"https:\/\/lda.be\/wp-content\/uploads\/2026\/01\/On-site-Installations-\u25a01440.webp","contentUrl":"https:\/\/lda.be\/wp-content\/uploads\/2026\/01\/On-site-Installations-\u25a01440.webp","width":1440,"height":1440},{"@type":"BreadcrumbList","@id":"https:\/\/lda.be\/fr\/produit\/mac-pv-serie-installations-de-vannes-a-impulsion\/#breadcrumb","itemListElement":[{"@type":"ListItem","position":1,"name":"Accueil","item":"https:\/\/lda.be\/fr\/"},{"@type":"ListItem","position":2,"name":"Produits","item":"https:\/\/lda.be\/fr\/produits\/"},{"@type":"ListItem","position":3,"name":"MAC PV S\u00e9rie Installations de vannes \u00e0 impulsion"}]},{"@type":"WebSite","@id":"https:\/\/lda.be\/fr\/#website","url":"https:\/\/lda.be\/fr\/","name":"LDA Belgium","description":"Solutions For Life","publisher":{"@id":"https:\/\/lda.be\/fr\/#organization"},"potentialAction":[{"@type":"SearchAction","target":{"@type":"EntryPoint","urlTemplate":"https:\/\/lda.be\/fr\/?s={search_term_string}"},"query-input":{"@type":"PropertyValueSpecification","valueRequired":true,"valueName":"search_term_string"}}],"inLanguage":"fr-FR"},{"@type":"Organization","@id":"https:\/\/lda.be\/fr\/#organization","name":"LDA Belgium","url":"https:\/\/lda.be\/fr\/","logo":{"@type":"ImageObject","inLanguage":"fr-FR","@id":"https:\/\/lda.be\/fr\/#\/schema\/logo\/image\/","url":"https:\/\/lda.be\/wp-content\/uploads\/2022\/07\/Logo-LDA.webp","contentUrl":"https:\/\/lda.be\/wp-content\/uploads\/2022\/07\/Logo-LDA.webp","width":311,"height":101,"caption":"LDA Belgium"},"image":{"@id":"https:\/\/lda.be\/fr\/#\/schema\/logo\/image\/"},"sameAs":["https:\/\/www.linkedin.com\/company\/lda-belgium-nv"]}]}},"_links":{"self":[{"href":"https:\/\/lda.be\/fr\/wp-json\/wp\/v2\/product\/15372","targetHints":{"allow":["GET"]}}],"collection":[{"href":"https:\/\/lda.be\/fr\/wp-json\/wp\/v2\/product"}],"about":[{"href":"https:\/\/lda.be\/fr\/wp-json\/wp\/v2\/types\/product"}],"replies":[{"embeddable":true,"href":"https:\/\/lda.be\/fr\/wp-json\/wp\/v2\/comments?post=15372"}],"wp:featuredmedia":[{"embeddable":true,"href":"https:\/\/lda.be\/fr\/wp-json\/wp\/v2\/media\/15370"}],"wp:attachment":[{"href":"https:\/\/lda.be\/fr\/wp-json\/wp\/v2\/media?parent=15372"}],"wp:term":[{"taxonomy":"product_brand","embeddable":true,"href":"https:\/\/lda.be\/fr\/wp-json\/wp\/v2\/product_brand?post=15372"},{"taxonomy":"product_cat","embeddable":true,"href":"https:\/\/lda.be\/fr\/wp-json\/wp\/v2\/product_cat?post=15372"},{"taxonomy":"product_tag","embeddable":true,"href":"https:\/\/lda.be\/fr\/wp-json\/wp\/v2\/product_tag?post=15372"}],"curies":[{"name":"wp","href":"https:\/\/api.w.org\/{rel}","templated":true}]}}