{"id":15393,"date":"2026-02-02T16:17:38","date_gmt":"2026-02-02T15:17:38","guid":{"rendered":"https:\/\/lda.be\/?post_type=product&#038;p=15393"},"modified":"2026-02-02T16:37:51","modified_gmt":"2026-02-02T15:37:51","slug":"serie-ppc-pinces-paralleles-o-6-a-40-double-effet-magnetiques","status":"publish","type":"product","link":"https:\/\/lda.be\/fr\/produit\/serie-ppc-pinces-paralleles-o-6-a-40-double-effet-magnetiques\/","title":{"rendered":"S\u00e9rie PPC pinces parall\u00e8les \u00d8 6 \u00e0 40, double effet, magn\u00e9tiques"},"content":{"rendered":"<p>La <strong>s\u00e9rie PPC<\/strong> incarne une classe avanc\u00e9e de pinces parall\u00e8les guid\u00e9es, con\u00e7ue pour les applications o\u00f9 pr\u00e9cision, fiabilit\u00e9 et r\u00e9p\u00e9tabilit\u00e9 sont essentielles. Gr\u00e2ce \u00e0 son <strong>m\u00e9canisme parall\u00e8le guid\u00e9<\/strong> et sa <strong>d\u00e9tection magn\u00e9tique de position<\/strong>, cette s\u00e9rie offre un \u00e9quilibre optimal entre compacit\u00e9, force et pr\u00e9cision. Disponible en configurations <strong>double effet<\/strong> et <strong>simple effet<\/strong>, la PPC assure une flexibilit\u00e9 maximale pour diverses applications industrielles et automatis\u00e9es. Sa <strong>construction ing\u00e9nieuse<\/strong> minimise l\u2019usure et garantit une longue dur\u00e9e de vie, m\u00eame en cas d\u2019utilisation intensive.<\/p>\n","protected":false},"excerpt":{"rendered":"<p>La s\u00e9rie PPC incarne une classe avanc\u00e9e de pinces parall\u00e8les guid\u00e9es, con\u00e7ue pour les applications o\u00f9 pr\u00e9cision, fiabilit\u00e9 et r\u00e9p\u00e9tabilit\u00e9 sont essentielles. Gr\u00e2ce \u00e0 son m\u00e9canisme parall\u00e8le guid\u00e9 et sa d\u00e9tection magn\u00e9tique de position, cette s\u00e9rie offre un \u00e9quilibre optimal entre compacit\u00e9, force et pr\u00e9cision. Disponible en configurations double effet et simple effet, la PPC [&hellip;]<\/p>\n","protected":false},"featured_media":15390,"comment_status":"closed","ping_status":"closed","template":"","meta":[],"product_brand":[1831,1885],"product_cat":[1084],"product_tag":[],"class_list":{"0":"post-15393","1":"product","2":"type-product","3":"status-publish","4":"has-post-thumbnail","6":"product_brand-api","7":"product_brand-grippers","8":"product_cat-pinces-a-serrage-parallele","10":"first","11":"instock","12":"shipping-taxable","13":"product-type-simple"},"yoast_head":"<!-- This site is optimized with the Yoast SEO plugin v27.3 - https:\/\/yoast.com\/product\/yoast-seo-wordpress\/ -->\n<title>S\u00e9rie PPC pinces parall\u00e8les \u00d8 6 \u00e0 40, double effet, magn\u00e9tiques - LDA Belgique<\/title>\n<meta name=\"description\" content=\"S\u00e9rie PPC: pince guid\u00e9e parall\u00e8le magn\u00e9tique. Id\u00e9ale pour la manipulation de pr\u00e9cision dans les syst\u00e8mes automatis\u00e9s avec forces faibles \u00e0 \u00e9lev\u00e9es.\" \/>\n<meta name=\"robots\" content=\"index, follow, max-snippet:-1, max-image-preview:large, max-video-preview:-1\" \/>\n<link rel=\"canonical\" href=\"https:\/\/lda.be\/fr\/produit\/serie-ppc-pinces-paralleles-o-6-a-40-double-effet-magnetiques\/\" \/>\n<meta property=\"og:locale\" content=\"fr_FR\" \/>\n<meta property=\"og:type\" content=\"article\" \/>\n<meta property=\"og:title\" content=\"S\u00e9rie PPC pinces parall\u00e8les \u00d8 6 \u00e0 40, double effet, magn\u00e9tiques - LDA Belgique\" \/>\n<meta property=\"og:description\" content=\"S\u00e9rie PPC: pince guid\u00e9e parall\u00e8le magn\u00e9tique. Id\u00e9ale pour la manipulation de pr\u00e9cision dans les syst\u00e8mes automatis\u00e9s avec forces faibles \u00e0 \u00e9lev\u00e9es.\" \/>\n<meta property=\"og:url\" content=\"https:\/\/lda.be\/fr\/produit\/serie-ppc-pinces-paralleles-o-6-a-40-double-effet-magnetiques\/\" \/>\n<meta property=\"og:site_name\" content=\"LDA Belgique\" \/>\n<meta property=\"article:modified_time\" content=\"2026-02-02T15:37:51+00:00\" \/>\n<meta property=\"og:image\" content=\"https:\/\/lda.be\/wp-content\/uploads\/2026\/02\/PPC-parallel-gripper-from-API.webp\" \/>\n\t<meta property=\"og:image:width\" content=\"1280\" \/>\n\t<meta property=\"og:image:height\" content=\"1280\" \/>\n\t<meta property=\"og:image:type\" content=\"image\/webp\" \/>\n<meta name=\"twitter:card\" content=\"summary_large_image\" \/>\n<meta name=\"twitter:label1\" content=\"Dur\u00e9e de lecture estim\u00e9e\" \/>\n\t<meta name=\"twitter:data1\" content=\"1 minute\" \/>\n<script type=\"application\/ld+json\" class=\"yoast-schema-graph\">{\"@context\":\"https:\\\/\\\/schema.org\",\"@graph\":[{\"@type\":\"WebPage\",\"@id\":\"https:\\\/\\\/lda.be\\\/fr\\\/produit\\\/serie-ppc-pinces-paralleles-o-6-a-40-double-effet-magnetiques\\\/\",\"url\":\"https:\\\/\\\/lda.be\\\/fr\\\/produit\\\/serie-ppc-pinces-paralleles-o-6-a-40-double-effet-magnetiques\\\/\",\"name\":\"S\u00e9rie PPC pinces parall\u00e8les \u00d8 6 \u00e0 40, double effet, magn\u00e9tiques - LDA Belgique\",\"isPartOf\":{\"@id\":\"https:\\\/\\\/lda.be\\\/fr\\\/#website\"},\"primaryImageOfPage\":{\"@id\":\"https:\\\/\\\/lda.be\\\/fr\\\/produit\\\/serie-ppc-pinces-paralleles-o-6-a-40-double-effet-magnetiques\\\/#primaryimage\"},\"image\":{\"@id\":\"https:\\\/\\\/lda.be\\\/fr\\\/produit\\\/serie-ppc-pinces-paralleles-o-6-a-40-double-effet-magnetiques\\\/#primaryimage\"},\"thumbnailUrl\":\"https:\\\/\\\/lda.be\\\/wp-content\\\/uploads\\\/2026\\\/02\\\/PPC-parallel-gripper-from-API.webp\",\"datePublished\":\"2026-02-02T15:17:38+00:00\",\"dateModified\":\"2026-02-02T15:37:51+00:00\",\"description\":\"S\u00e9rie PPC: pince guid\u00e9e parall\u00e8le magn\u00e9tique. Id\u00e9ale pour la manipulation de pr\u00e9cision dans les syst\u00e8mes automatis\u00e9s avec forces faibles \u00e0 \u00e9lev\u00e9es.\",\"breadcrumb\":{\"@id\":\"https:\\\/\\\/lda.be\\\/fr\\\/produit\\\/serie-ppc-pinces-paralleles-o-6-a-40-double-effet-magnetiques\\\/#breadcrumb\"},\"inLanguage\":\"fr-FR\",\"potentialAction\":[{\"@type\":\"ReadAction\",\"target\":[\"https:\\\/\\\/lda.be\\\/fr\\\/produit\\\/serie-ppc-pinces-paralleles-o-6-a-40-double-effet-magnetiques\\\/\"]}]},{\"@type\":\"ImageObject\",\"inLanguage\":\"fr-FR\",\"@id\":\"https:\\\/\\\/lda.be\\\/fr\\\/produit\\\/serie-ppc-pinces-paralleles-o-6-a-40-double-effet-magnetiques\\\/#primaryimage\",\"url\":\"https:\\\/\\\/lda.be\\\/wp-content\\\/uploads\\\/2026\\\/02\\\/PPC-parallel-gripper-from-API.webp\",\"contentUrl\":\"https:\\\/\\\/lda.be\\\/wp-content\\\/uploads\\\/2026\\\/02\\\/PPC-parallel-gripper-from-API.webp\",\"width\":1280,\"height\":1280,\"caption\":\"PPC parallel gripper from API\"},{\"@type\":\"BreadcrumbList\",\"@id\":\"https:\\\/\\\/lda.be\\\/fr\\\/produit\\\/serie-ppc-pinces-paralleles-o-6-a-40-double-effet-magnetiques\\\/#breadcrumb\",\"itemListElement\":[{\"@type\":\"ListItem\",\"position\":1,\"name\":\"Accueil\",\"item\":\"https:\\\/\\\/lda.be\\\/fr\\\/\"},{\"@type\":\"ListItem\",\"position\":2,\"name\":\"Produits\",\"item\":\"https:\\\/\\\/lda.be\\\/fr\\\/produits\\\/\"},{\"@type\":\"ListItem\",\"position\":3,\"name\":\"S\u00e9rie PPC pinces parall\u00e8les \u00d8 6 \u00e0 40, double effet, magn\u00e9tiques\"}]},{\"@type\":\"WebSite\",\"@id\":\"https:\\\/\\\/lda.be\\\/fr\\\/#website\",\"url\":\"https:\\\/\\\/lda.be\\\/fr\\\/\",\"name\":\"LDA Belgium\",\"description\":\"Solutions For Life\",\"publisher\":{\"@id\":\"https:\\\/\\\/lda.be\\\/fr\\\/#organization\"},\"potentialAction\":[{\"@type\":\"SearchAction\",\"target\":{\"@type\":\"EntryPoint\",\"urlTemplate\":\"https:\\\/\\\/lda.be\\\/fr\\\/?s={search_term_string}\"},\"query-input\":{\"@type\":\"PropertyValueSpecification\",\"valueRequired\":true,\"valueName\":\"search_term_string\"}}],\"inLanguage\":\"fr-FR\"},{\"@type\":\"Organization\",\"@id\":\"https:\\\/\\\/lda.be\\\/fr\\\/#organization\",\"name\":\"LDA Belgium\",\"url\":\"https:\\\/\\\/lda.be\\\/fr\\\/\",\"logo\":{\"@type\":\"ImageObject\",\"inLanguage\":\"fr-FR\",\"@id\":\"https:\\\/\\\/lda.be\\\/fr\\\/#\\\/schema\\\/logo\\\/image\\\/\",\"url\":\"https:\\\/\\\/lda.be\\\/wp-content\\\/uploads\\\/2022\\\/07\\\/Logo-LDA.webp\",\"contentUrl\":\"https:\\\/\\\/lda.be\\\/wp-content\\\/uploads\\\/2022\\\/07\\\/Logo-LDA.webp\",\"width\":311,\"height\":101,\"caption\":\"LDA Belgium\"},\"image\":{\"@id\":\"https:\\\/\\\/lda.be\\\/fr\\\/#\\\/schema\\\/logo\\\/image\\\/\"},\"sameAs\":[\"https:\\\/\\\/www.linkedin.com\\\/company\\\/lda-belgium-nv\"]}]}<\/script>\n<!-- \/ Yoast SEO plugin. -->","yoast_head_json":{"title":"S\u00e9rie PPC pinces parall\u00e8les \u00d8 6 \u00e0 40, double effet, magn\u00e9tiques - LDA Belgique","description":"S\u00e9rie PPC: pince guid\u00e9e parall\u00e8le magn\u00e9tique. Id\u00e9ale pour la manipulation de pr\u00e9cision dans les syst\u00e8mes automatis\u00e9s avec forces faibles \u00e0 \u00e9lev\u00e9es.","robots":{"index":"index","follow":"follow","max-snippet":"max-snippet:-1","max-image-preview":"max-image-preview:large","max-video-preview":"max-video-preview:-1"},"canonical":"https:\/\/lda.be\/fr\/produit\/serie-ppc-pinces-paralleles-o-6-a-40-double-effet-magnetiques\/","og_locale":"fr_FR","og_type":"article","og_title":"S\u00e9rie PPC pinces parall\u00e8les \u00d8 6 \u00e0 40, double effet, magn\u00e9tiques - LDA Belgique","og_description":"S\u00e9rie PPC: pince guid\u00e9e parall\u00e8le magn\u00e9tique. Id\u00e9ale pour la manipulation de pr\u00e9cision dans les syst\u00e8mes automatis\u00e9s avec forces faibles \u00e0 \u00e9lev\u00e9es.","og_url":"https:\/\/lda.be\/fr\/produit\/serie-ppc-pinces-paralleles-o-6-a-40-double-effet-magnetiques\/","og_site_name":"LDA Belgique","article_modified_time":"2026-02-02T15:37:51+00:00","og_image":[{"width":1280,"height":1280,"url":"https:\/\/lda.be\/wp-content\/uploads\/2026\/02\/PPC-parallel-gripper-from-API.webp","type":"image\/webp"}],"twitter_card":"summary_large_image","twitter_misc":{"Dur\u00e9e de lecture estim\u00e9e":"1 minute"},"schema":{"@context":"https:\/\/schema.org","@graph":[{"@type":"WebPage","@id":"https:\/\/lda.be\/fr\/produit\/serie-ppc-pinces-paralleles-o-6-a-40-double-effet-magnetiques\/","url":"https:\/\/lda.be\/fr\/produit\/serie-ppc-pinces-paralleles-o-6-a-40-double-effet-magnetiques\/","name":"S\u00e9rie PPC pinces parall\u00e8les \u00d8 6 \u00e0 40, double effet, magn\u00e9tiques - LDA Belgique","isPartOf":{"@id":"https:\/\/lda.be\/fr\/#website"},"primaryImageOfPage":{"@id":"https:\/\/lda.be\/fr\/produit\/serie-ppc-pinces-paralleles-o-6-a-40-double-effet-magnetiques\/#primaryimage"},"image":{"@id":"https:\/\/lda.be\/fr\/produit\/serie-ppc-pinces-paralleles-o-6-a-40-double-effet-magnetiques\/#primaryimage"},"thumbnailUrl":"https:\/\/lda.be\/wp-content\/uploads\/2026\/02\/PPC-parallel-gripper-from-API.webp","datePublished":"2026-02-02T15:17:38+00:00","dateModified":"2026-02-02T15:37:51+00:00","description":"S\u00e9rie PPC: pince guid\u00e9e parall\u00e8le magn\u00e9tique. Id\u00e9ale pour la manipulation de pr\u00e9cision dans les syst\u00e8mes automatis\u00e9s avec forces faibles \u00e0 \u00e9lev\u00e9es.","breadcrumb":{"@id":"https:\/\/lda.be\/fr\/produit\/serie-ppc-pinces-paralleles-o-6-a-40-double-effet-magnetiques\/#breadcrumb"},"inLanguage":"fr-FR","potentialAction":[{"@type":"ReadAction","target":["https:\/\/lda.be\/fr\/produit\/serie-ppc-pinces-paralleles-o-6-a-40-double-effet-magnetiques\/"]}]},{"@type":"ImageObject","inLanguage":"fr-FR","@id":"https:\/\/lda.be\/fr\/produit\/serie-ppc-pinces-paralleles-o-6-a-40-double-effet-magnetiques\/#primaryimage","url":"https:\/\/lda.be\/wp-content\/uploads\/2026\/02\/PPC-parallel-gripper-from-API.webp","contentUrl":"https:\/\/lda.be\/wp-content\/uploads\/2026\/02\/PPC-parallel-gripper-from-API.webp","width":1280,"height":1280,"caption":"PPC parallel gripper from API"},{"@type":"BreadcrumbList","@id":"https:\/\/lda.be\/fr\/produit\/serie-ppc-pinces-paralleles-o-6-a-40-double-effet-magnetiques\/#breadcrumb","itemListElement":[{"@type":"ListItem","position":1,"name":"Accueil","item":"https:\/\/lda.be\/fr\/"},{"@type":"ListItem","position":2,"name":"Produits","item":"https:\/\/lda.be\/fr\/produits\/"},{"@type":"ListItem","position":3,"name":"S\u00e9rie PPC pinces parall\u00e8les \u00d8 6 \u00e0 40, double effet, magn\u00e9tiques"}]},{"@type":"WebSite","@id":"https:\/\/lda.be\/fr\/#website","url":"https:\/\/lda.be\/fr\/","name":"LDA Belgium","description":"Solutions For Life","publisher":{"@id":"https:\/\/lda.be\/fr\/#organization"},"potentialAction":[{"@type":"SearchAction","target":{"@type":"EntryPoint","urlTemplate":"https:\/\/lda.be\/fr\/?s={search_term_string}"},"query-input":{"@type":"PropertyValueSpecification","valueRequired":true,"valueName":"search_term_string"}}],"inLanguage":"fr-FR"},{"@type":"Organization","@id":"https:\/\/lda.be\/fr\/#organization","name":"LDA Belgium","url":"https:\/\/lda.be\/fr\/","logo":{"@type":"ImageObject","inLanguage":"fr-FR","@id":"https:\/\/lda.be\/fr\/#\/schema\/logo\/image\/","url":"https:\/\/lda.be\/wp-content\/uploads\/2022\/07\/Logo-LDA.webp","contentUrl":"https:\/\/lda.be\/wp-content\/uploads\/2022\/07\/Logo-LDA.webp","width":311,"height":101,"caption":"LDA Belgium"},"image":{"@id":"https:\/\/lda.be\/fr\/#\/schema\/logo\/image\/"},"sameAs":["https:\/\/www.linkedin.com\/company\/lda-belgium-nv"]}]}},"_links":{"self":[{"href":"https:\/\/lda.be\/fr\/wp-json\/wp\/v2\/product\/15393","targetHints":{"allow":["GET"]}}],"collection":[{"href":"https:\/\/lda.be\/fr\/wp-json\/wp\/v2\/product"}],"about":[{"href":"https:\/\/lda.be\/fr\/wp-json\/wp\/v2\/types\/product"}],"replies":[{"embeddable":true,"href":"https:\/\/lda.be\/fr\/wp-json\/wp\/v2\/comments?post=15393"}],"wp:featuredmedia":[{"embeddable":true,"href":"https:\/\/lda.be\/fr\/wp-json\/wp\/v2\/media\/15390"}],"wp:attachment":[{"href":"https:\/\/lda.be\/fr\/wp-json\/wp\/v2\/media?parent=15393"}],"wp:term":[{"taxonomy":"product_brand","embeddable":true,"href":"https:\/\/lda.be\/fr\/wp-json\/wp\/v2\/product_brand?post=15393"},{"taxonomy":"product_cat","embeddable":true,"href":"https:\/\/lda.be\/fr\/wp-json\/wp\/v2\/product_cat?post=15393"},{"taxonomy":"product_tag","embeddable":true,"href":"https:\/\/lda.be\/fr\/wp-json\/wp\/v2\/product_tag?post=15393"}],"curies":[{"name":"wp","href":"https:\/\/api.w.org\/{rel}","templated":true}]}}