{"id":15486,"date":"2026-02-07T15:11:04","date_gmt":"2026-02-07T14:11:04","guid":{"rendered":"https:\/\/lda.be\/?post_type=product&#038;p=15486"},"modified":"2026-02-07T17:59:52","modified_gmt":"2026-02-07T16:59:52","slug":"mac-vannes-iso-atex-certifiees","status":"publish","type":"product","link":"https:\/\/lda.be\/fr\/produit\/mac-vannes-iso-atex-certifiees\/","title":{"rendered":"MAC vannes ISO ATEX certifi\u00e9es"},"content":{"rendered":"<p>Mac Valves propose une large gamme de vannes certifi\u00e9es ATEX, utilisables en environnements gaz\/vapeurs et poussi\u00e8res, conform\u00e9ment aux classifications ATEX suivantes\u00a0:<\/p>\n<p>Gaz\/Vapeurs\u00a0: <strong>II 2 G Ex db IIC T4 Gb<\/strong><br \/>\nPoussi\u00e8res\u00a0: <strong>II 2 D Ex tb IIIC T135C Db<\/strong><\/p>\n<p>Afin de prot\u00e9ger les environnements explosifs contre toute source d&#8217;inflammation (surface chaude, \u00e9tincelle \u00e9lectrique) g\u00e9n\u00e9r\u00e9e par l&#8217;actionneur \u00e9lectrique, chaque vanne \u00e0 commande \u00e9lectrique est \u00e9quip\u00e9e d&#8217;un sol\u00e9no\u00efde D antid\u00e9flagrant.<br \/>\nCe sol\u00e9no\u00efde est compos\u00e9 des \u00e9l\u00e9ments d&#8217;un sol\u00e9no\u00efde D standard, prot\u00e9g\u00e9s par un bo\u00eetier et un presse-\u00e9toupe emp\u00eachant toute \u00e9tincelle ext\u00e9rieure.<\/p>\n<p>La puissance du sol\u00e9no\u00efde est \u00e9galement limit\u00e9e \u00e0 7,3\u00a0W afin de limiter la temp\u00e9rature du corps de vanne en fonctionnement normal.<\/p>\n<p><strong>Disponibilit\u00e9 du produit\u00a0:<\/strong><\/p>\n<p>Cette solution est compatible avec toutes les vannes actionn\u00e9es par un sol\u00e9no\u00efde D et une vanne pilote D.<br \/>\nLes s\u00e9ries de vannes suivantes sont actuellement disponibles\u00a0:<\/p>\n<ul>\n<li>ISO 1<\/li>\n<li>ISO 2<\/li>\n<li>ISO 3<\/li>\n<\/ul>\n<p><strong>Montage :\u00a0<\/strong><\/p>\n<ul>\n<li>Tous les types de montage sont th\u00e9oriquement disponibles\u00a0: montage individuel, Barreaux, juxtaposables, sur embase.<\/li>\n<li>Les dimensions de l&#8217;\u00e9lectrovanne ATEX pouvant ne pas permettre l&#8217;utilisation de barreaux standard, veuillez contacter le fabricant pour conna\u00eetre les diff\u00e9rentes options disponibles.<\/li>\n<\/ul>\n<p><strong>Option Sol\u00e9no\u00efde :<\/strong><\/p>\n<ul>\n<li>Toutes tensions et puissances inf\u00e9rieures \u00e0 7,3 W.<\/li>\n<li>Raccordement \u00e9lectrique avec presse-\u00e9toupe<\/li>\n<\/ul>\n","protected":false},"excerpt":{"rendered":"<p>Mac Valves propose une large gamme de vannes certifi\u00e9es ATEX, utilisables en environnements gaz\/vapeurs et poussi\u00e8res, conform\u00e9ment aux classifications ATEX suivantes\u00a0: Gaz\/Vapeurs\u00a0: II 2 G Ex db IIC T4 Gb Poussi\u00e8res\u00a0: II 2 D Ex tb IIIC T135C Db Afin de prot\u00e9ger les environnements explosifs contre toute source d&#8217;inflammation (surface chaude, \u00e9tincelle \u00e9lectrique) g\u00e9n\u00e9r\u00e9e par [&hellip;]<\/p>\n","protected":false},"featured_media":15505,"comment_status":"closed","ping_status":"closed","template":"","meta":[],"product_brand":[1887,1257],"product_cat":[1889,996,1118],"product_tag":[],"class_list":{"0":"post-15486","1":"product","2":"type-product","3":"status-publish","4":"has-post-thumbnail","6":"product_brand-atex-valves","7":"product_brand-mac","8":"product_cat-vannes-atex","9":"product_cat-pneumatique","10":"product_cat-vannes-pneumatique","12":"first","13":"instock","14":"shipping-taxable","15":"product-type-simple"},"yoast_head":"<!-- This site is optimized with the Yoast SEO plugin v27.1 - https:\/\/yoast.com\/product\/yoast-seo-wordpress\/ -->\n<title>MAC vannes ISO ATEX certifi\u00e9es - LDA Belgique<\/title>\n<meta name=\"robots\" content=\"index, follow, max-snippet:-1, max-image-preview:large, max-video-preview:-1\" \/>\n<link rel=\"canonical\" href=\"https:\/\/lda.be\/fr\/produit\/mac-vannes-iso-atex-certifiees\/\" \/>\n<meta property=\"og:locale\" content=\"fr_FR\" \/>\n<meta property=\"og:type\" content=\"article\" \/>\n<meta property=\"og:title\" content=\"MAC vannes ISO ATEX certifi\u00e9es - LDA Belgique\" \/>\n<meta property=\"og:description\" content=\"Mac Valves propose une large gamme de vannes certifi\u00e9es ATEX, utilisables en environnements gaz\/vapeurs et poussi\u00e8res, conform\u00e9ment aux classifications ATEX suivantes\u00a0: Gaz\/Vapeurs\u00a0: II 2 G Ex db IIC T4 Gb Poussi\u00e8res\u00a0: II 2 D Ex tb IIIC T135C Db Afin de prot\u00e9ger les environnements explosifs contre toute source d&#8217;inflammation (surface chaude, \u00e9tincelle \u00e9lectrique) g\u00e9n\u00e9r\u00e9e par [&hellip;]\" \/>\n<meta property=\"og:url\" content=\"https:\/\/lda.be\/fr\/produit\/mac-vannes-iso-atex-certifiees\/\" \/>\n<meta property=\"og:site_name\" content=\"LDA Belgique\" \/>\n<meta property=\"article:modified_time\" content=\"2026-02-07T16:59:52+00:00\" \/>\n<meta property=\"og:image\" content=\"https:\/\/lda.be\/wp-content\/uploads\/2026\/02\/ISO-ATEX-\u25a01440-1.webp\" \/>\n\t<meta property=\"og:image:width\" content=\"1440\" \/>\n\t<meta property=\"og:image:height\" content=\"1440\" \/>\n\t<meta property=\"og:image:type\" content=\"image\/webp\" \/>\n<meta name=\"twitter:card\" content=\"summary_large_image\" \/>\n<meta name=\"twitter:label1\" content=\"Dur\u00e9e de lecture estim\u00e9e\" \/>\n\t<meta name=\"twitter:data1\" content=\"2 minutes\" \/>\n<script type=\"application\/ld+json\" class=\"yoast-schema-graph\">{\"@context\":\"https:\/\/schema.org\",\"@graph\":[{\"@type\":\"WebPage\",\"@id\":\"https:\/\/lda.be\/fr\/produit\/mac-vannes-iso-atex-certifiees\/\",\"url\":\"https:\/\/lda.be\/fr\/produit\/mac-vannes-iso-atex-certifiees\/\",\"name\":\"MAC vannes ISO ATEX certifi\u00e9es - LDA Belgique\",\"isPartOf\":{\"@id\":\"https:\/\/lda.be\/fr\/#website\"},\"primaryImageOfPage\":{\"@id\":\"https:\/\/lda.be\/fr\/produit\/mac-vannes-iso-atex-certifiees\/#primaryimage\"},\"image\":{\"@id\":\"https:\/\/lda.be\/fr\/produit\/mac-vannes-iso-atex-certifiees\/#primaryimage\"},\"thumbnailUrl\":\"https:\/\/lda.be\/wp-content\/uploads\/2026\/02\/ISO-ATEX-\u25a01440-1.webp\",\"datePublished\":\"2026-02-07T14:11:04+00:00\",\"dateModified\":\"2026-02-07T16:59:52+00:00\",\"breadcrumb\":{\"@id\":\"https:\/\/lda.be\/fr\/produit\/mac-vannes-iso-atex-certifiees\/#breadcrumb\"},\"inLanguage\":\"fr-FR\",\"potentialAction\":[{\"@type\":\"ReadAction\",\"target\":[\"https:\/\/lda.be\/fr\/produit\/mac-vannes-iso-atex-certifiees\/\"]}]},{\"@type\":\"ImageObject\",\"inLanguage\":\"fr-FR\",\"@id\":\"https:\/\/lda.be\/fr\/produit\/mac-vannes-iso-atex-certifiees\/#primaryimage\",\"url\":\"https:\/\/lda.be\/wp-content\/uploads\/2026\/02\/ISO-ATEX-\u25a01440-1.webp\",\"contentUrl\":\"https:\/\/lda.be\/wp-content\/uploads\/2026\/02\/ISO-ATEX-\u25a01440-1.webp\",\"width\":1440,\"height\":1440},{\"@type\":\"BreadcrumbList\",\"@id\":\"https:\/\/lda.be\/fr\/produit\/mac-vannes-iso-atex-certifiees\/#breadcrumb\",\"itemListElement\":[{\"@type\":\"ListItem\",\"position\":1,\"name\":\"Accueil\",\"item\":\"https:\/\/lda.be\/fr\/\"},{\"@type\":\"ListItem\",\"position\":2,\"name\":\"Produits\",\"item\":\"https:\/\/lda.be\/fr\/produits\/\"},{\"@type\":\"ListItem\",\"position\":3,\"name\":\"MAC vannes ISO ATEX certifi\u00e9es\"}]},{\"@type\":\"WebSite\",\"@id\":\"https:\/\/lda.be\/fr\/#website\",\"url\":\"https:\/\/lda.be\/fr\/\",\"name\":\"LDA Belgium\",\"description\":\"Solutions For Life\",\"publisher\":{\"@id\":\"https:\/\/lda.be\/fr\/#organization\"},\"potentialAction\":[{\"@type\":\"SearchAction\",\"target\":{\"@type\":\"EntryPoint\",\"urlTemplate\":\"https:\/\/lda.be\/fr\/?s={search_term_string}\"},\"query-input\":{\"@type\":\"PropertyValueSpecification\",\"valueRequired\":true,\"valueName\":\"search_term_string\"}}],\"inLanguage\":\"fr-FR\"},{\"@type\":\"Organization\",\"@id\":\"https:\/\/lda.be\/fr\/#organization\",\"name\":\"LDA Belgium\",\"url\":\"https:\/\/lda.be\/fr\/\",\"logo\":{\"@type\":\"ImageObject\",\"inLanguage\":\"fr-FR\",\"@id\":\"https:\/\/lda.be\/fr\/#\/schema\/logo\/image\/\",\"url\":\"https:\/\/lda.be\/wp-content\/uploads\/2022\/07\/Logo-LDA.webp\",\"contentUrl\":\"https:\/\/lda.be\/wp-content\/uploads\/2022\/07\/Logo-LDA.webp\",\"width\":311,\"height\":101,\"caption\":\"LDA Belgium\"},\"image\":{\"@id\":\"https:\/\/lda.be\/fr\/#\/schema\/logo\/image\/\"},\"sameAs\":[\"https:\/\/www.linkedin.com\/company\/lda-belgium-nv\"]}]}<\/script>\n<!-- \/ Yoast SEO plugin. -->","yoast_head_json":{"title":"MAC vannes ISO ATEX certifi\u00e9es - LDA Belgique","robots":{"index":"index","follow":"follow","max-snippet":"max-snippet:-1","max-image-preview":"max-image-preview:large","max-video-preview":"max-video-preview:-1"},"canonical":"https:\/\/lda.be\/fr\/produit\/mac-vannes-iso-atex-certifiees\/","og_locale":"fr_FR","og_type":"article","og_title":"MAC vannes ISO ATEX certifi\u00e9es - LDA Belgique","og_description":"Mac Valves propose une large gamme de vannes certifi\u00e9es ATEX, utilisables en environnements gaz\/vapeurs et poussi\u00e8res, conform\u00e9ment aux classifications ATEX suivantes\u00a0: Gaz\/Vapeurs\u00a0: II 2 G Ex db IIC T4 Gb Poussi\u00e8res\u00a0: II 2 D Ex tb IIIC T135C Db Afin de prot\u00e9ger les environnements explosifs contre toute source d&#8217;inflammation (surface chaude, \u00e9tincelle \u00e9lectrique) g\u00e9n\u00e9r\u00e9e par [&hellip;]","og_url":"https:\/\/lda.be\/fr\/produit\/mac-vannes-iso-atex-certifiees\/","og_site_name":"LDA Belgique","article_modified_time":"2026-02-07T16:59:52+00:00","og_image":[{"width":1440,"height":1440,"url":"https:\/\/lda.be\/wp-content\/uploads\/2026\/02\/ISO-ATEX-\u25a01440-1.webp","type":"image\/webp"}],"twitter_card":"summary_large_image","twitter_misc":{"Dur\u00e9e de lecture estim\u00e9e":"2 minutes"},"schema":{"@context":"https:\/\/schema.org","@graph":[{"@type":"WebPage","@id":"https:\/\/lda.be\/fr\/produit\/mac-vannes-iso-atex-certifiees\/","url":"https:\/\/lda.be\/fr\/produit\/mac-vannes-iso-atex-certifiees\/","name":"MAC vannes ISO ATEX certifi\u00e9es - LDA Belgique","isPartOf":{"@id":"https:\/\/lda.be\/fr\/#website"},"primaryImageOfPage":{"@id":"https:\/\/lda.be\/fr\/produit\/mac-vannes-iso-atex-certifiees\/#primaryimage"},"image":{"@id":"https:\/\/lda.be\/fr\/produit\/mac-vannes-iso-atex-certifiees\/#primaryimage"},"thumbnailUrl":"https:\/\/lda.be\/wp-content\/uploads\/2026\/02\/ISO-ATEX-\u25a01440-1.webp","datePublished":"2026-02-07T14:11:04+00:00","dateModified":"2026-02-07T16:59:52+00:00","breadcrumb":{"@id":"https:\/\/lda.be\/fr\/produit\/mac-vannes-iso-atex-certifiees\/#breadcrumb"},"inLanguage":"fr-FR","potentialAction":[{"@type":"ReadAction","target":["https:\/\/lda.be\/fr\/produit\/mac-vannes-iso-atex-certifiees\/"]}]},{"@type":"ImageObject","inLanguage":"fr-FR","@id":"https:\/\/lda.be\/fr\/produit\/mac-vannes-iso-atex-certifiees\/#primaryimage","url":"https:\/\/lda.be\/wp-content\/uploads\/2026\/02\/ISO-ATEX-\u25a01440-1.webp","contentUrl":"https:\/\/lda.be\/wp-content\/uploads\/2026\/02\/ISO-ATEX-\u25a01440-1.webp","width":1440,"height":1440},{"@type":"BreadcrumbList","@id":"https:\/\/lda.be\/fr\/produit\/mac-vannes-iso-atex-certifiees\/#breadcrumb","itemListElement":[{"@type":"ListItem","position":1,"name":"Accueil","item":"https:\/\/lda.be\/fr\/"},{"@type":"ListItem","position":2,"name":"Produits","item":"https:\/\/lda.be\/fr\/produits\/"},{"@type":"ListItem","position":3,"name":"MAC vannes ISO ATEX certifi\u00e9es"}]},{"@type":"WebSite","@id":"https:\/\/lda.be\/fr\/#website","url":"https:\/\/lda.be\/fr\/","name":"LDA Belgium","description":"Solutions For Life","publisher":{"@id":"https:\/\/lda.be\/fr\/#organization"},"potentialAction":[{"@type":"SearchAction","target":{"@type":"EntryPoint","urlTemplate":"https:\/\/lda.be\/fr\/?s={search_term_string}"},"query-input":{"@type":"PropertyValueSpecification","valueRequired":true,"valueName":"search_term_string"}}],"inLanguage":"fr-FR"},{"@type":"Organization","@id":"https:\/\/lda.be\/fr\/#organization","name":"LDA Belgium","url":"https:\/\/lda.be\/fr\/","logo":{"@type":"ImageObject","inLanguage":"fr-FR","@id":"https:\/\/lda.be\/fr\/#\/schema\/logo\/image\/","url":"https:\/\/lda.be\/wp-content\/uploads\/2022\/07\/Logo-LDA.webp","contentUrl":"https:\/\/lda.be\/wp-content\/uploads\/2022\/07\/Logo-LDA.webp","width":311,"height":101,"caption":"LDA Belgium"},"image":{"@id":"https:\/\/lda.be\/fr\/#\/schema\/logo\/image\/"},"sameAs":["https:\/\/www.linkedin.com\/company\/lda-belgium-nv"]}]}},"_links":{"self":[{"href":"https:\/\/lda.be\/fr\/wp-json\/wp\/v2\/product\/15486","targetHints":{"allow":["GET"]}}],"collection":[{"href":"https:\/\/lda.be\/fr\/wp-json\/wp\/v2\/product"}],"about":[{"href":"https:\/\/lda.be\/fr\/wp-json\/wp\/v2\/types\/product"}],"replies":[{"embeddable":true,"href":"https:\/\/lda.be\/fr\/wp-json\/wp\/v2\/comments?post=15486"}],"wp:featuredmedia":[{"embeddable":true,"href":"https:\/\/lda.be\/fr\/wp-json\/wp\/v2\/media\/15505"}],"wp:attachment":[{"href":"https:\/\/lda.be\/fr\/wp-json\/wp\/v2\/media?parent=15486"}],"wp:term":[{"taxonomy":"product_brand","embeddable":true,"href":"https:\/\/lda.be\/fr\/wp-json\/wp\/v2\/product_brand?post=15486"},{"taxonomy":"product_cat","embeddable":true,"href":"https:\/\/lda.be\/fr\/wp-json\/wp\/v2\/product_cat?post=15486"},{"taxonomy":"product_tag","embeddable":true,"href":"https:\/\/lda.be\/fr\/wp-json\/wp\/v2\/product_tag?post=15486"}],"curies":[{"name":"wp","href":"https:\/\/api.w.org\/{rel}","templated":true}]}}