{"id":15518,"date":"2026-02-12T14:47:52","date_gmt":"2026-02-12T13:47:52","guid":{"rendered":"https:\/\/lda.be\/?post_type=product&#038;p=15518"},"modified":"2026-02-12T14:54:58","modified_gmt":"2026-02-12T13:54:58","slug":"serie-ppd-pinces-a-double-effet-o-10-a-40","status":"publish","type":"product","link":"https:\/\/lda.be\/fr\/produit\/serie-ppd-pinces-a-double-effet-o-10-a-40\/","title":{"rendered":"S\u00e9rie PPD pinces \u00e0 double effet \u00d8 10 \u00e0 40"},"content":{"rendered":"<p>La s\u00e9rie PPD \u00e9tablit une nouvelle norme en mati\u00e8re de pinces \u00e0 guidage parall\u00e8le \u00e0 course longue et d\u00e9tection magn\u00e9tique de position. Cette s\u00e9rie combine un m\u00e9canisme parall\u00e8le robuste avec une conception optimis\u00e9e pour une efficacit\u00e9 maximale, m\u00eame avec des courses longues pouvant atteindre 200 mm. Avec une configuration \u00e0 double effet et une d\u00e9tection magn\u00e9tique avanc\u00e9e, la PPD offre une solution pour les industries<\/p>\n","protected":false},"excerpt":{"rendered":"<p>La s\u00e9rie PPD \u00e9tablit une nouvelle norme en mati\u00e8re de pinces \u00e0 guidage parall\u00e8le \u00e0 course longue et d\u00e9tection magn\u00e9tique de position. Cette s\u00e9rie combine un m\u00e9canisme parall\u00e8le robuste avec une conception optimis\u00e9e pour une efficacit\u00e9 maximale, m\u00eame avec des courses longues pouvant atteindre 200 mm. Avec une configuration \u00e0 double effet et une d\u00e9tection [&hellip;]<\/p>\n","protected":false},"featured_media":15516,"comment_status":"closed","ping_status":"closed","template":"","meta":[],"product_brand":[1831,1885],"product_cat":[1084],"product_tag":[],"class_list":{"0":"post-15518","1":"product","2":"type-product","3":"status-publish","4":"has-post-thumbnail","6":"product_brand-api","7":"product_brand-grippers","8":"product_cat-pinces-a-serrage-parallele","10":"first","11":"instock","12":"shipping-taxable","13":"product-type-simple"},"yoast_head":"<!-- This site is optimized with the Yoast SEO plugin v27.1 - https:\/\/yoast.com\/product\/yoast-seo-wordpress\/ -->\n<title>S\u00e9rie PPD pinces \u00e0 double effet \u00d8 10 \u00e0 40 - LDA Belgique<\/title>\n<meta name=\"description\" content=\"S\u00e9rie PPD: pince parall\u00e8le guid\u00e9e \u00e0 longue course et d\u00e9tection magn\u00e9tique. Id\u00e9ale pour les applications de pr\u00e9cision dans l&#039;automatisation industrielle\" \/>\n<meta name=\"robots\" content=\"index, follow, max-snippet:-1, max-image-preview:large, max-video-preview:-1\" \/>\n<link rel=\"canonical\" href=\"https:\/\/lda.be\/fr\/produit\/serie-ppd-pinces-a-double-effet-o-10-a-40\/\" \/>\n<meta property=\"og:locale\" content=\"fr_FR\" \/>\n<meta property=\"og:type\" content=\"article\" \/>\n<meta property=\"og:title\" content=\"S\u00e9rie PPD pinces \u00e0 double effet \u00d8 10 \u00e0 40 - LDA Belgique\" \/>\n<meta property=\"og:description\" content=\"S\u00e9rie PPD: pince parall\u00e8le guid\u00e9e \u00e0 longue course et d\u00e9tection magn\u00e9tique. Id\u00e9ale pour les applications de pr\u00e9cision dans l&#039;automatisation industrielle\" \/>\n<meta property=\"og:url\" content=\"https:\/\/lda.be\/fr\/produit\/serie-ppd-pinces-a-double-effet-o-10-a-40\/\" \/>\n<meta property=\"og:site_name\" content=\"LDA Belgique\" \/>\n<meta property=\"article:modified_time\" content=\"2026-02-12T13:54:58+00:00\" \/>\n<meta property=\"og:image\" content=\"https:\/\/lda.be\/wp-content\/uploads\/2026\/02\/Serie-PPD-double-acting-gripppers.webp\" \/>\n\t<meta property=\"og:image:width\" content=\"1280\" \/>\n\t<meta property=\"og:image:height\" content=\"1280\" \/>\n\t<meta property=\"og:image:type\" content=\"image\/webp\" \/>\n<meta name=\"twitter:card\" content=\"summary_large_image\" \/>\n<meta name=\"twitter:label1\" content=\"Dur\u00e9e de lecture estim\u00e9e\" \/>\n\t<meta name=\"twitter:data1\" content=\"1 minute\" \/>\n<script type=\"application\/ld+json\" class=\"yoast-schema-graph\">{\"@context\":\"https:\/\/schema.org\",\"@graph\":[{\"@type\":\"WebPage\",\"@id\":\"https:\/\/lda.be\/fr\/produit\/serie-ppd-pinces-a-double-effet-o-10-a-40\/\",\"url\":\"https:\/\/lda.be\/fr\/produit\/serie-ppd-pinces-a-double-effet-o-10-a-40\/\",\"name\":\"S\u00e9rie PPD pinces \u00e0 double effet \u00d8 10 \u00e0 40 - LDA Belgique\",\"isPartOf\":{\"@id\":\"https:\/\/lda.be\/fr\/#website\"},\"primaryImageOfPage\":{\"@id\":\"https:\/\/lda.be\/fr\/produit\/serie-ppd-pinces-a-double-effet-o-10-a-40\/#primaryimage\"},\"image\":{\"@id\":\"https:\/\/lda.be\/fr\/produit\/serie-ppd-pinces-a-double-effet-o-10-a-40\/#primaryimage\"},\"thumbnailUrl\":\"https:\/\/lda.be\/wp-content\/uploads\/2026\/02\/Serie-PPD-double-acting-gripppers.webp\",\"datePublished\":\"2026-02-12T13:47:52+00:00\",\"dateModified\":\"2026-02-12T13:54:58+00:00\",\"description\":\"S\u00e9rie PPD: pince parall\u00e8le guid\u00e9e \u00e0 longue course et d\u00e9tection magn\u00e9tique. Id\u00e9ale pour les applications de pr\u00e9cision dans l'automatisation industrielle\",\"breadcrumb\":{\"@id\":\"https:\/\/lda.be\/fr\/produit\/serie-ppd-pinces-a-double-effet-o-10-a-40\/#breadcrumb\"},\"inLanguage\":\"fr-FR\",\"potentialAction\":[{\"@type\":\"ReadAction\",\"target\":[\"https:\/\/lda.be\/fr\/produit\/serie-ppd-pinces-a-double-effet-o-10-a-40\/\"]}]},{\"@type\":\"ImageObject\",\"inLanguage\":\"fr-FR\",\"@id\":\"https:\/\/lda.be\/fr\/produit\/serie-ppd-pinces-a-double-effet-o-10-a-40\/#primaryimage\",\"url\":\"https:\/\/lda.be\/wp-content\/uploads\/2026\/02\/Serie-PPD-double-acting-gripppers.webp\",\"contentUrl\":\"https:\/\/lda.be\/wp-content\/uploads\/2026\/02\/Serie-PPD-double-acting-gripppers.webp\",\"width\":1280,\"height\":1280,\"caption\":\"Serie PPD double acting gripppers from API\"},{\"@type\":\"BreadcrumbList\",\"@id\":\"https:\/\/lda.be\/fr\/produit\/serie-ppd-pinces-a-double-effet-o-10-a-40\/#breadcrumb\",\"itemListElement\":[{\"@type\":\"ListItem\",\"position\":1,\"name\":\"Accueil\",\"item\":\"https:\/\/lda.be\/fr\/\"},{\"@type\":\"ListItem\",\"position\":2,\"name\":\"Produits\",\"item\":\"https:\/\/lda.be\/fr\/produits\/\"},{\"@type\":\"ListItem\",\"position\":3,\"name\":\"S\u00e9rie PPD pinces \u00e0 double effet \u00d8 10 \u00e0 40\"}]},{\"@type\":\"WebSite\",\"@id\":\"https:\/\/lda.be\/fr\/#website\",\"url\":\"https:\/\/lda.be\/fr\/\",\"name\":\"LDA Belgium\",\"description\":\"Solutions For Life\",\"publisher\":{\"@id\":\"https:\/\/lda.be\/fr\/#organization\"},\"potentialAction\":[{\"@type\":\"SearchAction\",\"target\":{\"@type\":\"EntryPoint\",\"urlTemplate\":\"https:\/\/lda.be\/fr\/?s={search_term_string}\"},\"query-input\":{\"@type\":\"PropertyValueSpecification\",\"valueRequired\":true,\"valueName\":\"search_term_string\"}}],\"inLanguage\":\"fr-FR\"},{\"@type\":\"Organization\",\"@id\":\"https:\/\/lda.be\/fr\/#organization\",\"name\":\"LDA Belgium\",\"url\":\"https:\/\/lda.be\/fr\/\",\"logo\":{\"@type\":\"ImageObject\",\"inLanguage\":\"fr-FR\",\"@id\":\"https:\/\/lda.be\/fr\/#\/schema\/logo\/image\/\",\"url\":\"https:\/\/lda.be\/wp-content\/uploads\/2022\/07\/Logo-LDA.webp\",\"contentUrl\":\"https:\/\/lda.be\/wp-content\/uploads\/2022\/07\/Logo-LDA.webp\",\"width\":311,\"height\":101,\"caption\":\"LDA Belgium\"},\"image\":{\"@id\":\"https:\/\/lda.be\/fr\/#\/schema\/logo\/image\/\"},\"sameAs\":[\"https:\/\/www.linkedin.com\/company\/lda-belgium-nv\"]}]}<\/script>\n<!-- \/ Yoast SEO plugin. -->","yoast_head_json":{"title":"S\u00e9rie PPD pinces \u00e0 double effet \u00d8 10 \u00e0 40 - LDA Belgique","description":"S\u00e9rie PPD: pince parall\u00e8le guid\u00e9e \u00e0 longue course et d\u00e9tection magn\u00e9tique. Id\u00e9ale pour les applications de pr\u00e9cision dans l'automatisation industrielle","robots":{"index":"index","follow":"follow","max-snippet":"max-snippet:-1","max-image-preview":"max-image-preview:large","max-video-preview":"max-video-preview:-1"},"canonical":"https:\/\/lda.be\/fr\/produit\/serie-ppd-pinces-a-double-effet-o-10-a-40\/","og_locale":"fr_FR","og_type":"article","og_title":"S\u00e9rie PPD pinces \u00e0 double effet \u00d8 10 \u00e0 40 - LDA Belgique","og_description":"S\u00e9rie PPD: pince parall\u00e8le guid\u00e9e \u00e0 longue course et d\u00e9tection magn\u00e9tique. Id\u00e9ale pour les applications de pr\u00e9cision dans l'automatisation industrielle","og_url":"https:\/\/lda.be\/fr\/produit\/serie-ppd-pinces-a-double-effet-o-10-a-40\/","og_site_name":"LDA Belgique","article_modified_time":"2026-02-12T13:54:58+00:00","og_image":[{"width":1280,"height":1280,"url":"https:\/\/lda.be\/wp-content\/uploads\/2026\/02\/Serie-PPD-double-acting-gripppers.webp","type":"image\/webp"}],"twitter_card":"summary_large_image","twitter_misc":{"Dur\u00e9e de lecture estim\u00e9e":"1 minute"},"schema":{"@context":"https:\/\/schema.org","@graph":[{"@type":"WebPage","@id":"https:\/\/lda.be\/fr\/produit\/serie-ppd-pinces-a-double-effet-o-10-a-40\/","url":"https:\/\/lda.be\/fr\/produit\/serie-ppd-pinces-a-double-effet-o-10-a-40\/","name":"S\u00e9rie PPD pinces \u00e0 double effet \u00d8 10 \u00e0 40 - LDA Belgique","isPartOf":{"@id":"https:\/\/lda.be\/fr\/#website"},"primaryImageOfPage":{"@id":"https:\/\/lda.be\/fr\/produit\/serie-ppd-pinces-a-double-effet-o-10-a-40\/#primaryimage"},"image":{"@id":"https:\/\/lda.be\/fr\/produit\/serie-ppd-pinces-a-double-effet-o-10-a-40\/#primaryimage"},"thumbnailUrl":"https:\/\/lda.be\/wp-content\/uploads\/2026\/02\/Serie-PPD-double-acting-gripppers.webp","datePublished":"2026-02-12T13:47:52+00:00","dateModified":"2026-02-12T13:54:58+00:00","description":"S\u00e9rie PPD: pince parall\u00e8le guid\u00e9e \u00e0 longue course et d\u00e9tection magn\u00e9tique. Id\u00e9ale pour les applications de pr\u00e9cision dans l'automatisation industrielle","breadcrumb":{"@id":"https:\/\/lda.be\/fr\/produit\/serie-ppd-pinces-a-double-effet-o-10-a-40\/#breadcrumb"},"inLanguage":"fr-FR","potentialAction":[{"@type":"ReadAction","target":["https:\/\/lda.be\/fr\/produit\/serie-ppd-pinces-a-double-effet-o-10-a-40\/"]}]},{"@type":"ImageObject","inLanguage":"fr-FR","@id":"https:\/\/lda.be\/fr\/produit\/serie-ppd-pinces-a-double-effet-o-10-a-40\/#primaryimage","url":"https:\/\/lda.be\/wp-content\/uploads\/2026\/02\/Serie-PPD-double-acting-gripppers.webp","contentUrl":"https:\/\/lda.be\/wp-content\/uploads\/2026\/02\/Serie-PPD-double-acting-gripppers.webp","width":1280,"height":1280,"caption":"Serie PPD double acting gripppers from API"},{"@type":"BreadcrumbList","@id":"https:\/\/lda.be\/fr\/produit\/serie-ppd-pinces-a-double-effet-o-10-a-40\/#breadcrumb","itemListElement":[{"@type":"ListItem","position":1,"name":"Accueil","item":"https:\/\/lda.be\/fr\/"},{"@type":"ListItem","position":2,"name":"Produits","item":"https:\/\/lda.be\/fr\/produits\/"},{"@type":"ListItem","position":3,"name":"S\u00e9rie PPD pinces \u00e0 double effet \u00d8 10 \u00e0 40"}]},{"@type":"WebSite","@id":"https:\/\/lda.be\/fr\/#website","url":"https:\/\/lda.be\/fr\/","name":"LDA Belgium","description":"Solutions For Life","publisher":{"@id":"https:\/\/lda.be\/fr\/#organization"},"potentialAction":[{"@type":"SearchAction","target":{"@type":"EntryPoint","urlTemplate":"https:\/\/lda.be\/fr\/?s={search_term_string}"},"query-input":{"@type":"PropertyValueSpecification","valueRequired":true,"valueName":"search_term_string"}}],"inLanguage":"fr-FR"},{"@type":"Organization","@id":"https:\/\/lda.be\/fr\/#organization","name":"LDA Belgium","url":"https:\/\/lda.be\/fr\/","logo":{"@type":"ImageObject","inLanguage":"fr-FR","@id":"https:\/\/lda.be\/fr\/#\/schema\/logo\/image\/","url":"https:\/\/lda.be\/wp-content\/uploads\/2022\/07\/Logo-LDA.webp","contentUrl":"https:\/\/lda.be\/wp-content\/uploads\/2022\/07\/Logo-LDA.webp","width":311,"height":101,"caption":"LDA Belgium"},"image":{"@id":"https:\/\/lda.be\/fr\/#\/schema\/logo\/image\/"},"sameAs":["https:\/\/www.linkedin.com\/company\/lda-belgium-nv"]}]}},"_links":{"self":[{"href":"https:\/\/lda.be\/fr\/wp-json\/wp\/v2\/product\/15518","targetHints":{"allow":["GET"]}}],"collection":[{"href":"https:\/\/lda.be\/fr\/wp-json\/wp\/v2\/product"}],"about":[{"href":"https:\/\/lda.be\/fr\/wp-json\/wp\/v2\/types\/product"}],"replies":[{"embeddable":true,"href":"https:\/\/lda.be\/fr\/wp-json\/wp\/v2\/comments?post=15518"}],"wp:featuredmedia":[{"embeddable":true,"href":"https:\/\/lda.be\/fr\/wp-json\/wp\/v2\/media\/15516"}],"wp:attachment":[{"href":"https:\/\/lda.be\/fr\/wp-json\/wp\/v2\/media?parent=15518"}],"wp:term":[{"taxonomy":"product_brand","embeddable":true,"href":"https:\/\/lda.be\/fr\/wp-json\/wp\/v2\/product_brand?post=15518"},{"taxonomy":"product_cat","embeddable":true,"href":"https:\/\/lda.be\/fr\/wp-json\/wp\/v2\/product_cat?post=15518"},{"taxonomy":"product_tag","embeddable":true,"href":"https:\/\/lda.be\/fr\/wp-json\/wp\/v2\/product_tag?post=15518"}],"curies":[{"name":"wp","href":"https:\/\/api.w.org\/{rel}","templated":true}]}}