{"id":15539,"date":"2026-02-13T11:21:46","date_gmt":"2026-02-13T10:21:46","guid":{"rendered":"https:\/\/lda.be\/?post_type=product&#038;p=15539"},"modified":"2026-02-13T11:52:53","modified_gmt":"2026-02-13T10:52:53","slug":"cap-pinces-paralleles-series","status":"publish","type":"product","link":"https:\/\/lda.be\/fr\/produit\/cap-pinces-paralleles-series\/","title":{"rendered":"CAP pinces parall\u00e8les s\u00e9ries"},"content":{"rendered":"<p>Les pinces pneumatiques parall\u00e8les sont des produits tr\u00e8s polyvalents et flexibles. Le v\u00e9rin pneumatique int\u00e9gr\u00e9 pousse les m\u00e2choires parall\u00e8les de la pince pour les ouvrir. Les m\u00e2choires de la pince coulissent le long de deux tiges de guidage tremp\u00e9es, assurant un mouvement parall\u00e8le rigide, durable et pr\u00e9cis.<\/p>\n<p>La course de traction de notre pince pneumatique ferme les m\u00e2choires. Un circuit \u00e0 vanne \u00e0 quatre voies est n\u00e9cessaire pour le contr\u00f4le. Toutes nos pinces sont \u00e0 deux m\u00e2choires.<\/p>\n","protected":false},"excerpt":{"rendered":"<p>Les pinces pneumatiques parall\u00e8les sont des produits tr\u00e8s polyvalents et flexibles. Le v\u00e9rin pneumatique int\u00e9gr\u00e9 pousse les m\u00e2choires parall\u00e8les de la pince pour les ouvrir. Les m\u00e2choires de la pince coulissent le long de deux tiges de guidage tremp\u00e9es, assurant un mouvement parall\u00e8le rigide, durable et pr\u00e9cis. La course de traction de notre pince pneumatique [&hellip;]<\/p>\n","protected":false},"featured_media":15537,"comment_status":"closed","ping_status":"closed","template":"","meta":[],"product_brand":[1856],"product_cat":[1084],"product_tag":[],"class_list":{"0":"post-15539","1":"product","2":"type-product","3":"status-publish","4":"has-post-thumbnail","6":"product_brand-cap","7":"product_cat-pinces-a-serrage-parallele","9":"first","10":"instock","11":"shipping-taxable","12":"product-type-simple"},"yoast_head":"<!-- This site is optimized with the Yoast SEO plugin v27.1 - https:\/\/yoast.com\/product\/yoast-seo-wordpress\/ -->\n<title>CAP pinces parall\u00e8les s\u00e9ries - LDA Belgique<\/title>\n<meta name=\"description\" content=\"Pinces parall\u00e8les actionneurs autonomes \u00e0 double effet avec mouvement parall\u00e8le vrai pour applications de pr\u00e9cision en robotique et automatisation.\" \/>\n<meta name=\"robots\" content=\"index, follow, max-snippet:-1, max-image-preview:large, max-video-preview:-1\" \/>\n<link rel=\"canonical\" href=\"https:\/\/lda.be\/fr\/produit\/cap-pinces-paralleles-series\/\" \/>\n<meta property=\"og:locale\" content=\"fr_FR\" \/>\n<meta property=\"og:type\" content=\"article\" \/>\n<meta property=\"og:title\" content=\"CAP pinces parall\u00e8les s\u00e9ries - LDA Belgique\" \/>\n<meta property=\"og:description\" content=\"Pinces parall\u00e8les actionneurs autonomes \u00e0 double effet avec mouvement parall\u00e8le vrai pour applications de pr\u00e9cision en robotique et automatisation.\" \/>\n<meta property=\"og:url\" content=\"https:\/\/lda.be\/fr\/produit\/cap-pinces-paralleles-series\/\" \/>\n<meta property=\"og:site_name\" content=\"LDA Belgique\" \/>\n<meta property=\"article:modified_time\" content=\"2026-02-13T10:52:53+00:00\" \/>\n<meta property=\"og:image\" content=\"https:\/\/lda.be\/wp-content\/uploads\/2026\/02\/parallel-grippers.webp\" \/>\n\t<meta property=\"og:image:width\" content=\"1080\" \/>\n\t<meta property=\"og:image:height\" content=\"1080\" \/>\n\t<meta property=\"og:image:type\" content=\"image\/webp\" \/>\n<meta name=\"twitter:card\" content=\"summary_large_image\" \/>\n<meta name=\"twitter:label1\" content=\"Dur\u00e9e de lecture estim\u00e9e\" \/>\n\t<meta name=\"twitter:data1\" content=\"1 minute\" \/>\n<script type=\"application\/ld+json\" class=\"yoast-schema-graph\">{\"@context\":\"https:\/\/schema.org\",\"@graph\":[{\"@type\":\"WebPage\",\"@id\":\"https:\/\/lda.be\/fr\/produit\/cap-pinces-paralleles-series\/\",\"url\":\"https:\/\/lda.be\/fr\/produit\/cap-pinces-paralleles-series\/\",\"name\":\"CAP pinces parall\u00e8les s\u00e9ries - LDA Belgique\",\"isPartOf\":{\"@id\":\"https:\/\/lda.be\/fr\/#website\"},\"primaryImageOfPage\":{\"@id\":\"https:\/\/lda.be\/fr\/produit\/cap-pinces-paralleles-series\/#primaryimage\"},\"image\":{\"@id\":\"https:\/\/lda.be\/fr\/produit\/cap-pinces-paralleles-series\/#primaryimage\"},\"thumbnailUrl\":\"https:\/\/lda.be\/wp-content\/uploads\/2026\/02\/parallel-grippers.webp\",\"datePublished\":\"2026-02-13T10:21:46+00:00\",\"dateModified\":\"2026-02-13T10:52:53+00:00\",\"description\":\"Pinces parall\u00e8les actionneurs autonomes \u00e0 double effet avec mouvement parall\u00e8le vrai pour applications de pr\u00e9cision en robotique et automatisation.\",\"breadcrumb\":{\"@id\":\"https:\/\/lda.be\/fr\/produit\/cap-pinces-paralleles-series\/#breadcrumb\"},\"inLanguage\":\"fr-FR\",\"potentialAction\":[{\"@type\":\"ReadAction\",\"target\":[\"https:\/\/lda.be\/fr\/produit\/cap-pinces-paralleles-series\/\"]}]},{\"@type\":\"ImageObject\",\"inLanguage\":\"fr-FR\",\"@id\":\"https:\/\/lda.be\/fr\/produit\/cap-pinces-paralleles-series\/#primaryimage\",\"url\":\"https:\/\/lda.be\/wp-content\/uploads\/2026\/02\/parallel-grippers.webp\",\"contentUrl\":\"https:\/\/lda.be\/wp-content\/uploads\/2026\/02\/parallel-grippers.webp\",\"width\":1080,\"height\":1080,\"caption\":\"parallel grippers from CAP\"},{\"@type\":\"BreadcrumbList\",\"@id\":\"https:\/\/lda.be\/fr\/produit\/cap-pinces-paralleles-series\/#breadcrumb\",\"itemListElement\":[{\"@type\":\"ListItem\",\"position\":1,\"name\":\"Accueil\",\"item\":\"https:\/\/lda.be\/fr\/\"},{\"@type\":\"ListItem\",\"position\":2,\"name\":\"Produits\",\"item\":\"https:\/\/lda.be\/fr\/produits\/\"},{\"@type\":\"ListItem\",\"position\":3,\"name\":\"CAP pinces parall\u00e8les s\u00e9ries\"}]},{\"@type\":\"WebSite\",\"@id\":\"https:\/\/lda.be\/fr\/#website\",\"url\":\"https:\/\/lda.be\/fr\/\",\"name\":\"LDA Belgium\",\"description\":\"Solutions For Life\",\"publisher\":{\"@id\":\"https:\/\/lda.be\/fr\/#organization\"},\"potentialAction\":[{\"@type\":\"SearchAction\",\"target\":{\"@type\":\"EntryPoint\",\"urlTemplate\":\"https:\/\/lda.be\/fr\/?s={search_term_string}\"},\"query-input\":{\"@type\":\"PropertyValueSpecification\",\"valueRequired\":true,\"valueName\":\"search_term_string\"}}],\"inLanguage\":\"fr-FR\"},{\"@type\":\"Organization\",\"@id\":\"https:\/\/lda.be\/fr\/#organization\",\"name\":\"LDA Belgium\",\"url\":\"https:\/\/lda.be\/fr\/\",\"logo\":{\"@type\":\"ImageObject\",\"inLanguage\":\"fr-FR\",\"@id\":\"https:\/\/lda.be\/fr\/#\/schema\/logo\/image\/\",\"url\":\"https:\/\/lda.be\/wp-content\/uploads\/2022\/07\/Logo-LDA.webp\",\"contentUrl\":\"https:\/\/lda.be\/wp-content\/uploads\/2022\/07\/Logo-LDA.webp\",\"width\":311,\"height\":101,\"caption\":\"LDA Belgium\"},\"image\":{\"@id\":\"https:\/\/lda.be\/fr\/#\/schema\/logo\/image\/\"},\"sameAs\":[\"https:\/\/www.linkedin.com\/company\/lda-belgium-nv\"]}]}<\/script>\n<!-- \/ Yoast SEO plugin. -->","yoast_head_json":{"title":"CAP pinces parall\u00e8les s\u00e9ries - LDA Belgique","description":"Pinces parall\u00e8les actionneurs autonomes \u00e0 double effet avec mouvement parall\u00e8le vrai pour applications de pr\u00e9cision en robotique et automatisation.","robots":{"index":"index","follow":"follow","max-snippet":"max-snippet:-1","max-image-preview":"max-image-preview:large","max-video-preview":"max-video-preview:-1"},"canonical":"https:\/\/lda.be\/fr\/produit\/cap-pinces-paralleles-series\/","og_locale":"fr_FR","og_type":"article","og_title":"CAP pinces parall\u00e8les s\u00e9ries - LDA Belgique","og_description":"Pinces parall\u00e8les actionneurs autonomes \u00e0 double effet avec mouvement parall\u00e8le vrai pour applications de pr\u00e9cision en robotique et automatisation.","og_url":"https:\/\/lda.be\/fr\/produit\/cap-pinces-paralleles-series\/","og_site_name":"LDA Belgique","article_modified_time":"2026-02-13T10:52:53+00:00","og_image":[{"width":1080,"height":1080,"url":"https:\/\/lda.be\/wp-content\/uploads\/2026\/02\/parallel-grippers.webp","type":"image\/webp"}],"twitter_card":"summary_large_image","twitter_misc":{"Dur\u00e9e de lecture estim\u00e9e":"1 minute"},"schema":{"@context":"https:\/\/schema.org","@graph":[{"@type":"WebPage","@id":"https:\/\/lda.be\/fr\/produit\/cap-pinces-paralleles-series\/","url":"https:\/\/lda.be\/fr\/produit\/cap-pinces-paralleles-series\/","name":"CAP pinces parall\u00e8les s\u00e9ries - LDA Belgique","isPartOf":{"@id":"https:\/\/lda.be\/fr\/#website"},"primaryImageOfPage":{"@id":"https:\/\/lda.be\/fr\/produit\/cap-pinces-paralleles-series\/#primaryimage"},"image":{"@id":"https:\/\/lda.be\/fr\/produit\/cap-pinces-paralleles-series\/#primaryimage"},"thumbnailUrl":"https:\/\/lda.be\/wp-content\/uploads\/2026\/02\/parallel-grippers.webp","datePublished":"2026-02-13T10:21:46+00:00","dateModified":"2026-02-13T10:52:53+00:00","description":"Pinces parall\u00e8les actionneurs autonomes \u00e0 double effet avec mouvement parall\u00e8le vrai pour applications de pr\u00e9cision en robotique et automatisation.","breadcrumb":{"@id":"https:\/\/lda.be\/fr\/produit\/cap-pinces-paralleles-series\/#breadcrumb"},"inLanguage":"fr-FR","potentialAction":[{"@type":"ReadAction","target":["https:\/\/lda.be\/fr\/produit\/cap-pinces-paralleles-series\/"]}]},{"@type":"ImageObject","inLanguage":"fr-FR","@id":"https:\/\/lda.be\/fr\/produit\/cap-pinces-paralleles-series\/#primaryimage","url":"https:\/\/lda.be\/wp-content\/uploads\/2026\/02\/parallel-grippers.webp","contentUrl":"https:\/\/lda.be\/wp-content\/uploads\/2026\/02\/parallel-grippers.webp","width":1080,"height":1080,"caption":"parallel grippers from CAP"},{"@type":"BreadcrumbList","@id":"https:\/\/lda.be\/fr\/produit\/cap-pinces-paralleles-series\/#breadcrumb","itemListElement":[{"@type":"ListItem","position":1,"name":"Accueil","item":"https:\/\/lda.be\/fr\/"},{"@type":"ListItem","position":2,"name":"Produits","item":"https:\/\/lda.be\/fr\/produits\/"},{"@type":"ListItem","position":3,"name":"CAP pinces parall\u00e8les s\u00e9ries"}]},{"@type":"WebSite","@id":"https:\/\/lda.be\/fr\/#website","url":"https:\/\/lda.be\/fr\/","name":"LDA Belgium","description":"Solutions For Life","publisher":{"@id":"https:\/\/lda.be\/fr\/#organization"},"potentialAction":[{"@type":"SearchAction","target":{"@type":"EntryPoint","urlTemplate":"https:\/\/lda.be\/fr\/?s={search_term_string}"},"query-input":{"@type":"PropertyValueSpecification","valueRequired":true,"valueName":"search_term_string"}}],"inLanguage":"fr-FR"},{"@type":"Organization","@id":"https:\/\/lda.be\/fr\/#organization","name":"LDA Belgium","url":"https:\/\/lda.be\/fr\/","logo":{"@type":"ImageObject","inLanguage":"fr-FR","@id":"https:\/\/lda.be\/fr\/#\/schema\/logo\/image\/","url":"https:\/\/lda.be\/wp-content\/uploads\/2022\/07\/Logo-LDA.webp","contentUrl":"https:\/\/lda.be\/wp-content\/uploads\/2022\/07\/Logo-LDA.webp","width":311,"height":101,"caption":"LDA Belgium"},"image":{"@id":"https:\/\/lda.be\/fr\/#\/schema\/logo\/image\/"},"sameAs":["https:\/\/www.linkedin.com\/company\/lda-belgium-nv"]}]}},"_links":{"self":[{"href":"https:\/\/lda.be\/fr\/wp-json\/wp\/v2\/product\/15539","targetHints":{"allow":["GET"]}}],"collection":[{"href":"https:\/\/lda.be\/fr\/wp-json\/wp\/v2\/product"}],"about":[{"href":"https:\/\/lda.be\/fr\/wp-json\/wp\/v2\/types\/product"}],"replies":[{"embeddable":true,"href":"https:\/\/lda.be\/fr\/wp-json\/wp\/v2\/comments?post=15539"}],"wp:featuredmedia":[{"embeddable":true,"href":"https:\/\/lda.be\/fr\/wp-json\/wp\/v2\/media\/15537"}],"wp:attachment":[{"href":"https:\/\/lda.be\/fr\/wp-json\/wp\/v2\/media?parent=15539"}],"wp:term":[{"taxonomy":"product_brand","embeddable":true,"href":"https:\/\/lda.be\/fr\/wp-json\/wp\/v2\/product_brand?post=15539"},{"taxonomy":"product_cat","embeddable":true,"href":"https:\/\/lda.be\/fr\/wp-json\/wp\/v2\/product_cat?post=15539"},{"taxonomy":"product_tag","embeddable":true,"href":"https:\/\/lda.be\/fr\/wp-json\/wp\/v2\/product_tag?post=15539"}],"curies":[{"name":"wp","href":"https:\/\/api.w.org\/{rel}","templated":true}]}}