{"id":15557,"date":"2026-02-16T14:05:04","date_gmt":"2026-02-16T13:05:04","guid":{"rendered":"https:\/\/lda.be\/?post_type=product&#038;p=15557"},"modified":"2026-02-16T14:19:00","modified_gmt":"2026-02-16T13:19:00","slug":"series-grb-pinces-angulaires","status":"publish","type":"product","link":"https:\/\/lda.be\/fr\/produit\/series-grb-pinces-angulaires\/","title":{"rendered":"S\u00e9ries GRB pinces angulaires"},"content":{"rendered":"<p>Les pinces angulaires de la s\u00e9rie GRB de PHD offrent une plage de rotation de 180\u00b0 et sont \u00e9quip\u00e9es d&#8217;un m\u00e9canisme robuste qui assure la force de pr\u00e9hension. Avec six tailles d&#8217;al\u00e9sage (12 mm \u00e0 50 mm) et des forces de pr\u00e9hension allant jusqu&#8217;\u00e0 22 864 N, elles sont id\u00e9ales pour les applications dans les domaines de la robotique, de l&#8217;assemblage et des lignes d&#8217;emballage. Leur conception autolubrifiante et leur construction r\u00e9parable sur site garantissent un entretien minimal et une fiabilit\u00e9 maximale.<\/p>\n","protected":false},"excerpt":{"rendered":"<p>Les pinces angulaires de la s\u00e9rie GRB de PHD offrent une plage de rotation de 180\u00b0 et sont \u00e9quip\u00e9es d&#8217;un m\u00e9canisme robuste qui assure la force de pr\u00e9hension. Avec six tailles d&#8217;al\u00e9sage (12 mm \u00e0 50 mm) et des forces de pr\u00e9hension allant jusqu&#8217;\u00e0 22 864 N, elles sont id\u00e9ales pour les applications dans les [&hellip;]<\/p>\n","protected":false},"featured_media":15551,"comment_status":"closed","ping_status":"closed","template":"","meta":[],"product_brand":[1831,1885],"product_cat":[1064],"product_tag":[],"class_list":{"0":"post-15557","1":"product","2":"type-product","3":"status-publish","4":"has-post-thumbnail","6":"product_brand-api","7":"product_brand-grippers","8":"product_cat-pinces-angulaires","10":"first","11":"instock","12":"shipping-taxable","13":"product-type-simple"},"yoast_head":"<!-- This site is optimized with the Yoast SEO plugin v27.1 - https:\/\/yoast.com\/product\/yoast-seo-wordpress\/ -->\n<title>S\u00e9ries GRB pinces angulaires - LDA Belgique<\/title>\n<meta name=\"description\" content=\"S\u00e9rie GRB : pinces angulaires avec une plage de rotation de 180\u00b0 et un couple \u00e9lev\u00e9 pour les applications de pr\u00e9cision en automatisation industrielle.\" \/>\n<meta name=\"robots\" content=\"index, follow, max-snippet:-1, max-image-preview:large, max-video-preview:-1\" \/>\n<link rel=\"canonical\" href=\"https:\/\/lda.be\/fr\/produit\/series-grb-pinces-angulaires\/\" \/>\n<meta property=\"og:locale\" content=\"fr_FR\" \/>\n<meta property=\"og:type\" content=\"article\" \/>\n<meta property=\"og:title\" content=\"S\u00e9ries GRB pinces angulaires - LDA Belgique\" \/>\n<meta property=\"og:description\" content=\"S\u00e9rie GRB : pinces angulaires avec une plage de rotation de 180\u00b0 et un couple \u00e9lev\u00e9 pour les applications de pr\u00e9cision en automatisation industrielle.\" \/>\n<meta property=\"og:url\" content=\"https:\/\/lda.be\/fr\/produit\/series-grb-pinces-angulaires\/\" \/>\n<meta property=\"og:site_name\" content=\"LDA Belgique\" \/>\n<meta property=\"article:modified_time\" content=\"2026-02-16T13:19:00+00:00\" \/>\n<meta property=\"og:image\" content=\"https:\/\/lda.be\/wp-content\/uploads\/2026\/02\/Series-GRB-Pneumatic-180\u00b0-Angular-Gripper.webp\" \/>\n\t<meta property=\"og:image:width\" content=\"1080\" \/>\n\t<meta property=\"og:image:height\" content=\"1080\" \/>\n\t<meta property=\"og:image:type\" content=\"image\/webp\" \/>\n<meta name=\"twitter:card\" content=\"summary_large_image\" \/>\n<meta name=\"twitter:label1\" content=\"Dur\u00e9e de lecture estim\u00e9e\" \/>\n\t<meta name=\"twitter:data1\" content=\"1 minute\" \/>\n<script type=\"application\/ld+json\" class=\"yoast-schema-graph\">{\"@context\":\"https:\/\/schema.org\",\"@graph\":[{\"@type\":\"WebPage\",\"@id\":\"https:\/\/lda.be\/fr\/produit\/series-grb-pinces-angulaires\/\",\"url\":\"https:\/\/lda.be\/fr\/produit\/series-grb-pinces-angulaires\/\",\"name\":\"S\u00e9ries GRB pinces angulaires - LDA Belgique\",\"isPartOf\":{\"@id\":\"https:\/\/lda.be\/fr\/#website\"},\"primaryImageOfPage\":{\"@id\":\"https:\/\/lda.be\/fr\/produit\/series-grb-pinces-angulaires\/#primaryimage\"},\"image\":{\"@id\":\"https:\/\/lda.be\/fr\/produit\/series-grb-pinces-angulaires\/#primaryimage\"},\"thumbnailUrl\":\"https:\/\/lda.be\/wp-content\/uploads\/2026\/02\/Series-GRB-Pneumatic-180\u00b0-Angular-Gripper.webp\",\"datePublished\":\"2026-02-16T13:05:04+00:00\",\"dateModified\":\"2026-02-16T13:19:00+00:00\",\"description\":\"S\u00e9rie GRB : pinces angulaires avec une plage de rotation de 180\u00b0 et un couple \u00e9lev\u00e9 pour les applications de pr\u00e9cision en automatisation industrielle.\",\"breadcrumb\":{\"@id\":\"https:\/\/lda.be\/fr\/produit\/series-grb-pinces-angulaires\/#breadcrumb\"},\"inLanguage\":\"fr-FR\",\"potentialAction\":[{\"@type\":\"ReadAction\",\"target\":[\"https:\/\/lda.be\/fr\/produit\/series-grb-pinces-angulaires\/\"]}]},{\"@type\":\"ImageObject\",\"inLanguage\":\"fr-FR\",\"@id\":\"https:\/\/lda.be\/fr\/produit\/series-grb-pinces-angulaires\/#primaryimage\",\"url\":\"https:\/\/lda.be\/wp-content\/uploads\/2026\/02\/Series-GRB-Pneumatic-180\u00b0-Angular-Gripper.webp\",\"contentUrl\":\"https:\/\/lda.be\/wp-content\/uploads\/2026\/02\/Series-GRB-Pneumatic-180\u00b0-Angular-Gripper.webp\",\"width\":1080,\"height\":1080},{\"@type\":\"BreadcrumbList\",\"@id\":\"https:\/\/lda.be\/fr\/produit\/series-grb-pinces-angulaires\/#breadcrumb\",\"itemListElement\":[{\"@type\":\"ListItem\",\"position\":1,\"name\":\"Accueil\",\"item\":\"https:\/\/lda.be\/fr\/\"},{\"@type\":\"ListItem\",\"position\":2,\"name\":\"Produits\",\"item\":\"https:\/\/lda.be\/fr\/produits\/\"},{\"@type\":\"ListItem\",\"position\":3,\"name\":\"S\u00e9ries GRB pinces angulaires\"}]},{\"@type\":\"WebSite\",\"@id\":\"https:\/\/lda.be\/fr\/#website\",\"url\":\"https:\/\/lda.be\/fr\/\",\"name\":\"LDA Belgium\",\"description\":\"Solutions For Life\",\"publisher\":{\"@id\":\"https:\/\/lda.be\/fr\/#organization\"},\"potentialAction\":[{\"@type\":\"SearchAction\",\"target\":{\"@type\":\"EntryPoint\",\"urlTemplate\":\"https:\/\/lda.be\/fr\/?s={search_term_string}\"},\"query-input\":{\"@type\":\"PropertyValueSpecification\",\"valueRequired\":true,\"valueName\":\"search_term_string\"}}],\"inLanguage\":\"fr-FR\"},{\"@type\":\"Organization\",\"@id\":\"https:\/\/lda.be\/fr\/#organization\",\"name\":\"LDA Belgium\",\"url\":\"https:\/\/lda.be\/fr\/\",\"logo\":{\"@type\":\"ImageObject\",\"inLanguage\":\"fr-FR\",\"@id\":\"https:\/\/lda.be\/fr\/#\/schema\/logo\/image\/\",\"url\":\"https:\/\/lda.be\/wp-content\/uploads\/2022\/07\/Logo-LDA.webp\",\"contentUrl\":\"https:\/\/lda.be\/wp-content\/uploads\/2022\/07\/Logo-LDA.webp\",\"width\":311,\"height\":101,\"caption\":\"LDA Belgium\"},\"image\":{\"@id\":\"https:\/\/lda.be\/fr\/#\/schema\/logo\/image\/\"},\"sameAs\":[\"https:\/\/www.linkedin.com\/company\/lda-belgium-nv\"]}]}<\/script>\n<!-- \/ Yoast SEO plugin. -->","yoast_head_json":{"title":"S\u00e9ries GRB pinces angulaires - LDA Belgique","description":"S\u00e9rie GRB : pinces angulaires avec une plage de rotation de 180\u00b0 et un couple \u00e9lev\u00e9 pour les applications de pr\u00e9cision en automatisation industrielle.","robots":{"index":"index","follow":"follow","max-snippet":"max-snippet:-1","max-image-preview":"max-image-preview:large","max-video-preview":"max-video-preview:-1"},"canonical":"https:\/\/lda.be\/fr\/produit\/series-grb-pinces-angulaires\/","og_locale":"fr_FR","og_type":"article","og_title":"S\u00e9ries GRB pinces angulaires - LDA Belgique","og_description":"S\u00e9rie GRB : pinces angulaires avec une plage de rotation de 180\u00b0 et un couple \u00e9lev\u00e9 pour les applications de pr\u00e9cision en automatisation industrielle.","og_url":"https:\/\/lda.be\/fr\/produit\/series-grb-pinces-angulaires\/","og_site_name":"LDA Belgique","article_modified_time":"2026-02-16T13:19:00+00:00","og_image":[{"width":1080,"height":1080,"url":"https:\/\/lda.be\/wp-content\/uploads\/2026\/02\/Series-GRB-Pneumatic-180\u00b0-Angular-Gripper.webp","type":"image\/webp"}],"twitter_card":"summary_large_image","twitter_misc":{"Dur\u00e9e de lecture estim\u00e9e":"1 minute"},"schema":{"@context":"https:\/\/schema.org","@graph":[{"@type":"WebPage","@id":"https:\/\/lda.be\/fr\/produit\/series-grb-pinces-angulaires\/","url":"https:\/\/lda.be\/fr\/produit\/series-grb-pinces-angulaires\/","name":"S\u00e9ries GRB pinces angulaires - LDA Belgique","isPartOf":{"@id":"https:\/\/lda.be\/fr\/#website"},"primaryImageOfPage":{"@id":"https:\/\/lda.be\/fr\/produit\/series-grb-pinces-angulaires\/#primaryimage"},"image":{"@id":"https:\/\/lda.be\/fr\/produit\/series-grb-pinces-angulaires\/#primaryimage"},"thumbnailUrl":"https:\/\/lda.be\/wp-content\/uploads\/2026\/02\/Series-GRB-Pneumatic-180\u00b0-Angular-Gripper.webp","datePublished":"2026-02-16T13:05:04+00:00","dateModified":"2026-02-16T13:19:00+00:00","description":"S\u00e9rie GRB : pinces angulaires avec une plage de rotation de 180\u00b0 et un couple \u00e9lev\u00e9 pour les applications de pr\u00e9cision en automatisation industrielle.","breadcrumb":{"@id":"https:\/\/lda.be\/fr\/produit\/series-grb-pinces-angulaires\/#breadcrumb"},"inLanguage":"fr-FR","potentialAction":[{"@type":"ReadAction","target":["https:\/\/lda.be\/fr\/produit\/series-grb-pinces-angulaires\/"]}]},{"@type":"ImageObject","inLanguage":"fr-FR","@id":"https:\/\/lda.be\/fr\/produit\/series-grb-pinces-angulaires\/#primaryimage","url":"https:\/\/lda.be\/wp-content\/uploads\/2026\/02\/Series-GRB-Pneumatic-180\u00b0-Angular-Gripper.webp","contentUrl":"https:\/\/lda.be\/wp-content\/uploads\/2026\/02\/Series-GRB-Pneumatic-180\u00b0-Angular-Gripper.webp","width":1080,"height":1080},{"@type":"BreadcrumbList","@id":"https:\/\/lda.be\/fr\/produit\/series-grb-pinces-angulaires\/#breadcrumb","itemListElement":[{"@type":"ListItem","position":1,"name":"Accueil","item":"https:\/\/lda.be\/fr\/"},{"@type":"ListItem","position":2,"name":"Produits","item":"https:\/\/lda.be\/fr\/produits\/"},{"@type":"ListItem","position":3,"name":"S\u00e9ries GRB pinces angulaires"}]},{"@type":"WebSite","@id":"https:\/\/lda.be\/fr\/#website","url":"https:\/\/lda.be\/fr\/","name":"LDA Belgium","description":"Solutions For Life","publisher":{"@id":"https:\/\/lda.be\/fr\/#organization"},"potentialAction":[{"@type":"SearchAction","target":{"@type":"EntryPoint","urlTemplate":"https:\/\/lda.be\/fr\/?s={search_term_string}"},"query-input":{"@type":"PropertyValueSpecification","valueRequired":true,"valueName":"search_term_string"}}],"inLanguage":"fr-FR"},{"@type":"Organization","@id":"https:\/\/lda.be\/fr\/#organization","name":"LDA Belgium","url":"https:\/\/lda.be\/fr\/","logo":{"@type":"ImageObject","inLanguage":"fr-FR","@id":"https:\/\/lda.be\/fr\/#\/schema\/logo\/image\/","url":"https:\/\/lda.be\/wp-content\/uploads\/2022\/07\/Logo-LDA.webp","contentUrl":"https:\/\/lda.be\/wp-content\/uploads\/2022\/07\/Logo-LDA.webp","width":311,"height":101,"caption":"LDA Belgium"},"image":{"@id":"https:\/\/lda.be\/fr\/#\/schema\/logo\/image\/"},"sameAs":["https:\/\/www.linkedin.com\/company\/lda-belgium-nv"]}]}},"_links":{"self":[{"href":"https:\/\/lda.be\/fr\/wp-json\/wp\/v2\/product\/15557","targetHints":{"allow":["GET"]}}],"collection":[{"href":"https:\/\/lda.be\/fr\/wp-json\/wp\/v2\/product"}],"about":[{"href":"https:\/\/lda.be\/fr\/wp-json\/wp\/v2\/types\/product"}],"replies":[{"embeddable":true,"href":"https:\/\/lda.be\/fr\/wp-json\/wp\/v2\/comments?post=15557"}],"wp:featuredmedia":[{"embeddable":true,"href":"https:\/\/lda.be\/fr\/wp-json\/wp\/v2\/media\/15551"}],"wp:attachment":[{"href":"https:\/\/lda.be\/fr\/wp-json\/wp\/v2\/media?parent=15557"}],"wp:term":[{"taxonomy":"product_brand","embeddable":true,"href":"https:\/\/lda.be\/fr\/wp-json\/wp\/v2\/product_brand?post=15557"},{"taxonomy":"product_cat","embeddable":true,"href":"https:\/\/lda.be\/fr\/wp-json\/wp\/v2\/product_cat?post=15557"},{"taxonomy":"product_tag","embeddable":true,"href":"https:\/\/lda.be\/fr\/wp-json\/wp\/v2\/product_tag?post=15557"}],"curies":[{"name":"wp","href":"https:\/\/api.w.org\/{rel}","templated":true}]}}