{"id":15576,"date":"2026-02-16T15:28:44","date_gmt":"2026-02-16T14:28:44","guid":{"rendered":"https:\/\/lda.be\/?post_type=product&#038;p=15576"},"modified":"2026-02-16T15:41:34","modified_gmt":"2026-02-16T14:41:34","slug":"serie-8400-pinces-angulaires-micro","status":"publish","type":"product","link":"https:\/\/lda.be\/fr\/produit\/serie-8400-pinces-angulaires-micro\/","title":{"rendered":"S\u00e9rie 8400 pinces angulaires micro"},"content":{"rendered":"<p>Les pinces angulaires micro pneumatiques s\u00e9rie 8400 de PHD sont con\u00e7ues pour des applications de pr\u00e9cision compactes o\u00f9 des mouvements angulaires fiables et une force de pr\u00e9hension \u00e9lev\u00e9e sont requis. Ces pinces combinent un design robuste avec un m\u00e9canisme de pivot en acier tremp\u00e9 et un jeu de m\u00e2choire minimal, les rendant id\u00e9ales pour la robotique, les syst\u00e8mes de pick-and-place et l&#8217;assemblage automatis\u00e9. Avec quatre tailles d&#8217;al\u00e9sage (8,7 mm \u00e0 25,4 mm) et des forces de pr\u00e9hension jusqu&#8217;\u00e0 340 N, les pinces 8400 offrent une solution pour les applications exigeantes dans des environnements spatiaux restreints. Leur conception autolubrifi\u00e9e et leur structure r\u00e9parable sur site garantissent un entretien minimal et une fiabilit\u00e9 maximale.<\/p>\n","protected":false},"excerpt":{"rendered":"<p>Les pinces angulaires micro pneumatiques s\u00e9rie 8400 de PHD sont con\u00e7ues pour des applications de pr\u00e9cision compactes o\u00f9 des mouvements angulaires fiables et une force de pr\u00e9hension \u00e9lev\u00e9e sont requis. Ces pinces combinent un design robuste avec un m\u00e9canisme de pivot en acier tremp\u00e9 et un jeu de m\u00e2choire minimal, les rendant id\u00e9ales pour la [&hellip;]<\/p>\n","protected":false},"featured_media":15570,"comment_status":"closed","ping_status":"closed","template":"","meta":[],"product_brand":[1831,1885],"product_cat":[1064],"product_tag":[],"class_list":{"0":"post-15576","1":"product","2":"type-product","3":"status-publish","4":"has-post-thumbnail","6":"product_brand-api","7":"product_brand-grippers","8":"product_cat-pinces-angulaires","10":"first","11":"instock","12":"shipping-taxable","13":"product-type-simple"},"yoast_head":"<!-- This site is optimized with the Yoast SEO plugin v27.1 - https:\/\/yoast.com\/product\/yoast-seo-wordpress\/ -->\n<title>S\u00e9rie 8400 pinces angulaires micro - LDA Belgique<\/title>\n<meta name=\"description\" content=\"S\u00e9rie 8400 : pinces angulaires micro pneumatiques avec design compact. Id\u00e9ales pour les applications de pr\u00e9cision en robotique et assemblage automatis\u00e9.\" \/>\n<meta name=\"robots\" content=\"index, follow, max-snippet:-1, max-image-preview:large, max-video-preview:-1\" \/>\n<link rel=\"canonical\" href=\"https:\/\/lda.be\/fr\/produit\/serie-8400-pinces-angulaires-micro\/\" \/>\n<meta property=\"og:locale\" content=\"fr_FR\" \/>\n<meta property=\"og:type\" content=\"article\" \/>\n<meta property=\"og:title\" content=\"S\u00e9rie 8400 pinces angulaires micro - LDA Belgique\" \/>\n<meta property=\"og:description\" content=\"S\u00e9rie 8400 : pinces angulaires micro pneumatiques avec design compact. Id\u00e9ales pour les applications de pr\u00e9cision en robotique et assemblage automatis\u00e9.\" \/>\n<meta property=\"og:url\" content=\"https:\/\/lda.be\/fr\/produit\/serie-8400-pinces-angulaires-micro\/\" \/>\n<meta property=\"og:site_name\" content=\"LDA Belgique\" \/>\n<meta property=\"article:modified_time\" content=\"2026-02-16T14:41:34+00:00\" \/>\n<meta property=\"og:image\" content=\"https:\/\/lda.be\/wp-content\/uploads\/2026\/02\/Series-8400-grippers.webp\" \/>\n\t<meta property=\"og:image:width\" content=\"1080\" \/>\n\t<meta property=\"og:image:height\" content=\"1080\" \/>\n\t<meta property=\"og:image:type\" content=\"image\/webp\" \/>\n<meta name=\"twitter:card\" content=\"summary_large_image\" \/>\n<meta name=\"twitter:label1\" content=\"Dur\u00e9e de lecture estim\u00e9e\" \/>\n\t<meta name=\"twitter:data1\" content=\"1 minute\" \/>\n<script type=\"application\/ld+json\" class=\"yoast-schema-graph\">{\"@context\":\"https:\/\/schema.org\",\"@graph\":[{\"@type\":\"WebPage\",\"@id\":\"https:\/\/lda.be\/fr\/produit\/serie-8400-pinces-angulaires-micro\/\",\"url\":\"https:\/\/lda.be\/fr\/produit\/serie-8400-pinces-angulaires-micro\/\",\"name\":\"S\u00e9rie 8400 pinces angulaires micro - LDA Belgique\",\"isPartOf\":{\"@id\":\"https:\/\/lda.be\/fr\/#website\"},\"primaryImageOfPage\":{\"@id\":\"https:\/\/lda.be\/fr\/produit\/serie-8400-pinces-angulaires-micro\/#primaryimage\"},\"image\":{\"@id\":\"https:\/\/lda.be\/fr\/produit\/serie-8400-pinces-angulaires-micro\/#primaryimage\"},\"thumbnailUrl\":\"https:\/\/lda.be\/wp-content\/uploads\/2026\/02\/Series-8400-grippers.webp\",\"datePublished\":\"2026-02-16T14:28:44+00:00\",\"dateModified\":\"2026-02-16T14:41:34+00:00\",\"description\":\"S\u00e9rie 8400 : pinces angulaires micro pneumatiques avec design compact. Id\u00e9ales pour les applications de pr\u00e9cision en robotique et assemblage automatis\u00e9.\",\"breadcrumb\":{\"@id\":\"https:\/\/lda.be\/fr\/produit\/serie-8400-pinces-angulaires-micro\/#breadcrumb\"},\"inLanguage\":\"fr-FR\",\"potentialAction\":[{\"@type\":\"ReadAction\",\"target\":[\"https:\/\/lda.be\/fr\/produit\/serie-8400-pinces-angulaires-micro\/\"]}]},{\"@type\":\"ImageObject\",\"inLanguage\":\"fr-FR\",\"@id\":\"https:\/\/lda.be\/fr\/produit\/serie-8400-pinces-angulaires-micro\/#primaryimage\",\"url\":\"https:\/\/lda.be\/wp-content\/uploads\/2026\/02\/Series-8400-grippers.webp\",\"contentUrl\":\"https:\/\/lda.be\/wp-content\/uploads\/2026\/02\/Series-8400-grippers.webp\",\"width\":1080,\"height\":1080,\"caption\":\"Series 8400 grippers\"},{\"@type\":\"BreadcrumbList\",\"@id\":\"https:\/\/lda.be\/fr\/produit\/serie-8400-pinces-angulaires-micro\/#breadcrumb\",\"itemListElement\":[{\"@type\":\"ListItem\",\"position\":1,\"name\":\"Accueil\",\"item\":\"https:\/\/lda.be\/fr\/\"},{\"@type\":\"ListItem\",\"position\":2,\"name\":\"Produits\",\"item\":\"https:\/\/lda.be\/fr\/produits\/\"},{\"@type\":\"ListItem\",\"position\":3,\"name\":\"S\u00e9rie 8400 pinces angulaires micro\"}]},{\"@type\":\"WebSite\",\"@id\":\"https:\/\/lda.be\/fr\/#website\",\"url\":\"https:\/\/lda.be\/fr\/\",\"name\":\"LDA Belgium\",\"description\":\"Solutions For Life\",\"publisher\":{\"@id\":\"https:\/\/lda.be\/fr\/#organization\"},\"potentialAction\":[{\"@type\":\"SearchAction\",\"target\":{\"@type\":\"EntryPoint\",\"urlTemplate\":\"https:\/\/lda.be\/fr\/?s={search_term_string}\"},\"query-input\":{\"@type\":\"PropertyValueSpecification\",\"valueRequired\":true,\"valueName\":\"search_term_string\"}}],\"inLanguage\":\"fr-FR\"},{\"@type\":\"Organization\",\"@id\":\"https:\/\/lda.be\/fr\/#organization\",\"name\":\"LDA Belgium\",\"url\":\"https:\/\/lda.be\/fr\/\",\"logo\":{\"@type\":\"ImageObject\",\"inLanguage\":\"fr-FR\",\"@id\":\"https:\/\/lda.be\/fr\/#\/schema\/logo\/image\/\",\"url\":\"https:\/\/lda.be\/wp-content\/uploads\/2022\/07\/Logo-LDA.webp\",\"contentUrl\":\"https:\/\/lda.be\/wp-content\/uploads\/2022\/07\/Logo-LDA.webp\",\"width\":311,\"height\":101,\"caption\":\"LDA Belgium\"},\"image\":{\"@id\":\"https:\/\/lda.be\/fr\/#\/schema\/logo\/image\/\"},\"sameAs\":[\"https:\/\/www.linkedin.com\/company\/lda-belgium-nv\"]}]}<\/script>\n<!-- \/ Yoast SEO plugin. -->","yoast_head_json":{"title":"S\u00e9rie 8400 pinces angulaires micro - LDA Belgique","description":"S\u00e9rie 8400 : pinces angulaires micro pneumatiques avec design compact. Id\u00e9ales pour les applications de pr\u00e9cision en robotique et assemblage automatis\u00e9.","robots":{"index":"index","follow":"follow","max-snippet":"max-snippet:-1","max-image-preview":"max-image-preview:large","max-video-preview":"max-video-preview:-1"},"canonical":"https:\/\/lda.be\/fr\/produit\/serie-8400-pinces-angulaires-micro\/","og_locale":"fr_FR","og_type":"article","og_title":"S\u00e9rie 8400 pinces angulaires micro - LDA Belgique","og_description":"S\u00e9rie 8400 : pinces angulaires micro pneumatiques avec design compact. Id\u00e9ales pour les applications de pr\u00e9cision en robotique et assemblage automatis\u00e9.","og_url":"https:\/\/lda.be\/fr\/produit\/serie-8400-pinces-angulaires-micro\/","og_site_name":"LDA Belgique","article_modified_time":"2026-02-16T14:41:34+00:00","og_image":[{"width":1080,"height":1080,"url":"https:\/\/lda.be\/wp-content\/uploads\/2026\/02\/Series-8400-grippers.webp","type":"image\/webp"}],"twitter_card":"summary_large_image","twitter_misc":{"Dur\u00e9e de lecture estim\u00e9e":"1 minute"},"schema":{"@context":"https:\/\/schema.org","@graph":[{"@type":"WebPage","@id":"https:\/\/lda.be\/fr\/produit\/serie-8400-pinces-angulaires-micro\/","url":"https:\/\/lda.be\/fr\/produit\/serie-8400-pinces-angulaires-micro\/","name":"S\u00e9rie 8400 pinces angulaires micro - LDA Belgique","isPartOf":{"@id":"https:\/\/lda.be\/fr\/#website"},"primaryImageOfPage":{"@id":"https:\/\/lda.be\/fr\/produit\/serie-8400-pinces-angulaires-micro\/#primaryimage"},"image":{"@id":"https:\/\/lda.be\/fr\/produit\/serie-8400-pinces-angulaires-micro\/#primaryimage"},"thumbnailUrl":"https:\/\/lda.be\/wp-content\/uploads\/2026\/02\/Series-8400-grippers.webp","datePublished":"2026-02-16T14:28:44+00:00","dateModified":"2026-02-16T14:41:34+00:00","description":"S\u00e9rie 8400 : pinces angulaires micro pneumatiques avec design compact. Id\u00e9ales pour les applications de pr\u00e9cision en robotique et assemblage automatis\u00e9.","breadcrumb":{"@id":"https:\/\/lda.be\/fr\/produit\/serie-8400-pinces-angulaires-micro\/#breadcrumb"},"inLanguage":"fr-FR","potentialAction":[{"@type":"ReadAction","target":["https:\/\/lda.be\/fr\/produit\/serie-8400-pinces-angulaires-micro\/"]}]},{"@type":"ImageObject","inLanguage":"fr-FR","@id":"https:\/\/lda.be\/fr\/produit\/serie-8400-pinces-angulaires-micro\/#primaryimage","url":"https:\/\/lda.be\/wp-content\/uploads\/2026\/02\/Series-8400-grippers.webp","contentUrl":"https:\/\/lda.be\/wp-content\/uploads\/2026\/02\/Series-8400-grippers.webp","width":1080,"height":1080,"caption":"Series 8400 grippers"},{"@type":"BreadcrumbList","@id":"https:\/\/lda.be\/fr\/produit\/serie-8400-pinces-angulaires-micro\/#breadcrumb","itemListElement":[{"@type":"ListItem","position":1,"name":"Accueil","item":"https:\/\/lda.be\/fr\/"},{"@type":"ListItem","position":2,"name":"Produits","item":"https:\/\/lda.be\/fr\/produits\/"},{"@type":"ListItem","position":3,"name":"S\u00e9rie 8400 pinces angulaires micro"}]},{"@type":"WebSite","@id":"https:\/\/lda.be\/fr\/#website","url":"https:\/\/lda.be\/fr\/","name":"LDA Belgium","description":"Solutions For Life","publisher":{"@id":"https:\/\/lda.be\/fr\/#organization"},"potentialAction":[{"@type":"SearchAction","target":{"@type":"EntryPoint","urlTemplate":"https:\/\/lda.be\/fr\/?s={search_term_string}"},"query-input":{"@type":"PropertyValueSpecification","valueRequired":true,"valueName":"search_term_string"}}],"inLanguage":"fr-FR"},{"@type":"Organization","@id":"https:\/\/lda.be\/fr\/#organization","name":"LDA Belgium","url":"https:\/\/lda.be\/fr\/","logo":{"@type":"ImageObject","inLanguage":"fr-FR","@id":"https:\/\/lda.be\/fr\/#\/schema\/logo\/image\/","url":"https:\/\/lda.be\/wp-content\/uploads\/2022\/07\/Logo-LDA.webp","contentUrl":"https:\/\/lda.be\/wp-content\/uploads\/2022\/07\/Logo-LDA.webp","width":311,"height":101,"caption":"LDA Belgium"},"image":{"@id":"https:\/\/lda.be\/fr\/#\/schema\/logo\/image\/"},"sameAs":["https:\/\/www.linkedin.com\/company\/lda-belgium-nv"]}]}},"_links":{"self":[{"href":"https:\/\/lda.be\/fr\/wp-json\/wp\/v2\/product\/15576","targetHints":{"allow":["GET"]}}],"collection":[{"href":"https:\/\/lda.be\/fr\/wp-json\/wp\/v2\/product"}],"about":[{"href":"https:\/\/lda.be\/fr\/wp-json\/wp\/v2\/types\/product"}],"replies":[{"embeddable":true,"href":"https:\/\/lda.be\/fr\/wp-json\/wp\/v2\/comments?post=15576"}],"wp:featuredmedia":[{"embeddable":true,"href":"https:\/\/lda.be\/fr\/wp-json\/wp\/v2\/media\/15570"}],"wp:attachment":[{"href":"https:\/\/lda.be\/fr\/wp-json\/wp\/v2\/media?parent=15576"}],"wp:term":[{"taxonomy":"product_brand","embeddable":true,"href":"https:\/\/lda.be\/fr\/wp-json\/wp\/v2\/product_brand?post=15576"},{"taxonomy":"product_cat","embeddable":true,"href":"https:\/\/lda.be\/fr\/wp-json\/wp\/v2\/product_cat?post=15576"},{"taxonomy":"product_tag","embeddable":true,"href":"https:\/\/lda.be\/fr\/wp-json\/wp\/v2\/product_tag?post=15576"}],"curies":[{"name":"wp","href":"https:\/\/api.w.org\/{rel}","templated":true}]}}