{"id":15599,"date":"2026-02-17T16:26:56","date_gmt":"2026-02-17T15:26:56","guid":{"rendered":"https:\/\/lda.be\/?post_type=product&#038;p=15599"},"modified":"2026-02-17T16:47:45","modified_gmt":"2026-02-17T15:47:45","slug":"pinces-angulaires-serie-pab-dalesage-10-mm-a-32-mm","status":"publish","type":"product","link":"https:\/\/lda.be\/fr\/produit\/pinces-angulaires-serie-pab-dalesage-10-mm-a-32-mm\/","title":{"rendered":"Pinces angulaires s\u00e9rie PAB d&#8217;al\u00e9sage (10 mm \u00e0 32 mm)"},"content":{"rendered":"<p>Les pinces angulaires s\u00e9rie PAB d&#8217;API sont con\u00e7ues pour des applications de pr\u00e9cision o\u00f9 des mouvements angulaires fiables et une force de pr\u00e9hension pr\u00e9cise sont requis. Ces pinces combinent un design compact avec un syst\u00e8me magn\u00e9tique et un jeu de m\u00e2choire minimal, les rendant id\u00e9ales pour la robotique, l&#8217;assemblage et la manipulation automatis\u00e9e. Avec cinq tailles d&#8217;al\u00e9sage (10 mm \u00e0 32 mm) et des forces de pr\u00e9hension jusqu&#8217;\u00e0 6,1 kgf\u00b7cm\/bar, les pinces PAB offrent une solution pour diverses applications industrielles. Leur conception autolubrifi\u00e9e et leurs mat\u00e9riaux durables garantissent un entretien minimal et une fiabilit\u00e9 maximale.<\/p>\n","protected":false},"excerpt":{"rendered":"<p>Les pinces angulaires s\u00e9rie PAB d&#8217;API sont con\u00e7ues pour des applications de pr\u00e9cision o\u00f9 des mouvements angulaires fiables et une force de pr\u00e9hension pr\u00e9cise sont requis. Ces pinces combinent un design compact avec un syst\u00e8me magn\u00e9tique et un jeu de m\u00e2choire minimal, les rendant id\u00e9ales pour la robotique, l&#8217;assemblage et la manipulation automatis\u00e9e. Avec cinq [&hellip;]<\/p>\n","protected":false},"featured_media":15593,"comment_status":"closed","ping_status":"closed","template":"","meta":[],"product_brand":[1831,1885],"product_cat":[1064],"product_tag":[],"class_list":{"0":"post-15599","1":"product","2":"type-product","3":"status-publish","4":"has-post-thumbnail","6":"product_brand-api","7":"product_brand-grippers","8":"product_cat-pinces-angulaires","10":"first","11":"instock","12":"shipping-taxable","13":"product-type-simple"},"yoast_head":"<!-- This site is optimized with the Yoast SEO plugin v27.1 - https:\/\/yoast.com\/product\/yoast-seo-wordpress\/ -->\n<title>Pinces angulaires s\u00e9rie PAB d&#039;al\u00e9sage (10 mm \u00e0 32 mm) - LDA Belgique<\/title>\n<meta name=\"description\" content=\"S\u00e9rie PAB : pinces angulaires avec design compact et syst\u00e8me magn\u00e9tique pour applications de pr\u00e9cision en robotique et assemblage. Id\u00e9ales pour la manipulation automatis\u00e9e.\" \/>\n<meta name=\"robots\" content=\"index, follow, max-snippet:-1, max-image-preview:large, max-video-preview:-1\" \/>\n<link rel=\"canonical\" href=\"https:\/\/lda.be\/fr\/produit\/pinces-angulaires-serie-pab-dalesage-10-mm-a-32-mm\/\" \/>\n<meta property=\"og:locale\" content=\"fr_FR\" \/>\n<meta property=\"og:type\" content=\"article\" \/>\n<meta property=\"og:title\" content=\"Pinces angulaires s\u00e9rie PAB d&#039;al\u00e9sage (10 mm \u00e0 32 mm) - LDA Belgique\" \/>\n<meta property=\"og:description\" content=\"S\u00e9rie PAB : pinces angulaires avec design compact et syst\u00e8me magn\u00e9tique pour applications de pr\u00e9cision en robotique et assemblage. Id\u00e9ales pour la manipulation automatis\u00e9e.\" \/>\n<meta property=\"og:url\" content=\"https:\/\/lda.be\/fr\/produit\/pinces-angulaires-serie-pab-dalesage-10-mm-a-32-mm\/\" \/>\n<meta property=\"og:site_name\" content=\"LDA Belgique\" \/>\n<meta property=\"article:modified_time\" content=\"2026-02-17T15:47:45+00:00\" \/>\n<meta property=\"og:image\" content=\"https:\/\/lda.be\/wp-content\/uploads\/2026\/02\/Serie-PAB-hoekgrijper-van-API.webp\" \/>\n\t<meta property=\"og:image:width\" content=\"1080\" \/>\n\t<meta property=\"og:image:height\" content=\"1080\" \/>\n\t<meta property=\"og:image:type\" content=\"image\/webp\" \/>\n<meta name=\"twitter:card\" content=\"summary_large_image\" \/>\n<meta name=\"twitter:label1\" content=\"Dur\u00e9e de lecture estim\u00e9e\" \/>\n\t<meta name=\"twitter:data1\" content=\"1 minute\" \/>\n<script type=\"application\/ld+json\" class=\"yoast-schema-graph\">{\"@context\":\"https:\/\/schema.org\",\"@graph\":[{\"@type\":\"WebPage\",\"@id\":\"https:\/\/lda.be\/fr\/produit\/pinces-angulaires-serie-pab-dalesage-10-mm-a-32-mm\/\",\"url\":\"https:\/\/lda.be\/fr\/produit\/pinces-angulaires-serie-pab-dalesage-10-mm-a-32-mm\/\",\"name\":\"Pinces angulaires s\u00e9rie PAB d'al\u00e9sage (10 mm \u00e0 32 mm) - LDA Belgique\",\"isPartOf\":{\"@id\":\"https:\/\/lda.be\/fr\/#website\"},\"primaryImageOfPage\":{\"@id\":\"https:\/\/lda.be\/fr\/produit\/pinces-angulaires-serie-pab-dalesage-10-mm-a-32-mm\/#primaryimage\"},\"image\":{\"@id\":\"https:\/\/lda.be\/fr\/produit\/pinces-angulaires-serie-pab-dalesage-10-mm-a-32-mm\/#primaryimage\"},\"thumbnailUrl\":\"https:\/\/lda.be\/wp-content\/uploads\/2026\/02\/Serie-PAB-hoekgrijper-van-API.webp\",\"datePublished\":\"2026-02-17T15:26:56+00:00\",\"dateModified\":\"2026-02-17T15:47:45+00:00\",\"description\":\"S\u00e9rie PAB : pinces angulaires avec design compact et syst\u00e8me magn\u00e9tique pour applications de pr\u00e9cision en robotique et assemblage. Id\u00e9ales pour la manipulation automatis\u00e9e.\",\"breadcrumb\":{\"@id\":\"https:\/\/lda.be\/fr\/produit\/pinces-angulaires-serie-pab-dalesage-10-mm-a-32-mm\/#breadcrumb\"},\"inLanguage\":\"fr-FR\",\"potentialAction\":[{\"@type\":\"ReadAction\",\"target\":[\"https:\/\/lda.be\/fr\/produit\/pinces-angulaires-serie-pab-dalesage-10-mm-a-32-mm\/\"]}]},{\"@type\":\"ImageObject\",\"inLanguage\":\"fr-FR\",\"@id\":\"https:\/\/lda.be\/fr\/produit\/pinces-angulaires-serie-pab-dalesage-10-mm-a-32-mm\/#primaryimage\",\"url\":\"https:\/\/lda.be\/wp-content\/uploads\/2026\/02\/Serie-PAB-hoekgrijper-van-API.webp\",\"contentUrl\":\"https:\/\/lda.be\/wp-content\/uploads\/2026\/02\/Serie-PAB-hoekgrijper-van-API.webp\",\"width\":1080,\"height\":1080,\"caption\":\"Serie PAB hoekgrijper van API\"},{\"@type\":\"BreadcrumbList\",\"@id\":\"https:\/\/lda.be\/fr\/produit\/pinces-angulaires-serie-pab-dalesage-10-mm-a-32-mm\/#breadcrumb\",\"itemListElement\":[{\"@type\":\"ListItem\",\"position\":1,\"name\":\"Accueil\",\"item\":\"https:\/\/lda.be\/fr\/\"},{\"@type\":\"ListItem\",\"position\":2,\"name\":\"Produits\",\"item\":\"https:\/\/lda.be\/fr\/produits\/\"},{\"@type\":\"ListItem\",\"position\":3,\"name\":\"Pinces angulaires s\u00e9rie PAB d&#8217;al\u00e9sage (10 mm \u00e0 32 mm)\"}]},{\"@type\":\"WebSite\",\"@id\":\"https:\/\/lda.be\/fr\/#website\",\"url\":\"https:\/\/lda.be\/fr\/\",\"name\":\"LDA Belgium\",\"description\":\"Solutions For Life\",\"publisher\":{\"@id\":\"https:\/\/lda.be\/fr\/#organization\"},\"potentialAction\":[{\"@type\":\"SearchAction\",\"target\":{\"@type\":\"EntryPoint\",\"urlTemplate\":\"https:\/\/lda.be\/fr\/?s={search_term_string}\"},\"query-input\":{\"@type\":\"PropertyValueSpecification\",\"valueRequired\":true,\"valueName\":\"search_term_string\"}}],\"inLanguage\":\"fr-FR\"},{\"@type\":\"Organization\",\"@id\":\"https:\/\/lda.be\/fr\/#organization\",\"name\":\"LDA Belgium\",\"url\":\"https:\/\/lda.be\/fr\/\",\"logo\":{\"@type\":\"ImageObject\",\"inLanguage\":\"fr-FR\",\"@id\":\"https:\/\/lda.be\/fr\/#\/schema\/logo\/image\/\",\"url\":\"https:\/\/lda.be\/wp-content\/uploads\/2022\/07\/Logo-LDA.webp\",\"contentUrl\":\"https:\/\/lda.be\/wp-content\/uploads\/2022\/07\/Logo-LDA.webp\",\"width\":311,\"height\":101,\"caption\":\"LDA Belgium\"},\"image\":{\"@id\":\"https:\/\/lda.be\/fr\/#\/schema\/logo\/image\/\"},\"sameAs\":[\"https:\/\/www.linkedin.com\/company\/lda-belgium-nv\"]}]}<\/script>\n<!-- \/ Yoast SEO plugin. -->","yoast_head_json":{"title":"Pinces angulaires s\u00e9rie PAB d'al\u00e9sage (10 mm \u00e0 32 mm) - LDA Belgique","description":"S\u00e9rie PAB : pinces angulaires avec design compact et syst\u00e8me magn\u00e9tique pour applications de pr\u00e9cision en robotique et assemblage. Id\u00e9ales pour la manipulation automatis\u00e9e.","robots":{"index":"index","follow":"follow","max-snippet":"max-snippet:-1","max-image-preview":"max-image-preview:large","max-video-preview":"max-video-preview:-1"},"canonical":"https:\/\/lda.be\/fr\/produit\/pinces-angulaires-serie-pab-dalesage-10-mm-a-32-mm\/","og_locale":"fr_FR","og_type":"article","og_title":"Pinces angulaires s\u00e9rie PAB d'al\u00e9sage (10 mm \u00e0 32 mm) - LDA Belgique","og_description":"S\u00e9rie PAB : pinces angulaires avec design compact et syst\u00e8me magn\u00e9tique pour applications de pr\u00e9cision en robotique et assemblage. Id\u00e9ales pour la manipulation automatis\u00e9e.","og_url":"https:\/\/lda.be\/fr\/produit\/pinces-angulaires-serie-pab-dalesage-10-mm-a-32-mm\/","og_site_name":"LDA Belgique","article_modified_time":"2026-02-17T15:47:45+00:00","og_image":[{"width":1080,"height":1080,"url":"https:\/\/lda.be\/wp-content\/uploads\/2026\/02\/Serie-PAB-hoekgrijper-van-API.webp","type":"image\/webp"}],"twitter_card":"summary_large_image","twitter_misc":{"Dur\u00e9e de lecture estim\u00e9e":"1 minute"},"schema":{"@context":"https:\/\/schema.org","@graph":[{"@type":"WebPage","@id":"https:\/\/lda.be\/fr\/produit\/pinces-angulaires-serie-pab-dalesage-10-mm-a-32-mm\/","url":"https:\/\/lda.be\/fr\/produit\/pinces-angulaires-serie-pab-dalesage-10-mm-a-32-mm\/","name":"Pinces angulaires s\u00e9rie PAB d'al\u00e9sage (10 mm \u00e0 32 mm) - LDA Belgique","isPartOf":{"@id":"https:\/\/lda.be\/fr\/#website"},"primaryImageOfPage":{"@id":"https:\/\/lda.be\/fr\/produit\/pinces-angulaires-serie-pab-dalesage-10-mm-a-32-mm\/#primaryimage"},"image":{"@id":"https:\/\/lda.be\/fr\/produit\/pinces-angulaires-serie-pab-dalesage-10-mm-a-32-mm\/#primaryimage"},"thumbnailUrl":"https:\/\/lda.be\/wp-content\/uploads\/2026\/02\/Serie-PAB-hoekgrijper-van-API.webp","datePublished":"2026-02-17T15:26:56+00:00","dateModified":"2026-02-17T15:47:45+00:00","description":"S\u00e9rie PAB : pinces angulaires avec design compact et syst\u00e8me magn\u00e9tique pour applications de pr\u00e9cision en robotique et assemblage. Id\u00e9ales pour la manipulation automatis\u00e9e.","breadcrumb":{"@id":"https:\/\/lda.be\/fr\/produit\/pinces-angulaires-serie-pab-dalesage-10-mm-a-32-mm\/#breadcrumb"},"inLanguage":"fr-FR","potentialAction":[{"@type":"ReadAction","target":["https:\/\/lda.be\/fr\/produit\/pinces-angulaires-serie-pab-dalesage-10-mm-a-32-mm\/"]}]},{"@type":"ImageObject","inLanguage":"fr-FR","@id":"https:\/\/lda.be\/fr\/produit\/pinces-angulaires-serie-pab-dalesage-10-mm-a-32-mm\/#primaryimage","url":"https:\/\/lda.be\/wp-content\/uploads\/2026\/02\/Serie-PAB-hoekgrijper-van-API.webp","contentUrl":"https:\/\/lda.be\/wp-content\/uploads\/2026\/02\/Serie-PAB-hoekgrijper-van-API.webp","width":1080,"height":1080,"caption":"Serie PAB hoekgrijper van API"},{"@type":"BreadcrumbList","@id":"https:\/\/lda.be\/fr\/produit\/pinces-angulaires-serie-pab-dalesage-10-mm-a-32-mm\/#breadcrumb","itemListElement":[{"@type":"ListItem","position":1,"name":"Accueil","item":"https:\/\/lda.be\/fr\/"},{"@type":"ListItem","position":2,"name":"Produits","item":"https:\/\/lda.be\/fr\/produits\/"},{"@type":"ListItem","position":3,"name":"Pinces angulaires s\u00e9rie PAB d&#8217;al\u00e9sage (10 mm \u00e0 32 mm)"}]},{"@type":"WebSite","@id":"https:\/\/lda.be\/fr\/#website","url":"https:\/\/lda.be\/fr\/","name":"LDA Belgium","description":"Solutions For Life","publisher":{"@id":"https:\/\/lda.be\/fr\/#organization"},"potentialAction":[{"@type":"SearchAction","target":{"@type":"EntryPoint","urlTemplate":"https:\/\/lda.be\/fr\/?s={search_term_string}"},"query-input":{"@type":"PropertyValueSpecification","valueRequired":true,"valueName":"search_term_string"}}],"inLanguage":"fr-FR"},{"@type":"Organization","@id":"https:\/\/lda.be\/fr\/#organization","name":"LDA Belgium","url":"https:\/\/lda.be\/fr\/","logo":{"@type":"ImageObject","inLanguage":"fr-FR","@id":"https:\/\/lda.be\/fr\/#\/schema\/logo\/image\/","url":"https:\/\/lda.be\/wp-content\/uploads\/2022\/07\/Logo-LDA.webp","contentUrl":"https:\/\/lda.be\/wp-content\/uploads\/2022\/07\/Logo-LDA.webp","width":311,"height":101,"caption":"LDA Belgium"},"image":{"@id":"https:\/\/lda.be\/fr\/#\/schema\/logo\/image\/"},"sameAs":["https:\/\/www.linkedin.com\/company\/lda-belgium-nv"]}]}},"_links":{"self":[{"href":"https:\/\/lda.be\/fr\/wp-json\/wp\/v2\/product\/15599","targetHints":{"allow":["GET"]}}],"collection":[{"href":"https:\/\/lda.be\/fr\/wp-json\/wp\/v2\/product"}],"about":[{"href":"https:\/\/lda.be\/fr\/wp-json\/wp\/v2\/types\/product"}],"replies":[{"embeddable":true,"href":"https:\/\/lda.be\/fr\/wp-json\/wp\/v2\/comments?post=15599"}],"wp:featuredmedia":[{"embeddable":true,"href":"https:\/\/lda.be\/fr\/wp-json\/wp\/v2\/media\/15593"}],"wp:attachment":[{"href":"https:\/\/lda.be\/fr\/wp-json\/wp\/v2\/media?parent=15599"}],"wp:term":[{"taxonomy":"product_brand","embeddable":true,"href":"https:\/\/lda.be\/fr\/wp-json\/wp\/v2\/product_brand?post=15599"},{"taxonomy":"product_cat","embeddable":true,"href":"https:\/\/lda.be\/fr\/wp-json\/wp\/v2\/product_cat?post=15599"},{"taxonomy":"product_tag","embeddable":true,"href":"https:\/\/lda.be\/fr\/wp-json\/wp\/v2\/product_tag?post=15599"}],"curies":[{"name":"wp","href":"https:\/\/api.w.org\/{rel}","templated":true}]}}