{"id":15615,"date":"2026-02-18T15:02:16","date_gmt":"2026-02-18T14:02:16","guid":{"rendered":"https:\/\/lda.be\/?post_type=product&#038;p=15615"},"modified":"2026-02-18T15:15:56","modified_gmt":"2026-02-18T14:15:56","slug":"serie-pac-pinces-angulaires-180","status":"publish","type":"product","link":"https:\/\/lda.be\/fr\/produit\/serie-pac-pinces-angulaires-180\/","title":{"rendered":"S\u00e9rie PAC Pinces angulaires 180\u00b0"},"content":{"rendered":"<p>Pinces angulaires 180\u00b0 disponibles en al\u00e9sages de \u00d8 12 \u00e0 32, double effet, magn\u00e9tiques, avec rainures permettant le montage direct de commutateurs magn\u00e9tiques. Livr\u00e9es en standard conform\u00e9ment aux directives Reach et RoHS.<\/p>\n","protected":false},"excerpt":{"rendered":"<p>Pinces angulaires 180\u00b0 disponibles en al\u00e9sages de \u00d8 12 \u00e0 32, double effet, magn\u00e9tiques, avec rainures permettant le montage direct de commutateurs magn\u00e9tiques. Livr\u00e9es en standard conform\u00e9ment aux directives Reach et RoHS.<\/p>\n","protected":false},"featured_media":15607,"comment_status":"closed","ping_status":"closed","template":"","meta":[],"product_brand":[1831,1885],"product_cat":[1064],"product_tag":[],"class_list":{"0":"post-15615","1":"product","2":"type-product","3":"status-publish","4":"has-post-thumbnail","6":"product_brand-api","7":"product_brand-grippers","8":"product_cat-pinces-angulaires","10":"first","11":"instock","12":"shipping-taxable","13":"product-type-simple"},"yoast_head":"<!-- This site is optimized with the Yoast SEO plugin v27.3 - https:\/\/yoast.com\/product\/yoast-seo-wordpress\/ -->\n<title>S\u00e9rie PAC Pinces angulaires 180\u00b0 - LDA Belgique<\/title>\n<meta name=\"description\" content=\"S\u00e9rie PAC : pinces angulaires \u00e0 180\u00b0 avec capacit\u00e9 de rotation compl\u00e8te et manipulation de pr\u00e9cision pour les applications industrielles complexes. Disponibles au Benelux.\" \/>\n<meta name=\"robots\" content=\"index, follow, max-snippet:-1, max-image-preview:large, max-video-preview:-1\" \/>\n<link rel=\"canonical\" href=\"https:\/\/lda.be\/fr\/produit\/serie-pac-pinces-angulaires-180\/\" \/>\n<meta property=\"og:locale\" content=\"fr_FR\" \/>\n<meta property=\"og:type\" content=\"article\" \/>\n<meta property=\"og:title\" content=\"S\u00e9rie PAC Pinces angulaires 180\u00b0 - LDA Belgique\" \/>\n<meta property=\"og:description\" content=\"S\u00e9rie PAC : pinces angulaires \u00e0 180\u00b0 avec capacit\u00e9 de rotation compl\u00e8te et manipulation de pr\u00e9cision pour les applications industrielles complexes. Disponibles au Benelux.\" \/>\n<meta property=\"og:url\" content=\"https:\/\/lda.be\/fr\/produit\/serie-pac-pinces-angulaires-180\/\" \/>\n<meta property=\"og:site_name\" content=\"LDA Belgique\" \/>\n<meta property=\"article:modified_time\" content=\"2026-02-18T14:15:56+00:00\" \/>\n<meta property=\"og:image\" content=\"https:\/\/lda.be\/wp-content\/uploads\/2026\/02\/PAC-hoekgrijper-van-API.webp\" \/>\n\t<meta property=\"og:image:width\" content=\"1080\" \/>\n\t<meta property=\"og:image:height\" content=\"1080\" \/>\n\t<meta property=\"og:image:type\" content=\"image\/webp\" \/>\n<meta name=\"twitter:card\" content=\"summary_large_image\" \/>\n<meta name=\"twitter:label1\" content=\"Dur\u00e9e de lecture estim\u00e9e\" \/>\n\t<meta name=\"twitter:data1\" content=\"1 minute\" \/>\n<script type=\"application\/ld+json\" class=\"yoast-schema-graph\">{\"@context\":\"https:\\\/\\\/schema.org\",\"@graph\":[{\"@type\":\"WebPage\",\"@id\":\"https:\\\/\\\/lda.be\\\/fr\\\/produit\\\/serie-pac-pinces-angulaires-180\\\/\",\"url\":\"https:\\\/\\\/lda.be\\\/fr\\\/produit\\\/serie-pac-pinces-angulaires-180\\\/\",\"name\":\"S\u00e9rie PAC Pinces angulaires 180\u00b0 - LDA Belgique\",\"isPartOf\":{\"@id\":\"https:\\\/\\\/lda.be\\\/fr\\\/#website\"},\"primaryImageOfPage\":{\"@id\":\"https:\\\/\\\/lda.be\\\/fr\\\/produit\\\/serie-pac-pinces-angulaires-180\\\/#primaryimage\"},\"image\":{\"@id\":\"https:\\\/\\\/lda.be\\\/fr\\\/produit\\\/serie-pac-pinces-angulaires-180\\\/#primaryimage\"},\"thumbnailUrl\":\"https:\\\/\\\/lda.be\\\/wp-content\\\/uploads\\\/2026\\\/02\\\/PAC-hoekgrijper-van-API.webp\",\"datePublished\":\"2026-02-18T14:02:16+00:00\",\"dateModified\":\"2026-02-18T14:15:56+00:00\",\"description\":\"S\u00e9rie PAC : pinces angulaires \u00e0 180\u00b0 avec capacit\u00e9 de rotation compl\u00e8te et manipulation de pr\u00e9cision pour les applications industrielles complexes. Disponibles au Benelux.\",\"breadcrumb\":{\"@id\":\"https:\\\/\\\/lda.be\\\/fr\\\/produit\\\/serie-pac-pinces-angulaires-180\\\/#breadcrumb\"},\"inLanguage\":\"fr-FR\",\"potentialAction\":[{\"@type\":\"ReadAction\",\"target\":[\"https:\\\/\\\/lda.be\\\/fr\\\/produit\\\/serie-pac-pinces-angulaires-180\\\/\"]}]},{\"@type\":\"ImageObject\",\"inLanguage\":\"fr-FR\",\"@id\":\"https:\\\/\\\/lda.be\\\/fr\\\/produit\\\/serie-pac-pinces-angulaires-180\\\/#primaryimage\",\"url\":\"https:\\\/\\\/lda.be\\\/wp-content\\\/uploads\\\/2026\\\/02\\\/PAC-hoekgrijper-van-API.webp\",\"contentUrl\":\"https:\\\/\\\/lda.be\\\/wp-content\\\/uploads\\\/2026\\\/02\\\/PAC-hoekgrijper-van-API.webp\",\"width\":1080,\"height\":1080},{\"@type\":\"BreadcrumbList\",\"@id\":\"https:\\\/\\\/lda.be\\\/fr\\\/produit\\\/serie-pac-pinces-angulaires-180\\\/#breadcrumb\",\"itemListElement\":[{\"@type\":\"ListItem\",\"position\":1,\"name\":\"Accueil\",\"item\":\"https:\\\/\\\/lda.be\\\/fr\\\/\"},{\"@type\":\"ListItem\",\"position\":2,\"name\":\"Produits\",\"item\":\"https:\\\/\\\/lda.be\\\/fr\\\/produits\\\/\"},{\"@type\":\"ListItem\",\"position\":3,\"name\":\"S\u00e9rie PAC Pinces angulaires 180\u00b0\"}]},{\"@type\":\"WebSite\",\"@id\":\"https:\\\/\\\/lda.be\\\/fr\\\/#website\",\"url\":\"https:\\\/\\\/lda.be\\\/fr\\\/\",\"name\":\"LDA Belgium\",\"description\":\"Solutions For Life\",\"publisher\":{\"@id\":\"https:\\\/\\\/lda.be\\\/fr\\\/#organization\"},\"potentialAction\":[{\"@type\":\"SearchAction\",\"target\":{\"@type\":\"EntryPoint\",\"urlTemplate\":\"https:\\\/\\\/lda.be\\\/fr\\\/?s={search_term_string}\"},\"query-input\":{\"@type\":\"PropertyValueSpecification\",\"valueRequired\":true,\"valueName\":\"search_term_string\"}}],\"inLanguage\":\"fr-FR\"},{\"@type\":\"Organization\",\"@id\":\"https:\\\/\\\/lda.be\\\/fr\\\/#organization\",\"name\":\"LDA Belgium\",\"url\":\"https:\\\/\\\/lda.be\\\/fr\\\/\",\"logo\":{\"@type\":\"ImageObject\",\"inLanguage\":\"fr-FR\",\"@id\":\"https:\\\/\\\/lda.be\\\/fr\\\/#\\\/schema\\\/logo\\\/image\\\/\",\"url\":\"https:\\\/\\\/lda.be\\\/wp-content\\\/uploads\\\/2022\\\/07\\\/Logo-LDA.webp\",\"contentUrl\":\"https:\\\/\\\/lda.be\\\/wp-content\\\/uploads\\\/2022\\\/07\\\/Logo-LDA.webp\",\"width\":311,\"height\":101,\"caption\":\"LDA Belgium\"},\"image\":{\"@id\":\"https:\\\/\\\/lda.be\\\/fr\\\/#\\\/schema\\\/logo\\\/image\\\/\"},\"sameAs\":[\"https:\\\/\\\/www.linkedin.com\\\/company\\\/lda-belgium-nv\"]}]}<\/script>\n<!-- \/ Yoast SEO plugin. -->","yoast_head_json":{"title":"S\u00e9rie PAC Pinces angulaires 180\u00b0 - LDA Belgique","description":"S\u00e9rie PAC : pinces angulaires \u00e0 180\u00b0 avec capacit\u00e9 de rotation compl\u00e8te et manipulation de pr\u00e9cision pour les applications industrielles complexes. Disponibles au Benelux.","robots":{"index":"index","follow":"follow","max-snippet":"max-snippet:-1","max-image-preview":"max-image-preview:large","max-video-preview":"max-video-preview:-1"},"canonical":"https:\/\/lda.be\/fr\/produit\/serie-pac-pinces-angulaires-180\/","og_locale":"fr_FR","og_type":"article","og_title":"S\u00e9rie PAC Pinces angulaires 180\u00b0 - LDA Belgique","og_description":"S\u00e9rie PAC : pinces angulaires \u00e0 180\u00b0 avec capacit\u00e9 de rotation compl\u00e8te et manipulation de pr\u00e9cision pour les applications industrielles complexes. Disponibles au Benelux.","og_url":"https:\/\/lda.be\/fr\/produit\/serie-pac-pinces-angulaires-180\/","og_site_name":"LDA Belgique","article_modified_time":"2026-02-18T14:15:56+00:00","og_image":[{"width":1080,"height":1080,"url":"https:\/\/lda.be\/wp-content\/uploads\/2026\/02\/PAC-hoekgrijper-van-API.webp","type":"image\/webp"}],"twitter_card":"summary_large_image","twitter_misc":{"Dur\u00e9e de lecture estim\u00e9e":"1 minute"},"schema":{"@context":"https:\/\/schema.org","@graph":[{"@type":"WebPage","@id":"https:\/\/lda.be\/fr\/produit\/serie-pac-pinces-angulaires-180\/","url":"https:\/\/lda.be\/fr\/produit\/serie-pac-pinces-angulaires-180\/","name":"S\u00e9rie PAC Pinces angulaires 180\u00b0 - LDA Belgique","isPartOf":{"@id":"https:\/\/lda.be\/fr\/#website"},"primaryImageOfPage":{"@id":"https:\/\/lda.be\/fr\/produit\/serie-pac-pinces-angulaires-180\/#primaryimage"},"image":{"@id":"https:\/\/lda.be\/fr\/produit\/serie-pac-pinces-angulaires-180\/#primaryimage"},"thumbnailUrl":"https:\/\/lda.be\/wp-content\/uploads\/2026\/02\/PAC-hoekgrijper-van-API.webp","datePublished":"2026-02-18T14:02:16+00:00","dateModified":"2026-02-18T14:15:56+00:00","description":"S\u00e9rie PAC : pinces angulaires \u00e0 180\u00b0 avec capacit\u00e9 de rotation compl\u00e8te et manipulation de pr\u00e9cision pour les applications industrielles complexes. Disponibles au Benelux.","breadcrumb":{"@id":"https:\/\/lda.be\/fr\/produit\/serie-pac-pinces-angulaires-180\/#breadcrumb"},"inLanguage":"fr-FR","potentialAction":[{"@type":"ReadAction","target":["https:\/\/lda.be\/fr\/produit\/serie-pac-pinces-angulaires-180\/"]}]},{"@type":"ImageObject","inLanguage":"fr-FR","@id":"https:\/\/lda.be\/fr\/produit\/serie-pac-pinces-angulaires-180\/#primaryimage","url":"https:\/\/lda.be\/wp-content\/uploads\/2026\/02\/PAC-hoekgrijper-van-API.webp","contentUrl":"https:\/\/lda.be\/wp-content\/uploads\/2026\/02\/PAC-hoekgrijper-van-API.webp","width":1080,"height":1080},{"@type":"BreadcrumbList","@id":"https:\/\/lda.be\/fr\/produit\/serie-pac-pinces-angulaires-180\/#breadcrumb","itemListElement":[{"@type":"ListItem","position":1,"name":"Accueil","item":"https:\/\/lda.be\/fr\/"},{"@type":"ListItem","position":2,"name":"Produits","item":"https:\/\/lda.be\/fr\/produits\/"},{"@type":"ListItem","position":3,"name":"S\u00e9rie PAC Pinces angulaires 180\u00b0"}]},{"@type":"WebSite","@id":"https:\/\/lda.be\/fr\/#website","url":"https:\/\/lda.be\/fr\/","name":"LDA Belgium","description":"Solutions For Life","publisher":{"@id":"https:\/\/lda.be\/fr\/#organization"},"potentialAction":[{"@type":"SearchAction","target":{"@type":"EntryPoint","urlTemplate":"https:\/\/lda.be\/fr\/?s={search_term_string}"},"query-input":{"@type":"PropertyValueSpecification","valueRequired":true,"valueName":"search_term_string"}}],"inLanguage":"fr-FR"},{"@type":"Organization","@id":"https:\/\/lda.be\/fr\/#organization","name":"LDA Belgium","url":"https:\/\/lda.be\/fr\/","logo":{"@type":"ImageObject","inLanguage":"fr-FR","@id":"https:\/\/lda.be\/fr\/#\/schema\/logo\/image\/","url":"https:\/\/lda.be\/wp-content\/uploads\/2022\/07\/Logo-LDA.webp","contentUrl":"https:\/\/lda.be\/wp-content\/uploads\/2022\/07\/Logo-LDA.webp","width":311,"height":101,"caption":"LDA Belgium"},"image":{"@id":"https:\/\/lda.be\/fr\/#\/schema\/logo\/image\/"},"sameAs":["https:\/\/www.linkedin.com\/company\/lda-belgium-nv"]}]}},"_links":{"self":[{"href":"https:\/\/lda.be\/fr\/wp-json\/wp\/v2\/product\/15615","targetHints":{"allow":["GET"]}}],"collection":[{"href":"https:\/\/lda.be\/fr\/wp-json\/wp\/v2\/product"}],"about":[{"href":"https:\/\/lda.be\/fr\/wp-json\/wp\/v2\/types\/product"}],"replies":[{"embeddable":true,"href":"https:\/\/lda.be\/fr\/wp-json\/wp\/v2\/comments?post=15615"}],"wp:featuredmedia":[{"embeddable":true,"href":"https:\/\/lda.be\/fr\/wp-json\/wp\/v2\/media\/15607"}],"wp:attachment":[{"href":"https:\/\/lda.be\/fr\/wp-json\/wp\/v2\/media?parent=15615"}],"wp:term":[{"taxonomy":"product_brand","embeddable":true,"href":"https:\/\/lda.be\/fr\/wp-json\/wp\/v2\/product_brand?post=15615"},{"taxonomy":"product_cat","embeddable":true,"href":"https:\/\/lda.be\/fr\/wp-json\/wp\/v2\/product_cat?post=15615"},{"taxonomy":"product_tag","embeddable":true,"href":"https:\/\/lda.be\/fr\/wp-json\/wp\/v2\/product_tag?post=15615"}],"curies":[{"name":"wp","href":"https:\/\/api.w.org\/{rel}","templated":true}]}}