{"id":15625,"date":"2026-02-18T15:45:47","date_gmt":"2026-02-18T14:45:47","guid":{"rendered":"https:\/\/lda.be\/?post_type=product&#038;p=15625"},"modified":"2026-02-18T16:03:26","modified_gmt":"2026-02-18T15:03:26","slug":"pinces-angulaires-comp-pick-serie-180","status":"publish","type":"product","link":"https:\/\/lda.be\/fr\/produit\/pinces-angulaires-comp-pick-serie-180\/","title":{"rendered":"Pinces angulaires comp-pick s\u00e9rie 180\u00b0"},"content":{"rendered":"<p>Les pinces angulaires Com-Pick sont des actionneurs pneumatiques con\u00e7us pour des applications industrielles n\u00e9cessitant un mouvement angulaire jusqu&#8217;\u00e0 180 degr\u00e9s. Ces pinces sont utilis\u00e9es dans la robotique, les processus d&#8217;assemblage et les syst\u00e8mes de pick-and-place. Leur conception comprend un bo\u00eetier en aluminium avec un m\u00e9canisme de pivot en acier tremp\u00e9, assurant une longue dur\u00e9e de vie. La s\u00e9rie propose des mod\u00e8les \u00e0 deux ou trois m\u00e2choires, disponibles en tailles d&#8217;al\u00e9sage de 12,7 mm \u00e0 203 mm. La force de pr\u00e9hension varie de 11 N \u00e0 7.512 N \u00e0 une pression de travail de 6,9 bar.<\/p>\n","protected":false},"excerpt":{"rendered":"<p>Les pinces angulaires Com-Pick sont des actionneurs pneumatiques con\u00e7us pour des applications industrielles n\u00e9cessitant un mouvement angulaire jusqu&#8217;\u00e0 180 degr\u00e9s. Ces pinces sont utilis\u00e9es dans la robotique, les processus d&#8217;assemblage et les syst\u00e8mes de pick-and-place. Leur conception comprend un bo\u00eetier en aluminium avec un m\u00e9canisme de pivot en acier tremp\u00e9, assurant une longue dur\u00e9e de [&hellip;]<\/p>\n","protected":false},"featured_media":15623,"comment_status":"closed","ping_status":"closed","template":"","meta":[],"product_brand":[1856,1895],"product_cat":[1064],"product_tag":[],"class_list":{"0":"post-15625","1":"product","2":"type-product","3":"status-publish","4":"has-post-thumbnail","6":"product_brand-cap","7":"product_brand-grippers","8":"product_cat-pinces-angulaires","10":"first","11":"instock","12":"shipping-taxable","13":"product-type-simple"},"yoast_head":"<!-- This site is optimized with the Yoast SEO plugin v27.3 - https:\/\/yoast.com\/product\/yoast-seo-wordpress\/ -->\n<title>Pinces angulaires comp-pick s\u00e9rie 180\u00b0 - LDA Belgique<\/title>\n<meta name=\"robots\" content=\"index, follow, max-snippet:-1, max-image-preview:large, max-video-preview:-1\" \/>\n<link rel=\"canonical\" href=\"https:\/\/lda.be\/fr\/produit\/pinces-angulaires-comp-pick-serie-180\/\" \/>\n<meta property=\"og:locale\" content=\"fr_FR\" \/>\n<meta property=\"og:type\" content=\"article\" \/>\n<meta property=\"og:title\" content=\"Pinces angulaires comp-pick s\u00e9rie 180\u00b0 - LDA Belgique\" \/>\n<meta property=\"og:description\" content=\"Les pinces angulaires Com-Pick sont des actionneurs pneumatiques con\u00e7us pour des applications industrielles n\u00e9cessitant un mouvement angulaire jusqu&#8217;\u00e0 180 degr\u00e9s. Ces pinces sont utilis\u00e9es dans la robotique, les processus d&#8217;assemblage et les syst\u00e8mes de pick-and-place. Leur conception comprend un bo\u00eetier en aluminium avec un m\u00e9canisme de pivot en acier tremp\u00e9, assurant une longue dur\u00e9e de [&hellip;]\" \/>\n<meta property=\"og:url\" content=\"https:\/\/lda.be\/fr\/produit\/pinces-angulaires-comp-pick-serie-180\/\" \/>\n<meta property=\"og:site_name\" content=\"LDA Belgique\" \/>\n<meta property=\"article:modified_time\" content=\"2026-02-18T15:03:26+00:00\" \/>\n<meta property=\"og:image\" content=\"https:\/\/lda.be\/wp-content\/uploads\/2026\/02\/CAP-angular-grippers-series-1.webp\" \/>\n\t<meta property=\"og:image:width\" content=\"1080\" \/>\n\t<meta property=\"og:image:height\" content=\"1080\" \/>\n\t<meta property=\"og:image:type\" content=\"image\/webp\" \/>\n<meta name=\"twitter:card\" content=\"summary_large_image\" \/>\n<meta name=\"twitter:label1\" content=\"Dur\u00e9e de lecture estim\u00e9e\" \/>\n\t<meta name=\"twitter:data1\" content=\"1 minute\" \/>\n<script type=\"application\/ld+json\" class=\"yoast-schema-graph\">{\"@context\":\"https:\\\/\\\/schema.org\",\"@graph\":[{\"@type\":\"WebPage\",\"@id\":\"https:\\\/\\\/lda.be\\\/fr\\\/produit\\\/pinces-angulaires-comp-pick-serie-180\\\/\",\"url\":\"https:\\\/\\\/lda.be\\\/fr\\\/produit\\\/pinces-angulaires-comp-pick-serie-180\\\/\",\"name\":\"Pinces angulaires comp-pick s\u00e9rie 180\u00b0 - LDA Belgique\",\"isPartOf\":{\"@id\":\"https:\\\/\\\/lda.be\\\/fr\\\/#website\"},\"primaryImageOfPage\":{\"@id\":\"https:\\\/\\\/lda.be\\\/fr\\\/produit\\\/pinces-angulaires-comp-pick-serie-180\\\/#primaryimage\"},\"image\":{\"@id\":\"https:\\\/\\\/lda.be\\\/fr\\\/produit\\\/pinces-angulaires-comp-pick-serie-180\\\/#primaryimage\"},\"thumbnailUrl\":\"https:\\\/\\\/lda.be\\\/wp-content\\\/uploads\\\/2026\\\/02\\\/CAP-angular-grippers-series-1.webp\",\"datePublished\":\"2026-02-18T14:45:47+00:00\",\"dateModified\":\"2026-02-18T15:03:26+00:00\",\"breadcrumb\":{\"@id\":\"https:\\\/\\\/lda.be\\\/fr\\\/produit\\\/pinces-angulaires-comp-pick-serie-180\\\/#breadcrumb\"},\"inLanguage\":\"fr-FR\",\"potentialAction\":[{\"@type\":\"ReadAction\",\"target\":[\"https:\\\/\\\/lda.be\\\/fr\\\/produit\\\/pinces-angulaires-comp-pick-serie-180\\\/\"]}]},{\"@type\":\"ImageObject\",\"inLanguage\":\"fr-FR\",\"@id\":\"https:\\\/\\\/lda.be\\\/fr\\\/produit\\\/pinces-angulaires-comp-pick-serie-180\\\/#primaryimage\",\"url\":\"https:\\\/\\\/lda.be\\\/wp-content\\\/uploads\\\/2026\\\/02\\\/CAP-angular-grippers-series-1.webp\",\"contentUrl\":\"https:\\\/\\\/lda.be\\\/wp-content\\\/uploads\\\/2026\\\/02\\\/CAP-angular-grippers-series-1.webp\",\"width\":1080,\"height\":1080,\"caption\":\"CAP angular grippers series\"},{\"@type\":\"BreadcrumbList\",\"@id\":\"https:\\\/\\\/lda.be\\\/fr\\\/produit\\\/pinces-angulaires-comp-pick-serie-180\\\/#breadcrumb\",\"itemListElement\":[{\"@type\":\"ListItem\",\"position\":1,\"name\":\"Accueil\",\"item\":\"https:\\\/\\\/lda.be\\\/fr\\\/\"},{\"@type\":\"ListItem\",\"position\":2,\"name\":\"Produits\",\"item\":\"https:\\\/\\\/lda.be\\\/fr\\\/produits\\\/\"},{\"@type\":\"ListItem\",\"position\":3,\"name\":\"Pinces angulaires comp-pick s\u00e9rie 180\u00b0\"}]},{\"@type\":\"WebSite\",\"@id\":\"https:\\\/\\\/lda.be\\\/fr\\\/#website\",\"url\":\"https:\\\/\\\/lda.be\\\/fr\\\/\",\"name\":\"LDA Belgium\",\"description\":\"Solutions For Life\",\"publisher\":{\"@id\":\"https:\\\/\\\/lda.be\\\/fr\\\/#organization\"},\"potentialAction\":[{\"@type\":\"SearchAction\",\"target\":{\"@type\":\"EntryPoint\",\"urlTemplate\":\"https:\\\/\\\/lda.be\\\/fr\\\/?s={search_term_string}\"},\"query-input\":{\"@type\":\"PropertyValueSpecification\",\"valueRequired\":true,\"valueName\":\"search_term_string\"}}],\"inLanguage\":\"fr-FR\"},{\"@type\":\"Organization\",\"@id\":\"https:\\\/\\\/lda.be\\\/fr\\\/#organization\",\"name\":\"LDA Belgium\",\"url\":\"https:\\\/\\\/lda.be\\\/fr\\\/\",\"logo\":{\"@type\":\"ImageObject\",\"inLanguage\":\"fr-FR\",\"@id\":\"https:\\\/\\\/lda.be\\\/fr\\\/#\\\/schema\\\/logo\\\/image\\\/\",\"url\":\"https:\\\/\\\/lda.be\\\/wp-content\\\/uploads\\\/2022\\\/07\\\/Logo-LDA.webp\",\"contentUrl\":\"https:\\\/\\\/lda.be\\\/wp-content\\\/uploads\\\/2022\\\/07\\\/Logo-LDA.webp\",\"width\":311,\"height\":101,\"caption\":\"LDA Belgium\"},\"image\":{\"@id\":\"https:\\\/\\\/lda.be\\\/fr\\\/#\\\/schema\\\/logo\\\/image\\\/\"},\"sameAs\":[\"https:\\\/\\\/www.linkedin.com\\\/company\\\/lda-belgium-nv\"]}]}<\/script>\n<!-- \/ Yoast SEO plugin. -->","yoast_head_json":{"title":"Pinces angulaires comp-pick s\u00e9rie 180\u00b0 - LDA Belgique","robots":{"index":"index","follow":"follow","max-snippet":"max-snippet:-1","max-image-preview":"max-image-preview:large","max-video-preview":"max-video-preview:-1"},"canonical":"https:\/\/lda.be\/fr\/produit\/pinces-angulaires-comp-pick-serie-180\/","og_locale":"fr_FR","og_type":"article","og_title":"Pinces angulaires comp-pick s\u00e9rie 180\u00b0 - LDA Belgique","og_description":"Les pinces angulaires Com-Pick sont des actionneurs pneumatiques con\u00e7us pour des applications industrielles n\u00e9cessitant un mouvement angulaire jusqu&#8217;\u00e0 180 degr\u00e9s. Ces pinces sont utilis\u00e9es dans la robotique, les processus d&#8217;assemblage et les syst\u00e8mes de pick-and-place. Leur conception comprend un bo\u00eetier en aluminium avec un m\u00e9canisme de pivot en acier tremp\u00e9, assurant une longue dur\u00e9e de [&hellip;]","og_url":"https:\/\/lda.be\/fr\/produit\/pinces-angulaires-comp-pick-serie-180\/","og_site_name":"LDA Belgique","article_modified_time":"2026-02-18T15:03:26+00:00","og_image":[{"width":1080,"height":1080,"url":"https:\/\/lda.be\/wp-content\/uploads\/2026\/02\/CAP-angular-grippers-series-1.webp","type":"image\/webp"}],"twitter_card":"summary_large_image","twitter_misc":{"Dur\u00e9e de lecture estim\u00e9e":"1 minute"},"schema":{"@context":"https:\/\/schema.org","@graph":[{"@type":"WebPage","@id":"https:\/\/lda.be\/fr\/produit\/pinces-angulaires-comp-pick-serie-180\/","url":"https:\/\/lda.be\/fr\/produit\/pinces-angulaires-comp-pick-serie-180\/","name":"Pinces angulaires comp-pick s\u00e9rie 180\u00b0 - LDA Belgique","isPartOf":{"@id":"https:\/\/lda.be\/fr\/#website"},"primaryImageOfPage":{"@id":"https:\/\/lda.be\/fr\/produit\/pinces-angulaires-comp-pick-serie-180\/#primaryimage"},"image":{"@id":"https:\/\/lda.be\/fr\/produit\/pinces-angulaires-comp-pick-serie-180\/#primaryimage"},"thumbnailUrl":"https:\/\/lda.be\/wp-content\/uploads\/2026\/02\/CAP-angular-grippers-series-1.webp","datePublished":"2026-02-18T14:45:47+00:00","dateModified":"2026-02-18T15:03:26+00:00","breadcrumb":{"@id":"https:\/\/lda.be\/fr\/produit\/pinces-angulaires-comp-pick-serie-180\/#breadcrumb"},"inLanguage":"fr-FR","potentialAction":[{"@type":"ReadAction","target":["https:\/\/lda.be\/fr\/produit\/pinces-angulaires-comp-pick-serie-180\/"]}]},{"@type":"ImageObject","inLanguage":"fr-FR","@id":"https:\/\/lda.be\/fr\/produit\/pinces-angulaires-comp-pick-serie-180\/#primaryimage","url":"https:\/\/lda.be\/wp-content\/uploads\/2026\/02\/CAP-angular-grippers-series-1.webp","contentUrl":"https:\/\/lda.be\/wp-content\/uploads\/2026\/02\/CAP-angular-grippers-series-1.webp","width":1080,"height":1080,"caption":"CAP angular grippers series"},{"@type":"BreadcrumbList","@id":"https:\/\/lda.be\/fr\/produit\/pinces-angulaires-comp-pick-serie-180\/#breadcrumb","itemListElement":[{"@type":"ListItem","position":1,"name":"Accueil","item":"https:\/\/lda.be\/fr\/"},{"@type":"ListItem","position":2,"name":"Produits","item":"https:\/\/lda.be\/fr\/produits\/"},{"@type":"ListItem","position":3,"name":"Pinces angulaires comp-pick s\u00e9rie 180\u00b0"}]},{"@type":"WebSite","@id":"https:\/\/lda.be\/fr\/#website","url":"https:\/\/lda.be\/fr\/","name":"LDA Belgium","description":"Solutions For Life","publisher":{"@id":"https:\/\/lda.be\/fr\/#organization"},"potentialAction":[{"@type":"SearchAction","target":{"@type":"EntryPoint","urlTemplate":"https:\/\/lda.be\/fr\/?s={search_term_string}"},"query-input":{"@type":"PropertyValueSpecification","valueRequired":true,"valueName":"search_term_string"}}],"inLanguage":"fr-FR"},{"@type":"Organization","@id":"https:\/\/lda.be\/fr\/#organization","name":"LDA Belgium","url":"https:\/\/lda.be\/fr\/","logo":{"@type":"ImageObject","inLanguage":"fr-FR","@id":"https:\/\/lda.be\/fr\/#\/schema\/logo\/image\/","url":"https:\/\/lda.be\/wp-content\/uploads\/2022\/07\/Logo-LDA.webp","contentUrl":"https:\/\/lda.be\/wp-content\/uploads\/2022\/07\/Logo-LDA.webp","width":311,"height":101,"caption":"LDA Belgium"},"image":{"@id":"https:\/\/lda.be\/fr\/#\/schema\/logo\/image\/"},"sameAs":["https:\/\/www.linkedin.com\/company\/lda-belgium-nv"]}]}},"_links":{"self":[{"href":"https:\/\/lda.be\/fr\/wp-json\/wp\/v2\/product\/15625","targetHints":{"allow":["GET"]}}],"collection":[{"href":"https:\/\/lda.be\/fr\/wp-json\/wp\/v2\/product"}],"about":[{"href":"https:\/\/lda.be\/fr\/wp-json\/wp\/v2\/types\/product"}],"replies":[{"embeddable":true,"href":"https:\/\/lda.be\/fr\/wp-json\/wp\/v2\/comments?post=15625"}],"wp:featuredmedia":[{"embeddable":true,"href":"https:\/\/lda.be\/fr\/wp-json\/wp\/v2\/media\/15623"}],"wp:attachment":[{"href":"https:\/\/lda.be\/fr\/wp-json\/wp\/v2\/media?parent=15625"}],"wp:term":[{"taxonomy":"product_brand","embeddable":true,"href":"https:\/\/lda.be\/fr\/wp-json\/wp\/v2\/product_brand?post=15625"},{"taxonomy":"product_cat","embeddable":true,"href":"https:\/\/lda.be\/fr\/wp-json\/wp\/v2\/product_cat?post=15625"},{"taxonomy":"product_tag","embeddable":true,"href":"https:\/\/lda.be\/fr\/wp-json\/wp\/v2\/product_tag?post=15625"}],"curies":[{"name":"wp","href":"https:\/\/api.w.org\/{rel}","templated":true}]}}