{"id":15634,"date":"2026-02-18T16:30:37","date_gmt":"2026-02-18T15:30:37","guid":{"rendered":"https:\/\/lda.be\/?post_type=product&#038;p=15634"},"modified":"2026-02-18T16:47:24","modified_gmt":"2026-02-18T15:47:24","slug":"pinces-gramforce","status":"publish","type":"product","link":"https:\/\/lda.be\/fr\/produit\/pinces-gramforce\/","title":{"rendered":"Pinces Gramforce"},"content":{"rendered":"<p>Le gripper GramForce\u2122 d&#8217;Airpot est un gripper synchronis\u00e9, parall\u00e8le, actionn\u00e9 par piston, sp\u00e9cialement con\u00e7u pour les applications n\u00e9cessitant des forces faibles et une grande pr\u00e9cision. Ce gripper utilise deux actionneurs \u00e0 tr\u00e8s faible friction avec un al\u00e9sage de 5,6 mm et la technologie Airpel\u00ae Plus, ce qui permet d&#8217;obtenir des forces de pr\u00e9hension constantes allant de 0,25 N \u00e0 8,6 N. Le gripper est pr\u00e9lubrifi\u00e9 \u00e0 vie et ne n\u00e9cessite aucun entretien. Avec un design compact et un poids total de 205 grammes, ce gripper est id\u00e9al pour l&#8217;assemblage de pr\u00e9cision, les \u00e9quipements de test et de mesure, les bras robotis\u00e9s et la manipulation de petites pi\u00e8ces d\u00e9licates.<\/p>\n","protected":false},"excerpt":{"rendered":"<p>Le gripper GramForce\u2122 d&#8217;Airpot est un gripper synchronis\u00e9, parall\u00e8le, actionn\u00e9 par piston, sp\u00e9cialement con\u00e7u pour les applications n\u00e9cessitant des forces faibles et une grande pr\u00e9cision. Ce gripper utilise deux actionneurs \u00e0 tr\u00e8s faible friction avec un al\u00e9sage de 5,6 mm et la technologie Airpel\u00ae Plus, ce qui permet d&#8217;obtenir des forces de pr\u00e9hension constantes allant [&hellip;]<\/p>\n","protected":false},"featured_media":15629,"comment_status":"closed","ping_status":"closed","template":"","meta":[],"product_brand":[1261],"product_cat":[1899,1060],"product_tag":[],"class_list":{"0":"post-15634","1":"product","2":"type-product","3":"status-publish","4":"has-post-thumbnail","6":"product_brand-airpot","7":"product_cat-pinces-speciales","8":"product_cat-prehenseurs-pneumatique","10":"first","11":"instock","12":"shipping-taxable","13":"product-type-simple"},"yoast_head":"<!-- This site is optimized with the Yoast SEO plugin v27.3 - https:\/\/yoast.com\/product\/yoast-seo-wordpress\/ -->\n<title>Pinces Gramforce - LDA Belgique<\/title>\n<meta name=\"description\" content=\"Gripper GramForce\u2122 : gripper synchronis\u00e9 et parall\u00e8le avec friction ultra-faible et forces de pr\u00e9hension de 0,25 N \u00e0 8,6 N. Id\u00e9al pour l&#039;assemblage de pr\u00e9cision et la manipulation de pi\u00e8ces d\u00e9licates.\" \/>\n<meta name=\"robots\" content=\"index, follow, max-snippet:-1, max-image-preview:large, max-video-preview:-1\" \/>\n<link rel=\"canonical\" href=\"https:\/\/lda.be\/fr\/produit\/pinces-gramforce\/\" \/>\n<meta property=\"og:locale\" content=\"fr_FR\" \/>\n<meta property=\"og:type\" content=\"article\" \/>\n<meta property=\"og:title\" content=\"Pinces Gramforce - LDA Belgique\" \/>\n<meta property=\"og:description\" content=\"Gripper GramForce\u2122 : gripper synchronis\u00e9 et parall\u00e8le avec friction ultra-faible et forces de pr\u00e9hension de 0,25 N \u00e0 8,6 N. Id\u00e9al pour l&#039;assemblage de pr\u00e9cision et la manipulation de pi\u00e8ces d\u00e9licates.\" \/>\n<meta property=\"og:url\" content=\"https:\/\/lda.be\/fr\/produit\/pinces-gramforce\/\" \/>\n<meta property=\"og:site_name\" content=\"LDA Belgique\" \/>\n<meta property=\"article:modified_time\" content=\"2026-02-18T15:47:24+00:00\" \/>\n<meta property=\"og:image\" content=\"https:\/\/lda.be\/wp-content\/uploads\/2026\/02\/Airpot-Gramforce.webp\" \/>\n\t<meta property=\"og:image:width\" content=\"1080\" \/>\n\t<meta property=\"og:image:height\" content=\"1080\" \/>\n\t<meta property=\"og:image:type\" content=\"image\/webp\" \/>\n<meta name=\"twitter:card\" content=\"summary_large_image\" \/>\n<meta name=\"twitter:label1\" content=\"Dur\u00e9e de lecture estim\u00e9e\" \/>\n\t<meta name=\"twitter:data1\" content=\"1 minute\" \/>\n<script type=\"application\/ld+json\" class=\"yoast-schema-graph\">{\"@context\":\"https:\\\/\\\/schema.org\",\"@graph\":[{\"@type\":\"WebPage\",\"@id\":\"https:\\\/\\\/lda.be\\\/fr\\\/produit\\\/pinces-gramforce\\\/\",\"url\":\"https:\\\/\\\/lda.be\\\/fr\\\/produit\\\/pinces-gramforce\\\/\",\"name\":\"Pinces Gramforce - LDA Belgique\",\"isPartOf\":{\"@id\":\"https:\\\/\\\/lda.be\\\/fr\\\/#website\"},\"primaryImageOfPage\":{\"@id\":\"https:\\\/\\\/lda.be\\\/fr\\\/produit\\\/pinces-gramforce\\\/#primaryimage\"},\"image\":{\"@id\":\"https:\\\/\\\/lda.be\\\/fr\\\/produit\\\/pinces-gramforce\\\/#primaryimage\"},\"thumbnailUrl\":\"https:\\\/\\\/lda.be\\\/wp-content\\\/uploads\\\/2026\\\/02\\\/Airpot-Gramforce.webp\",\"datePublished\":\"2026-02-18T15:30:37+00:00\",\"dateModified\":\"2026-02-18T15:47:24+00:00\",\"description\":\"Gripper GramForce\u2122 : gripper synchronis\u00e9 et parall\u00e8le avec friction ultra-faible et forces de pr\u00e9hension de 0,25 N \u00e0 8,6 N. Id\u00e9al pour l'assemblage de pr\u00e9cision et la manipulation de pi\u00e8ces d\u00e9licates.\",\"breadcrumb\":{\"@id\":\"https:\\\/\\\/lda.be\\\/fr\\\/produit\\\/pinces-gramforce\\\/#breadcrumb\"},\"inLanguage\":\"fr-FR\",\"potentialAction\":[{\"@type\":\"ReadAction\",\"target\":[\"https:\\\/\\\/lda.be\\\/fr\\\/produit\\\/pinces-gramforce\\\/\"]}]},{\"@type\":\"ImageObject\",\"inLanguage\":\"fr-FR\",\"@id\":\"https:\\\/\\\/lda.be\\\/fr\\\/produit\\\/pinces-gramforce\\\/#primaryimage\",\"url\":\"https:\\\/\\\/lda.be\\\/wp-content\\\/uploads\\\/2026\\\/02\\\/Airpot-Gramforce.webp\",\"contentUrl\":\"https:\\\/\\\/lda.be\\\/wp-content\\\/uploads\\\/2026\\\/02\\\/Airpot-Gramforce.webp\",\"width\":1080,\"height\":1080,\"caption\":\"Airpot Gramforce\"},{\"@type\":\"BreadcrumbList\",\"@id\":\"https:\\\/\\\/lda.be\\\/fr\\\/produit\\\/pinces-gramforce\\\/#breadcrumb\",\"itemListElement\":[{\"@type\":\"ListItem\",\"position\":1,\"name\":\"Accueil\",\"item\":\"https:\\\/\\\/lda.be\\\/fr\\\/\"},{\"@type\":\"ListItem\",\"position\":2,\"name\":\"Produits\",\"item\":\"https:\\\/\\\/lda.be\\\/fr\\\/produits\\\/\"},{\"@type\":\"ListItem\",\"position\":3,\"name\":\"Pinces Gramforce\"}]},{\"@type\":\"WebSite\",\"@id\":\"https:\\\/\\\/lda.be\\\/fr\\\/#website\",\"url\":\"https:\\\/\\\/lda.be\\\/fr\\\/\",\"name\":\"LDA Belgium\",\"description\":\"Solutions For Life\",\"publisher\":{\"@id\":\"https:\\\/\\\/lda.be\\\/fr\\\/#organization\"},\"potentialAction\":[{\"@type\":\"SearchAction\",\"target\":{\"@type\":\"EntryPoint\",\"urlTemplate\":\"https:\\\/\\\/lda.be\\\/fr\\\/?s={search_term_string}\"},\"query-input\":{\"@type\":\"PropertyValueSpecification\",\"valueRequired\":true,\"valueName\":\"search_term_string\"}}],\"inLanguage\":\"fr-FR\"},{\"@type\":\"Organization\",\"@id\":\"https:\\\/\\\/lda.be\\\/fr\\\/#organization\",\"name\":\"LDA Belgium\",\"url\":\"https:\\\/\\\/lda.be\\\/fr\\\/\",\"logo\":{\"@type\":\"ImageObject\",\"inLanguage\":\"fr-FR\",\"@id\":\"https:\\\/\\\/lda.be\\\/fr\\\/#\\\/schema\\\/logo\\\/image\\\/\",\"url\":\"https:\\\/\\\/lda.be\\\/wp-content\\\/uploads\\\/2022\\\/07\\\/Logo-LDA.webp\",\"contentUrl\":\"https:\\\/\\\/lda.be\\\/wp-content\\\/uploads\\\/2022\\\/07\\\/Logo-LDA.webp\",\"width\":311,\"height\":101,\"caption\":\"LDA Belgium\"},\"image\":{\"@id\":\"https:\\\/\\\/lda.be\\\/fr\\\/#\\\/schema\\\/logo\\\/image\\\/\"},\"sameAs\":[\"https:\\\/\\\/www.linkedin.com\\\/company\\\/lda-belgium-nv\"]}]}<\/script>\n<!-- \/ Yoast SEO plugin. -->","yoast_head_json":{"title":"Pinces Gramforce - LDA Belgique","description":"Gripper GramForce\u2122 : gripper synchronis\u00e9 et parall\u00e8le avec friction ultra-faible et forces de pr\u00e9hension de 0,25 N \u00e0 8,6 N. Id\u00e9al pour l'assemblage de pr\u00e9cision et la manipulation de pi\u00e8ces d\u00e9licates.","robots":{"index":"index","follow":"follow","max-snippet":"max-snippet:-1","max-image-preview":"max-image-preview:large","max-video-preview":"max-video-preview:-1"},"canonical":"https:\/\/lda.be\/fr\/produit\/pinces-gramforce\/","og_locale":"fr_FR","og_type":"article","og_title":"Pinces Gramforce - LDA Belgique","og_description":"Gripper GramForce\u2122 : gripper synchronis\u00e9 et parall\u00e8le avec friction ultra-faible et forces de pr\u00e9hension de 0,25 N \u00e0 8,6 N. Id\u00e9al pour l'assemblage de pr\u00e9cision et la manipulation de pi\u00e8ces d\u00e9licates.","og_url":"https:\/\/lda.be\/fr\/produit\/pinces-gramforce\/","og_site_name":"LDA Belgique","article_modified_time":"2026-02-18T15:47:24+00:00","og_image":[{"width":1080,"height":1080,"url":"https:\/\/lda.be\/wp-content\/uploads\/2026\/02\/Airpot-Gramforce.webp","type":"image\/webp"}],"twitter_card":"summary_large_image","twitter_misc":{"Dur\u00e9e de lecture estim\u00e9e":"1 minute"},"schema":{"@context":"https:\/\/schema.org","@graph":[{"@type":"WebPage","@id":"https:\/\/lda.be\/fr\/produit\/pinces-gramforce\/","url":"https:\/\/lda.be\/fr\/produit\/pinces-gramforce\/","name":"Pinces Gramforce - LDA Belgique","isPartOf":{"@id":"https:\/\/lda.be\/fr\/#website"},"primaryImageOfPage":{"@id":"https:\/\/lda.be\/fr\/produit\/pinces-gramforce\/#primaryimage"},"image":{"@id":"https:\/\/lda.be\/fr\/produit\/pinces-gramforce\/#primaryimage"},"thumbnailUrl":"https:\/\/lda.be\/wp-content\/uploads\/2026\/02\/Airpot-Gramforce.webp","datePublished":"2026-02-18T15:30:37+00:00","dateModified":"2026-02-18T15:47:24+00:00","description":"Gripper GramForce\u2122 : gripper synchronis\u00e9 et parall\u00e8le avec friction ultra-faible et forces de pr\u00e9hension de 0,25 N \u00e0 8,6 N. Id\u00e9al pour l'assemblage de pr\u00e9cision et la manipulation de pi\u00e8ces d\u00e9licates.","breadcrumb":{"@id":"https:\/\/lda.be\/fr\/produit\/pinces-gramforce\/#breadcrumb"},"inLanguage":"fr-FR","potentialAction":[{"@type":"ReadAction","target":["https:\/\/lda.be\/fr\/produit\/pinces-gramforce\/"]}]},{"@type":"ImageObject","inLanguage":"fr-FR","@id":"https:\/\/lda.be\/fr\/produit\/pinces-gramforce\/#primaryimage","url":"https:\/\/lda.be\/wp-content\/uploads\/2026\/02\/Airpot-Gramforce.webp","contentUrl":"https:\/\/lda.be\/wp-content\/uploads\/2026\/02\/Airpot-Gramforce.webp","width":1080,"height":1080,"caption":"Airpot Gramforce"},{"@type":"BreadcrumbList","@id":"https:\/\/lda.be\/fr\/produit\/pinces-gramforce\/#breadcrumb","itemListElement":[{"@type":"ListItem","position":1,"name":"Accueil","item":"https:\/\/lda.be\/fr\/"},{"@type":"ListItem","position":2,"name":"Produits","item":"https:\/\/lda.be\/fr\/produits\/"},{"@type":"ListItem","position":3,"name":"Pinces Gramforce"}]},{"@type":"WebSite","@id":"https:\/\/lda.be\/fr\/#website","url":"https:\/\/lda.be\/fr\/","name":"LDA Belgium","description":"Solutions For Life","publisher":{"@id":"https:\/\/lda.be\/fr\/#organization"},"potentialAction":[{"@type":"SearchAction","target":{"@type":"EntryPoint","urlTemplate":"https:\/\/lda.be\/fr\/?s={search_term_string}"},"query-input":{"@type":"PropertyValueSpecification","valueRequired":true,"valueName":"search_term_string"}}],"inLanguage":"fr-FR"},{"@type":"Organization","@id":"https:\/\/lda.be\/fr\/#organization","name":"LDA Belgium","url":"https:\/\/lda.be\/fr\/","logo":{"@type":"ImageObject","inLanguage":"fr-FR","@id":"https:\/\/lda.be\/fr\/#\/schema\/logo\/image\/","url":"https:\/\/lda.be\/wp-content\/uploads\/2022\/07\/Logo-LDA.webp","contentUrl":"https:\/\/lda.be\/wp-content\/uploads\/2022\/07\/Logo-LDA.webp","width":311,"height":101,"caption":"LDA Belgium"},"image":{"@id":"https:\/\/lda.be\/fr\/#\/schema\/logo\/image\/"},"sameAs":["https:\/\/www.linkedin.com\/company\/lda-belgium-nv"]}]}},"_links":{"self":[{"href":"https:\/\/lda.be\/fr\/wp-json\/wp\/v2\/product\/15634","targetHints":{"allow":["GET"]}}],"collection":[{"href":"https:\/\/lda.be\/fr\/wp-json\/wp\/v2\/product"}],"about":[{"href":"https:\/\/lda.be\/fr\/wp-json\/wp\/v2\/types\/product"}],"replies":[{"embeddable":true,"href":"https:\/\/lda.be\/fr\/wp-json\/wp\/v2\/comments?post=15634"}],"wp:featuredmedia":[{"embeddable":true,"href":"https:\/\/lda.be\/fr\/wp-json\/wp\/v2\/media\/15629"}],"wp:attachment":[{"href":"https:\/\/lda.be\/fr\/wp-json\/wp\/v2\/media?parent=15634"}],"wp:term":[{"taxonomy":"product_brand","embeddable":true,"href":"https:\/\/lda.be\/fr\/wp-json\/wp\/v2\/product_brand?post=15634"},{"taxonomy":"product_cat","embeddable":true,"href":"https:\/\/lda.be\/fr\/wp-json\/wp\/v2\/product_cat?post=15634"},{"taxonomy":"product_tag","embeddable":true,"href":"https:\/\/lda.be\/fr\/wp-json\/wp\/v2\/product_tag?post=15634"}],"curies":[{"name":"wp","href":"https:\/\/api.w.org\/{rel}","templated":true}]}}