{"id":15643,"date":"2026-02-19T14:00:22","date_gmt":"2026-02-19T13:00:22","guid":{"rendered":"https:\/\/lda.be\/?post_type=product&#038;p=15643"},"modified":"2026-02-19T14:19:58","modified_gmt":"2026-02-19T13:19:58","slug":"prehension-flexion","status":"publish","type":"product","link":"https:\/\/lda.be\/fr\/produit\/prehension-flexion\/","title":{"rendered":"Pr\u00e9hension Flexion"},"content":{"rendered":"<p>Les solutions de pr\u00e9hension Flexion sont des syst\u00e8mes modulaires inspir\u00e9s de la main humaine. Ces pinces utilisent des doigts segment\u00e9s qui s&#8217;adaptent \u00e0 la forme de la pi\u00e8ce, les rendant adapt\u00e9es \u00e0 une large gamme d&#8217;applications industrielles. Le syst\u00e8me peut \u00eatre configur\u00e9 en dispositions radiales ou parall\u00e8les et offre une flexibilit\u00e9 gr\u00e2ce \u00e0 l&#8217;utilisation de 1 \u00e0 5 doigts par array. Les pinces Flexion sont compatibles avec les normes de montage ISO 9409 pour une int\u00e9gration directe avec les robots. Le syst\u00e8me est \u00e9quip\u00e9 de commutateurs magn\u00e9tiques pour d\u00e9tecter des positions telles que &#8220;pi\u00e8ce saisie&#8221; ou &#8220;position de d\u00e9part&#8221;.<\/p>\n","protected":false},"excerpt":{"rendered":"<p>Les solutions de pr\u00e9hension Flexion sont des syst\u00e8mes modulaires inspir\u00e9s de la main humaine. Ces pinces utilisent des doigts segment\u00e9s qui s&#8217;adaptent \u00e0 la forme de la pi\u00e8ce, les rendant adapt\u00e9es \u00e0 une large gamme d&#8217;applications industrielles. Le syst\u00e8me peut \u00eatre configur\u00e9 en dispositions radiales ou parall\u00e8les et offre une flexibilit\u00e9 gr\u00e2ce \u00e0 l&#8217;utilisation de [&hellip;]<\/p>\n","protected":false},"featured_media":15638,"comment_status":"closed","ping_status":"closed","template":"","meta":[],"product_brand":[1858,1277],"product_cat":[1899,1060],"product_tag":[],"class_list":{"0":"post-15643","1":"product","2":"type-product","3":"status-publish","4":"has-post-thumbnail","6":"product_brand-grippers","7":"product_brand-phd","8":"product_cat-pinces-speciales","9":"product_cat-prehenseurs-pneumatique","11":"first","12":"instock","13":"shipping-taxable","14":"product-type-simple"},"yoast_head":"<!-- This site is optimized with the Yoast SEO plugin v27.3 - https:\/\/yoast.com\/product\/yoast-seo-wordpress\/ -->\n<title>Pr\u00e9hension Flexion - LDA Belgique<\/title>\n<meta name=\"description\" content=\"Solutions de pr\u00e9hension Flexion : syst\u00e8mes modulaires inspir\u00e9s de la main humaine. Adapt\u00e9s aux applications industrielles complexes et \u00e0 l&#039;int\u00e9gration directe avec les robots.\" \/>\n<meta name=\"robots\" content=\"index, follow, max-snippet:-1, max-image-preview:large, max-video-preview:-1\" \/>\n<link rel=\"canonical\" href=\"https:\/\/lda.be\/fr\/produit\/prehension-flexion\/\" \/>\n<meta property=\"og:locale\" content=\"fr_FR\" \/>\n<meta property=\"og:type\" content=\"article\" \/>\n<meta property=\"og:title\" content=\"Pr\u00e9hension Flexion - LDA Belgique\" \/>\n<meta property=\"og:description\" content=\"Solutions de pr\u00e9hension Flexion : syst\u00e8mes modulaires inspir\u00e9s de la main humaine. Adapt\u00e9s aux applications industrielles complexes et \u00e0 l&#039;int\u00e9gration directe avec les robots.\" \/>\n<meta property=\"og:url\" content=\"https:\/\/lda.be\/fr\/produit\/prehension-flexion\/\" \/>\n<meta property=\"og:site_name\" content=\"LDA Belgique\" \/>\n<meta property=\"article:modified_time\" content=\"2026-02-19T13:19:58+00:00\" \/>\n<meta property=\"og:image\" content=\"https:\/\/lda.be\/wp-content\/uploads\/2026\/02\/Flexion-grijper-van-phd.webp\" \/>\n\t<meta property=\"og:image:width\" content=\"1080\" \/>\n\t<meta property=\"og:image:height\" content=\"1080\" \/>\n\t<meta property=\"og:image:type\" content=\"image\/webp\" \/>\n<meta name=\"twitter:card\" content=\"summary_large_image\" \/>\n<meta name=\"twitter:label1\" content=\"Dur\u00e9e de lecture estim\u00e9e\" \/>\n\t<meta name=\"twitter:data1\" content=\"1 minute\" \/>\n<script type=\"application\/ld+json\" class=\"yoast-schema-graph\">{\"@context\":\"https:\\\/\\\/schema.org\",\"@graph\":[{\"@type\":\"WebPage\",\"@id\":\"https:\\\/\\\/lda.be\\\/fr\\\/produit\\\/prehension-flexion\\\/\",\"url\":\"https:\\\/\\\/lda.be\\\/fr\\\/produit\\\/prehension-flexion\\\/\",\"name\":\"Pr\u00e9hension Flexion - LDA Belgique\",\"isPartOf\":{\"@id\":\"https:\\\/\\\/lda.be\\\/fr\\\/#website\"},\"primaryImageOfPage\":{\"@id\":\"https:\\\/\\\/lda.be\\\/fr\\\/produit\\\/prehension-flexion\\\/#primaryimage\"},\"image\":{\"@id\":\"https:\\\/\\\/lda.be\\\/fr\\\/produit\\\/prehension-flexion\\\/#primaryimage\"},\"thumbnailUrl\":\"https:\\\/\\\/lda.be\\\/wp-content\\\/uploads\\\/2026\\\/02\\\/Flexion-grijper-van-phd.webp\",\"datePublished\":\"2026-02-19T13:00:22+00:00\",\"dateModified\":\"2026-02-19T13:19:58+00:00\",\"description\":\"Solutions de pr\u00e9hension Flexion : syst\u00e8mes modulaires inspir\u00e9s de la main humaine. Adapt\u00e9s aux applications industrielles complexes et \u00e0 l'int\u00e9gration directe avec les robots.\",\"breadcrumb\":{\"@id\":\"https:\\\/\\\/lda.be\\\/fr\\\/produit\\\/prehension-flexion\\\/#breadcrumb\"},\"inLanguage\":\"fr-FR\",\"potentialAction\":[{\"@type\":\"ReadAction\",\"target\":[\"https:\\\/\\\/lda.be\\\/fr\\\/produit\\\/prehension-flexion\\\/\"]}]},{\"@type\":\"ImageObject\",\"inLanguage\":\"fr-FR\",\"@id\":\"https:\\\/\\\/lda.be\\\/fr\\\/produit\\\/prehension-flexion\\\/#primaryimage\",\"url\":\"https:\\\/\\\/lda.be\\\/wp-content\\\/uploads\\\/2026\\\/02\\\/Flexion-grijper-van-phd.webp\",\"contentUrl\":\"https:\\\/\\\/lda.be\\\/wp-content\\\/uploads\\\/2026\\\/02\\\/Flexion-grijper-van-phd.webp\",\"width\":1080,\"height\":1080,\"caption\":\"Flexion grijper van phd\"},{\"@type\":\"BreadcrumbList\",\"@id\":\"https:\\\/\\\/lda.be\\\/fr\\\/produit\\\/prehension-flexion\\\/#breadcrumb\",\"itemListElement\":[{\"@type\":\"ListItem\",\"position\":1,\"name\":\"Accueil\",\"item\":\"https:\\\/\\\/lda.be\\\/fr\\\/\"},{\"@type\":\"ListItem\",\"position\":2,\"name\":\"Produits\",\"item\":\"https:\\\/\\\/lda.be\\\/fr\\\/produits\\\/\"},{\"@type\":\"ListItem\",\"position\":3,\"name\":\"Pr\u00e9hension Flexion\"}]},{\"@type\":\"WebSite\",\"@id\":\"https:\\\/\\\/lda.be\\\/fr\\\/#website\",\"url\":\"https:\\\/\\\/lda.be\\\/fr\\\/\",\"name\":\"LDA Belgium\",\"description\":\"Solutions For Life\",\"publisher\":{\"@id\":\"https:\\\/\\\/lda.be\\\/fr\\\/#organization\"},\"potentialAction\":[{\"@type\":\"SearchAction\",\"target\":{\"@type\":\"EntryPoint\",\"urlTemplate\":\"https:\\\/\\\/lda.be\\\/fr\\\/?s={search_term_string}\"},\"query-input\":{\"@type\":\"PropertyValueSpecification\",\"valueRequired\":true,\"valueName\":\"search_term_string\"}}],\"inLanguage\":\"fr-FR\"},{\"@type\":\"Organization\",\"@id\":\"https:\\\/\\\/lda.be\\\/fr\\\/#organization\",\"name\":\"LDA Belgium\",\"url\":\"https:\\\/\\\/lda.be\\\/fr\\\/\",\"logo\":{\"@type\":\"ImageObject\",\"inLanguage\":\"fr-FR\",\"@id\":\"https:\\\/\\\/lda.be\\\/fr\\\/#\\\/schema\\\/logo\\\/image\\\/\",\"url\":\"https:\\\/\\\/lda.be\\\/wp-content\\\/uploads\\\/2022\\\/07\\\/Logo-LDA.webp\",\"contentUrl\":\"https:\\\/\\\/lda.be\\\/wp-content\\\/uploads\\\/2022\\\/07\\\/Logo-LDA.webp\",\"width\":311,\"height\":101,\"caption\":\"LDA Belgium\"},\"image\":{\"@id\":\"https:\\\/\\\/lda.be\\\/fr\\\/#\\\/schema\\\/logo\\\/image\\\/\"},\"sameAs\":[\"https:\\\/\\\/www.linkedin.com\\\/company\\\/lda-belgium-nv\"]}]}<\/script>\n<!-- \/ Yoast SEO plugin. -->","yoast_head_json":{"title":"Pr\u00e9hension Flexion - LDA Belgique","description":"Solutions de pr\u00e9hension Flexion : syst\u00e8mes modulaires inspir\u00e9s de la main humaine. Adapt\u00e9s aux applications industrielles complexes et \u00e0 l'int\u00e9gration directe avec les robots.","robots":{"index":"index","follow":"follow","max-snippet":"max-snippet:-1","max-image-preview":"max-image-preview:large","max-video-preview":"max-video-preview:-1"},"canonical":"https:\/\/lda.be\/fr\/produit\/prehension-flexion\/","og_locale":"fr_FR","og_type":"article","og_title":"Pr\u00e9hension Flexion - LDA Belgique","og_description":"Solutions de pr\u00e9hension Flexion : syst\u00e8mes modulaires inspir\u00e9s de la main humaine. Adapt\u00e9s aux applications industrielles complexes et \u00e0 l'int\u00e9gration directe avec les robots.","og_url":"https:\/\/lda.be\/fr\/produit\/prehension-flexion\/","og_site_name":"LDA Belgique","article_modified_time":"2026-02-19T13:19:58+00:00","og_image":[{"width":1080,"height":1080,"url":"https:\/\/lda.be\/wp-content\/uploads\/2026\/02\/Flexion-grijper-van-phd.webp","type":"image\/webp"}],"twitter_card":"summary_large_image","twitter_misc":{"Dur\u00e9e de lecture estim\u00e9e":"1 minute"},"schema":{"@context":"https:\/\/schema.org","@graph":[{"@type":"WebPage","@id":"https:\/\/lda.be\/fr\/produit\/prehension-flexion\/","url":"https:\/\/lda.be\/fr\/produit\/prehension-flexion\/","name":"Pr\u00e9hension Flexion - LDA Belgique","isPartOf":{"@id":"https:\/\/lda.be\/fr\/#website"},"primaryImageOfPage":{"@id":"https:\/\/lda.be\/fr\/produit\/prehension-flexion\/#primaryimage"},"image":{"@id":"https:\/\/lda.be\/fr\/produit\/prehension-flexion\/#primaryimage"},"thumbnailUrl":"https:\/\/lda.be\/wp-content\/uploads\/2026\/02\/Flexion-grijper-van-phd.webp","datePublished":"2026-02-19T13:00:22+00:00","dateModified":"2026-02-19T13:19:58+00:00","description":"Solutions de pr\u00e9hension Flexion : syst\u00e8mes modulaires inspir\u00e9s de la main humaine. Adapt\u00e9s aux applications industrielles complexes et \u00e0 l'int\u00e9gration directe avec les robots.","breadcrumb":{"@id":"https:\/\/lda.be\/fr\/produit\/prehension-flexion\/#breadcrumb"},"inLanguage":"fr-FR","potentialAction":[{"@type":"ReadAction","target":["https:\/\/lda.be\/fr\/produit\/prehension-flexion\/"]}]},{"@type":"ImageObject","inLanguage":"fr-FR","@id":"https:\/\/lda.be\/fr\/produit\/prehension-flexion\/#primaryimage","url":"https:\/\/lda.be\/wp-content\/uploads\/2026\/02\/Flexion-grijper-van-phd.webp","contentUrl":"https:\/\/lda.be\/wp-content\/uploads\/2026\/02\/Flexion-grijper-van-phd.webp","width":1080,"height":1080,"caption":"Flexion grijper van phd"},{"@type":"BreadcrumbList","@id":"https:\/\/lda.be\/fr\/produit\/prehension-flexion\/#breadcrumb","itemListElement":[{"@type":"ListItem","position":1,"name":"Accueil","item":"https:\/\/lda.be\/fr\/"},{"@type":"ListItem","position":2,"name":"Produits","item":"https:\/\/lda.be\/fr\/produits\/"},{"@type":"ListItem","position":3,"name":"Pr\u00e9hension Flexion"}]},{"@type":"WebSite","@id":"https:\/\/lda.be\/fr\/#website","url":"https:\/\/lda.be\/fr\/","name":"LDA Belgium","description":"Solutions For Life","publisher":{"@id":"https:\/\/lda.be\/fr\/#organization"},"potentialAction":[{"@type":"SearchAction","target":{"@type":"EntryPoint","urlTemplate":"https:\/\/lda.be\/fr\/?s={search_term_string}"},"query-input":{"@type":"PropertyValueSpecification","valueRequired":true,"valueName":"search_term_string"}}],"inLanguage":"fr-FR"},{"@type":"Organization","@id":"https:\/\/lda.be\/fr\/#organization","name":"LDA Belgium","url":"https:\/\/lda.be\/fr\/","logo":{"@type":"ImageObject","inLanguage":"fr-FR","@id":"https:\/\/lda.be\/fr\/#\/schema\/logo\/image\/","url":"https:\/\/lda.be\/wp-content\/uploads\/2022\/07\/Logo-LDA.webp","contentUrl":"https:\/\/lda.be\/wp-content\/uploads\/2022\/07\/Logo-LDA.webp","width":311,"height":101,"caption":"LDA Belgium"},"image":{"@id":"https:\/\/lda.be\/fr\/#\/schema\/logo\/image\/"},"sameAs":["https:\/\/www.linkedin.com\/company\/lda-belgium-nv"]}]}},"_links":{"self":[{"href":"https:\/\/lda.be\/fr\/wp-json\/wp\/v2\/product\/15643","targetHints":{"allow":["GET"]}}],"collection":[{"href":"https:\/\/lda.be\/fr\/wp-json\/wp\/v2\/product"}],"about":[{"href":"https:\/\/lda.be\/fr\/wp-json\/wp\/v2\/types\/product"}],"replies":[{"embeddable":true,"href":"https:\/\/lda.be\/fr\/wp-json\/wp\/v2\/comments?post=15643"}],"wp:featuredmedia":[{"embeddable":true,"href":"https:\/\/lda.be\/fr\/wp-json\/wp\/v2\/media\/15638"}],"wp:attachment":[{"href":"https:\/\/lda.be\/fr\/wp-json\/wp\/v2\/media?parent=15643"}],"wp:term":[{"taxonomy":"product_brand","embeddable":true,"href":"https:\/\/lda.be\/fr\/wp-json\/wp\/v2\/product_brand?post=15643"},{"taxonomy":"product_cat","embeddable":true,"href":"https:\/\/lda.be\/fr\/wp-json\/wp\/v2\/product_cat?post=15643"},{"taxonomy":"product_tag","embeddable":true,"href":"https:\/\/lda.be\/fr\/wp-json\/wp\/v2\/product_tag?post=15643"}],"curies":[{"name":"wp","href":"https:\/\/api.w.org\/{rel}","templated":true}]}}