{"id":15658,"date":"2026-02-19T16:05:12","date_gmt":"2026-02-19T15:05:12","guid":{"rendered":"https:\/\/lda.be\/?post_type=product&#038;p=15658"},"modified":"2026-02-26T15:10:44","modified_gmt":"2026-02-26T14:10:44","slug":"serie-grm0-verin-de-serrage","status":"publish","type":"product","link":"https:\/\/lda.be\/fr\/produit\/serie-grm0-verin-de-serrage\/","title":{"rendered":"S\u00e9rie GRM0 v\u00e9rin de serrage"},"content":{"rendered":"<p>Les v\u00e9rins de serrage pneumatiques GRMO sont con\u00e7us pour les applications n\u00e9cessitant une force de serrage \u00e9lev\u00e9e dans un design compact et l\u00e9ger. Ces v\u00e9rins g\u00e9n\u00e8rent une force de serrage totale jusqu&#8217;\u00e0 600 N et sont adapt\u00e9s aux syst\u00e8mes de transfert robotis\u00e9s, aux applications de presse et autres cas o\u00f9 le poids et les dimensions sont des facteurs limitants. Les v\u00e9rins se verrouillent en position ferm\u00e9e, assurant le maintien des pi\u00e8ces en cas de perte de pression. Le design inclut une option de montage lat\u00e9ral standard pour une flexibilit\u00e9 de montage accrue.<\/p>\n","protected":false},"excerpt":{"rendered":"<p>Les v\u00e9rins de serrage pneumatiques GRMO sont con\u00e7us pour les applications n\u00e9cessitant une force de serrage \u00e9lev\u00e9e dans un design compact et l\u00e9ger. Ces v\u00e9rins g\u00e9n\u00e8rent une force de serrage totale jusqu&#8217;\u00e0 600 N et sont adapt\u00e9s aux syst\u00e8mes de transfert robotis\u00e9s, aux applications de presse et autres cas o\u00f9 le poids et les dimensions [&hellip;]<\/p>\n","protected":false},"featured_media":15656,"comment_status":"closed","ping_status":"closed","template":"","meta":[],"product_brand":[1896,1277],"product_cat":[1022],"product_tag":[],"class_list":{"0":"post-15658","1":"product","2":"type-product","3":"status-publish","4":"has-post-thumbnail","6":"product_brand-clamps","7":"product_brand-phd","8":"product_cat-tole","10":"first","11":"instock","12":"shipping-taxable","13":"product-type-simple"},"yoast_head":"<!-- This site is optimized with the Yoast SEO plugin v27.3 - https:\/\/yoast.com\/product\/yoast-seo-wordpress\/ -->\n<title>S\u00e9rie GRM0 v\u00e9rin de serrage - LDA Belgique<\/title>\n<meta name=\"description\" content=\"V\u00e9rins de serrage GRMO : v\u00e9rin de serrage pneumatiques compacts jusqu&#039;\u00e0 600 N. Adapt\u00e9s au transfert robotis\u00e9 et aux applications de presse. A Benelux\" \/>\n<meta name=\"robots\" content=\"index, follow, max-snippet:-1, max-image-preview:large, max-video-preview:-1\" \/>\n<link rel=\"canonical\" href=\"https:\/\/lda.be\/fr\/produit\/serie-grm0-verin-de-serrage\/\" \/>\n<meta property=\"og:locale\" content=\"fr_FR\" \/>\n<meta property=\"og:type\" content=\"article\" \/>\n<meta property=\"og:title\" content=\"S\u00e9rie GRM0 v\u00e9rin de serrage - LDA Belgique\" \/>\n<meta property=\"og:description\" content=\"V\u00e9rins de serrage GRMO : v\u00e9rin de serrage pneumatiques compacts jusqu&#039;\u00e0 600 N. Adapt\u00e9s au transfert robotis\u00e9 et aux applications de presse. A Benelux\" \/>\n<meta property=\"og:url\" content=\"https:\/\/lda.be\/fr\/produit\/serie-grm0-verin-de-serrage\/\" \/>\n<meta property=\"og:site_name\" content=\"LDA Belgique\" \/>\n<meta property=\"article:modified_time\" content=\"2026-02-26T14:10:44+00:00\" \/>\n<meta property=\"og:image\" content=\"https:\/\/lda.be\/wp-content\/uploads\/2026\/02\/Series-GRM0-Compact-Pneumatic-Workholding-Clamp.webp\" \/>\n\t<meta property=\"og:image:width\" content=\"1080\" \/>\n\t<meta property=\"og:image:height\" content=\"1080\" \/>\n\t<meta property=\"og:image:type\" content=\"image\/webp\" \/>\n<meta name=\"twitter:card\" content=\"summary_large_image\" \/>\n<meta name=\"twitter:label1\" content=\"Dur\u00e9e de lecture estim\u00e9e\" \/>\n\t<meta name=\"twitter:data1\" content=\"1 minute\" \/>\n<script type=\"application\/ld+json\" class=\"yoast-schema-graph\">{\"@context\":\"https:\\\/\\\/schema.org\",\"@graph\":[{\"@type\":\"WebPage\",\"@id\":\"https:\\\/\\\/lda.be\\\/fr\\\/produit\\\/serie-grm0-verin-de-serrage\\\/\",\"url\":\"https:\\\/\\\/lda.be\\\/fr\\\/produit\\\/serie-grm0-verin-de-serrage\\\/\",\"name\":\"S\u00e9rie GRM0 v\u00e9rin de serrage - LDA Belgique\",\"isPartOf\":{\"@id\":\"https:\\\/\\\/lda.be\\\/fr\\\/#website\"},\"primaryImageOfPage\":{\"@id\":\"https:\\\/\\\/lda.be\\\/fr\\\/produit\\\/serie-grm0-verin-de-serrage\\\/#primaryimage\"},\"image\":{\"@id\":\"https:\\\/\\\/lda.be\\\/fr\\\/produit\\\/serie-grm0-verin-de-serrage\\\/#primaryimage\"},\"thumbnailUrl\":\"https:\\\/\\\/lda.be\\\/wp-content\\\/uploads\\\/2026\\\/02\\\/Series-GRM0-Compact-Pneumatic-Workholding-Clamp.webp\",\"datePublished\":\"2026-02-19T15:05:12+00:00\",\"dateModified\":\"2026-02-26T14:10:44+00:00\",\"description\":\"V\u00e9rins de serrage GRMO : v\u00e9rin de serrage pneumatiques compacts jusqu'\u00e0 600 N. Adapt\u00e9s au transfert robotis\u00e9 et aux applications de presse. A Benelux\",\"breadcrumb\":{\"@id\":\"https:\\\/\\\/lda.be\\\/fr\\\/produit\\\/serie-grm0-verin-de-serrage\\\/#breadcrumb\"},\"inLanguage\":\"fr-FR\",\"potentialAction\":[{\"@type\":\"ReadAction\",\"target\":[\"https:\\\/\\\/lda.be\\\/fr\\\/produit\\\/serie-grm0-verin-de-serrage\\\/\"]}]},{\"@type\":\"ImageObject\",\"inLanguage\":\"fr-FR\",\"@id\":\"https:\\\/\\\/lda.be\\\/fr\\\/produit\\\/serie-grm0-verin-de-serrage\\\/#primaryimage\",\"url\":\"https:\\\/\\\/lda.be\\\/wp-content\\\/uploads\\\/2026\\\/02\\\/Series-GRM0-Compact-Pneumatic-Workholding-Clamp.webp\",\"contentUrl\":\"https:\\\/\\\/lda.be\\\/wp-content\\\/uploads\\\/2026\\\/02\\\/Series-GRM0-Compact-Pneumatic-Workholding-Clamp.webp\",\"width\":1080,\"height\":1080,\"caption\":\"Series GRM0 Compact Pneumatic Workholding Clamp\"},{\"@type\":\"BreadcrumbList\",\"@id\":\"https:\\\/\\\/lda.be\\\/fr\\\/produit\\\/serie-grm0-verin-de-serrage\\\/#breadcrumb\",\"itemListElement\":[{\"@type\":\"ListItem\",\"position\":1,\"name\":\"Accueil\",\"item\":\"https:\\\/\\\/lda.be\\\/fr\\\/\"},{\"@type\":\"ListItem\",\"position\":2,\"name\":\"Produits\",\"item\":\"https:\\\/\\\/lda.be\\\/fr\\\/produits\\\/\"},{\"@type\":\"ListItem\",\"position\":3,\"name\":\"S\u00e9rie GRM0 v\u00e9rin de serrage\"}]},{\"@type\":\"WebSite\",\"@id\":\"https:\\\/\\\/lda.be\\\/fr\\\/#website\",\"url\":\"https:\\\/\\\/lda.be\\\/fr\\\/\",\"name\":\"LDA Belgium\",\"description\":\"Solutions For Life\",\"publisher\":{\"@id\":\"https:\\\/\\\/lda.be\\\/fr\\\/#organization\"},\"potentialAction\":[{\"@type\":\"SearchAction\",\"target\":{\"@type\":\"EntryPoint\",\"urlTemplate\":\"https:\\\/\\\/lda.be\\\/fr\\\/?s={search_term_string}\"},\"query-input\":{\"@type\":\"PropertyValueSpecification\",\"valueRequired\":true,\"valueName\":\"search_term_string\"}}],\"inLanguage\":\"fr-FR\"},{\"@type\":\"Organization\",\"@id\":\"https:\\\/\\\/lda.be\\\/fr\\\/#organization\",\"name\":\"LDA Belgium\",\"url\":\"https:\\\/\\\/lda.be\\\/fr\\\/\",\"logo\":{\"@type\":\"ImageObject\",\"inLanguage\":\"fr-FR\",\"@id\":\"https:\\\/\\\/lda.be\\\/fr\\\/#\\\/schema\\\/logo\\\/image\\\/\",\"url\":\"https:\\\/\\\/lda.be\\\/wp-content\\\/uploads\\\/2022\\\/07\\\/Logo-LDA.webp\",\"contentUrl\":\"https:\\\/\\\/lda.be\\\/wp-content\\\/uploads\\\/2022\\\/07\\\/Logo-LDA.webp\",\"width\":311,\"height\":101,\"caption\":\"LDA Belgium\"},\"image\":{\"@id\":\"https:\\\/\\\/lda.be\\\/fr\\\/#\\\/schema\\\/logo\\\/image\\\/\"},\"sameAs\":[\"https:\\\/\\\/www.linkedin.com\\\/company\\\/lda-belgium-nv\"]}]}<\/script>\n<!-- \/ Yoast SEO plugin. -->","yoast_head_json":{"title":"S\u00e9rie GRM0 v\u00e9rin de serrage - LDA Belgique","description":"V\u00e9rins de serrage GRMO : v\u00e9rin de serrage pneumatiques compacts jusqu'\u00e0 600 N. Adapt\u00e9s au transfert robotis\u00e9 et aux applications de presse. A Benelux","robots":{"index":"index","follow":"follow","max-snippet":"max-snippet:-1","max-image-preview":"max-image-preview:large","max-video-preview":"max-video-preview:-1"},"canonical":"https:\/\/lda.be\/fr\/produit\/serie-grm0-verin-de-serrage\/","og_locale":"fr_FR","og_type":"article","og_title":"S\u00e9rie GRM0 v\u00e9rin de serrage - LDA Belgique","og_description":"V\u00e9rins de serrage GRMO : v\u00e9rin de serrage pneumatiques compacts jusqu'\u00e0 600 N. Adapt\u00e9s au transfert robotis\u00e9 et aux applications de presse. A Benelux","og_url":"https:\/\/lda.be\/fr\/produit\/serie-grm0-verin-de-serrage\/","og_site_name":"LDA Belgique","article_modified_time":"2026-02-26T14:10:44+00:00","og_image":[{"width":1080,"height":1080,"url":"https:\/\/lda.be\/wp-content\/uploads\/2026\/02\/Series-GRM0-Compact-Pneumatic-Workholding-Clamp.webp","type":"image\/webp"}],"twitter_card":"summary_large_image","twitter_misc":{"Dur\u00e9e de lecture estim\u00e9e":"1 minute"},"schema":{"@context":"https:\/\/schema.org","@graph":[{"@type":"WebPage","@id":"https:\/\/lda.be\/fr\/produit\/serie-grm0-verin-de-serrage\/","url":"https:\/\/lda.be\/fr\/produit\/serie-grm0-verin-de-serrage\/","name":"S\u00e9rie GRM0 v\u00e9rin de serrage - LDA Belgique","isPartOf":{"@id":"https:\/\/lda.be\/fr\/#website"},"primaryImageOfPage":{"@id":"https:\/\/lda.be\/fr\/produit\/serie-grm0-verin-de-serrage\/#primaryimage"},"image":{"@id":"https:\/\/lda.be\/fr\/produit\/serie-grm0-verin-de-serrage\/#primaryimage"},"thumbnailUrl":"https:\/\/lda.be\/wp-content\/uploads\/2026\/02\/Series-GRM0-Compact-Pneumatic-Workholding-Clamp.webp","datePublished":"2026-02-19T15:05:12+00:00","dateModified":"2026-02-26T14:10:44+00:00","description":"V\u00e9rins de serrage GRMO : v\u00e9rin de serrage pneumatiques compacts jusqu'\u00e0 600 N. Adapt\u00e9s au transfert robotis\u00e9 et aux applications de presse. A Benelux","breadcrumb":{"@id":"https:\/\/lda.be\/fr\/produit\/serie-grm0-verin-de-serrage\/#breadcrumb"},"inLanguage":"fr-FR","potentialAction":[{"@type":"ReadAction","target":["https:\/\/lda.be\/fr\/produit\/serie-grm0-verin-de-serrage\/"]}]},{"@type":"ImageObject","inLanguage":"fr-FR","@id":"https:\/\/lda.be\/fr\/produit\/serie-grm0-verin-de-serrage\/#primaryimage","url":"https:\/\/lda.be\/wp-content\/uploads\/2026\/02\/Series-GRM0-Compact-Pneumatic-Workholding-Clamp.webp","contentUrl":"https:\/\/lda.be\/wp-content\/uploads\/2026\/02\/Series-GRM0-Compact-Pneumatic-Workholding-Clamp.webp","width":1080,"height":1080,"caption":"Series GRM0 Compact Pneumatic Workholding Clamp"},{"@type":"BreadcrumbList","@id":"https:\/\/lda.be\/fr\/produit\/serie-grm0-verin-de-serrage\/#breadcrumb","itemListElement":[{"@type":"ListItem","position":1,"name":"Accueil","item":"https:\/\/lda.be\/fr\/"},{"@type":"ListItem","position":2,"name":"Produits","item":"https:\/\/lda.be\/fr\/produits\/"},{"@type":"ListItem","position":3,"name":"S\u00e9rie GRM0 v\u00e9rin de serrage"}]},{"@type":"WebSite","@id":"https:\/\/lda.be\/fr\/#website","url":"https:\/\/lda.be\/fr\/","name":"LDA Belgium","description":"Solutions For Life","publisher":{"@id":"https:\/\/lda.be\/fr\/#organization"},"potentialAction":[{"@type":"SearchAction","target":{"@type":"EntryPoint","urlTemplate":"https:\/\/lda.be\/fr\/?s={search_term_string}"},"query-input":{"@type":"PropertyValueSpecification","valueRequired":true,"valueName":"search_term_string"}}],"inLanguage":"fr-FR"},{"@type":"Organization","@id":"https:\/\/lda.be\/fr\/#organization","name":"LDA Belgium","url":"https:\/\/lda.be\/fr\/","logo":{"@type":"ImageObject","inLanguage":"fr-FR","@id":"https:\/\/lda.be\/fr\/#\/schema\/logo\/image\/","url":"https:\/\/lda.be\/wp-content\/uploads\/2022\/07\/Logo-LDA.webp","contentUrl":"https:\/\/lda.be\/wp-content\/uploads\/2022\/07\/Logo-LDA.webp","width":311,"height":101,"caption":"LDA Belgium"},"image":{"@id":"https:\/\/lda.be\/fr\/#\/schema\/logo\/image\/"},"sameAs":["https:\/\/www.linkedin.com\/company\/lda-belgium-nv"]}]}},"_links":{"self":[{"href":"https:\/\/lda.be\/fr\/wp-json\/wp\/v2\/product\/15658","targetHints":{"allow":["GET"]}}],"collection":[{"href":"https:\/\/lda.be\/fr\/wp-json\/wp\/v2\/product"}],"about":[{"href":"https:\/\/lda.be\/fr\/wp-json\/wp\/v2\/types\/product"}],"replies":[{"embeddable":true,"href":"https:\/\/lda.be\/fr\/wp-json\/wp\/v2\/comments?post=15658"}],"wp:featuredmedia":[{"embeddable":true,"href":"https:\/\/lda.be\/fr\/wp-json\/wp\/v2\/media\/15656"}],"wp:attachment":[{"href":"https:\/\/lda.be\/fr\/wp-json\/wp\/v2\/media?parent=15658"}],"wp:term":[{"taxonomy":"product_brand","embeddable":true,"href":"https:\/\/lda.be\/fr\/wp-json\/wp\/v2\/product_brand?post=15658"},{"taxonomy":"product_cat","embeddable":true,"href":"https:\/\/lda.be\/fr\/wp-json\/wp\/v2\/product_cat?post=15658"},{"taxonomy":"product_tag","embeddable":true,"href":"https:\/\/lda.be\/fr\/wp-json\/wp\/v2\/product_tag?post=15658"}],"curies":[{"name":"wp","href":"https:\/\/api.w.org\/{rel}","templated":true}]}}