{"id":15672,"date":"2026-02-23T14:18:14","date_gmt":"2026-02-23T13:18:14","guid":{"rendered":"https:\/\/lda.be\/?post_type=product&#038;p=15672"},"modified":"2026-02-26T15:05:28","modified_gmt":"2026-02-26T14:05:28","slug":"serie-grm1-verin-de-serrage-miniatures","status":"publish","type":"product","link":"https:\/\/lda.be\/fr\/produit\/serie-grm1-verin-de-serrage-miniatures\/","title":{"rendered":"S\u00e9rie GRM1 v\u00e9rin de serrage miniatures"},"content":{"rendered":"<p>Les v\u00e9rin de serrage miniatures GRM1 sont con\u00e7ues pour les applications n\u00e9cessitant un format compact, un poids l\u00e9ger et une force de serrage \u00e9lev\u00e9e. Ces v\u00e9rin g\u00e9n\u00e8rent une force de serrage totale jusqu&#8217;\u00e0 1.000 N et sont particuli\u00e8rement adapt\u00e9es \u00e0 la robotique, aux syst\u00e8mes d&#8217;effecteurs finaux et \u00e0 l&#8217;automatisation industrielle g\u00e9n\u00e9rale. Les v\u00e9rins sont compactes et l\u00e9g\u00e8res, mais offrent n\u00e9anmoins la force de serrage la plus \u00e9lev\u00e9e du secteur pour leur taille. Avec un poids de 0,24 kg (sans embouts), elles offrent une force de serrage totale de 600 N. Elles sont disponibles en deux types de m\u00e2choires, la \u00ab S \u00bb Standard et la \u00ab F \u00bb Flange, pour une utilisation flexible. La v\u00e9rins de taille 0 a la m\u00eame conception que les v\u00e9rins GRM plus grandes, garantissant ainsi les m\u00eames performances sup\u00e9rieures.<\/p>\n","protected":false},"excerpt":{"rendered":"<p>Les v\u00e9rin de serrage miniatures GRM1 sont con\u00e7ues pour les applications n\u00e9cessitant un format compact, un poids l\u00e9ger et une force de serrage \u00e9lev\u00e9e. Ces v\u00e9rin g\u00e9n\u00e8rent une force de serrage totale jusqu&#8217;\u00e0 1.000 N et sont particuli\u00e8rement adapt\u00e9es \u00e0 la robotique, aux syst\u00e8mes d&#8217;effecteurs finaux et \u00e0 l&#8217;automatisation industrielle g\u00e9n\u00e9rale. Les v\u00e9rins sont compactes [&hellip;]<\/p>\n","protected":false},"featured_media":15667,"comment_status":"closed","ping_status":"closed","template":"","meta":[],"product_brand":[1896,1277],"product_cat":[1022],"product_tag":[],"class_list":{"0":"post-15672","1":"product","2":"type-product","3":"status-publish","4":"has-post-thumbnail","6":"product_brand-clamps","7":"product_brand-phd","8":"product_cat-tole","10":"first","11":"instock","12":"shipping-taxable","13":"product-type-simple"},"yoast_head":"<!-- This site is optimized with the Yoast SEO plugin v27.3 - https:\/\/yoast.com\/product\/yoast-seo-wordpress\/ -->\n<title>S\u00e9rie GRM1 v\u00e9rin de serrage miniatures - LDA Belgique<\/title>\n<meta name=\"description\" content=\"Pinces de sev\u00e9rin de serrageminiatures GRM1 : force de serrage jusqu&#039;\u00e0 1.000 N. Adapt\u00e9es \u00e0 la robotique, aux syst\u00e8mes d&#039;effecteurs finaux et \u00e0 industrielle.\" \/>\n<meta name=\"robots\" content=\"index, follow, max-snippet:-1, max-image-preview:large, max-video-preview:-1\" \/>\n<link rel=\"canonical\" href=\"https:\/\/lda.be\/fr\/produit\/serie-grm1-verin-de-serrage-miniatures\/\" \/>\n<meta property=\"og:locale\" content=\"fr_FR\" \/>\n<meta property=\"og:type\" content=\"article\" \/>\n<meta property=\"og:title\" content=\"S\u00e9rie GRM1 v\u00e9rin de serrage miniatures - LDA Belgique\" \/>\n<meta property=\"og:description\" content=\"Pinces de sev\u00e9rin de serrageminiatures GRM1 : force de serrage jusqu&#039;\u00e0 1.000 N. Adapt\u00e9es \u00e0 la robotique, aux syst\u00e8mes d&#039;effecteurs finaux et \u00e0 industrielle.\" \/>\n<meta property=\"og:url\" content=\"https:\/\/lda.be\/fr\/produit\/serie-grm1-verin-de-serrage-miniatures\/\" \/>\n<meta property=\"og:site_name\" content=\"LDA Belgique\" \/>\n<meta property=\"article:modified_time\" content=\"2026-02-26T14:05:28+00:00\" \/>\n<meta property=\"og:image\" content=\"https:\/\/lda.be\/wp-content\/uploads\/2026\/02\/Serie-GRM1-mini-klem.webp\" \/>\n\t<meta property=\"og:image:width\" content=\"1080\" \/>\n\t<meta property=\"og:image:height\" content=\"1080\" \/>\n\t<meta property=\"og:image:type\" content=\"image\/webp\" \/>\n<meta name=\"twitter:card\" content=\"summary_large_image\" \/>\n<meta name=\"twitter:label1\" content=\"Dur\u00e9e de lecture estim\u00e9e\" \/>\n\t<meta name=\"twitter:data1\" content=\"1 minute\" \/>\n<script type=\"application\/ld+json\" class=\"yoast-schema-graph\">{\"@context\":\"https:\\\/\\\/schema.org\",\"@graph\":[{\"@type\":\"WebPage\",\"@id\":\"https:\\\/\\\/lda.be\\\/fr\\\/produit\\\/serie-grm1-verin-de-serrage-miniatures\\\/\",\"url\":\"https:\\\/\\\/lda.be\\\/fr\\\/produit\\\/serie-grm1-verin-de-serrage-miniatures\\\/\",\"name\":\"S\u00e9rie GRM1 v\u00e9rin de serrage miniatures - LDA Belgique\",\"isPartOf\":{\"@id\":\"https:\\\/\\\/lda.be\\\/fr\\\/#website\"},\"primaryImageOfPage\":{\"@id\":\"https:\\\/\\\/lda.be\\\/fr\\\/produit\\\/serie-grm1-verin-de-serrage-miniatures\\\/#primaryimage\"},\"image\":{\"@id\":\"https:\\\/\\\/lda.be\\\/fr\\\/produit\\\/serie-grm1-verin-de-serrage-miniatures\\\/#primaryimage\"},\"thumbnailUrl\":\"https:\\\/\\\/lda.be\\\/wp-content\\\/uploads\\\/2026\\\/02\\\/Serie-GRM1-mini-klem.webp\",\"datePublished\":\"2026-02-23T13:18:14+00:00\",\"dateModified\":\"2026-02-26T14:05:28+00:00\",\"description\":\"Pinces de sev\u00e9rin de serrageminiatures GRM1 : force de serrage jusqu'\u00e0 1.000 N. Adapt\u00e9es \u00e0 la robotique, aux syst\u00e8mes d'effecteurs finaux et \u00e0 industrielle.\",\"breadcrumb\":{\"@id\":\"https:\\\/\\\/lda.be\\\/fr\\\/produit\\\/serie-grm1-verin-de-serrage-miniatures\\\/#breadcrumb\"},\"inLanguage\":\"fr-FR\",\"potentialAction\":[{\"@type\":\"ReadAction\",\"target\":[\"https:\\\/\\\/lda.be\\\/fr\\\/produit\\\/serie-grm1-verin-de-serrage-miniatures\\\/\"]}]},{\"@type\":\"ImageObject\",\"inLanguage\":\"fr-FR\",\"@id\":\"https:\\\/\\\/lda.be\\\/fr\\\/produit\\\/serie-grm1-verin-de-serrage-miniatures\\\/#primaryimage\",\"url\":\"https:\\\/\\\/lda.be\\\/wp-content\\\/uploads\\\/2026\\\/02\\\/Serie-GRM1-mini-klem.webp\",\"contentUrl\":\"https:\\\/\\\/lda.be\\\/wp-content\\\/uploads\\\/2026\\\/02\\\/Serie-GRM1-mini-klem.webp\",\"width\":1080,\"height\":1080,\"caption\":\"Serie GRM1 mini klem\"},{\"@type\":\"BreadcrumbList\",\"@id\":\"https:\\\/\\\/lda.be\\\/fr\\\/produit\\\/serie-grm1-verin-de-serrage-miniatures\\\/#breadcrumb\",\"itemListElement\":[{\"@type\":\"ListItem\",\"position\":1,\"name\":\"Accueil\",\"item\":\"https:\\\/\\\/lda.be\\\/fr\\\/\"},{\"@type\":\"ListItem\",\"position\":2,\"name\":\"Produits\",\"item\":\"https:\\\/\\\/lda.be\\\/fr\\\/produits\\\/\"},{\"@type\":\"ListItem\",\"position\":3,\"name\":\"S\u00e9rie GRM1 v\u00e9rin de serrage miniatures\"}]},{\"@type\":\"WebSite\",\"@id\":\"https:\\\/\\\/lda.be\\\/fr\\\/#website\",\"url\":\"https:\\\/\\\/lda.be\\\/fr\\\/\",\"name\":\"LDA Belgium\",\"description\":\"Solutions For Life\",\"publisher\":{\"@id\":\"https:\\\/\\\/lda.be\\\/fr\\\/#organization\"},\"potentialAction\":[{\"@type\":\"SearchAction\",\"target\":{\"@type\":\"EntryPoint\",\"urlTemplate\":\"https:\\\/\\\/lda.be\\\/fr\\\/?s={search_term_string}\"},\"query-input\":{\"@type\":\"PropertyValueSpecification\",\"valueRequired\":true,\"valueName\":\"search_term_string\"}}],\"inLanguage\":\"fr-FR\"},{\"@type\":\"Organization\",\"@id\":\"https:\\\/\\\/lda.be\\\/fr\\\/#organization\",\"name\":\"LDA Belgium\",\"url\":\"https:\\\/\\\/lda.be\\\/fr\\\/\",\"logo\":{\"@type\":\"ImageObject\",\"inLanguage\":\"fr-FR\",\"@id\":\"https:\\\/\\\/lda.be\\\/fr\\\/#\\\/schema\\\/logo\\\/image\\\/\",\"url\":\"https:\\\/\\\/lda.be\\\/wp-content\\\/uploads\\\/2022\\\/07\\\/Logo-LDA.webp\",\"contentUrl\":\"https:\\\/\\\/lda.be\\\/wp-content\\\/uploads\\\/2022\\\/07\\\/Logo-LDA.webp\",\"width\":311,\"height\":101,\"caption\":\"LDA Belgium\"},\"image\":{\"@id\":\"https:\\\/\\\/lda.be\\\/fr\\\/#\\\/schema\\\/logo\\\/image\\\/\"},\"sameAs\":[\"https:\\\/\\\/www.linkedin.com\\\/company\\\/lda-belgium-nv\"]}]}<\/script>\n<!-- \/ Yoast SEO plugin. -->","yoast_head_json":{"title":"S\u00e9rie GRM1 v\u00e9rin de serrage miniatures - LDA Belgique","description":"Pinces de sev\u00e9rin de serrageminiatures GRM1 : force de serrage jusqu'\u00e0 1.000 N. Adapt\u00e9es \u00e0 la robotique, aux syst\u00e8mes d'effecteurs finaux et \u00e0 industrielle.","robots":{"index":"index","follow":"follow","max-snippet":"max-snippet:-1","max-image-preview":"max-image-preview:large","max-video-preview":"max-video-preview:-1"},"canonical":"https:\/\/lda.be\/fr\/produit\/serie-grm1-verin-de-serrage-miniatures\/","og_locale":"fr_FR","og_type":"article","og_title":"S\u00e9rie GRM1 v\u00e9rin de serrage miniatures - LDA Belgique","og_description":"Pinces de sev\u00e9rin de serrageminiatures GRM1 : force de serrage jusqu'\u00e0 1.000 N. Adapt\u00e9es \u00e0 la robotique, aux syst\u00e8mes d'effecteurs finaux et \u00e0 industrielle.","og_url":"https:\/\/lda.be\/fr\/produit\/serie-grm1-verin-de-serrage-miniatures\/","og_site_name":"LDA Belgique","article_modified_time":"2026-02-26T14:05:28+00:00","og_image":[{"width":1080,"height":1080,"url":"https:\/\/lda.be\/wp-content\/uploads\/2026\/02\/Serie-GRM1-mini-klem.webp","type":"image\/webp"}],"twitter_card":"summary_large_image","twitter_misc":{"Dur\u00e9e de lecture estim\u00e9e":"1 minute"},"schema":{"@context":"https:\/\/schema.org","@graph":[{"@type":"WebPage","@id":"https:\/\/lda.be\/fr\/produit\/serie-grm1-verin-de-serrage-miniatures\/","url":"https:\/\/lda.be\/fr\/produit\/serie-grm1-verin-de-serrage-miniatures\/","name":"S\u00e9rie GRM1 v\u00e9rin de serrage miniatures - LDA Belgique","isPartOf":{"@id":"https:\/\/lda.be\/fr\/#website"},"primaryImageOfPage":{"@id":"https:\/\/lda.be\/fr\/produit\/serie-grm1-verin-de-serrage-miniatures\/#primaryimage"},"image":{"@id":"https:\/\/lda.be\/fr\/produit\/serie-grm1-verin-de-serrage-miniatures\/#primaryimage"},"thumbnailUrl":"https:\/\/lda.be\/wp-content\/uploads\/2026\/02\/Serie-GRM1-mini-klem.webp","datePublished":"2026-02-23T13:18:14+00:00","dateModified":"2026-02-26T14:05:28+00:00","description":"Pinces de sev\u00e9rin de serrageminiatures GRM1 : force de serrage jusqu'\u00e0 1.000 N. Adapt\u00e9es \u00e0 la robotique, aux syst\u00e8mes d'effecteurs finaux et \u00e0 industrielle.","breadcrumb":{"@id":"https:\/\/lda.be\/fr\/produit\/serie-grm1-verin-de-serrage-miniatures\/#breadcrumb"},"inLanguage":"fr-FR","potentialAction":[{"@type":"ReadAction","target":["https:\/\/lda.be\/fr\/produit\/serie-grm1-verin-de-serrage-miniatures\/"]}]},{"@type":"ImageObject","inLanguage":"fr-FR","@id":"https:\/\/lda.be\/fr\/produit\/serie-grm1-verin-de-serrage-miniatures\/#primaryimage","url":"https:\/\/lda.be\/wp-content\/uploads\/2026\/02\/Serie-GRM1-mini-klem.webp","contentUrl":"https:\/\/lda.be\/wp-content\/uploads\/2026\/02\/Serie-GRM1-mini-klem.webp","width":1080,"height":1080,"caption":"Serie GRM1 mini klem"},{"@type":"BreadcrumbList","@id":"https:\/\/lda.be\/fr\/produit\/serie-grm1-verin-de-serrage-miniatures\/#breadcrumb","itemListElement":[{"@type":"ListItem","position":1,"name":"Accueil","item":"https:\/\/lda.be\/fr\/"},{"@type":"ListItem","position":2,"name":"Produits","item":"https:\/\/lda.be\/fr\/produits\/"},{"@type":"ListItem","position":3,"name":"S\u00e9rie GRM1 v\u00e9rin de serrage miniatures"}]},{"@type":"WebSite","@id":"https:\/\/lda.be\/fr\/#website","url":"https:\/\/lda.be\/fr\/","name":"LDA Belgium","description":"Solutions For Life","publisher":{"@id":"https:\/\/lda.be\/fr\/#organization"},"potentialAction":[{"@type":"SearchAction","target":{"@type":"EntryPoint","urlTemplate":"https:\/\/lda.be\/fr\/?s={search_term_string}"},"query-input":{"@type":"PropertyValueSpecification","valueRequired":true,"valueName":"search_term_string"}}],"inLanguage":"fr-FR"},{"@type":"Organization","@id":"https:\/\/lda.be\/fr\/#organization","name":"LDA Belgium","url":"https:\/\/lda.be\/fr\/","logo":{"@type":"ImageObject","inLanguage":"fr-FR","@id":"https:\/\/lda.be\/fr\/#\/schema\/logo\/image\/","url":"https:\/\/lda.be\/wp-content\/uploads\/2022\/07\/Logo-LDA.webp","contentUrl":"https:\/\/lda.be\/wp-content\/uploads\/2022\/07\/Logo-LDA.webp","width":311,"height":101,"caption":"LDA Belgium"},"image":{"@id":"https:\/\/lda.be\/fr\/#\/schema\/logo\/image\/"},"sameAs":["https:\/\/www.linkedin.com\/company\/lda-belgium-nv"]}]}},"_links":{"self":[{"href":"https:\/\/lda.be\/fr\/wp-json\/wp\/v2\/product\/15672","targetHints":{"allow":["GET"]}}],"collection":[{"href":"https:\/\/lda.be\/fr\/wp-json\/wp\/v2\/product"}],"about":[{"href":"https:\/\/lda.be\/fr\/wp-json\/wp\/v2\/types\/product"}],"replies":[{"embeddable":true,"href":"https:\/\/lda.be\/fr\/wp-json\/wp\/v2\/comments?post=15672"}],"wp:featuredmedia":[{"embeddable":true,"href":"https:\/\/lda.be\/fr\/wp-json\/wp\/v2\/media\/15667"}],"wp:attachment":[{"href":"https:\/\/lda.be\/fr\/wp-json\/wp\/v2\/media?parent=15672"}],"wp:term":[{"taxonomy":"product_brand","embeddable":true,"href":"https:\/\/lda.be\/fr\/wp-json\/wp\/v2\/product_brand?post=15672"},{"taxonomy":"product_cat","embeddable":true,"href":"https:\/\/lda.be\/fr\/wp-json\/wp\/v2\/product_cat?post=15672"},{"taxonomy":"product_tag","embeddable":true,"href":"https:\/\/lda.be\/fr\/wp-json\/wp\/v2\/product_tag?post=15672"}],"curies":[{"name":"wp","href":"https:\/\/api.w.org\/{rel}","templated":true}]}}