{"id":15698,"date":"2026-02-23T16:17:06","date_gmt":"2026-02-23T15:17:06","guid":{"rendered":"https:\/\/lda.be\/?post_type=product&#038;p=15698"},"modified":"2026-02-23T16:54:05","modified_gmt":"2026-02-23T15:54:05","slug":"serie-grm4-verins-de-bridage","status":"publish","type":"product","link":"https:\/\/lda.be\/fr\/produit\/serie-grm4-verins-de-bridage\/","title":{"rendered":"S\u00e9rie GRM4 v\u00e9rins de bridage"},"content":{"rendered":"<p>Les v\u00e9rin de bridage\u00a0pneumatiques GRM4 sont con\u00e7ues pour les applications industrielles lourdes o\u00f9 une force de serrage \u00e9lev\u00e9e et une fiabilit\u00e9 sont essentielles. Ces v\u00e9rins g\u00e9n\u00e8rent une force de serrage totale jusqu&#8217;\u00e0 2.224 N, ce qui les rend id\u00e9ales pour la robotique, les syst\u00e8mes de transfert et les applications de presse. Le design offre plusieurs styles de m\u00e2choires, y compris des m\u00e2choires standard, \u00e0 pelle, \u00e0 bride et \u00e0 outils, pour une large gamme d&#8217;applications. Les v\u00e9rins se verrouillent en position ferm\u00e9e, assurant le maintien des pi\u00e8ces en cas de perte de pression. Les options incluent des commutateurs pour la d\u00e9tection de position et de double feuille, ainsi que diff\u00e9rents embouts de m\u00e2choire pour des \u00e9paisseurs de mat\u00e9riau et des surfaces sp\u00e9cifiques.<\/p>\n","protected":false},"excerpt":{"rendered":"<p>Les v\u00e9rin de bridage\u00a0pneumatiques GRM4 sont con\u00e7ues pour les applications industrielles lourdes o\u00f9 une force de serrage \u00e9lev\u00e9e et une fiabilit\u00e9 sont essentielles. Ces v\u00e9rins g\u00e9n\u00e8rent une force de serrage totale jusqu&#8217;\u00e0 2.224 N, ce qui les rend id\u00e9ales pour la robotique, les syst\u00e8mes de transfert et les applications de presse. Le design offre plusieurs [&hellip;]<\/p>\n","protected":false},"featured_media":15696,"comment_status":"closed","ping_status":"closed","template":"","meta":[],"product_brand":[1896,1277],"product_cat":[1022],"product_tag":[],"class_list":{"0":"post-15698","1":"product","2":"type-product","3":"status-publish","4":"has-post-thumbnail","6":"product_brand-clamps","7":"product_brand-phd","8":"product_cat-tole","10":"first","11":"instock","12":"shipping-taxable","13":"product-type-simple"},"yoast_head":"<!-- This site is optimized with the Yoast SEO plugin v27.3 - https:\/\/yoast.com\/product\/yoast-seo-wordpress\/ -->\n<title>S\u00e9rie GRM4 v\u00e9rins de bridage - LDA Belgique<\/title>\n<meta name=\"description\" content=\"pneumatiques GRM4 : v\u00e9rins avec une force de serrage jusqu&#039;\u00e0 2.224 N pour applications industrielles lourdes. Adapt\u00e9es \u00e0 la robotique, au transfert et aux applications de presse.\" \/>\n<meta name=\"robots\" content=\"index, follow, max-snippet:-1, max-image-preview:large, max-video-preview:-1\" \/>\n<link rel=\"canonical\" href=\"https:\/\/lda.be\/fr\/produit\/serie-grm4-verins-de-bridage\/\" \/>\n<meta property=\"og:locale\" content=\"fr_FR\" \/>\n<meta property=\"og:type\" content=\"article\" \/>\n<meta property=\"og:title\" content=\"S\u00e9rie GRM4 v\u00e9rins de bridage - LDA Belgique\" \/>\n<meta property=\"og:description\" content=\"pneumatiques GRM4 : v\u00e9rins avec une force de serrage jusqu&#039;\u00e0 2.224 N pour applications industrielles lourdes. Adapt\u00e9es \u00e0 la robotique, au transfert et aux applications de presse.\" \/>\n<meta property=\"og:url\" content=\"https:\/\/lda.be\/fr\/produit\/serie-grm4-verins-de-bridage\/\" \/>\n<meta property=\"og:site_name\" content=\"LDA Belgique\" \/>\n<meta property=\"article:modified_time\" content=\"2026-02-23T15:54:05+00:00\" \/>\n<meta property=\"og:image\" content=\"https:\/\/lda.be\/wp-content\/uploads\/2026\/02\/Series-GRM2-Pneumatic-Workholding-Clamp-2.webp\" \/>\n\t<meta property=\"og:image:width\" content=\"1080\" \/>\n\t<meta property=\"og:image:height\" content=\"1080\" \/>\n\t<meta property=\"og:image:type\" content=\"image\/webp\" \/>\n<meta name=\"twitter:card\" content=\"summary_large_image\" \/>\n<meta name=\"twitter:label1\" content=\"Dur\u00e9e de lecture estim\u00e9e\" \/>\n\t<meta name=\"twitter:data1\" content=\"1 minute\" \/>\n<script type=\"application\/ld+json\" class=\"yoast-schema-graph\">{\"@context\":\"https:\\\/\\\/schema.org\",\"@graph\":[{\"@type\":\"WebPage\",\"@id\":\"https:\\\/\\\/lda.be\\\/fr\\\/produit\\\/serie-grm4-verins-de-bridage\\\/\",\"url\":\"https:\\\/\\\/lda.be\\\/fr\\\/produit\\\/serie-grm4-verins-de-bridage\\\/\",\"name\":\"S\u00e9rie GRM4 v\u00e9rins de bridage - LDA Belgique\",\"isPartOf\":{\"@id\":\"https:\\\/\\\/lda.be\\\/fr\\\/#website\"},\"primaryImageOfPage\":{\"@id\":\"https:\\\/\\\/lda.be\\\/fr\\\/produit\\\/serie-grm4-verins-de-bridage\\\/#primaryimage\"},\"image\":{\"@id\":\"https:\\\/\\\/lda.be\\\/fr\\\/produit\\\/serie-grm4-verins-de-bridage\\\/#primaryimage\"},\"thumbnailUrl\":\"https:\\\/\\\/lda.be\\\/wp-content\\\/uploads\\\/2026\\\/02\\\/Series-GRM2-Pneumatic-Workholding-Clamp-2.webp\",\"datePublished\":\"2026-02-23T15:17:06+00:00\",\"dateModified\":\"2026-02-23T15:54:05+00:00\",\"description\":\"pneumatiques GRM4 : v\u00e9rins avec une force de serrage jusqu'\u00e0 2.224 N pour applications industrielles lourdes. Adapt\u00e9es \u00e0 la robotique, au transfert et aux applications de presse.\",\"breadcrumb\":{\"@id\":\"https:\\\/\\\/lda.be\\\/fr\\\/produit\\\/serie-grm4-verins-de-bridage\\\/#breadcrumb\"},\"inLanguage\":\"fr-FR\",\"potentialAction\":[{\"@type\":\"ReadAction\",\"target\":[\"https:\\\/\\\/lda.be\\\/fr\\\/produit\\\/serie-grm4-verins-de-bridage\\\/\"]}]},{\"@type\":\"ImageObject\",\"inLanguage\":\"fr-FR\",\"@id\":\"https:\\\/\\\/lda.be\\\/fr\\\/produit\\\/serie-grm4-verins-de-bridage\\\/#primaryimage\",\"url\":\"https:\\\/\\\/lda.be\\\/wp-content\\\/uploads\\\/2026\\\/02\\\/Series-GRM2-Pneumatic-Workholding-Clamp-2.webp\",\"contentUrl\":\"https:\\\/\\\/lda.be\\\/wp-content\\\/uploads\\\/2026\\\/02\\\/Series-GRM2-Pneumatic-Workholding-Clamp-2.webp\",\"width\":1080,\"height\":1080,\"caption\":\"Series GRM2 Pneumatic Workholding Clamp\"},{\"@type\":\"BreadcrumbList\",\"@id\":\"https:\\\/\\\/lda.be\\\/fr\\\/produit\\\/serie-grm4-verins-de-bridage\\\/#breadcrumb\",\"itemListElement\":[{\"@type\":\"ListItem\",\"position\":1,\"name\":\"Accueil\",\"item\":\"https:\\\/\\\/lda.be\\\/fr\\\/\"},{\"@type\":\"ListItem\",\"position\":2,\"name\":\"Produits\",\"item\":\"https:\\\/\\\/lda.be\\\/fr\\\/produits\\\/\"},{\"@type\":\"ListItem\",\"position\":3,\"name\":\"S\u00e9rie GRM4 v\u00e9rins de bridage\"}]},{\"@type\":\"WebSite\",\"@id\":\"https:\\\/\\\/lda.be\\\/fr\\\/#website\",\"url\":\"https:\\\/\\\/lda.be\\\/fr\\\/\",\"name\":\"LDA Belgium\",\"description\":\"Solutions For Life\",\"publisher\":{\"@id\":\"https:\\\/\\\/lda.be\\\/fr\\\/#organization\"},\"potentialAction\":[{\"@type\":\"SearchAction\",\"target\":{\"@type\":\"EntryPoint\",\"urlTemplate\":\"https:\\\/\\\/lda.be\\\/fr\\\/?s={search_term_string}\"},\"query-input\":{\"@type\":\"PropertyValueSpecification\",\"valueRequired\":true,\"valueName\":\"search_term_string\"}}],\"inLanguage\":\"fr-FR\"},{\"@type\":\"Organization\",\"@id\":\"https:\\\/\\\/lda.be\\\/fr\\\/#organization\",\"name\":\"LDA Belgium\",\"url\":\"https:\\\/\\\/lda.be\\\/fr\\\/\",\"logo\":{\"@type\":\"ImageObject\",\"inLanguage\":\"fr-FR\",\"@id\":\"https:\\\/\\\/lda.be\\\/fr\\\/#\\\/schema\\\/logo\\\/image\\\/\",\"url\":\"https:\\\/\\\/lda.be\\\/wp-content\\\/uploads\\\/2022\\\/07\\\/Logo-LDA.webp\",\"contentUrl\":\"https:\\\/\\\/lda.be\\\/wp-content\\\/uploads\\\/2022\\\/07\\\/Logo-LDA.webp\",\"width\":311,\"height\":101,\"caption\":\"LDA Belgium\"},\"image\":{\"@id\":\"https:\\\/\\\/lda.be\\\/fr\\\/#\\\/schema\\\/logo\\\/image\\\/\"},\"sameAs\":[\"https:\\\/\\\/www.linkedin.com\\\/company\\\/lda-belgium-nv\"]}]}<\/script>\n<!-- \/ Yoast SEO plugin. -->","yoast_head_json":{"title":"S\u00e9rie GRM4 v\u00e9rins de bridage - LDA Belgique","description":"pneumatiques GRM4 : v\u00e9rins avec une force de serrage jusqu'\u00e0 2.224 N pour applications industrielles lourdes. Adapt\u00e9es \u00e0 la robotique, au transfert et aux applications de presse.","robots":{"index":"index","follow":"follow","max-snippet":"max-snippet:-1","max-image-preview":"max-image-preview:large","max-video-preview":"max-video-preview:-1"},"canonical":"https:\/\/lda.be\/fr\/produit\/serie-grm4-verins-de-bridage\/","og_locale":"fr_FR","og_type":"article","og_title":"S\u00e9rie GRM4 v\u00e9rins de bridage - LDA Belgique","og_description":"pneumatiques GRM4 : v\u00e9rins avec une force de serrage jusqu'\u00e0 2.224 N pour applications industrielles lourdes. Adapt\u00e9es \u00e0 la robotique, au transfert et aux applications de presse.","og_url":"https:\/\/lda.be\/fr\/produit\/serie-grm4-verins-de-bridage\/","og_site_name":"LDA Belgique","article_modified_time":"2026-02-23T15:54:05+00:00","og_image":[{"width":1080,"height":1080,"url":"https:\/\/lda.be\/wp-content\/uploads\/2026\/02\/Series-GRM2-Pneumatic-Workholding-Clamp-2.webp","type":"image\/webp"}],"twitter_card":"summary_large_image","twitter_misc":{"Dur\u00e9e de lecture estim\u00e9e":"1 minute"},"schema":{"@context":"https:\/\/schema.org","@graph":[{"@type":"WebPage","@id":"https:\/\/lda.be\/fr\/produit\/serie-grm4-verins-de-bridage\/","url":"https:\/\/lda.be\/fr\/produit\/serie-grm4-verins-de-bridage\/","name":"S\u00e9rie GRM4 v\u00e9rins de bridage - LDA Belgique","isPartOf":{"@id":"https:\/\/lda.be\/fr\/#website"},"primaryImageOfPage":{"@id":"https:\/\/lda.be\/fr\/produit\/serie-grm4-verins-de-bridage\/#primaryimage"},"image":{"@id":"https:\/\/lda.be\/fr\/produit\/serie-grm4-verins-de-bridage\/#primaryimage"},"thumbnailUrl":"https:\/\/lda.be\/wp-content\/uploads\/2026\/02\/Series-GRM2-Pneumatic-Workholding-Clamp-2.webp","datePublished":"2026-02-23T15:17:06+00:00","dateModified":"2026-02-23T15:54:05+00:00","description":"pneumatiques GRM4 : v\u00e9rins avec une force de serrage jusqu'\u00e0 2.224 N pour applications industrielles lourdes. Adapt\u00e9es \u00e0 la robotique, au transfert et aux applications de presse.","breadcrumb":{"@id":"https:\/\/lda.be\/fr\/produit\/serie-grm4-verins-de-bridage\/#breadcrumb"},"inLanguage":"fr-FR","potentialAction":[{"@type":"ReadAction","target":["https:\/\/lda.be\/fr\/produit\/serie-grm4-verins-de-bridage\/"]}]},{"@type":"ImageObject","inLanguage":"fr-FR","@id":"https:\/\/lda.be\/fr\/produit\/serie-grm4-verins-de-bridage\/#primaryimage","url":"https:\/\/lda.be\/wp-content\/uploads\/2026\/02\/Series-GRM2-Pneumatic-Workholding-Clamp-2.webp","contentUrl":"https:\/\/lda.be\/wp-content\/uploads\/2026\/02\/Series-GRM2-Pneumatic-Workholding-Clamp-2.webp","width":1080,"height":1080,"caption":"Series GRM2 Pneumatic Workholding Clamp"},{"@type":"BreadcrumbList","@id":"https:\/\/lda.be\/fr\/produit\/serie-grm4-verins-de-bridage\/#breadcrumb","itemListElement":[{"@type":"ListItem","position":1,"name":"Accueil","item":"https:\/\/lda.be\/fr\/"},{"@type":"ListItem","position":2,"name":"Produits","item":"https:\/\/lda.be\/fr\/produits\/"},{"@type":"ListItem","position":3,"name":"S\u00e9rie GRM4 v\u00e9rins de bridage"}]},{"@type":"WebSite","@id":"https:\/\/lda.be\/fr\/#website","url":"https:\/\/lda.be\/fr\/","name":"LDA Belgium","description":"Solutions For Life","publisher":{"@id":"https:\/\/lda.be\/fr\/#organization"},"potentialAction":[{"@type":"SearchAction","target":{"@type":"EntryPoint","urlTemplate":"https:\/\/lda.be\/fr\/?s={search_term_string}"},"query-input":{"@type":"PropertyValueSpecification","valueRequired":true,"valueName":"search_term_string"}}],"inLanguage":"fr-FR"},{"@type":"Organization","@id":"https:\/\/lda.be\/fr\/#organization","name":"LDA Belgium","url":"https:\/\/lda.be\/fr\/","logo":{"@type":"ImageObject","inLanguage":"fr-FR","@id":"https:\/\/lda.be\/fr\/#\/schema\/logo\/image\/","url":"https:\/\/lda.be\/wp-content\/uploads\/2022\/07\/Logo-LDA.webp","contentUrl":"https:\/\/lda.be\/wp-content\/uploads\/2022\/07\/Logo-LDA.webp","width":311,"height":101,"caption":"LDA Belgium"},"image":{"@id":"https:\/\/lda.be\/fr\/#\/schema\/logo\/image\/"},"sameAs":["https:\/\/www.linkedin.com\/company\/lda-belgium-nv"]}]}},"_links":{"self":[{"href":"https:\/\/lda.be\/fr\/wp-json\/wp\/v2\/product\/15698","targetHints":{"allow":["GET"]}}],"collection":[{"href":"https:\/\/lda.be\/fr\/wp-json\/wp\/v2\/product"}],"about":[{"href":"https:\/\/lda.be\/fr\/wp-json\/wp\/v2\/types\/product"}],"replies":[{"embeddable":true,"href":"https:\/\/lda.be\/fr\/wp-json\/wp\/v2\/comments?post=15698"}],"wp:featuredmedia":[{"embeddable":true,"href":"https:\/\/lda.be\/fr\/wp-json\/wp\/v2\/media\/15696"}],"wp:attachment":[{"href":"https:\/\/lda.be\/fr\/wp-json\/wp\/v2\/media?parent=15698"}],"wp:term":[{"taxonomy":"product_brand","embeddable":true,"href":"https:\/\/lda.be\/fr\/wp-json\/wp\/v2\/product_brand?post=15698"},{"taxonomy":"product_cat","embeddable":true,"href":"https:\/\/lda.be\/fr\/wp-json\/wp\/v2\/product_cat?post=15698"},{"taxonomy":"product_tag","embeddable":true,"href":"https:\/\/lda.be\/fr\/wp-json\/wp\/v2\/product_tag?post=15698"}],"curies":[{"name":"wp","href":"https:\/\/api.w.org\/{rel}","templated":true}]}}