{"id":15711,"date":"2026-02-25T14:38:47","date_gmt":"2026-02-25T13:38:47","guid":{"rendered":"https:\/\/lda.be\/?post_type=product&#038;p=15711"},"modified":"2026-02-26T14:58:19","modified_gmt":"2026-02-26T13:58:19","slug":"serie-plk-verins-de-serrage-10mm-tot-30mm-991-n","status":"publish","type":"product","link":"https:\/\/lda.be\/fr\/produit\/serie-plk-verins-de-serrage-10mm-tot-30mm-991-n\/","title":{"rendered":"Serie PLK v\u00e9rins de serrage 10mm tot 30mm, 991 N"},"content":{"rendered":"<p>Les v\u00e9rins de serrage pneumatiques modulaires de la s\u00e9rie PLK offrent une force de serrage \u00e9lev\u00e9e dans un format compact. Ils sont souvent utilis\u00e9s comme effecteur terminal sur des bras robotis\u00e9s.<\/p>\n<p>Comme les mod\u00e8les pr\u00e9c\u00e9dents, ces v\u00e9rins int\u00e8grent une broche ferm\u00e9e et des joints con\u00e7us pour r\u00e9sister aux particules et \u00e0 l\u2019humidit\u00e9 pr\u00e9sentes dans l\u2019air comprim\u00e9. Leur polyvalence est renforc\u00e9e par une gamme \u00e9largie de diam\u00e8tres de broches et trois types de broches disponibles.<\/p>\n<p>La d\u00e9tection de position (ouverte\/ferm\u00e9e) s\u2019effectue via un interrupteur AC ou DC, prot\u00e9g\u00e9 contre les interf\u00e9rences de soudage et log\u00e9 dans un bo\u00eetier s\u00e9curis\u00e9. Les v\u00e9rins de la s\u00e9rie PLK conviennent aux applications de bridage en zones de soudage.<\/p>\n","protected":false},"excerpt":{"rendered":"<p>Les v\u00e9rins de serrage pneumatiques modulaires de la s\u00e9rie PLK offrent une force de serrage \u00e9lev\u00e9e dans un format compact. Ils sont souvent utilis\u00e9s comme effecteur terminal sur des bras robotis\u00e9s. Comme les mod\u00e8les pr\u00e9c\u00e9dents, ces v\u00e9rins int\u00e8grent une broche ferm\u00e9e et des joints con\u00e7us pour r\u00e9sister aux particules et \u00e0 l\u2019humidit\u00e9 pr\u00e9sentes dans l\u2019air [&hellip;]<\/p>\n","protected":false},"featured_media":15706,"comment_status":"closed","ping_status":"closed","template":"","meta":[],"product_brand":[1896,1277],"product_cat":[1014],"product_tag":[],"class_list":{"0":"post-15711","1":"product","2":"type-product","3":"status-publish","4":"has-post-thumbnail","6":"product_brand-clamps","7":"product_brand-phd","8":"product_cat-broche","10":"first","11":"instock","12":"shipping-taxable","13":"product-type-simple"},"yoast_head":"<!-- This site is optimized with the Yoast SEO plugin v27.3 - https:\/\/yoast.com\/product\/yoast-seo-wordpress\/ -->\n<title>Serie PLK v\u00e9rins de serrage 10mm tot 30mm, 991 N - LDA Belgique<\/title>\n<meta name=\"description\" content=\"v\u00e9rins de serrage modulaires PLK : v\u00e9rins de pr\u00e9cision avec broches de 12 mm \u00e0 30 mm et force de serrage jusqu\u2019\u00e0 991 N. Id\u00e9aux pour l\u2019usinage des m\u00e9taux et l\u2019automatisation.\" \/>\n<meta name=\"robots\" content=\"index, follow, max-snippet:-1, max-image-preview:large, max-video-preview:-1\" \/>\n<link rel=\"canonical\" href=\"https:\/\/lda.be\/fr\/produit\/serie-plk-verins-de-serrage-10mm-tot-30mm-991-n\/\" \/>\n<meta property=\"og:locale\" content=\"fr_FR\" \/>\n<meta property=\"og:type\" content=\"article\" \/>\n<meta property=\"og:title\" content=\"Serie PLK v\u00e9rins de serrage 10mm tot 30mm, 991 N - LDA Belgique\" \/>\n<meta property=\"og:description\" content=\"v\u00e9rins de serrage modulaires PLK : v\u00e9rins de pr\u00e9cision avec broches de 12 mm \u00e0 30 mm et force de serrage jusqu\u2019\u00e0 991 N. Id\u00e9aux pour l\u2019usinage des m\u00e9taux et l\u2019automatisation.\" \/>\n<meta property=\"og:url\" content=\"https:\/\/lda.be\/fr\/produit\/serie-plk-verins-de-serrage-10mm-tot-30mm-991-n\/\" \/>\n<meta property=\"og:site_name\" content=\"LDA Belgique\" \/>\n<meta property=\"article:modified_time\" content=\"2026-02-26T13:58:19+00:00\" \/>\n<meta property=\"og:image\" content=\"https:\/\/lda.be\/wp-content\/uploads\/2026\/02\/Serie-Pneumatische-modulaire-pin-klemmen.webp\" \/>\n\t<meta property=\"og:image:width\" content=\"1080\" \/>\n\t<meta property=\"og:image:height\" content=\"1080\" \/>\n\t<meta property=\"og:image:type\" content=\"image\/webp\" \/>\n<meta name=\"twitter:card\" content=\"summary_large_image\" \/>\n<meta name=\"twitter:label1\" content=\"Dur\u00e9e de lecture estim\u00e9e\" \/>\n\t<meta name=\"twitter:data1\" content=\"1 minute\" \/>\n<script type=\"application\/ld+json\" class=\"yoast-schema-graph\">{\"@context\":\"https:\\\/\\\/schema.org\",\"@graph\":[{\"@type\":\"WebPage\",\"@id\":\"https:\\\/\\\/lda.be\\\/fr\\\/produit\\\/serie-plk-verins-de-serrage-10mm-tot-30mm-991-n\\\/\",\"url\":\"https:\\\/\\\/lda.be\\\/fr\\\/produit\\\/serie-plk-verins-de-serrage-10mm-tot-30mm-991-n\\\/\",\"name\":\"Serie PLK v\u00e9rins de serrage 10mm tot 30mm, 991 N - LDA Belgique\",\"isPartOf\":{\"@id\":\"https:\\\/\\\/lda.be\\\/fr\\\/#website\"},\"primaryImageOfPage\":{\"@id\":\"https:\\\/\\\/lda.be\\\/fr\\\/produit\\\/serie-plk-verins-de-serrage-10mm-tot-30mm-991-n\\\/#primaryimage\"},\"image\":{\"@id\":\"https:\\\/\\\/lda.be\\\/fr\\\/produit\\\/serie-plk-verins-de-serrage-10mm-tot-30mm-991-n\\\/#primaryimage\"},\"thumbnailUrl\":\"https:\\\/\\\/lda.be\\\/wp-content\\\/uploads\\\/2026\\\/02\\\/Serie-Pneumatische-modulaire-pin-klemmen.webp\",\"datePublished\":\"2026-02-25T13:38:47+00:00\",\"dateModified\":\"2026-02-26T13:58:19+00:00\",\"description\":\"v\u00e9rins de serrage modulaires PLK : v\u00e9rins de pr\u00e9cision avec broches de 12 mm \u00e0 30 mm et force de serrage jusqu\u2019\u00e0 991 N. Id\u00e9aux pour l\u2019usinage des m\u00e9taux et l\u2019automatisation.\",\"breadcrumb\":{\"@id\":\"https:\\\/\\\/lda.be\\\/fr\\\/produit\\\/serie-plk-verins-de-serrage-10mm-tot-30mm-991-n\\\/#breadcrumb\"},\"inLanguage\":\"fr-FR\",\"potentialAction\":[{\"@type\":\"ReadAction\",\"target\":[\"https:\\\/\\\/lda.be\\\/fr\\\/produit\\\/serie-plk-verins-de-serrage-10mm-tot-30mm-991-n\\\/\"]}]},{\"@type\":\"ImageObject\",\"inLanguage\":\"fr-FR\",\"@id\":\"https:\\\/\\\/lda.be\\\/fr\\\/produit\\\/serie-plk-verins-de-serrage-10mm-tot-30mm-991-n\\\/#primaryimage\",\"url\":\"https:\\\/\\\/lda.be\\\/wp-content\\\/uploads\\\/2026\\\/02\\\/Serie-Pneumatische-modulaire-pin-klemmen.webp\",\"contentUrl\":\"https:\\\/\\\/lda.be\\\/wp-content\\\/uploads\\\/2026\\\/02\\\/Serie-Pneumatische-modulaire-pin-klemmen.webp\",\"width\":1080,\"height\":1080,\"caption\":\"Pneumatische modulaire pin klemmen\"},{\"@type\":\"BreadcrumbList\",\"@id\":\"https:\\\/\\\/lda.be\\\/fr\\\/produit\\\/serie-plk-verins-de-serrage-10mm-tot-30mm-991-n\\\/#breadcrumb\",\"itemListElement\":[{\"@type\":\"ListItem\",\"position\":1,\"name\":\"Accueil\",\"item\":\"https:\\\/\\\/lda.be\\\/fr\\\/\"},{\"@type\":\"ListItem\",\"position\":2,\"name\":\"Produits\",\"item\":\"https:\\\/\\\/lda.be\\\/fr\\\/produits\\\/\"},{\"@type\":\"ListItem\",\"position\":3,\"name\":\"Serie PLK v\u00e9rins de serrage 10mm tot 30mm, 991 N\"}]},{\"@type\":\"WebSite\",\"@id\":\"https:\\\/\\\/lda.be\\\/fr\\\/#website\",\"url\":\"https:\\\/\\\/lda.be\\\/fr\\\/\",\"name\":\"LDA Belgium\",\"description\":\"Solutions For Life\",\"publisher\":{\"@id\":\"https:\\\/\\\/lda.be\\\/fr\\\/#organization\"},\"potentialAction\":[{\"@type\":\"SearchAction\",\"target\":{\"@type\":\"EntryPoint\",\"urlTemplate\":\"https:\\\/\\\/lda.be\\\/fr\\\/?s={search_term_string}\"},\"query-input\":{\"@type\":\"PropertyValueSpecification\",\"valueRequired\":true,\"valueName\":\"search_term_string\"}}],\"inLanguage\":\"fr-FR\"},{\"@type\":\"Organization\",\"@id\":\"https:\\\/\\\/lda.be\\\/fr\\\/#organization\",\"name\":\"LDA Belgium\",\"url\":\"https:\\\/\\\/lda.be\\\/fr\\\/\",\"logo\":{\"@type\":\"ImageObject\",\"inLanguage\":\"fr-FR\",\"@id\":\"https:\\\/\\\/lda.be\\\/fr\\\/#\\\/schema\\\/logo\\\/image\\\/\",\"url\":\"https:\\\/\\\/lda.be\\\/wp-content\\\/uploads\\\/2022\\\/07\\\/Logo-LDA.webp\",\"contentUrl\":\"https:\\\/\\\/lda.be\\\/wp-content\\\/uploads\\\/2022\\\/07\\\/Logo-LDA.webp\",\"width\":311,\"height\":101,\"caption\":\"LDA Belgium\"},\"image\":{\"@id\":\"https:\\\/\\\/lda.be\\\/fr\\\/#\\\/schema\\\/logo\\\/image\\\/\"},\"sameAs\":[\"https:\\\/\\\/www.linkedin.com\\\/company\\\/lda-belgium-nv\"]}]}<\/script>\n<!-- \/ Yoast SEO plugin. -->","yoast_head_json":{"title":"Serie PLK v\u00e9rins de serrage 10mm tot 30mm, 991 N - LDA Belgique","description":"v\u00e9rins de serrage modulaires PLK : v\u00e9rins de pr\u00e9cision avec broches de 12 mm \u00e0 30 mm et force de serrage jusqu\u2019\u00e0 991 N. Id\u00e9aux pour l\u2019usinage des m\u00e9taux et l\u2019automatisation.","robots":{"index":"index","follow":"follow","max-snippet":"max-snippet:-1","max-image-preview":"max-image-preview:large","max-video-preview":"max-video-preview:-1"},"canonical":"https:\/\/lda.be\/fr\/produit\/serie-plk-verins-de-serrage-10mm-tot-30mm-991-n\/","og_locale":"fr_FR","og_type":"article","og_title":"Serie PLK v\u00e9rins de serrage 10mm tot 30mm, 991 N - LDA Belgique","og_description":"v\u00e9rins de serrage modulaires PLK : v\u00e9rins de pr\u00e9cision avec broches de 12 mm \u00e0 30 mm et force de serrage jusqu\u2019\u00e0 991 N. Id\u00e9aux pour l\u2019usinage des m\u00e9taux et l\u2019automatisation.","og_url":"https:\/\/lda.be\/fr\/produit\/serie-plk-verins-de-serrage-10mm-tot-30mm-991-n\/","og_site_name":"LDA Belgique","article_modified_time":"2026-02-26T13:58:19+00:00","og_image":[{"width":1080,"height":1080,"url":"https:\/\/lda.be\/wp-content\/uploads\/2026\/02\/Serie-Pneumatische-modulaire-pin-klemmen.webp","type":"image\/webp"}],"twitter_card":"summary_large_image","twitter_misc":{"Dur\u00e9e de lecture estim\u00e9e":"1 minute"},"schema":{"@context":"https:\/\/schema.org","@graph":[{"@type":"WebPage","@id":"https:\/\/lda.be\/fr\/produit\/serie-plk-verins-de-serrage-10mm-tot-30mm-991-n\/","url":"https:\/\/lda.be\/fr\/produit\/serie-plk-verins-de-serrage-10mm-tot-30mm-991-n\/","name":"Serie PLK v\u00e9rins de serrage 10mm tot 30mm, 991 N - LDA Belgique","isPartOf":{"@id":"https:\/\/lda.be\/fr\/#website"},"primaryImageOfPage":{"@id":"https:\/\/lda.be\/fr\/produit\/serie-plk-verins-de-serrage-10mm-tot-30mm-991-n\/#primaryimage"},"image":{"@id":"https:\/\/lda.be\/fr\/produit\/serie-plk-verins-de-serrage-10mm-tot-30mm-991-n\/#primaryimage"},"thumbnailUrl":"https:\/\/lda.be\/wp-content\/uploads\/2026\/02\/Serie-Pneumatische-modulaire-pin-klemmen.webp","datePublished":"2026-02-25T13:38:47+00:00","dateModified":"2026-02-26T13:58:19+00:00","description":"v\u00e9rins de serrage modulaires PLK : v\u00e9rins de pr\u00e9cision avec broches de 12 mm \u00e0 30 mm et force de serrage jusqu\u2019\u00e0 991 N. Id\u00e9aux pour l\u2019usinage des m\u00e9taux et l\u2019automatisation.","breadcrumb":{"@id":"https:\/\/lda.be\/fr\/produit\/serie-plk-verins-de-serrage-10mm-tot-30mm-991-n\/#breadcrumb"},"inLanguage":"fr-FR","potentialAction":[{"@type":"ReadAction","target":["https:\/\/lda.be\/fr\/produit\/serie-plk-verins-de-serrage-10mm-tot-30mm-991-n\/"]}]},{"@type":"ImageObject","inLanguage":"fr-FR","@id":"https:\/\/lda.be\/fr\/produit\/serie-plk-verins-de-serrage-10mm-tot-30mm-991-n\/#primaryimage","url":"https:\/\/lda.be\/wp-content\/uploads\/2026\/02\/Serie-Pneumatische-modulaire-pin-klemmen.webp","contentUrl":"https:\/\/lda.be\/wp-content\/uploads\/2026\/02\/Serie-Pneumatische-modulaire-pin-klemmen.webp","width":1080,"height":1080,"caption":"Pneumatische modulaire pin klemmen"},{"@type":"BreadcrumbList","@id":"https:\/\/lda.be\/fr\/produit\/serie-plk-verins-de-serrage-10mm-tot-30mm-991-n\/#breadcrumb","itemListElement":[{"@type":"ListItem","position":1,"name":"Accueil","item":"https:\/\/lda.be\/fr\/"},{"@type":"ListItem","position":2,"name":"Produits","item":"https:\/\/lda.be\/fr\/produits\/"},{"@type":"ListItem","position":3,"name":"Serie PLK v\u00e9rins de serrage 10mm tot 30mm, 991 N"}]},{"@type":"WebSite","@id":"https:\/\/lda.be\/fr\/#website","url":"https:\/\/lda.be\/fr\/","name":"LDA Belgium","description":"Solutions For Life","publisher":{"@id":"https:\/\/lda.be\/fr\/#organization"},"potentialAction":[{"@type":"SearchAction","target":{"@type":"EntryPoint","urlTemplate":"https:\/\/lda.be\/fr\/?s={search_term_string}"},"query-input":{"@type":"PropertyValueSpecification","valueRequired":true,"valueName":"search_term_string"}}],"inLanguage":"fr-FR"},{"@type":"Organization","@id":"https:\/\/lda.be\/fr\/#organization","name":"LDA Belgium","url":"https:\/\/lda.be\/fr\/","logo":{"@type":"ImageObject","inLanguage":"fr-FR","@id":"https:\/\/lda.be\/fr\/#\/schema\/logo\/image\/","url":"https:\/\/lda.be\/wp-content\/uploads\/2022\/07\/Logo-LDA.webp","contentUrl":"https:\/\/lda.be\/wp-content\/uploads\/2022\/07\/Logo-LDA.webp","width":311,"height":101,"caption":"LDA Belgium"},"image":{"@id":"https:\/\/lda.be\/fr\/#\/schema\/logo\/image\/"},"sameAs":["https:\/\/www.linkedin.com\/company\/lda-belgium-nv"]}]}},"_links":{"self":[{"href":"https:\/\/lda.be\/fr\/wp-json\/wp\/v2\/product\/15711","targetHints":{"allow":["GET"]}}],"collection":[{"href":"https:\/\/lda.be\/fr\/wp-json\/wp\/v2\/product"}],"about":[{"href":"https:\/\/lda.be\/fr\/wp-json\/wp\/v2\/types\/product"}],"replies":[{"embeddable":true,"href":"https:\/\/lda.be\/fr\/wp-json\/wp\/v2\/comments?post=15711"}],"wp:featuredmedia":[{"embeddable":true,"href":"https:\/\/lda.be\/fr\/wp-json\/wp\/v2\/media\/15706"}],"wp:attachment":[{"href":"https:\/\/lda.be\/fr\/wp-json\/wp\/v2\/media?parent=15711"}],"wp:term":[{"taxonomy":"product_brand","embeddable":true,"href":"https:\/\/lda.be\/fr\/wp-json\/wp\/v2\/product_brand?post=15711"},{"taxonomy":"product_cat","embeddable":true,"href":"https:\/\/lda.be\/fr\/wp-json\/wp\/v2\/product_cat?post=15711"},{"taxonomy":"product_tag","embeddable":true,"href":"https:\/\/lda.be\/fr\/wp-json\/wp\/v2\/product_tag?post=15711"}],"curies":[{"name":"wp","href":"https:\/\/api.w.org\/{rel}","templated":true}]}}