{"id":15723,"date":"2026-02-25T15:39:11","date_gmt":"2026-02-25T14:39:11","guid":{"rendered":"https:\/\/lda.be\/?post_type=product&#038;p=15723"},"modified":"2026-02-26T14:48:21","modified_gmt":"2026-02-26T13:48:21","slug":"plc-verins-de-serrage-a-broches-pneumatiques-robustes","status":"publish","type":"product","link":"https:\/\/lda.be\/fr\/produit\/plc-verins-de-serrage-a-broches-pneumatiques-robustes\/","title":{"rendered":"PLC v\u00e9rins de serrage \u00e0 broches pneumatiques robustes"},"content":{"rendered":"<p>Les v\u00e9rins de serrage<strong>\u00a0robustes PLC \u00e0 broche<\/strong> sont con\u00e7us pour les applications industrielles lourdes o\u00f9 la <strong>fiabilit\u00e9<\/strong> et une <strong>force de serrage \u00e9lev\u00e9e<\/strong> sont requises. Ces v\u00e9rins offrent un <strong>design enti\u00e8rement enferm\u00e9<\/strong> et sont disponibles en <strong>deux tailles<\/strong> avec <strong>six diam\u00e8tres de broche<\/strong> et <strong>deux styles de broche<\/strong>. La <strong>course de serrage de 12,5 mm<\/strong> permet un r\u00e9glage facile de la hauteur du support de pi\u00e8ce avec des cales NAAMS. Les v\u00e9rins sont \u00e9quip\u00e9s d\u2019un <strong>d\u00e9verrouillage manuel standard<\/strong> et d\u2019une <strong>d\u00e9tection de position<\/strong> pour les \u00e9tats ouvert et ferm\u00e9, utilisant des commutateurs AC ou DC standard r\u00e9sistants aux champs de soudage.<\/p>\n","protected":false},"excerpt":{"rendered":"<p>Les v\u00e9rins de serrage\u00a0robustes PLC \u00e0 broche sont con\u00e7us pour les applications industrielles lourdes o\u00f9 la fiabilit\u00e9 et une force de serrage \u00e9lev\u00e9e sont requises. Ces v\u00e9rins offrent un design enti\u00e8rement enferm\u00e9 et sont disponibles en deux tailles avec six diam\u00e8tres de broche et deux styles de broche. La course de serrage de 12,5 mm [&hellip;]<\/p>\n","protected":false},"featured_media":15716,"comment_status":"closed","ping_status":"closed","template":"","meta":[],"product_brand":[1896,1277],"product_cat":[1014],"product_tag":[],"class_list":{"0":"post-15723","1":"product","2":"type-product","3":"status-publish","4":"has-post-thumbnail","6":"product_brand-clamps","7":"product_brand-phd","8":"product_cat-broche","10":"first","11":"instock","12":"shipping-taxable","13":"product-type-simple"},"yoast_head":"<!-- This site is optimized with the Yoast SEO plugin v27.3 - https:\/\/yoast.com\/product\/yoast-seo-wordpress\/ -->\n<title>PLC v\u00e9rins de serrage \u00e0 broches pneumatiques robustes - LDA Belgique<\/title>\n<meta name=\"description\" content=\"v\u00e9rins de serrage robustes PLC : v\u00e9rins avec une force de serrage jusqu\u2019\u00e0 1.684 N et un design enti\u00e8rement enferm\u00e9. Adapt\u00e9s aux applications industrielles lourdes et \u00e0 l\u2019automatisation.\" \/>\n<meta name=\"robots\" content=\"index, follow, max-snippet:-1, max-image-preview:large, max-video-preview:-1\" \/>\n<link rel=\"canonical\" href=\"https:\/\/lda.be\/fr\/produit\/plc-verins-de-serrage-a-broches-pneumatiques-robustes\/\" \/>\n<meta property=\"og:locale\" content=\"fr_FR\" \/>\n<meta property=\"og:type\" content=\"article\" \/>\n<meta property=\"og:title\" content=\"PLC v\u00e9rins de serrage \u00e0 broches pneumatiques robustes - LDA Belgique\" \/>\n<meta property=\"og:description\" content=\"v\u00e9rins de serrage robustes PLC : v\u00e9rins avec une force de serrage jusqu\u2019\u00e0 1.684 N et un design enti\u00e8rement enferm\u00e9. Adapt\u00e9s aux applications industrielles lourdes et \u00e0 l\u2019automatisation.\" \/>\n<meta property=\"og:url\" content=\"https:\/\/lda.be\/fr\/produit\/plc-verins-de-serrage-a-broches-pneumatiques-robustes\/\" \/>\n<meta property=\"og:site_name\" content=\"LDA Belgique\" \/>\n<meta property=\"article:modified_time\" content=\"2026-02-26T13:48:21+00:00\" \/>\n<meta property=\"og:image\" content=\"https:\/\/lda.be\/wp-content\/uploads\/2026\/02\/Serie-PLC-robuust-pneumatische-pin-klemmen.webp\" \/>\n\t<meta property=\"og:image:width\" content=\"1080\" \/>\n\t<meta property=\"og:image:height\" content=\"1080\" \/>\n\t<meta property=\"og:image:type\" content=\"image\/webp\" \/>\n<meta name=\"twitter:card\" content=\"summary_large_image\" \/>\n<meta name=\"twitter:label1\" content=\"Dur\u00e9e de lecture estim\u00e9e\" \/>\n\t<meta name=\"twitter:data1\" content=\"1 minute\" \/>\n<script type=\"application\/ld+json\" class=\"yoast-schema-graph\">{\"@context\":\"https:\\\/\\\/schema.org\",\"@graph\":[{\"@type\":\"WebPage\",\"@id\":\"https:\\\/\\\/lda.be\\\/fr\\\/produit\\\/plc-verins-de-serrage-a-broches-pneumatiques-robustes\\\/\",\"url\":\"https:\\\/\\\/lda.be\\\/fr\\\/produit\\\/plc-verins-de-serrage-a-broches-pneumatiques-robustes\\\/\",\"name\":\"PLC v\u00e9rins de serrage \u00e0 broches pneumatiques robustes - LDA Belgique\",\"isPartOf\":{\"@id\":\"https:\\\/\\\/lda.be\\\/fr\\\/#website\"},\"primaryImageOfPage\":{\"@id\":\"https:\\\/\\\/lda.be\\\/fr\\\/produit\\\/plc-verins-de-serrage-a-broches-pneumatiques-robustes\\\/#primaryimage\"},\"image\":{\"@id\":\"https:\\\/\\\/lda.be\\\/fr\\\/produit\\\/plc-verins-de-serrage-a-broches-pneumatiques-robustes\\\/#primaryimage\"},\"thumbnailUrl\":\"https:\\\/\\\/lda.be\\\/wp-content\\\/uploads\\\/2026\\\/02\\\/Serie-PLC-robuust-pneumatische-pin-klemmen.webp\",\"datePublished\":\"2026-02-25T14:39:11+00:00\",\"dateModified\":\"2026-02-26T13:48:21+00:00\",\"description\":\"v\u00e9rins de serrage robustes PLC : v\u00e9rins avec une force de serrage jusqu\u2019\u00e0 1.684 N et un design enti\u00e8rement enferm\u00e9. Adapt\u00e9s aux applications industrielles lourdes et \u00e0 l\u2019automatisation.\",\"breadcrumb\":{\"@id\":\"https:\\\/\\\/lda.be\\\/fr\\\/produit\\\/plc-verins-de-serrage-a-broches-pneumatiques-robustes\\\/#breadcrumb\"},\"inLanguage\":\"fr-FR\",\"potentialAction\":[{\"@type\":\"ReadAction\",\"target\":[\"https:\\\/\\\/lda.be\\\/fr\\\/produit\\\/plc-verins-de-serrage-a-broches-pneumatiques-robustes\\\/\"]}]},{\"@type\":\"ImageObject\",\"inLanguage\":\"fr-FR\",\"@id\":\"https:\\\/\\\/lda.be\\\/fr\\\/produit\\\/plc-verins-de-serrage-a-broches-pneumatiques-robustes\\\/#primaryimage\",\"url\":\"https:\\\/\\\/lda.be\\\/wp-content\\\/uploads\\\/2026\\\/02\\\/Serie-PLC-robuust-pneumatische-pin-klemmen.webp\",\"contentUrl\":\"https:\\\/\\\/lda.be\\\/wp-content\\\/uploads\\\/2026\\\/02\\\/Serie-PLC-robuust-pneumatische-pin-klemmen.webp\",\"width\":1080,\"height\":1080,\"caption\":\"Serie PLC robuust pneumatische pin klemmen\"},{\"@type\":\"BreadcrumbList\",\"@id\":\"https:\\\/\\\/lda.be\\\/fr\\\/produit\\\/plc-verins-de-serrage-a-broches-pneumatiques-robustes\\\/#breadcrumb\",\"itemListElement\":[{\"@type\":\"ListItem\",\"position\":1,\"name\":\"Accueil\",\"item\":\"https:\\\/\\\/lda.be\\\/fr\\\/\"},{\"@type\":\"ListItem\",\"position\":2,\"name\":\"Produits\",\"item\":\"https:\\\/\\\/lda.be\\\/fr\\\/produits\\\/\"},{\"@type\":\"ListItem\",\"position\":3,\"name\":\"PLC v\u00e9rins de serrage \u00e0 broches pneumatiques robustes\"}]},{\"@type\":\"WebSite\",\"@id\":\"https:\\\/\\\/lda.be\\\/fr\\\/#website\",\"url\":\"https:\\\/\\\/lda.be\\\/fr\\\/\",\"name\":\"LDA Belgium\",\"description\":\"Solutions For Life\",\"publisher\":{\"@id\":\"https:\\\/\\\/lda.be\\\/fr\\\/#organization\"},\"potentialAction\":[{\"@type\":\"SearchAction\",\"target\":{\"@type\":\"EntryPoint\",\"urlTemplate\":\"https:\\\/\\\/lda.be\\\/fr\\\/?s={search_term_string}\"},\"query-input\":{\"@type\":\"PropertyValueSpecification\",\"valueRequired\":true,\"valueName\":\"search_term_string\"}}],\"inLanguage\":\"fr-FR\"},{\"@type\":\"Organization\",\"@id\":\"https:\\\/\\\/lda.be\\\/fr\\\/#organization\",\"name\":\"LDA Belgium\",\"url\":\"https:\\\/\\\/lda.be\\\/fr\\\/\",\"logo\":{\"@type\":\"ImageObject\",\"inLanguage\":\"fr-FR\",\"@id\":\"https:\\\/\\\/lda.be\\\/fr\\\/#\\\/schema\\\/logo\\\/image\\\/\",\"url\":\"https:\\\/\\\/lda.be\\\/wp-content\\\/uploads\\\/2022\\\/07\\\/Logo-LDA.webp\",\"contentUrl\":\"https:\\\/\\\/lda.be\\\/wp-content\\\/uploads\\\/2022\\\/07\\\/Logo-LDA.webp\",\"width\":311,\"height\":101,\"caption\":\"LDA Belgium\"},\"image\":{\"@id\":\"https:\\\/\\\/lda.be\\\/fr\\\/#\\\/schema\\\/logo\\\/image\\\/\"},\"sameAs\":[\"https:\\\/\\\/www.linkedin.com\\\/company\\\/lda-belgium-nv\"]}]}<\/script>\n<!-- \/ Yoast SEO plugin. -->","yoast_head_json":{"title":"PLC v\u00e9rins de serrage \u00e0 broches pneumatiques robustes - LDA Belgique","description":"v\u00e9rins de serrage robustes PLC : v\u00e9rins avec une force de serrage jusqu\u2019\u00e0 1.684 N et un design enti\u00e8rement enferm\u00e9. Adapt\u00e9s aux applications industrielles lourdes et \u00e0 l\u2019automatisation.","robots":{"index":"index","follow":"follow","max-snippet":"max-snippet:-1","max-image-preview":"max-image-preview:large","max-video-preview":"max-video-preview:-1"},"canonical":"https:\/\/lda.be\/fr\/produit\/plc-verins-de-serrage-a-broches-pneumatiques-robustes\/","og_locale":"fr_FR","og_type":"article","og_title":"PLC v\u00e9rins de serrage \u00e0 broches pneumatiques robustes - LDA Belgique","og_description":"v\u00e9rins de serrage robustes PLC : v\u00e9rins avec une force de serrage jusqu\u2019\u00e0 1.684 N et un design enti\u00e8rement enferm\u00e9. Adapt\u00e9s aux applications industrielles lourdes et \u00e0 l\u2019automatisation.","og_url":"https:\/\/lda.be\/fr\/produit\/plc-verins-de-serrage-a-broches-pneumatiques-robustes\/","og_site_name":"LDA Belgique","article_modified_time":"2026-02-26T13:48:21+00:00","og_image":[{"width":1080,"height":1080,"url":"https:\/\/lda.be\/wp-content\/uploads\/2026\/02\/Serie-PLC-robuust-pneumatische-pin-klemmen.webp","type":"image\/webp"}],"twitter_card":"summary_large_image","twitter_misc":{"Dur\u00e9e de lecture estim\u00e9e":"1 minute"},"schema":{"@context":"https:\/\/schema.org","@graph":[{"@type":"WebPage","@id":"https:\/\/lda.be\/fr\/produit\/plc-verins-de-serrage-a-broches-pneumatiques-robustes\/","url":"https:\/\/lda.be\/fr\/produit\/plc-verins-de-serrage-a-broches-pneumatiques-robustes\/","name":"PLC v\u00e9rins de serrage \u00e0 broches pneumatiques robustes - LDA Belgique","isPartOf":{"@id":"https:\/\/lda.be\/fr\/#website"},"primaryImageOfPage":{"@id":"https:\/\/lda.be\/fr\/produit\/plc-verins-de-serrage-a-broches-pneumatiques-robustes\/#primaryimage"},"image":{"@id":"https:\/\/lda.be\/fr\/produit\/plc-verins-de-serrage-a-broches-pneumatiques-robustes\/#primaryimage"},"thumbnailUrl":"https:\/\/lda.be\/wp-content\/uploads\/2026\/02\/Serie-PLC-robuust-pneumatische-pin-klemmen.webp","datePublished":"2026-02-25T14:39:11+00:00","dateModified":"2026-02-26T13:48:21+00:00","description":"v\u00e9rins de serrage robustes PLC : v\u00e9rins avec une force de serrage jusqu\u2019\u00e0 1.684 N et un design enti\u00e8rement enferm\u00e9. Adapt\u00e9s aux applications industrielles lourdes et \u00e0 l\u2019automatisation.","breadcrumb":{"@id":"https:\/\/lda.be\/fr\/produit\/plc-verins-de-serrage-a-broches-pneumatiques-robustes\/#breadcrumb"},"inLanguage":"fr-FR","potentialAction":[{"@type":"ReadAction","target":["https:\/\/lda.be\/fr\/produit\/plc-verins-de-serrage-a-broches-pneumatiques-robustes\/"]}]},{"@type":"ImageObject","inLanguage":"fr-FR","@id":"https:\/\/lda.be\/fr\/produit\/plc-verins-de-serrage-a-broches-pneumatiques-robustes\/#primaryimage","url":"https:\/\/lda.be\/wp-content\/uploads\/2026\/02\/Serie-PLC-robuust-pneumatische-pin-klemmen.webp","contentUrl":"https:\/\/lda.be\/wp-content\/uploads\/2026\/02\/Serie-PLC-robuust-pneumatische-pin-klemmen.webp","width":1080,"height":1080,"caption":"Serie PLC robuust pneumatische pin klemmen"},{"@type":"BreadcrumbList","@id":"https:\/\/lda.be\/fr\/produit\/plc-verins-de-serrage-a-broches-pneumatiques-robustes\/#breadcrumb","itemListElement":[{"@type":"ListItem","position":1,"name":"Accueil","item":"https:\/\/lda.be\/fr\/"},{"@type":"ListItem","position":2,"name":"Produits","item":"https:\/\/lda.be\/fr\/produits\/"},{"@type":"ListItem","position":3,"name":"PLC v\u00e9rins de serrage \u00e0 broches pneumatiques robustes"}]},{"@type":"WebSite","@id":"https:\/\/lda.be\/fr\/#website","url":"https:\/\/lda.be\/fr\/","name":"LDA Belgium","description":"Solutions For Life","publisher":{"@id":"https:\/\/lda.be\/fr\/#organization"},"potentialAction":[{"@type":"SearchAction","target":{"@type":"EntryPoint","urlTemplate":"https:\/\/lda.be\/fr\/?s={search_term_string}"},"query-input":{"@type":"PropertyValueSpecification","valueRequired":true,"valueName":"search_term_string"}}],"inLanguage":"fr-FR"},{"@type":"Organization","@id":"https:\/\/lda.be\/fr\/#organization","name":"LDA Belgium","url":"https:\/\/lda.be\/fr\/","logo":{"@type":"ImageObject","inLanguage":"fr-FR","@id":"https:\/\/lda.be\/fr\/#\/schema\/logo\/image\/","url":"https:\/\/lda.be\/wp-content\/uploads\/2022\/07\/Logo-LDA.webp","contentUrl":"https:\/\/lda.be\/wp-content\/uploads\/2022\/07\/Logo-LDA.webp","width":311,"height":101,"caption":"LDA Belgium"},"image":{"@id":"https:\/\/lda.be\/fr\/#\/schema\/logo\/image\/"},"sameAs":["https:\/\/www.linkedin.com\/company\/lda-belgium-nv"]}]}},"_links":{"self":[{"href":"https:\/\/lda.be\/fr\/wp-json\/wp\/v2\/product\/15723","targetHints":{"allow":["GET"]}}],"collection":[{"href":"https:\/\/lda.be\/fr\/wp-json\/wp\/v2\/product"}],"about":[{"href":"https:\/\/lda.be\/fr\/wp-json\/wp\/v2\/types\/product"}],"replies":[{"embeddable":true,"href":"https:\/\/lda.be\/fr\/wp-json\/wp\/v2\/comments?post=15723"}],"wp:featuredmedia":[{"embeddable":true,"href":"https:\/\/lda.be\/fr\/wp-json\/wp\/v2\/media\/15716"}],"wp:attachment":[{"href":"https:\/\/lda.be\/fr\/wp-json\/wp\/v2\/media?parent=15723"}],"wp:term":[{"taxonomy":"product_brand","embeddable":true,"href":"https:\/\/lda.be\/fr\/wp-json\/wp\/v2\/product_brand?post=15723"},{"taxonomy":"product_cat","embeddable":true,"href":"https:\/\/lda.be\/fr\/wp-json\/wp\/v2\/product_cat?post=15723"},{"taxonomy":"product_tag","embeddable":true,"href":"https:\/\/lda.be\/fr\/wp-json\/wp\/v2\/product_tag?post=15723"}],"curies":[{"name":"wp","href":"https:\/\/api.w.org\/{rel}","templated":true}]}}