{"id":15739,"date":"2026-02-26T15:35:08","date_gmt":"2026-02-26T14:35:08","guid":{"rendered":"https:\/\/lda.be\/?post_type=product&#038;p=15739"},"modified":"2026-02-26T15:48:09","modified_gmt":"2026-02-26T14:48:09","slug":"serie-pa-pneumatiques-verins-de-serrage-pivotant","status":"publish","type":"product","link":"https:\/\/lda.be\/fr\/produit\/serie-pa-pneumatiques-verins-de-serrage-pivotant\/","title":{"rendered":"S\u00e9rie PA pneumatiques v\u00e9rins de serrage pivotant"},"content":{"rendered":"<p>Les <strong>pneumatiques<\/strong> <strong>v\u00e9rins de serrage pivotant PA<\/strong> sont con\u00e7us pour les applications n\u00e9cessitant <strong>compacit\u00e9<\/strong>, <strong>poids l\u00e9ger<\/strong> et <strong>force de serrage \u00e9lev\u00e9e<\/strong>. Ces v\u00e9rins sont id\u00e9aux pour le maintien de pi\u00e8ces ou les syst\u00e8mes de transfert et sont disponibles en <strong>cinq tailles<\/strong>. Leur conception simple et durable assure une longue dur\u00e9e de vie et un entretien rapide. Les v\u00e9rins offrent des <strong>motifs de montage sur trois surfaces<\/strong> et sont disponibles en versions <strong>gauche et droite<\/strong>. Les options incluent la <strong>d\u00e9tection de position<\/strong> et <strong>diff\u00e9rentes configurations de bras et de broches<\/strong> pour des applications flexibles.<\/p>\n","protected":false},"excerpt":{"rendered":"<p>Les pneumatiques v\u00e9rins de serrage pivotant PA sont con\u00e7us pour les applications n\u00e9cessitant compacit\u00e9, poids l\u00e9ger et force de serrage \u00e9lev\u00e9e. Ces v\u00e9rins sont id\u00e9aux pour le maintien de pi\u00e8ces ou les syst\u00e8mes de transfert et sont disponibles en cinq tailles. Leur conception simple et durable assure une longue dur\u00e9e de vie et un entretien [&hellip;]<\/p>\n","protected":false},"featured_media":15737,"comment_status":"closed","ping_status":"closed","template":"","meta":[],"product_brand":[1896,1277],"product_cat":[1036],"product_tag":[],"class_list":{"0":"post-15739","1":"product","2":"type-product","3":"status-publish","4":"has-post-thumbnail","6":"product_brand-clamps","7":"product_brand-phd","8":"product_cat-verins-de-serrage-pivotantes","10":"first","11":"instock","12":"shipping-taxable","13":"product-type-simple"},"yoast_head":"<!-- This site is optimized with the Yoast SEO plugin v27.3 - https:\/\/yoast.com\/product\/yoast-seo-wordpress\/ -->\n<title>S\u00e9rie PA pneumatiques v\u00e9rins de serrage pivotant - LDA Belgique<\/title>\n<meta name=\"description\" content=\"V\u00e9rins de serrage pivotant pneumatiques PA : v\u00e9rins en cinq tailles pour le maintien et le transfert de pi\u00e8ces. Adapt\u00e9s \u00e0 l\u2019automatisation industrielle.\" \/>\n<meta name=\"robots\" content=\"index, follow, max-snippet:-1, max-image-preview:large, max-video-preview:-1\" \/>\n<link rel=\"canonical\" href=\"https:\/\/lda.be\/fr\/produit\/serie-pa-pneumatiques-verins-de-serrage-pivotant\/\" \/>\n<meta property=\"og:locale\" content=\"fr_FR\" \/>\n<meta property=\"og:type\" content=\"article\" \/>\n<meta property=\"og:title\" content=\"S\u00e9rie PA pneumatiques v\u00e9rins de serrage pivotant - LDA Belgique\" \/>\n<meta property=\"og:description\" content=\"V\u00e9rins de serrage pivotant pneumatiques PA : v\u00e9rins en cinq tailles pour le maintien et le transfert de pi\u00e8ces. Adapt\u00e9s \u00e0 l\u2019automatisation industrielle.\" \/>\n<meta property=\"og:url\" content=\"https:\/\/lda.be\/fr\/produit\/serie-pa-pneumatiques-verins-de-serrage-pivotant\/\" \/>\n<meta property=\"og:site_name\" content=\"LDA Belgique\" \/>\n<meta property=\"article:modified_time\" content=\"2026-02-26T14:48:09+00:00\" \/>\n<meta property=\"og:image\" content=\"https:\/\/lda.be\/wp-content\/uploads\/2026\/02\/Pneumatische-zwenkklemmen.webp\" \/>\n\t<meta property=\"og:image:width\" content=\"1080\" \/>\n\t<meta property=\"og:image:height\" content=\"1080\" \/>\n\t<meta property=\"og:image:type\" content=\"image\/webp\" \/>\n<meta name=\"twitter:card\" content=\"summary_large_image\" \/>\n<meta name=\"twitter:label1\" content=\"Dur\u00e9e de lecture estim\u00e9e\" \/>\n\t<meta name=\"twitter:data1\" content=\"1 minute\" \/>\n<script type=\"application\/ld+json\" class=\"yoast-schema-graph\">{\"@context\":\"https:\\\/\\\/schema.org\",\"@graph\":[{\"@type\":\"WebPage\",\"@id\":\"https:\\\/\\\/lda.be\\\/fr\\\/produit\\\/serie-pa-pneumatiques-verins-de-serrage-pivotant\\\/\",\"url\":\"https:\\\/\\\/lda.be\\\/fr\\\/produit\\\/serie-pa-pneumatiques-verins-de-serrage-pivotant\\\/\",\"name\":\"S\u00e9rie PA pneumatiques v\u00e9rins de serrage pivotant - LDA Belgique\",\"isPartOf\":{\"@id\":\"https:\\\/\\\/lda.be\\\/fr\\\/#website\"},\"primaryImageOfPage\":{\"@id\":\"https:\\\/\\\/lda.be\\\/fr\\\/produit\\\/serie-pa-pneumatiques-verins-de-serrage-pivotant\\\/#primaryimage\"},\"image\":{\"@id\":\"https:\\\/\\\/lda.be\\\/fr\\\/produit\\\/serie-pa-pneumatiques-verins-de-serrage-pivotant\\\/#primaryimage\"},\"thumbnailUrl\":\"https:\\\/\\\/lda.be\\\/wp-content\\\/uploads\\\/2026\\\/02\\\/Pneumatische-zwenkklemmen.webp\",\"datePublished\":\"2026-02-26T14:35:08+00:00\",\"dateModified\":\"2026-02-26T14:48:09+00:00\",\"description\":\"V\u00e9rins de serrage pivotant pneumatiques PA : v\u00e9rins en cinq tailles pour le maintien et le transfert de pi\u00e8ces. Adapt\u00e9s \u00e0 l\u2019automatisation industrielle.\",\"breadcrumb\":{\"@id\":\"https:\\\/\\\/lda.be\\\/fr\\\/produit\\\/serie-pa-pneumatiques-verins-de-serrage-pivotant\\\/#breadcrumb\"},\"inLanguage\":\"fr-FR\",\"potentialAction\":[{\"@type\":\"ReadAction\",\"target\":[\"https:\\\/\\\/lda.be\\\/fr\\\/produit\\\/serie-pa-pneumatiques-verins-de-serrage-pivotant\\\/\"]}]},{\"@type\":\"ImageObject\",\"inLanguage\":\"fr-FR\",\"@id\":\"https:\\\/\\\/lda.be\\\/fr\\\/produit\\\/serie-pa-pneumatiques-verins-de-serrage-pivotant\\\/#primaryimage\",\"url\":\"https:\\\/\\\/lda.be\\\/wp-content\\\/uploads\\\/2026\\\/02\\\/Pneumatische-zwenkklemmen.webp\",\"contentUrl\":\"https:\\\/\\\/lda.be\\\/wp-content\\\/uploads\\\/2026\\\/02\\\/Pneumatische-zwenkklemmen.webp\",\"width\":1080,\"height\":1080,\"caption\":\"Pneumatische zwenkklemmen\"},{\"@type\":\"BreadcrumbList\",\"@id\":\"https:\\\/\\\/lda.be\\\/fr\\\/produit\\\/serie-pa-pneumatiques-verins-de-serrage-pivotant\\\/#breadcrumb\",\"itemListElement\":[{\"@type\":\"ListItem\",\"position\":1,\"name\":\"Accueil\",\"item\":\"https:\\\/\\\/lda.be\\\/fr\\\/\"},{\"@type\":\"ListItem\",\"position\":2,\"name\":\"Produits\",\"item\":\"https:\\\/\\\/lda.be\\\/fr\\\/produits\\\/\"},{\"@type\":\"ListItem\",\"position\":3,\"name\":\"S\u00e9rie PA pneumatiques v\u00e9rins de serrage pivotant\"}]},{\"@type\":\"WebSite\",\"@id\":\"https:\\\/\\\/lda.be\\\/fr\\\/#website\",\"url\":\"https:\\\/\\\/lda.be\\\/fr\\\/\",\"name\":\"LDA Belgium\",\"description\":\"Solutions For Life\",\"publisher\":{\"@id\":\"https:\\\/\\\/lda.be\\\/fr\\\/#organization\"},\"potentialAction\":[{\"@type\":\"SearchAction\",\"target\":{\"@type\":\"EntryPoint\",\"urlTemplate\":\"https:\\\/\\\/lda.be\\\/fr\\\/?s={search_term_string}\"},\"query-input\":{\"@type\":\"PropertyValueSpecification\",\"valueRequired\":true,\"valueName\":\"search_term_string\"}}],\"inLanguage\":\"fr-FR\"},{\"@type\":\"Organization\",\"@id\":\"https:\\\/\\\/lda.be\\\/fr\\\/#organization\",\"name\":\"LDA Belgium\",\"url\":\"https:\\\/\\\/lda.be\\\/fr\\\/\",\"logo\":{\"@type\":\"ImageObject\",\"inLanguage\":\"fr-FR\",\"@id\":\"https:\\\/\\\/lda.be\\\/fr\\\/#\\\/schema\\\/logo\\\/image\\\/\",\"url\":\"https:\\\/\\\/lda.be\\\/wp-content\\\/uploads\\\/2022\\\/07\\\/Logo-LDA.webp\",\"contentUrl\":\"https:\\\/\\\/lda.be\\\/wp-content\\\/uploads\\\/2022\\\/07\\\/Logo-LDA.webp\",\"width\":311,\"height\":101,\"caption\":\"LDA Belgium\"},\"image\":{\"@id\":\"https:\\\/\\\/lda.be\\\/fr\\\/#\\\/schema\\\/logo\\\/image\\\/\"},\"sameAs\":[\"https:\\\/\\\/www.linkedin.com\\\/company\\\/lda-belgium-nv\"]}]}<\/script>\n<!-- \/ Yoast SEO plugin. -->","yoast_head_json":{"title":"S\u00e9rie PA pneumatiques v\u00e9rins de serrage pivotant - LDA Belgique","description":"V\u00e9rins de serrage pivotant pneumatiques PA : v\u00e9rins en cinq tailles pour le maintien et le transfert de pi\u00e8ces. Adapt\u00e9s \u00e0 l\u2019automatisation industrielle.","robots":{"index":"index","follow":"follow","max-snippet":"max-snippet:-1","max-image-preview":"max-image-preview:large","max-video-preview":"max-video-preview:-1"},"canonical":"https:\/\/lda.be\/fr\/produit\/serie-pa-pneumatiques-verins-de-serrage-pivotant\/","og_locale":"fr_FR","og_type":"article","og_title":"S\u00e9rie PA pneumatiques v\u00e9rins de serrage pivotant - LDA Belgique","og_description":"V\u00e9rins de serrage pivotant pneumatiques PA : v\u00e9rins en cinq tailles pour le maintien et le transfert de pi\u00e8ces. Adapt\u00e9s \u00e0 l\u2019automatisation industrielle.","og_url":"https:\/\/lda.be\/fr\/produit\/serie-pa-pneumatiques-verins-de-serrage-pivotant\/","og_site_name":"LDA Belgique","article_modified_time":"2026-02-26T14:48:09+00:00","og_image":[{"width":1080,"height":1080,"url":"https:\/\/lda.be\/wp-content\/uploads\/2026\/02\/Pneumatische-zwenkklemmen.webp","type":"image\/webp"}],"twitter_card":"summary_large_image","twitter_misc":{"Dur\u00e9e de lecture estim\u00e9e":"1 minute"},"schema":{"@context":"https:\/\/schema.org","@graph":[{"@type":"WebPage","@id":"https:\/\/lda.be\/fr\/produit\/serie-pa-pneumatiques-verins-de-serrage-pivotant\/","url":"https:\/\/lda.be\/fr\/produit\/serie-pa-pneumatiques-verins-de-serrage-pivotant\/","name":"S\u00e9rie PA pneumatiques v\u00e9rins de serrage pivotant - LDA Belgique","isPartOf":{"@id":"https:\/\/lda.be\/fr\/#website"},"primaryImageOfPage":{"@id":"https:\/\/lda.be\/fr\/produit\/serie-pa-pneumatiques-verins-de-serrage-pivotant\/#primaryimage"},"image":{"@id":"https:\/\/lda.be\/fr\/produit\/serie-pa-pneumatiques-verins-de-serrage-pivotant\/#primaryimage"},"thumbnailUrl":"https:\/\/lda.be\/wp-content\/uploads\/2026\/02\/Pneumatische-zwenkklemmen.webp","datePublished":"2026-02-26T14:35:08+00:00","dateModified":"2026-02-26T14:48:09+00:00","description":"V\u00e9rins de serrage pivotant pneumatiques PA : v\u00e9rins en cinq tailles pour le maintien et le transfert de pi\u00e8ces. Adapt\u00e9s \u00e0 l\u2019automatisation industrielle.","breadcrumb":{"@id":"https:\/\/lda.be\/fr\/produit\/serie-pa-pneumatiques-verins-de-serrage-pivotant\/#breadcrumb"},"inLanguage":"fr-FR","potentialAction":[{"@type":"ReadAction","target":["https:\/\/lda.be\/fr\/produit\/serie-pa-pneumatiques-verins-de-serrage-pivotant\/"]}]},{"@type":"ImageObject","inLanguage":"fr-FR","@id":"https:\/\/lda.be\/fr\/produit\/serie-pa-pneumatiques-verins-de-serrage-pivotant\/#primaryimage","url":"https:\/\/lda.be\/wp-content\/uploads\/2026\/02\/Pneumatische-zwenkklemmen.webp","contentUrl":"https:\/\/lda.be\/wp-content\/uploads\/2026\/02\/Pneumatische-zwenkklemmen.webp","width":1080,"height":1080,"caption":"Pneumatische zwenkklemmen"},{"@type":"BreadcrumbList","@id":"https:\/\/lda.be\/fr\/produit\/serie-pa-pneumatiques-verins-de-serrage-pivotant\/#breadcrumb","itemListElement":[{"@type":"ListItem","position":1,"name":"Accueil","item":"https:\/\/lda.be\/fr\/"},{"@type":"ListItem","position":2,"name":"Produits","item":"https:\/\/lda.be\/fr\/produits\/"},{"@type":"ListItem","position":3,"name":"S\u00e9rie PA pneumatiques v\u00e9rins de serrage pivotant"}]},{"@type":"WebSite","@id":"https:\/\/lda.be\/fr\/#website","url":"https:\/\/lda.be\/fr\/","name":"LDA Belgium","description":"Solutions For Life","publisher":{"@id":"https:\/\/lda.be\/fr\/#organization"},"potentialAction":[{"@type":"SearchAction","target":{"@type":"EntryPoint","urlTemplate":"https:\/\/lda.be\/fr\/?s={search_term_string}"},"query-input":{"@type":"PropertyValueSpecification","valueRequired":true,"valueName":"search_term_string"}}],"inLanguage":"fr-FR"},{"@type":"Organization","@id":"https:\/\/lda.be\/fr\/#organization","name":"LDA Belgium","url":"https:\/\/lda.be\/fr\/","logo":{"@type":"ImageObject","inLanguage":"fr-FR","@id":"https:\/\/lda.be\/fr\/#\/schema\/logo\/image\/","url":"https:\/\/lda.be\/wp-content\/uploads\/2022\/07\/Logo-LDA.webp","contentUrl":"https:\/\/lda.be\/wp-content\/uploads\/2022\/07\/Logo-LDA.webp","width":311,"height":101,"caption":"LDA Belgium"},"image":{"@id":"https:\/\/lda.be\/fr\/#\/schema\/logo\/image\/"},"sameAs":["https:\/\/www.linkedin.com\/company\/lda-belgium-nv"]}]}},"_links":{"self":[{"href":"https:\/\/lda.be\/fr\/wp-json\/wp\/v2\/product\/15739","targetHints":{"allow":["GET"]}}],"collection":[{"href":"https:\/\/lda.be\/fr\/wp-json\/wp\/v2\/product"}],"about":[{"href":"https:\/\/lda.be\/fr\/wp-json\/wp\/v2\/types\/product"}],"replies":[{"embeddable":true,"href":"https:\/\/lda.be\/fr\/wp-json\/wp\/v2\/comments?post=15739"}],"wp:featuredmedia":[{"embeddable":true,"href":"https:\/\/lda.be\/fr\/wp-json\/wp\/v2\/media\/15737"}],"wp:attachment":[{"href":"https:\/\/lda.be\/fr\/wp-json\/wp\/v2\/media?parent=15739"}],"wp:term":[{"taxonomy":"product_brand","embeddable":true,"href":"https:\/\/lda.be\/fr\/wp-json\/wp\/v2\/product_brand?post=15739"},{"taxonomy":"product_cat","embeddable":true,"href":"https:\/\/lda.be\/fr\/wp-json\/wp\/v2\/product_cat?post=15739"},{"taxonomy":"product_tag","embeddable":true,"href":"https:\/\/lda.be\/fr\/wp-json\/wp\/v2\/product_tag?post=15739"}],"curies":[{"name":"wp","href":"https:\/\/api.w.org\/{rel}","templated":true}]}}