{"id":15749,"date":"2026-02-26T16:23:16","date_gmt":"2026-02-26T15:23:16","guid":{"rendered":"https:\/\/lda.be\/?post_type=product&#038;p=15749"},"modified":"2026-02-26T16:46:51","modified_gmt":"2026-02-26T15:46:51","slug":"serie-pb-verins-de-serrage-pivotante-pneumatique-polyvalente","status":"publish","type":"product","link":"https:\/\/lda.be\/fr\/produit\/serie-pb-verins-de-serrage-pivotante-pneumatique-polyvalente\/","title":{"rendered":"S\u00e9rie PB &#8211; v\u00e9rins de serrage pivotante pneumatique polyvalente"},"content":{"rendered":"<p>Les v\u00e9rins de serrage pivotant pneumatiques polyvalents \u00a0sont con\u00e7us pour les applications n\u00e9cessitant compacit\u00e9, poids l\u00e9ger et force de serrage \u00e9lev\u00e9e. Ces v\u00e9rins sont id\u00e9aux pour le maintien de pi\u00e8ces ou les syst\u00e8mes de transfert et sont disponibles en cinq tailles avec deux longueurs de course (courte et longue). Leur conception simple et durable assure une longue dur\u00e9e de vie et un entretien rapide. Les v\u00e9rins offrent des motifs de montage sur deux surfaces et sont disponibles en versions gauche et droite. Les options incluent un bras anti-jeu pour minimiser le jeu pendant le serrage et une d\u00e9tection de position pour une op\u00e9ration fiable.<\/p>\n","protected":false},"excerpt":{"rendered":"<p>Les v\u00e9rins de serrage pivotant pneumatiques polyvalents \u00a0sont con\u00e7us pour les applications n\u00e9cessitant compacit\u00e9, poids l\u00e9ger et force de serrage \u00e9lev\u00e9e. Ces v\u00e9rins sont id\u00e9aux pour le maintien de pi\u00e8ces ou les syst\u00e8mes de transfert et sont disponibles en cinq tailles avec deux longueurs de course (courte et longue). Leur conception simple et durable assure [&hellip;]<\/p>\n","protected":false},"featured_media":15741,"comment_status":"closed","ping_status":"closed","template":"","meta":[],"product_brand":[1896,1277],"product_cat":[1036],"product_tag":[],"class_list":{"0":"post-15749","1":"product","2":"type-product","3":"status-publish","4":"has-post-thumbnail","6":"product_brand-clamps","7":"product_brand-phd","8":"product_cat-verins-de-serrage-pivotantes","10":"first","11":"instock","12":"shipping-taxable","13":"product-type-simple"},"yoast_head":"<!-- This site is optimized with the Yoast SEO plugin v27.3 - https:\/\/yoast.com\/product\/yoast-seo-wordpress\/ -->\n<title>S\u00e9rie PB - v\u00e9rins de serrage pivotante pneumatique polyvalente - LDA Belgique<\/title>\n<meta name=\"description\" content=\"V\u00e9rins de serrage pneumatiques PB : v\u00e9rins compacts et l\u00e9gers en cinq tailles avec deux longueurs de course. Adapt\u00e9s au maintien de pi\u00e8ces et au transfert dans l\u2019automatisation industrielle.\" \/>\n<meta name=\"robots\" content=\"index, follow, max-snippet:-1, max-image-preview:large, max-video-preview:-1\" \/>\n<link rel=\"canonical\" href=\"https:\/\/lda.be\/fr\/produit\/serie-pb-verins-de-serrage-pivotante-pneumatique-polyvalente\/\" \/>\n<meta property=\"og:locale\" content=\"fr_FR\" \/>\n<meta property=\"og:type\" content=\"article\" \/>\n<meta property=\"og:title\" content=\"S\u00e9rie PB - v\u00e9rins de serrage pivotante pneumatique polyvalente - LDA Belgique\" \/>\n<meta property=\"og:description\" content=\"V\u00e9rins de serrage pneumatiques PB : v\u00e9rins compacts et l\u00e9gers en cinq tailles avec deux longueurs de course. Adapt\u00e9s au maintien de pi\u00e8ces et au transfert dans l\u2019automatisation industrielle.\" \/>\n<meta property=\"og:url\" content=\"https:\/\/lda.be\/fr\/produit\/serie-pb-verins-de-serrage-pivotante-pneumatique-polyvalente\/\" \/>\n<meta property=\"og:site_name\" content=\"LDA Belgique\" \/>\n<meta property=\"article:modified_time\" content=\"2026-02-26T15:46:51+00:00\" \/>\n<meta property=\"og:image\" content=\"https:\/\/lda.be\/wp-content\/uploads\/2026\/02\/Serie-PB-Veelzijdige-pneumatische-zwenkklem.webp\" \/>\n\t<meta property=\"og:image:width\" content=\"1080\" \/>\n\t<meta property=\"og:image:height\" content=\"1080\" \/>\n\t<meta property=\"og:image:type\" content=\"image\/webp\" \/>\n<meta name=\"twitter:card\" content=\"summary_large_image\" \/>\n<meta name=\"twitter:label1\" content=\"Dur\u00e9e de lecture estim\u00e9e\" \/>\n\t<meta name=\"twitter:data1\" content=\"1 minute\" \/>\n<script type=\"application\/ld+json\" class=\"yoast-schema-graph\">{\"@context\":\"https:\\\/\\\/schema.org\",\"@graph\":[{\"@type\":\"WebPage\",\"@id\":\"https:\\\/\\\/lda.be\\\/fr\\\/produit\\\/serie-pb-verins-de-serrage-pivotante-pneumatique-polyvalente\\\/\",\"url\":\"https:\\\/\\\/lda.be\\\/fr\\\/produit\\\/serie-pb-verins-de-serrage-pivotante-pneumatique-polyvalente\\\/\",\"name\":\"S\u00e9rie PB - v\u00e9rins de serrage pivotante pneumatique polyvalente - LDA Belgique\",\"isPartOf\":{\"@id\":\"https:\\\/\\\/lda.be\\\/fr\\\/#website\"},\"primaryImageOfPage\":{\"@id\":\"https:\\\/\\\/lda.be\\\/fr\\\/produit\\\/serie-pb-verins-de-serrage-pivotante-pneumatique-polyvalente\\\/#primaryimage\"},\"image\":{\"@id\":\"https:\\\/\\\/lda.be\\\/fr\\\/produit\\\/serie-pb-verins-de-serrage-pivotante-pneumatique-polyvalente\\\/#primaryimage\"},\"thumbnailUrl\":\"https:\\\/\\\/lda.be\\\/wp-content\\\/uploads\\\/2026\\\/02\\\/Serie-PB-Veelzijdige-pneumatische-zwenkklem.webp\",\"datePublished\":\"2026-02-26T15:23:16+00:00\",\"dateModified\":\"2026-02-26T15:46:51+00:00\",\"description\":\"V\u00e9rins de serrage pneumatiques PB : v\u00e9rins compacts et l\u00e9gers en cinq tailles avec deux longueurs de course. Adapt\u00e9s au maintien de pi\u00e8ces et au transfert dans l\u2019automatisation industrielle.\",\"breadcrumb\":{\"@id\":\"https:\\\/\\\/lda.be\\\/fr\\\/produit\\\/serie-pb-verins-de-serrage-pivotante-pneumatique-polyvalente\\\/#breadcrumb\"},\"inLanguage\":\"fr-FR\",\"potentialAction\":[{\"@type\":\"ReadAction\",\"target\":[\"https:\\\/\\\/lda.be\\\/fr\\\/produit\\\/serie-pb-verins-de-serrage-pivotante-pneumatique-polyvalente\\\/\"]}]},{\"@type\":\"ImageObject\",\"inLanguage\":\"fr-FR\",\"@id\":\"https:\\\/\\\/lda.be\\\/fr\\\/produit\\\/serie-pb-verins-de-serrage-pivotante-pneumatique-polyvalente\\\/#primaryimage\",\"url\":\"https:\\\/\\\/lda.be\\\/wp-content\\\/uploads\\\/2026\\\/02\\\/Serie-PB-Veelzijdige-pneumatische-zwenkklem.webp\",\"contentUrl\":\"https:\\\/\\\/lda.be\\\/wp-content\\\/uploads\\\/2026\\\/02\\\/Serie-PB-Veelzijdige-pneumatische-zwenkklem.webp\",\"width\":1080,\"height\":1080},{\"@type\":\"BreadcrumbList\",\"@id\":\"https:\\\/\\\/lda.be\\\/fr\\\/produit\\\/serie-pb-verins-de-serrage-pivotante-pneumatique-polyvalente\\\/#breadcrumb\",\"itemListElement\":[{\"@type\":\"ListItem\",\"position\":1,\"name\":\"Accueil\",\"item\":\"https:\\\/\\\/lda.be\\\/fr\\\/\"},{\"@type\":\"ListItem\",\"position\":2,\"name\":\"Produits\",\"item\":\"https:\\\/\\\/lda.be\\\/fr\\\/produits\\\/\"},{\"@type\":\"ListItem\",\"position\":3,\"name\":\"S\u00e9rie PB &#8211; v\u00e9rins de serrage pivotante pneumatique polyvalente\"}]},{\"@type\":\"WebSite\",\"@id\":\"https:\\\/\\\/lda.be\\\/fr\\\/#website\",\"url\":\"https:\\\/\\\/lda.be\\\/fr\\\/\",\"name\":\"LDA Belgium\",\"description\":\"Solutions For Life\",\"publisher\":{\"@id\":\"https:\\\/\\\/lda.be\\\/fr\\\/#organization\"},\"potentialAction\":[{\"@type\":\"SearchAction\",\"target\":{\"@type\":\"EntryPoint\",\"urlTemplate\":\"https:\\\/\\\/lda.be\\\/fr\\\/?s={search_term_string}\"},\"query-input\":{\"@type\":\"PropertyValueSpecification\",\"valueRequired\":true,\"valueName\":\"search_term_string\"}}],\"inLanguage\":\"fr-FR\"},{\"@type\":\"Organization\",\"@id\":\"https:\\\/\\\/lda.be\\\/fr\\\/#organization\",\"name\":\"LDA Belgium\",\"url\":\"https:\\\/\\\/lda.be\\\/fr\\\/\",\"logo\":{\"@type\":\"ImageObject\",\"inLanguage\":\"fr-FR\",\"@id\":\"https:\\\/\\\/lda.be\\\/fr\\\/#\\\/schema\\\/logo\\\/image\\\/\",\"url\":\"https:\\\/\\\/lda.be\\\/wp-content\\\/uploads\\\/2022\\\/07\\\/Logo-LDA.webp\",\"contentUrl\":\"https:\\\/\\\/lda.be\\\/wp-content\\\/uploads\\\/2022\\\/07\\\/Logo-LDA.webp\",\"width\":311,\"height\":101,\"caption\":\"LDA Belgium\"},\"image\":{\"@id\":\"https:\\\/\\\/lda.be\\\/fr\\\/#\\\/schema\\\/logo\\\/image\\\/\"},\"sameAs\":[\"https:\\\/\\\/www.linkedin.com\\\/company\\\/lda-belgium-nv\"]}]}<\/script>\n<!-- \/ Yoast SEO plugin. -->","yoast_head_json":{"title":"S\u00e9rie PB - v\u00e9rins de serrage pivotante pneumatique polyvalente - LDA Belgique","description":"V\u00e9rins de serrage pneumatiques PB : v\u00e9rins compacts et l\u00e9gers en cinq tailles avec deux longueurs de course. Adapt\u00e9s au maintien de pi\u00e8ces et au transfert dans l\u2019automatisation industrielle.","robots":{"index":"index","follow":"follow","max-snippet":"max-snippet:-1","max-image-preview":"max-image-preview:large","max-video-preview":"max-video-preview:-1"},"canonical":"https:\/\/lda.be\/fr\/produit\/serie-pb-verins-de-serrage-pivotante-pneumatique-polyvalente\/","og_locale":"fr_FR","og_type":"article","og_title":"S\u00e9rie PB - v\u00e9rins de serrage pivotante pneumatique polyvalente - LDA Belgique","og_description":"V\u00e9rins de serrage pneumatiques PB : v\u00e9rins compacts et l\u00e9gers en cinq tailles avec deux longueurs de course. Adapt\u00e9s au maintien de pi\u00e8ces et au transfert dans l\u2019automatisation industrielle.","og_url":"https:\/\/lda.be\/fr\/produit\/serie-pb-verins-de-serrage-pivotante-pneumatique-polyvalente\/","og_site_name":"LDA Belgique","article_modified_time":"2026-02-26T15:46:51+00:00","og_image":[{"width":1080,"height":1080,"url":"https:\/\/lda.be\/wp-content\/uploads\/2026\/02\/Serie-PB-Veelzijdige-pneumatische-zwenkklem.webp","type":"image\/webp"}],"twitter_card":"summary_large_image","twitter_misc":{"Dur\u00e9e de lecture estim\u00e9e":"1 minute"},"schema":{"@context":"https:\/\/schema.org","@graph":[{"@type":"WebPage","@id":"https:\/\/lda.be\/fr\/produit\/serie-pb-verins-de-serrage-pivotante-pneumatique-polyvalente\/","url":"https:\/\/lda.be\/fr\/produit\/serie-pb-verins-de-serrage-pivotante-pneumatique-polyvalente\/","name":"S\u00e9rie PB - v\u00e9rins de serrage pivotante pneumatique polyvalente - LDA Belgique","isPartOf":{"@id":"https:\/\/lda.be\/fr\/#website"},"primaryImageOfPage":{"@id":"https:\/\/lda.be\/fr\/produit\/serie-pb-verins-de-serrage-pivotante-pneumatique-polyvalente\/#primaryimage"},"image":{"@id":"https:\/\/lda.be\/fr\/produit\/serie-pb-verins-de-serrage-pivotante-pneumatique-polyvalente\/#primaryimage"},"thumbnailUrl":"https:\/\/lda.be\/wp-content\/uploads\/2026\/02\/Serie-PB-Veelzijdige-pneumatische-zwenkklem.webp","datePublished":"2026-02-26T15:23:16+00:00","dateModified":"2026-02-26T15:46:51+00:00","description":"V\u00e9rins de serrage pneumatiques PB : v\u00e9rins compacts et l\u00e9gers en cinq tailles avec deux longueurs de course. Adapt\u00e9s au maintien de pi\u00e8ces et au transfert dans l\u2019automatisation industrielle.","breadcrumb":{"@id":"https:\/\/lda.be\/fr\/produit\/serie-pb-verins-de-serrage-pivotante-pneumatique-polyvalente\/#breadcrumb"},"inLanguage":"fr-FR","potentialAction":[{"@type":"ReadAction","target":["https:\/\/lda.be\/fr\/produit\/serie-pb-verins-de-serrage-pivotante-pneumatique-polyvalente\/"]}]},{"@type":"ImageObject","inLanguage":"fr-FR","@id":"https:\/\/lda.be\/fr\/produit\/serie-pb-verins-de-serrage-pivotante-pneumatique-polyvalente\/#primaryimage","url":"https:\/\/lda.be\/wp-content\/uploads\/2026\/02\/Serie-PB-Veelzijdige-pneumatische-zwenkklem.webp","contentUrl":"https:\/\/lda.be\/wp-content\/uploads\/2026\/02\/Serie-PB-Veelzijdige-pneumatische-zwenkklem.webp","width":1080,"height":1080},{"@type":"BreadcrumbList","@id":"https:\/\/lda.be\/fr\/produit\/serie-pb-verins-de-serrage-pivotante-pneumatique-polyvalente\/#breadcrumb","itemListElement":[{"@type":"ListItem","position":1,"name":"Accueil","item":"https:\/\/lda.be\/fr\/"},{"@type":"ListItem","position":2,"name":"Produits","item":"https:\/\/lda.be\/fr\/produits\/"},{"@type":"ListItem","position":3,"name":"S\u00e9rie PB &#8211; v\u00e9rins de serrage pivotante pneumatique polyvalente"}]},{"@type":"WebSite","@id":"https:\/\/lda.be\/fr\/#website","url":"https:\/\/lda.be\/fr\/","name":"LDA Belgium","description":"Solutions For Life","publisher":{"@id":"https:\/\/lda.be\/fr\/#organization"},"potentialAction":[{"@type":"SearchAction","target":{"@type":"EntryPoint","urlTemplate":"https:\/\/lda.be\/fr\/?s={search_term_string}"},"query-input":{"@type":"PropertyValueSpecification","valueRequired":true,"valueName":"search_term_string"}}],"inLanguage":"fr-FR"},{"@type":"Organization","@id":"https:\/\/lda.be\/fr\/#organization","name":"LDA Belgium","url":"https:\/\/lda.be\/fr\/","logo":{"@type":"ImageObject","inLanguage":"fr-FR","@id":"https:\/\/lda.be\/fr\/#\/schema\/logo\/image\/","url":"https:\/\/lda.be\/wp-content\/uploads\/2022\/07\/Logo-LDA.webp","contentUrl":"https:\/\/lda.be\/wp-content\/uploads\/2022\/07\/Logo-LDA.webp","width":311,"height":101,"caption":"LDA Belgium"},"image":{"@id":"https:\/\/lda.be\/fr\/#\/schema\/logo\/image\/"},"sameAs":["https:\/\/www.linkedin.com\/company\/lda-belgium-nv"]}]}},"_links":{"self":[{"href":"https:\/\/lda.be\/fr\/wp-json\/wp\/v2\/product\/15749","targetHints":{"allow":["GET"]}}],"collection":[{"href":"https:\/\/lda.be\/fr\/wp-json\/wp\/v2\/product"}],"about":[{"href":"https:\/\/lda.be\/fr\/wp-json\/wp\/v2\/types\/product"}],"replies":[{"embeddable":true,"href":"https:\/\/lda.be\/fr\/wp-json\/wp\/v2\/comments?post=15749"}],"wp:featuredmedia":[{"embeddable":true,"href":"https:\/\/lda.be\/fr\/wp-json\/wp\/v2\/media\/15741"}],"wp:attachment":[{"href":"https:\/\/lda.be\/fr\/wp-json\/wp\/v2\/media?parent=15749"}],"wp:term":[{"taxonomy":"product_brand","embeddable":true,"href":"https:\/\/lda.be\/fr\/wp-json\/wp\/v2\/product_brand?post=15749"},{"taxonomy":"product_cat","embeddable":true,"href":"https:\/\/lda.be\/fr\/wp-json\/wp\/v2\/product_cat?post=15749"},{"taxonomy":"product_tag","embeddable":true,"href":"https:\/\/lda.be\/fr\/wp-json\/wp\/v2\/product_tag?post=15749"}],"curies":[{"name":"wp","href":"https:\/\/api.w.org\/{rel}","templated":true}]}}