{"id":15767,"date":"2026-03-02T14:44:46","date_gmt":"2026-03-02T13:44:46","guid":{"rendered":"https:\/\/lda.be\/?post_type=product&#038;p=15767"},"modified":"2026-03-02T15:49:08","modified_gmt":"2026-03-02T14:49:08","slug":"serie-pec-verins-de-serrage-de-puissance","status":"publish","type":"product","link":"https:\/\/lda.be\/fr\/produit\/serie-pec-verins-de-serrage-de-puissance\/","title":{"rendered":"S\u00e9rie PEC v\u00e9rins de serrage de puissance"},"content":{"rendered":"<p>Les pinces pneumatiques de la s\u00e9rie PEC sont \u00e9quip\u00e9es d&#8217;un syst\u00e8me d&#8217;entra\u00eenement \u00e0 came\/rouleau sup\u00e9rieur \u00e0 celui des m\u00e9canismes \u00e0 genouill\u00e8re utilis\u00e9s par la concurrence. Elles offrent ainsi la plus large plage de force de serrage de leur cat\u00e9gorie et la possibilit\u00e9 de se verrouiller en position ferm\u00e9e pour les 6\u00b0 de rotation restants. De plus, plusieurs options d&#8217;arbres de sortie permettent de monter les bras de serrage d&#8217;un seul c\u00f4t\u00e9 ou des deux c\u00f4t\u00e9s. Les pinces pneumatiques de la s\u00e9rie PEC sont id\u00e9ales pour maintenir des pi\u00e8ces dans les applications de soudage et d&#8217;assemblage.<\/p>\n","protected":false},"excerpt":{"rendered":"<p>Les pinces pneumatiques de la s\u00e9rie PEC sont \u00e9quip\u00e9es d&#8217;un syst\u00e8me d&#8217;entra\u00eenement \u00e0 came\/rouleau sup\u00e9rieur \u00e0 celui des m\u00e9canismes \u00e0 genouill\u00e8re utilis\u00e9s par la concurrence. Elles offrent ainsi la plus large plage de force de serrage de leur cat\u00e9gorie et la possibilit\u00e9 de se verrouiller en position ferm\u00e9e pour les 6\u00b0 de rotation restants. De [&hellip;]<\/p>\n","protected":false},"featured_media":15753,"comment_status":"closed","ping_status":"closed","template":"","meta":[],"product_brand":[1896,1277],"product_cat":[1902,1004],"product_tag":[],"class_list":{"0":"post-15767","1":"product","2":"type-product","3":"status-publish","4":"has-post-thumbnail","6":"product_brand-clamps","7":"product_brand-phd","8":"product_cat-verins-de-serrage-speciale","9":"product_cat-verins-de-serrage","11":"first","12":"instock","13":"shipping-taxable","14":"product-type-simple"},"yoast_head":"<!-- This site is optimized with the Yoast SEO plugin v27.3 - https:\/\/yoast.com\/product\/yoast-seo-wordpress\/ -->\n<title>S\u00e9rie PEC v\u00e9rins de serrage de puissance - LDA Belgique<\/title>\n<meta name=\"description\" content=\"V\u00e9rins de serrage pneumatiques PEC : v\u00e9rins avec couples jusqu\u2019\u00e0 102 Nm et filetages auto-verrouillants. Adapt\u00e9s aux applications industrielles lourdes et \u00e0 l\u2019automatisation.\" \/>\n<meta name=\"robots\" content=\"index, follow, max-snippet:-1, max-image-preview:large, max-video-preview:-1\" \/>\n<link rel=\"canonical\" href=\"https:\/\/lda.be\/fr\/produit\/serie-pec-verins-de-serrage-de-puissance\/\" \/>\n<meta property=\"og:locale\" content=\"fr_FR\" \/>\n<meta property=\"og:type\" content=\"article\" \/>\n<meta property=\"og:title\" content=\"S\u00e9rie PEC v\u00e9rins de serrage de puissance - LDA Belgique\" \/>\n<meta property=\"og:description\" content=\"V\u00e9rins de serrage pneumatiques PEC : v\u00e9rins avec couples jusqu\u2019\u00e0 102 Nm et filetages auto-verrouillants. Adapt\u00e9s aux applications industrielles lourdes et \u00e0 l\u2019automatisation.\" \/>\n<meta property=\"og:url\" content=\"https:\/\/lda.be\/fr\/produit\/serie-pec-verins-de-serrage-de-puissance\/\" \/>\n<meta property=\"og:site_name\" content=\"LDA Belgique\" \/>\n<meta property=\"article:modified_time\" content=\"2026-03-02T14:49:08+00:00\" \/>\n<meta property=\"og:image\" content=\"https:\/\/lda.be\/wp-content\/uploads\/2026\/03\/Series-PEC-Pneumatic-Power-Clamp.webp\" \/>\n\t<meta property=\"og:image:width\" content=\"1080\" \/>\n\t<meta property=\"og:image:height\" content=\"1080\" \/>\n\t<meta property=\"og:image:type\" content=\"image\/webp\" \/>\n<meta name=\"twitter:card\" content=\"summary_large_image\" \/>\n<meta name=\"twitter:label1\" content=\"Dur\u00e9e de lecture estim\u00e9e\" \/>\n\t<meta name=\"twitter:data1\" content=\"1 minute\" \/>\n<script type=\"application\/ld+json\" class=\"yoast-schema-graph\">{\"@context\":\"https:\\\/\\\/schema.org\",\"@graph\":[{\"@type\":\"WebPage\",\"@id\":\"https:\\\/\\\/lda.be\\\/fr\\\/produit\\\/serie-pec-verins-de-serrage-de-puissance\\\/\",\"url\":\"https:\\\/\\\/lda.be\\\/fr\\\/produit\\\/serie-pec-verins-de-serrage-de-puissance\\\/\",\"name\":\"S\u00e9rie PEC v\u00e9rins de serrage de puissance - LDA Belgique\",\"isPartOf\":{\"@id\":\"https:\\\/\\\/lda.be\\\/fr\\\/#website\"},\"primaryImageOfPage\":{\"@id\":\"https:\\\/\\\/lda.be\\\/fr\\\/produit\\\/serie-pec-verins-de-serrage-de-puissance\\\/#primaryimage\"},\"image\":{\"@id\":\"https:\\\/\\\/lda.be\\\/fr\\\/produit\\\/serie-pec-verins-de-serrage-de-puissance\\\/#primaryimage\"},\"thumbnailUrl\":\"https:\\\/\\\/lda.be\\\/wp-content\\\/uploads\\\/2026\\\/03\\\/Series-PEC-Pneumatic-Power-Clamp.webp\",\"datePublished\":\"2026-03-02T13:44:46+00:00\",\"dateModified\":\"2026-03-02T14:49:08+00:00\",\"description\":\"V\u00e9rins de serrage pneumatiques PEC : v\u00e9rins avec couples jusqu\u2019\u00e0 102 Nm et filetages auto-verrouillants. Adapt\u00e9s aux applications industrielles lourdes et \u00e0 l\u2019automatisation.\",\"breadcrumb\":{\"@id\":\"https:\\\/\\\/lda.be\\\/fr\\\/produit\\\/serie-pec-verins-de-serrage-de-puissance\\\/#breadcrumb\"},\"inLanguage\":\"fr-FR\",\"potentialAction\":[{\"@type\":\"ReadAction\",\"target\":[\"https:\\\/\\\/lda.be\\\/fr\\\/produit\\\/serie-pec-verins-de-serrage-de-puissance\\\/\"]}]},{\"@type\":\"ImageObject\",\"inLanguage\":\"fr-FR\",\"@id\":\"https:\\\/\\\/lda.be\\\/fr\\\/produit\\\/serie-pec-verins-de-serrage-de-puissance\\\/#primaryimage\",\"url\":\"https:\\\/\\\/lda.be\\\/wp-content\\\/uploads\\\/2026\\\/03\\\/Series-PEC-Pneumatic-Power-Clamp.webp\",\"contentUrl\":\"https:\\\/\\\/lda.be\\\/wp-content\\\/uploads\\\/2026\\\/03\\\/Series-PEC-Pneumatic-Power-Clamp.webp\",\"width\":1080,\"height\":1080,\"caption\":\"Series PEC Pneumatic Power Clamp\"},{\"@type\":\"BreadcrumbList\",\"@id\":\"https:\\\/\\\/lda.be\\\/fr\\\/produit\\\/serie-pec-verins-de-serrage-de-puissance\\\/#breadcrumb\",\"itemListElement\":[{\"@type\":\"ListItem\",\"position\":1,\"name\":\"Accueil\",\"item\":\"https:\\\/\\\/lda.be\\\/fr\\\/\"},{\"@type\":\"ListItem\",\"position\":2,\"name\":\"Produits\",\"item\":\"https:\\\/\\\/lda.be\\\/fr\\\/produits\\\/\"},{\"@type\":\"ListItem\",\"position\":3,\"name\":\"S\u00e9rie PEC v\u00e9rins de serrage de puissance\"}]},{\"@type\":\"WebSite\",\"@id\":\"https:\\\/\\\/lda.be\\\/fr\\\/#website\",\"url\":\"https:\\\/\\\/lda.be\\\/fr\\\/\",\"name\":\"LDA Belgium\",\"description\":\"Solutions For Life\",\"publisher\":{\"@id\":\"https:\\\/\\\/lda.be\\\/fr\\\/#organization\"},\"potentialAction\":[{\"@type\":\"SearchAction\",\"target\":{\"@type\":\"EntryPoint\",\"urlTemplate\":\"https:\\\/\\\/lda.be\\\/fr\\\/?s={search_term_string}\"},\"query-input\":{\"@type\":\"PropertyValueSpecification\",\"valueRequired\":true,\"valueName\":\"search_term_string\"}}],\"inLanguage\":\"fr-FR\"},{\"@type\":\"Organization\",\"@id\":\"https:\\\/\\\/lda.be\\\/fr\\\/#organization\",\"name\":\"LDA Belgium\",\"url\":\"https:\\\/\\\/lda.be\\\/fr\\\/\",\"logo\":{\"@type\":\"ImageObject\",\"inLanguage\":\"fr-FR\",\"@id\":\"https:\\\/\\\/lda.be\\\/fr\\\/#\\\/schema\\\/logo\\\/image\\\/\",\"url\":\"https:\\\/\\\/lda.be\\\/wp-content\\\/uploads\\\/2022\\\/07\\\/Logo-LDA.webp\",\"contentUrl\":\"https:\\\/\\\/lda.be\\\/wp-content\\\/uploads\\\/2022\\\/07\\\/Logo-LDA.webp\",\"width\":311,\"height\":101,\"caption\":\"LDA Belgium\"},\"image\":{\"@id\":\"https:\\\/\\\/lda.be\\\/fr\\\/#\\\/schema\\\/logo\\\/image\\\/\"},\"sameAs\":[\"https:\\\/\\\/www.linkedin.com\\\/company\\\/lda-belgium-nv\"]}]}<\/script>\n<!-- \/ Yoast SEO plugin. -->","yoast_head_json":{"title":"S\u00e9rie PEC v\u00e9rins de serrage de puissance - LDA Belgique","description":"V\u00e9rins de serrage pneumatiques PEC : v\u00e9rins avec couples jusqu\u2019\u00e0 102 Nm et filetages auto-verrouillants. Adapt\u00e9s aux applications industrielles lourdes et \u00e0 l\u2019automatisation.","robots":{"index":"index","follow":"follow","max-snippet":"max-snippet:-1","max-image-preview":"max-image-preview:large","max-video-preview":"max-video-preview:-1"},"canonical":"https:\/\/lda.be\/fr\/produit\/serie-pec-verins-de-serrage-de-puissance\/","og_locale":"fr_FR","og_type":"article","og_title":"S\u00e9rie PEC v\u00e9rins de serrage de puissance - LDA Belgique","og_description":"V\u00e9rins de serrage pneumatiques PEC : v\u00e9rins avec couples jusqu\u2019\u00e0 102 Nm et filetages auto-verrouillants. Adapt\u00e9s aux applications industrielles lourdes et \u00e0 l\u2019automatisation.","og_url":"https:\/\/lda.be\/fr\/produit\/serie-pec-verins-de-serrage-de-puissance\/","og_site_name":"LDA Belgique","article_modified_time":"2026-03-02T14:49:08+00:00","og_image":[{"width":1080,"height":1080,"url":"https:\/\/lda.be\/wp-content\/uploads\/2026\/03\/Series-PEC-Pneumatic-Power-Clamp.webp","type":"image\/webp"}],"twitter_card":"summary_large_image","twitter_misc":{"Dur\u00e9e de lecture estim\u00e9e":"1 minute"},"schema":{"@context":"https:\/\/schema.org","@graph":[{"@type":"WebPage","@id":"https:\/\/lda.be\/fr\/produit\/serie-pec-verins-de-serrage-de-puissance\/","url":"https:\/\/lda.be\/fr\/produit\/serie-pec-verins-de-serrage-de-puissance\/","name":"S\u00e9rie PEC v\u00e9rins de serrage de puissance - LDA Belgique","isPartOf":{"@id":"https:\/\/lda.be\/fr\/#website"},"primaryImageOfPage":{"@id":"https:\/\/lda.be\/fr\/produit\/serie-pec-verins-de-serrage-de-puissance\/#primaryimage"},"image":{"@id":"https:\/\/lda.be\/fr\/produit\/serie-pec-verins-de-serrage-de-puissance\/#primaryimage"},"thumbnailUrl":"https:\/\/lda.be\/wp-content\/uploads\/2026\/03\/Series-PEC-Pneumatic-Power-Clamp.webp","datePublished":"2026-03-02T13:44:46+00:00","dateModified":"2026-03-02T14:49:08+00:00","description":"V\u00e9rins de serrage pneumatiques PEC : v\u00e9rins avec couples jusqu\u2019\u00e0 102 Nm et filetages auto-verrouillants. Adapt\u00e9s aux applications industrielles lourdes et \u00e0 l\u2019automatisation.","breadcrumb":{"@id":"https:\/\/lda.be\/fr\/produit\/serie-pec-verins-de-serrage-de-puissance\/#breadcrumb"},"inLanguage":"fr-FR","potentialAction":[{"@type":"ReadAction","target":["https:\/\/lda.be\/fr\/produit\/serie-pec-verins-de-serrage-de-puissance\/"]}]},{"@type":"ImageObject","inLanguage":"fr-FR","@id":"https:\/\/lda.be\/fr\/produit\/serie-pec-verins-de-serrage-de-puissance\/#primaryimage","url":"https:\/\/lda.be\/wp-content\/uploads\/2026\/03\/Series-PEC-Pneumatic-Power-Clamp.webp","contentUrl":"https:\/\/lda.be\/wp-content\/uploads\/2026\/03\/Series-PEC-Pneumatic-Power-Clamp.webp","width":1080,"height":1080,"caption":"Series PEC Pneumatic Power Clamp"},{"@type":"BreadcrumbList","@id":"https:\/\/lda.be\/fr\/produit\/serie-pec-verins-de-serrage-de-puissance\/#breadcrumb","itemListElement":[{"@type":"ListItem","position":1,"name":"Accueil","item":"https:\/\/lda.be\/fr\/"},{"@type":"ListItem","position":2,"name":"Produits","item":"https:\/\/lda.be\/fr\/produits\/"},{"@type":"ListItem","position":3,"name":"S\u00e9rie PEC v\u00e9rins de serrage de puissance"}]},{"@type":"WebSite","@id":"https:\/\/lda.be\/fr\/#website","url":"https:\/\/lda.be\/fr\/","name":"LDA Belgium","description":"Solutions For Life","publisher":{"@id":"https:\/\/lda.be\/fr\/#organization"},"potentialAction":[{"@type":"SearchAction","target":{"@type":"EntryPoint","urlTemplate":"https:\/\/lda.be\/fr\/?s={search_term_string}"},"query-input":{"@type":"PropertyValueSpecification","valueRequired":true,"valueName":"search_term_string"}}],"inLanguage":"fr-FR"},{"@type":"Organization","@id":"https:\/\/lda.be\/fr\/#organization","name":"LDA Belgium","url":"https:\/\/lda.be\/fr\/","logo":{"@type":"ImageObject","inLanguage":"fr-FR","@id":"https:\/\/lda.be\/fr\/#\/schema\/logo\/image\/","url":"https:\/\/lda.be\/wp-content\/uploads\/2022\/07\/Logo-LDA.webp","contentUrl":"https:\/\/lda.be\/wp-content\/uploads\/2022\/07\/Logo-LDA.webp","width":311,"height":101,"caption":"LDA Belgium"},"image":{"@id":"https:\/\/lda.be\/fr\/#\/schema\/logo\/image\/"},"sameAs":["https:\/\/www.linkedin.com\/company\/lda-belgium-nv"]}]}},"_links":{"self":[{"href":"https:\/\/lda.be\/fr\/wp-json\/wp\/v2\/product\/15767","targetHints":{"allow":["GET"]}}],"collection":[{"href":"https:\/\/lda.be\/fr\/wp-json\/wp\/v2\/product"}],"about":[{"href":"https:\/\/lda.be\/fr\/wp-json\/wp\/v2\/types\/product"}],"replies":[{"embeddable":true,"href":"https:\/\/lda.be\/fr\/wp-json\/wp\/v2\/comments?post=15767"}],"wp:featuredmedia":[{"embeddable":true,"href":"https:\/\/lda.be\/fr\/wp-json\/wp\/v2\/media\/15753"}],"wp:attachment":[{"href":"https:\/\/lda.be\/fr\/wp-json\/wp\/v2\/media?parent=15767"}],"wp:term":[{"taxonomy":"product_brand","embeddable":true,"href":"https:\/\/lda.be\/fr\/wp-json\/wp\/v2\/product_brand?post=15767"},{"taxonomy":"product_cat","embeddable":true,"href":"https:\/\/lda.be\/fr\/wp-json\/wp\/v2\/product_cat?post=15767"},{"taxonomy":"product_tag","embeddable":true,"href":"https:\/\/lda.be\/fr\/wp-json\/wp\/v2\/product_tag?post=15767"}],"curies":[{"name":"wp","href":"https:\/\/api.w.org\/{rel}","templated":true}]}}