{"id":15776,"date":"2026-03-02T16:27:52","date_gmt":"2026-03-02T15:27:52","guid":{"rendered":"https:\/\/lda.be\/?post_type=product&#038;p=15776"},"modified":"2026-03-02T16:41:58","modified_gmt":"2026-03-02T15:41:58","slug":"serie-pfd-verins-de-serrage-pour-cadres","status":"publish","type":"product","link":"https:\/\/lda.be\/fr\/produit\/serie-pfd-verins-de-serrage-pour-cadres\/","title":{"rendered":"S\u00e9rie PFD v\u00e9rins de serrage pour cadres"},"content":{"rendered":"<p>La pince pneumatique pour ch\u00e2ssis de la s\u00e9rie PFD est con\u00e7ue pour fournir une force de serrage \u00e9lev\u00e9e et constante sur une large plage de pression, ce qui la rend id\u00e9ale pour les applications exigeantes telles que la carrosserie, le soudage de ch\u00e2ssis et la fabrication lourde. Son m\u00e9canisme \u00e0 came robuste g\u00e9n\u00e8re une force de serrage totale pouvant atteindre 4 581 lb (20,4 kN), garantissant ainsi une fixation fiable des pi\u00e8ces, m\u00eame dans le cas d&#8217;assemblages volumineux ou complexes.<\/p>\n<p>Con\u00e7ue pour offrir une grande flexibilit\u00e9, la PFD dispose de larges ouvertures de m\u00e2choires, de plusieurs styles de m\u00e2choires et de surfaces d&#8217;outils robustes avec goupilles d&#8217;ajustement pour simplifier la conception du serrage.<\/p>\n","protected":false},"excerpt":{"rendered":"<p>La pince pneumatique pour ch\u00e2ssis de la s\u00e9rie PFD est con\u00e7ue pour fournir une force de serrage \u00e9lev\u00e9e et constante sur une large plage de pression, ce qui la rend id\u00e9ale pour les applications exigeantes telles que la carrosserie, le soudage de ch\u00e2ssis et la fabrication lourde. Son m\u00e9canisme \u00e0 came robuste g\u00e9n\u00e8re une force [&hellip;]<\/p>\n","protected":false},"featured_media":15768,"comment_status":"closed","ping_status":"closed","template":"","meta":[],"product_brand":[1896,1277],"product_cat":[1902],"product_tag":[],"class_list":{"0":"post-15776","1":"product","2":"type-product","3":"status-publish","4":"has-post-thumbnail","6":"product_brand-clamps","7":"product_brand-phd","8":"product_cat-verins-de-serrage-speciale","10":"first","11":"instock","12":"shipping-taxable","13":"product-type-simple"},"yoast_head":"<!-- This site is optimized with the Yoast SEO plugin v27.3 - https:\/\/yoast.com\/product\/yoast-seo-wordpress\/ -->\n<title>S\u00e9rie PFD v\u00e9rins de serrage pour cadres - LDA Belgique<\/title>\n<meta name=\"description\" content=\"V\u00e9rins de serrage pneumatiques PFD : v\u00e9rins avec une force de serrage de 20,4 kN et un design modulaire. Adapt\u00e9s aux pi\u00e8ces grandes et complexes dans l\u2019automatisation industrielle.\" \/>\n<meta name=\"robots\" content=\"index, follow, max-snippet:-1, max-image-preview:large, max-video-preview:-1\" \/>\n<link rel=\"canonical\" href=\"https:\/\/lda.be\/fr\/produit\/serie-pfd-verins-de-serrage-pour-cadres\/\" \/>\n<meta property=\"og:locale\" content=\"fr_FR\" \/>\n<meta property=\"og:type\" content=\"article\" \/>\n<meta property=\"og:title\" content=\"S\u00e9rie PFD v\u00e9rins de serrage pour cadres - LDA Belgique\" \/>\n<meta property=\"og:description\" content=\"V\u00e9rins de serrage pneumatiques PFD : v\u00e9rins avec une force de serrage de 20,4 kN et un design modulaire. Adapt\u00e9s aux pi\u00e8ces grandes et complexes dans l\u2019automatisation industrielle.\" \/>\n<meta property=\"og:url\" content=\"https:\/\/lda.be\/fr\/produit\/serie-pfd-verins-de-serrage-pour-cadres\/\" \/>\n<meta property=\"og:site_name\" content=\"LDA Belgique\" \/>\n<meta property=\"article:modified_time\" content=\"2026-03-02T15:41:58+00:00\" \/>\n<meta property=\"og:image\" content=\"https:\/\/lda.be\/wp-content\/uploads\/2026\/03\/Series-PFD-Pneumatic-Frame-Clamp.webp\" \/>\n\t<meta property=\"og:image:width\" content=\"1080\" \/>\n\t<meta property=\"og:image:height\" content=\"1080\" \/>\n\t<meta property=\"og:image:type\" content=\"image\/webp\" \/>\n<meta name=\"twitter:card\" content=\"summary_large_image\" \/>\n<meta name=\"twitter:label1\" content=\"Dur\u00e9e de lecture estim\u00e9e\" \/>\n\t<meta name=\"twitter:data1\" content=\"1 minute\" \/>\n<script type=\"application\/ld+json\" class=\"yoast-schema-graph\">{\"@context\":\"https:\\\/\\\/schema.org\",\"@graph\":[{\"@type\":\"WebPage\",\"@id\":\"https:\\\/\\\/lda.be\\\/fr\\\/produit\\\/serie-pfd-verins-de-serrage-pour-cadres\\\/\",\"url\":\"https:\\\/\\\/lda.be\\\/fr\\\/produit\\\/serie-pfd-verins-de-serrage-pour-cadres\\\/\",\"name\":\"S\u00e9rie PFD v\u00e9rins de serrage pour cadres - LDA Belgique\",\"isPartOf\":{\"@id\":\"https:\\\/\\\/lda.be\\\/fr\\\/#website\"},\"primaryImageOfPage\":{\"@id\":\"https:\\\/\\\/lda.be\\\/fr\\\/produit\\\/serie-pfd-verins-de-serrage-pour-cadres\\\/#primaryimage\"},\"image\":{\"@id\":\"https:\\\/\\\/lda.be\\\/fr\\\/produit\\\/serie-pfd-verins-de-serrage-pour-cadres\\\/#primaryimage\"},\"thumbnailUrl\":\"https:\\\/\\\/lda.be\\\/wp-content\\\/uploads\\\/2026\\\/03\\\/Series-PFD-Pneumatic-Frame-Clamp.webp\",\"datePublished\":\"2026-03-02T15:27:52+00:00\",\"dateModified\":\"2026-03-02T15:41:58+00:00\",\"description\":\"V\u00e9rins de serrage pneumatiques PFD : v\u00e9rins avec une force de serrage de 20,4 kN et un design modulaire. Adapt\u00e9s aux pi\u00e8ces grandes et complexes dans l\u2019automatisation industrielle.\",\"breadcrumb\":{\"@id\":\"https:\\\/\\\/lda.be\\\/fr\\\/produit\\\/serie-pfd-verins-de-serrage-pour-cadres\\\/#breadcrumb\"},\"inLanguage\":\"fr-FR\",\"potentialAction\":[{\"@type\":\"ReadAction\",\"target\":[\"https:\\\/\\\/lda.be\\\/fr\\\/produit\\\/serie-pfd-verins-de-serrage-pour-cadres\\\/\"]}]},{\"@type\":\"ImageObject\",\"inLanguage\":\"fr-FR\",\"@id\":\"https:\\\/\\\/lda.be\\\/fr\\\/produit\\\/serie-pfd-verins-de-serrage-pour-cadres\\\/#primaryimage\",\"url\":\"https:\\\/\\\/lda.be\\\/wp-content\\\/uploads\\\/2026\\\/03\\\/Series-PFD-Pneumatic-Frame-Clamp.webp\",\"contentUrl\":\"https:\\\/\\\/lda.be\\\/wp-content\\\/uploads\\\/2026\\\/03\\\/Series-PFD-Pneumatic-Frame-Clamp.webp\",\"width\":1080,\"height\":1080},{\"@type\":\"BreadcrumbList\",\"@id\":\"https:\\\/\\\/lda.be\\\/fr\\\/produit\\\/serie-pfd-verins-de-serrage-pour-cadres\\\/#breadcrumb\",\"itemListElement\":[{\"@type\":\"ListItem\",\"position\":1,\"name\":\"Accueil\",\"item\":\"https:\\\/\\\/lda.be\\\/fr\\\/\"},{\"@type\":\"ListItem\",\"position\":2,\"name\":\"Produits\",\"item\":\"https:\\\/\\\/lda.be\\\/fr\\\/produits\\\/\"},{\"@type\":\"ListItem\",\"position\":3,\"name\":\"S\u00e9rie PFD v\u00e9rins de serrage pour cadres\"}]},{\"@type\":\"WebSite\",\"@id\":\"https:\\\/\\\/lda.be\\\/fr\\\/#website\",\"url\":\"https:\\\/\\\/lda.be\\\/fr\\\/\",\"name\":\"LDA Belgium\",\"description\":\"Solutions For Life\",\"publisher\":{\"@id\":\"https:\\\/\\\/lda.be\\\/fr\\\/#organization\"},\"potentialAction\":[{\"@type\":\"SearchAction\",\"target\":{\"@type\":\"EntryPoint\",\"urlTemplate\":\"https:\\\/\\\/lda.be\\\/fr\\\/?s={search_term_string}\"},\"query-input\":{\"@type\":\"PropertyValueSpecification\",\"valueRequired\":true,\"valueName\":\"search_term_string\"}}],\"inLanguage\":\"fr-FR\"},{\"@type\":\"Organization\",\"@id\":\"https:\\\/\\\/lda.be\\\/fr\\\/#organization\",\"name\":\"LDA Belgium\",\"url\":\"https:\\\/\\\/lda.be\\\/fr\\\/\",\"logo\":{\"@type\":\"ImageObject\",\"inLanguage\":\"fr-FR\",\"@id\":\"https:\\\/\\\/lda.be\\\/fr\\\/#\\\/schema\\\/logo\\\/image\\\/\",\"url\":\"https:\\\/\\\/lda.be\\\/wp-content\\\/uploads\\\/2022\\\/07\\\/Logo-LDA.webp\",\"contentUrl\":\"https:\\\/\\\/lda.be\\\/wp-content\\\/uploads\\\/2022\\\/07\\\/Logo-LDA.webp\",\"width\":311,\"height\":101,\"caption\":\"LDA Belgium\"},\"image\":{\"@id\":\"https:\\\/\\\/lda.be\\\/fr\\\/#\\\/schema\\\/logo\\\/image\\\/\"},\"sameAs\":[\"https:\\\/\\\/www.linkedin.com\\\/company\\\/lda-belgium-nv\"]}]}<\/script>\n<!-- \/ Yoast SEO plugin. -->","yoast_head_json":{"title":"S\u00e9rie PFD v\u00e9rins de serrage pour cadres - LDA Belgique","description":"V\u00e9rins de serrage pneumatiques PFD : v\u00e9rins avec une force de serrage de 20,4 kN et un design modulaire. Adapt\u00e9s aux pi\u00e8ces grandes et complexes dans l\u2019automatisation industrielle.","robots":{"index":"index","follow":"follow","max-snippet":"max-snippet:-1","max-image-preview":"max-image-preview:large","max-video-preview":"max-video-preview:-1"},"canonical":"https:\/\/lda.be\/fr\/produit\/serie-pfd-verins-de-serrage-pour-cadres\/","og_locale":"fr_FR","og_type":"article","og_title":"S\u00e9rie PFD v\u00e9rins de serrage pour cadres - LDA Belgique","og_description":"V\u00e9rins de serrage pneumatiques PFD : v\u00e9rins avec une force de serrage de 20,4 kN et un design modulaire. Adapt\u00e9s aux pi\u00e8ces grandes et complexes dans l\u2019automatisation industrielle.","og_url":"https:\/\/lda.be\/fr\/produit\/serie-pfd-verins-de-serrage-pour-cadres\/","og_site_name":"LDA Belgique","article_modified_time":"2026-03-02T15:41:58+00:00","og_image":[{"width":1080,"height":1080,"url":"https:\/\/lda.be\/wp-content\/uploads\/2026\/03\/Series-PFD-Pneumatic-Frame-Clamp.webp","type":"image\/webp"}],"twitter_card":"summary_large_image","twitter_misc":{"Dur\u00e9e de lecture estim\u00e9e":"1 minute"},"schema":{"@context":"https:\/\/schema.org","@graph":[{"@type":"WebPage","@id":"https:\/\/lda.be\/fr\/produit\/serie-pfd-verins-de-serrage-pour-cadres\/","url":"https:\/\/lda.be\/fr\/produit\/serie-pfd-verins-de-serrage-pour-cadres\/","name":"S\u00e9rie PFD v\u00e9rins de serrage pour cadres - LDA Belgique","isPartOf":{"@id":"https:\/\/lda.be\/fr\/#website"},"primaryImageOfPage":{"@id":"https:\/\/lda.be\/fr\/produit\/serie-pfd-verins-de-serrage-pour-cadres\/#primaryimage"},"image":{"@id":"https:\/\/lda.be\/fr\/produit\/serie-pfd-verins-de-serrage-pour-cadres\/#primaryimage"},"thumbnailUrl":"https:\/\/lda.be\/wp-content\/uploads\/2026\/03\/Series-PFD-Pneumatic-Frame-Clamp.webp","datePublished":"2026-03-02T15:27:52+00:00","dateModified":"2026-03-02T15:41:58+00:00","description":"V\u00e9rins de serrage pneumatiques PFD : v\u00e9rins avec une force de serrage de 20,4 kN et un design modulaire. Adapt\u00e9s aux pi\u00e8ces grandes et complexes dans l\u2019automatisation industrielle.","breadcrumb":{"@id":"https:\/\/lda.be\/fr\/produit\/serie-pfd-verins-de-serrage-pour-cadres\/#breadcrumb"},"inLanguage":"fr-FR","potentialAction":[{"@type":"ReadAction","target":["https:\/\/lda.be\/fr\/produit\/serie-pfd-verins-de-serrage-pour-cadres\/"]}]},{"@type":"ImageObject","inLanguage":"fr-FR","@id":"https:\/\/lda.be\/fr\/produit\/serie-pfd-verins-de-serrage-pour-cadres\/#primaryimage","url":"https:\/\/lda.be\/wp-content\/uploads\/2026\/03\/Series-PFD-Pneumatic-Frame-Clamp.webp","contentUrl":"https:\/\/lda.be\/wp-content\/uploads\/2026\/03\/Series-PFD-Pneumatic-Frame-Clamp.webp","width":1080,"height":1080},{"@type":"BreadcrumbList","@id":"https:\/\/lda.be\/fr\/produit\/serie-pfd-verins-de-serrage-pour-cadres\/#breadcrumb","itemListElement":[{"@type":"ListItem","position":1,"name":"Accueil","item":"https:\/\/lda.be\/fr\/"},{"@type":"ListItem","position":2,"name":"Produits","item":"https:\/\/lda.be\/fr\/produits\/"},{"@type":"ListItem","position":3,"name":"S\u00e9rie PFD v\u00e9rins de serrage pour cadres"}]},{"@type":"WebSite","@id":"https:\/\/lda.be\/fr\/#website","url":"https:\/\/lda.be\/fr\/","name":"LDA Belgium","description":"Solutions For Life","publisher":{"@id":"https:\/\/lda.be\/fr\/#organization"},"potentialAction":[{"@type":"SearchAction","target":{"@type":"EntryPoint","urlTemplate":"https:\/\/lda.be\/fr\/?s={search_term_string}"},"query-input":{"@type":"PropertyValueSpecification","valueRequired":true,"valueName":"search_term_string"}}],"inLanguage":"fr-FR"},{"@type":"Organization","@id":"https:\/\/lda.be\/fr\/#organization","name":"LDA Belgium","url":"https:\/\/lda.be\/fr\/","logo":{"@type":"ImageObject","inLanguage":"fr-FR","@id":"https:\/\/lda.be\/fr\/#\/schema\/logo\/image\/","url":"https:\/\/lda.be\/wp-content\/uploads\/2022\/07\/Logo-LDA.webp","contentUrl":"https:\/\/lda.be\/wp-content\/uploads\/2022\/07\/Logo-LDA.webp","width":311,"height":101,"caption":"LDA Belgium"},"image":{"@id":"https:\/\/lda.be\/fr\/#\/schema\/logo\/image\/"},"sameAs":["https:\/\/www.linkedin.com\/company\/lda-belgium-nv"]}]}},"_links":{"self":[{"href":"https:\/\/lda.be\/fr\/wp-json\/wp\/v2\/product\/15776","targetHints":{"allow":["GET"]}}],"collection":[{"href":"https:\/\/lda.be\/fr\/wp-json\/wp\/v2\/product"}],"about":[{"href":"https:\/\/lda.be\/fr\/wp-json\/wp\/v2\/types\/product"}],"replies":[{"embeddable":true,"href":"https:\/\/lda.be\/fr\/wp-json\/wp\/v2\/comments?post=15776"}],"wp:featuredmedia":[{"embeddable":true,"href":"https:\/\/lda.be\/fr\/wp-json\/wp\/v2\/media\/15768"}],"wp:attachment":[{"href":"https:\/\/lda.be\/fr\/wp-json\/wp\/v2\/media?parent=15776"}],"wp:term":[{"taxonomy":"product_brand","embeddable":true,"href":"https:\/\/lda.be\/fr\/wp-json\/wp\/v2\/product_brand?post=15776"},{"taxonomy":"product_cat","embeddable":true,"href":"https:\/\/lda.be\/fr\/wp-json\/wp\/v2\/product_cat?post=15776"},{"taxonomy":"product_tag","embeddable":true,"href":"https:\/\/lda.be\/fr\/wp-json\/wp\/v2\/product_tag?post=15776"}],"curies":[{"name":"wp","href":"https:\/\/api.w.org\/{rel}","templated":true}]}}