{"id":15798,"date":"2026-03-03T16:24:30","date_gmt":"2026-03-03T15:24:30","guid":{"rendered":"https:\/\/lda.be\/?post_type=product&#038;p=15798"},"modified":"2026-03-03T16:49:42","modified_gmt":"2026-03-03T15:49:42","slug":"serie-pnc-pinces-destampage-pneumatique-didentification","status":"publish","type":"product","link":"https:\/\/lda.be\/fr\/produit\/serie-pnc-pinces-destampage-pneumatique-didentification\/","title":{"rendered":"S\u00e9rie PNC pinces d&#8217;estampage pneumatique d&#8217;identification"},"content":{"rendered":"<p>Les pinces de marquage pneumatiques PNC offrent une solution \u00e9conomique pour le marquage par estampage, le rivetage, le sertissage et le formage. Ces v\u00e9rins g\u00e9n\u00e8rent une force de serrage \u00e9lev\u00e9e et produisent des caract\u00e8res nets dans l\u2019acier de qualit\u00e9 \u00e9tirable \u00e0 seulement 4,8 bar. Leur conception \u00e9limine les temps d\u2019arr\u00eat gr\u00e2ce au changement facile des caract\u00e8res et propose trois tailles pour diverses applications. Les v\u00e9rins fonctionnent silencieusement et sont \u00e9quip\u00e9s d\u2019options telles que la d\u00e9tection de position et les \u00e9crans de protection contre les projections de soudure pour une protection contre les \u00e9tincelles et les salet\u00e9s.<\/p>\n","protected":false},"excerpt":{"rendered":"<p>Les pinces de marquage pneumatiques PNC offrent une solution \u00e9conomique pour le marquage par estampage, le rivetage, le sertissage et le formage. Ces v\u00e9rins g\u00e9n\u00e8rent une force de serrage \u00e9lev\u00e9e et produisent des caract\u00e8res nets dans l\u2019acier de qualit\u00e9 \u00e9tirable \u00e0 seulement 4,8 bar. Leur conception \u00e9limine les temps d\u2019arr\u00eat gr\u00e2ce au changement facile des [&hellip;]<\/p>\n","protected":false},"featured_media":15792,"comment_status":"closed","ping_status":"closed","template":"","meta":[],"product_brand":[1896,1277],"product_cat":[1902],"product_tag":[],"class_list":{"0":"post-15798","1":"product","2":"type-product","3":"status-publish","4":"has-post-thumbnail","6":"product_brand-clamps","7":"product_brand-phd","8":"product_cat-verins-de-serrage-speciale","10":"first","11":"instock","12":"shipping-taxable","13":"product-type-simple"},"yoast_head":"<!-- This site is optimized with the Yoast SEO plugin v27.3 - https:\/\/yoast.com\/product\/yoast-seo-wordpress\/ -->\n<title>S\u00e9rie PNC pinces d&#039;estampage pneumatique d&#039;identification - LDA Belgique<\/title>\n<meta name=\"description\" content=\"V\u00e9rins de marquage pneumatiques PNC : v\u00e9rins avec une force de serrage jusqu\u2019\u00e0 215 kN pour l\u2019estampage, le rivetage et le formage. Adapt\u00e9s au marquage industriel et \u00e0 l\u2019automatisation.\" \/>\n<meta name=\"robots\" content=\"index, follow, max-snippet:-1, max-image-preview:large, max-video-preview:-1\" \/>\n<link rel=\"canonical\" href=\"https:\/\/lda.be\/fr\/produit\/serie-pnc-pinces-destampage-pneumatique-didentification\/\" \/>\n<meta property=\"og:locale\" content=\"fr_FR\" \/>\n<meta property=\"og:type\" content=\"article\" \/>\n<meta property=\"og:title\" content=\"S\u00e9rie PNC pinces d&#039;estampage pneumatique d&#039;identification - LDA Belgique\" \/>\n<meta property=\"og:description\" content=\"V\u00e9rins de marquage pneumatiques PNC : v\u00e9rins avec une force de serrage jusqu\u2019\u00e0 215 kN pour l\u2019estampage, le rivetage et le formage. Adapt\u00e9s au marquage industriel et \u00e0 l\u2019automatisation.\" \/>\n<meta property=\"og:url\" content=\"https:\/\/lda.be\/fr\/produit\/serie-pnc-pinces-destampage-pneumatique-didentification\/\" \/>\n<meta property=\"og:site_name\" content=\"LDA Belgique\" \/>\n<meta property=\"article:modified_time\" content=\"2026-03-03T15:49:42+00:00\" \/>\n<meta property=\"og:image\" content=\"https:\/\/lda.be\/wp-content\/uploads\/2026\/03\/Series-PNC-Pneumatic-Identification-Stamping-Clamp.webp\" \/>\n\t<meta property=\"og:image:width\" content=\"1080\" \/>\n\t<meta property=\"og:image:height\" content=\"1080\" \/>\n\t<meta property=\"og:image:type\" content=\"image\/webp\" \/>\n<meta name=\"twitter:card\" content=\"summary_large_image\" \/>\n<meta name=\"twitter:label1\" content=\"Dur\u00e9e de lecture estim\u00e9e\" \/>\n\t<meta name=\"twitter:data1\" content=\"1 minute\" \/>\n<script type=\"application\/ld+json\" class=\"yoast-schema-graph\">{\"@context\":\"https:\\\/\\\/schema.org\",\"@graph\":[{\"@type\":\"WebPage\",\"@id\":\"https:\\\/\\\/lda.be\\\/fr\\\/produit\\\/serie-pnc-pinces-destampage-pneumatique-didentification\\\/\",\"url\":\"https:\\\/\\\/lda.be\\\/fr\\\/produit\\\/serie-pnc-pinces-destampage-pneumatique-didentification\\\/\",\"name\":\"S\u00e9rie PNC pinces d'estampage pneumatique d'identification - LDA Belgique\",\"isPartOf\":{\"@id\":\"https:\\\/\\\/lda.be\\\/fr\\\/#website\"},\"primaryImageOfPage\":{\"@id\":\"https:\\\/\\\/lda.be\\\/fr\\\/produit\\\/serie-pnc-pinces-destampage-pneumatique-didentification\\\/#primaryimage\"},\"image\":{\"@id\":\"https:\\\/\\\/lda.be\\\/fr\\\/produit\\\/serie-pnc-pinces-destampage-pneumatique-didentification\\\/#primaryimage\"},\"thumbnailUrl\":\"https:\\\/\\\/lda.be\\\/wp-content\\\/uploads\\\/2026\\\/03\\\/Series-PNC-Pneumatic-Identification-Stamping-Clamp.webp\",\"datePublished\":\"2026-03-03T15:24:30+00:00\",\"dateModified\":\"2026-03-03T15:49:42+00:00\",\"description\":\"V\u00e9rins de marquage pneumatiques PNC : v\u00e9rins avec une force de serrage jusqu\u2019\u00e0 215 kN pour l\u2019estampage, le rivetage et le formage. Adapt\u00e9s au marquage industriel et \u00e0 l\u2019automatisation.\",\"breadcrumb\":{\"@id\":\"https:\\\/\\\/lda.be\\\/fr\\\/produit\\\/serie-pnc-pinces-destampage-pneumatique-didentification\\\/#breadcrumb\"},\"inLanguage\":\"fr-FR\",\"potentialAction\":[{\"@type\":\"ReadAction\",\"target\":[\"https:\\\/\\\/lda.be\\\/fr\\\/produit\\\/serie-pnc-pinces-destampage-pneumatique-didentification\\\/\"]}]},{\"@type\":\"ImageObject\",\"inLanguage\":\"fr-FR\",\"@id\":\"https:\\\/\\\/lda.be\\\/fr\\\/produit\\\/serie-pnc-pinces-destampage-pneumatique-didentification\\\/#primaryimage\",\"url\":\"https:\\\/\\\/lda.be\\\/wp-content\\\/uploads\\\/2026\\\/03\\\/Series-PNC-Pneumatic-Identification-Stamping-Clamp.webp\",\"contentUrl\":\"https:\\\/\\\/lda.be\\\/wp-content\\\/uploads\\\/2026\\\/03\\\/Series-PNC-Pneumatic-Identification-Stamping-Clamp.webp\",\"width\":1080,\"height\":1080,\"caption\":\"Series PNC Pneumatic Identification Stamping Clamp\"},{\"@type\":\"BreadcrumbList\",\"@id\":\"https:\\\/\\\/lda.be\\\/fr\\\/produit\\\/serie-pnc-pinces-destampage-pneumatique-didentification\\\/#breadcrumb\",\"itemListElement\":[{\"@type\":\"ListItem\",\"position\":1,\"name\":\"Accueil\",\"item\":\"https:\\\/\\\/lda.be\\\/fr\\\/\"},{\"@type\":\"ListItem\",\"position\":2,\"name\":\"Produits\",\"item\":\"https:\\\/\\\/lda.be\\\/fr\\\/produits\\\/\"},{\"@type\":\"ListItem\",\"position\":3,\"name\":\"S\u00e9rie PNC pinces d&#8217;estampage pneumatique d&#8217;identification\"}]},{\"@type\":\"WebSite\",\"@id\":\"https:\\\/\\\/lda.be\\\/fr\\\/#website\",\"url\":\"https:\\\/\\\/lda.be\\\/fr\\\/\",\"name\":\"LDA Belgium\",\"description\":\"Solutions For Life\",\"publisher\":{\"@id\":\"https:\\\/\\\/lda.be\\\/fr\\\/#organization\"},\"potentialAction\":[{\"@type\":\"SearchAction\",\"target\":{\"@type\":\"EntryPoint\",\"urlTemplate\":\"https:\\\/\\\/lda.be\\\/fr\\\/?s={search_term_string}\"},\"query-input\":{\"@type\":\"PropertyValueSpecification\",\"valueRequired\":true,\"valueName\":\"search_term_string\"}}],\"inLanguage\":\"fr-FR\"},{\"@type\":\"Organization\",\"@id\":\"https:\\\/\\\/lda.be\\\/fr\\\/#organization\",\"name\":\"LDA Belgium\",\"url\":\"https:\\\/\\\/lda.be\\\/fr\\\/\",\"logo\":{\"@type\":\"ImageObject\",\"inLanguage\":\"fr-FR\",\"@id\":\"https:\\\/\\\/lda.be\\\/fr\\\/#\\\/schema\\\/logo\\\/image\\\/\",\"url\":\"https:\\\/\\\/lda.be\\\/wp-content\\\/uploads\\\/2022\\\/07\\\/Logo-LDA.webp\",\"contentUrl\":\"https:\\\/\\\/lda.be\\\/wp-content\\\/uploads\\\/2022\\\/07\\\/Logo-LDA.webp\",\"width\":311,\"height\":101,\"caption\":\"LDA Belgium\"},\"image\":{\"@id\":\"https:\\\/\\\/lda.be\\\/fr\\\/#\\\/schema\\\/logo\\\/image\\\/\"},\"sameAs\":[\"https:\\\/\\\/www.linkedin.com\\\/company\\\/lda-belgium-nv\"]}]}<\/script>\n<!-- \/ Yoast SEO plugin. -->","yoast_head_json":{"title":"S\u00e9rie PNC pinces d'estampage pneumatique d'identification - LDA Belgique","description":"V\u00e9rins de marquage pneumatiques PNC : v\u00e9rins avec une force de serrage jusqu\u2019\u00e0 215 kN pour l\u2019estampage, le rivetage et le formage. Adapt\u00e9s au marquage industriel et \u00e0 l\u2019automatisation.","robots":{"index":"index","follow":"follow","max-snippet":"max-snippet:-1","max-image-preview":"max-image-preview:large","max-video-preview":"max-video-preview:-1"},"canonical":"https:\/\/lda.be\/fr\/produit\/serie-pnc-pinces-destampage-pneumatique-didentification\/","og_locale":"fr_FR","og_type":"article","og_title":"S\u00e9rie PNC pinces d'estampage pneumatique d'identification - LDA Belgique","og_description":"V\u00e9rins de marquage pneumatiques PNC : v\u00e9rins avec une force de serrage jusqu\u2019\u00e0 215 kN pour l\u2019estampage, le rivetage et le formage. Adapt\u00e9s au marquage industriel et \u00e0 l\u2019automatisation.","og_url":"https:\/\/lda.be\/fr\/produit\/serie-pnc-pinces-destampage-pneumatique-didentification\/","og_site_name":"LDA Belgique","article_modified_time":"2026-03-03T15:49:42+00:00","og_image":[{"width":1080,"height":1080,"url":"https:\/\/lda.be\/wp-content\/uploads\/2026\/03\/Series-PNC-Pneumatic-Identification-Stamping-Clamp.webp","type":"image\/webp"}],"twitter_card":"summary_large_image","twitter_misc":{"Dur\u00e9e de lecture estim\u00e9e":"1 minute"},"schema":{"@context":"https:\/\/schema.org","@graph":[{"@type":"WebPage","@id":"https:\/\/lda.be\/fr\/produit\/serie-pnc-pinces-destampage-pneumatique-didentification\/","url":"https:\/\/lda.be\/fr\/produit\/serie-pnc-pinces-destampage-pneumatique-didentification\/","name":"S\u00e9rie PNC pinces d'estampage pneumatique d'identification - LDA Belgique","isPartOf":{"@id":"https:\/\/lda.be\/fr\/#website"},"primaryImageOfPage":{"@id":"https:\/\/lda.be\/fr\/produit\/serie-pnc-pinces-destampage-pneumatique-didentification\/#primaryimage"},"image":{"@id":"https:\/\/lda.be\/fr\/produit\/serie-pnc-pinces-destampage-pneumatique-didentification\/#primaryimage"},"thumbnailUrl":"https:\/\/lda.be\/wp-content\/uploads\/2026\/03\/Series-PNC-Pneumatic-Identification-Stamping-Clamp.webp","datePublished":"2026-03-03T15:24:30+00:00","dateModified":"2026-03-03T15:49:42+00:00","description":"V\u00e9rins de marquage pneumatiques PNC : v\u00e9rins avec une force de serrage jusqu\u2019\u00e0 215 kN pour l\u2019estampage, le rivetage et le formage. Adapt\u00e9s au marquage industriel et \u00e0 l\u2019automatisation.","breadcrumb":{"@id":"https:\/\/lda.be\/fr\/produit\/serie-pnc-pinces-destampage-pneumatique-didentification\/#breadcrumb"},"inLanguage":"fr-FR","potentialAction":[{"@type":"ReadAction","target":["https:\/\/lda.be\/fr\/produit\/serie-pnc-pinces-destampage-pneumatique-didentification\/"]}]},{"@type":"ImageObject","inLanguage":"fr-FR","@id":"https:\/\/lda.be\/fr\/produit\/serie-pnc-pinces-destampage-pneumatique-didentification\/#primaryimage","url":"https:\/\/lda.be\/wp-content\/uploads\/2026\/03\/Series-PNC-Pneumatic-Identification-Stamping-Clamp.webp","contentUrl":"https:\/\/lda.be\/wp-content\/uploads\/2026\/03\/Series-PNC-Pneumatic-Identification-Stamping-Clamp.webp","width":1080,"height":1080,"caption":"Series PNC Pneumatic Identification Stamping Clamp"},{"@type":"BreadcrumbList","@id":"https:\/\/lda.be\/fr\/produit\/serie-pnc-pinces-destampage-pneumatique-didentification\/#breadcrumb","itemListElement":[{"@type":"ListItem","position":1,"name":"Accueil","item":"https:\/\/lda.be\/fr\/"},{"@type":"ListItem","position":2,"name":"Produits","item":"https:\/\/lda.be\/fr\/produits\/"},{"@type":"ListItem","position":3,"name":"S\u00e9rie PNC pinces d&#8217;estampage pneumatique d&#8217;identification"}]},{"@type":"WebSite","@id":"https:\/\/lda.be\/fr\/#website","url":"https:\/\/lda.be\/fr\/","name":"LDA Belgium","description":"Solutions For Life","publisher":{"@id":"https:\/\/lda.be\/fr\/#organization"},"potentialAction":[{"@type":"SearchAction","target":{"@type":"EntryPoint","urlTemplate":"https:\/\/lda.be\/fr\/?s={search_term_string}"},"query-input":{"@type":"PropertyValueSpecification","valueRequired":true,"valueName":"search_term_string"}}],"inLanguage":"fr-FR"},{"@type":"Organization","@id":"https:\/\/lda.be\/fr\/#organization","name":"LDA Belgium","url":"https:\/\/lda.be\/fr\/","logo":{"@type":"ImageObject","inLanguage":"fr-FR","@id":"https:\/\/lda.be\/fr\/#\/schema\/logo\/image\/","url":"https:\/\/lda.be\/wp-content\/uploads\/2022\/07\/Logo-LDA.webp","contentUrl":"https:\/\/lda.be\/wp-content\/uploads\/2022\/07\/Logo-LDA.webp","width":311,"height":101,"caption":"LDA Belgium"},"image":{"@id":"https:\/\/lda.be\/fr\/#\/schema\/logo\/image\/"},"sameAs":["https:\/\/www.linkedin.com\/company\/lda-belgium-nv"]}]}},"_links":{"self":[{"href":"https:\/\/lda.be\/fr\/wp-json\/wp\/v2\/product\/15798","targetHints":{"allow":["GET"]}}],"collection":[{"href":"https:\/\/lda.be\/fr\/wp-json\/wp\/v2\/product"}],"about":[{"href":"https:\/\/lda.be\/fr\/wp-json\/wp\/v2\/types\/product"}],"replies":[{"embeddable":true,"href":"https:\/\/lda.be\/fr\/wp-json\/wp\/v2\/comments?post=15798"}],"wp:featuredmedia":[{"embeddable":true,"href":"https:\/\/lda.be\/fr\/wp-json\/wp\/v2\/media\/15792"}],"wp:attachment":[{"href":"https:\/\/lda.be\/fr\/wp-json\/wp\/v2\/media?parent=15798"}],"wp:term":[{"taxonomy":"product_brand","embeddable":true,"href":"https:\/\/lda.be\/fr\/wp-json\/wp\/v2\/product_brand?post=15798"},{"taxonomy":"product_cat","embeddable":true,"href":"https:\/\/lda.be\/fr\/wp-json\/wp\/v2\/product_cat?post=15798"},{"taxonomy":"product_tag","embeddable":true,"href":"https:\/\/lda.be\/fr\/wp-json\/wp\/v2\/product_tag?post=15798"}],"curies":[{"name":"wp","href":"https:\/\/api.w.org\/{rel}","templated":true}]}}