{"id":15808,"date":"2026-03-04T14:58:09","date_gmt":"2026-03-04T13:58:09","guid":{"rendered":"https:\/\/lda.be\/?post_type=product&#038;p=15808"},"modified":"2026-03-04T15:02:27","modified_gmt":"2026-03-04T14:02:27","slug":"actionneur-pneumatique-a-goupille-de-la-serie-psp","status":"publish","type":"product","link":"https:\/\/lda.be\/fr\/produit\/actionneur-pneumatique-a-goupille-de-la-serie-psp\/","title":{"rendered":"Actionneur pneumatique \u00e0 goupille de la s\u00e9rie PSP"},"content":{"rendered":"<p>Les actionneurs pneumatiques \u00e0 goupille de la s\u00e9rie PSP se caract\u00e9risent par une longueur de corps r\u00e9duite, une grande pr\u00e9cision du bloc de goupilles et la meilleure r\u00e9p\u00e9tabilit\u00e9 de leur cat\u00e9gorie. Un piston rectifi\u00e9 avec pr\u00e9cision, des roulements en aluminium \u00e0 rev\u00eatement PTFE dur et un syst\u00e8me de roulement anti-rotation en instance de brevet garantissent une pr\u00e9cision extr\u00eamement \u00e9lev\u00e9e du bloc de goupilles. Des racleurs en ur\u00e9thane ou des racleurs en bronze en option offrent une excellente protection contre la contamination. Les actionneurs de la s\u00e9rie PSP sont con\u00e7us pour une longue dur\u00e9e de vie et une grande pr\u00e9cision dans les zones de soudage et d&#8217;assemblage.<\/p>\n<p>Corps plus court, poids plus l\u00e9ger, plus grande pr\u00e9cision, syst\u00e8me de roulement anti-rotation<\/p>\n","protected":false},"excerpt":{"rendered":"<p>Les actionneurs pneumatiques \u00e0 goupille de la s\u00e9rie PSP se caract\u00e9risent par une longueur de corps r\u00e9duite, une grande pr\u00e9cision du bloc de goupilles et la meilleure r\u00e9p\u00e9tabilit\u00e9 de leur cat\u00e9gorie. Un piston rectifi\u00e9 avec pr\u00e9cision, des roulements en aluminium \u00e0 rev\u00eatement PTFE dur et un syst\u00e8me de roulement anti-rotation en instance de brevet garantissent [&hellip;]<\/p>\n","protected":false},"featured_media":15806,"comment_status":"closed","ping_status":"closed","template":"","meta":[],"product_brand":[1896,1277],"product_cat":[1902],"product_tag":[],"class_list":{"0":"post-15808","1":"product","2":"type-product","3":"status-publish","4":"has-post-thumbnail","6":"product_brand-clamps","7":"product_brand-phd","8":"product_cat-verins-de-serrage-speciale","10":"first","11":"instock","12":"shipping-taxable","13":"product-type-simple"},"yoast_head":"<!-- This site is optimized with the Yoast SEO plugin v27.3 - https:\/\/yoast.com\/product\/yoast-seo-wordpress\/ -->\n<title>Actionneur pneumatique \u00e0 goupille de la s\u00e9rie PSP - LDA Belgique<\/title>\n<meta name=\"description\" content=\"V\u00e9rins pneumatiques \u00e0 broche PSP : v\u00e9rins compacts avec syst\u00e8me de palier r\u00e9glable et absorption des chocs interne. Adapt\u00e9s aux applications pr\u00e9cises et fiables dans l\u2019automatisation industrielle.\" \/>\n<meta name=\"robots\" content=\"index, follow, max-snippet:-1, max-image-preview:large, max-video-preview:-1\" \/>\n<link rel=\"canonical\" href=\"https:\/\/lda.be\/fr\/produit\/actionneur-pneumatique-a-goupille-de-la-serie-psp\/\" \/>\n<meta property=\"og:locale\" content=\"fr_FR\" \/>\n<meta property=\"og:type\" content=\"article\" \/>\n<meta property=\"og:title\" content=\"Actionneur pneumatique \u00e0 goupille de la s\u00e9rie PSP - LDA Belgique\" \/>\n<meta property=\"og:description\" content=\"V\u00e9rins pneumatiques \u00e0 broche PSP : v\u00e9rins compacts avec syst\u00e8me de palier r\u00e9glable et absorption des chocs interne. Adapt\u00e9s aux applications pr\u00e9cises et fiables dans l\u2019automatisation industrielle.\" \/>\n<meta property=\"og:url\" content=\"https:\/\/lda.be\/fr\/produit\/actionneur-pneumatique-a-goupille-de-la-serie-psp\/\" \/>\n<meta property=\"og:site_name\" content=\"LDA Belgique\" \/>\n<meta property=\"article:modified_time\" content=\"2026-03-04T14:02:27+00:00\" \/>\n<meta property=\"og:image\" content=\"https:\/\/lda.be\/wp-content\/uploads\/2026\/03\/Serie-PSP-pneumatische-schietpinactuator.webp\" \/>\n\t<meta property=\"og:image:width\" content=\"1080\" \/>\n\t<meta property=\"og:image:height\" content=\"1080\" \/>\n\t<meta property=\"og:image:type\" content=\"image\/webp\" \/>\n<meta name=\"twitter:card\" content=\"summary_large_image\" \/>\n<meta name=\"twitter:label1\" content=\"Dur\u00e9e de lecture estim\u00e9e\" \/>\n\t<meta name=\"twitter:data1\" content=\"1 minute\" \/>\n<script type=\"application\/ld+json\" class=\"yoast-schema-graph\">{\"@context\":\"https:\\\/\\\/schema.org\",\"@graph\":[{\"@type\":\"WebPage\",\"@id\":\"https:\\\/\\\/lda.be\\\/fr\\\/produit\\\/actionneur-pneumatique-a-goupille-de-la-serie-psp\\\/\",\"url\":\"https:\\\/\\\/lda.be\\\/fr\\\/produit\\\/actionneur-pneumatique-a-goupille-de-la-serie-psp\\\/\",\"name\":\"Actionneur pneumatique \u00e0 goupille de la s\u00e9rie PSP - LDA Belgique\",\"isPartOf\":{\"@id\":\"https:\\\/\\\/lda.be\\\/fr\\\/#website\"},\"primaryImageOfPage\":{\"@id\":\"https:\\\/\\\/lda.be\\\/fr\\\/produit\\\/actionneur-pneumatique-a-goupille-de-la-serie-psp\\\/#primaryimage\"},\"image\":{\"@id\":\"https:\\\/\\\/lda.be\\\/fr\\\/produit\\\/actionneur-pneumatique-a-goupille-de-la-serie-psp\\\/#primaryimage\"},\"thumbnailUrl\":\"https:\\\/\\\/lda.be\\\/wp-content\\\/uploads\\\/2026\\\/03\\\/Serie-PSP-pneumatische-schietpinactuator.webp\",\"datePublished\":\"2026-03-04T13:58:09+00:00\",\"dateModified\":\"2026-03-04T14:02:27+00:00\",\"description\":\"V\u00e9rins pneumatiques \u00e0 broche PSP : v\u00e9rins compacts avec syst\u00e8me de palier r\u00e9glable et absorption des chocs interne. Adapt\u00e9s aux applications pr\u00e9cises et fiables dans l\u2019automatisation industrielle.\",\"breadcrumb\":{\"@id\":\"https:\\\/\\\/lda.be\\\/fr\\\/produit\\\/actionneur-pneumatique-a-goupille-de-la-serie-psp\\\/#breadcrumb\"},\"inLanguage\":\"fr-FR\",\"potentialAction\":[{\"@type\":\"ReadAction\",\"target\":[\"https:\\\/\\\/lda.be\\\/fr\\\/produit\\\/actionneur-pneumatique-a-goupille-de-la-serie-psp\\\/\"]}]},{\"@type\":\"ImageObject\",\"inLanguage\":\"fr-FR\",\"@id\":\"https:\\\/\\\/lda.be\\\/fr\\\/produit\\\/actionneur-pneumatique-a-goupille-de-la-serie-psp\\\/#primaryimage\",\"url\":\"https:\\\/\\\/lda.be\\\/wp-content\\\/uploads\\\/2026\\\/03\\\/Serie-PSP-pneumatische-schietpinactuator.webp\",\"contentUrl\":\"https:\\\/\\\/lda.be\\\/wp-content\\\/uploads\\\/2026\\\/03\\\/Serie-PSP-pneumatische-schietpinactuator.webp\",\"width\":1080,\"height\":1080,\"caption\":\"Serie PSP pneumatische schietpinactuator\"},{\"@type\":\"BreadcrumbList\",\"@id\":\"https:\\\/\\\/lda.be\\\/fr\\\/produit\\\/actionneur-pneumatique-a-goupille-de-la-serie-psp\\\/#breadcrumb\",\"itemListElement\":[{\"@type\":\"ListItem\",\"position\":1,\"name\":\"Accueil\",\"item\":\"https:\\\/\\\/lda.be\\\/fr\\\/\"},{\"@type\":\"ListItem\",\"position\":2,\"name\":\"Produits\",\"item\":\"https:\\\/\\\/lda.be\\\/fr\\\/produits\\\/\"},{\"@type\":\"ListItem\",\"position\":3,\"name\":\"Actionneur pneumatique \u00e0 goupille de la s\u00e9rie PSP\"}]},{\"@type\":\"WebSite\",\"@id\":\"https:\\\/\\\/lda.be\\\/fr\\\/#website\",\"url\":\"https:\\\/\\\/lda.be\\\/fr\\\/\",\"name\":\"LDA Belgium\",\"description\":\"Solutions For Life\",\"publisher\":{\"@id\":\"https:\\\/\\\/lda.be\\\/fr\\\/#organization\"},\"potentialAction\":[{\"@type\":\"SearchAction\",\"target\":{\"@type\":\"EntryPoint\",\"urlTemplate\":\"https:\\\/\\\/lda.be\\\/fr\\\/?s={search_term_string}\"},\"query-input\":{\"@type\":\"PropertyValueSpecification\",\"valueRequired\":true,\"valueName\":\"search_term_string\"}}],\"inLanguage\":\"fr-FR\"},{\"@type\":\"Organization\",\"@id\":\"https:\\\/\\\/lda.be\\\/fr\\\/#organization\",\"name\":\"LDA Belgium\",\"url\":\"https:\\\/\\\/lda.be\\\/fr\\\/\",\"logo\":{\"@type\":\"ImageObject\",\"inLanguage\":\"fr-FR\",\"@id\":\"https:\\\/\\\/lda.be\\\/fr\\\/#\\\/schema\\\/logo\\\/image\\\/\",\"url\":\"https:\\\/\\\/lda.be\\\/wp-content\\\/uploads\\\/2022\\\/07\\\/Logo-LDA.webp\",\"contentUrl\":\"https:\\\/\\\/lda.be\\\/wp-content\\\/uploads\\\/2022\\\/07\\\/Logo-LDA.webp\",\"width\":311,\"height\":101,\"caption\":\"LDA Belgium\"},\"image\":{\"@id\":\"https:\\\/\\\/lda.be\\\/fr\\\/#\\\/schema\\\/logo\\\/image\\\/\"},\"sameAs\":[\"https:\\\/\\\/www.linkedin.com\\\/company\\\/lda-belgium-nv\"]}]}<\/script>\n<!-- \/ Yoast SEO plugin. -->","yoast_head_json":{"title":"Actionneur pneumatique \u00e0 goupille de la s\u00e9rie PSP - LDA Belgique","description":"V\u00e9rins pneumatiques \u00e0 broche PSP : v\u00e9rins compacts avec syst\u00e8me de palier r\u00e9glable et absorption des chocs interne. Adapt\u00e9s aux applications pr\u00e9cises et fiables dans l\u2019automatisation industrielle.","robots":{"index":"index","follow":"follow","max-snippet":"max-snippet:-1","max-image-preview":"max-image-preview:large","max-video-preview":"max-video-preview:-1"},"canonical":"https:\/\/lda.be\/fr\/produit\/actionneur-pneumatique-a-goupille-de-la-serie-psp\/","og_locale":"fr_FR","og_type":"article","og_title":"Actionneur pneumatique \u00e0 goupille de la s\u00e9rie PSP - LDA Belgique","og_description":"V\u00e9rins pneumatiques \u00e0 broche PSP : v\u00e9rins compacts avec syst\u00e8me de palier r\u00e9glable et absorption des chocs interne. Adapt\u00e9s aux applications pr\u00e9cises et fiables dans l\u2019automatisation industrielle.","og_url":"https:\/\/lda.be\/fr\/produit\/actionneur-pneumatique-a-goupille-de-la-serie-psp\/","og_site_name":"LDA Belgique","article_modified_time":"2026-03-04T14:02:27+00:00","og_image":[{"width":1080,"height":1080,"url":"https:\/\/lda.be\/wp-content\/uploads\/2026\/03\/Serie-PSP-pneumatische-schietpinactuator.webp","type":"image\/webp"}],"twitter_card":"summary_large_image","twitter_misc":{"Dur\u00e9e de lecture estim\u00e9e":"1 minute"},"schema":{"@context":"https:\/\/schema.org","@graph":[{"@type":"WebPage","@id":"https:\/\/lda.be\/fr\/produit\/actionneur-pneumatique-a-goupille-de-la-serie-psp\/","url":"https:\/\/lda.be\/fr\/produit\/actionneur-pneumatique-a-goupille-de-la-serie-psp\/","name":"Actionneur pneumatique \u00e0 goupille de la s\u00e9rie PSP - LDA Belgique","isPartOf":{"@id":"https:\/\/lda.be\/fr\/#website"},"primaryImageOfPage":{"@id":"https:\/\/lda.be\/fr\/produit\/actionneur-pneumatique-a-goupille-de-la-serie-psp\/#primaryimage"},"image":{"@id":"https:\/\/lda.be\/fr\/produit\/actionneur-pneumatique-a-goupille-de-la-serie-psp\/#primaryimage"},"thumbnailUrl":"https:\/\/lda.be\/wp-content\/uploads\/2026\/03\/Serie-PSP-pneumatische-schietpinactuator.webp","datePublished":"2026-03-04T13:58:09+00:00","dateModified":"2026-03-04T14:02:27+00:00","description":"V\u00e9rins pneumatiques \u00e0 broche PSP : v\u00e9rins compacts avec syst\u00e8me de palier r\u00e9glable et absorption des chocs interne. Adapt\u00e9s aux applications pr\u00e9cises et fiables dans l\u2019automatisation industrielle.","breadcrumb":{"@id":"https:\/\/lda.be\/fr\/produit\/actionneur-pneumatique-a-goupille-de-la-serie-psp\/#breadcrumb"},"inLanguage":"fr-FR","potentialAction":[{"@type":"ReadAction","target":["https:\/\/lda.be\/fr\/produit\/actionneur-pneumatique-a-goupille-de-la-serie-psp\/"]}]},{"@type":"ImageObject","inLanguage":"fr-FR","@id":"https:\/\/lda.be\/fr\/produit\/actionneur-pneumatique-a-goupille-de-la-serie-psp\/#primaryimage","url":"https:\/\/lda.be\/wp-content\/uploads\/2026\/03\/Serie-PSP-pneumatische-schietpinactuator.webp","contentUrl":"https:\/\/lda.be\/wp-content\/uploads\/2026\/03\/Serie-PSP-pneumatische-schietpinactuator.webp","width":1080,"height":1080,"caption":"Serie PSP pneumatische schietpinactuator"},{"@type":"BreadcrumbList","@id":"https:\/\/lda.be\/fr\/produit\/actionneur-pneumatique-a-goupille-de-la-serie-psp\/#breadcrumb","itemListElement":[{"@type":"ListItem","position":1,"name":"Accueil","item":"https:\/\/lda.be\/fr\/"},{"@type":"ListItem","position":2,"name":"Produits","item":"https:\/\/lda.be\/fr\/produits\/"},{"@type":"ListItem","position":3,"name":"Actionneur pneumatique \u00e0 goupille de la s\u00e9rie PSP"}]},{"@type":"WebSite","@id":"https:\/\/lda.be\/fr\/#website","url":"https:\/\/lda.be\/fr\/","name":"LDA Belgium","description":"Solutions For Life","publisher":{"@id":"https:\/\/lda.be\/fr\/#organization"},"potentialAction":[{"@type":"SearchAction","target":{"@type":"EntryPoint","urlTemplate":"https:\/\/lda.be\/fr\/?s={search_term_string}"},"query-input":{"@type":"PropertyValueSpecification","valueRequired":true,"valueName":"search_term_string"}}],"inLanguage":"fr-FR"},{"@type":"Organization","@id":"https:\/\/lda.be\/fr\/#organization","name":"LDA Belgium","url":"https:\/\/lda.be\/fr\/","logo":{"@type":"ImageObject","inLanguage":"fr-FR","@id":"https:\/\/lda.be\/fr\/#\/schema\/logo\/image\/","url":"https:\/\/lda.be\/wp-content\/uploads\/2022\/07\/Logo-LDA.webp","contentUrl":"https:\/\/lda.be\/wp-content\/uploads\/2022\/07\/Logo-LDA.webp","width":311,"height":101,"caption":"LDA Belgium"},"image":{"@id":"https:\/\/lda.be\/fr\/#\/schema\/logo\/image\/"},"sameAs":["https:\/\/www.linkedin.com\/company\/lda-belgium-nv"]}]}},"_links":{"self":[{"href":"https:\/\/lda.be\/fr\/wp-json\/wp\/v2\/product\/15808","targetHints":{"allow":["GET"]}}],"collection":[{"href":"https:\/\/lda.be\/fr\/wp-json\/wp\/v2\/product"}],"about":[{"href":"https:\/\/lda.be\/fr\/wp-json\/wp\/v2\/types\/product"}],"replies":[{"embeddable":true,"href":"https:\/\/lda.be\/fr\/wp-json\/wp\/v2\/comments?post=15808"}],"wp:featuredmedia":[{"embeddable":true,"href":"https:\/\/lda.be\/fr\/wp-json\/wp\/v2\/media\/15806"}],"wp:attachment":[{"href":"https:\/\/lda.be\/fr\/wp-json\/wp\/v2\/media?parent=15808"}],"wp:term":[{"taxonomy":"product_brand","embeddable":true,"href":"https:\/\/lda.be\/fr\/wp-json\/wp\/v2\/product_brand?post=15808"},{"taxonomy":"product_cat","embeddable":true,"href":"https:\/\/lda.be\/fr\/wp-json\/wp\/v2\/product_cat?post=15808"},{"taxonomy":"product_tag","embeddable":true,"href":"https:\/\/lda.be\/fr\/wp-json\/wp\/v2\/product_tag?post=15808"}],"curies":[{"name":"wp","href":"https:\/\/api.w.org\/{rel}","templated":true}]}}