{"id":15820,"date":"2026-03-04T16:29:19","date_gmt":"2026-03-04T15:29:19","guid":{"rendered":"https:\/\/lda.be\/?post_type=product&#038;p=15820"},"modified":"2026-03-04T16:48:55","modified_gmt":"2026-03-04T15:48:55","slug":"la-erdp-remote-drive","status":"publish","type":"product","link":"https:\/\/lda.be\/fr\/produit\/la-erdp-remote-drive\/","title":{"rendered":"La ERDP remote drive"},"content":{"rendered":"<p>La<strong> ERDP remote drive<\/strong> permet une <strong>alimentation \u00e9lectrique<\/strong> des pr\u00e9henseurs, v\u00e9rins et actionneurs lin\u00e9aires pneumatiques, ind\u00e9pendamment des syst\u00e8mes d&#8217;air comprim\u00e9 d&#8217;usine. Contrairement \u00e0 un syst\u00e8me pneumatique conventionnel, la commande \u00e0 distance et les actionneur(s) attach\u00e9(s) forment un <strong>syst\u00e8me en boucle ferm\u00e9e<\/strong> sans perte d&#8217;air pendant le fonctionnement, augmentant ainsi l&#8217;efficacit\u00e9 \u00e9nerg\u00e9tique. L&#8217;ERDP peut alimenter plusieurs actionneurs simultan\u00e9ment et \u00e9mule le comportement des actionneurs pneumatiques, comme la pr\u00e9hension et le rel\u00e2chement. La Remote drive est <strong>programmable<\/strong> et peut inclure un frein de couple pour r\u00e9duire la consommation d&#8217;\u00e9nergie pendant les longs intervalles de pr\u00e9hension ou de serrage.<\/p>\n","protected":false},"excerpt":{"rendered":"<p>La ERDP remote drive permet une alimentation \u00e9lectrique des pr\u00e9henseurs, v\u00e9rins et actionneurs lin\u00e9aires pneumatiques, ind\u00e9pendamment des syst\u00e8mes d&#8217;air comprim\u00e9 d&#8217;usine. Contrairement \u00e0 un syst\u00e8me pneumatique conventionnel, la commande \u00e0 distance et les actionneur(s) attach\u00e9(s) forment un syst\u00e8me en boucle ferm\u00e9e sans perte d&#8217;air pendant le fonctionnement, augmentant ainsi l&#8217;efficacit\u00e9 \u00e9nerg\u00e9tique. L&#8217;ERDP peut alimenter plusieurs [&hellip;]<\/p>\n","protected":false},"featured_media":15814,"comment_status":"closed","ping_status":"closed","template":"","meta":[],"product_brand":[1277],"product_cat":[998],"product_tag":[],"class_list":{"0":"post-15820","1":"product","2":"type-product","3":"status-publish","4":"has-post-thumbnail","6":"product_brand-phd","7":"product_cat-air-a-la-demande-fr","9":"first","10":"instock","11":"shipping-taxable","12":"product-type-simple"},"yoast_head":"<!-- This site is optimized with the Yoast SEO plugin v27.3 - https:\/\/yoast.com\/product\/yoast-seo-wordpress\/ -->\n<title>La ERDP remote drive - LDA Belgique<\/title>\n<meta name=\"description\" content=\"Remote driveERDP : syst\u00e8me \u00e9lectrique pour actionneurs pneumatiques avec boucle ferm\u00e9e et \u00e9conomie d&#039;\u00e9nergie. Adapt\u00e9 \u00e0 la robotique, l&#039;automatisation\" \/>\n<meta name=\"robots\" content=\"index, follow, max-snippet:-1, max-image-preview:large, max-video-preview:-1\" \/>\n<link rel=\"canonical\" href=\"https:\/\/lda.be\/fr\/produit\/la-erdp-remote-drive\/\" \/>\n<meta property=\"og:locale\" content=\"fr_FR\" \/>\n<meta property=\"og:type\" content=\"article\" \/>\n<meta property=\"og:title\" content=\"La ERDP remote drive - LDA Belgique\" \/>\n<meta property=\"og:description\" content=\"Remote driveERDP : syst\u00e8me \u00e9lectrique pour actionneurs pneumatiques avec boucle ferm\u00e9e et \u00e9conomie d&#039;\u00e9nergie. Adapt\u00e9 \u00e0 la robotique, l&#039;automatisation\" \/>\n<meta property=\"og:url\" content=\"https:\/\/lda.be\/fr\/produit\/la-erdp-remote-drive\/\" \/>\n<meta property=\"og:site_name\" content=\"LDA Belgique\" \/>\n<meta property=\"article:modified_time\" content=\"2026-03-04T15:48:55+00:00\" \/>\n<meta property=\"og:image\" content=\"https:\/\/lda.be\/wp-content\/uploads\/2026\/03\/ERDP-remote-drive-1.webp\" \/>\n\t<meta property=\"og:image:width\" content=\"1080\" \/>\n\t<meta property=\"og:image:height\" content=\"1080\" \/>\n\t<meta property=\"og:image:type\" content=\"image\/webp\" \/>\n<meta name=\"twitter:card\" content=\"summary_large_image\" \/>\n<meta name=\"twitter:label1\" content=\"Dur\u00e9e de lecture estim\u00e9e\" \/>\n\t<meta name=\"twitter:data1\" content=\"1 minute\" \/>\n<script type=\"application\/ld+json\" class=\"yoast-schema-graph\">{\"@context\":\"https:\\\/\\\/schema.org\",\"@graph\":[{\"@type\":\"WebPage\",\"@id\":\"https:\\\/\\\/lda.be\\\/fr\\\/produit\\\/la-erdp-remote-drive\\\/\",\"url\":\"https:\\\/\\\/lda.be\\\/fr\\\/produit\\\/la-erdp-remote-drive\\\/\",\"name\":\"La ERDP remote drive - LDA Belgique\",\"isPartOf\":{\"@id\":\"https:\\\/\\\/lda.be\\\/fr\\\/#website\"},\"primaryImageOfPage\":{\"@id\":\"https:\\\/\\\/lda.be\\\/fr\\\/produit\\\/la-erdp-remote-drive\\\/#primaryimage\"},\"image\":{\"@id\":\"https:\\\/\\\/lda.be\\\/fr\\\/produit\\\/la-erdp-remote-drive\\\/#primaryimage\"},\"thumbnailUrl\":\"https:\\\/\\\/lda.be\\\/wp-content\\\/uploads\\\/2026\\\/03\\\/ERDP-remote-drive-1.webp\",\"datePublished\":\"2026-03-04T15:29:19+00:00\",\"dateModified\":\"2026-03-04T15:48:55+00:00\",\"description\":\"Remote driveERDP : syst\u00e8me \u00e9lectrique pour actionneurs pneumatiques avec boucle ferm\u00e9e et \u00e9conomie d'\u00e9nergie. Adapt\u00e9 \u00e0 la robotique, l'automatisation\",\"breadcrumb\":{\"@id\":\"https:\\\/\\\/lda.be\\\/fr\\\/produit\\\/la-erdp-remote-drive\\\/#breadcrumb\"},\"inLanguage\":\"fr-FR\",\"potentialAction\":[{\"@type\":\"ReadAction\",\"target\":[\"https:\\\/\\\/lda.be\\\/fr\\\/produit\\\/la-erdp-remote-drive\\\/\"]}]},{\"@type\":\"ImageObject\",\"inLanguage\":\"fr-FR\",\"@id\":\"https:\\\/\\\/lda.be\\\/fr\\\/produit\\\/la-erdp-remote-drive\\\/#primaryimage\",\"url\":\"https:\\\/\\\/lda.be\\\/wp-content\\\/uploads\\\/2026\\\/03\\\/ERDP-remote-drive-1.webp\",\"contentUrl\":\"https:\\\/\\\/lda.be\\\/wp-content\\\/uploads\\\/2026\\\/03\\\/ERDP-remote-drive-1.webp\",\"width\":1080,\"height\":1080,\"caption\":\"ERDP remote drive maakt perslucht aan\"},{\"@type\":\"BreadcrumbList\",\"@id\":\"https:\\\/\\\/lda.be\\\/fr\\\/produit\\\/la-erdp-remote-drive\\\/#breadcrumb\",\"itemListElement\":[{\"@type\":\"ListItem\",\"position\":1,\"name\":\"Accueil\",\"item\":\"https:\\\/\\\/lda.be\\\/fr\\\/\"},{\"@type\":\"ListItem\",\"position\":2,\"name\":\"Produits\",\"item\":\"https:\\\/\\\/lda.be\\\/fr\\\/produits\\\/\"},{\"@type\":\"ListItem\",\"position\":3,\"name\":\"La ERDP remote drive\"}]},{\"@type\":\"WebSite\",\"@id\":\"https:\\\/\\\/lda.be\\\/fr\\\/#website\",\"url\":\"https:\\\/\\\/lda.be\\\/fr\\\/\",\"name\":\"LDA Belgium\",\"description\":\"Solutions For Life\",\"publisher\":{\"@id\":\"https:\\\/\\\/lda.be\\\/fr\\\/#organization\"},\"potentialAction\":[{\"@type\":\"SearchAction\",\"target\":{\"@type\":\"EntryPoint\",\"urlTemplate\":\"https:\\\/\\\/lda.be\\\/fr\\\/?s={search_term_string}\"},\"query-input\":{\"@type\":\"PropertyValueSpecification\",\"valueRequired\":true,\"valueName\":\"search_term_string\"}}],\"inLanguage\":\"fr-FR\"},{\"@type\":\"Organization\",\"@id\":\"https:\\\/\\\/lda.be\\\/fr\\\/#organization\",\"name\":\"LDA Belgium\",\"url\":\"https:\\\/\\\/lda.be\\\/fr\\\/\",\"logo\":{\"@type\":\"ImageObject\",\"inLanguage\":\"fr-FR\",\"@id\":\"https:\\\/\\\/lda.be\\\/fr\\\/#\\\/schema\\\/logo\\\/image\\\/\",\"url\":\"https:\\\/\\\/lda.be\\\/wp-content\\\/uploads\\\/2022\\\/07\\\/Logo-LDA.webp\",\"contentUrl\":\"https:\\\/\\\/lda.be\\\/wp-content\\\/uploads\\\/2022\\\/07\\\/Logo-LDA.webp\",\"width\":311,\"height\":101,\"caption\":\"LDA Belgium\"},\"image\":{\"@id\":\"https:\\\/\\\/lda.be\\\/fr\\\/#\\\/schema\\\/logo\\\/image\\\/\"},\"sameAs\":[\"https:\\\/\\\/www.linkedin.com\\\/company\\\/lda-belgium-nv\"]}]}<\/script>\n<!-- \/ Yoast SEO plugin. -->","yoast_head_json":{"title":"La ERDP remote drive - LDA Belgique","description":"Remote driveERDP : syst\u00e8me \u00e9lectrique pour actionneurs pneumatiques avec boucle ferm\u00e9e et \u00e9conomie d'\u00e9nergie. Adapt\u00e9 \u00e0 la robotique, l'automatisation","robots":{"index":"index","follow":"follow","max-snippet":"max-snippet:-1","max-image-preview":"max-image-preview:large","max-video-preview":"max-video-preview:-1"},"canonical":"https:\/\/lda.be\/fr\/produit\/la-erdp-remote-drive\/","og_locale":"fr_FR","og_type":"article","og_title":"La ERDP remote drive - LDA Belgique","og_description":"Remote driveERDP : syst\u00e8me \u00e9lectrique pour actionneurs pneumatiques avec boucle ferm\u00e9e et \u00e9conomie d'\u00e9nergie. Adapt\u00e9 \u00e0 la robotique, l'automatisation","og_url":"https:\/\/lda.be\/fr\/produit\/la-erdp-remote-drive\/","og_site_name":"LDA Belgique","article_modified_time":"2026-03-04T15:48:55+00:00","og_image":[{"width":1080,"height":1080,"url":"https:\/\/lda.be\/wp-content\/uploads\/2026\/03\/ERDP-remote-drive-1.webp","type":"image\/webp"}],"twitter_card":"summary_large_image","twitter_misc":{"Dur\u00e9e de lecture estim\u00e9e":"1 minute"},"schema":{"@context":"https:\/\/schema.org","@graph":[{"@type":"WebPage","@id":"https:\/\/lda.be\/fr\/produit\/la-erdp-remote-drive\/","url":"https:\/\/lda.be\/fr\/produit\/la-erdp-remote-drive\/","name":"La ERDP remote drive - LDA Belgique","isPartOf":{"@id":"https:\/\/lda.be\/fr\/#website"},"primaryImageOfPage":{"@id":"https:\/\/lda.be\/fr\/produit\/la-erdp-remote-drive\/#primaryimage"},"image":{"@id":"https:\/\/lda.be\/fr\/produit\/la-erdp-remote-drive\/#primaryimage"},"thumbnailUrl":"https:\/\/lda.be\/wp-content\/uploads\/2026\/03\/ERDP-remote-drive-1.webp","datePublished":"2026-03-04T15:29:19+00:00","dateModified":"2026-03-04T15:48:55+00:00","description":"Remote driveERDP : syst\u00e8me \u00e9lectrique pour actionneurs pneumatiques avec boucle ferm\u00e9e et \u00e9conomie d'\u00e9nergie. Adapt\u00e9 \u00e0 la robotique, l'automatisation","breadcrumb":{"@id":"https:\/\/lda.be\/fr\/produit\/la-erdp-remote-drive\/#breadcrumb"},"inLanguage":"fr-FR","potentialAction":[{"@type":"ReadAction","target":["https:\/\/lda.be\/fr\/produit\/la-erdp-remote-drive\/"]}]},{"@type":"ImageObject","inLanguage":"fr-FR","@id":"https:\/\/lda.be\/fr\/produit\/la-erdp-remote-drive\/#primaryimage","url":"https:\/\/lda.be\/wp-content\/uploads\/2026\/03\/ERDP-remote-drive-1.webp","contentUrl":"https:\/\/lda.be\/wp-content\/uploads\/2026\/03\/ERDP-remote-drive-1.webp","width":1080,"height":1080,"caption":"ERDP remote drive maakt perslucht aan"},{"@type":"BreadcrumbList","@id":"https:\/\/lda.be\/fr\/produit\/la-erdp-remote-drive\/#breadcrumb","itemListElement":[{"@type":"ListItem","position":1,"name":"Accueil","item":"https:\/\/lda.be\/fr\/"},{"@type":"ListItem","position":2,"name":"Produits","item":"https:\/\/lda.be\/fr\/produits\/"},{"@type":"ListItem","position":3,"name":"La ERDP remote drive"}]},{"@type":"WebSite","@id":"https:\/\/lda.be\/fr\/#website","url":"https:\/\/lda.be\/fr\/","name":"LDA Belgium","description":"Solutions For Life","publisher":{"@id":"https:\/\/lda.be\/fr\/#organization"},"potentialAction":[{"@type":"SearchAction","target":{"@type":"EntryPoint","urlTemplate":"https:\/\/lda.be\/fr\/?s={search_term_string}"},"query-input":{"@type":"PropertyValueSpecification","valueRequired":true,"valueName":"search_term_string"}}],"inLanguage":"fr-FR"},{"@type":"Organization","@id":"https:\/\/lda.be\/fr\/#organization","name":"LDA Belgium","url":"https:\/\/lda.be\/fr\/","logo":{"@type":"ImageObject","inLanguage":"fr-FR","@id":"https:\/\/lda.be\/fr\/#\/schema\/logo\/image\/","url":"https:\/\/lda.be\/wp-content\/uploads\/2022\/07\/Logo-LDA.webp","contentUrl":"https:\/\/lda.be\/wp-content\/uploads\/2022\/07\/Logo-LDA.webp","width":311,"height":101,"caption":"LDA Belgium"},"image":{"@id":"https:\/\/lda.be\/fr\/#\/schema\/logo\/image\/"},"sameAs":["https:\/\/www.linkedin.com\/company\/lda-belgium-nv"]}]}},"_links":{"self":[{"href":"https:\/\/lda.be\/fr\/wp-json\/wp\/v2\/product\/15820","targetHints":{"allow":["GET"]}}],"collection":[{"href":"https:\/\/lda.be\/fr\/wp-json\/wp\/v2\/product"}],"about":[{"href":"https:\/\/lda.be\/fr\/wp-json\/wp\/v2\/types\/product"}],"replies":[{"embeddable":true,"href":"https:\/\/lda.be\/fr\/wp-json\/wp\/v2\/comments?post=15820"}],"wp:featuredmedia":[{"embeddable":true,"href":"https:\/\/lda.be\/fr\/wp-json\/wp\/v2\/media\/15814"}],"wp:attachment":[{"href":"https:\/\/lda.be\/fr\/wp-json\/wp\/v2\/media?parent=15820"}],"wp:term":[{"taxonomy":"product_brand","embeddable":true,"href":"https:\/\/lda.be\/fr\/wp-json\/wp\/v2\/product_brand?post=15820"},{"taxonomy":"product_cat","embeddable":true,"href":"https:\/\/lda.be\/fr\/wp-json\/wp\/v2\/product_cat?post=15820"},{"taxonomy":"product_tag","embeddable":true,"href":"https:\/\/lda.be\/fr\/wp-json\/wp\/v2\/product_tag?post=15820"}],"curies":[{"name":"wp","href":"https:\/\/api.w.org\/{rel}","templated":true}]}}