{"id":15830,"date":"2026-03-05T15:41:14","date_gmt":"2026-03-05T14:41:14","guid":{"rendered":"https:\/\/lda.be\/?post_type=product&#038;p=15830"},"modified":"2026-03-05T16:02:38","modified_gmt":"2026-03-05T15:02:38","slug":"les-pompes-pneumatiques-erpp","status":"publish","type":"product","link":"https:\/\/lda.be\/fr\/produit\/les-pompes-pneumatiques-erpp\/","title":{"rendered":"Les pompes pneumatiques ERPP"},"content":{"rendered":"<p>Les pompes pneumatiques ERPP g\u00e9n\u00e8rent de l&#8217;air comprim\u00e9 \u00e0 la demande pour alimenter les syst\u00e8mes pneumatiques conventionnels en boucle ouverte. Ces pompes offrent une source d&#8217;air comprim\u00e9 produite localement et utilisent des vannes, des conduites d&#8217;air et des filtres standard pour contr\u00f4ler les actionneurs pneumatiques. L&#8217;ERPP est g\u00e9n\u00e9ralement utilis\u00e9e avec un accumulateur externe pour cr\u00e9er un r\u00e9servoir d&#8217;air comprim\u00e9 et s&#8217;arr\u00eate automatiquement lorsque la pression pr\u00e9r\u00e9gl\u00e9e est atteinte. La pompe produit moins de bruit par rapport aux compresseurs d&#8217;air traditionnels de type &#8220;pancake&#8221; et est personnalisable pour des applications sp\u00e9cifiques.<\/p>\n","protected":false},"excerpt":{"rendered":"<p>Les pompes pneumatiques ERPP g\u00e9n\u00e8rent de l&#8217;air comprim\u00e9 \u00e0 la demande pour alimenter les syst\u00e8mes pneumatiques conventionnels en boucle ouverte. Ces pompes offrent une source d&#8217;air comprim\u00e9 produite localement et utilisent des vannes, des conduites d&#8217;air et des filtres standard pour contr\u00f4ler les actionneurs pneumatiques. L&#8217;ERPP est g\u00e9n\u00e9ralement utilis\u00e9e avec un accumulateur externe pour cr\u00e9er [&hellip;]<\/p>\n","protected":false},"featured_media":15828,"comment_status":"closed","ping_status":"closed","template":"","meta":[],"product_brand":[1277],"product_cat":[998],"product_tag":[],"class_list":{"0":"post-15830","1":"product","2":"type-product","3":"status-publish","4":"has-post-thumbnail","6":"product_brand-phd","7":"product_cat-air-a-la-demande-fr","9":"first","10":"instock","11":"shipping-taxable","12":"product-type-simple"},"yoast_head":"<!-- This site is optimized with the Yoast SEO plugin v27.3 - https:\/\/yoast.com\/product\/yoast-seo-wordpress\/ -->\n<title>Les pompes pneumatiques ERPP - LDA Belgique<\/title>\n<meta name=\"description\" content=\"Pompes pneumatiques ERPP : g\u00e9n\u00e9ration locale d&#039;air comprim\u00e9 \u00e0 6 bar et fonctionnement silencieux. Adapt\u00e9es \u00e0 la robotique, aux applications m\u00e9dicales et \u00e0 l&#039;automatisation.\" \/>\n<meta name=\"robots\" content=\"index, follow, max-snippet:-1, max-image-preview:large, max-video-preview:-1\" \/>\n<link rel=\"canonical\" href=\"https:\/\/lda.be\/fr\/produit\/les-pompes-pneumatiques-erpp\/\" \/>\n<meta property=\"og:locale\" content=\"fr_FR\" \/>\n<meta property=\"og:type\" content=\"article\" \/>\n<meta property=\"og:title\" content=\"Les pompes pneumatiques ERPP - LDA Belgique\" \/>\n<meta property=\"og:description\" content=\"Pompes pneumatiques ERPP : g\u00e9n\u00e9ration locale d&#039;air comprim\u00e9 \u00e0 6 bar et fonctionnement silencieux. Adapt\u00e9es \u00e0 la robotique, aux applications m\u00e9dicales et \u00e0 l&#039;automatisation.\" \/>\n<meta property=\"og:url\" content=\"https:\/\/lda.be\/fr\/produit\/les-pompes-pneumatiques-erpp\/\" \/>\n<meta property=\"og:site_name\" content=\"LDA Belgique\" \/>\n<meta property=\"article:modified_time\" content=\"2026-03-05T15:02:38+00:00\" \/>\n<meta property=\"og:image\" content=\"https:\/\/lda.be\/wp-content\/uploads\/2026\/03\/ERPP.webp\" \/>\n\t<meta property=\"og:image:width\" content=\"1080\" \/>\n\t<meta property=\"og:image:height\" content=\"1080\" \/>\n\t<meta property=\"og:image:type\" content=\"image\/webp\" \/>\n<meta name=\"twitter:card\" content=\"summary_large_image\" \/>\n<meta name=\"twitter:label1\" content=\"Dur\u00e9e de lecture estim\u00e9e\" \/>\n\t<meta name=\"twitter:data1\" content=\"1 minute\" \/>\n<script type=\"application\/ld+json\" class=\"yoast-schema-graph\">{\"@context\":\"https:\\\/\\\/schema.org\",\"@graph\":[{\"@type\":\"WebPage\",\"@id\":\"https:\\\/\\\/lda.be\\\/fr\\\/produit\\\/les-pompes-pneumatiques-erpp\\\/\",\"url\":\"https:\\\/\\\/lda.be\\\/fr\\\/produit\\\/les-pompes-pneumatiques-erpp\\\/\",\"name\":\"Les pompes pneumatiques ERPP - LDA Belgique\",\"isPartOf\":{\"@id\":\"https:\\\/\\\/lda.be\\\/fr\\\/#website\"},\"primaryImageOfPage\":{\"@id\":\"https:\\\/\\\/lda.be\\\/fr\\\/produit\\\/les-pompes-pneumatiques-erpp\\\/#primaryimage\"},\"image\":{\"@id\":\"https:\\\/\\\/lda.be\\\/fr\\\/produit\\\/les-pompes-pneumatiques-erpp\\\/#primaryimage\"},\"thumbnailUrl\":\"https:\\\/\\\/lda.be\\\/wp-content\\\/uploads\\\/2026\\\/03\\\/ERPP.webp\",\"datePublished\":\"2026-03-05T14:41:14+00:00\",\"dateModified\":\"2026-03-05T15:02:38+00:00\",\"description\":\"Pompes pneumatiques ERPP : g\u00e9n\u00e9ration locale d'air comprim\u00e9 \u00e0 6 bar et fonctionnement silencieux. Adapt\u00e9es \u00e0 la robotique, aux applications m\u00e9dicales et \u00e0 l'automatisation.\",\"breadcrumb\":{\"@id\":\"https:\\\/\\\/lda.be\\\/fr\\\/produit\\\/les-pompes-pneumatiques-erpp\\\/#breadcrumb\"},\"inLanguage\":\"fr-FR\",\"potentialAction\":[{\"@type\":\"ReadAction\",\"target\":[\"https:\\\/\\\/lda.be\\\/fr\\\/produit\\\/les-pompes-pneumatiques-erpp\\\/\"]}]},{\"@type\":\"ImageObject\",\"inLanguage\":\"fr-FR\",\"@id\":\"https:\\\/\\\/lda.be\\\/fr\\\/produit\\\/les-pompes-pneumatiques-erpp\\\/#primaryimage\",\"url\":\"https:\\\/\\\/lda.be\\\/wp-content\\\/uploads\\\/2026\\\/03\\\/ERPP.webp\",\"contentUrl\":\"https:\\\/\\\/lda.be\\\/wp-content\\\/uploads\\\/2026\\\/03\\\/ERPP.webp\",\"width\":1080,\"height\":1080,\"caption\":\"ERPP pneumatische pomp\"},{\"@type\":\"BreadcrumbList\",\"@id\":\"https:\\\/\\\/lda.be\\\/fr\\\/produit\\\/les-pompes-pneumatiques-erpp\\\/#breadcrumb\",\"itemListElement\":[{\"@type\":\"ListItem\",\"position\":1,\"name\":\"Accueil\",\"item\":\"https:\\\/\\\/lda.be\\\/fr\\\/\"},{\"@type\":\"ListItem\",\"position\":2,\"name\":\"Produits\",\"item\":\"https:\\\/\\\/lda.be\\\/fr\\\/produits\\\/\"},{\"@type\":\"ListItem\",\"position\":3,\"name\":\"Les pompes pneumatiques ERPP\"}]},{\"@type\":\"WebSite\",\"@id\":\"https:\\\/\\\/lda.be\\\/fr\\\/#website\",\"url\":\"https:\\\/\\\/lda.be\\\/fr\\\/\",\"name\":\"LDA Belgium\",\"description\":\"Solutions For Life\",\"publisher\":{\"@id\":\"https:\\\/\\\/lda.be\\\/fr\\\/#organization\"},\"potentialAction\":[{\"@type\":\"SearchAction\",\"target\":{\"@type\":\"EntryPoint\",\"urlTemplate\":\"https:\\\/\\\/lda.be\\\/fr\\\/?s={search_term_string}\"},\"query-input\":{\"@type\":\"PropertyValueSpecification\",\"valueRequired\":true,\"valueName\":\"search_term_string\"}}],\"inLanguage\":\"fr-FR\"},{\"@type\":\"Organization\",\"@id\":\"https:\\\/\\\/lda.be\\\/fr\\\/#organization\",\"name\":\"LDA Belgium\",\"url\":\"https:\\\/\\\/lda.be\\\/fr\\\/\",\"logo\":{\"@type\":\"ImageObject\",\"inLanguage\":\"fr-FR\",\"@id\":\"https:\\\/\\\/lda.be\\\/fr\\\/#\\\/schema\\\/logo\\\/image\\\/\",\"url\":\"https:\\\/\\\/lda.be\\\/wp-content\\\/uploads\\\/2022\\\/07\\\/Logo-LDA.webp\",\"contentUrl\":\"https:\\\/\\\/lda.be\\\/wp-content\\\/uploads\\\/2022\\\/07\\\/Logo-LDA.webp\",\"width\":311,\"height\":101,\"caption\":\"LDA Belgium\"},\"image\":{\"@id\":\"https:\\\/\\\/lda.be\\\/fr\\\/#\\\/schema\\\/logo\\\/image\\\/\"},\"sameAs\":[\"https:\\\/\\\/www.linkedin.com\\\/company\\\/lda-belgium-nv\"]}]}<\/script>\n<!-- \/ Yoast SEO plugin. -->","yoast_head_json":{"title":"Les pompes pneumatiques ERPP - LDA Belgique","description":"Pompes pneumatiques ERPP : g\u00e9n\u00e9ration locale d'air comprim\u00e9 \u00e0 6 bar et fonctionnement silencieux. Adapt\u00e9es \u00e0 la robotique, aux applications m\u00e9dicales et \u00e0 l'automatisation.","robots":{"index":"index","follow":"follow","max-snippet":"max-snippet:-1","max-image-preview":"max-image-preview:large","max-video-preview":"max-video-preview:-1"},"canonical":"https:\/\/lda.be\/fr\/produit\/les-pompes-pneumatiques-erpp\/","og_locale":"fr_FR","og_type":"article","og_title":"Les pompes pneumatiques ERPP - LDA Belgique","og_description":"Pompes pneumatiques ERPP : g\u00e9n\u00e9ration locale d'air comprim\u00e9 \u00e0 6 bar et fonctionnement silencieux. Adapt\u00e9es \u00e0 la robotique, aux applications m\u00e9dicales et \u00e0 l'automatisation.","og_url":"https:\/\/lda.be\/fr\/produit\/les-pompes-pneumatiques-erpp\/","og_site_name":"LDA Belgique","article_modified_time":"2026-03-05T15:02:38+00:00","og_image":[{"width":1080,"height":1080,"url":"https:\/\/lda.be\/wp-content\/uploads\/2026\/03\/ERPP.webp","type":"image\/webp"}],"twitter_card":"summary_large_image","twitter_misc":{"Dur\u00e9e de lecture estim\u00e9e":"1 minute"},"schema":{"@context":"https:\/\/schema.org","@graph":[{"@type":"WebPage","@id":"https:\/\/lda.be\/fr\/produit\/les-pompes-pneumatiques-erpp\/","url":"https:\/\/lda.be\/fr\/produit\/les-pompes-pneumatiques-erpp\/","name":"Les pompes pneumatiques ERPP - LDA Belgique","isPartOf":{"@id":"https:\/\/lda.be\/fr\/#website"},"primaryImageOfPage":{"@id":"https:\/\/lda.be\/fr\/produit\/les-pompes-pneumatiques-erpp\/#primaryimage"},"image":{"@id":"https:\/\/lda.be\/fr\/produit\/les-pompes-pneumatiques-erpp\/#primaryimage"},"thumbnailUrl":"https:\/\/lda.be\/wp-content\/uploads\/2026\/03\/ERPP.webp","datePublished":"2026-03-05T14:41:14+00:00","dateModified":"2026-03-05T15:02:38+00:00","description":"Pompes pneumatiques ERPP : g\u00e9n\u00e9ration locale d'air comprim\u00e9 \u00e0 6 bar et fonctionnement silencieux. Adapt\u00e9es \u00e0 la robotique, aux applications m\u00e9dicales et \u00e0 l'automatisation.","breadcrumb":{"@id":"https:\/\/lda.be\/fr\/produit\/les-pompes-pneumatiques-erpp\/#breadcrumb"},"inLanguage":"fr-FR","potentialAction":[{"@type":"ReadAction","target":["https:\/\/lda.be\/fr\/produit\/les-pompes-pneumatiques-erpp\/"]}]},{"@type":"ImageObject","inLanguage":"fr-FR","@id":"https:\/\/lda.be\/fr\/produit\/les-pompes-pneumatiques-erpp\/#primaryimage","url":"https:\/\/lda.be\/wp-content\/uploads\/2026\/03\/ERPP.webp","contentUrl":"https:\/\/lda.be\/wp-content\/uploads\/2026\/03\/ERPP.webp","width":1080,"height":1080,"caption":"ERPP pneumatische pomp"},{"@type":"BreadcrumbList","@id":"https:\/\/lda.be\/fr\/produit\/les-pompes-pneumatiques-erpp\/#breadcrumb","itemListElement":[{"@type":"ListItem","position":1,"name":"Accueil","item":"https:\/\/lda.be\/fr\/"},{"@type":"ListItem","position":2,"name":"Produits","item":"https:\/\/lda.be\/fr\/produits\/"},{"@type":"ListItem","position":3,"name":"Les pompes pneumatiques ERPP"}]},{"@type":"WebSite","@id":"https:\/\/lda.be\/fr\/#website","url":"https:\/\/lda.be\/fr\/","name":"LDA Belgium","description":"Solutions For Life","publisher":{"@id":"https:\/\/lda.be\/fr\/#organization"},"potentialAction":[{"@type":"SearchAction","target":{"@type":"EntryPoint","urlTemplate":"https:\/\/lda.be\/fr\/?s={search_term_string}"},"query-input":{"@type":"PropertyValueSpecification","valueRequired":true,"valueName":"search_term_string"}}],"inLanguage":"fr-FR"},{"@type":"Organization","@id":"https:\/\/lda.be\/fr\/#organization","name":"LDA Belgium","url":"https:\/\/lda.be\/fr\/","logo":{"@type":"ImageObject","inLanguage":"fr-FR","@id":"https:\/\/lda.be\/fr\/#\/schema\/logo\/image\/","url":"https:\/\/lda.be\/wp-content\/uploads\/2022\/07\/Logo-LDA.webp","contentUrl":"https:\/\/lda.be\/wp-content\/uploads\/2022\/07\/Logo-LDA.webp","width":311,"height":101,"caption":"LDA Belgium"},"image":{"@id":"https:\/\/lda.be\/fr\/#\/schema\/logo\/image\/"},"sameAs":["https:\/\/www.linkedin.com\/company\/lda-belgium-nv"]}]}},"_links":{"self":[{"href":"https:\/\/lda.be\/fr\/wp-json\/wp\/v2\/product\/15830","targetHints":{"allow":["GET"]}}],"collection":[{"href":"https:\/\/lda.be\/fr\/wp-json\/wp\/v2\/product"}],"about":[{"href":"https:\/\/lda.be\/fr\/wp-json\/wp\/v2\/types\/product"}],"replies":[{"embeddable":true,"href":"https:\/\/lda.be\/fr\/wp-json\/wp\/v2\/comments?post=15830"}],"wp:featuredmedia":[{"embeddable":true,"href":"https:\/\/lda.be\/fr\/wp-json\/wp\/v2\/media\/15828"}],"wp:attachment":[{"href":"https:\/\/lda.be\/fr\/wp-json\/wp\/v2\/media?parent=15830"}],"wp:term":[{"taxonomy":"product_brand","embeddable":true,"href":"https:\/\/lda.be\/fr\/wp-json\/wp\/v2\/product_brand?post=15830"},{"taxonomy":"product_cat","embeddable":true,"href":"https:\/\/lda.be\/fr\/wp-json\/wp\/v2\/product_cat?post=15830"},{"taxonomy":"product_tag","embeddable":true,"href":"https:\/\/lda.be\/fr\/wp-json\/wp\/v2\/product_tag?post=15830"}],"curies":[{"name":"wp","href":"https:\/\/api.w.org\/{rel}","templated":true}]}}