{"id":15854,"date":"2026-03-11T15:35:47","date_gmt":"2026-03-11T14:35:47","guid":{"rendered":"https:\/\/lda.be\/?post_type=product&#038;p=15854"},"modified":"2026-03-11T15:48:24","modified_gmt":"2026-03-11T14:48:24","slug":"serie-a-frl-traitement-dair-modulaire","status":"publish","type":"product","link":"https:\/\/lda.be\/fr\/produit\/serie-a-frl-traitement-dair-modulaire\/","title":{"rendered":"S\u00e9rie A FRL traitement d&#8217;air modulaire"},"content":{"rendered":"<p>Les unit\u00e9s de traitement d&#8217;air modulaires API offrent une solution flexible et efficace pour filtrer, r\u00e9guler et lubrifier l&#8217;air comprim\u00e9 dans les applications industrielles. Ces unit\u00e9s en aluminium sont disponibles en diff\u00e9rentes tailles (1\/8\u00ab \u00e0 1 \u00bb) et peuvent \u00eatre facilement combin\u00e9es pour cr\u00e9er des configurations sur mesure. La s\u00e9rie comprend des filtres, des r\u00e9gulateurs de pression, des distributeurs de lubrifiant, des s\u00e9parateurs de brouillard et des unit\u00e9s combin\u00e9es (filtre-r\u00e9gulateur-lubrificateur). Les unit\u00e9s sont conformes aux directives Reach et RoHS et sont certifi\u00e9es SIL. Des options telles que la purge automatique des condensats, des godets m\u00e9talliques et diff\u00e9rentes plages de pression les rendent adapt\u00e9es \u00e0 une large gamme d&#8217;applications. <strong>Chaque pi\u00e8ce peut \u00eatre command\u00e9e s\u00e9par\u00e9ment<\/strong>. Consultez le catalogue pour plus d&#8217;informations. Convient aux applications industrielles \u00e0 air comprim\u00e9 avec des options de purge automatique et de r\u00e9gulation de pr\u00e9cision.<\/p>\n","protected":false},"excerpt":{"rendered":"<p>Les unit\u00e9s de traitement d&#8217;air modulaires API offrent une solution flexible et efficace pour filtrer, r\u00e9guler et lubrifier l&#8217;air comprim\u00e9 dans les applications industrielles. Ces unit\u00e9s en aluminium sont disponibles en diff\u00e9rentes tailles (1\/8\u00ab \u00e0 1 \u00bb) et peuvent \u00eatre facilement combin\u00e9es pour cr\u00e9er des configurations sur mesure. La s\u00e9rie comprend des filtres, des r\u00e9gulateurs [&hellip;]<\/p>\n","protected":false},"featured_media":15849,"comment_status":"closed","ping_status":"closed","template":"","meta":[],"product_brand":[1831],"product_cat":[1002],"product_tag":[],"class_list":{"0":"post-15854","1":"product","2":"type-product","3":"status-publish","4":"has-post-thumbnail","6":"product_brand-api","7":"product_cat-traitement-dair-frl","9":"first","10":"instock","11":"shipping-taxable","12":"product-type-simple"},"yoast_head":"<!-- This site is optimized with the Yoast SEO plugin v27.3 - https:\/\/yoast.com\/product\/yoast-seo-wordpress\/ -->\n<title>S\u00e9rie A FRL traitement d&#039;air modulaire - LDA Belgique<\/title>\n<meta name=\"description\" content=\"Unit\u00e9s modulaires de traitement d&#039;air API : filtres, r\u00e9gulateurs et lubrifiants flexibles en tailles 1\/8&quot; \u00e0 1&quot;. Adapt\u00e9es aux applications industrielles\" \/>\n<meta name=\"robots\" content=\"index, follow, max-snippet:-1, max-image-preview:large, max-video-preview:-1\" \/>\n<link rel=\"canonical\" href=\"https:\/\/lda.be\/fr\/produit\/serie-a-frl-traitement-dair-modulaire\/\" \/>\n<meta property=\"og:locale\" content=\"fr_FR\" \/>\n<meta property=\"og:type\" content=\"article\" \/>\n<meta property=\"og:title\" content=\"S\u00e9rie A FRL traitement d&#039;air modulaire - LDA Belgique\" \/>\n<meta property=\"og:description\" content=\"Unit\u00e9s modulaires de traitement d&#039;air API : filtres, r\u00e9gulateurs et lubrifiants flexibles en tailles 1\/8&quot; \u00e0 1&quot;. Adapt\u00e9es aux applications industrielles\" \/>\n<meta property=\"og:url\" content=\"https:\/\/lda.be\/fr\/produit\/serie-a-frl-traitement-dair-modulaire\/\" \/>\n<meta property=\"og:site_name\" content=\"LDA Belgique\" \/>\n<meta property=\"article:modified_time\" content=\"2026-03-11T14:48:24+00:00\" \/>\n<meta property=\"og:image\" content=\"https:\/\/lda.be\/wp-content\/uploads\/2026\/03\/A-serie-modulaire-FRL.webp\" \/>\n\t<meta property=\"og:image:width\" content=\"1080\" \/>\n\t<meta property=\"og:image:height\" content=\"1080\" \/>\n\t<meta property=\"og:image:type\" content=\"image\/webp\" \/>\n<meta name=\"twitter:card\" content=\"summary_large_image\" \/>\n<meta name=\"twitter:label1\" content=\"Dur\u00e9e de lecture estim\u00e9e\" \/>\n\t<meta name=\"twitter:data1\" content=\"1 minute\" \/>\n<script type=\"application\/ld+json\" class=\"yoast-schema-graph\">{\"@context\":\"https:\\\/\\\/schema.org\",\"@graph\":[{\"@type\":\"WebPage\",\"@id\":\"https:\\\/\\\/lda.be\\\/fr\\\/produit\\\/serie-a-frl-traitement-dair-modulaire\\\/\",\"url\":\"https:\\\/\\\/lda.be\\\/fr\\\/produit\\\/serie-a-frl-traitement-dair-modulaire\\\/\",\"name\":\"S\u00e9rie A FRL traitement d'air modulaire - LDA Belgique\",\"isPartOf\":{\"@id\":\"https:\\\/\\\/lda.be\\\/fr\\\/#website\"},\"primaryImageOfPage\":{\"@id\":\"https:\\\/\\\/lda.be\\\/fr\\\/produit\\\/serie-a-frl-traitement-dair-modulaire\\\/#primaryimage\"},\"image\":{\"@id\":\"https:\\\/\\\/lda.be\\\/fr\\\/produit\\\/serie-a-frl-traitement-dair-modulaire\\\/#primaryimage\"},\"thumbnailUrl\":\"https:\\\/\\\/lda.be\\\/wp-content\\\/uploads\\\/2026\\\/03\\\/A-serie-modulaire-FRL.webp\",\"datePublished\":\"2026-03-11T14:35:47+00:00\",\"dateModified\":\"2026-03-11T14:48:24+00:00\",\"description\":\"Unit\u00e9s modulaires de traitement d'air API : filtres, r\u00e9gulateurs et lubrifiants flexibles en tailles 1\\\/8\\\" \u00e0 1\\\". Adapt\u00e9es aux applications industrielles\",\"breadcrumb\":{\"@id\":\"https:\\\/\\\/lda.be\\\/fr\\\/produit\\\/serie-a-frl-traitement-dair-modulaire\\\/#breadcrumb\"},\"inLanguage\":\"fr-FR\",\"potentialAction\":[{\"@type\":\"ReadAction\",\"target\":[\"https:\\\/\\\/lda.be\\\/fr\\\/produit\\\/serie-a-frl-traitement-dair-modulaire\\\/\"]}]},{\"@type\":\"ImageObject\",\"inLanguage\":\"fr-FR\",\"@id\":\"https:\\\/\\\/lda.be\\\/fr\\\/produit\\\/serie-a-frl-traitement-dair-modulaire\\\/#primaryimage\",\"url\":\"https:\\\/\\\/lda.be\\\/wp-content\\\/uploads\\\/2026\\\/03\\\/A-serie-modulaire-FRL.webp\",\"contentUrl\":\"https:\\\/\\\/lda.be\\\/wp-content\\\/uploads\\\/2026\\\/03\\\/A-serie-modulaire-FRL.webp\",\"width\":1080,\"height\":1080,\"caption\":\"A serie modulaire FRL luchtbehandeling\"},{\"@type\":\"BreadcrumbList\",\"@id\":\"https:\\\/\\\/lda.be\\\/fr\\\/produit\\\/serie-a-frl-traitement-dair-modulaire\\\/#breadcrumb\",\"itemListElement\":[{\"@type\":\"ListItem\",\"position\":1,\"name\":\"Accueil\",\"item\":\"https:\\\/\\\/lda.be\\\/fr\\\/\"},{\"@type\":\"ListItem\",\"position\":2,\"name\":\"Produits\",\"item\":\"https:\\\/\\\/lda.be\\\/fr\\\/produits\\\/\"},{\"@type\":\"ListItem\",\"position\":3,\"name\":\"S\u00e9rie A FRL traitement d&#8217;air modulaire\"}]},{\"@type\":\"WebSite\",\"@id\":\"https:\\\/\\\/lda.be\\\/fr\\\/#website\",\"url\":\"https:\\\/\\\/lda.be\\\/fr\\\/\",\"name\":\"LDA Belgium\",\"description\":\"Solutions For Life\",\"publisher\":{\"@id\":\"https:\\\/\\\/lda.be\\\/fr\\\/#organization\"},\"potentialAction\":[{\"@type\":\"SearchAction\",\"target\":{\"@type\":\"EntryPoint\",\"urlTemplate\":\"https:\\\/\\\/lda.be\\\/fr\\\/?s={search_term_string}\"},\"query-input\":{\"@type\":\"PropertyValueSpecification\",\"valueRequired\":true,\"valueName\":\"search_term_string\"}}],\"inLanguage\":\"fr-FR\"},{\"@type\":\"Organization\",\"@id\":\"https:\\\/\\\/lda.be\\\/fr\\\/#organization\",\"name\":\"LDA Belgium\",\"url\":\"https:\\\/\\\/lda.be\\\/fr\\\/\",\"logo\":{\"@type\":\"ImageObject\",\"inLanguage\":\"fr-FR\",\"@id\":\"https:\\\/\\\/lda.be\\\/fr\\\/#\\\/schema\\\/logo\\\/image\\\/\",\"url\":\"https:\\\/\\\/lda.be\\\/wp-content\\\/uploads\\\/2022\\\/07\\\/Logo-LDA.webp\",\"contentUrl\":\"https:\\\/\\\/lda.be\\\/wp-content\\\/uploads\\\/2022\\\/07\\\/Logo-LDA.webp\",\"width\":311,\"height\":101,\"caption\":\"LDA Belgium\"},\"image\":{\"@id\":\"https:\\\/\\\/lda.be\\\/fr\\\/#\\\/schema\\\/logo\\\/image\\\/\"},\"sameAs\":[\"https:\\\/\\\/www.linkedin.com\\\/company\\\/lda-belgium-nv\"]}]}<\/script>\n<!-- \/ Yoast SEO plugin. -->","yoast_head_json":{"title":"S\u00e9rie A FRL traitement d'air modulaire - LDA Belgique","description":"Unit\u00e9s modulaires de traitement d'air API : filtres, r\u00e9gulateurs et lubrifiants flexibles en tailles 1\/8\" \u00e0 1\". Adapt\u00e9es aux applications industrielles","robots":{"index":"index","follow":"follow","max-snippet":"max-snippet:-1","max-image-preview":"max-image-preview:large","max-video-preview":"max-video-preview:-1"},"canonical":"https:\/\/lda.be\/fr\/produit\/serie-a-frl-traitement-dair-modulaire\/","og_locale":"fr_FR","og_type":"article","og_title":"S\u00e9rie A FRL traitement d'air modulaire - LDA Belgique","og_description":"Unit\u00e9s modulaires de traitement d'air API : filtres, r\u00e9gulateurs et lubrifiants flexibles en tailles 1\/8\" \u00e0 1\". Adapt\u00e9es aux applications industrielles","og_url":"https:\/\/lda.be\/fr\/produit\/serie-a-frl-traitement-dair-modulaire\/","og_site_name":"LDA Belgique","article_modified_time":"2026-03-11T14:48:24+00:00","og_image":[{"width":1080,"height":1080,"url":"https:\/\/lda.be\/wp-content\/uploads\/2026\/03\/A-serie-modulaire-FRL.webp","type":"image\/webp"}],"twitter_card":"summary_large_image","twitter_misc":{"Dur\u00e9e de lecture estim\u00e9e":"1 minute"},"schema":{"@context":"https:\/\/schema.org","@graph":[{"@type":"WebPage","@id":"https:\/\/lda.be\/fr\/produit\/serie-a-frl-traitement-dair-modulaire\/","url":"https:\/\/lda.be\/fr\/produit\/serie-a-frl-traitement-dair-modulaire\/","name":"S\u00e9rie A FRL traitement d'air modulaire - LDA Belgique","isPartOf":{"@id":"https:\/\/lda.be\/fr\/#website"},"primaryImageOfPage":{"@id":"https:\/\/lda.be\/fr\/produit\/serie-a-frl-traitement-dair-modulaire\/#primaryimage"},"image":{"@id":"https:\/\/lda.be\/fr\/produit\/serie-a-frl-traitement-dair-modulaire\/#primaryimage"},"thumbnailUrl":"https:\/\/lda.be\/wp-content\/uploads\/2026\/03\/A-serie-modulaire-FRL.webp","datePublished":"2026-03-11T14:35:47+00:00","dateModified":"2026-03-11T14:48:24+00:00","description":"Unit\u00e9s modulaires de traitement d'air API : filtres, r\u00e9gulateurs et lubrifiants flexibles en tailles 1\/8\" \u00e0 1\". Adapt\u00e9es aux applications industrielles","breadcrumb":{"@id":"https:\/\/lda.be\/fr\/produit\/serie-a-frl-traitement-dair-modulaire\/#breadcrumb"},"inLanguage":"fr-FR","potentialAction":[{"@type":"ReadAction","target":["https:\/\/lda.be\/fr\/produit\/serie-a-frl-traitement-dair-modulaire\/"]}]},{"@type":"ImageObject","inLanguage":"fr-FR","@id":"https:\/\/lda.be\/fr\/produit\/serie-a-frl-traitement-dair-modulaire\/#primaryimage","url":"https:\/\/lda.be\/wp-content\/uploads\/2026\/03\/A-serie-modulaire-FRL.webp","contentUrl":"https:\/\/lda.be\/wp-content\/uploads\/2026\/03\/A-serie-modulaire-FRL.webp","width":1080,"height":1080,"caption":"A serie modulaire FRL luchtbehandeling"},{"@type":"BreadcrumbList","@id":"https:\/\/lda.be\/fr\/produit\/serie-a-frl-traitement-dair-modulaire\/#breadcrumb","itemListElement":[{"@type":"ListItem","position":1,"name":"Accueil","item":"https:\/\/lda.be\/fr\/"},{"@type":"ListItem","position":2,"name":"Produits","item":"https:\/\/lda.be\/fr\/produits\/"},{"@type":"ListItem","position":3,"name":"S\u00e9rie A FRL traitement d&#8217;air modulaire"}]},{"@type":"WebSite","@id":"https:\/\/lda.be\/fr\/#website","url":"https:\/\/lda.be\/fr\/","name":"LDA Belgium","description":"Solutions For Life","publisher":{"@id":"https:\/\/lda.be\/fr\/#organization"},"potentialAction":[{"@type":"SearchAction","target":{"@type":"EntryPoint","urlTemplate":"https:\/\/lda.be\/fr\/?s={search_term_string}"},"query-input":{"@type":"PropertyValueSpecification","valueRequired":true,"valueName":"search_term_string"}}],"inLanguage":"fr-FR"},{"@type":"Organization","@id":"https:\/\/lda.be\/fr\/#organization","name":"LDA Belgium","url":"https:\/\/lda.be\/fr\/","logo":{"@type":"ImageObject","inLanguage":"fr-FR","@id":"https:\/\/lda.be\/fr\/#\/schema\/logo\/image\/","url":"https:\/\/lda.be\/wp-content\/uploads\/2022\/07\/Logo-LDA.webp","contentUrl":"https:\/\/lda.be\/wp-content\/uploads\/2022\/07\/Logo-LDA.webp","width":311,"height":101,"caption":"LDA Belgium"},"image":{"@id":"https:\/\/lda.be\/fr\/#\/schema\/logo\/image\/"},"sameAs":["https:\/\/www.linkedin.com\/company\/lda-belgium-nv"]}]}},"_links":{"self":[{"href":"https:\/\/lda.be\/fr\/wp-json\/wp\/v2\/product\/15854","targetHints":{"allow":["GET"]}}],"collection":[{"href":"https:\/\/lda.be\/fr\/wp-json\/wp\/v2\/product"}],"about":[{"href":"https:\/\/lda.be\/fr\/wp-json\/wp\/v2\/types\/product"}],"replies":[{"embeddable":true,"href":"https:\/\/lda.be\/fr\/wp-json\/wp\/v2\/comments?post=15854"}],"wp:featuredmedia":[{"embeddable":true,"href":"https:\/\/lda.be\/fr\/wp-json\/wp\/v2\/media\/15849"}],"wp:attachment":[{"href":"https:\/\/lda.be\/fr\/wp-json\/wp\/v2\/media?parent=15854"}],"wp:term":[{"taxonomy":"product_brand","embeddable":true,"href":"https:\/\/lda.be\/fr\/wp-json\/wp\/v2\/product_brand?post=15854"},{"taxonomy":"product_cat","embeddable":true,"href":"https:\/\/lda.be\/fr\/wp-json\/wp\/v2\/product_cat?post=15854"},{"taxonomy":"product_tag","embeddable":true,"href":"https:\/\/lda.be\/fr\/wp-json\/wp\/v2\/product_tag?post=15854"}],"curies":[{"name":"wp","href":"https:\/\/api.w.org\/{rel}","templated":true}]}}