{"id":15881,"date":"2026-03-12T16:03:05","date_gmt":"2026-03-12T15:03:05","guid":{"rendered":"https:\/\/lda.be\/?post_type=product&#038;p=15881"},"modified":"2026-03-12T16:09:45","modified_gmt":"2026-03-12T15:09:45","slug":"raccords-enfichables-en-metal-plastique-acier-inoxydable","status":"publish","type":"product","link":"https:\/\/lda.be\/fr\/produit\/raccords-enfichables-en-metal-plastique-acier-inoxydable\/","title":{"rendered":"Raccords enfichables en m\u00e9tal &#8211; plastique &#8211; acier inoxydable"},"content":{"rendered":"<p>Les <strong>raccords \u00e0 embo\u00eetement rapide API<\/strong> offrent une <strong>solution de connexion rapide et fiable<\/strong> pour les syst\u00e8mes d&#8217;air comprim\u00e9 et de fluides. Ces raccords sont disponibles en <strong>trois s\u00e9ries<\/strong> : <strong>R<\/strong> (laiton nickel\u00e9 pour applications g\u00e9n\u00e9rales), <strong>RHP<\/strong> (laiton nickel\u00e9 pour hautes pressions jusqu&#8217;\u00e0 250 bar) et <strong>RT<\/strong> (plastique ac\u00e9tal pour applications l\u00e9g\u00e8res). Ils conviennent aux <strong>tubes en nylon, polyur\u00e9thane et rilsan<\/strong> avec des diam\u00e8tres de 3 mm \u00e0 16 mm. Les raccords sont <strong>modulaires<\/strong>, faciles \u00e0 monter et conformes aux directives <strong>Reach et RoHS<\/strong>. Les options incluent des <strong>types de filetages<\/strong> tels que BSP, BSPT et m\u00e9trique, ainsi que des configurations <strong>droites, coud\u00e9es et en T<\/strong>.<\/p>\n","protected":false},"excerpt":{"rendered":"<p>Les raccords \u00e0 embo\u00eetement rapide API offrent une solution de connexion rapide et fiable pour les syst\u00e8mes d&#8217;air comprim\u00e9 et de fluides. Ces raccords sont disponibles en trois s\u00e9ries : R (laiton nickel\u00e9 pour applications g\u00e9n\u00e9rales), RHP (laiton nickel\u00e9 pour hautes pressions jusqu&#8217;\u00e0 250 bar) et RT (plastique ac\u00e9tal pour applications l\u00e9g\u00e8res). Ils conviennent aux [&hellip;]<\/p>\n","protected":false},"featured_media":15876,"comment_status":"closed","ping_status":"closed","template":"","meta":[],"product_brand":[1831,1903],"product_cat":[1052],"product_tag":[],"class_list":{"0":"post-15881","1":"product","2":"type-product","3":"status-publish","4":"has-post-thumbnail","6":"product_brand-api","7":"product_brand-fittings","8":"product_cat-raccords-et-silencieux","10":"first","11":"instock","12":"shipping-taxable","13":"product-type-simple"},"yoast_head":"<!-- This site is optimized with the Yoast SEO plugin v27.3 - https:\/\/yoast.com\/product\/yoast-seo-wordpress\/ -->\n<title>Raccords enfichables en m\u00e9tal - plastique - acier inoxydable - LDA Belgique<\/title>\n<meta name=\"description\" content=\"Raccords \u00e0 embo\u00eetement rapide API : solutions de connexion rapides en laiton et plastique pour tubes de 3 mm \u00e0 16 mm. Adapt\u00e9s \u00e0 l&#039;air comprim\u00e9 et aux fluides avec pression jusqu&#039;\u00e0 250 bar.\" \/>\n<meta name=\"robots\" content=\"index, follow, max-snippet:-1, max-image-preview:large, max-video-preview:-1\" \/>\n<link rel=\"canonical\" href=\"https:\/\/lda.be\/fr\/produit\/raccords-enfichables-en-metal-plastique-acier-inoxydable\/\" \/>\n<meta property=\"og:locale\" content=\"fr_FR\" \/>\n<meta property=\"og:type\" content=\"article\" \/>\n<meta property=\"og:title\" content=\"Raccords enfichables en m\u00e9tal - plastique - acier inoxydable - LDA Belgique\" \/>\n<meta property=\"og:description\" content=\"Raccords \u00e0 embo\u00eetement rapide API : solutions de connexion rapides en laiton et plastique pour tubes de 3 mm \u00e0 16 mm. Adapt\u00e9s \u00e0 l&#039;air comprim\u00e9 et aux fluides avec pression jusqu&#039;\u00e0 250 bar.\" \/>\n<meta property=\"og:url\" content=\"https:\/\/lda.be\/fr\/produit\/raccords-enfichables-en-metal-plastique-acier-inoxydable\/\" \/>\n<meta property=\"og:site_name\" content=\"LDA Belgique\" \/>\n<meta property=\"article:modified_time\" content=\"2026-03-12T15:09:45+00:00\" \/>\n<meta property=\"og:image\" content=\"https:\/\/lda.be\/wp-content\/uploads\/2026\/03\/Push-in-fittings.webp\" \/>\n\t<meta property=\"og:image:width\" content=\"1080\" \/>\n\t<meta property=\"og:image:height\" content=\"1080\" \/>\n\t<meta property=\"og:image:type\" content=\"image\/webp\" \/>\n<meta name=\"twitter:card\" content=\"summary_large_image\" \/>\n<meta name=\"twitter:label1\" content=\"Dur\u00e9e de lecture estim\u00e9e\" \/>\n\t<meta name=\"twitter:data1\" content=\"1 minute\" \/>\n<script type=\"application\/ld+json\" class=\"yoast-schema-graph\">{\"@context\":\"https:\\\/\\\/schema.org\",\"@graph\":[{\"@type\":\"WebPage\",\"@id\":\"https:\\\/\\\/lda.be\\\/fr\\\/produit\\\/raccords-enfichables-en-metal-plastique-acier-inoxydable\\\/\",\"url\":\"https:\\\/\\\/lda.be\\\/fr\\\/produit\\\/raccords-enfichables-en-metal-plastique-acier-inoxydable\\\/\",\"name\":\"Raccords enfichables en m\u00e9tal - plastique - acier inoxydable - LDA Belgique\",\"isPartOf\":{\"@id\":\"https:\\\/\\\/lda.be\\\/fr\\\/#website\"},\"primaryImageOfPage\":{\"@id\":\"https:\\\/\\\/lda.be\\\/fr\\\/produit\\\/raccords-enfichables-en-metal-plastique-acier-inoxydable\\\/#primaryimage\"},\"image\":{\"@id\":\"https:\\\/\\\/lda.be\\\/fr\\\/produit\\\/raccords-enfichables-en-metal-plastique-acier-inoxydable\\\/#primaryimage\"},\"thumbnailUrl\":\"https:\\\/\\\/lda.be\\\/wp-content\\\/uploads\\\/2026\\\/03\\\/Push-in-fittings.webp\",\"datePublished\":\"2026-03-12T15:03:05+00:00\",\"dateModified\":\"2026-03-12T15:09:45+00:00\",\"description\":\"Raccords \u00e0 embo\u00eetement rapide API : solutions de connexion rapides en laiton et plastique pour tubes de 3 mm \u00e0 16 mm. Adapt\u00e9s \u00e0 l'air comprim\u00e9 et aux fluides avec pression jusqu'\u00e0 250 bar.\",\"breadcrumb\":{\"@id\":\"https:\\\/\\\/lda.be\\\/fr\\\/produit\\\/raccords-enfichables-en-metal-plastique-acier-inoxydable\\\/#breadcrumb\"},\"inLanguage\":\"fr-FR\",\"potentialAction\":[{\"@type\":\"ReadAction\",\"target\":[\"https:\\\/\\\/lda.be\\\/fr\\\/produit\\\/raccords-enfichables-en-metal-plastique-acier-inoxydable\\\/\"]}]},{\"@type\":\"ImageObject\",\"inLanguage\":\"fr-FR\",\"@id\":\"https:\\\/\\\/lda.be\\\/fr\\\/produit\\\/raccords-enfichables-en-metal-plastique-acier-inoxydable\\\/#primaryimage\",\"url\":\"https:\\\/\\\/lda.be\\\/wp-content\\\/uploads\\\/2026\\\/03\\\/Push-in-fittings.webp\",\"contentUrl\":\"https:\\\/\\\/lda.be\\\/wp-content\\\/uploads\\\/2026\\\/03\\\/Push-in-fittings.webp\",\"width\":1080,\"height\":1080,\"caption\":\"push in koppelingen\"},{\"@type\":\"BreadcrumbList\",\"@id\":\"https:\\\/\\\/lda.be\\\/fr\\\/produit\\\/raccords-enfichables-en-metal-plastique-acier-inoxydable\\\/#breadcrumb\",\"itemListElement\":[{\"@type\":\"ListItem\",\"position\":1,\"name\":\"Accueil\",\"item\":\"https:\\\/\\\/lda.be\\\/fr\\\/\"},{\"@type\":\"ListItem\",\"position\":2,\"name\":\"Produits\",\"item\":\"https:\\\/\\\/lda.be\\\/fr\\\/produits\\\/\"},{\"@type\":\"ListItem\",\"position\":3,\"name\":\"Raccords enfichables en m\u00e9tal &#8211; plastique &#8211; acier inoxydable\"}]},{\"@type\":\"WebSite\",\"@id\":\"https:\\\/\\\/lda.be\\\/fr\\\/#website\",\"url\":\"https:\\\/\\\/lda.be\\\/fr\\\/\",\"name\":\"LDA Belgium\",\"description\":\"Solutions For Life\",\"publisher\":{\"@id\":\"https:\\\/\\\/lda.be\\\/fr\\\/#organization\"},\"potentialAction\":[{\"@type\":\"SearchAction\",\"target\":{\"@type\":\"EntryPoint\",\"urlTemplate\":\"https:\\\/\\\/lda.be\\\/fr\\\/?s={search_term_string}\"},\"query-input\":{\"@type\":\"PropertyValueSpecification\",\"valueRequired\":true,\"valueName\":\"search_term_string\"}}],\"inLanguage\":\"fr-FR\"},{\"@type\":\"Organization\",\"@id\":\"https:\\\/\\\/lda.be\\\/fr\\\/#organization\",\"name\":\"LDA Belgium\",\"url\":\"https:\\\/\\\/lda.be\\\/fr\\\/\",\"logo\":{\"@type\":\"ImageObject\",\"inLanguage\":\"fr-FR\",\"@id\":\"https:\\\/\\\/lda.be\\\/fr\\\/#\\\/schema\\\/logo\\\/image\\\/\",\"url\":\"https:\\\/\\\/lda.be\\\/wp-content\\\/uploads\\\/2022\\\/07\\\/Logo-LDA.webp\",\"contentUrl\":\"https:\\\/\\\/lda.be\\\/wp-content\\\/uploads\\\/2022\\\/07\\\/Logo-LDA.webp\",\"width\":311,\"height\":101,\"caption\":\"LDA Belgium\"},\"image\":{\"@id\":\"https:\\\/\\\/lda.be\\\/fr\\\/#\\\/schema\\\/logo\\\/image\\\/\"},\"sameAs\":[\"https:\\\/\\\/www.linkedin.com\\\/company\\\/lda-belgium-nv\"]}]}<\/script>\n<!-- \/ Yoast SEO plugin. -->","yoast_head_json":{"title":"Raccords enfichables en m\u00e9tal - plastique - acier inoxydable - LDA Belgique","description":"Raccords \u00e0 embo\u00eetement rapide API : solutions de connexion rapides en laiton et plastique pour tubes de 3 mm \u00e0 16 mm. Adapt\u00e9s \u00e0 l'air comprim\u00e9 et aux fluides avec pression jusqu'\u00e0 250 bar.","robots":{"index":"index","follow":"follow","max-snippet":"max-snippet:-1","max-image-preview":"max-image-preview:large","max-video-preview":"max-video-preview:-1"},"canonical":"https:\/\/lda.be\/fr\/produit\/raccords-enfichables-en-metal-plastique-acier-inoxydable\/","og_locale":"fr_FR","og_type":"article","og_title":"Raccords enfichables en m\u00e9tal - plastique - acier inoxydable - LDA Belgique","og_description":"Raccords \u00e0 embo\u00eetement rapide API : solutions de connexion rapides en laiton et plastique pour tubes de 3 mm \u00e0 16 mm. Adapt\u00e9s \u00e0 l'air comprim\u00e9 et aux fluides avec pression jusqu'\u00e0 250 bar.","og_url":"https:\/\/lda.be\/fr\/produit\/raccords-enfichables-en-metal-plastique-acier-inoxydable\/","og_site_name":"LDA Belgique","article_modified_time":"2026-03-12T15:09:45+00:00","og_image":[{"width":1080,"height":1080,"url":"https:\/\/lda.be\/wp-content\/uploads\/2026\/03\/Push-in-fittings.webp","type":"image\/webp"}],"twitter_card":"summary_large_image","twitter_misc":{"Dur\u00e9e de lecture estim\u00e9e":"1 minute"},"schema":{"@context":"https:\/\/schema.org","@graph":[{"@type":"WebPage","@id":"https:\/\/lda.be\/fr\/produit\/raccords-enfichables-en-metal-plastique-acier-inoxydable\/","url":"https:\/\/lda.be\/fr\/produit\/raccords-enfichables-en-metal-plastique-acier-inoxydable\/","name":"Raccords enfichables en m\u00e9tal - plastique - acier inoxydable - LDA Belgique","isPartOf":{"@id":"https:\/\/lda.be\/fr\/#website"},"primaryImageOfPage":{"@id":"https:\/\/lda.be\/fr\/produit\/raccords-enfichables-en-metal-plastique-acier-inoxydable\/#primaryimage"},"image":{"@id":"https:\/\/lda.be\/fr\/produit\/raccords-enfichables-en-metal-plastique-acier-inoxydable\/#primaryimage"},"thumbnailUrl":"https:\/\/lda.be\/wp-content\/uploads\/2026\/03\/Push-in-fittings.webp","datePublished":"2026-03-12T15:03:05+00:00","dateModified":"2026-03-12T15:09:45+00:00","description":"Raccords \u00e0 embo\u00eetement rapide API : solutions de connexion rapides en laiton et plastique pour tubes de 3 mm \u00e0 16 mm. Adapt\u00e9s \u00e0 l'air comprim\u00e9 et aux fluides avec pression jusqu'\u00e0 250 bar.","breadcrumb":{"@id":"https:\/\/lda.be\/fr\/produit\/raccords-enfichables-en-metal-plastique-acier-inoxydable\/#breadcrumb"},"inLanguage":"fr-FR","potentialAction":[{"@type":"ReadAction","target":["https:\/\/lda.be\/fr\/produit\/raccords-enfichables-en-metal-plastique-acier-inoxydable\/"]}]},{"@type":"ImageObject","inLanguage":"fr-FR","@id":"https:\/\/lda.be\/fr\/produit\/raccords-enfichables-en-metal-plastique-acier-inoxydable\/#primaryimage","url":"https:\/\/lda.be\/wp-content\/uploads\/2026\/03\/Push-in-fittings.webp","contentUrl":"https:\/\/lda.be\/wp-content\/uploads\/2026\/03\/Push-in-fittings.webp","width":1080,"height":1080,"caption":"push in koppelingen"},{"@type":"BreadcrumbList","@id":"https:\/\/lda.be\/fr\/produit\/raccords-enfichables-en-metal-plastique-acier-inoxydable\/#breadcrumb","itemListElement":[{"@type":"ListItem","position":1,"name":"Accueil","item":"https:\/\/lda.be\/fr\/"},{"@type":"ListItem","position":2,"name":"Produits","item":"https:\/\/lda.be\/fr\/produits\/"},{"@type":"ListItem","position":3,"name":"Raccords enfichables en m\u00e9tal &#8211; plastique &#8211; acier inoxydable"}]},{"@type":"WebSite","@id":"https:\/\/lda.be\/fr\/#website","url":"https:\/\/lda.be\/fr\/","name":"LDA Belgium","description":"Solutions For Life","publisher":{"@id":"https:\/\/lda.be\/fr\/#organization"},"potentialAction":[{"@type":"SearchAction","target":{"@type":"EntryPoint","urlTemplate":"https:\/\/lda.be\/fr\/?s={search_term_string}"},"query-input":{"@type":"PropertyValueSpecification","valueRequired":true,"valueName":"search_term_string"}}],"inLanguage":"fr-FR"},{"@type":"Organization","@id":"https:\/\/lda.be\/fr\/#organization","name":"LDA Belgium","url":"https:\/\/lda.be\/fr\/","logo":{"@type":"ImageObject","inLanguage":"fr-FR","@id":"https:\/\/lda.be\/fr\/#\/schema\/logo\/image\/","url":"https:\/\/lda.be\/wp-content\/uploads\/2022\/07\/Logo-LDA.webp","contentUrl":"https:\/\/lda.be\/wp-content\/uploads\/2022\/07\/Logo-LDA.webp","width":311,"height":101,"caption":"LDA Belgium"},"image":{"@id":"https:\/\/lda.be\/fr\/#\/schema\/logo\/image\/"},"sameAs":["https:\/\/www.linkedin.com\/company\/lda-belgium-nv"]}]}},"_links":{"self":[{"href":"https:\/\/lda.be\/fr\/wp-json\/wp\/v2\/product\/15881","targetHints":{"allow":["GET"]}}],"collection":[{"href":"https:\/\/lda.be\/fr\/wp-json\/wp\/v2\/product"}],"about":[{"href":"https:\/\/lda.be\/fr\/wp-json\/wp\/v2\/types\/product"}],"replies":[{"embeddable":true,"href":"https:\/\/lda.be\/fr\/wp-json\/wp\/v2\/comments?post=15881"}],"wp:featuredmedia":[{"embeddable":true,"href":"https:\/\/lda.be\/fr\/wp-json\/wp\/v2\/media\/15876"}],"wp:attachment":[{"href":"https:\/\/lda.be\/fr\/wp-json\/wp\/v2\/media?parent=15881"}],"wp:term":[{"taxonomy":"product_brand","embeddable":true,"href":"https:\/\/lda.be\/fr\/wp-json\/wp\/v2\/product_brand?post=15881"},{"taxonomy":"product_cat","embeddable":true,"href":"https:\/\/lda.be\/fr\/wp-json\/wp\/v2\/product_cat?post=15881"},{"taxonomy":"product_tag","embeddable":true,"href":"https:\/\/lda.be\/fr\/wp-json\/wp\/v2\/product_tag?post=15881"}],"curies":[{"name":"wp","href":"https:\/\/api.w.org\/{rel}","templated":true}]}}