{"id":15892,"date":"2026-03-12T16:28:53","date_gmt":"2026-03-12T15:28:53","guid":{"rendered":"https:\/\/lda.be\/?post_type=product&#038;p=15892"},"modified":"2026-03-12T16:38:19","modified_gmt":"2026-03-12T15:38:19","slug":"raccords-rapides-en-metal-plastique-acier-inoxydable","status":"publish","type":"product","link":"https:\/\/lda.be\/fr\/produit\/raccords-rapides-en-metal-plastique-acier-inoxydable\/","title":{"rendered":"raccords rapides en m\u00e9tal &#8211; plastique &#8211; acier inoxydable"},"content":{"rendered":"<p>Les raccords rapides API (S\u00e9rie C) offrent une connexion rapide et s\u00e9curis\u00e9e pour les tubes en nylon, polyur\u00e9thane et rilsan dans les syst\u00e8mes d&#8217;air comprim\u00e9 et de fluides. Ces raccords sont con\u00e7us pour les applications n\u00e9cessitant une connexion tube-raccord fiable. Ils sont disponibles en laiton nickel\u00e9 et prennent en charge des diam\u00e8tres de tube de 4 mm \u00e0 15 mm, avec des options de filetages BSP, BSPT et m\u00e9triques. La s\u00e9rie comprend des connexions droites, coudes, t\u00e9s, raccords banjo et configurations sp\u00e9ciales telles que des \u00e9triers pivotants et des travers\u00e9es de cloison. Tous les raccords sont conformes aux directives Reach et RoHS et conviennent pour des pressions toujours sup\u00e9rieures \u00e0 celles du tube et des temp\u00e9ratures de -20\u00b0C \u00e0 +90\u00b0C. Filetage de M5 \u00e0 1\/2&#8243;, tuyaux de \u00d8 4 \u00e0 15 mm<\/p>\n","protected":false},"excerpt":{"rendered":"<p>Les raccords rapides API (S\u00e9rie C) offrent une connexion rapide et s\u00e9curis\u00e9e pour les tubes en nylon, polyur\u00e9thane et rilsan dans les syst\u00e8mes d&#8217;air comprim\u00e9 et de fluides. Ces raccords sont con\u00e7us pour les applications n\u00e9cessitant une connexion tube-raccord fiable. Ils sont disponibles en laiton nickel\u00e9 et prennent en charge des diam\u00e8tres de tube de [&hellip;]<\/p>\n","protected":false},"featured_media":15886,"comment_status":"closed","ping_status":"closed","template":"","meta":[],"product_brand":[1831,1903],"product_cat":[1052],"product_tag":[],"class_list":{"0":"post-15892","1":"product","2":"type-product","3":"status-publish","4":"has-post-thumbnail","6":"product_brand-api","7":"product_brand-fittings","8":"product_cat-raccords-et-silencieux","10":"first","11":"instock","12":"shipping-taxable","13":"product-type-simple"},"yoast_head":"<!-- This site is optimized with the Yoast SEO plugin v27.3 - https:\/\/yoast.com\/product\/yoast-seo-wordpress\/ -->\n<title>raccords rapides en m\u00e9tal - plastique - acier inoxydable - LDA Belgique<\/title>\n<meta name=\"description\" content=\"Raccords rapides API S\u00e9rie C : solutions de connexion rapides et s\u00e9curis\u00e9es en laiton nickel\u00e9 pour tubes de 4 mm \u00e0 15 mm. Adapt\u00e9s \u00e0 l&#039;air comprim\u00e9 et aux fluides avec filetages BSP, BSPT et m\u00e9triques.\" \/>\n<meta name=\"robots\" content=\"index, follow, max-snippet:-1, max-image-preview:large, max-video-preview:-1\" \/>\n<link rel=\"canonical\" href=\"https:\/\/lda.be\/fr\/produit\/raccords-rapides-en-metal-plastique-acier-inoxydable\/\" \/>\n<meta property=\"og:locale\" content=\"fr_FR\" \/>\n<meta property=\"og:type\" content=\"article\" \/>\n<meta property=\"og:title\" content=\"raccords rapides en m\u00e9tal - plastique - acier inoxydable - LDA Belgique\" \/>\n<meta property=\"og:description\" content=\"Raccords rapides API S\u00e9rie C : solutions de connexion rapides et s\u00e9curis\u00e9es en laiton nickel\u00e9 pour tubes de 4 mm \u00e0 15 mm. Adapt\u00e9s \u00e0 l&#039;air comprim\u00e9 et aux fluides avec filetages BSP, BSPT et m\u00e9triques.\" \/>\n<meta property=\"og:url\" content=\"https:\/\/lda.be\/fr\/produit\/raccords-rapides-en-metal-plastique-acier-inoxydable\/\" \/>\n<meta property=\"og:site_name\" content=\"LDA Belgique\" \/>\n<meta property=\"article:modified_time\" content=\"2026-03-12T15:38:19+00:00\" \/>\n<meta property=\"og:image\" content=\"https:\/\/lda.be\/wp-content\/uploads\/2026\/03\/Rapid-fittings.webp\" \/>\n\t<meta property=\"og:image:width\" content=\"1080\" \/>\n\t<meta property=\"og:image:height\" content=\"1080\" \/>\n\t<meta property=\"og:image:type\" content=\"image\/webp\" \/>\n<meta name=\"twitter:card\" content=\"summary_large_image\" \/>\n<meta name=\"twitter:label1\" content=\"Dur\u00e9e de lecture estim\u00e9e\" \/>\n\t<meta name=\"twitter:data1\" content=\"1 minute\" \/>\n<script type=\"application\/ld+json\" class=\"yoast-schema-graph\">{\"@context\":\"https:\\\/\\\/schema.org\",\"@graph\":[{\"@type\":\"WebPage\",\"@id\":\"https:\\\/\\\/lda.be\\\/fr\\\/produit\\\/raccords-rapides-en-metal-plastique-acier-inoxydable\\\/\",\"url\":\"https:\\\/\\\/lda.be\\\/fr\\\/produit\\\/raccords-rapides-en-metal-plastique-acier-inoxydable\\\/\",\"name\":\"raccords rapides en m\u00e9tal - plastique - acier inoxydable - LDA Belgique\",\"isPartOf\":{\"@id\":\"https:\\\/\\\/lda.be\\\/fr\\\/#website\"},\"primaryImageOfPage\":{\"@id\":\"https:\\\/\\\/lda.be\\\/fr\\\/produit\\\/raccords-rapides-en-metal-plastique-acier-inoxydable\\\/#primaryimage\"},\"image\":{\"@id\":\"https:\\\/\\\/lda.be\\\/fr\\\/produit\\\/raccords-rapides-en-metal-plastique-acier-inoxydable\\\/#primaryimage\"},\"thumbnailUrl\":\"https:\\\/\\\/lda.be\\\/wp-content\\\/uploads\\\/2026\\\/03\\\/Rapid-fittings.webp\",\"datePublished\":\"2026-03-12T15:28:53+00:00\",\"dateModified\":\"2026-03-12T15:38:19+00:00\",\"description\":\"Raccords rapides API S\u00e9rie C : solutions de connexion rapides et s\u00e9curis\u00e9es en laiton nickel\u00e9 pour tubes de 4 mm \u00e0 15 mm. Adapt\u00e9s \u00e0 l'air comprim\u00e9 et aux fluides avec filetages BSP, BSPT et m\u00e9triques.\",\"breadcrumb\":{\"@id\":\"https:\\\/\\\/lda.be\\\/fr\\\/produit\\\/raccords-rapides-en-metal-plastique-acier-inoxydable\\\/#breadcrumb\"},\"inLanguage\":\"fr-FR\",\"potentialAction\":[{\"@type\":\"ReadAction\",\"target\":[\"https:\\\/\\\/lda.be\\\/fr\\\/produit\\\/raccords-rapides-en-metal-plastique-acier-inoxydable\\\/\"]}]},{\"@type\":\"ImageObject\",\"inLanguage\":\"fr-FR\",\"@id\":\"https:\\\/\\\/lda.be\\\/fr\\\/produit\\\/raccords-rapides-en-metal-plastique-acier-inoxydable\\\/#primaryimage\",\"url\":\"https:\\\/\\\/lda.be\\\/wp-content\\\/uploads\\\/2026\\\/03\\\/Rapid-fittings.webp\",\"contentUrl\":\"https:\\\/\\\/lda.be\\\/wp-content\\\/uploads\\\/2026\\\/03\\\/Rapid-fittings.webp\",\"width\":1080,\"height\":1080,\"caption\":\"Rapid fittings\"},{\"@type\":\"BreadcrumbList\",\"@id\":\"https:\\\/\\\/lda.be\\\/fr\\\/produit\\\/raccords-rapides-en-metal-plastique-acier-inoxydable\\\/#breadcrumb\",\"itemListElement\":[{\"@type\":\"ListItem\",\"position\":1,\"name\":\"Accueil\",\"item\":\"https:\\\/\\\/lda.be\\\/fr\\\/\"},{\"@type\":\"ListItem\",\"position\":2,\"name\":\"Produits\",\"item\":\"https:\\\/\\\/lda.be\\\/fr\\\/produits\\\/\"},{\"@type\":\"ListItem\",\"position\":3,\"name\":\"raccords rapides en m\u00e9tal &#8211; plastique &#8211; acier inoxydable\"}]},{\"@type\":\"WebSite\",\"@id\":\"https:\\\/\\\/lda.be\\\/fr\\\/#website\",\"url\":\"https:\\\/\\\/lda.be\\\/fr\\\/\",\"name\":\"LDA Belgium\",\"description\":\"Solutions For Life\",\"publisher\":{\"@id\":\"https:\\\/\\\/lda.be\\\/fr\\\/#organization\"},\"potentialAction\":[{\"@type\":\"SearchAction\",\"target\":{\"@type\":\"EntryPoint\",\"urlTemplate\":\"https:\\\/\\\/lda.be\\\/fr\\\/?s={search_term_string}\"},\"query-input\":{\"@type\":\"PropertyValueSpecification\",\"valueRequired\":true,\"valueName\":\"search_term_string\"}}],\"inLanguage\":\"fr-FR\"},{\"@type\":\"Organization\",\"@id\":\"https:\\\/\\\/lda.be\\\/fr\\\/#organization\",\"name\":\"LDA Belgium\",\"url\":\"https:\\\/\\\/lda.be\\\/fr\\\/\",\"logo\":{\"@type\":\"ImageObject\",\"inLanguage\":\"fr-FR\",\"@id\":\"https:\\\/\\\/lda.be\\\/fr\\\/#\\\/schema\\\/logo\\\/image\\\/\",\"url\":\"https:\\\/\\\/lda.be\\\/wp-content\\\/uploads\\\/2022\\\/07\\\/Logo-LDA.webp\",\"contentUrl\":\"https:\\\/\\\/lda.be\\\/wp-content\\\/uploads\\\/2022\\\/07\\\/Logo-LDA.webp\",\"width\":311,\"height\":101,\"caption\":\"LDA Belgium\"},\"image\":{\"@id\":\"https:\\\/\\\/lda.be\\\/fr\\\/#\\\/schema\\\/logo\\\/image\\\/\"},\"sameAs\":[\"https:\\\/\\\/www.linkedin.com\\\/company\\\/lda-belgium-nv\"]}]}<\/script>\n<!-- \/ Yoast SEO plugin. -->","yoast_head_json":{"title":"raccords rapides en m\u00e9tal - plastique - acier inoxydable - LDA Belgique","description":"Raccords rapides API S\u00e9rie C : solutions de connexion rapides et s\u00e9curis\u00e9es en laiton nickel\u00e9 pour tubes de 4 mm \u00e0 15 mm. Adapt\u00e9s \u00e0 l'air comprim\u00e9 et aux fluides avec filetages BSP, BSPT et m\u00e9triques.","robots":{"index":"index","follow":"follow","max-snippet":"max-snippet:-1","max-image-preview":"max-image-preview:large","max-video-preview":"max-video-preview:-1"},"canonical":"https:\/\/lda.be\/fr\/produit\/raccords-rapides-en-metal-plastique-acier-inoxydable\/","og_locale":"fr_FR","og_type":"article","og_title":"raccords rapides en m\u00e9tal - plastique - acier inoxydable - LDA Belgique","og_description":"Raccords rapides API S\u00e9rie C : solutions de connexion rapides et s\u00e9curis\u00e9es en laiton nickel\u00e9 pour tubes de 4 mm \u00e0 15 mm. Adapt\u00e9s \u00e0 l'air comprim\u00e9 et aux fluides avec filetages BSP, BSPT et m\u00e9triques.","og_url":"https:\/\/lda.be\/fr\/produit\/raccords-rapides-en-metal-plastique-acier-inoxydable\/","og_site_name":"LDA Belgique","article_modified_time":"2026-03-12T15:38:19+00:00","og_image":[{"width":1080,"height":1080,"url":"https:\/\/lda.be\/wp-content\/uploads\/2026\/03\/Rapid-fittings.webp","type":"image\/webp"}],"twitter_card":"summary_large_image","twitter_misc":{"Dur\u00e9e de lecture estim\u00e9e":"1 minute"},"schema":{"@context":"https:\/\/schema.org","@graph":[{"@type":"WebPage","@id":"https:\/\/lda.be\/fr\/produit\/raccords-rapides-en-metal-plastique-acier-inoxydable\/","url":"https:\/\/lda.be\/fr\/produit\/raccords-rapides-en-metal-plastique-acier-inoxydable\/","name":"raccords rapides en m\u00e9tal - plastique - acier inoxydable - LDA Belgique","isPartOf":{"@id":"https:\/\/lda.be\/fr\/#website"},"primaryImageOfPage":{"@id":"https:\/\/lda.be\/fr\/produit\/raccords-rapides-en-metal-plastique-acier-inoxydable\/#primaryimage"},"image":{"@id":"https:\/\/lda.be\/fr\/produit\/raccords-rapides-en-metal-plastique-acier-inoxydable\/#primaryimage"},"thumbnailUrl":"https:\/\/lda.be\/wp-content\/uploads\/2026\/03\/Rapid-fittings.webp","datePublished":"2026-03-12T15:28:53+00:00","dateModified":"2026-03-12T15:38:19+00:00","description":"Raccords rapides API S\u00e9rie C : solutions de connexion rapides et s\u00e9curis\u00e9es en laiton nickel\u00e9 pour tubes de 4 mm \u00e0 15 mm. Adapt\u00e9s \u00e0 l'air comprim\u00e9 et aux fluides avec filetages BSP, BSPT et m\u00e9triques.","breadcrumb":{"@id":"https:\/\/lda.be\/fr\/produit\/raccords-rapides-en-metal-plastique-acier-inoxydable\/#breadcrumb"},"inLanguage":"fr-FR","potentialAction":[{"@type":"ReadAction","target":["https:\/\/lda.be\/fr\/produit\/raccords-rapides-en-metal-plastique-acier-inoxydable\/"]}]},{"@type":"ImageObject","inLanguage":"fr-FR","@id":"https:\/\/lda.be\/fr\/produit\/raccords-rapides-en-metal-plastique-acier-inoxydable\/#primaryimage","url":"https:\/\/lda.be\/wp-content\/uploads\/2026\/03\/Rapid-fittings.webp","contentUrl":"https:\/\/lda.be\/wp-content\/uploads\/2026\/03\/Rapid-fittings.webp","width":1080,"height":1080,"caption":"Rapid fittings"},{"@type":"BreadcrumbList","@id":"https:\/\/lda.be\/fr\/produit\/raccords-rapides-en-metal-plastique-acier-inoxydable\/#breadcrumb","itemListElement":[{"@type":"ListItem","position":1,"name":"Accueil","item":"https:\/\/lda.be\/fr\/"},{"@type":"ListItem","position":2,"name":"Produits","item":"https:\/\/lda.be\/fr\/produits\/"},{"@type":"ListItem","position":3,"name":"raccords rapides en m\u00e9tal &#8211; plastique &#8211; acier inoxydable"}]},{"@type":"WebSite","@id":"https:\/\/lda.be\/fr\/#website","url":"https:\/\/lda.be\/fr\/","name":"LDA Belgium","description":"Solutions For Life","publisher":{"@id":"https:\/\/lda.be\/fr\/#organization"},"potentialAction":[{"@type":"SearchAction","target":{"@type":"EntryPoint","urlTemplate":"https:\/\/lda.be\/fr\/?s={search_term_string}"},"query-input":{"@type":"PropertyValueSpecification","valueRequired":true,"valueName":"search_term_string"}}],"inLanguage":"fr-FR"},{"@type":"Organization","@id":"https:\/\/lda.be\/fr\/#organization","name":"LDA Belgium","url":"https:\/\/lda.be\/fr\/","logo":{"@type":"ImageObject","inLanguage":"fr-FR","@id":"https:\/\/lda.be\/fr\/#\/schema\/logo\/image\/","url":"https:\/\/lda.be\/wp-content\/uploads\/2022\/07\/Logo-LDA.webp","contentUrl":"https:\/\/lda.be\/wp-content\/uploads\/2022\/07\/Logo-LDA.webp","width":311,"height":101,"caption":"LDA Belgium"},"image":{"@id":"https:\/\/lda.be\/fr\/#\/schema\/logo\/image\/"},"sameAs":["https:\/\/www.linkedin.com\/company\/lda-belgium-nv"]}]}},"_links":{"self":[{"href":"https:\/\/lda.be\/fr\/wp-json\/wp\/v2\/product\/15892","targetHints":{"allow":["GET"]}}],"collection":[{"href":"https:\/\/lda.be\/fr\/wp-json\/wp\/v2\/product"}],"about":[{"href":"https:\/\/lda.be\/fr\/wp-json\/wp\/v2\/types\/product"}],"replies":[{"embeddable":true,"href":"https:\/\/lda.be\/fr\/wp-json\/wp\/v2\/comments?post=15892"}],"wp:featuredmedia":[{"embeddable":true,"href":"https:\/\/lda.be\/fr\/wp-json\/wp\/v2\/media\/15886"}],"wp:attachment":[{"href":"https:\/\/lda.be\/fr\/wp-json\/wp\/v2\/media?parent=15892"}],"wp:term":[{"taxonomy":"product_brand","embeddable":true,"href":"https:\/\/lda.be\/fr\/wp-json\/wp\/v2\/product_brand?post=15892"},{"taxonomy":"product_cat","embeddable":true,"href":"https:\/\/lda.be\/fr\/wp-json\/wp\/v2\/product_cat?post=15892"},{"taxonomy":"product_tag","embeddable":true,"href":"https:\/\/lda.be\/fr\/wp-json\/wp\/v2\/product_tag?post=15892"}],"curies":[{"name":"wp","href":"https:\/\/api.w.org\/{rel}","templated":true}]}}