{"id":15903,"date":"2026-03-16T14:48:39","date_gmt":"2026-03-16T13:48:39","guid":{"rendered":"https:\/\/lda.be\/?post_type=product&#038;p=15903"},"modified":"2026-03-16T15:00:06","modified_gmt":"2026-03-16T14:00:06","slug":"raccords-a-compression-de-o-4-mm-a-15-mm","status":"publish","type":"product","link":"https:\/\/lda.be\/fr\/produit\/raccords-a-compression-de-o-4-mm-a-15-mm\/","title":{"rendered":"Raccords \u00e0 compression de \u00d8 4 mm \u00e0 15 mm"},"content":{"rendered":"<p>Les raccords \u00e0 compression API (S\u00e9rie O) offrent une connexion s\u00fbre et fiable pour les tubes m\u00e9talliques, en nylon, polyur\u00e9thane et rilsan dans les syst\u00e8mes d&#8217;air comprim\u00e9 et de fluides. Ces raccords sont con\u00e7us pour les applications n\u00e9cessitant une r\u00e9sistance \u00e9lev\u00e9e \u00e0 la pression et une connexion solide. Ils sont fabriqu\u00e9s en laiton nickel\u00e9 et prennent en charge des diam\u00e8tres de tube de 4 mm \u00e0 15 mm, avec des options de filetages BSP, BSPT et m\u00e9triques. La s\u00e9rie comprend des connexions droites, coudes, t\u00e9s, r\u00e9ducteurs et raccords banjo. Tous les raccords sont conformes aux normes DIN 3870-3861 et conviennent pour des pressions jusqu&#8217;\u00e0 60 bar, selon le tube utilis\u00e9. Les raccords \u00e0 compression sont disponibles en acier inoxydable<\/p>\n","protected":false},"excerpt":{"rendered":"<p>Les raccords \u00e0 compression API (S\u00e9rie O) offrent une connexion s\u00fbre et fiable pour les tubes m\u00e9talliques, en nylon, polyur\u00e9thane et rilsan dans les syst\u00e8mes d&#8217;air comprim\u00e9 et de fluides. Ces raccords sont con\u00e7us pour les applications n\u00e9cessitant une r\u00e9sistance \u00e9lev\u00e9e \u00e0 la pression et une connexion solide. Ils sont fabriqu\u00e9s en laiton nickel\u00e9 et [&hellip;]<\/p>\n","protected":false},"featured_media":15898,"comment_status":"closed","ping_status":"closed","template":"","meta":[],"product_brand":[1831,1903],"product_cat":[1052],"product_tag":[],"class_list":{"0":"post-15903","1":"product","2":"type-product","3":"status-publish","4":"has-post-thumbnail","6":"product_brand-api","7":"product_brand-fittings","8":"product_cat-raccords-et-silencieux","10":"first","11":"instock","12":"shipping-taxable","13":"product-type-simple"},"yoast_head":"<!-- This site is optimized with the Yoast SEO plugin v27.3 - https:\/\/yoast.com\/product\/yoast-seo-wordpress\/ -->\n<title>Raccords \u00e0 compression de \u00d8 4 mm \u00e0 15 mm - LDA Belgique<\/title>\n<meta name=\"description\" content=\"Raccords \u00e0 compression API S\u00e9rie O : connexions fiables en laiton nickel\u00e9 pour tubes de 4 mm \u00e0 15 mm. Adapt\u00e9s \u00e0 l&#039;air comprim\u00e9 et aux fluides\" \/>\n<meta name=\"robots\" content=\"index, follow, max-snippet:-1, max-image-preview:large, max-video-preview:-1\" \/>\n<link rel=\"canonical\" href=\"https:\/\/lda.be\/fr\/produit\/raccords-a-compression-de-o-4-mm-a-15-mm\/\" \/>\n<meta property=\"og:locale\" content=\"fr_FR\" \/>\n<meta property=\"og:type\" content=\"article\" \/>\n<meta property=\"og:title\" content=\"Raccords \u00e0 compression de \u00d8 4 mm \u00e0 15 mm - LDA Belgique\" \/>\n<meta property=\"og:description\" content=\"Raccords \u00e0 compression API S\u00e9rie O : connexions fiables en laiton nickel\u00e9 pour tubes de 4 mm \u00e0 15 mm. Adapt\u00e9s \u00e0 l&#039;air comprim\u00e9 et aux fluides\" \/>\n<meta property=\"og:url\" content=\"https:\/\/lda.be\/fr\/produit\/raccords-a-compression-de-o-4-mm-a-15-mm\/\" \/>\n<meta property=\"og:site_name\" content=\"LDA Belgique\" \/>\n<meta property=\"article:modified_time\" content=\"2026-03-16T14:00:06+00:00\" \/>\n<meta property=\"og:image\" content=\"https:\/\/lda.be\/wp-content\/uploads\/2026\/03\/compressie-fittingen.webp\" \/>\n\t<meta property=\"og:image:width\" content=\"1080\" \/>\n\t<meta property=\"og:image:height\" content=\"1080\" \/>\n\t<meta property=\"og:image:type\" content=\"image\/webp\" \/>\n<meta name=\"twitter:card\" content=\"summary_large_image\" \/>\n<meta name=\"twitter:label1\" content=\"Dur\u00e9e de lecture estim\u00e9e\" \/>\n\t<meta name=\"twitter:data1\" content=\"1 minute\" \/>\n<script type=\"application\/ld+json\" class=\"yoast-schema-graph\">{\"@context\":\"https:\\\/\\\/schema.org\",\"@graph\":[{\"@type\":\"WebPage\",\"@id\":\"https:\\\/\\\/lda.be\\\/fr\\\/produit\\\/raccords-a-compression-de-o-4-mm-a-15-mm\\\/\",\"url\":\"https:\\\/\\\/lda.be\\\/fr\\\/produit\\\/raccords-a-compression-de-o-4-mm-a-15-mm\\\/\",\"name\":\"Raccords \u00e0 compression de \u00d8 4 mm \u00e0 15 mm - LDA Belgique\",\"isPartOf\":{\"@id\":\"https:\\\/\\\/lda.be\\\/fr\\\/#website\"},\"primaryImageOfPage\":{\"@id\":\"https:\\\/\\\/lda.be\\\/fr\\\/produit\\\/raccords-a-compression-de-o-4-mm-a-15-mm\\\/#primaryimage\"},\"image\":{\"@id\":\"https:\\\/\\\/lda.be\\\/fr\\\/produit\\\/raccords-a-compression-de-o-4-mm-a-15-mm\\\/#primaryimage\"},\"thumbnailUrl\":\"https:\\\/\\\/lda.be\\\/wp-content\\\/uploads\\\/2026\\\/03\\\/compressie-fittingen.webp\",\"datePublished\":\"2026-03-16T13:48:39+00:00\",\"dateModified\":\"2026-03-16T14:00:06+00:00\",\"description\":\"Raccords \u00e0 compression API S\u00e9rie O : connexions fiables en laiton nickel\u00e9 pour tubes de 4 mm \u00e0 15 mm. Adapt\u00e9s \u00e0 l'air comprim\u00e9 et aux fluides\",\"breadcrumb\":{\"@id\":\"https:\\\/\\\/lda.be\\\/fr\\\/produit\\\/raccords-a-compression-de-o-4-mm-a-15-mm\\\/#breadcrumb\"},\"inLanguage\":\"fr-FR\",\"potentialAction\":[{\"@type\":\"ReadAction\",\"target\":[\"https:\\\/\\\/lda.be\\\/fr\\\/produit\\\/raccords-a-compression-de-o-4-mm-a-15-mm\\\/\"]}]},{\"@type\":\"ImageObject\",\"inLanguage\":\"fr-FR\",\"@id\":\"https:\\\/\\\/lda.be\\\/fr\\\/produit\\\/raccords-a-compression-de-o-4-mm-a-15-mm\\\/#primaryimage\",\"url\":\"https:\\\/\\\/lda.be\\\/wp-content\\\/uploads\\\/2026\\\/03\\\/compressie-fittingen.webp\",\"contentUrl\":\"https:\\\/\\\/lda.be\\\/wp-content\\\/uploads\\\/2026\\\/03\\\/compressie-fittingen.webp\",\"width\":1080,\"height\":1080,\"caption\":\"compressie fittingen\"},{\"@type\":\"BreadcrumbList\",\"@id\":\"https:\\\/\\\/lda.be\\\/fr\\\/produit\\\/raccords-a-compression-de-o-4-mm-a-15-mm\\\/#breadcrumb\",\"itemListElement\":[{\"@type\":\"ListItem\",\"position\":1,\"name\":\"Accueil\",\"item\":\"https:\\\/\\\/lda.be\\\/fr\\\/\"},{\"@type\":\"ListItem\",\"position\":2,\"name\":\"Produits\",\"item\":\"https:\\\/\\\/lda.be\\\/fr\\\/produits\\\/\"},{\"@type\":\"ListItem\",\"position\":3,\"name\":\"Raccords \u00e0 compression de \u00d8 4 mm \u00e0 15 mm\"}]},{\"@type\":\"WebSite\",\"@id\":\"https:\\\/\\\/lda.be\\\/fr\\\/#website\",\"url\":\"https:\\\/\\\/lda.be\\\/fr\\\/\",\"name\":\"LDA Belgium\",\"description\":\"Solutions For Life\",\"publisher\":{\"@id\":\"https:\\\/\\\/lda.be\\\/fr\\\/#organization\"},\"potentialAction\":[{\"@type\":\"SearchAction\",\"target\":{\"@type\":\"EntryPoint\",\"urlTemplate\":\"https:\\\/\\\/lda.be\\\/fr\\\/?s={search_term_string}\"},\"query-input\":{\"@type\":\"PropertyValueSpecification\",\"valueRequired\":true,\"valueName\":\"search_term_string\"}}],\"inLanguage\":\"fr-FR\"},{\"@type\":\"Organization\",\"@id\":\"https:\\\/\\\/lda.be\\\/fr\\\/#organization\",\"name\":\"LDA Belgium\",\"url\":\"https:\\\/\\\/lda.be\\\/fr\\\/\",\"logo\":{\"@type\":\"ImageObject\",\"inLanguage\":\"fr-FR\",\"@id\":\"https:\\\/\\\/lda.be\\\/fr\\\/#\\\/schema\\\/logo\\\/image\\\/\",\"url\":\"https:\\\/\\\/lda.be\\\/wp-content\\\/uploads\\\/2022\\\/07\\\/Logo-LDA.webp\",\"contentUrl\":\"https:\\\/\\\/lda.be\\\/wp-content\\\/uploads\\\/2022\\\/07\\\/Logo-LDA.webp\",\"width\":311,\"height\":101,\"caption\":\"LDA Belgium\"},\"image\":{\"@id\":\"https:\\\/\\\/lda.be\\\/fr\\\/#\\\/schema\\\/logo\\\/image\\\/\"},\"sameAs\":[\"https:\\\/\\\/www.linkedin.com\\\/company\\\/lda-belgium-nv\"]}]}<\/script>\n<!-- \/ Yoast SEO plugin. -->","yoast_head_json":{"title":"Raccords \u00e0 compression de \u00d8 4 mm \u00e0 15 mm - LDA Belgique","description":"Raccords \u00e0 compression API S\u00e9rie O : connexions fiables en laiton nickel\u00e9 pour tubes de 4 mm \u00e0 15 mm. Adapt\u00e9s \u00e0 l'air comprim\u00e9 et aux fluides","robots":{"index":"index","follow":"follow","max-snippet":"max-snippet:-1","max-image-preview":"max-image-preview:large","max-video-preview":"max-video-preview:-1"},"canonical":"https:\/\/lda.be\/fr\/produit\/raccords-a-compression-de-o-4-mm-a-15-mm\/","og_locale":"fr_FR","og_type":"article","og_title":"Raccords \u00e0 compression de \u00d8 4 mm \u00e0 15 mm - LDA Belgique","og_description":"Raccords \u00e0 compression API S\u00e9rie O : connexions fiables en laiton nickel\u00e9 pour tubes de 4 mm \u00e0 15 mm. Adapt\u00e9s \u00e0 l'air comprim\u00e9 et aux fluides","og_url":"https:\/\/lda.be\/fr\/produit\/raccords-a-compression-de-o-4-mm-a-15-mm\/","og_site_name":"LDA Belgique","article_modified_time":"2026-03-16T14:00:06+00:00","og_image":[{"width":1080,"height":1080,"url":"https:\/\/lda.be\/wp-content\/uploads\/2026\/03\/compressie-fittingen.webp","type":"image\/webp"}],"twitter_card":"summary_large_image","twitter_misc":{"Dur\u00e9e de lecture estim\u00e9e":"1 minute"},"schema":{"@context":"https:\/\/schema.org","@graph":[{"@type":"WebPage","@id":"https:\/\/lda.be\/fr\/produit\/raccords-a-compression-de-o-4-mm-a-15-mm\/","url":"https:\/\/lda.be\/fr\/produit\/raccords-a-compression-de-o-4-mm-a-15-mm\/","name":"Raccords \u00e0 compression de \u00d8 4 mm \u00e0 15 mm - LDA Belgique","isPartOf":{"@id":"https:\/\/lda.be\/fr\/#website"},"primaryImageOfPage":{"@id":"https:\/\/lda.be\/fr\/produit\/raccords-a-compression-de-o-4-mm-a-15-mm\/#primaryimage"},"image":{"@id":"https:\/\/lda.be\/fr\/produit\/raccords-a-compression-de-o-4-mm-a-15-mm\/#primaryimage"},"thumbnailUrl":"https:\/\/lda.be\/wp-content\/uploads\/2026\/03\/compressie-fittingen.webp","datePublished":"2026-03-16T13:48:39+00:00","dateModified":"2026-03-16T14:00:06+00:00","description":"Raccords \u00e0 compression API S\u00e9rie O : connexions fiables en laiton nickel\u00e9 pour tubes de 4 mm \u00e0 15 mm. Adapt\u00e9s \u00e0 l'air comprim\u00e9 et aux fluides","breadcrumb":{"@id":"https:\/\/lda.be\/fr\/produit\/raccords-a-compression-de-o-4-mm-a-15-mm\/#breadcrumb"},"inLanguage":"fr-FR","potentialAction":[{"@type":"ReadAction","target":["https:\/\/lda.be\/fr\/produit\/raccords-a-compression-de-o-4-mm-a-15-mm\/"]}]},{"@type":"ImageObject","inLanguage":"fr-FR","@id":"https:\/\/lda.be\/fr\/produit\/raccords-a-compression-de-o-4-mm-a-15-mm\/#primaryimage","url":"https:\/\/lda.be\/wp-content\/uploads\/2026\/03\/compressie-fittingen.webp","contentUrl":"https:\/\/lda.be\/wp-content\/uploads\/2026\/03\/compressie-fittingen.webp","width":1080,"height":1080,"caption":"compressie fittingen"},{"@type":"BreadcrumbList","@id":"https:\/\/lda.be\/fr\/produit\/raccords-a-compression-de-o-4-mm-a-15-mm\/#breadcrumb","itemListElement":[{"@type":"ListItem","position":1,"name":"Accueil","item":"https:\/\/lda.be\/fr\/"},{"@type":"ListItem","position":2,"name":"Produits","item":"https:\/\/lda.be\/fr\/produits\/"},{"@type":"ListItem","position":3,"name":"Raccords \u00e0 compression de \u00d8 4 mm \u00e0 15 mm"}]},{"@type":"WebSite","@id":"https:\/\/lda.be\/fr\/#website","url":"https:\/\/lda.be\/fr\/","name":"LDA Belgium","description":"Solutions For Life","publisher":{"@id":"https:\/\/lda.be\/fr\/#organization"},"potentialAction":[{"@type":"SearchAction","target":{"@type":"EntryPoint","urlTemplate":"https:\/\/lda.be\/fr\/?s={search_term_string}"},"query-input":{"@type":"PropertyValueSpecification","valueRequired":true,"valueName":"search_term_string"}}],"inLanguage":"fr-FR"},{"@type":"Organization","@id":"https:\/\/lda.be\/fr\/#organization","name":"LDA Belgium","url":"https:\/\/lda.be\/fr\/","logo":{"@type":"ImageObject","inLanguage":"fr-FR","@id":"https:\/\/lda.be\/fr\/#\/schema\/logo\/image\/","url":"https:\/\/lda.be\/wp-content\/uploads\/2022\/07\/Logo-LDA.webp","contentUrl":"https:\/\/lda.be\/wp-content\/uploads\/2022\/07\/Logo-LDA.webp","width":311,"height":101,"caption":"LDA Belgium"},"image":{"@id":"https:\/\/lda.be\/fr\/#\/schema\/logo\/image\/"},"sameAs":["https:\/\/www.linkedin.com\/company\/lda-belgium-nv"]}]}},"_links":{"self":[{"href":"https:\/\/lda.be\/fr\/wp-json\/wp\/v2\/product\/15903","targetHints":{"allow":["GET"]}}],"collection":[{"href":"https:\/\/lda.be\/fr\/wp-json\/wp\/v2\/product"}],"about":[{"href":"https:\/\/lda.be\/fr\/wp-json\/wp\/v2\/types\/product"}],"replies":[{"embeddable":true,"href":"https:\/\/lda.be\/fr\/wp-json\/wp\/v2\/comments?post=15903"}],"wp:featuredmedia":[{"embeddable":true,"href":"https:\/\/lda.be\/fr\/wp-json\/wp\/v2\/media\/15898"}],"wp:attachment":[{"href":"https:\/\/lda.be\/fr\/wp-json\/wp\/v2\/media?parent=15903"}],"wp:term":[{"taxonomy":"product_brand","embeddable":true,"href":"https:\/\/lda.be\/fr\/wp-json\/wp\/v2\/product_brand?post=15903"},{"taxonomy":"product_cat","embeddable":true,"href":"https:\/\/lda.be\/fr\/wp-json\/wp\/v2\/product_cat?post=15903"},{"taxonomy":"product_tag","embeddable":true,"href":"https:\/\/lda.be\/fr\/wp-json\/wp\/v2\/product_tag?post=15903"}],"curies":[{"name":"wp","href":"https:\/\/api.w.org\/{rel}","templated":true}]}}