{"id":15913,"date":"2026-03-16T15:53:55","date_gmt":"2026-03-16T14:53:55","guid":{"rendered":"https:\/\/lda.be\/?post_type=product&#038;p=15913"},"modified":"2026-03-16T16:04:55","modified_gmt":"2026-03-16T15:04:55","slug":"raccords-standard","status":"publish","type":"product","link":"https:\/\/lda.be\/fr\/produit\/raccords-standard\/","title":{"rendered":"Raccords standard"},"content":{"rendered":"<p>Les raccords standard API (s\u00e9rie A) constituent une solution pour les raccordements dans les syst\u00e8mes d&#8217;air comprim\u00e9 et de fluides. Ces raccords sont fabriqu\u00e9s en laiton nickel\u00e9 et disponibles dans de nombreuses configurations, telles que des r\u00e9ducteurs, des \u00e9largisseurs, des coudes, des t\u00e9s, des croisillons, des raccords en Y, des bouchons et des raccords banjo sp\u00e9ciaux. Ils prennent en charge les filetages BSP, BSPT et m\u00e9triques (de M5x0,8 \u00e0 1&#8243;) et sont adapt\u00e9s \u00e0 des pressions allant jusqu&#8217;\u00e0 60 bars et \u00e0 une plage de temp\u00e9rature de -40 \u00b0C \u00e0 +150 \u00b0C (ou de -20 \u00b0C \u00e0 +80 \u00b0C en cas d&#8217;utilisation de joints NBR). La s\u00e9rie est conforme aux directives REACH et RoHS et est disponible pour des applications modulaires dans les installations industrielles ; elle est \u00e9galement disponible en acier inoxydable.<\/p>\n","protected":false},"excerpt":{"rendered":"<p>Les raccords standard API (s\u00e9rie A) constituent une solution pour les raccordements dans les syst\u00e8mes d&#8217;air comprim\u00e9 et de fluides. Ces raccords sont fabriqu\u00e9s en laiton nickel\u00e9 et disponibles dans de nombreuses configurations, telles que des r\u00e9ducteurs, des \u00e9largisseurs, des coudes, des t\u00e9s, des croisillons, des raccords en Y, des bouchons et des raccords banjo [&hellip;]<\/p>\n","protected":false},"featured_media":15910,"comment_status":"closed","ping_status":"closed","template":"","meta":[],"product_brand":[1831,1903],"product_cat":[1052],"product_tag":[],"class_list":{"0":"post-15913","1":"product","2":"type-product","3":"status-publish","4":"has-post-thumbnail","6":"product_brand-api","7":"product_brand-fittings","8":"product_cat-raccords-et-silencieux","10":"first","11":"instock","12":"shipping-taxable","13":"product-type-simple"},"yoast_head":"<!-- This site is optimized with the Yoast SEO plugin v27.3 - https:\/\/yoast.com\/product\/yoast-seo-wordpress\/ -->\n<title>Raccords standard - LDA Belgique<\/title>\n<meta name=\"description\" content=\"Raccords standard API S\u00e9rie A : solutions de connexion polyvalentes en laiton nickel\u00e9 pour filetages BSP, BSPT et m\u00e9triques. Adapt\u00e9s pour des pressions jusqu&#039;\u00e0 60 bar et des temp\u00e9ratures de -40\u00b0C \u00e0 +150\u00b0C.\" \/>\n<meta name=\"robots\" content=\"index, follow, max-snippet:-1, max-image-preview:large, max-video-preview:-1\" \/>\n<link rel=\"canonical\" href=\"https:\/\/lda.be\/fr\/produit\/raccords-standard\/\" \/>\n<meta property=\"og:locale\" content=\"fr_FR\" \/>\n<meta property=\"og:type\" content=\"article\" \/>\n<meta property=\"og:title\" content=\"Raccords standard - LDA Belgique\" \/>\n<meta property=\"og:description\" content=\"Raccords standard API S\u00e9rie A : solutions de connexion polyvalentes en laiton nickel\u00e9 pour filetages BSP, BSPT et m\u00e9triques. Adapt\u00e9s pour des pressions jusqu&#039;\u00e0 60 bar et des temp\u00e9ratures de -40\u00b0C \u00e0 +150\u00b0C.\" \/>\n<meta property=\"og:url\" content=\"https:\/\/lda.be\/fr\/produit\/raccords-standard\/\" \/>\n<meta property=\"og:site_name\" content=\"LDA Belgique\" \/>\n<meta property=\"article:modified_time\" content=\"2026-03-16T15:04:55+00:00\" \/>\n<meta property=\"og:image\" content=\"https:\/\/lda.be\/wp-content\/uploads\/2026\/03\/standaard-koppelingen.webp\" \/>\n\t<meta property=\"og:image:width\" content=\"1080\" \/>\n\t<meta property=\"og:image:height\" content=\"1080\" \/>\n\t<meta property=\"og:image:type\" content=\"image\/webp\" \/>\n<meta name=\"twitter:card\" content=\"summary_large_image\" \/>\n<meta name=\"twitter:label1\" content=\"Dur\u00e9e de lecture estim\u00e9e\" \/>\n\t<meta name=\"twitter:data1\" content=\"1 minute\" \/>\n<script type=\"application\/ld+json\" class=\"yoast-schema-graph\">{\"@context\":\"https:\\\/\\\/schema.org\",\"@graph\":[{\"@type\":\"WebPage\",\"@id\":\"https:\\\/\\\/lda.be\\\/fr\\\/produit\\\/raccords-standard\\\/\",\"url\":\"https:\\\/\\\/lda.be\\\/fr\\\/produit\\\/raccords-standard\\\/\",\"name\":\"Raccords standard - LDA Belgique\",\"isPartOf\":{\"@id\":\"https:\\\/\\\/lda.be\\\/fr\\\/#website\"},\"primaryImageOfPage\":{\"@id\":\"https:\\\/\\\/lda.be\\\/fr\\\/produit\\\/raccords-standard\\\/#primaryimage\"},\"image\":{\"@id\":\"https:\\\/\\\/lda.be\\\/fr\\\/produit\\\/raccords-standard\\\/#primaryimage\"},\"thumbnailUrl\":\"https:\\\/\\\/lda.be\\\/wp-content\\\/uploads\\\/2026\\\/03\\\/standaard-koppelingen.webp\",\"datePublished\":\"2026-03-16T14:53:55+00:00\",\"dateModified\":\"2026-03-16T15:04:55+00:00\",\"description\":\"Raccords standard API S\u00e9rie A : solutions de connexion polyvalentes en laiton nickel\u00e9 pour filetages BSP, BSPT et m\u00e9triques. Adapt\u00e9s pour des pressions jusqu'\u00e0 60 bar et des temp\u00e9ratures de -40\u00b0C \u00e0 +150\u00b0C.\",\"breadcrumb\":{\"@id\":\"https:\\\/\\\/lda.be\\\/fr\\\/produit\\\/raccords-standard\\\/#breadcrumb\"},\"inLanguage\":\"fr-FR\",\"potentialAction\":[{\"@type\":\"ReadAction\",\"target\":[\"https:\\\/\\\/lda.be\\\/fr\\\/produit\\\/raccords-standard\\\/\"]}]},{\"@type\":\"ImageObject\",\"inLanguage\":\"fr-FR\",\"@id\":\"https:\\\/\\\/lda.be\\\/fr\\\/produit\\\/raccords-standard\\\/#primaryimage\",\"url\":\"https:\\\/\\\/lda.be\\\/wp-content\\\/uploads\\\/2026\\\/03\\\/standaard-koppelingen.webp\",\"contentUrl\":\"https:\\\/\\\/lda.be\\\/wp-content\\\/uploads\\\/2026\\\/03\\\/standaard-koppelingen.webp\",\"width\":1080,\"height\":1080,\"caption\":\"standaard koppelingen\"},{\"@type\":\"BreadcrumbList\",\"@id\":\"https:\\\/\\\/lda.be\\\/fr\\\/produit\\\/raccords-standard\\\/#breadcrumb\",\"itemListElement\":[{\"@type\":\"ListItem\",\"position\":1,\"name\":\"Accueil\",\"item\":\"https:\\\/\\\/lda.be\\\/fr\\\/\"},{\"@type\":\"ListItem\",\"position\":2,\"name\":\"Produits\",\"item\":\"https:\\\/\\\/lda.be\\\/fr\\\/produits\\\/\"},{\"@type\":\"ListItem\",\"position\":3,\"name\":\"Raccords standard\"}]},{\"@type\":\"WebSite\",\"@id\":\"https:\\\/\\\/lda.be\\\/fr\\\/#website\",\"url\":\"https:\\\/\\\/lda.be\\\/fr\\\/\",\"name\":\"LDA Belgium\",\"description\":\"Solutions For Life\",\"publisher\":{\"@id\":\"https:\\\/\\\/lda.be\\\/fr\\\/#organization\"},\"potentialAction\":[{\"@type\":\"SearchAction\",\"target\":{\"@type\":\"EntryPoint\",\"urlTemplate\":\"https:\\\/\\\/lda.be\\\/fr\\\/?s={search_term_string}\"},\"query-input\":{\"@type\":\"PropertyValueSpecification\",\"valueRequired\":true,\"valueName\":\"search_term_string\"}}],\"inLanguage\":\"fr-FR\"},{\"@type\":\"Organization\",\"@id\":\"https:\\\/\\\/lda.be\\\/fr\\\/#organization\",\"name\":\"LDA Belgium\",\"url\":\"https:\\\/\\\/lda.be\\\/fr\\\/\",\"logo\":{\"@type\":\"ImageObject\",\"inLanguage\":\"fr-FR\",\"@id\":\"https:\\\/\\\/lda.be\\\/fr\\\/#\\\/schema\\\/logo\\\/image\\\/\",\"url\":\"https:\\\/\\\/lda.be\\\/wp-content\\\/uploads\\\/2022\\\/07\\\/Logo-LDA.webp\",\"contentUrl\":\"https:\\\/\\\/lda.be\\\/wp-content\\\/uploads\\\/2022\\\/07\\\/Logo-LDA.webp\",\"width\":311,\"height\":101,\"caption\":\"LDA Belgium\"},\"image\":{\"@id\":\"https:\\\/\\\/lda.be\\\/fr\\\/#\\\/schema\\\/logo\\\/image\\\/\"},\"sameAs\":[\"https:\\\/\\\/www.linkedin.com\\\/company\\\/lda-belgium-nv\"]}]}<\/script>\n<!-- \/ Yoast SEO plugin. -->","yoast_head_json":{"title":"Raccords standard - LDA Belgique","description":"Raccords standard API S\u00e9rie A : solutions de connexion polyvalentes en laiton nickel\u00e9 pour filetages BSP, BSPT et m\u00e9triques. Adapt\u00e9s pour des pressions jusqu'\u00e0 60 bar et des temp\u00e9ratures de -40\u00b0C \u00e0 +150\u00b0C.","robots":{"index":"index","follow":"follow","max-snippet":"max-snippet:-1","max-image-preview":"max-image-preview:large","max-video-preview":"max-video-preview:-1"},"canonical":"https:\/\/lda.be\/fr\/produit\/raccords-standard\/","og_locale":"fr_FR","og_type":"article","og_title":"Raccords standard - LDA Belgique","og_description":"Raccords standard API S\u00e9rie A : solutions de connexion polyvalentes en laiton nickel\u00e9 pour filetages BSP, BSPT et m\u00e9triques. Adapt\u00e9s pour des pressions jusqu'\u00e0 60 bar et des temp\u00e9ratures de -40\u00b0C \u00e0 +150\u00b0C.","og_url":"https:\/\/lda.be\/fr\/produit\/raccords-standard\/","og_site_name":"LDA Belgique","article_modified_time":"2026-03-16T15:04:55+00:00","og_image":[{"width":1080,"height":1080,"url":"https:\/\/lda.be\/wp-content\/uploads\/2026\/03\/standaard-koppelingen.webp","type":"image\/webp"}],"twitter_card":"summary_large_image","twitter_misc":{"Dur\u00e9e de lecture estim\u00e9e":"1 minute"},"schema":{"@context":"https:\/\/schema.org","@graph":[{"@type":"WebPage","@id":"https:\/\/lda.be\/fr\/produit\/raccords-standard\/","url":"https:\/\/lda.be\/fr\/produit\/raccords-standard\/","name":"Raccords standard - LDA Belgique","isPartOf":{"@id":"https:\/\/lda.be\/fr\/#website"},"primaryImageOfPage":{"@id":"https:\/\/lda.be\/fr\/produit\/raccords-standard\/#primaryimage"},"image":{"@id":"https:\/\/lda.be\/fr\/produit\/raccords-standard\/#primaryimage"},"thumbnailUrl":"https:\/\/lda.be\/wp-content\/uploads\/2026\/03\/standaard-koppelingen.webp","datePublished":"2026-03-16T14:53:55+00:00","dateModified":"2026-03-16T15:04:55+00:00","description":"Raccords standard API S\u00e9rie A : solutions de connexion polyvalentes en laiton nickel\u00e9 pour filetages BSP, BSPT et m\u00e9triques. Adapt\u00e9s pour des pressions jusqu'\u00e0 60 bar et des temp\u00e9ratures de -40\u00b0C \u00e0 +150\u00b0C.","breadcrumb":{"@id":"https:\/\/lda.be\/fr\/produit\/raccords-standard\/#breadcrumb"},"inLanguage":"fr-FR","potentialAction":[{"@type":"ReadAction","target":["https:\/\/lda.be\/fr\/produit\/raccords-standard\/"]}]},{"@type":"ImageObject","inLanguage":"fr-FR","@id":"https:\/\/lda.be\/fr\/produit\/raccords-standard\/#primaryimage","url":"https:\/\/lda.be\/wp-content\/uploads\/2026\/03\/standaard-koppelingen.webp","contentUrl":"https:\/\/lda.be\/wp-content\/uploads\/2026\/03\/standaard-koppelingen.webp","width":1080,"height":1080,"caption":"standaard koppelingen"},{"@type":"BreadcrumbList","@id":"https:\/\/lda.be\/fr\/produit\/raccords-standard\/#breadcrumb","itemListElement":[{"@type":"ListItem","position":1,"name":"Accueil","item":"https:\/\/lda.be\/fr\/"},{"@type":"ListItem","position":2,"name":"Produits","item":"https:\/\/lda.be\/fr\/produits\/"},{"@type":"ListItem","position":3,"name":"Raccords standard"}]},{"@type":"WebSite","@id":"https:\/\/lda.be\/fr\/#website","url":"https:\/\/lda.be\/fr\/","name":"LDA Belgium","description":"Solutions For Life","publisher":{"@id":"https:\/\/lda.be\/fr\/#organization"},"potentialAction":[{"@type":"SearchAction","target":{"@type":"EntryPoint","urlTemplate":"https:\/\/lda.be\/fr\/?s={search_term_string}"},"query-input":{"@type":"PropertyValueSpecification","valueRequired":true,"valueName":"search_term_string"}}],"inLanguage":"fr-FR"},{"@type":"Organization","@id":"https:\/\/lda.be\/fr\/#organization","name":"LDA Belgium","url":"https:\/\/lda.be\/fr\/","logo":{"@type":"ImageObject","inLanguage":"fr-FR","@id":"https:\/\/lda.be\/fr\/#\/schema\/logo\/image\/","url":"https:\/\/lda.be\/wp-content\/uploads\/2022\/07\/Logo-LDA.webp","contentUrl":"https:\/\/lda.be\/wp-content\/uploads\/2022\/07\/Logo-LDA.webp","width":311,"height":101,"caption":"LDA Belgium"},"image":{"@id":"https:\/\/lda.be\/fr\/#\/schema\/logo\/image\/"},"sameAs":["https:\/\/www.linkedin.com\/company\/lda-belgium-nv"]}]}},"_links":{"self":[{"href":"https:\/\/lda.be\/fr\/wp-json\/wp\/v2\/product\/15913","targetHints":{"allow":["GET"]}}],"collection":[{"href":"https:\/\/lda.be\/fr\/wp-json\/wp\/v2\/product"}],"about":[{"href":"https:\/\/lda.be\/fr\/wp-json\/wp\/v2\/types\/product"}],"replies":[{"embeddable":true,"href":"https:\/\/lda.be\/fr\/wp-json\/wp\/v2\/comments?post=15913"}],"wp:featuredmedia":[{"embeddable":true,"href":"https:\/\/lda.be\/fr\/wp-json\/wp\/v2\/media\/15910"}],"wp:attachment":[{"href":"https:\/\/lda.be\/fr\/wp-json\/wp\/v2\/media?parent=15913"}],"wp:term":[{"taxonomy":"product_brand","embeddable":true,"href":"https:\/\/lda.be\/fr\/wp-json\/wp\/v2\/product_brand?post=15913"},{"taxonomy":"product_cat","embeddable":true,"href":"https:\/\/lda.be\/fr\/wp-json\/wp\/v2\/product_cat?post=15913"},{"taxonomy":"product_tag","embeddable":true,"href":"https:\/\/lda.be\/fr\/wp-json\/wp\/v2\/product_tag?post=15913"}],"curies":[{"name":"wp","href":"https:\/\/api.w.org\/{rel}","templated":true}]}}