{"id":15923,"date":"2026-03-16T16:30:26","date_gmt":"2026-03-16T15:30:26","guid":{"rendered":"https:\/\/lda.be\/?post_type=product&#038;p=15923"},"modified":"2026-03-16T16:41:21","modified_gmt":"2026-03-16T15:41:21","slug":"raccords-quick-lock","status":"publish","type":"product","link":"https:\/\/lda.be\/fr\/produit\/raccords-quick-lock\/","title":{"rendered":"raccords Quick-Lock"},"content":{"rendered":"<p>Les raccords Quick-Lock API offrent une connexion rapide et s\u00e9curis\u00e9e pour l&#8217;air comprim\u00e9, l&#8217;eau et les fluides non agressifs. Ces raccords sont fabriqu\u00e9s en laiton non nick\u00e9l\u00e9 et utilisent un m\u00e9canisme \u00e0 billes pour une \u00e9tanch\u00e9it\u00e9 fiable, m\u00eame avec des connexions et d\u00e9connexions fr\u00e9quentes. La s\u00e9rie est divis\u00e9e en raccords (KA) et embouts (SF), disponibles en trois tailles : 20 (DN 2,7), 21 (DN 5) et 26 (DN 7,2). La taille 20 est compacte et adapt\u00e9e aux applications m\u00e9dicales, pharmaceutiques et chimiques, la taille 21 est la plus courante et la taille 26 est consid\u00e9r\u00e9e comme &#8220;universelle&#8221;. Tous les raccords sont conformes aux directives Reach et RoHS et conviennent pour des pressions jusqu&#8217;\u00e0 35 bar et une plage de temp\u00e9rature de -20\u00b0C \u00e0 +100\u00b0C.<\/p>\n","protected":false},"excerpt":{"rendered":"<p>Les raccords Quick-Lock API offrent une connexion rapide et s\u00e9curis\u00e9e pour l&#8217;air comprim\u00e9, l&#8217;eau et les fluides non agressifs. Ces raccords sont fabriqu\u00e9s en laiton non nick\u00e9l\u00e9 et utilisent un m\u00e9canisme \u00e0 billes pour une \u00e9tanch\u00e9it\u00e9 fiable, m\u00eame avec des connexions et d\u00e9connexions fr\u00e9quentes. La s\u00e9rie est divis\u00e9e en raccords (KA) et embouts (SF), disponibles [&hellip;]<\/p>\n","protected":false},"featured_media":15918,"comment_status":"closed","ping_status":"closed","template":"","meta":[],"product_brand":[1831,1903],"product_cat":[1052],"product_tag":[],"class_list":{"0":"post-15923","1":"product","2":"type-product","3":"status-publish","4":"has-post-thumbnail","6":"product_brand-api","7":"product_brand-fittings","8":"product_cat-raccords-et-silencieux","10":"first","11":"instock","12":"shipping-taxable","13":"product-type-simple"},"yoast_head":"<!-- This site is optimized with the Yoast SEO plugin v27.3 - https:\/\/yoast.com\/product\/yoast-seo-wordpress\/ -->\n<title>raccords Quick-Lock - LDA Belgique<\/title>\n<meta name=\"description\" content=\"Raccords rapides Quick-Lock API : connexions rapides et s\u00e9curis\u00e9es en laiton pour air comprim\u00e9, eau et fluides non agressifs. Adapt\u00e9s pour des pressions jusqu&#039;\u00e0 35 bar et des temp\u00e9ratures de -20\u00b0C \u00e0 +100\u00b0C.\" \/>\n<meta name=\"robots\" content=\"index, follow, max-snippet:-1, max-image-preview:large, max-video-preview:-1\" \/>\n<link rel=\"canonical\" href=\"https:\/\/lda.be\/fr\/produit\/raccords-quick-lock\/\" \/>\n<meta property=\"og:locale\" content=\"fr_FR\" \/>\n<meta property=\"og:type\" content=\"article\" \/>\n<meta property=\"og:title\" content=\"raccords Quick-Lock - LDA Belgique\" \/>\n<meta property=\"og:description\" content=\"Raccords rapides Quick-Lock API : connexions rapides et s\u00e9curis\u00e9es en laiton pour air comprim\u00e9, eau et fluides non agressifs. Adapt\u00e9s pour des pressions jusqu&#039;\u00e0 35 bar et des temp\u00e9ratures de -20\u00b0C \u00e0 +100\u00b0C.\" \/>\n<meta property=\"og:url\" content=\"https:\/\/lda.be\/fr\/produit\/raccords-quick-lock\/\" \/>\n<meta property=\"og:site_name\" content=\"LDA Belgique\" \/>\n<meta property=\"article:modified_time\" content=\"2026-03-16T15:41:21+00:00\" \/>\n<meta property=\"og:image\" content=\"https:\/\/lda.be\/wp-content\/uploads\/2026\/03\/Quick-locking-coupling.webp\" \/>\n\t<meta property=\"og:image:width\" content=\"1080\" \/>\n\t<meta property=\"og:image:height\" content=\"1080\" \/>\n\t<meta property=\"og:image:type\" content=\"image\/webp\" \/>\n<meta name=\"twitter:card\" content=\"summary_large_image\" \/>\n<meta name=\"twitter:label1\" content=\"Dur\u00e9e de lecture estim\u00e9e\" \/>\n\t<meta name=\"twitter:data1\" content=\"1 minute\" \/>\n<script type=\"application\/ld+json\" class=\"yoast-schema-graph\">{\"@context\":\"https:\\\/\\\/schema.org\",\"@graph\":[{\"@type\":\"WebPage\",\"@id\":\"https:\\\/\\\/lda.be\\\/fr\\\/produit\\\/raccords-quick-lock\\\/\",\"url\":\"https:\\\/\\\/lda.be\\\/fr\\\/produit\\\/raccords-quick-lock\\\/\",\"name\":\"raccords Quick-Lock - LDA Belgique\",\"isPartOf\":{\"@id\":\"https:\\\/\\\/lda.be\\\/fr\\\/#website\"},\"primaryImageOfPage\":{\"@id\":\"https:\\\/\\\/lda.be\\\/fr\\\/produit\\\/raccords-quick-lock\\\/#primaryimage\"},\"image\":{\"@id\":\"https:\\\/\\\/lda.be\\\/fr\\\/produit\\\/raccords-quick-lock\\\/#primaryimage\"},\"thumbnailUrl\":\"https:\\\/\\\/lda.be\\\/wp-content\\\/uploads\\\/2026\\\/03\\\/Quick-locking-coupling.webp\",\"datePublished\":\"2026-03-16T15:30:26+00:00\",\"dateModified\":\"2026-03-16T15:41:21+00:00\",\"description\":\"Raccords rapides Quick-Lock API : connexions rapides et s\u00e9curis\u00e9es en laiton pour air comprim\u00e9, eau et fluides non agressifs. Adapt\u00e9s pour des pressions jusqu'\u00e0 35 bar et des temp\u00e9ratures de -20\u00b0C \u00e0 +100\u00b0C.\",\"breadcrumb\":{\"@id\":\"https:\\\/\\\/lda.be\\\/fr\\\/produit\\\/raccords-quick-lock\\\/#breadcrumb\"},\"inLanguage\":\"fr-FR\",\"potentialAction\":[{\"@type\":\"ReadAction\",\"target\":[\"https:\\\/\\\/lda.be\\\/fr\\\/produit\\\/raccords-quick-lock\\\/\"]}]},{\"@type\":\"ImageObject\",\"inLanguage\":\"fr-FR\",\"@id\":\"https:\\\/\\\/lda.be\\\/fr\\\/produit\\\/raccords-quick-lock\\\/#primaryimage\",\"url\":\"https:\\\/\\\/lda.be\\\/wp-content\\\/uploads\\\/2026\\\/03\\\/Quick-locking-coupling.webp\",\"contentUrl\":\"https:\\\/\\\/lda.be\\\/wp-content\\\/uploads\\\/2026\\\/03\\\/Quick-locking-coupling.webp\",\"width\":1080,\"height\":1080,\"caption\":\"Quick locking coupling\"},{\"@type\":\"BreadcrumbList\",\"@id\":\"https:\\\/\\\/lda.be\\\/fr\\\/produit\\\/raccords-quick-lock\\\/#breadcrumb\",\"itemListElement\":[{\"@type\":\"ListItem\",\"position\":1,\"name\":\"Accueil\",\"item\":\"https:\\\/\\\/lda.be\\\/fr\\\/\"},{\"@type\":\"ListItem\",\"position\":2,\"name\":\"Produits\",\"item\":\"https:\\\/\\\/lda.be\\\/fr\\\/produits\\\/\"},{\"@type\":\"ListItem\",\"position\":3,\"name\":\"raccords Quick-Lock\"}]},{\"@type\":\"WebSite\",\"@id\":\"https:\\\/\\\/lda.be\\\/fr\\\/#website\",\"url\":\"https:\\\/\\\/lda.be\\\/fr\\\/\",\"name\":\"LDA Belgium\",\"description\":\"Solutions For Life\",\"publisher\":{\"@id\":\"https:\\\/\\\/lda.be\\\/fr\\\/#organization\"},\"potentialAction\":[{\"@type\":\"SearchAction\",\"target\":{\"@type\":\"EntryPoint\",\"urlTemplate\":\"https:\\\/\\\/lda.be\\\/fr\\\/?s={search_term_string}\"},\"query-input\":{\"@type\":\"PropertyValueSpecification\",\"valueRequired\":true,\"valueName\":\"search_term_string\"}}],\"inLanguage\":\"fr-FR\"},{\"@type\":\"Organization\",\"@id\":\"https:\\\/\\\/lda.be\\\/fr\\\/#organization\",\"name\":\"LDA Belgium\",\"url\":\"https:\\\/\\\/lda.be\\\/fr\\\/\",\"logo\":{\"@type\":\"ImageObject\",\"inLanguage\":\"fr-FR\",\"@id\":\"https:\\\/\\\/lda.be\\\/fr\\\/#\\\/schema\\\/logo\\\/image\\\/\",\"url\":\"https:\\\/\\\/lda.be\\\/wp-content\\\/uploads\\\/2022\\\/07\\\/Logo-LDA.webp\",\"contentUrl\":\"https:\\\/\\\/lda.be\\\/wp-content\\\/uploads\\\/2022\\\/07\\\/Logo-LDA.webp\",\"width\":311,\"height\":101,\"caption\":\"LDA Belgium\"},\"image\":{\"@id\":\"https:\\\/\\\/lda.be\\\/fr\\\/#\\\/schema\\\/logo\\\/image\\\/\"},\"sameAs\":[\"https:\\\/\\\/www.linkedin.com\\\/company\\\/lda-belgium-nv\"]}]}<\/script>\n<!-- \/ Yoast SEO plugin. -->","yoast_head_json":{"title":"raccords Quick-Lock - LDA Belgique","description":"Raccords rapides Quick-Lock API : connexions rapides et s\u00e9curis\u00e9es en laiton pour air comprim\u00e9, eau et fluides non agressifs. Adapt\u00e9s pour des pressions jusqu'\u00e0 35 bar et des temp\u00e9ratures de -20\u00b0C \u00e0 +100\u00b0C.","robots":{"index":"index","follow":"follow","max-snippet":"max-snippet:-1","max-image-preview":"max-image-preview:large","max-video-preview":"max-video-preview:-1"},"canonical":"https:\/\/lda.be\/fr\/produit\/raccords-quick-lock\/","og_locale":"fr_FR","og_type":"article","og_title":"raccords Quick-Lock - LDA Belgique","og_description":"Raccords rapides Quick-Lock API : connexions rapides et s\u00e9curis\u00e9es en laiton pour air comprim\u00e9, eau et fluides non agressifs. Adapt\u00e9s pour des pressions jusqu'\u00e0 35 bar et des temp\u00e9ratures de -20\u00b0C \u00e0 +100\u00b0C.","og_url":"https:\/\/lda.be\/fr\/produit\/raccords-quick-lock\/","og_site_name":"LDA Belgique","article_modified_time":"2026-03-16T15:41:21+00:00","og_image":[{"width":1080,"height":1080,"url":"https:\/\/lda.be\/wp-content\/uploads\/2026\/03\/Quick-locking-coupling.webp","type":"image\/webp"}],"twitter_card":"summary_large_image","twitter_misc":{"Dur\u00e9e de lecture estim\u00e9e":"1 minute"},"schema":{"@context":"https:\/\/schema.org","@graph":[{"@type":"WebPage","@id":"https:\/\/lda.be\/fr\/produit\/raccords-quick-lock\/","url":"https:\/\/lda.be\/fr\/produit\/raccords-quick-lock\/","name":"raccords Quick-Lock - LDA Belgique","isPartOf":{"@id":"https:\/\/lda.be\/fr\/#website"},"primaryImageOfPage":{"@id":"https:\/\/lda.be\/fr\/produit\/raccords-quick-lock\/#primaryimage"},"image":{"@id":"https:\/\/lda.be\/fr\/produit\/raccords-quick-lock\/#primaryimage"},"thumbnailUrl":"https:\/\/lda.be\/wp-content\/uploads\/2026\/03\/Quick-locking-coupling.webp","datePublished":"2026-03-16T15:30:26+00:00","dateModified":"2026-03-16T15:41:21+00:00","description":"Raccords rapides Quick-Lock API : connexions rapides et s\u00e9curis\u00e9es en laiton pour air comprim\u00e9, eau et fluides non agressifs. Adapt\u00e9s pour des pressions jusqu'\u00e0 35 bar et des temp\u00e9ratures de -20\u00b0C \u00e0 +100\u00b0C.","breadcrumb":{"@id":"https:\/\/lda.be\/fr\/produit\/raccords-quick-lock\/#breadcrumb"},"inLanguage":"fr-FR","potentialAction":[{"@type":"ReadAction","target":["https:\/\/lda.be\/fr\/produit\/raccords-quick-lock\/"]}]},{"@type":"ImageObject","inLanguage":"fr-FR","@id":"https:\/\/lda.be\/fr\/produit\/raccords-quick-lock\/#primaryimage","url":"https:\/\/lda.be\/wp-content\/uploads\/2026\/03\/Quick-locking-coupling.webp","contentUrl":"https:\/\/lda.be\/wp-content\/uploads\/2026\/03\/Quick-locking-coupling.webp","width":1080,"height":1080,"caption":"Quick locking coupling"},{"@type":"BreadcrumbList","@id":"https:\/\/lda.be\/fr\/produit\/raccords-quick-lock\/#breadcrumb","itemListElement":[{"@type":"ListItem","position":1,"name":"Accueil","item":"https:\/\/lda.be\/fr\/"},{"@type":"ListItem","position":2,"name":"Produits","item":"https:\/\/lda.be\/fr\/produits\/"},{"@type":"ListItem","position":3,"name":"raccords Quick-Lock"}]},{"@type":"WebSite","@id":"https:\/\/lda.be\/fr\/#website","url":"https:\/\/lda.be\/fr\/","name":"LDA Belgium","description":"Solutions For Life","publisher":{"@id":"https:\/\/lda.be\/fr\/#organization"},"potentialAction":[{"@type":"SearchAction","target":{"@type":"EntryPoint","urlTemplate":"https:\/\/lda.be\/fr\/?s={search_term_string}"},"query-input":{"@type":"PropertyValueSpecification","valueRequired":true,"valueName":"search_term_string"}}],"inLanguage":"fr-FR"},{"@type":"Organization","@id":"https:\/\/lda.be\/fr\/#organization","name":"LDA Belgium","url":"https:\/\/lda.be\/fr\/","logo":{"@type":"ImageObject","inLanguage":"fr-FR","@id":"https:\/\/lda.be\/fr\/#\/schema\/logo\/image\/","url":"https:\/\/lda.be\/wp-content\/uploads\/2022\/07\/Logo-LDA.webp","contentUrl":"https:\/\/lda.be\/wp-content\/uploads\/2022\/07\/Logo-LDA.webp","width":311,"height":101,"caption":"LDA Belgium"},"image":{"@id":"https:\/\/lda.be\/fr\/#\/schema\/logo\/image\/"},"sameAs":["https:\/\/www.linkedin.com\/company\/lda-belgium-nv"]}]}},"_links":{"self":[{"href":"https:\/\/lda.be\/fr\/wp-json\/wp\/v2\/product\/15923","targetHints":{"allow":["GET"]}}],"collection":[{"href":"https:\/\/lda.be\/fr\/wp-json\/wp\/v2\/product"}],"about":[{"href":"https:\/\/lda.be\/fr\/wp-json\/wp\/v2\/types\/product"}],"replies":[{"embeddable":true,"href":"https:\/\/lda.be\/fr\/wp-json\/wp\/v2\/comments?post=15923"}],"wp:featuredmedia":[{"embeddable":true,"href":"https:\/\/lda.be\/fr\/wp-json\/wp\/v2\/media\/15918"}],"wp:attachment":[{"href":"https:\/\/lda.be\/fr\/wp-json\/wp\/v2\/media?parent=15923"}],"wp:term":[{"taxonomy":"product_brand","embeddable":true,"href":"https:\/\/lda.be\/fr\/wp-json\/wp\/v2\/product_brand?post=15923"},{"taxonomy":"product_cat","embeddable":true,"href":"https:\/\/lda.be\/fr\/wp-json\/wp\/v2\/product_cat?post=15923"},{"taxonomy":"product_tag","embeddable":true,"href":"https:\/\/lda.be\/fr\/wp-json\/wp\/v2\/product_tag?post=15923"}],"curies":[{"name":"wp","href":"https:\/\/api.w.org\/{rel}","templated":true}]}}