{"id":15935,"date":"2026-03-17T15:09:40","date_gmt":"2026-03-17T14:09:40","guid":{"rendered":"https:\/\/lda.be\/?post_type=product&#038;p=15935"},"modified":"2026-03-17T15:52:26","modified_gmt":"2026-03-17T14:52:26","slug":"tuyaux-a-air-comprime-pa11-pa12-pu-pe-pa6-ptfe","status":"publish","type":"product","link":"https:\/\/lda.be\/fr\/produit\/tuyaux-a-air-comprime-pa11-pa12-pu-pe-pa6-ptfe\/","title":{"rendered":"Tuyaux \u00e0 air comprim\u00e9 PA11\/PA12\/PU\/PE\/PA6\/PTFE"},"content":{"rendered":"<p>Cette s\u00e9rie de tuyaux pneumatiques et spirales est d\u00e9velopp\u00e9e pour des ex\u00e9cutions lin\u00e9aires et spiral\u00e9es, fabriqu\u00e9es \u00e0 partir de diff\u00e9rents mat\u00e9riaux. Gr\u00e2ce au large choix de diam\u00e8tres, de couleurs et de configurations, vous adaptez facilement le tuyau \u00e0 votre application. Tous les produits sont conformes aux directives REACH et RoHS. Ils conviennent ainsi \u00e0 une utilisation s\u00fbre et durable dans les syst\u00e8mes de production modernes.<\/p>\n<p>La gamme comprend des tuyaux flexibles et des spirales pour le transport d\u2019air comprim\u00e9 dans les installations industrielles. Ils sont disponibles en polyamide (PA11\/PA12), polyur\u00e9thane (PU), poly\u00e9thyl\u00e8ne (PE), nylon (PA6) et PTFE. Ces tuyaux sont utilis\u00e9s dans des syst\u00e8mes pneumatiques o\u00f9 la flexibilit\u00e9, la r\u00e9sistance \u00e0 la pression et la fiabilit\u00e9 sont essentielles, comme dans les lignes d\u2019automatisation, la construction de machines et l\u2019assemblage.<\/p>\n<p>La combinaison de plusieurs mat\u00e9riaux, de larges plages de temp\u00e9rature et de nombreux diam\u00e8tres et versions rend cette s\u00e9rie extr\u00eamement polyvalente. Les versions lin\u00e9aires et spiral\u00e9es offrent une grande libert\u00e9 d\u2019installation.<\/p>\n","protected":false},"excerpt":{"rendered":"<p>Cette s\u00e9rie de tuyaux pneumatiques et spirales est d\u00e9velopp\u00e9e pour des ex\u00e9cutions lin\u00e9aires et spiral\u00e9es, fabriqu\u00e9es \u00e0 partir de diff\u00e9rents mat\u00e9riaux. Gr\u00e2ce au large choix de diam\u00e8tres, de couleurs et de configurations, vous adaptez facilement le tuyau \u00e0 votre application. Tous les produits sont conformes aux directives REACH et RoHS. Ils conviennent ainsi \u00e0 une [&hellip;]<\/p>\n","protected":false},"featured_media":15932,"comment_status":"closed","ping_status":"closed","template":"","meta":[],"product_brand":[1831],"product_cat":[1110],"product_tag":[],"class_list":{"0":"post-15935","1":"product","2":"type-product","3":"status-publish","4":"has-post-thumbnail","6":"product_brand-api","7":"product_cat-tuyaux-a-air-comprime","9":"first","10":"instock","11":"shipping-taxable","12":"product-type-simple"},"yoast_head":"<!-- This site is optimized with the Yoast SEO plugin v27.3 - https:\/\/yoast.com\/product\/yoast-seo-wordpress\/ -->\n<title>Tuyaux \u00e0 air comprim\u00e9 PA11\/PA12\/PU\/PE\/PA6\/PTFE - LDA Belgique<\/title>\n<meta name=\"description\" content=\"Vous souhaitez acheter des tuyaux \u00e0 air comprim\u00e9 ? D\u00e9couvrez des tuyaux flexibles et r\u00e9sistants \u00e0 la pression,parfaits pour les applications industrielles.\" \/>\n<meta name=\"robots\" content=\"index, follow, max-snippet:-1, max-image-preview:large, max-video-preview:-1\" \/>\n<link rel=\"canonical\" href=\"https:\/\/lda.be\/fr\/produit\/tuyaux-a-air-comprime-pa11-pa12-pu-pe-pa6-ptfe\/\" \/>\n<meta property=\"og:locale\" content=\"fr_FR\" \/>\n<meta property=\"og:type\" content=\"article\" \/>\n<meta property=\"og:title\" content=\"Tuyaux \u00e0 air comprim\u00e9 PA11\/PA12\/PU\/PE\/PA6\/PTFE - LDA Belgique\" \/>\n<meta property=\"og:description\" content=\"Vous souhaitez acheter des tuyaux \u00e0 air comprim\u00e9 ? D\u00e9couvrez des tuyaux flexibles et r\u00e9sistants \u00e0 la pression,parfaits pour les applications industrielles.\" \/>\n<meta property=\"og:url\" content=\"https:\/\/lda.be\/fr\/produit\/tuyaux-a-air-comprime-pa11-pa12-pu-pe-pa6-ptfe\/\" \/>\n<meta property=\"og:site_name\" content=\"LDA Belgique\" \/>\n<meta property=\"article:modified_time\" content=\"2026-03-17T14:52:26+00:00\" \/>\n<meta property=\"og:image\" content=\"https:\/\/lda.be\/wp-content\/uploads\/2026\/03\/Persluchtslangen.webp\" \/>\n\t<meta property=\"og:image:width\" content=\"1080\" \/>\n\t<meta property=\"og:image:height\" content=\"1080\" \/>\n\t<meta property=\"og:image:type\" content=\"image\/webp\" \/>\n<meta name=\"twitter:card\" content=\"summary_large_image\" \/>\n<meta name=\"twitter:label1\" content=\"Dur\u00e9e de lecture estim\u00e9e\" \/>\n\t<meta name=\"twitter:data1\" content=\"1 minute\" \/>\n<script type=\"application\/ld+json\" class=\"yoast-schema-graph\">{\"@context\":\"https:\\\/\\\/schema.org\",\"@graph\":[{\"@type\":\"WebPage\",\"@id\":\"https:\\\/\\\/lda.be\\\/fr\\\/produit\\\/tuyaux-a-air-comprime-pa11-pa12-pu-pe-pa6-ptfe\\\/\",\"url\":\"https:\\\/\\\/lda.be\\\/fr\\\/produit\\\/tuyaux-a-air-comprime-pa11-pa12-pu-pe-pa6-ptfe\\\/\",\"name\":\"Tuyaux \u00e0 air comprim\u00e9 PA11\\\/PA12\\\/PU\\\/PE\\\/PA6\\\/PTFE - LDA Belgique\",\"isPartOf\":{\"@id\":\"https:\\\/\\\/lda.be\\\/fr\\\/#website\"},\"primaryImageOfPage\":{\"@id\":\"https:\\\/\\\/lda.be\\\/fr\\\/produit\\\/tuyaux-a-air-comprime-pa11-pa12-pu-pe-pa6-ptfe\\\/#primaryimage\"},\"image\":{\"@id\":\"https:\\\/\\\/lda.be\\\/fr\\\/produit\\\/tuyaux-a-air-comprime-pa11-pa12-pu-pe-pa6-ptfe\\\/#primaryimage\"},\"thumbnailUrl\":\"https:\\\/\\\/lda.be\\\/wp-content\\\/uploads\\\/2026\\\/03\\\/Persluchtslangen.webp\",\"datePublished\":\"2026-03-17T14:09:40+00:00\",\"dateModified\":\"2026-03-17T14:52:26+00:00\",\"description\":\"Vous souhaitez acheter des tuyaux \u00e0 air comprim\u00e9 ? D\u00e9couvrez des tuyaux flexibles et r\u00e9sistants \u00e0 la pression,parfaits pour les applications industrielles.\",\"breadcrumb\":{\"@id\":\"https:\\\/\\\/lda.be\\\/fr\\\/produit\\\/tuyaux-a-air-comprime-pa11-pa12-pu-pe-pa6-ptfe\\\/#breadcrumb\"},\"inLanguage\":\"fr-FR\",\"potentialAction\":[{\"@type\":\"ReadAction\",\"target\":[\"https:\\\/\\\/lda.be\\\/fr\\\/produit\\\/tuyaux-a-air-comprime-pa11-pa12-pu-pe-pa6-ptfe\\\/\"]}]},{\"@type\":\"ImageObject\",\"inLanguage\":\"fr-FR\",\"@id\":\"https:\\\/\\\/lda.be\\\/fr\\\/produit\\\/tuyaux-a-air-comprime-pa11-pa12-pu-pe-pa6-ptfe\\\/#primaryimage\",\"url\":\"https:\\\/\\\/lda.be\\\/wp-content\\\/uploads\\\/2026\\\/03\\\/Persluchtslangen.webp\",\"contentUrl\":\"https:\\\/\\\/lda.be\\\/wp-content\\\/uploads\\\/2026\\\/03\\\/Persluchtslangen.webp\",\"width\":1080,\"height\":1080,\"caption\":\"Persluchtslangen\"},{\"@type\":\"BreadcrumbList\",\"@id\":\"https:\\\/\\\/lda.be\\\/fr\\\/produit\\\/tuyaux-a-air-comprime-pa11-pa12-pu-pe-pa6-ptfe\\\/#breadcrumb\",\"itemListElement\":[{\"@type\":\"ListItem\",\"position\":1,\"name\":\"Accueil\",\"item\":\"https:\\\/\\\/lda.be\\\/fr\\\/\"},{\"@type\":\"ListItem\",\"position\":2,\"name\":\"Produits\",\"item\":\"https:\\\/\\\/lda.be\\\/fr\\\/produits\\\/\"},{\"@type\":\"ListItem\",\"position\":3,\"name\":\"Tuyaux \u00e0 air comprim\u00e9 PA11\\\/PA12\\\/PU\\\/PE\\\/PA6\\\/PTFE\"}]},{\"@type\":\"WebSite\",\"@id\":\"https:\\\/\\\/lda.be\\\/fr\\\/#website\",\"url\":\"https:\\\/\\\/lda.be\\\/fr\\\/\",\"name\":\"LDA Belgium\",\"description\":\"Solutions For Life\",\"publisher\":{\"@id\":\"https:\\\/\\\/lda.be\\\/fr\\\/#organization\"},\"potentialAction\":[{\"@type\":\"SearchAction\",\"target\":{\"@type\":\"EntryPoint\",\"urlTemplate\":\"https:\\\/\\\/lda.be\\\/fr\\\/?s={search_term_string}\"},\"query-input\":{\"@type\":\"PropertyValueSpecification\",\"valueRequired\":true,\"valueName\":\"search_term_string\"}}],\"inLanguage\":\"fr-FR\"},{\"@type\":\"Organization\",\"@id\":\"https:\\\/\\\/lda.be\\\/fr\\\/#organization\",\"name\":\"LDA Belgium\",\"url\":\"https:\\\/\\\/lda.be\\\/fr\\\/\",\"logo\":{\"@type\":\"ImageObject\",\"inLanguage\":\"fr-FR\",\"@id\":\"https:\\\/\\\/lda.be\\\/fr\\\/#\\\/schema\\\/logo\\\/image\\\/\",\"url\":\"https:\\\/\\\/lda.be\\\/wp-content\\\/uploads\\\/2022\\\/07\\\/Logo-LDA.webp\",\"contentUrl\":\"https:\\\/\\\/lda.be\\\/wp-content\\\/uploads\\\/2022\\\/07\\\/Logo-LDA.webp\",\"width\":311,\"height\":101,\"caption\":\"LDA Belgium\"},\"image\":{\"@id\":\"https:\\\/\\\/lda.be\\\/fr\\\/#\\\/schema\\\/logo\\\/image\\\/\"},\"sameAs\":[\"https:\\\/\\\/www.linkedin.com\\\/company\\\/lda-belgium-nv\"]}]}<\/script>\n<!-- \/ Yoast SEO plugin. -->","yoast_head_json":{"title":"Tuyaux \u00e0 air comprim\u00e9 PA11\/PA12\/PU\/PE\/PA6\/PTFE - LDA Belgique","description":"Vous souhaitez acheter des tuyaux \u00e0 air comprim\u00e9 ? D\u00e9couvrez des tuyaux flexibles et r\u00e9sistants \u00e0 la pression,parfaits pour les applications industrielles.","robots":{"index":"index","follow":"follow","max-snippet":"max-snippet:-1","max-image-preview":"max-image-preview:large","max-video-preview":"max-video-preview:-1"},"canonical":"https:\/\/lda.be\/fr\/produit\/tuyaux-a-air-comprime-pa11-pa12-pu-pe-pa6-ptfe\/","og_locale":"fr_FR","og_type":"article","og_title":"Tuyaux \u00e0 air comprim\u00e9 PA11\/PA12\/PU\/PE\/PA6\/PTFE - LDA Belgique","og_description":"Vous souhaitez acheter des tuyaux \u00e0 air comprim\u00e9 ? D\u00e9couvrez des tuyaux flexibles et r\u00e9sistants \u00e0 la pression,parfaits pour les applications industrielles.","og_url":"https:\/\/lda.be\/fr\/produit\/tuyaux-a-air-comprime-pa11-pa12-pu-pe-pa6-ptfe\/","og_site_name":"LDA Belgique","article_modified_time":"2026-03-17T14:52:26+00:00","og_image":[{"width":1080,"height":1080,"url":"https:\/\/lda.be\/wp-content\/uploads\/2026\/03\/Persluchtslangen.webp","type":"image\/webp"}],"twitter_card":"summary_large_image","twitter_misc":{"Dur\u00e9e de lecture estim\u00e9e":"1 minute"},"schema":{"@context":"https:\/\/schema.org","@graph":[{"@type":"WebPage","@id":"https:\/\/lda.be\/fr\/produit\/tuyaux-a-air-comprime-pa11-pa12-pu-pe-pa6-ptfe\/","url":"https:\/\/lda.be\/fr\/produit\/tuyaux-a-air-comprime-pa11-pa12-pu-pe-pa6-ptfe\/","name":"Tuyaux \u00e0 air comprim\u00e9 PA11\/PA12\/PU\/PE\/PA6\/PTFE - LDA Belgique","isPartOf":{"@id":"https:\/\/lda.be\/fr\/#website"},"primaryImageOfPage":{"@id":"https:\/\/lda.be\/fr\/produit\/tuyaux-a-air-comprime-pa11-pa12-pu-pe-pa6-ptfe\/#primaryimage"},"image":{"@id":"https:\/\/lda.be\/fr\/produit\/tuyaux-a-air-comprime-pa11-pa12-pu-pe-pa6-ptfe\/#primaryimage"},"thumbnailUrl":"https:\/\/lda.be\/wp-content\/uploads\/2026\/03\/Persluchtslangen.webp","datePublished":"2026-03-17T14:09:40+00:00","dateModified":"2026-03-17T14:52:26+00:00","description":"Vous souhaitez acheter des tuyaux \u00e0 air comprim\u00e9 ? D\u00e9couvrez des tuyaux flexibles et r\u00e9sistants \u00e0 la pression,parfaits pour les applications industrielles.","breadcrumb":{"@id":"https:\/\/lda.be\/fr\/produit\/tuyaux-a-air-comprime-pa11-pa12-pu-pe-pa6-ptfe\/#breadcrumb"},"inLanguage":"fr-FR","potentialAction":[{"@type":"ReadAction","target":["https:\/\/lda.be\/fr\/produit\/tuyaux-a-air-comprime-pa11-pa12-pu-pe-pa6-ptfe\/"]}]},{"@type":"ImageObject","inLanguage":"fr-FR","@id":"https:\/\/lda.be\/fr\/produit\/tuyaux-a-air-comprime-pa11-pa12-pu-pe-pa6-ptfe\/#primaryimage","url":"https:\/\/lda.be\/wp-content\/uploads\/2026\/03\/Persluchtslangen.webp","contentUrl":"https:\/\/lda.be\/wp-content\/uploads\/2026\/03\/Persluchtslangen.webp","width":1080,"height":1080,"caption":"Persluchtslangen"},{"@type":"BreadcrumbList","@id":"https:\/\/lda.be\/fr\/produit\/tuyaux-a-air-comprime-pa11-pa12-pu-pe-pa6-ptfe\/#breadcrumb","itemListElement":[{"@type":"ListItem","position":1,"name":"Accueil","item":"https:\/\/lda.be\/fr\/"},{"@type":"ListItem","position":2,"name":"Produits","item":"https:\/\/lda.be\/fr\/produits\/"},{"@type":"ListItem","position":3,"name":"Tuyaux \u00e0 air comprim\u00e9 PA11\/PA12\/PU\/PE\/PA6\/PTFE"}]},{"@type":"WebSite","@id":"https:\/\/lda.be\/fr\/#website","url":"https:\/\/lda.be\/fr\/","name":"LDA Belgium","description":"Solutions For Life","publisher":{"@id":"https:\/\/lda.be\/fr\/#organization"},"potentialAction":[{"@type":"SearchAction","target":{"@type":"EntryPoint","urlTemplate":"https:\/\/lda.be\/fr\/?s={search_term_string}"},"query-input":{"@type":"PropertyValueSpecification","valueRequired":true,"valueName":"search_term_string"}}],"inLanguage":"fr-FR"},{"@type":"Organization","@id":"https:\/\/lda.be\/fr\/#organization","name":"LDA Belgium","url":"https:\/\/lda.be\/fr\/","logo":{"@type":"ImageObject","inLanguage":"fr-FR","@id":"https:\/\/lda.be\/fr\/#\/schema\/logo\/image\/","url":"https:\/\/lda.be\/wp-content\/uploads\/2022\/07\/Logo-LDA.webp","contentUrl":"https:\/\/lda.be\/wp-content\/uploads\/2022\/07\/Logo-LDA.webp","width":311,"height":101,"caption":"LDA Belgium"},"image":{"@id":"https:\/\/lda.be\/fr\/#\/schema\/logo\/image\/"},"sameAs":["https:\/\/www.linkedin.com\/company\/lda-belgium-nv"]}]}},"_links":{"self":[{"href":"https:\/\/lda.be\/fr\/wp-json\/wp\/v2\/product\/15935","targetHints":{"allow":["GET"]}}],"collection":[{"href":"https:\/\/lda.be\/fr\/wp-json\/wp\/v2\/product"}],"about":[{"href":"https:\/\/lda.be\/fr\/wp-json\/wp\/v2\/types\/product"}],"replies":[{"embeddable":true,"href":"https:\/\/lda.be\/fr\/wp-json\/wp\/v2\/comments?post=15935"}],"wp:featuredmedia":[{"embeddable":true,"href":"https:\/\/lda.be\/fr\/wp-json\/wp\/v2\/media\/15932"}],"wp:attachment":[{"href":"https:\/\/lda.be\/fr\/wp-json\/wp\/v2\/media?parent=15935"}],"wp:term":[{"taxonomy":"product_brand","embeddable":true,"href":"https:\/\/lda.be\/fr\/wp-json\/wp\/v2\/product_brand?post=15935"},{"taxonomy":"product_cat","embeddable":true,"href":"https:\/\/lda.be\/fr\/wp-json\/wp\/v2\/product_cat?post=15935"},{"taxonomy":"product_tag","embeddable":true,"href":"https:\/\/lda.be\/fr\/wp-json\/wp\/v2\/product_tag?post=15935"}],"curies":[{"name":"wp","href":"https:\/\/api.w.org\/{rel}","templated":true}]}}