{"id":15984,"date":"2026-03-23T15:55:17","date_gmt":"2026-03-23T14:55:17","guid":{"rendered":"https:\/\/lda.be\/?post_type=product&#038;p=15984"},"modified":"2026-03-23T15:58:01","modified_gmt":"2026-03-23T14:58:01","slug":"silencieux-fritte","status":"publish","type":"product","link":"https:\/\/lda.be\/fr\/produit\/silencieux-fritte\/","title":{"rendered":"Silencieux fritt\u00e9"},"content":{"rendered":"<p>Les silencieux fritt\u00e9s API sont des amortisseurs de bruit pour syst\u00e8mes d&#8217;air comprim\u00e9, fabriqu\u00e9s en bronze sph\u00e9rique fritt\u00e9 et en laiton ou acier. Cette s\u00e9rie offre une large gamme de mod\u00e8les avec des \u00e9l\u00e9ments filtrants en c\u00f4ne tronqu\u00e9, plats, cylindriques et en treillis, adapt\u00e9s pour des pressions jusqu&#8217;\u00e0 10 bar et des temp\u00e9ratures de -10\u00b0C \u00e0 +80\u00b0C. Les silencieux sont disponibles en tailles de M5x0,8 \u00e0 2&#8243; et supportent les filetages BSP et m\u00e9triques. Ils respectent les directives Reach et RoHS et sont id\u00e9aux pour les applications n\u00e9cessitant des niveaux sonores bas et une efficacit\u00e9 de filtration \u00e9lev\u00e9e. La s\u00e9rie comprend des mod\u00e8les avec cl\u00e9 hexagonale, tige pour raccords push-in et des solutions de purge sp\u00e9ciales.<\/p>\n","protected":false},"excerpt":{"rendered":"<p>Les silencieux fritt\u00e9s API sont des amortisseurs de bruit pour syst\u00e8mes d&#8217;air comprim\u00e9, fabriqu\u00e9s en bronze sph\u00e9rique fritt\u00e9 et en laiton ou acier. Cette s\u00e9rie offre une large gamme de mod\u00e8les avec des \u00e9l\u00e9ments filtrants en c\u00f4ne tronqu\u00e9, plats, cylindriques et en treillis, adapt\u00e9s pour des pressions jusqu&#8217;\u00e0 10 bar et des temp\u00e9ratures de -10\u00b0C [&hellip;]<\/p>\n","protected":false},"featured_media":15981,"comment_status":"closed","ping_status":"closed","template":"","meta":[],"product_brand":[1831],"product_cat":[1052],"product_tag":[],"class_list":{"0":"post-15984","1":"product","2":"type-product","3":"status-publish","4":"has-post-thumbnail","6":"product_brand-api","7":"product_cat-raccords-et-silencieux","9":"first","10":"instock","11":"shipping-taxable","12":"product-type-simple"},"yoast_head":"<!-- This site is optimized with the Yoast SEO plugin v27.5 - https:\/\/yoast.com\/product\/yoast-seo-wordpress\/ -->\n<title>Silencieux fritt\u00e9 - LDA Belgique<\/title>\n<meta name=\"description\" content=\"Silencieux fritt\u00e9s API : amortisseurs de bruit en bronze fritt\u00e9 et laiton pour air comprim\u00e9. Adapt\u00e9s pour pression jusqu&#039;\u00e0 10 bar, tailles M5\u20132&quot;,\" \/>\n<meta name=\"robots\" content=\"index, follow, max-snippet:-1, max-image-preview:large, max-video-preview:-1\" \/>\n<link rel=\"canonical\" href=\"https:\/\/lda.be\/fr\/produit\/silencieux-fritte\/\" \/>\n<meta property=\"og:locale\" content=\"fr_FR\" \/>\n<meta property=\"og:type\" content=\"article\" \/>\n<meta property=\"og:title\" content=\"Silencieux fritt\u00e9 - LDA Belgique\" \/>\n<meta property=\"og:description\" content=\"Silencieux fritt\u00e9s API : amortisseurs de bruit en bronze fritt\u00e9 et laiton pour air comprim\u00e9. Adapt\u00e9s pour pression jusqu&#039;\u00e0 10 bar, tailles M5\u20132&quot;,\" \/>\n<meta property=\"og:url\" content=\"https:\/\/lda.be\/fr\/produit\/silencieux-fritte\/\" \/>\n<meta property=\"og:site_name\" content=\"LDA Belgique\" \/>\n<meta property=\"article:modified_time\" content=\"2026-03-23T14:58:01+00:00\" \/>\n<meta property=\"og:image\" content=\"https:\/\/lda.be\/wp-content\/uploads\/2026\/03\/Sintered-silencer.webp\" \/>\n\t<meta property=\"og:image:width\" content=\"1080\" \/>\n\t<meta property=\"og:image:height\" content=\"1080\" \/>\n\t<meta property=\"og:image:type\" content=\"image\/webp\" \/>\n<meta name=\"twitter:card\" content=\"summary_large_image\" \/>\n<meta name=\"twitter:label1\" content=\"Dur\u00e9e de lecture estim\u00e9e\" \/>\n\t<meta name=\"twitter:data1\" content=\"1 minute\" \/>\n<script type=\"application\/ld+json\" class=\"yoast-schema-graph\">{\"@context\":\"https:\\\/\\\/schema.org\",\"@graph\":[{\"@type\":\"WebPage\",\"@id\":\"https:\\\/\\\/lda.be\\\/fr\\\/produit\\\/silencieux-fritte\\\/\",\"url\":\"https:\\\/\\\/lda.be\\\/fr\\\/produit\\\/silencieux-fritte\\\/\",\"name\":\"Silencieux fritt\u00e9 - LDA Belgique\",\"isPartOf\":{\"@id\":\"https:\\\/\\\/lda.be\\\/fr\\\/#website\"},\"primaryImageOfPage\":{\"@id\":\"https:\\\/\\\/lda.be\\\/fr\\\/produit\\\/silencieux-fritte\\\/#primaryimage\"},\"image\":{\"@id\":\"https:\\\/\\\/lda.be\\\/fr\\\/produit\\\/silencieux-fritte\\\/#primaryimage\"},\"thumbnailUrl\":\"https:\\\/\\\/lda.be\\\/wp-content\\\/uploads\\\/2026\\\/03\\\/Sintered-silencer.webp\",\"datePublished\":\"2026-03-23T14:55:17+00:00\",\"dateModified\":\"2026-03-23T14:58:01+00:00\",\"description\":\"Silencieux fritt\u00e9s API : amortisseurs de bruit en bronze fritt\u00e9 et laiton pour air comprim\u00e9. Adapt\u00e9s pour pression jusqu'\u00e0 10 bar, tailles M5\u20132\\\",\",\"breadcrumb\":{\"@id\":\"https:\\\/\\\/lda.be\\\/fr\\\/produit\\\/silencieux-fritte\\\/#breadcrumb\"},\"inLanguage\":\"fr-FR\",\"potentialAction\":[{\"@type\":\"ReadAction\",\"target\":[\"https:\\\/\\\/lda.be\\\/fr\\\/produit\\\/silencieux-fritte\\\/\"]}]},{\"@type\":\"ImageObject\",\"inLanguage\":\"fr-FR\",\"@id\":\"https:\\\/\\\/lda.be\\\/fr\\\/produit\\\/silencieux-fritte\\\/#primaryimage\",\"url\":\"https:\\\/\\\/lda.be\\\/wp-content\\\/uploads\\\/2026\\\/03\\\/Sintered-silencer.webp\",\"contentUrl\":\"https:\\\/\\\/lda.be\\\/wp-content\\\/uploads\\\/2026\\\/03\\\/Sintered-silencer.webp\",\"width\":1080,\"height\":1080,\"caption\":\"Sintered silencer\"},{\"@type\":\"BreadcrumbList\",\"@id\":\"https:\\\/\\\/lda.be\\\/fr\\\/produit\\\/silencieux-fritte\\\/#breadcrumb\",\"itemListElement\":[{\"@type\":\"ListItem\",\"position\":1,\"name\":\"Accueil\",\"item\":\"https:\\\/\\\/lda.be\\\/fr\\\/\"},{\"@type\":\"ListItem\",\"position\":2,\"name\":\"Produits\",\"item\":\"https:\\\/\\\/lda.be\\\/fr\\\/produits\\\/\"},{\"@type\":\"ListItem\",\"position\":3,\"name\":\"Silencieux fritt\u00e9\"}]},{\"@type\":\"WebSite\",\"@id\":\"https:\\\/\\\/lda.be\\\/fr\\\/#website\",\"url\":\"https:\\\/\\\/lda.be\\\/fr\\\/\",\"name\":\"LDA Belgium\",\"description\":\"Solutions For Life\",\"publisher\":{\"@id\":\"https:\\\/\\\/lda.be\\\/fr\\\/#organization\"},\"potentialAction\":[{\"@type\":\"SearchAction\",\"target\":{\"@type\":\"EntryPoint\",\"urlTemplate\":\"https:\\\/\\\/lda.be\\\/fr\\\/?s={search_term_string}\"},\"query-input\":{\"@type\":\"PropertyValueSpecification\",\"valueRequired\":true,\"valueName\":\"search_term_string\"}}],\"inLanguage\":\"fr-FR\"},{\"@type\":\"Organization\",\"@id\":\"https:\\\/\\\/lda.be\\\/fr\\\/#organization\",\"name\":\"LDA Belgium\",\"url\":\"https:\\\/\\\/lda.be\\\/fr\\\/\",\"logo\":{\"@type\":\"ImageObject\",\"inLanguage\":\"fr-FR\",\"@id\":\"https:\\\/\\\/lda.be\\\/fr\\\/#\\\/schema\\\/logo\\\/image\\\/\",\"url\":\"https:\\\/\\\/lda.be\\\/wp-content\\\/uploads\\\/2022\\\/07\\\/Logo-LDA.webp\",\"contentUrl\":\"https:\\\/\\\/lda.be\\\/wp-content\\\/uploads\\\/2022\\\/07\\\/Logo-LDA.webp\",\"width\":311,\"height\":101,\"caption\":\"LDA Belgium\"},\"image\":{\"@id\":\"https:\\\/\\\/lda.be\\\/fr\\\/#\\\/schema\\\/logo\\\/image\\\/\"},\"sameAs\":[\"https:\\\/\\\/www.linkedin.com\\\/company\\\/lda-belgium-nv\"]}]}<\/script>\n<!-- \/ Yoast SEO plugin. -->","yoast_head_json":{"title":"Silencieux fritt\u00e9 - LDA Belgique","description":"Silencieux fritt\u00e9s API : amortisseurs de bruit en bronze fritt\u00e9 et laiton pour air comprim\u00e9. Adapt\u00e9s pour pression jusqu'\u00e0 10 bar, tailles M5\u20132\",","robots":{"index":"index","follow":"follow","max-snippet":"max-snippet:-1","max-image-preview":"max-image-preview:large","max-video-preview":"max-video-preview:-1"},"canonical":"https:\/\/lda.be\/fr\/produit\/silencieux-fritte\/","og_locale":"fr_FR","og_type":"article","og_title":"Silencieux fritt\u00e9 - LDA Belgique","og_description":"Silencieux fritt\u00e9s API : amortisseurs de bruit en bronze fritt\u00e9 et laiton pour air comprim\u00e9. Adapt\u00e9s pour pression jusqu'\u00e0 10 bar, tailles M5\u20132\",","og_url":"https:\/\/lda.be\/fr\/produit\/silencieux-fritte\/","og_site_name":"LDA Belgique","article_modified_time":"2026-03-23T14:58:01+00:00","og_image":[{"width":1080,"height":1080,"url":"https:\/\/lda.be\/wp-content\/uploads\/2026\/03\/Sintered-silencer.webp","type":"image\/webp"}],"twitter_card":"summary_large_image","twitter_misc":{"Dur\u00e9e de lecture estim\u00e9e":"1 minute"},"schema":{"@context":"https:\/\/schema.org","@graph":[{"@type":"WebPage","@id":"https:\/\/lda.be\/fr\/produit\/silencieux-fritte\/","url":"https:\/\/lda.be\/fr\/produit\/silencieux-fritte\/","name":"Silencieux fritt\u00e9 - LDA Belgique","isPartOf":{"@id":"https:\/\/lda.be\/fr\/#website"},"primaryImageOfPage":{"@id":"https:\/\/lda.be\/fr\/produit\/silencieux-fritte\/#primaryimage"},"image":{"@id":"https:\/\/lda.be\/fr\/produit\/silencieux-fritte\/#primaryimage"},"thumbnailUrl":"https:\/\/lda.be\/wp-content\/uploads\/2026\/03\/Sintered-silencer.webp","datePublished":"2026-03-23T14:55:17+00:00","dateModified":"2026-03-23T14:58:01+00:00","description":"Silencieux fritt\u00e9s API : amortisseurs de bruit en bronze fritt\u00e9 et laiton pour air comprim\u00e9. Adapt\u00e9s pour pression jusqu'\u00e0 10 bar, tailles M5\u20132\",","breadcrumb":{"@id":"https:\/\/lda.be\/fr\/produit\/silencieux-fritte\/#breadcrumb"},"inLanguage":"fr-FR","potentialAction":[{"@type":"ReadAction","target":["https:\/\/lda.be\/fr\/produit\/silencieux-fritte\/"]}]},{"@type":"ImageObject","inLanguage":"fr-FR","@id":"https:\/\/lda.be\/fr\/produit\/silencieux-fritte\/#primaryimage","url":"https:\/\/lda.be\/wp-content\/uploads\/2026\/03\/Sintered-silencer.webp","contentUrl":"https:\/\/lda.be\/wp-content\/uploads\/2026\/03\/Sintered-silencer.webp","width":1080,"height":1080,"caption":"Sintered silencer"},{"@type":"BreadcrumbList","@id":"https:\/\/lda.be\/fr\/produit\/silencieux-fritte\/#breadcrumb","itemListElement":[{"@type":"ListItem","position":1,"name":"Accueil","item":"https:\/\/lda.be\/fr\/"},{"@type":"ListItem","position":2,"name":"Produits","item":"https:\/\/lda.be\/fr\/produits\/"},{"@type":"ListItem","position":3,"name":"Silencieux fritt\u00e9"}]},{"@type":"WebSite","@id":"https:\/\/lda.be\/fr\/#website","url":"https:\/\/lda.be\/fr\/","name":"LDA Belgium","description":"Solutions For Life","publisher":{"@id":"https:\/\/lda.be\/fr\/#organization"},"potentialAction":[{"@type":"SearchAction","target":{"@type":"EntryPoint","urlTemplate":"https:\/\/lda.be\/fr\/?s={search_term_string}"},"query-input":{"@type":"PropertyValueSpecification","valueRequired":true,"valueName":"search_term_string"}}],"inLanguage":"fr-FR"},{"@type":"Organization","@id":"https:\/\/lda.be\/fr\/#organization","name":"LDA Belgium","url":"https:\/\/lda.be\/fr\/","logo":{"@type":"ImageObject","inLanguage":"fr-FR","@id":"https:\/\/lda.be\/fr\/#\/schema\/logo\/image\/","url":"https:\/\/lda.be\/wp-content\/uploads\/2022\/07\/Logo-LDA.webp","contentUrl":"https:\/\/lda.be\/wp-content\/uploads\/2022\/07\/Logo-LDA.webp","width":311,"height":101,"caption":"LDA Belgium"},"image":{"@id":"https:\/\/lda.be\/fr\/#\/schema\/logo\/image\/"},"sameAs":["https:\/\/www.linkedin.com\/company\/lda-belgium-nv"]}]}},"_links":{"self":[{"href":"https:\/\/lda.be\/fr\/wp-json\/wp\/v2\/product\/15984","targetHints":{"allow":["GET"]}}],"collection":[{"href":"https:\/\/lda.be\/fr\/wp-json\/wp\/v2\/product"}],"about":[{"href":"https:\/\/lda.be\/fr\/wp-json\/wp\/v2\/types\/product"}],"replies":[{"embeddable":true,"href":"https:\/\/lda.be\/fr\/wp-json\/wp\/v2\/comments?post=15984"}],"wp:featuredmedia":[{"embeddable":true,"href":"https:\/\/lda.be\/fr\/wp-json\/wp\/v2\/media\/15981"}],"wp:attachment":[{"href":"https:\/\/lda.be\/fr\/wp-json\/wp\/v2\/media?parent=15984"}],"wp:term":[{"taxonomy":"product_brand","embeddable":true,"href":"https:\/\/lda.be\/fr\/wp-json\/wp\/v2\/product_brand?post=15984"},{"taxonomy":"product_cat","embeddable":true,"href":"https:\/\/lda.be\/fr\/wp-json\/wp\/v2\/product_cat?post=15984"},{"taxonomy":"product_tag","embeddable":true,"href":"https:\/\/lda.be\/fr\/wp-json\/wp\/v2\/product_tag?post=15984"}],"curies":[{"name":"wp","href":"https:\/\/api.w.org\/{rel}","templated":true}]}}