{"id":15994,"date":"2026-03-23T16:21:38","date_gmt":"2026-03-23T15:21:38","guid":{"rendered":"https:\/\/lda.be\/?post_type=product&#038;p=15994"},"modified":"2026-03-23T16:34:37","modified_gmt":"2026-03-23T15:34:37","slug":"silencieux-metalliques","status":"publish","type":"product","link":"https:\/\/lda.be\/fr\/produit\/silencieux-metalliques\/","title":{"rendered":"silencieux m\u00e9talliques"},"content":{"rendered":"<p>Les <strong>silencieux m\u00e9talliques API<\/strong> sont des <strong>amortisseurs de bruit<\/strong> pour syst\u00e8mes d&#8217;air comprim\u00e9, fabriqu\u00e9s en <strong>aluminium, acier zingu\u00e9 et acier inoxydable<\/strong>. Cette s\u00e9rie offre une <strong>large gamme de mod\u00e8les<\/strong> pour diverses applications, y compris des <strong>conceptions \u00e0 chambre unique et multiple<\/strong>, \u00e9quip\u00e9es de <strong>cartouches absorbantes<\/strong> et de <strong>soupapes de s\u00e9curit\u00e9<\/strong> pour la r\u00e9gulation de pression. Les silencieux sont disponibles en <strong>tailles de 1\/8&#8243; \u00e0 6&#8243;<\/strong> et supportent les <strong>filetages coniques BSP<\/strong>. Ils conviennent pour des <strong>pressions jusqu&#8217;\u00e0 12 bar<\/strong> (standard) ou <strong>40 bar<\/strong> (avec option \/40) et une <strong>plage de temp\u00e9rature de -25\u00b0C \u00e0 +120\u00b0C<\/strong>. Id\u00e9al pour les <strong>grandes installations, s\u00e9cheurs d&#8217;air et syst\u00e8mes sensibles aux pulsations de pression<\/strong>.<\/p>\n","protected":false},"excerpt":{"rendered":"<p>Les silencieux m\u00e9talliques API sont des amortisseurs de bruit pour syst\u00e8mes d&#8217;air comprim\u00e9, fabriqu\u00e9s en aluminium, acier zingu\u00e9 et acier inoxydable. Cette s\u00e9rie offre une large gamme de mod\u00e8les pour diverses applications, y compris des conceptions \u00e0 chambre unique et multiple, \u00e9quip\u00e9es de cartouches absorbantes et de soupapes de s\u00e9curit\u00e9 pour la r\u00e9gulation de pression. [&hellip;]<\/p>\n","protected":false},"featured_media":0,"comment_status":"closed","ping_status":"closed","template":"","meta":[],"product_brand":[1831],"product_cat":[1052],"product_tag":[],"class_list":{"0":"post-15994","1":"product","2":"type-product","3":"status-publish","5":"product_brand-api","6":"product_cat-raccords-et-silencieux","8":"first","9":"instock","10":"shipping-taxable","11":"product-type-simple"},"yoast_head":"<!-- This site is optimized with the Yoast SEO plugin v27.5 - https:\/\/yoast.com\/product\/yoast-seo-wordpress\/ -->\n<title>silencieux m\u00e9talliques - LDA Belgique<\/title>\n<meta name=\"description\" content=\"Silencieux m\u00e9talliques API : amortisseurs de bruit en aluminium et acier pour air comprim\u00e9. Adapt\u00e9s pour pression jusqu&#039;\u00e0 12 bar (option 40 bar), tailles 1\/8&quot;\u20136&quot;, filetages BSP. Id\u00e9al pour grands syst\u00e8mes et s\u00e9cheurs d&#039;air.\" \/>\n<meta name=\"robots\" content=\"index, follow, max-snippet:-1, max-image-preview:large, max-video-preview:-1\" \/>\n<link rel=\"canonical\" href=\"https:\/\/lda.be\/fr\/produit\/silencieux-metalliques\/\" \/>\n<meta property=\"og:locale\" content=\"fr_FR\" \/>\n<meta property=\"og:type\" content=\"article\" \/>\n<meta property=\"og:title\" content=\"silencieux m\u00e9talliques - LDA Belgique\" \/>\n<meta property=\"og:description\" content=\"Silencieux m\u00e9talliques API : amortisseurs de bruit en aluminium et acier pour air comprim\u00e9. Adapt\u00e9s pour pression jusqu&#039;\u00e0 12 bar (option 40 bar), tailles 1\/8&quot;\u20136&quot;, filetages BSP. Id\u00e9al pour grands syst\u00e8mes et s\u00e9cheurs d&#039;air.\" \/>\n<meta property=\"og:url\" content=\"https:\/\/lda.be\/fr\/produit\/silencieux-metalliques\/\" \/>\n<meta property=\"og:site_name\" content=\"LDA Belgique\" \/>\n<meta property=\"article:modified_time\" content=\"2026-03-23T15:34:37+00:00\" \/>\n<meta property=\"og:image\" content=\"https:\/\/lda.be\/wp-content\/uploads\/2025\/05\/OpenGrap-image-LDA.webp\" \/>\n\t<meta property=\"og:image:width\" content=\"895\" \/>\n\t<meta property=\"og:image:height\" content=\"659\" \/>\n\t<meta property=\"og:image:type\" content=\"image\/webp\" \/>\n<meta name=\"twitter:card\" content=\"summary_large_image\" \/>\n<meta name=\"twitter:label1\" content=\"Dur\u00e9e de lecture estim\u00e9e\" \/>\n\t<meta name=\"twitter:data1\" content=\"1 minute\" \/>\n<script type=\"application\/ld+json\" class=\"yoast-schema-graph\">{\"@context\":\"https:\\\/\\\/schema.org\",\"@graph\":[{\"@type\":\"WebPage\",\"@id\":\"https:\\\/\\\/lda.be\\\/fr\\\/produit\\\/silencieux-metalliques\\\/\",\"url\":\"https:\\\/\\\/lda.be\\\/fr\\\/produit\\\/silencieux-metalliques\\\/\",\"name\":\"silencieux m\u00e9talliques - LDA Belgique\",\"isPartOf\":{\"@id\":\"https:\\\/\\\/lda.be\\\/fr\\\/#website\"},\"datePublished\":\"2026-03-23T15:21:38+00:00\",\"dateModified\":\"2026-03-23T15:34:37+00:00\",\"description\":\"Silencieux m\u00e9talliques API : amortisseurs de bruit en aluminium et acier pour air comprim\u00e9. Adapt\u00e9s pour pression jusqu'\u00e0 12 bar (option 40 bar), tailles 1\\\/8\\\"\u20136\\\", filetages BSP. Id\u00e9al pour grands syst\u00e8mes et s\u00e9cheurs d'air.\",\"breadcrumb\":{\"@id\":\"https:\\\/\\\/lda.be\\\/fr\\\/produit\\\/silencieux-metalliques\\\/#breadcrumb\"},\"inLanguage\":\"fr-FR\",\"potentialAction\":[{\"@type\":\"ReadAction\",\"target\":[\"https:\\\/\\\/lda.be\\\/fr\\\/produit\\\/silencieux-metalliques\\\/\"]}]},{\"@type\":\"BreadcrumbList\",\"@id\":\"https:\\\/\\\/lda.be\\\/fr\\\/produit\\\/silencieux-metalliques\\\/#breadcrumb\",\"itemListElement\":[{\"@type\":\"ListItem\",\"position\":1,\"name\":\"Accueil\",\"item\":\"https:\\\/\\\/lda.be\\\/fr\\\/\"},{\"@type\":\"ListItem\",\"position\":2,\"name\":\"Produits\",\"item\":\"https:\\\/\\\/lda.be\\\/fr\\\/produits\\\/\"},{\"@type\":\"ListItem\",\"position\":3,\"name\":\"silencieux m\u00e9talliques\"}]},{\"@type\":\"WebSite\",\"@id\":\"https:\\\/\\\/lda.be\\\/fr\\\/#website\",\"url\":\"https:\\\/\\\/lda.be\\\/fr\\\/\",\"name\":\"LDA Belgium\",\"description\":\"Solutions For Life\",\"publisher\":{\"@id\":\"https:\\\/\\\/lda.be\\\/fr\\\/#organization\"},\"potentialAction\":[{\"@type\":\"SearchAction\",\"target\":{\"@type\":\"EntryPoint\",\"urlTemplate\":\"https:\\\/\\\/lda.be\\\/fr\\\/?s={search_term_string}\"},\"query-input\":{\"@type\":\"PropertyValueSpecification\",\"valueRequired\":true,\"valueName\":\"search_term_string\"}}],\"inLanguage\":\"fr-FR\"},{\"@type\":\"Organization\",\"@id\":\"https:\\\/\\\/lda.be\\\/fr\\\/#organization\",\"name\":\"LDA Belgium\",\"url\":\"https:\\\/\\\/lda.be\\\/fr\\\/\",\"logo\":{\"@type\":\"ImageObject\",\"inLanguage\":\"fr-FR\",\"@id\":\"https:\\\/\\\/lda.be\\\/fr\\\/#\\\/schema\\\/logo\\\/image\\\/\",\"url\":\"https:\\\/\\\/lda.be\\\/wp-content\\\/uploads\\\/2022\\\/07\\\/Logo-LDA.webp\",\"contentUrl\":\"https:\\\/\\\/lda.be\\\/wp-content\\\/uploads\\\/2022\\\/07\\\/Logo-LDA.webp\",\"width\":311,\"height\":101,\"caption\":\"LDA Belgium\"},\"image\":{\"@id\":\"https:\\\/\\\/lda.be\\\/fr\\\/#\\\/schema\\\/logo\\\/image\\\/\"},\"sameAs\":[\"https:\\\/\\\/www.linkedin.com\\\/company\\\/lda-belgium-nv\"]}]}<\/script>\n<!-- \/ Yoast SEO plugin. -->","yoast_head_json":{"title":"silencieux m\u00e9talliques - LDA Belgique","description":"Silencieux m\u00e9talliques API : amortisseurs de bruit en aluminium et acier pour air comprim\u00e9. Adapt\u00e9s pour pression jusqu'\u00e0 12 bar (option 40 bar), tailles 1\/8\"\u20136\", filetages BSP. Id\u00e9al pour grands syst\u00e8mes et s\u00e9cheurs d'air.","robots":{"index":"index","follow":"follow","max-snippet":"max-snippet:-1","max-image-preview":"max-image-preview:large","max-video-preview":"max-video-preview:-1"},"canonical":"https:\/\/lda.be\/fr\/produit\/silencieux-metalliques\/","og_locale":"fr_FR","og_type":"article","og_title":"silencieux m\u00e9talliques - LDA Belgique","og_description":"Silencieux m\u00e9talliques API : amortisseurs de bruit en aluminium et acier pour air comprim\u00e9. Adapt\u00e9s pour pression jusqu'\u00e0 12 bar (option 40 bar), tailles 1\/8\"\u20136\", filetages BSP. Id\u00e9al pour grands syst\u00e8mes et s\u00e9cheurs d'air.","og_url":"https:\/\/lda.be\/fr\/produit\/silencieux-metalliques\/","og_site_name":"LDA Belgique","article_modified_time":"2026-03-23T15:34:37+00:00","og_image":[{"width":895,"height":659,"url":"https:\/\/lda.be\/wp-content\/uploads\/2025\/05\/OpenGrap-image-LDA.webp","type":"image\/webp"}],"twitter_card":"summary_large_image","twitter_misc":{"Dur\u00e9e de lecture estim\u00e9e":"1 minute"},"schema":{"@context":"https:\/\/schema.org","@graph":[{"@type":"WebPage","@id":"https:\/\/lda.be\/fr\/produit\/silencieux-metalliques\/","url":"https:\/\/lda.be\/fr\/produit\/silencieux-metalliques\/","name":"silencieux m\u00e9talliques - LDA Belgique","isPartOf":{"@id":"https:\/\/lda.be\/fr\/#website"},"datePublished":"2026-03-23T15:21:38+00:00","dateModified":"2026-03-23T15:34:37+00:00","description":"Silencieux m\u00e9talliques API : amortisseurs de bruit en aluminium et acier pour air comprim\u00e9. Adapt\u00e9s pour pression jusqu'\u00e0 12 bar (option 40 bar), tailles 1\/8\"\u20136\", filetages BSP. Id\u00e9al pour grands syst\u00e8mes et s\u00e9cheurs d'air.","breadcrumb":{"@id":"https:\/\/lda.be\/fr\/produit\/silencieux-metalliques\/#breadcrumb"},"inLanguage":"fr-FR","potentialAction":[{"@type":"ReadAction","target":["https:\/\/lda.be\/fr\/produit\/silencieux-metalliques\/"]}]},{"@type":"BreadcrumbList","@id":"https:\/\/lda.be\/fr\/produit\/silencieux-metalliques\/#breadcrumb","itemListElement":[{"@type":"ListItem","position":1,"name":"Accueil","item":"https:\/\/lda.be\/fr\/"},{"@type":"ListItem","position":2,"name":"Produits","item":"https:\/\/lda.be\/fr\/produits\/"},{"@type":"ListItem","position":3,"name":"silencieux m\u00e9talliques"}]},{"@type":"WebSite","@id":"https:\/\/lda.be\/fr\/#website","url":"https:\/\/lda.be\/fr\/","name":"LDA Belgium","description":"Solutions For Life","publisher":{"@id":"https:\/\/lda.be\/fr\/#organization"},"potentialAction":[{"@type":"SearchAction","target":{"@type":"EntryPoint","urlTemplate":"https:\/\/lda.be\/fr\/?s={search_term_string}"},"query-input":{"@type":"PropertyValueSpecification","valueRequired":true,"valueName":"search_term_string"}}],"inLanguage":"fr-FR"},{"@type":"Organization","@id":"https:\/\/lda.be\/fr\/#organization","name":"LDA Belgium","url":"https:\/\/lda.be\/fr\/","logo":{"@type":"ImageObject","inLanguage":"fr-FR","@id":"https:\/\/lda.be\/fr\/#\/schema\/logo\/image\/","url":"https:\/\/lda.be\/wp-content\/uploads\/2022\/07\/Logo-LDA.webp","contentUrl":"https:\/\/lda.be\/wp-content\/uploads\/2022\/07\/Logo-LDA.webp","width":311,"height":101,"caption":"LDA Belgium"},"image":{"@id":"https:\/\/lda.be\/fr\/#\/schema\/logo\/image\/"},"sameAs":["https:\/\/www.linkedin.com\/company\/lda-belgium-nv"]}]}},"_links":{"self":[{"href":"https:\/\/lda.be\/fr\/wp-json\/wp\/v2\/product\/15994","targetHints":{"allow":["GET"]}}],"collection":[{"href":"https:\/\/lda.be\/fr\/wp-json\/wp\/v2\/product"}],"about":[{"href":"https:\/\/lda.be\/fr\/wp-json\/wp\/v2\/types\/product"}],"replies":[{"embeddable":true,"href":"https:\/\/lda.be\/fr\/wp-json\/wp\/v2\/comments?post=15994"}],"wp:attachment":[{"href":"https:\/\/lda.be\/fr\/wp-json\/wp\/v2\/media?parent=15994"}],"wp:term":[{"taxonomy":"product_brand","embeddable":true,"href":"https:\/\/lda.be\/fr\/wp-json\/wp\/v2\/product_brand?post=15994"},{"taxonomy":"product_cat","embeddable":true,"href":"https:\/\/lda.be\/fr\/wp-json\/wp\/v2\/product_cat?post=15994"},{"taxonomy":"product_tag","embeddable":true,"href":"https:\/\/lda.be\/fr\/wp-json\/wp\/v2\/product_tag?post=15994"}],"curies":[{"name":"wp","href":"https:\/\/api.w.org\/{rel}","templated":true}]}}