{"id":16014,"date":"2026-03-24T15:41:46","date_gmt":"2026-03-24T14:41:46","guid":{"rendered":"https:\/\/lda.be\/?post_type=product&#038;p=16014"},"modified":"2026-03-24T16:12:04","modified_gmt":"2026-03-24T15:12:04","slug":"serie-38kre-vannes-magnetique","status":"publish","type":"product","link":"https:\/\/lda.be\/fr\/produit\/serie-38kre-vannes-magnetique\/","title":{"rendered":"S\u00e9rie 38KRE vannes magn\u00e9tique"},"content":{"rendered":"<p>La vanne magn\u00e9tique pour liquides Spartan Scientific S\u00e9rie 38KRE est un actionneur sol\u00e9no\u00efde miniature, sp\u00e9cialement con\u00e7u pour le contr\u00f4le des liquides et des gaz inertes dans les applications industrielles et m\u00e9dicales. Cette vanne 2 ou 3 voies est optimis\u00e9e pour le montage sur des manifolds plats et offre un design compact et fiable avec un ensemble bobine enti\u00e8rement moul\u00e9. La vanne est \u00e9quip\u00e9e d&#8217;un verrouillage manuel par rotation et d&#8217;un temps de r\u00e9ponse rapide de 8\u201315 ms, ce qui la rend id\u00e9ale pour les circuits de r\u00e9gulation pneumatiques, les \u00e9quipements m\u00e9dicaux et l&#8217;automatisation industrielle. Elle supporte des pressions jusqu&#8217;\u00e0 150 psi et une plage de temp\u00e9rature de +10\u00b0C \u00e0 +50\u00b0C, avec une protection IP65\/NEMA 4 contre la poussi\u00e8re et l&#8217;eau.<\/p>\n","protected":false},"excerpt":{"rendered":"<p>La vanne magn\u00e9tique pour liquides Spartan Scientific S\u00e9rie 38KRE est un actionneur sol\u00e9no\u00efde miniature, sp\u00e9cialement con\u00e7u pour le contr\u00f4le des liquides et des gaz inertes dans les applications industrielles et m\u00e9dicales. Cette vanne 2 ou 3 voies est optimis\u00e9e pour le montage sur des manifolds plats et offre un design compact et fiable avec un [&hellip;]<\/p>\n","protected":false},"featured_media":16000,"comment_status":"closed","ping_status":"closed","template":"","meta":[],"product_brand":[1911],"product_cat":[1910,891],"product_tag":[],"class_list":{"0":"post-16014","1":"product","2":"type-product","3":"status-publish","4":"has-post-thumbnail","6":"product_brand-spartan","7":"product_cat-vannes-pilote-de-fluide","8":"product_cat-vannes-pour-fluides-et-gaz","10":"first","11":"instock","12":"shipping-taxable","13":"product-type-simple"},"yoast_head":"<!-- This site is optimized with the Yoast SEO plugin v27.5 - https:\/\/yoast.com\/product\/yoast-seo-wordpress\/ -->\n<title>S\u00e9rie 38KRE vannes magn\u00e9tique - LDA Belgique<\/title>\n<meta name=\"description\" content=\"Vanne pilote 38KRE : actionneur sol\u00e9no\u00efde miniature 2\/3 voies pour liquides et gaz. 0\u2013150 psi, temps de r\u00e9ponse 8\u201315 ms, IP65, commande manuelle. Id\u00e9al pour manifolds.\" \/>\n<meta name=\"robots\" content=\"index, follow, max-snippet:-1, max-image-preview:large, max-video-preview:-1\" \/>\n<link rel=\"canonical\" href=\"https:\/\/lda.be\/fr\/produit\/serie-38kre-vannes-magnetique\/\" \/>\n<meta property=\"og:locale\" content=\"fr_FR\" \/>\n<meta property=\"og:type\" content=\"article\" \/>\n<meta property=\"og:title\" content=\"S\u00e9rie 38KRE vannes magn\u00e9tique - LDA Belgique\" \/>\n<meta property=\"og:description\" content=\"Vanne pilote 38KRE : actionneur sol\u00e9no\u00efde miniature 2\/3 voies pour liquides et gaz. 0\u2013150 psi, temps de r\u00e9ponse 8\u201315 ms, IP65, commande manuelle. Id\u00e9al pour manifolds.\" \/>\n<meta property=\"og:url\" content=\"https:\/\/lda.be\/fr\/produit\/serie-38kre-vannes-magnetique\/\" \/>\n<meta property=\"og:site_name\" content=\"LDA Belgique\" \/>\n<meta property=\"article:modified_time\" content=\"2026-03-24T15:12:04+00:00\" \/>\n<meta property=\"og:image\" content=\"https:\/\/lda.be\/wp-content\/uploads\/2026\/03\/Series-38KRE.webp\" \/>\n\t<meta property=\"og:image:width\" content=\"1080\" \/>\n\t<meta property=\"og:image:height\" content=\"1080\" \/>\n\t<meta property=\"og:image:type\" content=\"image\/webp\" \/>\n<meta name=\"twitter:card\" content=\"summary_large_image\" \/>\n<meta name=\"twitter:label1\" content=\"Dur\u00e9e de lecture estim\u00e9e\" \/>\n\t<meta name=\"twitter:data1\" content=\"1 minute\" \/>\n<script type=\"application\/ld+json\" class=\"yoast-schema-graph\">{\"@context\":\"https:\\\/\\\/schema.org\",\"@graph\":[{\"@type\":\"WebPage\",\"@id\":\"https:\\\/\\\/lda.be\\\/fr\\\/produit\\\/serie-38kre-vannes-magnetique\\\/\",\"url\":\"https:\\\/\\\/lda.be\\\/fr\\\/produit\\\/serie-38kre-vannes-magnetique\\\/\",\"name\":\"S\u00e9rie 38KRE vannes magn\u00e9tique - LDA Belgique\",\"isPartOf\":{\"@id\":\"https:\\\/\\\/lda.be\\\/fr\\\/#website\"},\"primaryImageOfPage\":{\"@id\":\"https:\\\/\\\/lda.be\\\/fr\\\/produit\\\/serie-38kre-vannes-magnetique\\\/#primaryimage\"},\"image\":{\"@id\":\"https:\\\/\\\/lda.be\\\/fr\\\/produit\\\/serie-38kre-vannes-magnetique\\\/#primaryimage\"},\"thumbnailUrl\":\"https:\\\/\\\/lda.be\\\/wp-content\\\/uploads\\\/2026\\\/03\\\/Series-38KRE.webp\",\"datePublished\":\"2026-03-24T14:41:46+00:00\",\"dateModified\":\"2026-03-24T15:12:04+00:00\",\"description\":\"Vanne pilote 38KRE : actionneur sol\u00e9no\u00efde miniature 2\\\/3 voies pour liquides et gaz. 0\u2013150 psi, temps de r\u00e9ponse 8\u201315 ms, IP65, commande manuelle. Id\u00e9al pour manifolds.\",\"breadcrumb\":{\"@id\":\"https:\\\/\\\/lda.be\\\/fr\\\/produit\\\/serie-38kre-vannes-magnetique\\\/#breadcrumb\"},\"inLanguage\":\"fr-FR\",\"potentialAction\":[{\"@type\":\"ReadAction\",\"target\":[\"https:\\\/\\\/lda.be\\\/fr\\\/produit\\\/serie-38kre-vannes-magnetique\\\/\"]}]},{\"@type\":\"ImageObject\",\"inLanguage\":\"fr-FR\",\"@id\":\"https:\\\/\\\/lda.be\\\/fr\\\/produit\\\/serie-38kre-vannes-magnetique\\\/#primaryimage\",\"url\":\"https:\\\/\\\/lda.be\\\/wp-content\\\/uploads\\\/2026\\\/03\\\/Series-38KRE.webp\",\"contentUrl\":\"https:\\\/\\\/lda.be\\\/wp-content\\\/uploads\\\/2026\\\/03\\\/Series-38KRE.webp\",\"width\":1080,\"height\":1080,\"caption\":\"Vloeistof stuurventiel of pilootventiel\"},{\"@type\":\"BreadcrumbList\",\"@id\":\"https:\\\/\\\/lda.be\\\/fr\\\/produit\\\/serie-38kre-vannes-magnetique\\\/#breadcrumb\",\"itemListElement\":[{\"@type\":\"ListItem\",\"position\":1,\"name\":\"Accueil\",\"item\":\"https:\\\/\\\/lda.be\\\/fr\\\/\"},{\"@type\":\"ListItem\",\"position\":2,\"name\":\"Produits\",\"item\":\"https:\\\/\\\/lda.be\\\/fr\\\/produits\\\/\"},{\"@type\":\"ListItem\",\"position\":3,\"name\":\"S\u00e9rie 38KRE vannes magn\u00e9tique\"}]},{\"@type\":\"WebSite\",\"@id\":\"https:\\\/\\\/lda.be\\\/fr\\\/#website\",\"url\":\"https:\\\/\\\/lda.be\\\/fr\\\/\",\"name\":\"LDA Belgium\",\"description\":\"Solutions For Life\",\"publisher\":{\"@id\":\"https:\\\/\\\/lda.be\\\/fr\\\/#organization\"},\"potentialAction\":[{\"@type\":\"SearchAction\",\"target\":{\"@type\":\"EntryPoint\",\"urlTemplate\":\"https:\\\/\\\/lda.be\\\/fr\\\/?s={search_term_string}\"},\"query-input\":{\"@type\":\"PropertyValueSpecification\",\"valueRequired\":true,\"valueName\":\"search_term_string\"}}],\"inLanguage\":\"fr-FR\"},{\"@type\":\"Organization\",\"@id\":\"https:\\\/\\\/lda.be\\\/fr\\\/#organization\",\"name\":\"LDA Belgium\",\"url\":\"https:\\\/\\\/lda.be\\\/fr\\\/\",\"logo\":{\"@type\":\"ImageObject\",\"inLanguage\":\"fr-FR\",\"@id\":\"https:\\\/\\\/lda.be\\\/fr\\\/#\\\/schema\\\/logo\\\/image\\\/\",\"url\":\"https:\\\/\\\/lda.be\\\/wp-content\\\/uploads\\\/2022\\\/07\\\/Logo-LDA.webp\",\"contentUrl\":\"https:\\\/\\\/lda.be\\\/wp-content\\\/uploads\\\/2022\\\/07\\\/Logo-LDA.webp\",\"width\":311,\"height\":101,\"caption\":\"LDA Belgium\"},\"image\":{\"@id\":\"https:\\\/\\\/lda.be\\\/fr\\\/#\\\/schema\\\/logo\\\/image\\\/\"},\"sameAs\":[\"https:\\\/\\\/www.linkedin.com\\\/company\\\/lda-belgium-nv\"]}]}<\/script>\n<!-- \/ Yoast SEO plugin. -->","yoast_head_json":{"title":"S\u00e9rie 38KRE vannes magn\u00e9tique - LDA Belgique","description":"Vanne pilote 38KRE : actionneur sol\u00e9no\u00efde miniature 2\/3 voies pour liquides et gaz. 0\u2013150 psi, temps de r\u00e9ponse 8\u201315 ms, IP65, commande manuelle. Id\u00e9al pour manifolds.","robots":{"index":"index","follow":"follow","max-snippet":"max-snippet:-1","max-image-preview":"max-image-preview:large","max-video-preview":"max-video-preview:-1"},"canonical":"https:\/\/lda.be\/fr\/produit\/serie-38kre-vannes-magnetique\/","og_locale":"fr_FR","og_type":"article","og_title":"S\u00e9rie 38KRE vannes magn\u00e9tique - LDA Belgique","og_description":"Vanne pilote 38KRE : actionneur sol\u00e9no\u00efde miniature 2\/3 voies pour liquides et gaz. 0\u2013150 psi, temps de r\u00e9ponse 8\u201315 ms, IP65, commande manuelle. Id\u00e9al pour manifolds.","og_url":"https:\/\/lda.be\/fr\/produit\/serie-38kre-vannes-magnetique\/","og_site_name":"LDA Belgique","article_modified_time":"2026-03-24T15:12:04+00:00","og_image":[{"width":1080,"height":1080,"url":"https:\/\/lda.be\/wp-content\/uploads\/2026\/03\/Series-38KRE.webp","type":"image\/webp"}],"twitter_card":"summary_large_image","twitter_misc":{"Dur\u00e9e de lecture estim\u00e9e":"1 minute"},"schema":{"@context":"https:\/\/schema.org","@graph":[{"@type":"WebPage","@id":"https:\/\/lda.be\/fr\/produit\/serie-38kre-vannes-magnetique\/","url":"https:\/\/lda.be\/fr\/produit\/serie-38kre-vannes-magnetique\/","name":"S\u00e9rie 38KRE vannes magn\u00e9tique - LDA Belgique","isPartOf":{"@id":"https:\/\/lda.be\/fr\/#website"},"primaryImageOfPage":{"@id":"https:\/\/lda.be\/fr\/produit\/serie-38kre-vannes-magnetique\/#primaryimage"},"image":{"@id":"https:\/\/lda.be\/fr\/produit\/serie-38kre-vannes-magnetique\/#primaryimage"},"thumbnailUrl":"https:\/\/lda.be\/wp-content\/uploads\/2026\/03\/Series-38KRE.webp","datePublished":"2026-03-24T14:41:46+00:00","dateModified":"2026-03-24T15:12:04+00:00","description":"Vanne pilote 38KRE : actionneur sol\u00e9no\u00efde miniature 2\/3 voies pour liquides et gaz. 0\u2013150 psi, temps de r\u00e9ponse 8\u201315 ms, IP65, commande manuelle. Id\u00e9al pour manifolds.","breadcrumb":{"@id":"https:\/\/lda.be\/fr\/produit\/serie-38kre-vannes-magnetique\/#breadcrumb"},"inLanguage":"fr-FR","potentialAction":[{"@type":"ReadAction","target":["https:\/\/lda.be\/fr\/produit\/serie-38kre-vannes-magnetique\/"]}]},{"@type":"ImageObject","inLanguage":"fr-FR","@id":"https:\/\/lda.be\/fr\/produit\/serie-38kre-vannes-magnetique\/#primaryimage","url":"https:\/\/lda.be\/wp-content\/uploads\/2026\/03\/Series-38KRE.webp","contentUrl":"https:\/\/lda.be\/wp-content\/uploads\/2026\/03\/Series-38KRE.webp","width":1080,"height":1080,"caption":"Vloeistof stuurventiel of pilootventiel"},{"@type":"BreadcrumbList","@id":"https:\/\/lda.be\/fr\/produit\/serie-38kre-vannes-magnetique\/#breadcrumb","itemListElement":[{"@type":"ListItem","position":1,"name":"Accueil","item":"https:\/\/lda.be\/fr\/"},{"@type":"ListItem","position":2,"name":"Produits","item":"https:\/\/lda.be\/fr\/produits\/"},{"@type":"ListItem","position":3,"name":"S\u00e9rie 38KRE vannes magn\u00e9tique"}]},{"@type":"WebSite","@id":"https:\/\/lda.be\/fr\/#website","url":"https:\/\/lda.be\/fr\/","name":"LDA Belgium","description":"Solutions For Life","publisher":{"@id":"https:\/\/lda.be\/fr\/#organization"},"potentialAction":[{"@type":"SearchAction","target":{"@type":"EntryPoint","urlTemplate":"https:\/\/lda.be\/fr\/?s={search_term_string}"},"query-input":{"@type":"PropertyValueSpecification","valueRequired":true,"valueName":"search_term_string"}}],"inLanguage":"fr-FR"},{"@type":"Organization","@id":"https:\/\/lda.be\/fr\/#organization","name":"LDA Belgium","url":"https:\/\/lda.be\/fr\/","logo":{"@type":"ImageObject","inLanguage":"fr-FR","@id":"https:\/\/lda.be\/fr\/#\/schema\/logo\/image\/","url":"https:\/\/lda.be\/wp-content\/uploads\/2022\/07\/Logo-LDA.webp","contentUrl":"https:\/\/lda.be\/wp-content\/uploads\/2022\/07\/Logo-LDA.webp","width":311,"height":101,"caption":"LDA Belgium"},"image":{"@id":"https:\/\/lda.be\/fr\/#\/schema\/logo\/image\/"},"sameAs":["https:\/\/www.linkedin.com\/company\/lda-belgium-nv"]}]}},"_links":{"self":[{"href":"https:\/\/lda.be\/fr\/wp-json\/wp\/v2\/product\/16014","targetHints":{"allow":["GET"]}}],"collection":[{"href":"https:\/\/lda.be\/fr\/wp-json\/wp\/v2\/product"}],"about":[{"href":"https:\/\/lda.be\/fr\/wp-json\/wp\/v2\/types\/product"}],"replies":[{"embeddable":true,"href":"https:\/\/lda.be\/fr\/wp-json\/wp\/v2\/comments?post=16014"}],"wp:featuredmedia":[{"embeddable":true,"href":"https:\/\/lda.be\/fr\/wp-json\/wp\/v2\/media\/16000"}],"wp:attachment":[{"href":"https:\/\/lda.be\/fr\/wp-json\/wp\/v2\/media?parent=16014"}],"wp:term":[{"taxonomy":"product_brand","embeddable":true,"href":"https:\/\/lda.be\/fr\/wp-json\/wp\/v2\/product_brand?post=16014"},{"taxonomy":"product_cat","embeddable":true,"href":"https:\/\/lda.be\/fr\/wp-json\/wp\/v2\/product_cat?post=16014"},{"taxonomy":"product_tag","embeddable":true,"href":"https:\/\/lda.be\/fr\/wp-json\/wp\/v2\/product_tag?post=16014"}],"curies":[{"name":"wp","href":"https:\/\/api.w.org\/{rel}","templated":true}]}}