{"id":16077,"date":"2026-03-25T14:47:39","date_gmt":"2026-03-25T13:47:39","guid":{"rendered":"https:\/\/lda.be\/?post_type=product&#038;p=16077"},"modified":"2026-03-25T15:08:29","modified_gmt":"2026-03-25T14:08:29","slug":"serie-6100-electrovanne-a-2-voies-pour-fluides","status":"publish","type":"product","link":"https:\/\/lda.be\/fr\/produit\/serie-6100-electrovanne-a-2-voies-pour-fluides\/","title":{"rendered":"S\u00e9rie 6100 \u00c9lectrovanne \u00e0 2 voies pour fluides"},"content":{"rendered":"<p>La s\u00e9rie 6100\u00a0 est une \u00e9lectrovanne en ligne \u00e0 2 voies et 2 positions, \u00e0 action directe. Elle int\u00e8gre un clapet \u00e0 compensation par ressort \u00e0 longue dur\u00e9e de vie, log\u00e9 dans un corps d&#8217;\u00e9lectrovanne enti\u00e8rement en acier inoxydable. Le corps standard est en laiton et est disponible en filetage NPT de 1\/8\u201d et 1\/4\u201d.<\/p>\n<p>Avec des diam\u00e8tres d&#8217;orifice standard allant de 0,8 mm \u00e0 3,0 mm, la s\u00e9rie 6100 prend en charge une large gamme de d\u00e9bits et de pressions allant de 0 \u00e0 600 PSI, selon la version. Sa conception unique \u00e0 panier d&#8217;orifice permet de changer rapidement de diam\u00e8tre d&#8217;orifice, am\u00e9liorant ainsi la flexibilit\u00e9 de fabrication et la disponibilit\u00e9 des produits.<\/p>\n<p>Le corps robuste en laiton est compatible avec les liquides et les gaz tout en maintenant des co\u00fbts bas. La vanne est disponible dans les tensions courantes et offre de multiples options de connexion \u00e9lectrique, notamment une bobine \u00e0 cosses DIN 43650 et des fils volants. Les bobines sont \u00e9tanches selon la norme IP65.<\/p>\n","protected":false},"excerpt":{"rendered":"<p>La s\u00e9rie 6100\u00a0 est une \u00e9lectrovanne en ligne \u00e0 2 voies et 2 positions, \u00e0 action directe. Elle int\u00e8gre un clapet \u00e0 compensation par ressort \u00e0 longue dur\u00e9e de vie, log\u00e9 dans un corps d&#8217;\u00e9lectrovanne enti\u00e8rement en acier inoxydable. Le corps standard est en laiton et est disponible en filetage NPT de 1\/8\u201d et 1\/4\u201d. [&hellip;]<\/p>\n","protected":false},"featured_media":16064,"comment_status":"closed","ping_status":"closed","template":"","meta":[],"product_brand":[1911],"product_cat":[1561,906],"product_tag":[],"class_list":{"0":"post-16077","1":"product","2":"type-product","3":"status-publish","4":"has-post-thumbnail","6":"product_brand-spartan","7":"product_cat-vannes-a-liquide","8":"product_cat-vannes-haute-pression","10":"first","11":"instock","12":"shipping-taxable","13":"product-type-simple"},"yoast_head":"<!-- This site is optimized with the Yoast SEO plugin v27.5 - https:\/\/yoast.com\/product\/yoast-seo-wordpress\/ -->\n<title>S\u00e9rie 6100 \u00c9lectrovanne \u00e0 2 voies pour fluides - LDA Belgique<\/title>\n<meta name=\"description\" content=\"Spartan 6100 : \u00e9lectrovanne \u00e0 action directe 2 voies pour liquides et gaz. 1\/8&quot;\u20131\/4&quot; NPT, 0\u2013600 psi, temps de r\u00e9ponse 12\u201316 ms, IP65.\" \/>\n<meta name=\"robots\" content=\"index, follow, max-snippet:-1, max-image-preview:large, max-video-preview:-1\" \/>\n<link rel=\"canonical\" href=\"https:\/\/lda.be\/fr\/produit\/serie-6100-electrovanne-a-2-voies-pour-fluides\/\" \/>\n<meta property=\"og:locale\" content=\"fr_FR\" \/>\n<meta property=\"og:type\" content=\"article\" \/>\n<meta property=\"og:title\" content=\"S\u00e9rie 6100 \u00c9lectrovanne \u00e0 2 voies pour fluides - LDA Belgique\" \/>\n<meta property=\"og:description\" content=\"Spartan 6100 : \u00e9lectrovanne \u00e0 action directe 2 voies pour liquides et gaz. 1\/8&quot;\u20131\/4&quot; NPT, 0\u2013600 psi, temps de r\u00e9ponse 12\u201316 ms, IP65.\" \/>\n<meta property=\"og:url\" content=\"https:\/\/lda.be\/fr\/produit\/serie-6100-electrovanne-a-2-voies-pour-fluides\/\" \/>\n<meta property=\"og:site_name\" content=\"LDA Belgique\" \/>\n<meta property=\"article:modified_time\" content=\"2026-03-25T14:08:29+00:00\" \/>\n<meta property=\"og:image\" content=\"https:\/\/lda.be\/wp-content\/uploads\/2026\/03\/Series-6100.webp\" \/>\n\t<meta property=\"og:image:width\" content=\"1080\" \/>\n\t<meta property=\"og:image:height\" content=\"1080\" \/>\n\t<meta property=\"og:image:type\" content=\"image\/webp\" \/>\n<meta name=\"twitter:card\" content=\"summary_large_image\" \/>\n<meta name=\"twitter:label1\" content=\"Dur\u00e9e de lecture estim\u00e9e\" \/>\n\t<meta name=\"twitter:data1\" content=\"1 minute\" \/>\n<script type=\"application\/ld+json\" class=\"yoast-schema-graph\">{\"@context\":\"https:\\\/\\\/schema.org\",\"@graph\":[{\"@type\":\"WebPage\",\"@id\":\"https:\\\/\\\/lda.be\\\/fr\\\/produit\\\/serie-6100-electrovanne-a-2-voies-pour-fluides\\\/\",\"url\":\"https:\\\/\\\/lda.be\\\/fr\\\/produit\\\/serie-6100-electrovanne-a-2-voies-pour-fluides\\\/\",\"name\":\"S\u00e9rie 6100 \u00c9lectrovanne \u00e0 2 voies pour fluides - LDA Belgique\",\"isPartOf\":{\"@id\":\"https:\\\/\\\/lda.be\\\/fr\\\/#website\"},\"primaryImageOfPage\":{\"@id\":\"https:\\\/\\\/lda.be\\\/fr\\\/produit\\\/serie-6100-electrovanne-a-2-voies-pour-fluides\\\/#primaryimage\"},\"image\":{\"@id\":\"https:\\\/\\\/lda.be\\\/fr\\\/produit\\\/serie-6100-electrovanne-a-2-voies-pour-fluides\\\/#primaryimage\"},\"thumbnailUrl\":\"https:\\\/\\\/lda.be\\\/wp-content\\\/uploads\\\/2026\\\/03\\\/Series-6100.webp\",\"datePublished\":\"2026-03-25T13:47:39+00:00\",\"dateModified\":\"2026-03-25T14:08:29+00:00\",\"description\":\"Spartan 6100 : \u00e9lectrovanne \u00e0 action directe 2 voies pour liquides et gaz. 1\\\/8\\\"\u20131\\\/4\\\" NPT, 0\u2013600 psi, temps de r\u00e9ponse 12\u201316 ms, IP65.\",\"breadcrumb\":{\"@id\":\"https:\\\/\\\/lda.be\\\/fr\\\/produit\\\/serie-6100-electrovanne-a-2-voies-pour-fluides\\\/#breadcrumb\"},\"inLanguage\":\"fr-FR\",\"potentialAction\":[{\"@type\":\"ReadAction\",\"target\":[\"https:\\\/\\\/lda.be\\\/fr\\\/produit\\\/serie-6100-electrovanne-a-2-voies-pour-fluides\\\/\"]}]},{\"@type\":\"ImageObject\",\"inLanguage\":\"fr-FR\",\"@id\":\"https:\\\/\\\/lda.be\\\/fr\\\/produit\\\/serie-6100-electrovanne-a-2-voies-pour-fluides\\\/#primaryimage\",\"url\":\"https:\\\/\\\/lda.be\\\/wp-content\\\/uploads\\\/2026\\\/03\\\/Series-6100.webp\",\"contentUrl\":\"https:\\\/\\\/lda.be\\\/wp-content\\\/uploads\\\/2026\\\/03\\\/Series-6100.webp\",\"width\":1080,\"height\":1080,\"caption\":\"Series 6100 vloeistof magneetventiel\"},{\"@type\":\"BreadcrumbList\",\"@id\":\"https:\\\/\\\/lda.be\\\/fr\\\/produit\\\/serie-6100-electrovanne-a-2-voies-pour-fluides\\\/#breadcrumb\",\"itemListElement\":[{\"@type\":\"ListItem\",\"position\":1,\"name\":\"Accueil\",\"item\":\"https:\\\/\\\/lda.be\\\/fr\\\/\"},{\"@type\":\"ListItem\",\"position\":2,\"name\":\"Produits\",\"item\":\"https:\\\/\\\/lda.be\\\/fr\\\/produits\\\/\"},{\"@type\":\"ListItem\",\"position\":3,\"name\":\"S\u00e9rie 6100 \u00c9lectrovanne \u00e0 2 voies pour fluides\"}]},{\"@type\":\"WebSite\",\"@id\":\"https:\\\/\\\/lda.be\\\/fr\\\/#website\",\"url\":\"https:\\\/\\\/lda.be\\\/fr\\\/\",\"name\":\"LDA Belgium\",\"description\":\"Solutions For Life\",\"publisher\":{\"@id\":\"https:\\\/\\\/lda.be\\\/fr\\\/#organization\"},\"potentialAction\":[{\"@type\":\"SearchAction\",\"target\":{\"@type\":\"EntryPoint\",\"urlTemplate\":\"https:\\\/\\\/lda.be\\\/fr\\\/?s={search_term_string}\"},\"query-input\":{\"@type\":\"PropertyValueSpecification\",\"valueRequired\":true,\"valueName\":\"search_term_string\"}}],\"inLanguage\":\"fr-FR\"},{\"@type\":\"Organization\",\"@id\":\"https:\\\/\\\/lda.be\\\/fr\\\/#organization\",\"name\":\"LDA Belgium\",\"url\":\"https:\\\/\\\/lda.be\\\/fr\\\/\",\"logo\":{\"@type\":\"ImageObject\",\"inLanguage\":\"fr-FR\",\"@id\":\"https:\\\/\\\/lda.be\\\/fr\\\/#\\\/schema\\\/logo\\\/image\\\/\",\"url\":\"https:\\\/\\\/lda.be\\\/wp-content\\\/uploads\\\/2022\\\/07\\\/Logo-LDA.webp\",\"contentUrl\":\"https:\\\/\\\/lda.be\\\/wp-content\\\/uploads\\\/2022\\\/07\\\/Logo-LDA.webp\",\"width\":311,\"height\":101,\"caption\":\"LDA Belgium\"},\"image\":{\"@id\":\"https:\\\/\\\/lda.be\\\/fr\\\/#\\\/schema\\\/logo\\\/image\\\/\"},\"sameAs\":[\"https:\\\/\\\/www.linkedin.com\\\/company\\\/lda-belgium-nv\"]}]}<\/script>\n<!-- \/ Yoast SEO plugin. -->","yoast_head_json":{"title":"S\u00e9rie 6100 \u00c9lectrovanne \u00e0 2 voies pour fluides - LDA Belgique","description":"Spartan 6100 : \u00e9lectrovanne \u00e0 action directe 2 voies pour liquides et gaz. 1\/8\"\u20131\/4\" NPT, 0\u2013600 psi, temps de r\u00e9ponse 12\u201316 ms, IP65.","robots":{"index":"index","follow":"follow","max-snippet":"max-snippet:-1","max-image-preview":"max-image-preview:large","max-video-preview":"max-video-preview:-1"},"canonical":"https:\/\/lda.be\/fr\/produit\/serie-6100-electrovanne-a-2-voies-pour-fluides\/","og_locale":"fr_FR","og_type":"article","og_title":"S\u00e9rie 6100 \u00c9lectrovanne \u00e0 2 voies pour fluides - LDA Belgique","og_description":"Spartan 6100 : \u00e9lectrovanne \u00e0 action directe 2 voies pour liquides et gaz. 1\/8\"\u20131\/4\" NPT, 0\u2013600 psi, temps de r\u00e9ponse 12\u201316 ms, IP65.","og_url":"https:\/\/lda.be\/fr\/produit\/serie-6100-electrovanne-a-2-voies-pour-fluides\/","og_site_name":"LDA Belgique","article_modified_time":"2026-03-25T14:08:29+00:00","og_image":[{"width":1080,"height":1080,"url":"https:\/\/lda.be\/wp-content\/uploads\/2026\/03\/Series-6100.webp","type":"image\/webp"}],"twitter_card":"summary_large_image","twitter_misc":{"Dur\u00e9e de lecture estim\u00e9e":"1 minute"},"schema":{"@context":"https:\/\/schema.org","@graph":[{"@type":"WebPage","@id":"https:\/\/lda.be\/fr\/produit\/serie-6100-electrovanne-a-2-voies-pour-fluides\/","url":"https:\/\/lda.be\/fr\/produit\/serie-6100-electrovanne-a-2-voies-pour-fluides\/","name":"S\u00e9rie 6100 \u00c9lectrovanne \u00e0 2 voies pour fluides - LDA Belgique","isPartOf":{"@id":"https:\/\/lda.be\/fr\/#website"},"primaryImageOfPage":{"@id":"https:\/\/lda.be\/fr\/produit\/serie-6100-electrovanne-a-2-voies-pour-fluides\/#primaryimage"},"image":{"@id":"https:\/\/lda.be\/fr\/produit\/serie-6100-electrovanne-a-2-voies-pour-fluides\/#primaryimage"},"thumbnailUrl":"https:\/\/lda.be\/wp-content\/uploads\/2026\/03\/Series-6100.webp","datePublished":"2026-03-25T13:47:39+00:00","dateModified":"2026-03-25T14:08:29+00:00","description":"Spartan 6100 : \u00e9lectrovanne \u00e0 action directe 2 voies pour liquides et gaz. 1\/8\"\u20131\/4\" NPT, 0\u2013600 psi, temps de r\u00e9ponse 12\u201316 ms, IP65.","breadcrumb":{"@id":"https:\/\/lda.be\/fr\/produit\/serie-6100-electrovanne-a-2-voies-pour-fluides\/#breadcrumb"},"inLanguage":"fr-FR","potentialAction":[{"@type":"ReadAction","target":["https:\/\/lda.be\/fr\/produit\/serie-6100-electrovanne-a-2-voies-pour-fluides\/"]}]},{"@type":"ImageObject","inLanguage":"fr-FR","@id":"https:\/\/lda.be\/fr\/produit\/serie-6100-electrovanne-a-2-voies-pour-fluides\/#primaryimage","url":"https:\/\/lda.be\/wp-content\/uploads\/2026\/03\/Series-6100.webp","contentUrl":"https:\/\/lda.be\/wp-content\/uploads\/2026\/03\/Series-6100.webp","width":1080,"height":1080,"caption":"Series 6100 vloeistof magneetventiel"},{"@type":"BreadcrumbList","@id":"https:\/\/lda.be\/fr\/produit\/serie-6100-electrovanne-a-2-voies-pour-fluides\/#breadcrumb","itemListElement":[{"@type":"ListItem","position":1,"name":"Accueil","item":"https:\/\/lda.be\/fr\/"},{"@type":"ListItem","position":2,"name":"Produits","item":"https:\/\/lda.be\/fr\/produits\/"},{"@type":"ListItem","position":3,"name":"S\u00e9rie 6100 \u00c9lectrovanne \u00e0 2 voies pour fluides"}]},{"@type":"WebSite","@id":"https:\/\/lda.be\/fr\/#website","url":"https:\/\/lda.be\/fr\/","name":"LDA Belgium","description":"Solutions For Life","publisher":{"@id":"https:\/\/lda.be\/fr\/#organization"},"potentialAction":[{"@type":"SearchAction","target":{"@type":"EntryPoint","urlTemplate":"https:\/\/lda.be\/fr\/?s={search_term_string}"},"query-input":{"@type":"PropertyValueSpecification","valueRequired":true,"valueName":"search_term_string"}}],"inLanguage":"fr-FR"},{"@type":"Organization","@id":"https:\/\/lda.be\/fr\/#organization","name":"LDA Belgium","url":"https:\/\/lda.be\/fr\/","logo":{"@type":"ImageObject","inLanguage":"fr-FR","@id":"https:\/\/lda.be\/fr\/#\/schema\/logo\/image\/","url":"https:\/\/lda.be\/wp-content\/uploads\/2022\/07\/Logo-LDA.webp","contentUrl":"https:\/\/lda.be\/wp-content\/uploads\/2022\/07\/Logo-LDA.webp","width":311,"height":101,"caption":"LDA Belgium"},"image":{"@id":"https:\/\/lda.be\/fr\/#\/schema\/logo\/image\/"},"sameAs":["https:\/\/www.linkedin.com\/company\/lda-belgium-nv"]}]}},"_links":{"self":[{"href":"https:\/\/lda.be\/fr\/wp-json\/wp\/v2\/product\/16077","targetHints":{"allow":["GET"]}}],"collection":[{"href":"https:\/\/lda.be\/fr\/wp-json\/wp\/v2\/product"}],"about":[{"href":"https:\/\/lda.be\/fr\/wp-json\/wp\/v2\/types\/product"}],"replies":[{"embeddable":true,"href":"https:\/\/lda.be\/fr\/wp-json\/wp\/v2\/comments?post=16077"}],"wp:featuredmedia":[{"embeddable":true,"href":"https:\/\/lda.be\/fr\/wp-json\/wp\/v2\/media\/16064"}],"wp:attachment":[{"href":"https:\/\/lda.be\/fr\/wp-json\/wp\/v2\/media?parent=16077"}],"wp:term":[{"taxonomy":"product_brand","embeddable":true,"href":"https:\/\/lda.be\/fr\/wp-json\/wp\/v2\/product_brand?post=16077"},{"taxonomy":"product_cat","embeddable":true,"href":"https:\/\/lda.be\/fr\/wp-json\/wp\/v2\/product_cat?post=16077"},{"taxonomy":"product_tag","embeddable":true,"href":"https:\/\/lda.be\/fr\/wp-json\/wp\/v2\/product_tag?post=16077"}],"curies":[{"name":"wp","href":"https:\/\/api.w.org\/{rel}","templated":true}]}}