{"id":16100,"date":"2026-03-25T16:27:07","date_gmt":"2026-03-25T15:27:07","guid":{"rendered":"https:\/\/lda.be\/?post_type=product&#038;p=16100"},"modified":"2026-03-25T16:42:26","modified_gmt":"2026-03-25T15:42:26","slug":"vanne-de-regulation-a-membrane-serie-3580","status":"publish","type":"product","link":"https:\/\/lda.be\/fr\/produit\/vanne-de-regulation-a-membrane-serie-3580\/","title":{"rendered":"Vanne de r\u00e9gulation \u00e0 membrane s\u00e9rie 3580"},"content":{"rendered":"<p>La s\u00e9rie 3580 de Spartan Scientific est une vanne de r\u00e9gulation \u00e0 2 voies et 2 positions, \u00e0 commande \u00e9lectromagn\u00e9tique et pneumatique, con\u00e7ue pour contr\u00f4ler les fluides liquides et les gaz inertes. Elle est dot\u00e9e d&#8217;un large orifice de 1\/2\u00ab et est propos\u00e9e en standard avec trois tailles de raccords NPT : 1\/4 \u00bb, 3\/8\u00ab et 1\/2 \u00bb.<\/p>\n<p>La version normalement ouverte 3580 utilise un actionneur unique qui \u00e9limine le besoin d&#8217;un tube de d\u00e9rivation (contrairement \u00e0 la 3510). Elle comprend \u00e9galement une commande manuelle par pression sans verrouillage et une commande manuelle par rotation avec verrouillage. La version normalement ferm\u00e9e ne dispose pas de commande manuelle.<\/p>\n<p>Son corps composite compact utilise des mat\u00e9riaux avanc\u00e9s pour r\u00e9duire la taille et le poids tout en conservant la durabilit\u00e9. Le pilote \u00e0 sol\u00e9no\u00efde \u00e0 faible consommation d&#8217;\u00e9nergie comprend des composants internes en acier inoxydable et une conception miniaturis\u00e9e pour les installations exigu\u00ebs.<\/p>\n<p>Les options d&#8217;\u00e9lastom\u00e8res standard comprennent le FKM, le NBR et l&#8217;EPDM. Des bobines enti\u00e8rement encapsul\u00e9es sont disponibles en tensions standard avec des cosses, des fils volants ou un connecteur int\u00e9gr\u00e9.<\/p>\n<p>&nbsp;<\/p>\n<p>Les applications courantes comprennent la r\u00e9gulation des fluides inertes et des gaz, l&#8217;\u00e9vacuation des condensats, la plomberie d&#8217;eau chaude et les syst\u00e8mes d&#8217;arrosage.<\/p>\n","protected":false},"excerpt":{"rendered":"<p>La s\u00e9rie 3580 de Spartan Scientific est une vanne de r\u00e9gulation \u00e0 2 voies et 2 positions, \u00e0 commande \u00e9lectromagn\u00e9tique et pneumatique, con\u00e7ue pour contr\u00f4ler les fluides liquides et les gaz inertes. Elle est dot\u00e9e d&#8217;un large orifice de 1\/2\u00ab et est propos\u00e9e en standard avec trois tailles de raccords NPT : 1\/4 \u00bb, 3\/8\u00ab [&hellip;]<\/p>\n","protected":false},"featured_media":16098,"comment_status":"closed","ping_status":"closed","template":"","meta":[],"product_brand":[1911],"product_cat":[1561],"product_tag":[],"class_list":{"0":"post-16100","1":"product","2":"type-product","3":"status-publish","4":"has-post-thumbnail","6":"product_brand-spartan","7":"product_cat-vannes-a-liquide","9":"first","10":"instock","11":"shipping-taxable","12":"product-type-simple"},"yoast_head":"<!-- This site is optimized with the Yoast SEO plugin v27.5 - https:\/\/yoast.com\/product\/yoast-seo-wordpress\/ -->\n<title>Vanne de r\u00e9gulation \u00e0 membrane s\u00e9rie 3580 - LDA Belgique<\/title>\n<meta name=\"description\" content=\"Spartan 3580 : vanne \u00e0 diaphragme 2 voies pour liquides et gaz. 1\/4&quot;\u20131\/2&quot; NPT, 0,5\u201310 bar, temps de r\u00e9ponse 20\u201380 ms, IP65.\" \/>\n<meta name=\"robots\" content=\"index, follow, max-snippet:-1, max-image-preview:large, max-video-preview:-1\" \/>\n<link rel=\"canonical\" href=\"https:\/\/lda.be\/fr\/produit\/vanne-de-regulation-a-membrane-serie-3580\/\" \/>\n<meta property=\"og:locale\" content=\"fr_FR\" \/>\n<meta property=\"og:type\" content=\"article\" \/>\n<meta property=\"og:title\" content=\"Vanne de r\u00e9gulation \u00e0 membrane s\u00e9rie 3580 - LDA Belgique\" \/>\n<meta property=\"og:description\" content=\"Spartan 3580 : vanne \u00e0 diaphragme 2 voies pour liquides et gaz. 1\/4&quot;\u20131\/2&quot; NPT, 0,5\u201310 bar, temps de r\u00e9ponse 20\u201380 ms, IP65.\" \/>\n<meta property=\"og:url\" content=\"https:\/\/lda.be\/fr\/produit\/vanne-de-regulation-a-membrane-serie-3580\/\" \/>\n<meta property=\"og:site_name\" content=\"LDA Belgique\" \/>\n<meta property=\"article:modified_time\" content=\"2026-03-25T15:42:26+00:00\" \/>\n<meta property=\"og:image\" content=\"https:\/\/lda.be\/wp-content\/uploads\/2026\/03\/Series-6200-Direct-Werkend-2-Weg-3-Weg-Magneetventiel.webp\" \/>\n\t<meta property=\"og:image:width\" content=\"1080\" \/>\n\t<meta property=\"og:image:height\" content=\"1080\" \/>\n\t<meta property=\"og:image:type\" content=\"image\/webp\" \/>\n<meta name=\"twitter:card\" content=\"summary_large_image\" \/>\n<meta name=\"twitter:label1\" content=\"Dur\u00e9e de lecture estim\u00e9e\" \/>\n\t<meta name=\"twitter:data1\" content=\"1 minute\" \/>\n<script type=\"application\/ld+json\" class=\"yoast-schema-graph\">{\"@context\":\"https:\\\/\\\/schema.org\",\"@graph\":[{\"@type\":\"WebPage\",\"@id\":\"https:\\\/\\\/lda.be\\\/fr\\\/produit\\\/vanne-de-regulation-a-membrane-serie-3580\\\/\",\"url\":\"https:\\\/\\\/lda.be\\\/fr\\\/produit\\\/vanne-de-regulation-a-membrane-serie-3580\\\/\",\"name\":\"Vanne de r\u00e9gulation \u00e0 membrane s\u00e9rie 3580 - LDA Belgique\",\"isPartOf\":{\"@id\":\"https:\\\/\\\/lda.be\\\/fr\\\/#website\"},\"primaryImageOfPage\":{\"@id\":\"https:\\\/\\\/lda.be\\\/fr\\\/produit\\\/vanne-de-regulation-a-membrane-serie-3580\\\/#primaryimage\"},\"image\":{\"@id\":\"https:\\\/\\\/lda.be\\\/fr\\\/produit\\\/vanne-de-regulation-a-membrane-serie-3580\\\/#primaryimage\"},\"thumbnailUrl\":\"https:\\\/\\\/lda.be\\\/wp-content\\\/uploads\\\/2026\\\/03\\\/Series-6200-Direct-Werkend-2-Weg-3-Weg-Magneetventiel.webp\",\"datePublished\":\"2026-03-25T15:27:07+00:00\",\"dateModified\":\"2026-03-25T15:42:26+00:00\",\"description\":\"Spartan 3580 : vanne \u00e0 diaphragme 2 voies pour liquides et gaz. 1\\\/4\\\"\u20131\\\/2\\\" NPT, 0,5\u201310 bar, temps de r\u00e9ponse 20\u201380 ms, IP65.\",\"breadcrumb\":{\"@id\":\"https:\\\/\\\/lda.be\\\/fr\\\/produit\\\/vanne-de-regulation-a-membrane-serie-3580\\\/#breadcrumb\"},\"inLanguage\":\"fr-FR\",\"potentialAction\":[{\"@type\":\"ReadAction\",\"target\":[\"https:\\\/\\\/lda.be\\\/fr\\\/produit\\\/vanne-de-regulation-a-membrane-serie-3580\\\/\"]}]},{\"@type\":\"ImageObject\",\"inLanguage\":\"fr-FR\",\"@id\":\"https:\\\/\\\/lda.be\\\/fr\\\/produit\\\/vanne-de-regulation-a-membrane-serie-3580\\\/#primaryimage\",\"url\":\"https:\\\/\\\/lda.be\\\/wp-content\\\/uploads\\\/2026\\\/03\\\/Series-6200-Direct-Werkend-2-Weg-3-Weg-Magneetventiel.webp\",\"contentUrl\":\"https:\\\/\\\/lda.be\\\/wp-content\\\/uploads\\\/2026\\\/03\\\/Series-6200-Direct-Werkend-2-Weg-3-Weg-Magneetventiel.webp\",\"width\":1080,\"height\":1080,\"caption\":\"Series 3580 Diafragmaprocesventiel\"},{\"@type\":\"BreadcrumbList\",\"@id\":\"https:\\\/\\\/lda.be\\\/fr\\\/produit\\\/vanne-de-regulation-a-membrane-serie-3580\\\/#breadcrumb\",\"itemListElement\":[{\"@type\":\"ListItem\",\"position\":1,\"name\":\"Accueil\",\"item\":\"https:\\\/\\\/lda.be\\\/fr\\\/\"},{\"@type\":\"ListItem\",\"position\":2,\"name\":\"Produits\",\"item\":\"https:\\\/\\\/lda.be\\\/fr\\\/produits\\\/\"},{\"@type\":\"ListItem\",\"position\":3,\"name\":\"Vanne de r\u00e9gulation \u00e0 membrane s\u00e9rie 3580\"}]},{\"@type\":\"WebSite\",\"@id\":\"https:\\\/\\\/lda.be\\\/fr\\\/#website\",\"url\":\"https:\\\/\\\/lda.be\\\/fr\\\/\",\"name\":\"LDA Belgium\",\"description\":\"Solutions For Life\",\"publisher\":{\"@id\":\"https:\\\/\\\/lda.be\\\/fr\\\/#organization\"},\"potentialAction\":[{\"@type\":\"SearchAction\",\"target\":{\"@type\":\"EntryPoint\",\"urlTemplate\":\"https:\\\/\\\/lda.be\\\/fr\\\/?s={search_term_string}\"},\"query-input\":{\"@type\":\"PropertyValueSpecification\",\"valueRequired\":true,\"valueName\":\"search_term_string\"}}],\"inLanguage\":\"fr-FR\"},{\"@type\":\"Organization\",\"@id\":\"https:\\\/\\\/lda.be\\\/fr\\\/#organization\",\"name\":\"LDA Belgium\",\"url\":\"https:\\\/\\\/lda.be\\\/fr\\\/\",\"logo\":{\"@type\":\"ImageObject\",\"inLanguage\":\"fr-FR\",\"@id\":\"https:\\\/\\\/lda.be\\\/fr\\\/#\\\/schema\\\/logo\\\/image\\\/\",\"url\":\"https:\\\/\\\/lda.be\\\/wp-content\\\/uploads\\\/2022\\\/07\\\/Logo-LDA.webp\",\"contentUrl\":\"https:\\\/\\\/lda.be\\\/wp-content\\\/uploads\\\/2022\\\/07\\\/Logo-LDA.webp\",\"width\":311,\"height\":101,\"caption\":\"LDA Belgium\"},\"image\":{\"@id\":\"https:\\\/\\\/lda.be\\\/fr\\\/#\\\/schema\\\/logo\\\/image\\\/\"},\"sameAs\":[\"https:\\\/\\\/www.linkedin.com\\\/company\\\/lda-belgium-nv\"]}]}<\/script>\n<!-- \/ Yoast SEO plugin. -->","yoast_head_json":{"title":"Vanne de r\u00e9gulation \u00e0 membrane s\u00e9rie 3580 - LDA Belgique","description":"Spartan 3580 : vanne \u00e0 diaphragme 2 voies pour liquides et gaz. 1\/4\"\u20131\/2\" NPT, 0,5\u201310 bar, temps de r\u00e9ponse 20\u201380 ms, IP65.","robots":{"index":"index","follow":"follow","max-snippet":"max-snippet:-1","max-image-preview":"max-image-preview:large","max-video-preview":"max-video-preview:-1"},"canonical":"https:\/\/lda.be\/fr\/produit\/vanne-de-regulation-a-membrane-serie-3580\/","og_locale":"fr_FR","og_type":"article","og_title":"Vanne de r\u00e9gulation \u00e0 membrane s\u00e9rie 3580 - LDA Belgique","og_description":"Spartan 3580 : vanne \u00e0 diaphragme 2 voies pour liquides et gaz. 1\/4\"\u20131\/2\" NPT, 0,5\u201310 bar, temps de r\u00e9ponse 20\u201380 ms, IP65.","og_url":"https:\/\/lda.be\/fr\/produit\/vanne-de-regulation-a-membrane-serie-3580\/","og_site_name":"LDA Belgique","article_modified_time":"2026-03-25T15:42:26+00:00","og_image":[{"width":1080,"height":1080,"url":"https:\/\/lda.be\/wp-content\/uploads\/2026\/03\/Series-6200-Direct-Werkend-2-Weg-3-Weg-Magneetventiel.webp","type":"image\/webp"}],"twitter_card":"summary_large_image","twitter_misc":{"Dur\u00e9e de lecture estim\u00e9e":"1 minute"},"schema":{"@context":"https:\/\/schema.org","@graph":[{"@type":"WebPage","@id":"https:\/\/lda.be\/fr\/produit\/vanne-de-regulation-a-membrane-serie-3580\/","url":"https:\/\/lda.be\/fr\/produit\/vanne-de-regulation-a-membrane-serie-3580\/","name":"Vanne de r\u00e9gulation \u00e0 membrane s\u00e9rie 3580 - LDA Belgique","isPartOf":{"@id":"https:\/\/lda.be\/fr\/#website"},"primaryImageOfPage":{"@id":"https:\/\/lda.be\/fr\/produit\/vanne-de-regulation-a-membrane-serie-3580\/#primaryimage"},"image":{"@id":"https:\/\/lda.be\/fr\/produit\/vanne-de-regulation-a-membrane-serie-3580\/#primaryimage"},"thumbnailUrl":"https:\/\/lda.be\/wp-content\/uploads\/2026\/03\/Series-6200-Direct-Werkend-2-Weg-3-Weg-Magneetventiel.webp","datePublished":"2026-03-25T15:27:07+00:00","dateModified":"2026-03-25T15:42:26+00:00","description":"Spartan 3580 : vanne \u00e0 diaphragme 2 voies pour liquides et gaz. 1\/4\"\u20131\/2\" NPT, 0,5\u201310 bar, temps de r\u00e9ponse 20\u201380 ms, IP65.","breadcrumb":{"@id":"https:\/\/lda.be\/fr\/produit\/vanne-de-regulation-a-membrane-serie-3580\/#breadcrumb"},"inLanguage":"fr-FR","potentialAction":[{"@type":"ReadAction","target":["https:\/\/lda.be\/fr\/produit\/vanne-de-regulation-a-membrane-serie-3580\/"]}]},{"@type":"ImageObject","inLanguage":"fr-FR","@id":"https:\/\/lda.be\/fr\/produit\/vanne-de-regulation-a-membrane-serie-3580\/#primaryimage","url":"https:\/\/lda.be\/wp-content\/uploads\/2026\/03\/Series-6200-Direct-Werkend-2-Weg-3-Weg-Magneetventiel.webp","contentUrl":"https:\/\/lda.be\/wp-content\/uploads\/2026\/03\/Series-6200-Direct-Werkend-2-Weg-3-Weg-Magneetventiel.webp","width":1080,"height":1080,"caption":"Series 3580 Diafragmaprocesventiel"},{"@type":"BreadcrumbList","@id":"https:\/\/lda.be\/fr\/produit\/vanne-de-regulation-a-membrane-serie-3580\/#breadcrumb","itemListElement":[{"@type":"ListItem","position":1,"name":"Accueil","item":"https:\/\/lda.be\/fr\/"},{"@type":"ListItem","position":2,"name":"Produits","item":"https:\/\/lda.be\/fr\/produits\/"},{"@type":"ListItem","position":3,"name":"Vanne de r\u00e9gulation \u00e0 membrane s\u00e9rie 3580"}]},{"@type":"WebSite","@id":"https:\/\/lda.be\/fr\/#website","url":"https:\/\/lda.be\/fr\/","name":"LDA Belgium","description":"Solutions For Life","publisher":{"@id":"https:\/\/lda.be\/fr\/#organization"},"potentialAction":[{"@type":"SearchAction","target":{"@type":"EntryPoint","urlTemplate":"https:\/\/lda.be\/fr\/?s={search_term_string}"},"query-input":{"@type":"PropertyValueSpecification","valueRequired":true,"valueName":"search_term_string"}}],"inLanguage":"fr-FR"},{"@type":"Organization","@id":"https:\/\/lda.be\/fr\/#organization","name":"LDA Belgium","url":"https:\/\/lda.be\/fr\/","logo":{"@type":"ImageObject","inLanguage":"fr-FR","@id":"https:\/\/lda.be\/fr\/#\/schema\/logo\/image\/","url":"https:\/\/lda.be\/wp-content\/uploads\/2022\/07\/Logo-LDA.webp","contentUrl":"https:\/\/lda.be\/wp-content\/uploads\/2022\/07\/Logo-LDA.webp","width":311,"height":101,"caption":"LDA Belgium"},"image":{"@id":"https:\/\/lda.be\/fr\/#\/schema\/logo\/image\/"},"sameAs":["https:\/\/www.linkedin.com\/company\/lda-belgium-nv"]}]}},"_links":{"self":[{"href":"https:\/\/lda.be\/fr\/wp-json\/wp\/v2\/product\/16100","targetHints":{"allow":["GET"]}}],"collection":[{"href":"https:\/\/lda.be\/fr\/wp-json\/wp\/v2\/product"}],"about":[{"href":"https:\/\/lda.be\/fr\/wp-json\/wp\/v2\/types\/product"}],"replies":[{"embeddable":true,"href":"https:\/\/lda.be\/fr\/wp-json\/wp\/v2\/comments?post=16100"}],"wp:featuredmedia":[{"embeddable":true,"href":"https:\/\/lda.be\/fr\/wp-json\/wp\/v2\/media\/16098"}],"wp:attachment":[{"href":"https:\/\/lda.be\/fr\/wp-json\/wp\/v2\/media?parent=16100"}],"wp:term":[{"taxonomy":"product_brand","embeddable":true,"href":"https:\/\/lda.be\/fr\/wp-json\/wp\/v2\/product_brand?post=16100"},{"taxonomy":"product_cat","embeddable":true,"href":"https:\/\/lda.be\/fr\/wp-json\/wp\/v2\/product_cat?post=16100"},{"taxonomy":"product_tag","embeddable":true,"href":"https:\/\/lda.be\/fr\/wp-json\/wp\/v2\/product_tag?post=16100"}],"curies":[{"name":"wp","href":"https:\/\/api.w.org\/{rel}","templated":true}]}}