{"id":16119,"date":"2026-03-26T11:46:01","date_gmt":"2026-03-26T10:46:01","guid":{"rendered":"https:\/\/lda.be\/?post_type=product&#038;p=16119"},"modified":"2026-03-26T12:12:24","modified_gmt":"2026-03-26T11:12:24","slug":"catalogue-de-lindustrie-medicale","status":"publish","type":"product","link":"https:\/\/lda.be\/fr\/produit\/catalogue-de-lindustrie-medicale\/","title":{"rendered":"Catalogue de l&#8217;industrie m\u00e9dicale"},"content":{"rendered":"<p>Dans le secteur m\u00e9dical, la pr\u00e9cision et le contr\u00f4le sont essentiels. C&#8217;est pourquoi LDA fournit des composants utilis\u00e9s dans des processus o\u00f9 le mouvement, la pression et les fluides sont r\u00e9gul\u00e9s avec exactitude. Ils contribuent \u00e0 la production, \u00e0 l&#8217;assemblage et aux essais de produits et de syst\u00e8mes m\u00e9dicaux.<\/p>\n<p>Ces solutions sont utilis\u00e9es pour le microdosage de liquides, l&#8217;assemblage de pi\u00e8ces, la manipulation de produits tels que les poches de perfusion, les dispositifs de test et de mesure, le positionnement dans les \u00e9quipements et les mouvements dans les environnements de recherche et de production. Gr\u00e2ce \u00e0 leurs performances, elles sont id\u00e9ales lorsque les processus doivent fonctionner de mani\u00e8re stable, coh\u00e9rente et reproductible.<\/p>\n<p>Ces composants trouvent des applications notamment dans l&#8217;industrie m\u00e9dicale, la pharmacie, la biotechnologie, les laboratoires, la construction m\u00e9canique et le traitement biopharmaceutique. Ils s&#8217;int\u00e8grent facilement dans les installations existantes et dans les nouveaux syst\u00e8mes \u00e0 construire.<\/p>\n<p>L&#8217;offre comprend diverses solutions pour le march\u00e9 m\u00e9dical et pharmaceutique<\/p>\n","protected":false},"excerpt":{"rendered":"<p>Dans le secteur m\u00e9dical, la pr\u00e9cision et le contr\u00f4le sont essentiels. C&#8217;est pourquoi LDA fournit des composants utilis\u00e9s dans des processus o\u00f9 le mouvement, la pression et les fluides sont r\u00e9gul\u00e9s avec exactitude. Ils contribuent \u00e0 la production, \u00e0 l&#8217;assemblage et aux essais de produits et de syst\u00e8mes m\u00e9dicaux. Ces solutions sont utilis\u00e9es pour le [&hellip;]<\/p>\n","protected":false},"featured_media":16118,"comment_status":"closed","ping_status":"closed","template":"","meta":[],"product_brand":[],"product_cat":[960],"product_tag":[],"class_list":{"0":"post-16119","1":"product","2":"type-product","3":"status-publish","4":"has-post-thumbnail","6":"product_cat-catalogues-lda-pdf","8":"first","9":"instock","10":"shipping-taxable","11":"product-type-simple"},"yoast_head":"<!-- This site is optimized with the Yoast SEO plugin v27.5 - https:\/\/yoast.com\/product\/yoast-seo-wordpress\/ -->\n<title>Catalogue de l&#039;industrie m\u00e9dicale - LDA Belgique<\/title>\n<meta name=\"description\" content=\"Composants pour l&#039;automatisation m\u00e9dicale, tels que des vannes, des actionneurs et des pr\u00e9henseurs destin\u00e9s \u00e0 l&#039;industrie pharmaceutique, aux laboratoires et \u00e0 la construction m\u00e9canique.\" \/>\n<meta name=\"robots\" content=\"index, follow, max-snippet:-1, max-image-preview:large, max-video-preview:-1\" \/>\n<link rel=\"canonical\" href=\"https:\/\/lda.be\/fr\/produit\/catalogue-de-lindustrie-medicale\/\" \/>\n<meta property=\"og:locale\" content=\"fr_FR\" \/>\n<meta property=\"og:type\" content=\"article\" \/>\n<meta property=\"og:title\" content=\"Catalogue de l&#039;industrie m\u00e9dicale - LDA Belgique\" \/>\n<meta property=\"og:description\" content=\"Composants pour l&#039;automatisation m\u00e9dicale, tels que des vannes, des actionneurs et des pr\u00e9henseurs destin\u00e9s \u00e0 l&#039;industrie pharmaceutique, aux laboratoires et \u00e0 la construction m\u00e9canique.\" \/>\n<meta property=\"og:url\" content=\"https:\/\/lda.be\/fr\/produit\/catalogue-de-lindustrie-medicale\/\" \/>\n<meta property=\"og:site_name\" content=\"LDA Belgique\" \/>\n<meta property=\"article:modified_time\" content=\"2026-03-26T11:12:24+00:00\" \/>\n<meta property=\"og:image\" content=\"https:\/\/lda.be\/wp-content\/uploads\/2026\/03\/industrie-medical-catalog-page.webp\" \/>\n\t<meta property=\"og:image:width\" content=\"720\" \/>\n\t<meta property=\"og:image:height\" content=\"720\" \/>\n\t<meta property=\"og:image:type\" content=\"image\/webp\" \/>\n<meta name=\"twitter:card\" content=\"summary_large_image\" \/>\n<meta name=\"twitter:label1\" content=\"Dur\u00e9e de lecture estim\u00e9e\" \/>\n\t<meta name=\"twitter:data1\" content=\"1 minute\" \/>\n<script type=\"application\/ld+json\" class=\"yoast-schema-graph\">{\"@context\":\"https:\\\/\\\/schema.org\",\"@graph\":[{\"@type\":\"WebPage\",\"@id\":\"https:\\\/\\\/lda.be\\\/fr\\\/produit\\\/catalogue-de-lindustrie-medicale\\\/\",\"url\":\"https:\\\/\\\/lda.be\\\/fr\\\/produit\\\/catalogue-de-lindustrie-medicale\\\/\",\"name\":\"Catalogue de l'industrie m\u00e9dicale - LDA Belgique\",\"isPartOf\":{\"@id\":\"https:\\\/\\\/lda.be\\\/fr\\\/#website\"},\"primaryImageOfPage\":{\"@id\":\"https:\\\/\\\/lda.be\\\/fr\\\/produit\\\/catalogue-de-lindustrie-medicale\\\/#primaryimage\"},\"image\":{\"@id\":\"https:\\\/\\\/lda.be\\\/fr\\\/produit\\\/catalogue-de-lindustrie-medicale\\\/#primaryimage\"},\"thumbnailUrl\":\"https:\\\/\\\/lda.be\\\/wp-content\\\/uploads\\\/2026\\\/03\\\/industrie-medical-catalog-page.webp\",\"datePublished\":\"2026-03-26T10:46:01+00:00\",\"dateModified\":\"2026-03-26T11:12:24+00:00\",\"description\":\"Composants pour l'automatisation m\u00e9dicale, tels que des vannes, des actionneurs et des pr\u00e9henseurs destin\u00e9s \u00e0 l'industrie pharmaceutique, aux laboratoires et \u00e0 la construction m\u00e9canique.\",\"breadcrumb\":{\"@id\":\"https:\\\/\\\/lda.be\\\/fr\\\/produit\\\/catalogue-de-lindustrie-medicale\\\/#breadcrumb\"},\"inLanguage\":\"fr-FR\",\"potentialAction\":[{\"@type\":\"ReadAction\",\"target\":[\"https:\\\/\\\/lda.be\\\/fr\\\/produit\\\/catalogue-de-lindustrie-medicale\\\/\"]}]},{\"@type\":\"ImageObject\",\"inLanguage\":\"fr-FR\",\"@id\":\"https:\\\/\\\/lda.be\\\/fr\\\/produit\\\/catalogue-de-lindustrie-medicale\\\/#primaryimage\",\"url\":\"https:\\\/\\\/lda.be\\\/wp-content\\\/uploads\\\/2026\\\/03\\\/industrie-medical-catalog-page.webp\",\"contentUrl\":\"https:\\\/\\\/lda.be\\\/wp-content\\\/uploads\\\/2026\\\/03\\\/industrie-medical-catalog-page.webp\",\"width\":720,\"height\":720,\"caption\":\"industrie medical catalog page\"},{\"@type\":\"BreadcrumbList\",\"@id\":\"https:\\\/\\\/lda.be\\\/fr\\\/produit\\\/catalogue-de-lindustrie-medicale\\\/#breadcrumb\",\"itemListElement\":[{\"@type\":\"ListItem\",\"position\":1,\"name\":\"Accueil\",\"item\":\"https:\\\/\\\/lda.be\\\/fr\\\/\"},{\"@type\":\"ListItem\",\"position\":2,\"name\":\"Produits\",\"item\":\"https:\\\/\\\/lda.be\\\/fr\\\/produits\\\/\"},{\"@type\":\"ListItem\",\"position\":3,\"name\":\"Catalogue de l&#8217;industrie m\u00e9dicale\"}]},{\"@type\":\"WebSite\",\"@id\":\"https:\\\/\\\/lda.be\\\/fr\\\/#website\",\"url\":\"https:\\\/\\\/lda.be\\\/fr\\\/\",\"name\":\"LDA Belgium\",\"description\":\"Solutions For Life\",\"publisher\":{\"@id\":\"https:\\\/\\\/lda.be\\\/fr\\\/#organization\"},\"potentialAction\":[{\"@type\":\"SearchAction\",\"target\":{\"@type\":\"EntryPoint\",\"urlTemplate\":\"https:\\\/\\\/lda.be\\\/fr\\\/?s={search_term_string}\"},\"query-input\":{\"@type\":\"PropertyValueSpecification\",\"valueRequired\":true,\"valueName\":\"search_term_string\"}}],\"inLanguage\":\"fr-FR\"},{\"@type\":\"Organization\",\"@id\":\"https:\\\/\\\/lda.be\\\/fr\\\/#organization\",\"name\":\"LDA Belgium\",\"url\":\"https:\\\/\\\/lda.be\\\/fr\\\/\",\"logo\":{\"@type\":\"ImageObject\",\"inLanguage\":\"fr-FR\",\"@id\":\"https:\\\/\\\/lda.be\\\/fr\\\/#\\\/schema\\\/logo\\\/image\\\/\",\"url\":\"https:\\\/\\\/lda.be\\\/wp-content\\\/uploads\\\/2022\\\/07\\\/Logo-LDA.webp\",\"contentUrl\":\"https:\\\/\\\/lda.be\\\/wp-content\\\/uploads\\\/2022\\\/07\\\/Logo-LDA.webp\",\"width\":311,\"height\":101,\"caption\":\"LDA Belgium\"},\"image\":{\"@id\":\"https:\\\/\\\/lda.be\\\/fr\\\/#\\\/schema\\\/logo\\\/image\\\/\"},\"sameAs\":[\"https:\\\/\\\/www.linkedin.com\\\/company\\\/lda-belgium-nv\"]}]}<\/script>\n<!-- \/ Yoast SEO plugin. -->","yoast_head_json":{"title":"Catalogue de l'industrie m\u00e9dicale - LDA Belgique","description":"Composants pour l'automatisation m\u00e9dicale, tels que des vannes, des actionneurs et des pr\u00e9henseurs destin\u00e9s \u00e0 l'industrie pharmaceutique, aux laboratoires et \u00e0 la construction m\u00e9canique.","robots":{"index":"index","follow":"follow","max-snippet":"max-snippet:-1","max-image-preview":"max-image-preview:large","max-video-preview":"max-video-preview:-1"},"canonical":"https:\/\/lda.be\/fr\/produit\/catalogue-de-lindustrie-medicale\/","og_locale":"fr_FR","og_type":"article","og_title":"Catalogue de l'industrie m\u00e9dicale - LDA Belgique","og_description":"Composants pour l'automatisation m\u00e9dicale, tels que des vannes, des actionneurs et des pr\u00e9henseurs destin\u00e9s \u00e0 l'industrie pharmaceutique, aux laboratoires et \u00e0 la construction m\u00e9canique.","og_url":"https:\/\/lda.be\/fr\/produit\/catalogue-de-lindustrie-medicale\/","og_site_name":"LDA Belgique","article_modified_time":"2026-03-26T11:12:24+00:00","og_image":[{"width":720,"height":720,"url":"https:\/\/lda.be\/wp-content\/uploads\/2026\/03\/industrie-medical-catalog-page.webp","type":"image\/webp"}],"twitter_card":"summary_large_image","twitter_misc":{"Dur\u00e9e de lecture estim\u00e9e":"1 minute"},"schema":{"@context":"https:\/\/schema.org","@graph":[{"@type":"WebPage","@id":"https:\/\/lda.be\/fr\/produit\/catalogue-de-lindustrie-medicale\/","url":"https:\/\/lda.be\/fr\/produit\/catalogue-de-lindustrie-medicale\/","name":"Catalogue de l'industrie m\u00e9dicale - LDA Belgique","isPartOf":{"@id":"https:\/\/lda.be\/fr\/#website"},"primaryImageOfPage":{"@id":"https:\/\/lda.be\/fr\/produit\/catalogue-de-lindustrie-medicale\/#primaryimage"},"image":{"@id":"https:\/\/lda.be\/fr\/produit\/catalogue-de-lindustrie-medicale\/#primaryimage"},"thumbnailUrl":"https:\/\/lda.be\/wp-content\/uploads\/2026\/03\/industrie-medical-catalog-page.webp","datePublished":"2026-03-26T10:46:01+00:00","dateModified":"2026-03-26T11:12:24+00:00","description":"Composants pour l'automatisation m\u00e9dicale, tels que des vannes, des actionneurs et des pr\u00e9henseurs destin\u00e9s \u00e0 l'industrie pharmaceutique, aux laboratoires et \u00e0 la construction m\u00e9canique.","breadcrumb":{"@id":"https:\/\/lda.be\/fr\/produit\/catalogue-de-lindustrie-medicale\/#breadcrumb"},"inLanguage":"fr-FR","potentialAction":[{"@type":"ReadAction","target":["https:\/\/lda.be\/fr\/produit\/catalogue-de-lindustrie-medicale\/"]}]},{"@type":"ImageObject","inLanguage":"fr-FR","@id":"https:\/\/lda.be\/fr\/produit\/catalogue-de-lindustrie-medicale\/#primaryimage","url":"https:\/\/lda.be\/wp-content\/uploads\/2026\/03\/industrie-medical-catalog-page.webp","contentUrl":"https:\/\/lda.be\/wp-content\/uploads\/2026\/03\/industrie-medical-catalog-page.webp","width":720,"height":720,"caption":"industrie medical catalog page"},{"@type":"BreadcrumbList","@id":"https:\/\/lda.be\/fr\/produit\/catalogue-de-lindustrie-medicale\/#breadcrumb","itemListElement":[{"@type":"ListItem","position":1,"name":"Accueil","item":"https:\/\/lda.be\/fr\/"},{"@type":"ListItem","position":2,"name":"Produits","item":"https:\/\/lda.be\/fr\/produits\/"},{"@type":"ListItem","position":3,"name":"Catalogue de l&#8217;industrie m\u00e9dicale"}]},{"@type":"WebSite","@id":"https:\/\/lda.be\/fr\/#website","url":"https:\/\/lda.be\/fr\/","name":"LDA Belgium","description":"Solutions For Life","publisher":{"@id":"https:\/\/lda.be\/fr\/#organization"},"potentialAction":[{"@type":"SearchAction","target":{"@type":"EntryPoint","urlTemplate":"https:\/\/lda.be\/fr\/?s={search_term_string}"},"query-input":{"@type":"PropertyValueSpecification","valueRequired":true,"valueName":"search_term_string"}}],"inLanguage":"fr-FR"},{"@type":"Organization","@id":"https:\/\/lda.be\/fr\/#organization","name":"LDA Belgium","url":"https:\/\/lda.be\/fr\/","logo":{"@type":"ImageObject","inLanguage":"fr-FR","@id":"https:\/\/lda.be\/fr\/#\/schema\/logo\/image\/","url":"https:\/\/lda.be\/wp-content\/uploads\/2022\/07\/Logo-LDA.webp","contentUrl":"https:\/\/lda.be\/wp-content\/uploads\/2022\/07\/Logo-LDA.webp","width":311,"height":101,"caption":"LDA Belgium"},"image":{"@id":"https:\/\/lda.be\/fr\/#\/schema\/logo\/image\/"},"sameAs":["https:\/\/www.linkedin.com\/company\/lda-belgium-nv"]}]}},"_links":{"self":[{"href":"https:\/\/lda.be\/fr\/wp-json\/wp\/v2\/product\/16119","targetHints":{"allow":["GET"]}}],"collection":[{"href":"https:\/\/lda.be\/fr\/wp-json\/wp\/v2\/product"}],"about":[{"href":"https:\/\/lda.be\/fr\/wp-json\/wp\/v2\/types\/product"}],"replies":[{"embeddable":true,"href":"https:\/\/lda.be\/fr\/wp-json\/wp\/v2\/comments?post=16119"}],"wp:featuredmedia":[{"embeddable":true,"href":"https:\/\/lda.be\/fr\/wp-json\/wp\/v2\/media\/16118"}],"wp:attachment":[{"href":"https:\/\/lda.be\/fr\/wp-json\/wp\/v2\/media?parent=16119"}],"wp:term":[{"taxonomy":"product_brand","embeddable":true,"href":"https:\/\/lda.be\/fr\/wp-json\/wp\/v2\/product_brand?post=16119"},{"taxonomy":"product_cat","embeddable":true,"href":"https:\/\/lda.be\/fr\/wp-json\/wp\/v2\/product_cat?post=16119"},{"taxonomy":"product_tag","embeddable":true,"href":"https:\/\/lda.be\/fr\/wp-json\/wp\/v2\/product_tag?post=16119"}],"curies":[{"name":"wp","href":"https:\/\/api.w.org\/{rel}","templated":true}]}}