{"id":16131,"date":"2026-03-26T14:28:59","date_gmt":"2026-03-26T13:28:59","guid":{"rendered":"https:\/\/lda.be\/?post_type=product&#038;p=16131"},"modified":"2026-03-26T14:55:36","modified_gmt":"2026-03-26T13:55:36","slug":"serie-3581-vanne-de-regulation-a-membrane-pour-fluides","status":"publish","type":"product","link":"https:\/\/lda.be\/fr\/produit\/serie-3581-vanne-de-regulation-a-membrane-pour-fluides\/","title":{"rendered":"S\u00e9rie 3581 vanne de r\u00e9gulation \u00e0 membrane pour fluides"},"content":{"rendered":"<p>La vanne de process \u00e0 membrane Spartan Scientific s\u00e9rie 3581 est une vanne \u00e0 2 voies et 2 positions, \u00e0 commande \u00e9lectromagn\u00e9tique ou pneumatique, con\u00e7ue pour r\u00e9guler les liquides, l&#8217;eau et les gaz inertes. Elle est dot\u00e9e d&#8217;un large orifice de 12,7 mm et est disponible avec des raccords NPT de 1\/4\u00ab , 3\/8 \u00bb et 1\/2&#8243;.<\/p>\n<p>Son corps en laiton garantit une grande durabilit\u00e9 et r\u00e9siste \u00e0 des diff\u00e9rences de pression \u00e9lev\u00e9es. Le pilote \u00e9lectromagn\u00e9tique \u00e0 faible consommation d&#8217;\u00e9nergie utilise une faible puissance et comporte des composants internes en acier inoxydable. Les options de joints standard comprennent l&#8217;EPDM, le FKM et le NBR.<\/p>\n<p>Les bobines sont enti\u00e8rement encapsul\u00e9es et disponibles dans toutes les tensions standard, avec des cosses, des fils volants ou un connecteur. Les applications courantes comprennent la r\u00e9gulation des fluides et gaz inertes, les syst\u00e8mes de purge de condensats, la plomberie d&#8217;eau chaude et les syst\u00e8mes d&#8217;arrosage.<\/p>\n","protected":false},"excerpt":{"rendered":"<p>La vanne de process \u00e0 membrane Spartan Scientific s\u00e9rie 3581 est une vanne \u00e0 2 voies et 2 positions, \u00e0 commande \u00e9lectromagn\u00e9tique ou pneumatique, con\u00e7ue pour r\u00e9guler les liquides, l&#8217;eau et les gaz inertes. Elle est dot\u00e9e d&#8217;un large orifice de 12,7 mm et est disponible avec des raccords NPT de 1\/4\u00ab , 3\/8 \u00bb [&hellip;]<\/p>\n","protected":false},"featured_media":16123,"comment_status":"closed","ping_status":"closed","template":"","meta":[],"product_brand":[1911],"product_cat":[1561],"product_tag":[],"class_list":{"0":"post-16131","1":"product","2":"type-product","3":"status-publish","4":"has-post-thumbnail","6":"product_brand-spartan","7":"product_cat-vannes-a-liquide","9":"first","10":"instock","11":"shipping-taxable","12":"product-type-simple"},"yoast_head":"<!-- This site is optimized with the Yoast SEO plugin v27.5 - https:\/\/yoast.com\/product\/yoast-seo-wordpress\/ -->\n<title>S\u00e9rie 3581 vanne de r\u00e9gulation \u00e0 membrane pour fluides - LDA Belgique<\/title>\n<meta name=\"description\" content=\"Spartan 3581 : vanne \u00e0 diaphragme 2 voies pour liquides et gaz. 1\/4&quot;\u20131\/2&quot; NPT, 0,5\u201312,4 bar, temps de r\u00e9ponse 20\u201380 ms, IP65.\" \/>\n<meta name=\"robots\" content=\"index, follow, max-snippet:-1, max-image-preview:large, max-video-preview:-1\" \/>\n<link rel=\"canonical\" href=\"https:\/\/lda.be\/fr\/produit\/serie-3581-vanne-de-regulation-a-membrane-pour-fluides\/\" \/>\n<meta property=\"og:locale\" content=\"fr_FR\" \/>\n<meta property=\"og:type\" content=\"article\" \/>\n<meta property=\"og:title\" content=\"S\u00e9rie 3581 vanne de r\u00e9gulation \u00e0 membrane pour fluides - LDA Belgique\" \/>\n<meta property=\"og:description\" content=\"Spartan 3581 : vanne \u00e0 diaphragme 2 voies pour liquides et gaz. 1\/4&quot;\u20131\/2&quot; NPT, 0,5\u201312,4 bar, temps de r\u00e9ponse 20\u201380 ms, IP65.\" \/>\n<meta property=\"og:url\" content=\"https:\/\/lda.be\/fr\/produit\/serie-3581-vanne-de-regulation-a-membrane-pour-fluides\/\" \/>\n<meta property=\"og:site_name\" content=\"LDA Belgique\" \/>\n<meta property=\"article:modified_time\" content=\"2026-03-26T13:55:36+00:00\" \/>\n<meta property=\"og:image\" content=\"https:\/\/lda.be\/wp-content\/uploads\/2026\/03\/Series-3581-diafragmaprocesventiel.webp\" \/>\n\t<meta property=\"og:image:width\" content=\"1080\" \/>\n\t<meta property=\"og:image:height\" content=\"1080\" \/>\n\t<meta property=\"og:image:type\" content=\"image\/webp\" \/>\n<meta name=\"twitter:card\" content=\"summary_large_image\" \/>\n<meta name=\"twitter:label1\" content=\"Dur\u00e9e de lecture estim\u00e9e\" \/>\n\t<meta name=\"twitter:data1\" content=\"1 minute\" \/>\n<script type=\"application\/ld+json\" class=\"yoast-schema-graph\">{\"@context\":\"https:\\\/\\\/schema.org\",\"@graph\":[{\"@type\":\"WebPage\",\"@id\":\"https:\\\/\\\/lda.be\\\/fr\\\/produit\\\/serie-3581-vanne-de-regulation-a-membrane-pour-fluides\\\/\",\"url\":\"https:\\\/\\\/lda.be\\\/fr\\\/produit\\\/serie-3581-vanne-de-regulation-a-membrane-pour-fluides\\\/\",\"name\":\"S\u00e9rie 3581 vanne de r\u00e9gulation \u00e0 membrane pour fluides - LDA Belgique\",\"isPartOf\":{\"@id\":\"https:\\\/\\\/lda.be\\\/fr\\\/#website\"},\"primaryImageOfPage\":{\"@id\":\"https:\\\/\\\/lda.be\\\/fr\\\/produit\\\/serie-3581-vanne-de-regulation-a-membrane-pour-fluides\\\/#primaryimage\"},\"image\":{\"@id\":\"https:\\\/\\\/lda.be\\\/fr\\\/produit\\\/serie-3581-vanne-de-regulation-a-membrane-pour-fluides\\\/#primaryimage\"},\"thumbnailUrl\":\"https:\\\/\\\/lda.be\\\/wp-content\\\/uploads\\\/2026\\\/03\\\/Series-3581-diafragmaprocesventiel.webp\",\"datePublished\":\"2026-03-26T13:28:59+00:00\",\"dateModified\":\"2026-03-26T13:55:36+00:00\",\"description\":\"Spartan 3581 : vanne \u00e0 diaphragme 2 voies pour liquides et gaz. 1\\\/4\\\"\u20131\\\/2\\\" NPT, 0,5\u201312,4 bar, temps de r\u00e9ponse 20\u201380 ms, IP65.\",\"breadcrumb\":{\"@id\":\"https:\\\/\\\/lda.be\\\/fr\\\/produit\\\/serie-3581-vanne-de-regulation-a-membrane-pour-fluides\\\/#breadcrumb\"},\"inLanguage\":\"fr-FR\",\"potentialAction\":[{\"@type\":\"ReadAction\",\"target\":[\"https:\\\/\\\/lda.be\\\/fr\\\/produit\\\/serie-3581-vanne-de-regulation-a-membrane-pour-fluides\\\/\"]}]},{\"@type\":\"ImageObject\",\"inLanguage\":\"fr-FR\",\"@id\":\"https:\\\/\\\/lda.be\\\/fr\\\/produit\\\/serie-3581-vanne-de-regulation-a-membrane-pour-fluides\\\/#primaryimage\",\"url\":\"https:\\\/\\\/lda.be\\\/wp-content\\\/uploads\\\/2026\\\/03\\\/Series-3581-diafragmaprocesventiel.webp\",\"contentUrl\":\"https:\\\/\\\/lda.be\\\/wp-content\\\/uploads\\\/2026\\\/03\\\/Series-3581-diafragmaprocesventiel.webp\",\"width\":1080,\"height\":1080},{\"@type\":\"BreadcrumbList\",\"@id\":\"https:\\\/\\\/lda.be\\\/fr\\\/produit\\\/serie-3581-vanne-de-regulation-a-membrane-pour-fluides\\\/#breadcrumb\",\"itemListElement\":[{\"@type\":\"ListItem\",\"position\":1,\"name\":\"Accueil\",\"item\":\"https:\\\/\\\/lda.be\\\/fr\\\/\"},{\"@type\":\"ListItem\",\"position\":2,\"name\":\"Produits\",\"item\":\"https:\\\/\\\/lda.be\\\/fr\\\/produits\\\/\"},{\"@type\":\"ListItem\",\"position\":3,\"name\":\"S\u00e9rie 3581 vanne de r\u00e9gulation \u00e0 membrane pour fluides\"}]},{\"@type\":\"WebSite\",\"@id\":\"https:\\\/\\\/lda.be\\\/fr\\\/#website\",\"url\":\"https:\\\/\\\/lda.be\\\/fr\\\/\",\"name\":\"LDA Belgium\",\"description\":\"Solutions For Life\",\"publisher\":{\"@id\":\"https:\\\/\\\/lda.be\\\/fr\\\/#organization\"},\"potentialAction\":[{\"@type\":\"SearchAction\",\"target\":{\"@type\":\"EntryPoint\",\"urlTemplate\":\"https:\\\/\\\/lda.be\\\/fr\\\/?s={search_term_string}\"},\"query-input\":{\"@type\":\"PropertyValueSpecification\",\"valueRequired\":true,\"valueName\":\"search_term_string\"}}],\"inLanguage\":\"fr-FR\"},{\"@type\":\"Organization\",\"@id\":\"https:\\\/\\\/lda.be\\\/fr\\\/#organization\",\"name\":\"LDA Belgium\",\"url\":\"https:\\\/\\\/lda.be\\\/fr\\\/\",\"logo\":{\"@type\":\"ImageObject\",\"inLanguage\":\"fr-FR\",\"@id\":\"https:\\\/\\\/lda.be\\\/fr\\\/#\\\/schema\\\/logo\\\/image\\\/\",\"url\":\"https:\\\/\\\/lda.be\\\/wp-content\\\/uploads\\\/2022\\\/07\\\/Logo-LDA.webp\",\"contentUrl\":\"https:\\\/\\\/lda.be\\\/wp-content\\\/uploads\\\/2022\\\/07\\\/Logo-LDA.webp\",\"width\":311,\"height\":101,\"caption\":\"LDA Belgium\"},\"image\":{\"@id\":\"https:\\\/\\\/lda.be\\\/fr\\\/#\\\/schema\\\/logo\\\/image\\\/\"},\"sameAs\":[\"https:\\\/\\\/www.linkedin.com\\\/company\\\/lda-belgium-nv\"]}]}<\/script>\n<!-- \/ Yoast SEO plugin. -->","yoast_head_json":{"title":"S\u00e9rie 3581 vanne de r\u00e9gulation \u00e0 membrane pour fluides - LDA Belgique","description":"Spartan 3581 : vanne \u00e0 diaphragme 2 voies pour liquides et gaz. 1\/4\"\u20131\/2\" NPT, 0,5\u201312,4 bar, temps de r\u00e9ponse 20\u201380 ms, IP65.","robots":{"index":"index","follow":"follow","max-snippet":"max-snippet:-1","max-image-preview":"max-image-preview:large","max-video-preview":"max-video-preview:-1"},"canonical":"https:\/\/lda.be\/fr\/produit\/serie-3581-vanne-de-regulation-a-membrane-pour-fluides\/","og_locale":"fr_FR","og_type":"article","og_title":"S\u00e9rie 3581 vanne de r\u00e9gulation \u00e0 membrane pour fluides - LDA Belgique","og_description":"Spartan 3581 : vanne \u00e0 diaphragme 2 voies pour liquides et gaz. 1\/4\"\u20131\/2\" NPT, 0,5\u201312,4 bar, temps de r\u00e9ponse 20\u201380 ms, IP65.","og_url":"https:\/\/lda.be\/fr\/produit\/serie-3581-vanne-de-regulation-a-membrane-pour-fluides\/","og_site_name":"LDA Belgique","article_modified_time":"2026-03-26T13:55:36+00:00","og_image":[{"width":1080,"height":1080,"url":"https:\/\/lda.be\/wp-content\/uploads\/2026\/03\/Series-3581-diafragmaprocesventiel.webp","type":"image\/webp"}],"twitter_card":"summary_large_image","twitter_misc":{"Dur\u00e9e de lecture estim\u00e9e":"1 minute"},"schema":{"@context":"https:\/\/schema.org","@graph":[{"@type":"WebPage","@id":"https:\/\/lda.be\/fr\/produit\/serie-3581-vanne-de-regulation-a-membrane-pour-fluides\/","url":"https:\/\/lda.be\/fr\/produit\/serie-3581-vanne-de-regulation-a-membrane-pour-fluides\/","name":"S\u00e9rie 3581 vanne de r\u00e9gulation \u00e0 membrane pour fluides - LDA Belgique","isPartOf":{"@id":"https:\/\/lda.be\/fr\/#website"},"primaryImageOfPage":{"@id":"https:\/\/lda.be\/fr\/produit\/serie-3581-vanne-de-regulation-a-membrane-pour-fluides\/#primaryimage"},"image":{"@id":"https:\/\/lda.be\/fr\/produit\/serie-3581-vanne-de-regulation-a-membrane-pour-fluides\/#primaryimage"},"thumbnailUrl":"https:\/\/lda.be\/wp-content\/uploads\/2026\/03\/Series-3581-diafragmaprocesventiel.webp","datePublished":"2026-03-26T13:28:59+00:00","dateModified":"2026-03-26T13:55:36+00:00","description":"Spartan 3581 : vanne \u00e0 diaphragme 2 voies pour liquides et gaz. 1\/4\"\u20131\/2\" NPT, 0,5\u201312,4 bar, temps de r\u00e9ponse 20\u201380 ms, IP65.","breadcrumb":{"@id":"https:\/\/lda.be\/fr\/produit\/serie-3581-vanne-de-regulation-a-membrane-pour-fluides\/#breadcrumb"},"inLanguage":"fr-FR","potentialAction":[{"@type":"ReadAction","target":["https:\/\/lda.be\/fr\/produit\/serie-3581-vanne-de-regulation-a-membrane-pour-fluides\/"]}]},{"@type":"ImageObject","inLanguage":"fr-FR","@id":"https:\/\/lda.be\/fr\/produit\/serie-3581-vanne-de-regulation-a-membrane-pour-fluides\/#primaryimage","url":"https:\/\/lda.be\/wp-content\/uploads\/2026\/03\/Series-3581-diafragmaprocesventiel.webp","contentUrl":"https:\/\/lda.be\/wp-content\/uploads\/2026\/03\/Series-3581-diafragmaprocesventiel.webp","width":1080,"height":1080},{"@type":"BreadcrumbList","@id":"https:\/\/lda.be\/fr\/produit\/serie-3581-vanne-de-regulation-a-membrane-pour-fluides\/#breadcrumb","itemListElement":[{"@type":"ListItem","position":1,"name":"Accueil","item":"https:\/\/lda.be\/fr\/"},{"@type":"ListItem","position":2,"name":"Produits","item":"https:\/\/lda.be\/fr\/produits\/"},{"@type":"ListItem","position":3,"name":"S\u00e9rie 3581 vanne de r\u00e9gulation \u00e0 membrane pour fluides"}]},{"@type":"WebSite","@id":"https:\/\/lda.be\/fr\/#website","url":"https:\/\/lda.be\/fr\/","name":"LDA Belgium","description":"Solutions For Life","publisher":{"@id":"https:\/\/lda.be\/fr\/#organization"},"potentialAction":[{"@type":"SearchAction","target":{"@type":"EntryPoint","urlTemplate":"https:\/\/lda.be\/fr\/?s={search_term_string}"},"query-input":{"@type":"PropertyValueSpecification","valueRequired":true,"valueName":"search_term_string"}}],"inLanguage":"fr-FR"},{"@type":"Organization","@id":"https:\/\/lda.be\/fr\/#organization","name":"LDA Belgium","url":"https:\/\/lda.be\/fr\/","logo":{"@type":"ImageObject","inLanguage":"fr-FR","@id":"https:\/\/lda.be\/fr\/#\/schema\/logo\/image\/","url":"https:\/\/lda.be\/wp-content\/uploads\/2022\/07\/Logo-LDA.webp","contentUrl":"https:\/\/lda.be\/wp-content\/uploads\/2022\/07\/Logo-LDA.webp","width":311,"height":101,"caption":"LDA Belgium"},"image":{"@id":"https:\/\/lda.be\/fr\/#\/schema\/logo\/image\/"},"sameAs":["https:\/\/www.linkedin.com\/company\/lda-belgium-nv"]}]}},"_links":{"self":[{"href":"https:\/\/lda.be\/fr\/wp-json\/wp\/v2\/product\/16131","targetHints":{"allow":["GET"]}}],"collection":[{"href":"https:\/\/lda.be\/fr\/wp-json\/wp\/v2\/product"}],"about":[{"href":"https:\/\/lda.be\/fr\/wp-json\/wp\/v2\/types\/product"}],"replies":[{"embeddable":true,"href":"https:\/\/lda.be\/fr\/wp-json\/wp\/v2\/comments?post=16131"}],"wp:featuredmedia":[{"embeddable":true,"href":"https:\/\/lda.be\/fr\/wp-json\/wp\/v2\/media\/16123"}],"wp:attachment":[{"href":"https:\/\/lda.be\/fr\/wp-json\/wp\/v2\/media?parent=16131"}],"wp:term":[{"taxonomy":"product_brand","embeddable":true,"href":"https:\/\/lda.be\/fr\/wp-json\/wp\/v2\/product_brand?post=16131"},{"taxonomy":"product_cat","embeddable":true,"href":"https:\/\/lda.be\/fr\/wp-json\/wp\/v2\/product_cat?post=16131"},{"taxonomy":"product_tag","embeddable":true,"href":"https:\/\/lda.be\/fr\/wp-json\/wp\/v2\/product_tag?post=16131"}],"curies":[{"name":"wp","href":"https:\/\/api.w.org\/{rel}","templated":true}]}}