{"id":16145,"date":"2026-03-31T13:54:59","date_gmt":"2026-03-31T12:54:59","guid":{"rendered":"https:\/\/lda.be\/?post_type=product&#038;p=16145"},"modified":"2026-03-31T14:07:27","modified_gmt":"2026-03-31T13:07:27","slug":"serie-apvs04-vanne-a-2-voies-a-fluides-separes","status":"publish","type":"product","link":"https:\/\/lda.be\/fr\/produit\/serie-apvs04-vanne-a-2-voies-a-fluides-separes\/","title":{"rendered":"S\u00e9rie APVS04 : vanne \u00e0 2 voies \u00e0 fluides s\u00e9par\u00e9s"},"content":{"rendered":"<p>La vanne \u00e0 2 voies \u00e0 pilotage pneumatique et \u00e0 s\u00e9paration des fluides de la s\u00e9rie APVS04 de Spartan Scientific est disponible en version \u00e0 simple effet, normalement ferm\u00e9e, ou en version \u00e0 double effet avec membrane, con\u00e7ue pour g\u00e9rer des produits chimiques liquides de haute puret\u00e9, agressifs et corrosifs. Sa conception compacte, peu encombrante et \u00e0 faible volume mort permet de r\u00e9duire l&#8217;encombrement tout en am\u00e9liorant l&#8217;efficacit\u00e9 globale du processus.<\/p>\n<p>Un corps de vanne en composite associ\u00e9 \u00e0 des \u00e9lastom\u00e8res FKM, NBR ou EPDM offre une large compatibilit\u00e9 chimique avec de nombreux types de fluides. Avec un orifice de 6 mm et un coefficient de d\u00e9bit de 0,72 Cv, elle offre un d\u00e9bit sup\u00e9rieur \u00e0 celui de nombreuses vannes similaires de sa cat\u00e9gorie.<\/p>\n<p>Cette vanne supporte des pressions de fluide comprises entre 0 et 14 bars et n\u00e9cessite une pression de pilotage d&#8217;au moins 4,1 bars pour fonctionner. En cas de perte de gaz pilote, elle se ferme. Si l&#8217;alimentation \u00e9lectrique est coup\u00e9e alors que le gaz pilote est toujours disponible, elle reste ouverte.<\/p>\n<p>Chaque vanne est certifi\u00e9e conforme aux normes ANSI FCI 70-2 Classe VI. La commande peut \u00eatre assur\u00e9e par un pilote \u00e9lectromagn\u00e9tique \u00e0 3 voies Spartan Scientific, avec commande manuelle et connecteur lumineux disponibles. Un piston magn\u00e9tique en option permet la d\u00e9tection de fin de course.<\/p>\n","protected":false},"excerpt":{"rendered":"<p>La vanne \u00e0 2 voies \u00e0 pilotage pneumatique et \u00e0 s\u00e9paration des fluides de la s\u00e9rie APVS04 de Spartan Scientific est disponible en version \u00e0 simple effet, normalement ferm\u00e9e, ou en version \u00e0 double effet avec membrane, con\u00e7ue pour g\u00e9rer des produits chimiques liquides de haute puret\u00e9, agressifs et corrosifs. Sa conception compacte, peu encombrante [&hellip;]<\/p>\n","protected":false},"featured_media":16138,"comment_status":"closed","ping_status":"closed","template":"","meta":[],"product_brand":[1911],"product_cat":[1561],"product_tag":[],"class_list":{"0":"post-16145","1":"product","2":"type-product","3":"status-publish","4":"has-post-thumbnail","6":"product_brand-spartan","7":"product_cat-vannes-a-liquide","9":"first","10":"instock","11":"shipping-taxable","12":"product-type-simple"},"yoast_head":"<!-- This site is optimized with the Yoast SEO plugin v27.3 - https:\/\/yoast.com\/product\/yoast-seo-wordpress\/ -->\n<title>S\u00e9rie APVS04 : vanne \u00e0 2 voies \u00e0 fluides s\u00e9par\u00e9s - LDA Belgique<\/title>\n<meta name=\"description\" content=\"Spartan APVS04 : vanne \u00e0 pilotage pneumatique 2 voies pour liquides agressifs. Orifice 6 mm, 0\u201314 bar, pression pilote 4,1 bar, IP65.\" \/>\n<meta name=\"robots\" content=\"index, follow, max-snippet:-1, max-image-preview:large, max-video-preview:-1\" \/>\n<link rel=\"canonical\" href=\"https:\/\/lda.be\/fr\/produit\/serie-apvs04-vanne-a-2-voies-a-fluides-separes\/\" \/>\n<meta property=\"og:locale\" content=\"fr_FR\" \/>\n<meta property=\"og:type\" content=\"article\" \/>\n<meta property=\"og:title\" content=\"S\u00e9rie APVS04 : vanne \u00e0 2 voies \u00e0 fluides s\u00e9par\u00e9s - LDA Belgique\" \/>\n<meta property=\"og:description\" content=\"Spartan APVS04 : vanne \u00e0 pilotage pneumatique 2 voies pour liquides agressifs. Orifice 6 mm, 0\u201314 bar, pression pilote 4,1 bar, IP65.\" \/>\n<meta property=\"og:url\" content=\"https:\/\/lda.be\/fr\/produit\/serie-apvs04-vanne-a-2-voies-a-fluides-separes\/\" \/>\n<meta property=\"og:site_name\" content=\"LDA Belgique\" \/>\n<meta property=\"article:modified_time\" content=\"2026-03-31T13:07:27+00:00\" \/>\n<meta property=\"og:image\" content=\"https:\/\/lda.be\/wp-content\/uploads\/2026\/03\/Series-APVS04-luchtbediend-2-weg-mediagescheiden-ventiel.webp\" \/>\n\t<meta property=\"og:image:width\" content=\"1080\" \/>\n\t<meta property=\"og:image:height\" content=\"1080\" \/>\n\t<meta property=\"og:image:type\" content=\"image\/webp\" \/>\n<meta name=\"twitter:card\" content=\"summary_large_image\" \/>\n<meta name=\"twitter:label1\" content=\"Dur\u00e9e de lecture estim\u00e9e\" \/>\n\t<meta name=\"twitter:data1\" content=\"2 minutes\" \/>\n<script type=\"application\/ld+json\" class=\"yoast-schema-graph\">{\"@context\":\"https:\\\/\\\/schema.org\",\"@graph\":[{\"@type\":\"WebPage\",\"@id\":\"https:\\\/\\\/lda.be\\\/fr\\\/produit\\\/serie-apvs04-vanne-a-2-voies-a-fluides-separes\\\/\",\"url\":\"https:\\\/\\\/lda.be\\\/fr\\\/produit\\\/serie-apvs04-vanne-a-2-voies-a-fluides-separes\\\/\",\"name\":\"S\u00e9rie APVS04 : vanne \u00e0 2 voies \u00e0 fluides s\u00e9par\u00e9s - LDA Belgique\",\"isPartOf\":{\"@id\":\"https:\\\/\\\/lda.be\\\/fr\\\/#website\"},\"primaryImageOfPage\":{\"@id\":\"https:\\\/\\\/lda.be\\\/fr\\\/produit\\\/serie-apvs04-vanne-a-2-voies-a-fluides-separes\\\/#primaryimage\"},\"image\":{\"@id\":\"https:\\\/\\\/lda.be\\\/fr\\\/produit\\\/serie-apvs04-vanne-a-2-voies-a-fluides-separes\\\/#primaryimage\"},\"thumbnailUrl\":\"https:\\\/\\\/lda.be\\\/wp-content\\\/uploads\\\/2026\\\/03\\\/Series-APVS04-luchtbediend-2-weg-mediagescheiden-ventiel.webp\",\"datePublished\":\"2026-03-31T12:54:59+00:00\",\"dateModified\":\"2026-03-31T13:07:27+00:00\",\"description\":\"Spartan APVS04 : vanne \u00e0 pilotage pneumatique 2 voies pour liquides agressifs. Orifice 6 mm, 0\u201314 bar, pression pilote 4,1 bar, IP65.\",\"breadcrumb\":{\"@id\":\"https:\\\/\\\/lda.be\\\/fr\\\/produit\\\/serie-apvs04-vanne-a-2-voies-a-fluides-separes\\\/#breadcrumb\"},\"inLanguage\":\"fr-FR\",\"potentialAction\":[{\"@type\":\"ReadAction\",\"target\":[\"https:\\\/\\\/lda.be\\\/fr\\\/produit\\\/serie-apvs04-vanne-a-2-voies-a-fluides-separes\\\/\"]}]},{\"@type\":\"ImageObject\",\"inLanguage\":\"fr-FR\",\"@id\":\"https:\\\/\\\/lda.be\\\/fr\\\/produit\\\/serie-apvs04-vanne-a-2-voies-a-fluides-separes\\\/#primaryimage\",\"url\":\"https:\\\/\\\/lda.be\\\/wp-content\\\/uploads\\\/2026\\\/03\\\/Series-APVS04-luchtbediend-2-weg-mediagescheiden-ventiel.webp\",\"contentUrl\":\"https:\\\/\\\/lda.be\\\/wp-content\\\/uploads\\\/2026\\\/03\\\/Series-APVS04-luchtbediend-2-weg-mediagescheiden-ventiel.webp\",\"width\":1080,\"height\":1080,\"caption\":\"\u2022 Functie: 2-weg, 2-positie, normaal gesloten, dubbelwerkend luchtbediend. \u2022 Poortmaten: 1\\\/4\\\" NPT, 3\\\/8\\\" NPT. \u2022 Openingmaat\\\/doorstromingsfactor: 6 mm \\\/ 0,72 Cv. \u2022 Drukbereik: 0\u201314 bar (media), 4,1\u201310,3 bar (pilootdruk). \u2022 Temperatuurbereik: o Vloeistof: tot +60\u00b0C o Omgeving: +10\u00b0C tot +50\u00b0C \u2022 Media: Alle vloeistoffen en gassen compatibel met natte materialen. \u2022 Montage: Op buis, 2\u00d7 \u00d84,32 mm blinde gaten voor #8 schroeven. \u2022 Natwordende materialen: o Behuizing: Glasgevuld nylon of PEI. o Elastomeren: FKM, NBR, EPDM (andere op aanvraag). o Afdichtkoppeling: Roestvrij staal (300-reeks). \u2022 Pilootventielgegevens: o Functie: 3-weg, 2-positie, direct werkend, normaal gesloten. o Poortmaat: 1\\\/8\\\" NPT. o Spoelspecificaties: \uf0a7 Belastingscyclus: Continu. \uf0a7 Inkapseling: Glasgevuld nylon. \uf0a7 Isolatie: Klasse F. \uf0a7 Vermogen: 6,5 Watt (VDC), 8,5 VA (VAC). \uf0a7 Spanning: 12, 24 VDC; 120, 220, 240 VAC (50\\\/60 Hz). \uf0a7 Spanningstolerantie: \u00b110%. \uf0a7 Wikkeling: Klasse H. \u2022 Aansluitingen: o Vorkaansluitingen: AMP 6,3 \u00d7 0,8 mm, breedte 11 mm (DIN-stijl \\\"A\\\" EN175301-803). o Vliegende leidingen: PVC, 22 AWG, meeraderige koperdraad, 300V, minimale lengte 30 cm. \u2022 Gewicht: 203 gram (pilootventiel toevoegt 113 gram).\"},{\"@type\":\"BreadcrumbList\",\"@id\":\"https:\\\/\\\/lda.be\\\/fr\\\/produit\\\/serie-apvs04-vanne-a-2-voies-a-fluides-separes\\\/#breadcrumb\",\"itemListElement\":[{\"@type\":\"ListItem\",\"position\":1,\"name\":\"Accueil\",\"item\":\"https:\\\/\\\/lda.be\\\/fr\\\/\"},{\"@type\":\"ListItem\",\"position\":2,\"name\":\"Produits\",\"item\":\"https:\\\/\\\/lda.be\\\/fr\\\/produits\\\/\"},{\"@type\":\"ListItem\",\"position\":3,\"name\":\"S\u00e9rie APVS04 : vanne \u00e0 2 voies \u00e0 fluides s\u00e9par\u00e9s\"}]},{\"@type\":\"WebSite\",\"@id\":\"https:\\\/\\\/lda.be\\\/fr\\\/#website\",\"url\":\"https:\\\/\\\/lda.be\\\/fr\\\/\",\"name\":\"LDA Belgium\",\"description\":\"Solutions For Life\",\"publisher\":{\"@id\":\"https:\\\/\\\/lda.be\\\/fr\\\/#organization\"},\"potentialAction\":[{\"@type\":\"SearchAction\",\"target\":{\"@type\":\"EntryPoint\",\"urlTemplate\":\"https:\\\/\\\/lda.be\\\/fr\\\/?s={search_term_string}\"},\"query-input\":{\"@type\":\"PropertyValueSpecification\",\"valueRequired\":true,\"valueName\":\"search_term_string\"}}],\"inLanguage\":\"fr-FR\"},{\"@type\":\"Organization\",\"@id\":\"https:\\\/\\\/lda.be\\\/fr\\\/#organization\",\"name\":\"LDA Belgium\",\"url\":\"https:\\\/\\\/lda.be\\\/fr\\\/\",\"logo\":{\"@type\":\"ImageObject\",\"inLanguage\":\"fr-FR\",\"@id\":\"https:\\\/\\\/lda.be\\\/fr\\\/#\\\/schema\\\/logo\\\/image\\\/\",\"url\":\"https:\\\/\\\/lda.be\\\/wp-content\\\/uploads\\\/2022\\\/07\\\/Logo-LDA.webp\",\"contentUrl\":\"https:\\\/\\\/lda.be\\\/wp-content\\\/uploads\\\/2022\\\/07\\\/Logo-LDA.webp\",\"width\":311,\"height\":101,\"caption\":\"LDA Belgium\"},\"image\":{\"@id\":\"https:\\\/\\\/lda.be\\\/fr\\\/#\\\/schema\\\/logo\\\/image\\\/\"},\"sameAs\":[\"https:\\\/\\\/www.linkedin.com\\\/company\\\/lda-belgium-nv\"]}]}<\/script>\n<!-- \/ Yoast SEO plugin. -->","yoast_head_json":{"title":"S\u00e9rie APVS04 : vanne \u00e0 2 voies \u00e0 fluides s\u00e9par\u00e9s - LDA Belgique","description":"Spartan APVS04 : vanne \u00e0 pilotage pneumatique 2 voies pour liquides agressifs. Orifice 6 mm, 0\u201314 bar, pression pilote 4,1 bar, IP65.","robots":{"index":"index","follow":"follow","max-snippet":"max-snippet:-1","max-image-preview":"max-image-preview:large","max-video-preview":"max-video-preview:-1"},"canonical":"https:\/\/lda.be\/fr\/produit\/serie-apvs04-vanne-a-2-voies-a-fluides-separes\/","og_locale":"fr_FR","og_type":"article","og_title":"S\u00e9rie APVS04 : vanne \u00e0 2 voies \u00e0 fluides s\u00e9par\u00e9s - LDA Belgique","og_description":"Spartan APVS04 : vanne \u00e0 pilotage pneumatique 2 voies pour liquides agressifs. Orifice 6 mm, 0\u201314 bar, pression pilote 4,1 bar, IP65.","og_url":"https:\/\/lda.be\/fr\/produit\/serie-apvs04-vanne-a-2-voies-a-fluides-separes\/","og_site_name":"LDA Belgique","article_modified_time":"2026-03-31T13:07:27+00:00","og_image":[{"width":1080,"height":1080,"url":"https:\/\/lda.be\/wp-content\/uploads\/2026\/03\/Series-APVS04-luchtbediend-2-weg-mediagescheiden-ventiel.webp","type":"image\/webp"}],"twitter_card":"summary_large_image","twitter_misc":{"Dur\u00e9e de lecture estim\u00e9e":"2 minutes"},"schema":{"@context":"https:\/\/schema.org","@graph":[{"@type":"WebPage","@id":"https:\/\/lda.be\/fr\/produit\/serie-apvs04-vanne-a-2-voies-a-fluides-separes\/","url":"https:\/\/lda.be\/fr\/produit\/serie-apvs04-vanne-a-2-voies-a-fluides-separes\/","name":"S\u00e9rie APVS04 : vanne \u00e0 2 voies \u00e0 fluides s\u00e9par\u00e9s - LDA Belgique","isPartOf":{"@id":"https:\/\/lda.be\/fr\/#website"},"primaryImageOfPage":{"@id":"https:\/\/lda.be\/fr\/produit\/serie-apvs04-vanne-a-2-voies-a-fluides-separes\/#primaryimage"},"image":{"@id":"https:\/\/lda.be\/fr\/produit\/serie-apvs04-vanne-a-2-voies-a-fluides-separes\/#primaryimage"},"thumbnailUrl":"https:\/\/lda.be\/wp-content\/uploads\/2026\/03\/Series-APVS04-luchtbediend-2-weg-mediagescheiden-ventiel.webp","datePublished":"2026-03-31T12:54:59+00:00","dateModified":"2026-03-31T13:07:27+00:00","description":"Spartan APVS04 : vanne \u00e0 pilotage pneumatique 2 voies pour liquides agressifs. Orifice 6 mm, 0\u201314 bar, pression pilote 4,1 bar, IP65.","breadcrumb":{"@id":"https:\/\/lda.be\/fr\/produit\/serie-apvs04-vanne-a-2-voies-a-fluides-separes\/#breadcrumb"},"inLanguage":"fr-FR","potentialAction":[{"@type":"ReadAction","target":["https:\/\/lda.be\/fr\/produit\/serie-apvs04-vanne-a-2-voies-a-fluides-separes\/"]}]},{"@type":"ImageObject","inLanguage":"fr-FR","@id":"https:\/\/lda.be\/fr\/produit\/serie-apvs04-vanne-a-2-voies-a-fluides-separes\/#primaryimage","url":"https:\/\/lda.be\/wp-content\/uploads\/2026\/03\/Series-APVS04-luchtbediend-2-weg-mediagescheiden-ventiel.webp","contentUrl":"https:\/\/lda.be\/wp-content\/uploads\/2026\/03\/Series-APVS04-luchtbediend-2-weg-mediagescheiden-ventiel.webp","width":1080,"height":1080,"caption":"\u2022 Functie: 2-weg, 2-positie, normaal gesloten, dubbelwerkend luchtbediend. \u2022 Poortmaten: 1\/4\" NPT, 3\/8\" NPT. \u2022 Openingmaat\/doorstromingsfactor: 6 mm \/ 0,72 Cv. \u2022 Drukbereik: 0\u201314 bar (media), 4,1\u201310,3 bar (pilootdruk). \u2022 Temperatuurbereik: o Vloeistof: tot +60\u00b0C o Omgeving: +10\u00b0C tot +50\u00b0C \u2022 Media: Alle vloeistoffen en gassen compatibel met natte materialen. \u2022 Montage: Op buis, 2\u00d7 \u00d84,32 mm blinde gaten voor #8 schroeven. \u2022 Natwordende materialen: o Behuizing: Glasgevuld nylon of PEI. o Elastomeren: FKM, NBR, EPDM (andere op aanvraag). o Afdichtkoppeling: Roestvrij staal (300-reeks). \u2022 Pilootventielgegevens: o Functie: 3-weg, 2-positie, direct werkend, normaal gesloten. o Poortmaat: 1\/8\" NPT. o Spoelspecificaties: \uf0a7 Belastingscyclus: Continu. \uf0a7 Inkapseling: Glasgevuld nylon. \uf0a7 Isolatie: Klasse F. \uf0a7 Vermogen: 6,5 Watt (VDC), 8,5 VA (VAC). \uf0a7 Spanning: 12, 24 VDC; 120, 220, 240 VAC (50\/60 Hz). \uf0a7 Spanningstolerantie: \u00b110%. \uf0a7 Wikkeling: Klasse H. \u2022 Aansluitingen: o Vorkaansluitingen: AMP 6,3 \u00d7 0,8 mm, breedte 11 mm (DIN-stijl \"A\" EN175301-803). o Vliegende leidingen: PVC, 22 AWG, meeraderige koperdraad, 300V, minimale lengte 30 cm. \u2022 Gewicht: 203 gram (pilootventiel toevoegt 113 gram)."},{"@type":"BreadcrumbList","@id":"https:\/\/lda.be\/fr\/produit\/serie-apvs04-vanne-a-2-voies-a-fluides-separes\/#breadcrumb","itemListElement":[{"@type":"ListItem","position":1,"name":"Accueil","item":"https:\/\/lda.be\/fr\/"},{"@type":"ListItem","position":2,"name":"Produits","item":"https:\/\/lda.be\/fr\/produits\/"},{"@type":"ListItem","position":3,"name":"S\u00e9rie APVS04 : vanne \u00e0 2 voies \u00e0 fluides s\u00e9par\u00e9s"}]},{"@type":"WebSite","@id":"https:\/\/lda.be\/fr\/#website","url":"https:\/\/lda.be\/fr\/","name":"LDA Belgium","description":"Solutions For Life","publisher":{"@id":"https:\/\/lda.be\/fr\/#organization"},"potentialAction":[{"@type":"SearchAction","target":{"@type":"EntryPoint","urlTemplate":"https:\/\/lda.be\/fr\/?s={search_term_string}"},"query-input":{"@type":"PropertyValueSpecification","valueRequired":true,"valueName":"search_term_string"}}],"inLanguage":"fr-FR"},{"@type":"Organization","@id":"https:\/\/lda.be\/fr\/#organization","name":"LDA Belgium","url":"https:\/\/lda.be\/fr\/","logo":{"@type":"ImageObject","inLanguage":"fr-FR","@id":"https:\/\/lda.be\/fr\/#\/schema\/logo\/image\/","url":"https:\/\/lda.be\/wp-content\/uploads\/2022\/07\/Logo-LDA.webp","contentUrl":"https:\/\/lda.be\/wp-content\/uploads\/2022\/07\/Logo-LDA.webp","width":311,"height":101,"caption":"LDA Belgium"},"image":{"@id":"https:\/\/lda.be\/fr\/#\/schema\/logo\/image\/"},"sameAs":["https:\/\/www.linkedin.com\/company\/lda-belgium-nv"]}]}},"_links":{"self":[{"href":"https:\/\/lda.be\/fr\/wp-json\/wp\/v2\/product\/16145","targetHints":{"allow":["GET"]}}],"collection":[{"href":"https:\/\/lda.be\/fr\/wp-json\/wp\/v2\/product"}],"about":[{"href":"https:\/\/lda.be\/fr\/wp-json\/wp\/v2\/types\/product"}],"replies":[{"embeddable":true,"href":"https:\/\/lda.be\/fr\/wp-json\/wp\/v2\/comments?post=16145"}],"wp:featuredmedia":[{"embeddable":true,"href":"https:\/\/lda.be\/fr\/wp-json\/wp\/v2\/media\/16138"}],"wp:attachment":[{"href":"https:\/\/lda.be\/fr\/wp-json\/wp\/v2\/media?parent=16145"}],"wp:term":[{"taxonomy":"product_brand","embeddable":true,"href":"https:\/\/lda.be\/fr\/wp-json\/wp\/v2\/product_brand?post=16145"},{"taxonomy":"product_cat","embeddable":true,"href":"https:\/\/lda.be\/fr\/wp-json\/wp\/v2\/product_cat?post=16145"},{"taxonomy":"product_tag","embeddable":true,"href":"https:\/\/lda.be\/fr\/wp-json\/wp\/v2\/product_tag?post=16145"}],"curies":[{"name":"wp","href":"https:\/\/api.w.org\/{rel}","templated":true}]}}