{"id":16157,"date":"2026-03-31T14:44:48","date_gmt":"2026-03-31T13:44:48","guid":{"rendered":"https:\/\/lda.be\/?post_type=product&#038;p=16157"},"modified":"2026-03-31T15:07:18","modified_gmt":"2026-03-31T14:07:18","slug":"serie-apvs06-vanne-a-2-voies-a-separation-des-fluides","status":"publish","type":"product","link":"https:\/\/lda.be\/fr\/produit\/serie-apvs06-vanne-a-2-voies-a-separation-des-fluides\/","title":{"rendered":"S\u00e9rie APVS06 vanne \u00e0 2 voies \u00e0 s\u00e9paration des fluides"},"content":{"rendered":"<p>La vanne \u00e0 2 voies \u00e0 commande pneumatique et \u00e0 s\u00e9paration des fluides de la s\u00e9rie APVS06 de Spartan Scientific est une vanne \u00e0 membrane \u00e0 simple effet, normalement ferm\u00e9e. Elle peut \u00e9galement fonctionner en double effet. Elle est con\u00e7ue pour contr\u00f4ler des produits chimiques liquides de haute puret\u00e9, agressifs et corrosifs.<\/p>\n<p>Cette vanne pr\u00e9sente une conception compacte et un faible encombrement. Elle offre \u00e9galement un faible volume mort. Le corps en composite et les \u00e9lastom\u00e8res (FKM, NBR, EPDM) assurent la compatibilit\u00e9 avec de nombreux fluides.<\/p>\n<p>L&#8217;orifice de 12,5 mm offre un coefficient de d\u00e9bit de 2,45 Cv. Ce chiffre est bien sup\u00e9rieur \u00e0 celui des vannes similaires. La vanne supporte des pressions de fluide allant du vide \u00e0 10 bars. Elle n\u00e9cessite une pression pilote minimale de 4,1 bars.<\/p>\n<p>En cas de d\u00e9faillance du gaz pilote, la vanne se ferme. En cas de coupure de courant mais avec un gaz pilote pr\u00e9sent, la vanne reste ouverte. Chaque vanne est test\u00e9e selon la norme ANSI FCI 70-2 Classe VI.<\/p>\n","protected":false},"excerpt":{"rendered":"<p>La vanne \u00e0 2 voies \u00e0 commande pneumatique et \u00e0 s\u00e9paration des fluides de la s\u00e9rie APVS06 de Spartan Scientific est une vanne \u00e0 membrane \u00e0 simple effet, normalement ferm\u00e9e. Elle peut \u00e9galement fonctionner en double effet. Elle est con\u00e7ue pour contr\u00f4ler des produits chimiques liquides de haute puret\u00e9, agressifs et corrosifs. Cette vanne pr\u00e9sente [&hellip;]<\/p>\n","protected":false},"featured_media":16154,"comment_status":"closed","ping_status":"closed","template":"","meta":[],"product_brand":[1911],"product_cat":[1561],"product_tag":[],"class_list":{"0":"post-16157","1":"product","2":"type-product","3":"status-publish","4":"has-post-thumbnail","6":"product_brand-spartan","7":"product_cat-vannes-a-liquide","9":"first","10":"instock","11":"shipping-taxable","12":"product-type-simple"},"yoast_head":"<!-- This site is optimized with the Yoast SEO plugin v27.3 - https:\/\/yoast.com\/product\/yoast-seo-wordpress\/ -->\n<title>S\u00e9rie APVS06 vanne \u00e0 2 voies \u00e0 s\u00e9paration des fluides - LDA Belgique<\/title>\n<meta name=\"description\" content=\"Spartan APVS06 : vanne \u00e0 pilotage pneumatique 2 voies pour liquides agressifs. Orifice 12,5 mm, 0\u201310 bar, pression pilote 4,1 bar, IP65.\" \/>\n<meta name=\"robots\" content=\"index, follow, max-snippet:-1, max-image-preview:large, max-video-preview:-1\" \/>\n<link rel=\"canonical\" href=\"https:\/\/lda.be\/fr\/produit\/serie-apvs06-vanne-a-2-voies-a-separation-des-fluides\/\" \/>\n<meta property=\"og:locale\" content=\"fr_FR\" \/>\n<meta property=\"og:type\" content=\"article\" \/>\n<meta property=\"og:title\" content=\"S\u00e9rie APVS06 vanne \u00e0 2 voies \u00e0 s\u00e9paration des fluides - LDA Belgique\" \/>\n<meta property=\"og:description\" content=\"Spartan APVS06 : vanne \u00e0 pilotage pneumatique 2 voies pour liquides agressifs. Orifice 12,5 mm, 0\u201310 bar, pression pilote 4,1 bar, IP65.\" \/>\n<meta property=\"og:url\" content=\"https:\/\/lda.be\/fr\/produit\/serie-apvs06-vanne-a-2-voies-a-separation-des-fluides\/\" \/>\n<meta property=\"og:site_name\" content=\"LDA Belgique\" \/>\n<meta property=\"article:modified_time\" content=\"2026-03-31T14:07:18+00:00\" \/>\n<meta property=\"og:image\" content=\"https:\/\/lda.be\/wp-content\/uploads\/2026\/03\/APVS06-vloeistof-gescheiden-ventiel.webp\" \/>\n\t<meta property=\"og:image:width\" content=\"1080\" \/>\n\t<meta property=\"og:image:height\" content=\"1080\" \/>\n\t<meta property=\"og:image:type\" content=\"image\/webp\" \/>\n<meta name=\"twitter:card\" content=\"summary_large_image\" \/>\n<meta name=\"twitter:label1\" content=\"Dur\u00e9e de lecture estim\u00e9e\" \/>\n\t<meta name=\"twitter:data1\" content=\"1 minute\" \/>\n<script type=\"application\/ld+json\" class=\"yoast-schema-graph\">{\"@context\":\"https:\\\/\\\/schema.org\",\"@graph\":[{\"@type\":\"WebPage\",\"@id\":\"https:\\\/\\\/lda.be\\\/fr\\\/produit\\\/serie-apvs06-vanne-a-2-voies-a-separation-des-fluides\\\/\",\"url\":\"https:\\\/\\\/lda.be\\\/fr\\\/produit\\\/serie-apvs06-vanne-a-2-voies-a-separation-des-fluides\\\/\",\"name\":\"S\u00e9rie APVS06 vanne \u00e0 2 voies \u00e0 s\u00e9paration des fluides - LDA Belgique\",\"isPartOf\":{\"@id\":\"https:\\\/\\\/lda.be\\\/fr\\\/#website\"},\"primaryImageOfPage\":{\"@id\":\"https:\\\/\\\/lda.be\\\/fr\\\/produit\\\/serie-apvs06-vanne-a-2-voies-a-separation-des-fluides\\\/#primaryimage\"},\"image\":{\"@id\":\"https:\\\/\\\/lda.be\\\/fr\\\/produit\\\/serie-apvs06-vanne-a-2-voies-a-separation-des-fluides\\\/#primaryimage\"},\"thumbnailUrl\":\"https:\\\/\\\/lda.be\\\/wp-content\\\/uploads\\\/2026\\\/03\\\/APVS06-vloeistof-gescheiden-ventiel.webp\",\"datePublished\":\"2026-03-31T13:44:48+00:00\",\"dateModified\":\"2026-03-31T14:07:18+00:00\",\"description\":\"Spartan APVS06 : vanne \u00e0 pilotage pneumatique 2 voies pour liquides agressifs. Orifice 12,5 mm, 0\u201310 bar, pression pilote 4,1 bar, IP65.\",\"breadcrumb\":{\"@id\":\"https:\\\/\\\/lda.be\\\/fr\\\/produit\\\/serie-apvs06-vanne-a-2-voies-a-separation-des-fluides\\\/#breadcrumb\"},\"inLanguage\":\"fr-FR\",\"potentialAction\":[{\"@type\":\"ReadAction\",\"target\":[\"https:\\\/\\\/lda.be\\\/fr\\\/produit\\\/serie-apvs06-vanne-a-2-voies-a-separation-des-fluides\\\/\"]}]},{\"@type\":\"ImageObject\",\"inLanguage\":\"fr-FR\",\"@id\":\"https:\\\/\\\/lda.be\\\/fr\\\/produit\\\/serie-apvs06-vanne-a-2-voies-a-separation-des-fluides\\\/#primaryimage\",\"url\":\"https:\\\/\\\/lda.be\\\/wp-content\\\/uploads\\\/2026\\\/03\\\/APVS06-vloeistof-gescheiden-ventiel.webp\",\"contentUrl\":\"https:\\\/\\\/lda.be\\\/wp-content\\\/uploads\\\/2026\\\/03\\\/APVS06-vloeistof-gescheiden-ventiel.webp\",\"width\":1080,\"height\":1080,\"caption\":\"APVS06 vloeistof gescheiden ventiel\"},{\"@type\":\"BreadcrumbList\",\"@id\":\"https:\\\/\\\/lda.be\\\/fr\\\/produit\\\/serie-apvs06-vanne-a-2-voies-a-separation-des-fluides\\\/#breadcrumb\",\"itemListElement\":[{\"@type\":\"ListItem\",\"position\":1,\"name\":\"Accueil\",\"item\":\"https:\\\/\\\/lda.be\\\/fr\\\/\"},{\"@type\":\"ListItem\",\"position\":2,\"name\":\"Produits\",\"item\":\"https:\\\/\\\/lda.be\\\/fr\\\/produits\\\/\"},{\"@type\":\"ListItem\",\"position\":3,\"name\":\"S\u00e9rie APVS06 vanne \u00e0 2 voies \u00e0 s\u00e9paration des fluides\"}]},{\"@type\":\"WebSite\",\"@id\":\"https:\\\/\\\/lda.be\\\/fr\\\/#website\",\"url\":\"https:\\\/\\\/lda.be\\\/fr\\\/\",\"name\":\"LDA Belgium\",\"description\":\"Solutions For Life\",\"publisher\":{\"@id\":\"https:\\\/\\\/lda.be\\\/fr\\\/#organization\"},\"potentialAction\":[{\"@type\":\"SearchAction\",\"target\":{\"@type\":\"EntryPoint\",\"urlTemplate\":\"https:\\\/\\\/lda.be\\\/fr\\\/?s={search_term_string}\"},\"query-input\":{\"@type\":\"PropertyValueSpecification\",\"valueRequired\":true,\"valueName\":\"search_term_string\"}}],\"inLanguage\":\"fr-FR\"},{\"@type\":\"Organization\",\"@id\":\"https:\\\/\\\/lda.be\\\/fr\\\/#organization\",\"name\":\"LDA Belgium\",\"url\":\"https:\\\/\\\/lda.be\\\/fr\\\/\",\"logo\":{\"@type\":\"ImageObject\",\"inLanguage\":\"fr-FR\",\"@id\":\"https:\\\/\\\/lda.be\\\/fr\\\/#\\\/schema\\\/logo\\\/image\\\/\",\"url\":\"https:\\\/\\\/lda.be\\\/wp-content\\\/uploads\\\/2022\\\/07\\\/Logo-LDA.webp\",\"contentUrl\":\"https:\\\/\\\/lda.be\\\/wp-content\\\/uploads\\\/2022\\\/07\\\/Logo-LDA.webp\",\"width\":311,\"height\":101,\"caption\":\"LDA Belgium\"},\"image\":{\"@id\":\"https:\\\/\\\/lda.be\\\/fr\\\/#\\\/schema\\\/logo\\\/image\\\/\"},\"sameAs\":[\"https:\\\/\\\/www.linkedin.com\\\/company\\\/lda-belgium-nv\"]}]}<\/script>\n<!-- \/ Yoast SEO plugin. -->","yoast_head_json":{"title":"S\u00e9rie APVS06 vanne \u00e0 2 voies \u00e0 s\u00e9paration des fluides - LDA Belgique","description":"Spartan APVS06 : vanne \u00e0 pilotage pneumatique 2 voies pour liquides agressifs. Orifice 12,5 mm, 0\u201310 bar, pression pilote 4,1 bar, IP65.","robots":{"index":"index","follow":"follow","max-snippet":"max-snippet:-1","max-image-preview":"max-image-preview:large","max-video-preview":"max-video-preview:-1"},"canonical":"https:\/\/lda.be\/fr\/produit\/serie-apvs06-vanne-a-2-voies-a-separation-des-fluides\/","og_locale":"fr_FR","og_type":"article","og_title":"S\u00e9rie APVS06 vanne \u00e0 2 voies \u00e0 s\u00e9paration des fluides - LDA Belgique","og_description":"Spartan APVS06 : vanne \u00e0 pilotage pneumatique 2 voies pour liquides agressifs. Orifice 12,5 mm, 0\u201310 bar, pression pilote 4,1 bar, IP65.","og_url":"https:\/\/lda.be\/fr\/produit\/serie-apvs06-vanne-a-2-voies-a-separation-des-fluides\/","og_site_name":"LDA Belgique","article_modified_time":"2026-03-31T14:07:18+00:00","og_image":[{"width":1080,"height":1080,"url":"https:\/\/lda.be\/wp-content\/uploads\/2026\/03\/APVS06-vloeistof-gescheiden-ventiel.webp","type":"image\/webp"}],"twitter_card":"summary_large_image","twitter_misc":{"Dur\u00e9e de lecture estim\u00e9e":"1 minute"},"schema":{"@context":"https:\/\/schema.org","@graph":[{"@type":"WebPage","@id":"https:\/\/lda.be\/fr\/produit\/serie-apvs06-vanne-a-2-voies-a-separation-des-fluides\/","url":"https:\/\/lda.be\/fr\/produit\/serie-apvs06-vanne-a-2-voies-a-separation-des-fluides\/","name":"S\u00e9rie APVS06 vanne \u00e0 2 voies \u00e0 s\u00e9paration des fluides - LDA Belgique","isPartOf":{"@id":"https:\/\/lda.be\/fr\/#website"},"primaryImageOfPage":{"@id":"https:\/\/lda.be\/fr\/produit\/serie-apvs06-vanne-a-2-voies-a-separation-des-fluides\/#primaryimage"},"image":{"@id":"https:\/\/lda.be\/fr\/produit\/serie-apvs06-vanne-a-2-voies-a-separation-des-fluides\/#primaryimage"},"thumbnailUrl":"https:\/\/lda.be\/wp-content\/uploads\/2026\/03\/APVS06-vloeistof-gescheiden-ventiel.webp","datePublished":"2026-03-31T13:44:48+00:00","dateModified":"2026-03-31T14:07:18+00:00","description":"Spartan APVS06 : vanne \u00e0 pilotage pneumatique 2 voies pour liquides agressifs. Orifice 12,5 mm, 0\u201310 bar, pression pilote 4,1 bar, IP65.","breadcrumb":{"@id":"https:\/\/lda.be\/fr\/produit\/serie-apvs06-vanne-a-2-voies-a-separation-des-fluides\/#breadcrumb"},"inLanguage":"fr-FR","potentialAction":[{"@type":"ReadAction","target":["https:\/\/lda.be\/fr\/produit\/serie-apvs06-vanne-a-2-voies-a-separation-des-fluides\/"]}]},{"@type":"ImageObject","inLanguage":"fr-FR","@id":"https:\/\/lda.be\/fr\/produit\/serie-apvs06-vanne-a-2-voies-a-separation-des-fluides\/#primaryimage","url":"https:\/\/lda.be\/wp-content\/uploads\/2026\/03\/APVS06-vloeistof-gescheiden-ventiel.webp","contentUrl":"https:\/\/lda.be\/wp-content\/uploads\/2026\/03\/APVS06-vloeistof-gescheiden-ventiel.webp","width":1080,"height":1080,"caption":"APVS06 vloeistof gescheiden ventiel"},{"@type":"BreadcrumbList","@id":"https:\/\/lda.be\/fr\/produit\/serie-apvs06-vanne-a-2-voies-a-separation-des-fluides\/#breadcrumb","itemListElement":[{"@type":"ListItem","position":1,"name":"Accueil","item":"https:\/\/lda.be\/fr\/"},{"@type":"ListItem","position":2,"name":"Produits","item":"https:\/\/lda.be\/fr\/produits\/"},{"@type":"ListItem","position":3,"name":"S\u00e9rie APVS06 vanne \u00e0 2 voies \u00e0 s\u00e9paration des fluides"}]},{"@type":"WebSite","@id":"https:\/\/lda.be\/fr\/#website","url":"https:\/\/lda.be\/fr\/","name":"LDA Belgium","description":"Solutions For Life","publisher":{"@id":"https:\/\/lda.be\/fr\/#organization"},"potentialAction":[{"@type":"SearchAction","target":{"@type":"EntryPoint","urlTemplate":"https:\/\/lda.be\/fr\/?s={search_term_string}"},"query-input":{"@type":"PropertyValueSpecification","valueRequired":true,"valueName":"search_term_string"}}],"inLanguage":"fr-FR"},{"@type":"Organization","@id":"https:\/\/lda.be\/fr\/#organization","name":"LDA Belgium","url":"https:\/\/lda.be\/fr\/","logo":{"@type":"ImageObject","inLanguage":"fr-FR","@id":"https:\/\/lda.be\/fr\/#\/schema\/logo\/image\/","url":"https:\/\/lda.be\/wp-content\/uploads\/2022\/07\/Logo-LDA.webp","contentUrl":"https:\/\/lda.be\/wp-content\/uploads\/2022\/07\/Logo-LDA.webp","width":311,"height":101,"caption":"LDA Belgium"},"image":{"@id":"https:\/\/lda.be\/fr\/#\/schema\/logo\/image\/"},"sameAs":["https:\/\/www.linkedin.com\/company\/lda-belgium-nv"]}]}},"_links":{"self":[{"href":"https:\/\/lda.be\/fr\/wp-json\/wp\/v2\/product\/16157","targetHints":{"allow":["GET"]}}],"collection":[{"href":"https:\/\/lda.be\/fr\/wp-json\/wp\/v2\/product"}],"about":[{"href":"https:\/\/lda.be\/fr\/wp-json\/wp\/v2\/types\/product"}],"replies":[{"embeddable":true,"href":"https:\/\/lda.be\/fr\/wp-json\/wp\/v2\/comments?post=16157"}],"wp:featuredmedia":[{"embeddable":true,"href":"https:\/\/lda.be\/fr\/wp-json\/wp\/v2\/media\/16154"}],"wp:attachment":[{"href":"https:\/\/lda.be\/fr\/wp-json\/wp\/v2\/media?parent=16157"}],"wp:term":[{"taxonomy":"product_brand","embeddable":true,"href":"https:\/\/lda.be\/fr\/wp-json\/wp\/v2\/product_brand?post=16157"},{"taxonomy":"product_cat","embeddable":true,"href":"https:\/\/lda.be\/fr\/wp-json\/wp\/v2\/product_cat?post=16157"},{"taxonomy":"product_tag","embeddable":true,"href":"https:\/\/lda.be\/fr\/wp-json\/wp\/v2\/product_tag?post=16157"}],"curies":[{"name":"wp","href":"https:\/\/api.w.org\/{rel}","templated":true}]}}